{"id":390480,"date":"2023-08-31T12:32:25","date_gmt":"2023-08-31T12:40:34","guid":{"rendered":"https:\/\/hurghadalovers.com\/shop\/unkategorisiert\/privat-sahl-hasheesh-taxi-transfers\/"},"modified":"2026-02-08T18:24:40","modified_gmt":"2026-02-08T18:24:40","slug":"privat-sahl-hasheesh-taxi-transfers","status":"publish","type":"product","link":"https:\/\/hurghadalovers.com\/de\/tours\/privat-sahl-hasheesh-taxi-transfers\/","title":{"rendered":"Privater Transfer von Sahl Hasheesh"},"content":{"rendered":"<p><strong>Privater Transfer von Sahl Hasheesh<\/strong> nach Luxor, Kairo | Buchung G\u00fcnstige Preise Tourist Service Transfer von Luxus-Minivan und Vip Car nach Marsa alam, EL Gouna, Soma Bay, Hurghada (HRG) Flughafen | Bargeld vor Ort.<\/p>\n<p style=\"text-align: center;\">\u00a0Entdecken Sie die Geheimnisse der <a href=\"https:\/\/hurghadalovers.com\/de\/pharaonen-koenige-aegypten\/\"><strong>Pharaonen<\/strong><\/a> im alten \u00c4gypten.<\/p>\n<p><strong>Einzelheiten:<\/strong><\/p>\n<ul>\n<li>Art der Tour: Luxus Privat mit Auto oder Minivan.<\/li>\n<li>Buchung Taxi Auto, Minivan, Verf\u00fcgbarkeit: Jeden Tag.<\/li>\n<li>F\u00fcr Rollstuhlfahrer zug\u00e4nglich.<\/li>\n<li>Abholzeit von Sahl Hasheesh nach Luxor: 05:00 Uhr morgens.<\/li>\n<li>Abholzeit von Sahl Hasheesh nach Kairo: 12:30 Uhr.<\/li>\n<li>Abholzeit von Sahl Hasheesh Hotels zum Flughafen Hurghada (HRG), Hurghada Marina: wie Sie m\u00f6chten.<\/li>\n<\/ul>\n<p><strong>Jetzt reservieren und sp\u00e4ter bezahlen:<\/strong><\/p>\n<ul>\n<li>Bargeld vor Ort zu f\u00fchren.<\/li>\n<li>Zahlung in \u00e4gyptischen Pfund, $, \u20ac oder \u00a3.<\/li>\n<\/ul>\n<p><strong>Stornierungsbedingungen:<\/strong><\/p>\n<ul>\n<li>Sie k\u00f6nnen bis zu 24 Stunden im Voraus stornieren.<\/li>\n<li>Wenn jemand aus Ihrer Familie den Vormittag absagt, zahlen Sie 50 % der Kosten.<\/li>\n<\/ul>\n<p><strong>Was ist inbegriffen?<\/strong><\/p>\n<ul>\n<li>Transfer von Sahl Hasheesh Hotels &#8220;Abholung vom Hotel und R\u00fccktransport&#8221;.<\/li>\n<li>Alle Steuern, Eintrittsgelder und Bearbeitungsgeb\u00fchren.<\/li>\n<li>\u00dcberweisungen.<\/li>\n<li>Die Getr\u00e4nke.<\/li>\n<\/ul>\n<p><strong>Ausnahmen?<\/strong><\/p>\n<ul>\n<li>Trinkgeld.<\/li>\n<\/ul>\n<p><strong>Privater Transfer <\/strong><strong>Sahl Hasheesh<\/strong> <strong>nach Luxor:<\/strong><\/p>\n<p>Preis Taxi\/ Auto &#8221; 3 Sitze&#8221; = 170$ Preis pro Privatwagen.<\/p>\n<p>Preis Minivan &#8220;8 Sitze&#8221; = 200$ Preis pro privaten Minivan\/Minibus.<\/p>\n<p>Entfernung zwischen Sahl Hasheesh und Luxor = 300 km<\/p>\n<p>Zeit zwischen Sahl Hasheesh und Luxor = 4 Std.<\/p>\n<p>Es gibt 2 Haltestellen &#8221; 20 min Pause, 20 touristische Kontrollpunkte in Safaga&#8221;.<\/p>\n<p>&nbsp;<\/p>\n<p><strong>Privater Transfer <\/strong><strong>Sahl Hasheesh<\/strong> <strong>nach Kairo, Gizeh Pyramiden:<\/strong><\/p>\n<p>Preis Taxi\/ Auto &#8221; 3 Sitze&#8221; = 180$ Preis pro Privatwagen.<\/p>\n<p>Preis Minivan &#8220;8 Sitze&#8221; = 220$ Preis pro privaten Minivan\/Minibus.<\/p>\n<p>Entfernung zwischen Sahl Hasheesh und Kairo = 380 km<\/p>\n<p>Zeit zwischen Sahl Hasheesh und Kairo = 7.30 Std.<\/p>\n<p>Dort 3 Stopps &#8221; 20 min Pause in Saffron Ras Ghareb, 15-30 min Touristenkontrollpunkt&#8221;<\/p>\n<p><strong>Privater Transfer <\/strong><strong>Sahl Hasheesh<\/strong> <strong>zum oder vom Flughafen Hurghada (HRG):<\/strong><\/p>\n<p>Preis Taxi\/ Auto &#8221; 3 &#8211; 6 Sitze&#8221; = 30$ Preis pro Privatwagen.<\/p>\n<p>Preis Minivan &#8220;12 Sitze&#8221; = 40$ Preis pro privatem Minivan\/Minibus.<\/p>\n<p>&nbsp;<\/p>\n<p><strong>Privater Transfer <\/strong><strong>Sahl Hasheesh<\/strong> <strong>nach Hurghada Yachthafen:<\/strong><\/p>\n<p>Preis Taxi\/ Auto &#8221; 3 &#8211; 6 Sitze&#8221; 4h = 45$ Preis pro Privatwagen.<\/p>\n<p>Preis Minivan &#8220;12 Sitze&#8221; 4h = 75$ Preis pro privaten Minivan\/Minibus.<\/p>\n<p>&nbsp;<\/p>\n<p><strong>Privater Transfer <\/strong><strong>Sahl Hasheesh<\/strong> <strong>nach El Gouna Hotels:<\/strong><\/p>\n<p>Preis Taxi\/ Auto &#8221; 3 &#8211; 6 Sitze&#8221; = 55$ Preis pro Privatwagen.<\/p>\n<p>Preis Minivan &#8220;12 Sitze&#8221; = 70$ Preis pro privaten Minivan\/Minibus.<\/p>\n<p>Entfernung zwischen Sahl Hasheesh und El Gouna = 70 km<\/p>\n<p>Zeit zwischen Sahl Hasheesh und El Gouna = 70 Minuten.<\/p>\n<p><strong>Private Transfers zum Flughafen Kairo<\/strong><\/p>\n<p>wenn Sie gehen Kairo Flughafen und brauchen Transfer zum Tourismus St\u00e4dte \u00c4gypten, kann f\u00fcr uns vertrauen, um Ihnen Luxus Private Cars Bus Limousine Service.<\/p>\n<p><strong>Taxi von <\/strong><strong>Sahl Hasheesh<\/strong> <strong>nach Marsa Alam<\/strong><\/p>\n<p>Wenn Sie am Flughafen Hurghada angekommen sind oder von Ihrem Standort aus die besten Autos oder einen Bus nach oder von Mars Alam brauchen, um Kairo oder Luxor zu besuchen, rufen Sie uns jetzt an<\/p>\n<p>1-3 Personen (Einzelwagen) = 90 $<\/p>\n<p>4-8 Personen (Kleinbus) = 120 $<\/p>\n<p><strong>Bewertungen:<\/strong><\/p>\n<p>\u00fcberpr\u00fcfen Sie unsere Google Map Bewertungen als bester <a href=\"https:\/\/g.page\/r\/CUeYvkngP3wkEBM\/review\">Reiseveranstalter in Hurghada<\/a> online in <a href=\"https:\/\/hurghadalovers.com\/\">Hurghada<\/a> \u00c4gypten.<\/p>\n<p><strong>Reservierung:<\/strong><\/p>\n<p>Senden Sie Hotel + Zimmernummer + Fotop\u00e4sse an WhatsApp: <strong>+201112596434<\/strong><\/p>\n<p>Wenn Sie aus \u00c4gypten Buchen Sie jetzt online und best\u00e4tigen Sie bei der Ankunft Hotel.<\/p>\n<p><span style=\"color: #ff6600;\">&#8212;&#8212;- | &#8212;&#8212;&#8212;&#8212;&#8212;&#8212; | &#8212;&#8212;&#8212;&#8212;-<\/span><\/p>\n<p>&nbsp;<\/p>\n<p>pr\u00fcfen <a href=\"https:\/\/hurghadalovers.com\/de\/tour-category\/kairo-tagesausfluege-von-sahl-hasheesh\/\"><strong>Kairo Tagesausfl\u00fcge von Sahl Hasheesh<\/strong><\/a> &#8211; <a href=\"https:\/\/hurghadalovers.com\/de\/tour-category\/sahl-hasheesh-ausfluege\/\"><strong>Sahl Hasheesh Ausfl\u00fcge<\/strong><\/a>:<\/p>\n<ul>\n<li><a href=\"https:\/\/hurghadalovers.com\/de\/tours\/sahl-hasheesh-zu-pyramiden-tagesausflug-mit-dem-bus\/\">Tagesausflug von Sahl Hasheesh zu den Pyramiden mit dem Bus<\/a><\/li>\n<li><a href=\"https:\/\/hurghadalovers.com\/de\/tours\/tagesausfluge-von-sahl-hasheesh-zu-pyramiden-mit-minivan-kleingruppe\/\">Tagesausflug Von Sahl Hasheesh Nach Kairo im Minivan<\/a><\/li>\n<li><a href=\"https:\/\/hurghadalovers.com\/de\/tours\/privat-tagesausflug-von-sahl-hasheesh-nach-kairo\/\">Privater Ausflug nach Kairo von Sahl Hasheesh<\/a><\/li>\n<li>Privater Transfer von Sahl Hasheesh<\/li>\n<li><a href=\"https:\/\/hurghadalovers.com\/de\/tours\/sahl-hasheesh-privat-kairo-alexandria-tour-2-tage\/\">Privater Kairo und Alexandria von Sahl Hasheesh<\/a> &#8211; 2 Tage<\/li>\n<li><a href=\"https:\/\/hurghadalovers.com\/de\/tours\/sahl-hasheesh-privater-tagesausflug-zum-sakkara-dahshur-memphis-agyptisches-museum\/\">Privater Tagesausflug Sahl Hasheesh Kairo<\/a> nach Sakkara Dahshur, Memphis, \u00c4gyptisches Museum<\/li>\n<li><a href=\"https:\/\/hurghadalovers.com\/de\/tours\/privat-makadi-bucht-ausfluge-zu-pyramiden-el-rifai-sultan-hassan-moschee\/\">Privater Sahl Hasheesh Pyramiden Ausflug<\/a> nach Pyramiden von Gizeh, El Rifai und der Sultan-Hassan-Moschee<\/li>\n<li><a href=\"https:\/\/hurghadalovers.com\/de\/tours\/privat-kairo-ubernachtungs-tour-von-sahl-hasheesh\/\">Privater Ausflug von Sahl Hasheesh nach Kairo<\/a> &#8211; 2 Tage<\/li>\n<li><a href=\"https:\/\/hurghadalovers.com\/de\/tours\/privat-sahl-hasheesh-zu-pyramiden-von-giza-saqqara-und-islamisches-kairo\/\">Privater Sahl Hasheesh Pyramiden Tour<\/a> nach Sakkara, Sphinx und zum islamischen Kairo<\/li>\n<li><a href=\"https:\/\/hurghadalovers.com\/de\/tours\/sahl-hasheesh-privat-tagesausflug-nach-islamischem-kairo\/\">Privater Ausflug nach islamische Kairo Von Sahl Hasheesh<\/a><\/li>\n<li><a href=\"https:\/\/hurghadalovers.com\/de\/tours\/sahl-hasheesh-privat-tagesausflug-nach-koop-kaio\/\">Privater Ausflug nach koptische Kairo Von Sahl Hasheesh<\/a><\/li>\n<li><a href=\"https:\/\/hurghadalovers.com\/de\/tours\/private-tagesreise-von-sahl-hasheesh-nach-kairo-luxor-2-tage\/\">Privater Ausflug von Sahl Hasheesh nach Luxor<\/a> und Kairo &#8211; 2 Tage<\/li>\n<li><a href=\"https:\/\/hurghadalovers.com\/de\/tours\/privat-kairo-tour-von-sahl-hasheesh-zur-besichtigung-der-giza-pyramiden-sphinx-saqqara-dahshur\/\">Privater Ausflug Pyramiden \u00c4gypten Sahl Hasheesh<\/a> nach Sphinx, Sakkara und Dahschur<\/li>\n<\/ul>\n<p>&nbsp;<\/p>\n","protected":false},"excerpt":{"rendered":"<p>Privater Transfer von Sahl Hasheesh nach Luxor, Kairo | Buchung G\u00fcnstige Preise Tourist Service Transfer von Luxus-Minivan und Vip Car nach Marsa alam, EL Gouna, Soma Bay, Hurghada (HRG) Flughafen | Bargeld vor Ort.<\/p>\n","protected":false},"featured_media":394089,"template":"","meta":{"_joinchat":[]},"product_brand":[],"product_cat":[29817],"product_tag":[53041,53022,53047,51883,52954,52958,53072,53011,53017,52970,53067,53057,53052,52950,53062,52974],"class_list":{"0":"post-390480","1":"product","2":"type-product","3":"status-publish","4":"has-post-thumbnail","6":"product_cat-touren","7":"product_tag-aktivitaten-fur-kleinkinder-aus-sahl-hasheesh","8":"product_tag-dinge-zu-tun-in-sahl-hasheesh-fur-paare","9":"product_tag-familienaktivitaten-von-sahl-hasheesh","10":"product_tag-kairo-private-touren","11":"product_tag-kairo-tagesausflug-von-sahl-hasheesh","12":"product_tag-pyramiden-von-sahl-hasheesh","13":"product_tag-romantische-dinge-zu-tun-in-sahl-hasheesh","14":"product_tag-romantische-unternehmungen-von-sahl-hasheesh-aus","15":"product_tag-sahl-hasheesh-aktivitaten-fur-paare","16":"product_tag-sahl-hasheesh-reise-nach-kairo","17":"product_tag-sahl-hasheesh-romantische-touren","18":"product_tag-sahl-hasheesh-tagestouren","19":"product_tag-sahl-hasheesh-was-zu-tun-ist","20":"product_tag-sahl-hasheesh-zu-den-pyramiden","21":"product_tag-sehenswertes-in-sahl-hasheesh","22":"product_tag-tagesausflug-von-sahl-hasheesh-zu-den-pyramiden","23":"tour_category-kairo-tagesausfluege-von-sahl-hasheesh","24":"tour_category-luxor-tagesausfluege-von-sahl-hasheesh","25":"tour_category-sahl-hasheesh-ausfluege","27":"first","28":"instock","29":"sale","30":"shipping-taxable","31":"purchasable","32":"product-type-tour"},"yoast_head":"<!-- This site is optimized with the Yoast SEO Premium plugin v26.9 (Yoast SEO v27.2) - https:\/\/yoast.com\/product\/yoast-seo-premium-wordpress\/ -->\n<title>Privater Transfer von Sahl Hasheesh nach Luxor, Kairo<\/title>\n<meta name=\"description\" content=\"Privater Transfer von Sahl Hasheesh nach Luxor, Kairo | Buchung G\u00fcnstige Preise Tourist Service Transfer von Luxus-Minivan und Vip Auto nach Marsa alam\" \/>\n<meta name=\"robots\" content=\"index, follow, max-snippet:-1, max-image-preview:large, max-video-preview:-1\" \/>\n<link rel=\"canonical\" href=\"https:\/\/hurghadalovers.com\/de\/tours\/privat-sahl-hasheesh-taxi-transfers\/\" \/>\n<meta property=\"og:locale\" content=\"de_DE\" \/>\n<meta property=\"og:type\" content=\"article\" \/>\n<meta property=\"og:title\" content=\"Privater Transfer von Sahl Hasheesh\" \/>\n<meta property=\"og:description\" content=\"Privater Transfer von Sahl Hasheesh nach Luxor, Kairo | Buchung G\u00fcnstige Preise Tourist Service Transfer von Luxus-Minivan und Vip Auto nach Marsa alam\" \/>\n<meta property=\"og:url\" content=\"https:\/\/hurghadalovers.com\/de\/tours\/privat-sahl-hasheesh-taxi-transfers\/\" \/>\n<meta property=\"og:site_name\" content=\"Hurghada Excursions &amp; Day Trips | Booking Best Prices Tours\" \/>\n<meta property=\"article:publisher\" content=\"https:\/\/www.facebook.com\/Hurghadaloversegypt\" \/>\n<meta property=\"article:modified_time\" content=\"2026-02-08T18:24:40+00:00\" \/>\n<meta property=\"og:image\" content=\"https:\/\/hurghadalovers.com\/wp-content\/uploads\/2023\/09\/Private-El-Gouna-Taxi-Transfers.jpeg\" \/>\n\t<meta property=\"og:image:width\" content=\"1536\" \/>\n\t<meta property=\"og:image:height\" content=\"1195\" \/>\n\t<meta property=\"og:image:type\" content=\"image\/jpeg\" \/>\n<meta name=\"twitter:card\" content=\"summary_large_image\" \/>\n<meta name=\"twitter:label1\" content=\"Price\" \/>\n\t<meta name=\"twitter:data1\" content=\"&euro;&nbsp;30\" \/>\n\t<meta name=\"twitter:label2\" content=\"Availability\" \/>\n\t<meta name=\"twitter:data2\" content=\"In stock\" \/>\n<script type=\"application\/ld+json\" class=\"yoast-schema-graph\">{\"@context\":\"https:\/\/schema.org\",\"@graph\":[{\"@type\":[\"WebPage\",\"ItemPage\"],\"@id\":\"https:\/\/hurghadalovers.com\/de\/tours\/privat-sahl-hasheesh-taxi-transfers\/\",\"url\":\"https:\/\/hurghadalovers.com\/de\/tours\/privat-sahl-hasheesh-taxi-transfers\/\",\"name\":\"Privater Transfer von Sahl Hasheesh nach Luxor, Kairo\",\"isPartOf\":{\"@id\":\"https:\/\/hurghadalovers.com\/de\/#website\"},\"primaryImageOfPage\":{\"@id\":\"https:\/\/hurghadalovers.com\/de\/tours\/privat-sahl-hasheesh-taxi-transfers\/#primaryimage\"},\"image\":{\"@id\":\"https:\/\/hurghadalovers.com\/de\/tours\/privat-sahl-hasheesh-taxi-transfers\/#primaryimage\"},\"thumbnailUrl\":\"https:\/\/hurghadalovers.com\/wp-content\/uploads\/2023\/09\/Private-El-Gouna-Taxi-Transfers.jpeg\",\"datePublished\":\"2023-08-31T12:40:34+00:00\",\"dateModified\":\"2026-02-08T18:24:40+00:00\",\"description\":\"Privater Transfer von Sahl Hasheesh nach Luxor, Kairo | Buchung G\u00fcnstige Preise Tourist Service Transfer von Luxus-Minivan und Vip Auto nach Marsa alam\",\"breadcrumb\":{\"@id\":\"https:\/\/hurghadalovers.com\/de\/tours\/privat-sahl-hasheesh-taxi-transfers\/#breadcrumb\"},\"inLanguage\":\"de-DE\",\"potentialAction\":[{\"@type\":\"ReadAction\",\"target\":[\"https:\/\/hurghadalovers.com\/de\/tours\/privat-sahl-hasheesh-taxi-transfers\/\"]}]},{\"@type\":\"ImageObject\",\"inLanguage\":\"de-DE\",\"@id\":\"https:\/\/hurghadalovers.com\/de\/tours\/privat-sahl-hasheesh-taxi-transfers\/#primaryimage\",\"url\":\"https:\/\/hurghadalovers.com\/wp-content\/uploads\/2023\/09\/Private-El-Gouna-Taxi-Transfers.jpeg\",\"contentUrl\":\"https:\/\/hurghadalovers.com\/wp-content\/uploads\/2023\/09\/Private-El-Gouna-Taxi-Transfers.jpeg\",\"width\":1536,\"height\":1195,\"caption\":\"Private El Gouna Taxi-Transfers\"},{\"@type\":\"BreadcrumbList\",\"@id\":\"https:\/\/hurghadalovers.com\/de\/tours\/privat-sahl-hasheesh-taxi-transfers\/#breadcrumb\",\"itemListElement\":[{\"@type\":\"ListItem\",\"position\":1,\"name\":\"Home\",\"item\":\"https:\/\/hurghadalovers.com\/de\/\"},{\"@type\":\"ListItem\",\"position\":2,\"name\":\"Shop\",\"item\":\"https:\/\/hurghadalovers.com\/shop\/\"},{\"@type\":\"ListItem\",\"position\":3,\"name\":\"Privater Transfer von Sahl Hasheesh\"}]},{\"@type\":\"WebSite\",\"@id\":\"https:\/\/hurghadalovers.com\/de\/#website\",\"url\":\"https:\/\/hurghadalovers.com\/de\/\",\"name\":\"Hurghada Excursions & Day Trips | Booking Best Prices Tours\",\"description\":\"Hurghada Lovers - Best Tour Operator - Excursions &amp; Things to do for Family Day Trips with kids and Couples Romantic. Unique .Hidden gems\",\"publisher\":{\"@id\":\"https:\/\/hurghadalovers.com\/de\/#organization\"},\"alternateName\":\"Hurghada Excursions\",\"potentialAction\":[{\"@type\":\"SearchAction\",\"target\":{\"@type\":\"EntryPoint\",\"urlTemplate\":\"https:\/\/hurghadalovers.com\/de\/?s={search_term_string}\"},\"query-input\":{\"@type\":\"PropertyValueSpecification\",\"valueRequired\":true,\"valueName\":\"search_term_string\"}}],\"inLanguage\":\"de-DE\"},{\"@type\":[\"Organization\",\"Place\",\"TravelAgency\"],\"@id\":\"https:\/\/hurghadalovers.com\/de\/#organization\",\"name\":\"Hurghada Excursions\",\"url\":\"https:\/\/hurghadalovers.com\/de\/\",\"logo\":{\"@id\":\"https:\/\/hurghadalovers.com\/de\/tours\/privat-sahl-hasheesh-taxi-transfers\/#local-main-organization-logo\"},\"image\":{\"@id\":\"https:\/\/hurghadalovers.com\/de\/tours\/privat-sahl-hasheesh-taxi-transfers\/#local-main-organization-logo\"},\"sameAs\":[\"https:\/\/www.facebook.com\/Hurghadaloversegypt\"],\"address\":{\"@id\":\"https:\/\/hurghadalovers.com\/de\/tours\/privat-sahl-hasheesh-taxi-transfers\/#local-main-place-address\"},\"telephone\":[\"00201112596434\"],\"contactPoint\":{\"@type\":\"ContactPoint\",\"telephone\":\"00201112596434\",\"email\":\"weyouface@gmail.com\"},\"openingHoursSpecification\":{\"@type\":\"OpeningHoursSpecification\",\"dayOfWeek\":[\"Monday\",\"Tuesday\",\"Wednesday\",\"Thursday\",\"Friday\",\"Saturday\",\"Sunday\"],\"opens\":\"00:00\",\"closes\":\"23:59\"},\"email\":\"weyouface@gmail.com\",\"areaServed\":\"Luxor, Hurghada, El Gouna, Aswan, Sharm El Sheikh, Giza, Alexandria, Marsa Alam, Quseir, Soma Bay, Sahl Hasheesh, Red Sea, Makadi Bay, Cairo\",\"priceRange\":\"$\",\"currenciesAccepted\":\"euro\",\"paymentAccepted\":\"cash on site\"},{\"@type\":\"PostalAddress\",\"@id\":\"https:\/\/hurghadalovers.com\/de\/tours\/privat-sahl-hasheesh-taxi-transfers\/#local-main-place-address\",\"streetAddress\":\"17 Banks street, Alkawther area, top nbk bank\",\"addressLocality\":\"hurghada\",\"postalCode\":\"84511\",\"addressRegion\":\"red sea\",\"addressCountry\":\"EG\"},{\"@type\":\"ImageObject\",\"inLanguage\":\"de-DE\",\"@id\":\"https:\/\/hurghadalovers.com\/de\/tours\/privat-sahl-hasheesh-taxi-transfers\/#local-main-organization-logo\",\"url\":\"https:\/\/hurghadalovers.com\/wp-content\/uploads\/2019\/10\/hurghada-excursions-logo.png\",\"contentUrl\":\"https:\/\/hurghadalovers.com\/wp-content\/uploads\/2019\/10\/hurghada-excursions-logo.png\",\"width\":272,\"height\":90,\"caption\":\"Hurghada Excursions\"}]}<\/script>\n<meta property=\"product:brand\" content=\"Kairo Tagesausfl\u00fcge von Sahl Hasheesh\" \/>\n<meta property=\"product:price:amount\" content=\"30\" \/>\n<meta property=\"product:price:currency\" content=\"EUR\" \/>\n<meta property=\"og:availability\" content=\"instock\" \/>\n<meta property=\"product:availability\" content=\"instock\" \/>\n<meta property=\"product:retailer_item_id\" content=\"Sahl072024\" \/>\n<meta property=\"product:condition\" content=\"new\" \/>\n<meta name=\"geo.placename\" content=\"hurghada\" \/>\n<meta name=\"geo.region\" content=\"Egypt\" \/>\n<!-- \/ Yoast SEO Premium plugin. -->","yoast_head_json":{"title":"Privater Transfer von Sahl Hasheesh nach Luxor, Kairo","description":"Privater Transfer von Sahl Hasheesh nach Luxor, Kairo | Buchung G\u00fcnstige Preise Tourist Service Transfer von Luxus-Minivan und Vip Auto nach Marsa alam","robots":{"index":"index","follow":"follow","max-snippet":"max-snippet:-1","max-image-preview":"max-image-preview:large","max-video-preview":"max-video-preview:-1"},"canonical":"https:\/\/hurghadalovers.com\/de\/tours\/privat-sahl-hasheesh-taxi-transfers\/","og_locale":"de_DE","og_type":"article","og_title":"Privater Transfer von Sahl Hasheesh","og_description":"Privater Transfer von Sahl Hasheesh nach Luxor, Kairo | Buchung G\u00fcnstige Preise Tourist Service Transfer von Luxus-Minivan und Vip Auto nach Marsa alam","og_url":"https:\/\/hurghadalovers.com\/de\/tours\/privat-sahl-hasheesh-taxi-transfers\/","og_site_name":"Hurghada Excursions &amp; Day Trips | Booking Best Prices Tours","article_publisher":"https:\/\/www.facebook.com\/Hurghadaloversegypt","article_modified_time":"2026-02-08T18:24:40+00:00","og_image":[{"width":1536,"height":1195,"url":"https:\/\/hurghadalovers.com\/wp-content\/uploads\/2023\/09\/Private-El-Gouna-Taxi-Transfers.jpeg","type":"image\/jpeg"}],"twitter_card":"summary_large_image","twitter_misc":{"Price":"&euro;&nbsp;30","Availability":"In stock"},"schema":{"@context":"https:\/\/schema.org","@graph":[{"@type":["WebPage","ItemPage"],"@id":"https:\/\/hurghadalovers.com\/de\/tours\/privat-sahl-hasheesh-taxi-transfers\/","url":"https:\/\/hurghadalovers.com\/de\/tours\/privat-sahl-hasheesh-taxi-transfers\/","name":"Privater Transfer von Sahl Hasheesh nach Luxor, Kairo","isPartOf":{"@id":"https:\/\/hurghadalovers.com\/de\/#website"},"primaryImageOfPage":{"@id":"https:\/\/hurghadalovers.com\/de\/tours\/privat-sahl-hasheesh-taxi-transfers\/#primaryimage"},"image":{"@id":"https:\/\/hurghadalovers.com\/de\/tours\/privat-sahl-hasheesh-taxi-transfers\/#primaryimage"},"thumbnailUrl":"https:\/\/hurghadalovers.com\/wp-content\/uploads\/2023\/09\/Private-El-Gouna-Taxi-Transfers.jpeg","datePublished":"2023-08-31T12:40:34+00:00","dateModified":"2026-02-08T18:24:40+00:00","description":"Privater Transfer von Sahl Hasheesh nach Luxor, Kairo | Buchung G\u00fcnstige Preise Tourist Service Transfer von Luxus-Minivan und Vip Auto nach Marsa alam","breadcrumb":{"@id":"https:\/\/hurghadalovers.com\/de\/tours\/privat-sahl-hasheesh-taxi-transfers\/#breadcrumb"},"inLanguage":"de-DE","potentialAction":[{"@type":"ReadAction","target":["https:\/\/hurghadalovers.com\/de\/tours\/privat-sahl-hasheesh-taxi-transfers\/"]}]},{"@type":"ImageObject","inLanguage":"de-DE","@id":"https:\/\/hurghadalovers.com\/de\/tours\/privat-sahl-hasheesh-taxi-transfers\/#primaryimage","url":"https:\/\/hurghadalovers.com\/wp-content\/uploads\/2023\/09\/Private-El-Gouna-Taxi-Transfers.jpeg","contentUrl":"https:\/\/hurghadalovers.com\/wp-content\/uploads\/2023\/09\/Private-El-Gouna-Taxi-Transfers.jpeg","width":1536,"height":1195,"caption":"Private El Gouna Taxi-Transfers"},{"@type":"BreadcrumbList","@id":"https:\/\/hurghadalovers.com\/de\/tours\/privat-sahl-hasheesh-taxi-transfers\/#breadcrumb","itemListElement":[{"@type":"ListItem","position":1,"name":"Home","item":"https:\/\/hurghadalovers.com\/de\/"},{"@type":"ListItem","position":2,"name":"Shop","item":"https:\/\/hurghadalovers.com\/shop\/"},{"@type":"ListItem","position":3,"name":"Privater Transfer von Sahl Hasheesh"}]},{"@type":"WebSite","@id":"https:\/\/hurghadalovers.com\/de\/#website","url":"https:\/\/hurghadalovers.com\/de\/","name":"Hurghada Excursions & Day Trips | Booking Best Prices Tours","description":"Hurghada Lovers - Best Tour Operator - Excursions &amp; Things to do for Family Day Trips with kids and Couples Romantic. Unique .Hidden gems","publisher":{"@id":"https:\/\/hurghadalovers.com\/de\/#organization"},"alternateName":"Hurghada Excursions","potentialAction":[{"@type":"SearchAction","target":{"@type":"EntryPoint","urlTemplate":"https:\/\/hurghadalovers.com\/de\/?s={search_term_string}"},"query-input":{"@type":"PropertyValueSpecification","valueRequired":true,"valueName":"search_term_string"}}],"inLanguage":"de-DE"},{"@type":["Organization","Place","TravelAgency"],"@id":"https:\/\/hurghadalovers.com\/de\/#organization","name":"Hurghada Excursions","url":"https:\/\/hurghadalovers.com\/de\/","logo":{"@id":"https:\/\/hurghadalovers.com\/de\/tours\/privat-sahl-hasheesh-taxi-transfers\/#local-main-organization-logo"},"image":{"@id":"https:\/\/hurghadalovers.com\/de\/tours\/privat-sahl-hasheesh-taxi-transfers\/#local-main-organization-logo"},"sameAs":["https:\/\/www.facebook.com\/Hurghadaloversegypt"],"address":{"@id":"https:\/\/hurghadalovers.com\/de\/tours\/privat-sahl-hasheesh-taxi-transfers\/#local-main-place-address"},"telephone":["00201112596434"],"contactPoint":{"@type":"ContactPoint","telephone":"00201112596434","email":"weyouface@gmail.com"},"openingHoursSpecification":{"@type":"OpeningHoursSpecification","dayOfWeek":["Monday","Tuesday","Wednesday","Thursday","Friday","Saturday","Sunday"],"opens":"00:00","closes":"23:59"},"email":"weyouface@gmail.com","areaServed":"Luxor, Hurghada, El Gouna, Aswan, Sharm El Sheikh, Giza, Alexandria, Marsa Alam, Quseir, Soma Bay, Sahl Hasheesh, Red Sea, Makadi Bay, Cairo","priceRange":"$","currenciesAccepted":"euro","paymentAccepted":"cash on site"},{"@type":"PostalAddress","@id":"https:\/\/hurghadalovers.com\/de\/tours\/privat-sahl-hasheesh-taxi-transfers\/#local-main-place-address","streetAddress":"17 Banks street, Alkawther area, top nbk bank","addressLocality":"hurghada","postalCode":"84511","addressRegion":"red sea","addressCountry":"EG"},{"@type":"ImageObject","inLanguage":"de-DE","@id":"https:\/\/hurghadalovers.com\/de\/tours\/privat-sahl-hasheesh-taxi-transfers\/#local-main-organization-logo","url":"https:\/\/hurghadalovers.com\/wp-content\/uploads\/2019\/10\/hurghada-excursions-logo.png","contentUrl":"https:\/\/hurghadalovers.com\/wp-content\/uploads\/2019\/10\/hurghada-excursions-logo.png","width":272,"height":90,"caption":"Hurghada Excursions"}]},"product_brand":"Kairo Tagesausfl\u00fcge von Sahl Hasheesh","product_price_amount":"30","product_price_currency":"EUR","og_availability":"instock","product_availability":"instock","product_retailer_item_id":"Sahl072024","product_condition":"new","geo.placename":"hurghada","geo.region":"Egypt"},"_links":{"self":[{"href":"https:\/\/hurghadalovers.com\/de\/wp-json\/wp\/v2\/product\/390480","targetHints":{"allow":["GET"]}}],"collection":[{"href":"https:\/\/hurghadalovers.com\/de\/wp-json\/wp\/v2\/product"}],"about":[{"href":"https:\/\/hurghadalovers.com\/de\/wp-json\/wp\/v2\/types\/product"}],"wp:featuredmedia":[{"embeddable":true,"href":"https:\/\/hurghadalovers.com\/de\/wp-json\/wp\/v2\/media\/394089"}],"wp:attachment":[{"href":"https:\/\/hurghadalovers.com\/de\/wp-json\/wp\/v2\/media?parent=390480"}],"wp:term":[{"taxonomy":"product_brand","embeddable":true,"href":"https:\/\/hurghadalovers.com\/de\/wp-json\/wp\/v2\/product_brand?post=390480"},{"taxonomy":"product_cat","embeddable":true,"href":"https:\/\/hurghadalovers.com\/de\/wp-json\/wp\/v2\/product_cat?post=390480"},{"taxonomy":"product_tag","embeddable":true,"href":"https:\/\/hurghadalovers.com\/de\/wp-json\/wp\/v2\/product_tag?post=390480"}],"curies":[{"name":"wp","href":"https:\/\/api.w.org\/{rel}","templated":true}]}}