{"id":390154,"date":"2023-08-31T11:34:21","date_gmt":"2023-08-31T11:36:57","guid":{"rendered":"https:\/\/hurghadalovers.com\/shop\/unkategorisiert\/private-kairo-uebernachtungstour-ab-sahl-hasheesh\/"},"modified":"2026-02-09T13:02:56","modified_gmt":"2026-02-09T13:02:56","slug":"privat-kairo-ubernachtungs-tour-von-sahl-hasheesh","status":"publish","type":"product","link":"https:\/\/hurghadalovers.com\/de\/tours\/privat-kairo-ubernachtungs-tour-von-sahl-hasheesh\/","title":{"rendered":"Privater Ausflug von Sahl Hasheesh nach Kairo &#8211; 2 Tage"},"content":{"rendered":"<p><strong>Privater Ausflug von Sahl Hasheesh nach Kairo<\/strong> &#8211; 2 Tage mit Auto, Minivan | Luxus Kairo Ganztagesausflug mit Hotel\u00fcbernachtung in Kairo.<\/p>\n<p style=\"text-align: center;\">\u00a0Entdecken Sie die Geheimnisse der <a href=\"https:\/\/hurghadalovers.com\/de\/pharaonen-koenige-aegypten\/\"><strong>Pharaonen<\/strong><\/a> im alten \u00c4gypten.<\/p>\n<p><strong>H\u00f6hepunkte:<\/strong><\/p>\n<ol>\n<li><a href=\"https:\/\/hurghadalovers.com\/de\/pyramiden-von-gizeh-kairo\/\">Pyramiden von Gizeh<\/a>.<\/li>\n<li><a href=\"https:\/\/hurghadalovers.com\/de\/grosse-sphinx-gizeh-kairo-aegypten\/\">Gro\u00dfe Sphinx<\/a>.<\/li>\n<li><a href=\"https:\/\/hurghadalovers.com\/de\/djoser-pyramide-sakkara-kairo-aegypten\/\">Djoser-Pyramide<\/a> Saqqara.<\/li>\n<li>\u00c4gyptisches Museum.<\/li>\n<li>Zitadelle von Kairo &#8220;Zitadelle von Saladin&#8221;<\/li>\n<li>Khan al Khalili-Basar.<\/li>\n<li>Mittagessen im Restaurant &#8220;Vegetarisches Essen ist m\u00f6glich&#8221;.<\/li>\n<\/ol>\n<p><strong>Privater Ausflug von Sahl Hasheesh nach Kairo<\/strong> <strong>Einzelheiten:<\/strong><\/p>\n<ul>\n<li>Verf\u00fcgbarkeit der Tour: Jeden Tag.<\/li>\n<li>Art der Tour: Privat mit Auto oder Minivan.<\/li>\n<li>Abholzeit: Ab 12:30 Uhr.<\/li>\n<li>Asking Hotel erhalten Sie Ihr Fr\u00fchst\u00fcck Tasche mit Ihnen Morgen.<\/li>\n<li>Abholzeit: 19:00 Uhr.<\/li>\n<li>F\u00fcr Rollstuhlfahrer zug\u00e4nglich.<\/li>\n<li>Dauer: 2 Tage \/ 1 Nacht.<\/li>\n<\/ul>\n<p><strong>Jetzt reservieren und sp\u00e4ter bezahlen:<\/strong><\/p>\n<ul>\n<li>Bargeld vor Ort zu f\u00fchren.<\/li>\n<li>Zahlung in \u00e4gyptischen Pfund, $, \u20ac oder \u00a3.<\/li>\n<\/ul>\n<p><strong>Stornierungsbedingungen:<\/strong><\/p>\n<ul>\n<li>Sie k\u00f6nnen bis zu 24 Stunden im Voraus stornieren.<\/li>\n<li>Wenn jemand aus Ihrer Familie den Vormittag absagt, zahlen Sie 50 % der Kosten.<\/li>\n<\/ul>\n<p><strong>Was ist inbegriffen?<\/strong><\/p>\n<ul>\n<li>Transfer von Sahl Hasheesh Hotels &#8220;Abholung vom Hotel und R\u00fccktransport&#8221;.<\/li>\n<li>Alle Steuern, Eintrittsgelder und Bearbeitungsgeb\u00fchren.<\/li>\n<li>\u00dcberweisungen.<\/li>\n<li>Reiseleiter.<\/li>\n<li>1 \u00dcbernachtung im Hotel mit einem Fr\u00fchst\u00fcck.<\/li>\n<li>Die Getr\u00e4nke.<\/li>\n<li>2 Mal Mittagessen im Restaurant.<\/li>\n<\/ul>\n<p><strong>Ausnahmen?<\/strong><\/p>\n<ul>\n<li>Trinkgeld.<\/li>\n<li>Feluccatour &#8220;Bootsfahrt&#8221; F\u00fcr 35 min= 10$.<\/li>\n<li>Alle nicht erw\u00e4hnten Extras.<\/li>\n<\/ul>\n<h4><strong>Preise:<\/strong><\/h4>\n<ul>\n<li><strong>Preis f\u00fcr Erwachsene = ab 260$ pro Person<\/strong>.<\/li>\n<li>Preis f\u00fcr Kinder &#8220;5-12\u2033= 50%.<\/li>\n<li>f\u00fcr Kinder &#8220;0-5\u2033= Kostenlos.<\/li>\n<\/ul>\n<p><strong>Bewertungen:<\/strong><\/p>\n<p>\u00fcberpr\u00fcfen Sie unsere Google Map Bewertungen als bester <a href=\"https:\/\/g.page\/r\/CUeYvkngP3wkEBM\/review\">Reiseveranstalter in Hurghada<\/a> online in <a href=\"https:\/\/hurghadalovers.com\/\">Hurghada<\/a> \u00c4gypten.<\/p>\n<p>&nbsp;<\/p>\n<p><strong>Reservierung:<\/strong><\/p>\n<p>Senden Sie Hotel + Zimmernummer + Fotop\u00e4sse an WhatsApp: <strong>+201112596434<\/strong><\/p>\n<p>Wenn Sie aus \u00c4gypten Buchen Sie jetzt online und best\u00e4tigen Sie bei der Ankunft Hotel.<\/p>\n<p><span style=\"color: #ff6600;\">&#8212;&#8212;- | &#8212;&#8212;&#8212;&#8212;&#8212;&#8212; | &#8212;&#8212;&#8212;&#8212;-<\/span><\/p>\n<p>Eine zweist\u00fcndige Tour zu den drei Pyramiden von Gizeh, beginnend mit der Pyramide von K\u00f6nig Khufu, dann der Pyramide von K\u00f6nig Khafre, dann der Pyramide von K\u00f6nig Mykerinos, lernen Sie das Geheimnis des Baus kennen, h\u00f6ren Sie sich die Erkl\u00e4rungen des F\u00fchrers an und gehen Sie dann los zur Sphinx, dann steht es Ihnen frei, die Gro\u00dfe Pyramide zu besteigen, oder Sie bitten den F\u00fchrer, die Pyramide zu betreten, und es fallen zus\u00e4tzliche Kosten an. F\u00fcr den Eintrittspreis, mit mehr Zeit zum Reiten auf Kamelen oder arabischen Pferden, machen Sie eine Tour rund um die Sphinx Pyramide und mehr Spannung.<\/p>\n<p>pr\u00fcfen <a href=\"https:\/\/hurghadalovers.com\/de\/tour-category\/kairo-tagesausfluege-von-sahl-hasheesh\/\"><strong>Kairo Tagesausfl\u00fcge von Sahl Hasheesh<\/strong><\/a> &#8211; <a href=\"https:\/\/hurghadalovers.com\/de\/tour-category\/sahl-hasheesh-ausfluege\/\"><strong>Sahl Hasheesh Ausfl\u00fcge<\/strong><\/a>:<\/p>\n<ul>\n<li><a href=\"https:\/\/hurghadalovers.com\/de\/tours\/sahl-hasheesh-zu-pyramiden-tagesausflug-mit-dem-bus\/\">Tagesausflug von Sahl Hasheesh zu den Pyramiden mit dem Bus<\/a><\/li>\n<li><a href=\"https:\/\/hurghadalovers.com\/de\/tours\/tagesausfluge-von-sahl-hasheesh-zu-pyramiden-mit-minivan-kleingruppe\/\">Tagesausflug Von Sahl Hasheesh Nach Kairo im Minivan<\/a><\/li>\n<li><a href=\"https:\/\/hurghadalovers.com\/de\/tours\/privat-sahl-hasheesh-taxi-transfers\/\">Privater Transfer von Sahl Hasheesh<\/a><\/li>\n<li><a href=\"https:\/\/hurghadalovers.com\/de\/tours\/sahl-hasheesh-privat-kairo-alexandria-tour-2-tage\/\">Privater Kairo und Alexandria von Sahl Hasheesh<\/a> &#8211; 2 Tage<\/li>\n<li><a href=\"https:\/\/hurghadalovers.com\/de\/tours\/sahl-hasheesh-privater-tagesausflug-zum-sakkara-dahshur-memphis-agyptisches-museum\/\">Privater Tagesausflug Sahl Hasheesh Kairo<\/a> nach Sakkara Dahshur, Memphis, \u00c4gyptisches Museum<\/li>\n<li><a href=\"https:\/\/hurghadalovers.com\/de\/tours\/privat-makadi-bucht-ausfluge-zu-pyramiden-el-rifai-sultan-hassan-moschee\/\">Privater Sahl Hasheesh Pyramiden Ausflug<\/a> nach Pyramiden von Gizeh, El Rifai und der Sultan-Hassan-Moschee<\/li>\n<li><a href=\"https:\/\/hurghadalovers.com\/de\/tours\/privat-sahl-hasheesh-zu-pyramiden-von-giza-saqqara-und-islamisches-kairo\/\">Privater Sahl Hasheesh Pyramiden Tour<\/a> nach Sakkara, Sphinx und zum islamischen Kairo<\/li>\n<li><a href=\"https:\/\/hurghadalovers.com\/de\/tours\/privat-kairo-tour-von-sahl-hasheesh-zur-besichtigung-der-giza-pyramiden-sphinx-saqqara-dahshur\/\">Privater Ausflug Pyramiden \u00c4gypten Sahl Hasheesh<\/a> nach Sphinx, Sakkara und Dahschur<\/li>\n<\/ul>\n<p>&nbsp;<\/p>\n","protected":false},"excerpt":{"rendered":"<p><strong>Privater Ausflug von Sahl Hasheesh nach Kairo<\/strong> mit Auto, Minivan | Luxus Kairo Ganztagesausflug mit Hotel\u00fcbernachtung in Kairo.<\/p>\n<p style=\"text-align: center;\"><span style=\"color: #808000;\"><strong>Entdecken Sie die Geheimnisse der alt\u00e4gyptischen Zivilisation<\/strong><\/span><\/p>\n<p>&nbsp;<\/p>\n","protected":false},"featured_media":393771,"template":"","meta":{"_joinchat":[]},"product_brand":[],"product_cat":[29817],"product_tag":[53080,53089,49617,51883,52954,49605,52958,49613,52970,52950,52974,49601,49609,53085],"class_list":{"0":"post-390154","1":"product","2":"type-product","3":"status-publish","4":"has-post-thumbnail","6":"product_cat-touren","7":"product_tag-aktivitaten-fur-teenager-aus-sahl-hasheesh","8":"product_tag-familienfreundliche-orte-von-sahl-hasheesh","9":"product_tag-indoor-aktivitaten-fur-paare-sahl-hasheesh","10":"product_tag-kairo-private-touren","11":"product_tag-kairo-tagesausflug-von-sahl-hasheesh","12":"product_tag-orte-zu-besuchen-in-sahl-hasheesh","13":"product_tag-pyramiden-von-sahl-hasheesh","14":"product_tag-romantische-aktivitaten-fur-paare-in-sahl-hasheesh","15":"product_tag-sahl-hasheesh-reise-nach-kairo","16":"product_tag-sahl-hasheesh-zu-den-pyramiden","17":"product_tag-tagesausflug-von-sahl-hasheesh-zu-den-pyramiden","18":"product_tag-tagesausfluge-von-sahl-hasheesh","19":"product_tag-tagestouren-von-sahl-hasheesh","20":"product_tag-unternehmungen-mit-der-familie-von-sahl-hasheesh-aus","21":"tour_category-kairo-tagesausfluege-von-sahl-hasheesh","22":"tour_category-sahl-hasheesh-ausfluege","24":"first","25":"instock","26":"sale","27":"shipping-taxable","28":"purchasable","29":"product-type-tour"},"yoast_head":"<!-- This site is optimized with the Yoast SEO Premium plugin v26.9 (Yoast SEO v27.2) - https:\/\/yoast.com\/product\/yoast-seo-premium-wordpress\/ -->\n<title>Privater Ausflug von Sahl Hasheesh nach Kairo<\/title>\n<meta name=\"description\" content=\"Privater Ausflug von Sahl Hasheesh nach Kairo mit Auto, Minivan | Luxus Kairo Ganztagesausflug mit Hotel\u00fcbernachtung in Kairo. Entdecken Sie die\" \/>\n<meta name=\"robots\" content=\"index, follow, max-snippet:-1, max-image-preview:large, max-video-preview:-1\" \/>\n<link rel=\"canonical\" href=\"https:\/\/hurghadalovers.com\/de\/tours\/privat-kairo-ubernachtungs-tour-von-sahl-hasheesh\/\" \/>\n<meta property=\"og:locale\" content=\"de_DE\" \/>\n<meta property=\"og:type\" content=\"article\" \/>\n<meta property=\"og:title\" content=\"Privater Ausflug von Sahl Hasheesh nach Kairo - 2 Tage\" \/>\n<meta property=\"og:description\" content=\"Privater Ausflug von Sahl Hasheesh nach Kairo mit Auto, Minivan | Luxus Kairo Ganztagesausflug mit Hotel\u00fcbernachtung in Kairo. Entdecken Sie die\" \/>\n<meta property=\"og:url\" content=\"https:\/\/hurghadalovers.com\/de\/tours\/privat-kairo-ubernachtungs-tour-von-sahl-hasheesh\/\" \/>\n<meta property=\"og:site_name\" content=\"Hurghada Excursions &amp; Day Trips | Booking Best Prices Tours\" \/>\n<meta property=\"article:publisher\" content=\"https:\/\/www.facebook.com\/Hurghadaloversegypt\" \/>\n<meta property=\"article:modified_time\" content=\"2026-02-09T13:02:56+00:00\" \/>\n<meta property=\"og:image\" content=\"https:\/\/hurghadalovers.com\/wp-content\/uploads\/2023\/09\/Private-Cairo-Overnight-Tour-from-El-Gouna.jpg\" \/>\n\t<meta property=\"og:image:width\" content=\"1555\" \/>\n\t<meta property=\"og:image:height\" content=\"1037\" \/>\n\t<meta property=\"og:image:type\" content=\"image\/jpeg\" \/>\n<meta name=\"twitter:card\" content=\"summary_large_image\" \/>\n<meta name=\"twitter:label1\" content=\"Price\" \/>\n\t<meta name=\"twitter:data1\" content=\"&euro;&nbsp;260\" \/>\n\t<meta name=\"twitter:label2\" content=\"Availability\" \/>\n\t<meta name=\"twitter:data2\" content=\"In stock\" \/>\n<script type=\"application\/ld+json\" class=\"yoast-schema-graph\">{\"@context\":\"https:\/\/schema.org\",\"@graph\":[{\"@type\":[\"WebPage\",\"ItemPage\"],\"@id\":\"https:\/\/hurghadalovers.com\/de\/tours\/privat-kairo-ubernachtungs-tour-von-sahl-hasheesh\/\",\"url\":\"https:\/\/hurghadalovers.com\/de\/tours\/privat-kairo-ubernachtungs-tour-von-sahl-hasheesh\/\",\"name\":\"Privater Ausflug von Sahl Hasheesh nach Kairo\",\"isPartOf\":{\"@id\":\"https:\/\/hurghadalovers.com\/de\/#website\"},\"primaryImageOfPage\":{\"@id\":\"https:\/\/hurghadalovers.com\/de\/tours\/privat-kairo-ubernachtungs-tour-von-sahl-hasheesh\/#primaryimage\"},\"image\":{\"@id\":\"https:\/\/hurghadalovers.com\/de\/tours\/privat-kairo-ubernachtungs-tour-von-sahl-hasheesh\/#primaryimage\"},\"thumbnailUrl\":\"https:\/\/hurghadalovers.com\/wp-content\/uploads\/2023\/09\/Private-Cairo-Overnight-Tour-from-El-Gouna.jpg\",\"datePublished\":\"2023-08-31T11:36:57+00:00\",\"dateModified\":\"2026-02-09T13:02:56+00:00\",\"description\":\"Privater Ausflug von Sahl Hasheesh nach Kairo mit Auto, Minivan | Luxus Kairo Ganztagesausflug mit Hotel\u00fcbernachtung in Kairo. Entdecken Sie die\",\"breadcrumb\":{\"@id\":\"https:\/\/hurghadalovers.com\/de\/tours\/privat-kairo-ubernachtungs-tour-von-sahl-hasheesh\/#breadcrumb\"},\"inLanguage\":\"de-DE\",\"potentialAction\":[{\"@type\":\"ReadAction\",\"target\":[\"https:\/\/hurghadalovers.com\/de\/tours\/privat-kairo-ubernachtungs-tour-von-sahl-hasheesh\/\"]}]},{\"@type\":\"ImageObject\",\"inLanguage\":\"de-DE\",\"@id\":\"https:\/\/hurghadalovers.com\/de\/tours\/privat-kairo-ubernachtungs-tour-von-sahl-hasheesh\/#primaryimage\",\"url\":\"https:\/\/hurghadalovers.com\/wp-content\/uploads\/2023\/09\/Private-Cairo-Overnight-Tour-from-El-Gouna.jpg\",\"contentUrl\":\"https:\/\/hurghadalovers.com\/wp-content\/uploads\/2023\/09\/Private-Cairo-Overnight-Tour-from-El-Gouna.jpg\",\"width\":1555,\"height\":1037,\"caption\":\"Private Kairo-\u00dcbernachtungstour ab El Gouna\"},{\"@type\":\"BreadcrumbList\",\"@id\":\"https:\/\/hurghadalovers.com\/de\/tours\/privat-kairo-ubernachtungs-tour-von-sahl-hasheesh\/#breadcrumb\",\"itemListElement\":[{\"@type\":\"ListItem\",\"position\":1,\"name\":\"Home\",\"item\":\"https:\/\/hurghadalovers.com\/de\/\"},{\"@type\":\"ListItem\",\"position\":2,\"name\":\"Shop\",\"item\":\"https:\/\/hurghadalovers.com\/shop\/\"},{\"@type\":\"ListItem\",\"position\":3,\"name\":\"Privater Ausflug von Sahl Hasheesh nach Kairo &#8211; 2 Tage\"}]},{\"@type\":\"WebSite\",\"@id\":\"https:\/\/hurghadalovers.com\/de\/#website\",\"url\":\"https:\/\/hurghadalovers.com\/de\/\",\"name\":\"Hurghada Excursions & Day Trips | Booking Best Prices Tours\",\"description\":\"Hurghada Lovers - Best Tour Operator - Excursions &amp; Things to do for Family Day Trips with kids and Couples Romantic. Unique .Hidden gems\",\"publisher\":{\"@id\":\"https:\/\/hurghadalovers.com\/de\/#organization\"},\"alternateName\":\"Hurghada Excursions\",\"potentialAction\":[{\"@type\":\"SearchAction\",\"target\":{\"@type\":\"EntryPoint\",\"urlTemplate\":\"https:\/\/hurghadalovers.com\/de\/?s={search_term_string}\"},\"query-input\":{\"@type\":\"PropertyValueSpecification\",\"valueRequired\":true,\"valueName\":\"search_term_string\"}}],\"inLanguage\":\"de-DE\"},{\"@type\":[\"Organization\",\"Place\",\"TravelAgency\"],\"@id\":\"https:\/\/hurghadalovers.com\/de\/#organization\",\"name\":\"Hurghada Excursions\",\"url\":\"https:\/\/hurghadalovers.com\/de\/\",\"logo\":{\"@id\":\"https:\/\/hurghadalovers.com\/de\/tours\/privat-kairo-ubernachtungs-tour-von-sahl-hasheesh\/#local-main-organization-logo\"},\"image\":{\"@id\":\"https:\/\/hurghadalovers.com\/de\/tours\/privat-kairo-ubernachtungs-tour-von-sahl-hasheesh\/#local-main-organization-logo\"},\"sameAs\":[\"https:\/\/www.facebook.com\/Hurghadaloversegypt\"],\"address\":{\"@id\":\"https:\/\/hurghadalovers.com\/de\/tours\/privat-kairo-ubernachtungs-tour-von-sahl-hasheesh\/#local-main-place-address\"},\"telephone\":[\"00201112596434\"],\"contactPoint\":{\"@type\":\"ContactPoint\",\"telephone\":\"00201112596434\",\"email\":\"weyouface@gmail.com\"},\"openingHoursSpecification\":{\"@type\":\"OpeningHoursSpecification\",\"dayOfWeek\":[\"Monday\",\"Tuesday\",\"Wednesday\",\"Thursday\",\"Friday\",\"Saturday\",\"Sunday\"],\"opens\":\"00:00\",\"closes\":\"23:59\"},\"email\":\"weyouface@gmail.com\",\"areaServed\":\"Luxor, Hurghada, El Gouna, Aswan, Sharm El Sheikh, Giza, Alexandria, Marsa Alam, Quseir, Soma Bay, Sahl Hasheesh, Red Sea, Makadi Bay, Cairo\",\"priceRange\":\"$\",\"currenciesAccepted\":\"euro\",\"paymentAccepted\":\"cash on site\"},{\"@type\":\"PostalAddress\",\"@id\":\"https:\/\/hurghadalovers.com\/de\/tours\/privat-kairo-ubernachtungs-tour-von-sahl-hasheesh\/#local-main-place-address\",\"streetAddress\":\"17 Banks street, Alkawther area, top nbk bank\",\"addressLocality\":\"hurghada\",\"postalCode\":\"84511\",\"addressRegion\":\"red sea\",\"addressCountry\":\"EG\"},{\"@type\":\"ImageObject\",\"inLanguage\":\"de-DE\",\"@id\":\"https:\/\/hurghadalovers.com\/de\/tours\/privat-kairo-ubernachtungs-tour-von-sahl-hasheesh\/#local-main-organization-logo\",\"url\":\"https:\/\/hurghadalovers.com\/wp-content\/uploads\/2019\/10\/hurghada-excursions-logo.png\",\"contentUrl\":\"https:\/\/hurghadalovers.com\/wp-content\/uploads\/2019\/10\/hurghada-excursions-logo.png\",\"width\":272,\"height\":90,\"caption\":\"Hurghada Excursions\"}]}<\/script>\n<meta property=\"product:brand\" content=\"Kairo Tagesausfl\u00fcge von Sahl Hasheesh\" \/>\n<meta property=\"product:price:amount\" content=\"260\" \/>\n<meta property=\"product:price:currency\" content=\"EUR\" \/>\n<meta property=\"og:availability\" content=\"instock\" \/>\n<meta property=\"product:availability\" content=\"instock\" \/>\n<meta property=\"product:retailer_item_id\" content=\"Sahl012024\" \/>\n<meta property=\"product:condition\" content=\"new\" \/>\n<meta name=\"geo.placename\" content=\"hurghada\" \/>\n<meta name=\"geo.region\" content=\"Egypt\" \/>\n<!-- \/ Yoast SEO Premium plugin. -->","yoast_head_json":{"title":"Privater Ausflug von Sahl Hasheesh nach Kairo","description":"Privater Ausflug von Sahl Hasheesh nach Kairo mit Auto, Minivan | Luxus Kairo Ganztagesausflug mit Hotel\u00fcbernachtung in Kairo. Entdecken Sie die","robots":{"index":"index","follow":"follow","max-snippet":"max-snippet:-1","max-image-preview":"max-image-preview:large","max-video-preview":"max-video-preview:-1"},"canonical":"https:\/\/hurghadalovers.com\/de\/tours\/privat-kairo-ubernachtungs-tour-von-sahl-hasheesh\/","og_locale":"de_DE","og_type":"article","og_title":"Privater Ausflug von Sahl Hasheesh nach Kairo - 2 Tage","og_description":"Privater Ausflug von Sahl Hasheesh nach Kairo mit Auto, Minivan | Luxus Kairo Ganztagesausflug mit Hotel\u00fcbernachtung in Kairo. Entdecken Sie die","og_url":"https:\/\/hurghadalovers.com\/de\/tours\/privat-kairo-ubernachtungs-tour-von-sahl-hasheesh\/","og_site_name":"Hurghada Excursions &amp; Day Trips | Booking Best Prices Tours","article_publisher":"https:\/\/www.facebook.com\/Hurghadaloversegypt","article_modified_time":"2026-02-09T13:02:56+00:00","og_image":[{"width":1555,"height":1037,"url":"https:\/\/hurghadalovers.com\/wp-content\/uploads\/2023\/09\/Private-Cairo-Overnight-Tour-from-El-Gouna.jpg","type":"image\/jpeg"}],"twitter_card":"summary_large_image","twitter_misc":{"Price":"&euro;&nbsp;260","Availability":"In stock"},"schema":{"@context":"https:\/\/schema.org","@graph":[{"@type":["WebPage","ItemPage"],"@id":"https:\/\/hurghadalovers.com\/de\/tours\/privat-kairo-ubernachtungs-tour-von-sahl-hasheesh\/","url":"https:\/\/hurghadalovers.com\/de\/tours\/privat-kairo-ubernachtungs-tour-von-sahl-hasheesh\/","name":"Privater Ausflug von Sahl Hasheesh nach Kairo","isPartOf":{"@id":"https:\/\/hurghadalovers.com\/de\/#website"},"primaryImageOfPage":{"@id":"https:\/\/hurghadalovers.com\/de\/tours\/privat-kairo-ubernachtungs-tour-von-sahl-hasheesh\/#primaryimage"},"image":{"@id":"https:\/\/hurghadalovers.com\/de\/tours\/privat-kairo-ubernachtungs-tour-von-sahl-hasheesh\/#primaryimage"},"thumbnailUrl":"https:\/\/hurghadalovers.com\/wp-content\/uploads\/2023\/09\/Private-Cairo-Overnight-Tour-from-El-Gouna.jpg","datePublished":"2023-08-31T11:36:57+00:00","dateModified":"2026-02-09T13:02:56+00:00","description":"Privater Ausflug von Sahl Hasheesh nach Kairo mit Auto, Minivan | Luxus Kairo Ganztagesausflug mit Hotel\u00fcbernachtung in Kairo. Entdecken Sie die","breadcrumb":{"@id":"https:\/\/hurghadalovers.com\/de\/tours\/privat-kairo-ubernachtungs-tour-von-sahl-hasheesh\/#breadcrumb"},"inLanguage":"de-DE","potentialAction":[{"@type":"ReadAction","target":["https:\/\/hurghadalovers.com\/de\/tours\/privat-kairo-ubernachtungs-tour-von-sahl-hasheesh\/"]}]},{"@type":"ImageObject","inLanguage":"de-DE","@id":"https:\/\/hurghadalovers.com\/de\/tours\/privat-kairo-ubernachtungs-tour-von-sahl-hasheesh\/#primaryimage","url":"https:\/\/hurghadalovers.com\/wp-content\/uploads\/2023\/09\/Private-Cairo-Overnight-Tour-from-El-Gouna.jpg","contentUrl":"https:\/\/hurghadalovers.com\/wp-content\/uploads\/2023\/09\/Private-Cairo-Overnight-Tour-from-El-Gouna.jpg","width":1555,"height":1037,"caption":"Private Kairo-\u00dcbernachtungstour ab El Gouna"},{"@type":"BreadcrumbList","@id":"https:\/\/hurghadalovers.com\/de\/tours\/privat-kairo-ubernachtungs-tour-von-sahl-hasheesh\/#breadcrumb","itemListElement":[{"@type":"ListItem","position":1,"name":"Home","item":"https:\/\/hurghadalovers.com\/de\/"},{"@type":"ListItem","position":2,"name":"Shop","item":"https:\/\/hurghadalovers.com\/shop\/"},{"@type":"ListItem","position":3,"name":"Privater Ausflug von Sahl Hasheesh nach Kairo &#8211; 2 Tage"}]},{"@type":"WebSite","@id":"https:\/\/hurghadalovers.com\/de\/#website","url":"https:\/\/hurghadalovers.com\/de\/","name":"Hurghada Excursions & Day Trips | Booking Best Prices Tours","description":"Hurghada Lovers - Best Tour Operator - Excursions &amp; Things to do for Family Day Trips with kids and Couples Romantic. Unique .Hidden gems","publisher":{"@id":"https:\/\/hurghadalovers.com\/de\/#organization"},"alternateName":"Hurghada Excursions","potentialAction":[{"@type":"SearchAction","target":{"@type":"EntryPoint","urlTemplate":"https:\/\/hurghadalovers.com\/de\/?s={search_term_string}"},"query-input":{"@type":"PropertyValueSpecification","valueRequired":true,"valueName":"search_term_string"}}],"inLanguage":"de-DE"},{"@type":["Organization","Place","TravelAgency"],"@id":"https:\/\/hurghadalovers.com\/de\/#organization","name":"Hurghada Excursions","url":"https:\/\/hurghadalovers.com\/de\/","logo":{"@id":"https:\/\/hurghadalovers.com\/de\/tours\/privat-kairo-ubernachtungs-tour-von-sahl-hasheesh\/#local-main-organization-logo"},"image":{"@id":"https:\/\/hurghadalovers.com\/de\/tours\/privat-kairo-ubernachtungs-tour-von-sahl-hasheesh\/#local-main-organization-logo"},"sameAs":["https:\/\/www.facebook.com\/Hurghadaloversegypt"],"address":{"@id":"https:\/\/hurghadalovers.com\/de\/tours\/privat-kairo-ubernachtungs-tour-von-sahl-hasheesh\/#local-main-place-address"},"telephone":["00201112596434"],"contactPoint":{"@type":"ContactPoint","telephone":"00201112596434","email":"weyouface@gmail.com"},"openingHoursSpecification":{"@type":"OpeningHoursSpecification","dayOfWeek":["Monday","Tuesday","Wednesday","Thursday","Friday","Saturday","Sunday"],"opens":"00:00","closes":"23:59"},"email":"weyouface@gmail.com","areaServed":"Luxor, Hurghada, El Gouna, Aswan, Sharm El Sheikh, Giza, Alexandria, Marsa Alam, Quseir, Soma Bay, Sahl Hasheesh, Red Sea, Makadi Bay, Cairo","priceRange":"$","currenciesAccepted":"euro","paymentAccepted":"cash on site"},{"@type":"PostalAddress","@id":"https:\/\/hurghadalovers.com\/de\/tours\/privat-kairo-ubernachtungs-tour-von-sahl-hasheesh\/#local-main-place-address","streetAddress":"17 Banks street, Alkawther area, top nbk bank","addressLocality":"hurghada","postalCode":"84511","addressRegion":"red sea","addressCountry":"EG"},{"@type":"ImageObject","inLanguage":"de-DE","@id":"https:\/\/hurghadalovers.com\/de\/tours\/privat-kairo-ubernachtungs-tour-von-sahl-hasheesh\/#local-main-organization-logo","url":"https:\/\/hurghadalovers.com\/wp-content\/uploads\/2019\/10\/hurghada-excursions-logo.png","contentUrl":"https:\/\/hurghadalovers.com\/wp-content\/uploads\/2019\/10\/hurghada-excursions-logo.png","width":272,"height":90,"caption":"Hurghada Excursions"}]},"product_brand":"Kairo Tagesausfl\u00fcge von Sahl Hasheesh","product_price_amount":"260","product_price_currency":"EUR","og_availability":"instock","product_availability":"instock","product_retailer_item_id":"Sahl012024","product_condition":"new","geo.placename":"hurghada","geo.region":"Egypt"},"_links":{"self":[{"href":"https:\/\/hurghadalovers.com\/de\/wp-json\/wp\/v2\/product\/390154","targetHints":{"allow":["GET"]}}],"collection":[{"href":"https:\/\/hurghadalovers.com\/de\/wp-json\/wp\/v2\/product"}],"about":[{"href":"https:\/\/hurghadalovers.com\/de\/wp-json\/wp\/v2\/types\/product"}],"wp:featuredmedia":[{"embeddable":true,"href":"https:\/\/hurghadalovers.com\/de\/wp-json\/wp\/v2\/media\/393771"}],"wp:attachment":[{"href":"https:\/\/hurghadalovers.com\/de\/wp-json\/wp\/v2\/media?parent=390154"}],"wp:term":[{"taxonomy":"product_brand","embeddable":true,"href":"https:\/\/hurghadalovers.com\/de\/wp-json\/wp\/v2\/product_brand?post=390154"},{"taxonomy":"product_cat","embeddable":true,"href":"https:\/\/hurghadalovers.com\/de\/wp-json\/wp\/v2\/product_cat?post=390154"},{"taxonomy":"product_tag","embeddable":true,"href":"https:\/\/hurghadalovers.com\/de\/wp-json\/wp\/v2\/product_tag?post=390154"}],"curies":[{"name":"wp","href":"https:\/\/api.w.org\/{rel}","templated":true}]}}