{"id":389231,"date":"2023-08-30T14:00:11","date_gmt":"2023-08-30T14:00:11","guid":{"rendered":"https:\/\/hurghadalovers.com\/shop\/unkategorisiert\/parasailing-makadi-bay\/"},"modified":"2026-02-08T06:44:16","modified_gmt":"2026-02-08T06:44:16","slug":"parasailing-ausflug-ab-makadi-bay","status":"publish","type":"product","link":"https:\/\/hurghadalovers.com\/de\/tours\/parasailing-ausflug-ab-makadi-bay\/","title":{"rendered":"Parasailing-Tour ab Makadi Bay"},"content":{"rendered":"<p><strong>Parasailing-Tour ab Makadi Bay<\/strong> | Fallschirm-Abenteuerausflug am Nachmittag | Buchen Sie g\u00fcnstige Preise f\u00fcr Adrenalin- und (Gleitschirmfliegen) Paragliding-Aktivit\u00e4ten mit Transfer.<\/p>\n<p style=\"text-align: center;\"><span style=\"color: #008080;\">Beste <strong>Adrenalin-Aktivit\u00e4ten<\/strong> &amp; <strong>Abenteuerreise<\/strong> am Nachmittag<\/span><\/p>\n<p style=\"text-align: center;\"><span style=\"color: #008080;\">Beste Spa\u00dftouren f\u00fcr <strong>Familien mit Kindern<\/strong><\/span><\/p>\n<p style=\"text-align: center;\"><span style=\"color: #008080;\">Die besten Aktivit\u00e4ten in Makadi Bay f\u00fcr <strong>Romantiker und Paare<\/strong> in den Flitterwochen.<\/span><\/p>\n<p><strong>H\u00f6hepunkte:<\/strong><\/p>\n<ul>\n<li>Parasailing &amp; Fallschirm.<\/li>\n<li>Schnellboot.<\/li>\n<li>Privater Transfer.<\/li>\n<\/ul>\n<p><strong>Parasailing-Tour ab Makadi Bay<\/strong> <strong>Einzelheiten:<\/strong><\/p>\n<ul>\n<li>Verf\u00fcgbarkeit der Tour: Jeden Tag.<\/li>\n<li>Tour-Typ: Gruppe.<\/li>\n<li>Abholzeit: ab 10:00 Uhr, wie Sie gebucht haben.<\/li>\n<li>Abholzeit: wie Sie wollen.<\/li>\n<li>Dauer: 5-7 Min. Mit dem Fallschirm in den Himmel fliegen.<\/li>\n<\/ul>\n<p><strong>Jetzt reservieren und sp\u00e4ter bezahlen:<\/strong><\/p>\n<ul>\n<li>Bargeld vor Ort zu f\u00fchren.<\/li>\n<li>Zahlung in \u00e4gyptischen Pfund, $, \u20ac oder \u00a3.<\/li>\n<\/ul>\n<p><strong>Stornierungsbedingungen:<\/strong><\/p>\n<ul>\n<li>Sie k\u00f6nnen bis zu 24 Stunden im Voraus stornieren.<\/li>\n<li>Wenn jemand aus Ihrer Familie den Vormittag absagt, zahlen Sie 50 % der Kosten.<\/li>\n<\/ul>\n<p><strong>Was ist inbegriffen?<\/strong><\/p>\n<ul>\n<li>Transfer von Makadi Bay Hotels &#8220;Hotel abholen und zur\u00fcckbringen&#8221;.<\/li>\n<li>Alle Steuern, Eintrittsgelder und Bearbeitungsgeb\u00fchren.<\/li>\n<li>Fallschirm reiten.<\/li>\n<li>Mineralwasser.<\/li>\n<li>Schwimmwesten.<\/li>\n<\/ul>\n<p><strong>Ausnahmen?<\/strong><\/p>\n<ul>\n<li>Trinkgeld.<\/li>\n<li>Fotografie &amp; Fotos f\u00fcr die Reise.<\/li>\n<li>Alle nicht erw\u00e4hnten Extras.<\/li>\n<\/ul>\n<p><strong>Preise:<\/strong><\/p>\n<p><strong>Preis = 30$ pro Person mit Transfer<\/strong>.<\/p>\n<p><strong>Bewertungen:<\/strong><\/p>\n<p>\u00fcberpr\u00fcfen Sie unsere Google Map Bewertungen als bester <a href=\"https:\/\/g.page\/r\/CUeYvkngP3wkEBM\/review\">Reiseveranstalter in Hurghada<\/a> online in <a href=\"https:\/\/hurghadalovers.com\/\">Hurghada<\/a> \u00c4gypten.<\/p>\n<p>&nbsp;<\/p>\n<p><strong>Reservierung:<\/strong><\/p>\n<p>Senden Sie Hotel + Zimmernummer + Fotop\u00e4sse an WhatsApp: <strong>+201112596434<\/strong><\/p>\n<p>Wenn Sie aus \u00c4gypten Buchen Sie jetzt online und best\u00e4tigen Sie bei der Ankunft Hotel.<\/p>\n<p><span style=\"color: #00ccff;\">\u00a0\u2014\u2014\u2014\u2013 | \u2014\u2014\u2014\u2014\u2013 | \u2014\u2014\u2014\u2014\u2014-<\/span><\/p>\n<p><strong>\u00dcberblick \u00fcber unseren Ausflug<\/strong><\/p>\n<p><strong>Fallschirm-Abenteuer: Ein einzigartiges und aufregendes Erlebnis in Hurghada<\/strong><\/p>\n<ul>\n<li>Suchen Sie nach einer aufregenden und abenteuerlichen Aktivit\u00e4t, um sich von der Monotonie des Faulenzens am Strand in Makadie Bay zu befreien?<\/li>\n<\/ul>\n<p>Suchen Sie nicht weiter! Begleiten Sie uns auf einer 7-10-min\u00fctigen Reise in den Himmel, um die atemberaubende Aussicht auf Hurghadas Hotels und Stra\u00dfen sowie die ber\u00fchmten Giftun- und Hurghada-Inseln aus der Vogelperspektive zu erleben.<\/p>\n<p>Unsere Fallschirm-Reitaktivit\u00e4t ist perfekt f\u00fcr junge Paare, abenteuerlustige Erwachsene und sogar Kinder bis 5 Jahre. Wir bieten einen privaten Autotransfer von Ihrem Hotel in Makadi Bay zum neuen Yachthafen von Hurghada, wo Sie Ihren Fallschirmflug beginnen. W\u00e4hrend der gesamten Reise sorgen wir f\u00fcr Ihre Sicherheit.<\/p>\n<p>Eines der markantesten Merkmale unserer Fallschirmtour ab Makadi Bay ist, dass Sie die M\u00f6glichkeit haben, 20 Minuten lang zu sitzen und zu gehen, um die luxuri\u00f6sen Marineyachten, Segelboote und Restaurants zu sehen, nachdem Sie Ihren Fallschirmflug im Wasser beendet haben. Wir bieten Ihnen auch die M\u00f6glichkeit, anzuhalten und Fotos von den wichtigsten Touristenattraktionen und Stra\u00dfen in der Stadt Hurghada zu machen.<\/p>\n<p>Verpassen Sie nicht die Chance, sich mit uns auf dieses unvergessliche Abenteuer einzulassen!<\/p>\n<p><span style=\"color: #00ccff;\">\u00a0\u2014\u2014\u2014\u2013 | \u2014\u2014\u2014\u2014\u2013 | \u2014\u2014\u2014\u2014\u2014-<\/span><\/p>\n<p><strong>Programmdetails:<\/strong><\/p>\n<p>W\u00e4hlen Sie eine geeignete Zeit f\u00fcr Ihr Abenteuer, jederzeit von morgens bis 03:00 Uhr abends.<\/p>\n<p><strong>Unser Team holt Sie von Ihrem Makadi Bay Hotel um 09:00 Uhr ab.<\/strong><\/p>\n<ul>\n<li>Die Entfernung zwischen Ihrem Hotel in Makadi Bay und dem Jachthafen von Hurghada betr\u00e4gt etwa 45 Minuten.<\/li>\n<\/ul>\n<p><strong>Die Parachute Riding-Aktivit\u00e4t beginnt Um 10:00 Uhr.<\/strong><\/p>\n<ul>\n<li>Zu den Optionen f\u00fcr das Fallschirmspringen geh\u00f6ren Einzel-, Doppel- und Dreifachfl\u00fcge.<\/li>\n<li>Unser Guide gibt Ihnen Anweisungen zum sicheren Fliegen mit dem Fallschirm und hilft Ihnen beim Anlegen der Schwimmweste und der Installation der Flugausr\u00fcstung.<\/li>\n<li>Halten Sie Ihr Erlebnis mit Fotos fest, die Sie von Ihrem Mobiltelefon oder mit Hilfe eines Fotografen auf dem Boot aufgenommen haben.<\/li>\n<\/ul>\n<p>&nbsp;<\/p>\n<p><strong>R\u00fcckkehr zum Makadi Bay Hotel um 10:30 Uhr<\/strong><\/p>\n<p><span style=\"color: #00ccff;\">\u00a0\u2014\u2014\u2014\u2013 | \u2014\u2014\u2014\u2014\u2013 | \u2014\u2014\u2014\u2014\u2014-<\/span><\/p>\n<p><strong>Parasailing-Tour ab Makadi Bay<\/strong><\/p>\n<p>Parasailing vs. Paragleiten: Die Unterschiede verstehen Hier sind einige h\u00e4ufig gestellte Fragen und Antworten, die Ihnen helfen sollen, diese beiden aufregenden Sportarten besser zu verstehen:<\/p>\n<p><strong>Was ist der Unterschied zwischen Gleitschirmfliegen und Parasailing?<\/strong><\/p>\n<p>Beim Gleitschirmfliegen wird ein leichtes, frei fliegendes Segelflugzeug ohne Motor geflogen, das nur Windstr\u00f6mungen und Thermik nutzt. Im Gegensatz dazu wird beim Parasailing hinter einem Boot geschleppt, w\u00e4hrend es an einem Fallschirm-\u00e4hnlichen Baldachin befestigt ist.<\/p>\n<p>Pr\u00fcfen\u00a0<a href=\"https:\/\/hurghadalovers.com\/de\/tour-category\/makadi-bay-ausfluege\/\"><strong>Makadi bay Ausfl\u00fcge<\/strong><\/a> \u2013 <a href=\"https:\/\/hurghadalovers.com\/de\/tour-category\/makadi-bay-aktivitaeten\/\"><strong>Makadi bay Aktivit\u00e4ten<\/strong><\/a>:<\/p>\n<p>&nbsp;<\/p>\n<p>&nbsp;<\/p>\n","protected":false},"excerpt":{"rendered":"<p>Parasailing-Tour ab Makadi Bay | Fallschirm-Abenteuerausflug am Nachmittag | Buchen Sie g\u00fcnstige Preise f\u00fcr Adrenalin- und (Gleitschirmfliegen) Paragliding-Aktivit\u00e4ten mit Transfer.<\/p>\n","protected":false},"featured_media":396407,"template":"","meta":{"_joinchat":[]},"product_brand":[],"product_cat":[29817],"product_tag":[52037],"class_list":{"0":"post-389231","1":"product","2":"type-product","3":"status-publish","4":"has-post-thumbnail","6":"product_cat-touren","7":"product_tag-makadi-bay-surfen","8":"tour_category-makadi-bay-aktivitaeten","9":"tour_category-makadi-bay-ausfluege","11":"first","12":"instock","13":"sale","14":"shipping-taxable","15":"purchasable","16":"product-type-tour"},"yoast_head":"<!-- This site is optimized with the Yoast SEO Premium plugin v26.9 (Yoast SEO v27.2) - https:\/\/yoast.com\/product\/yoast-seo-premium-wordpress\/ -->\n<title>Parasailing-Tour ab Makadi Bay | Fallschirm-Abenteuerausflug<\/title>\n<meta name=\"description\" content=\"Parasailing-Tour ab Makadi Bay | Fallschirm-Abenteuerausflug am Nachmittag | Buchen Sie g\u00fcnstige Preise f\u00fcr Adrenalin- und (Gleitschirmfliegen)\" \/>\n<meta name=\"robots\" content=\"index, follow, max-snippet:-1, max-image-preview:large, max-video-preview:-1\" \/>\n<link rel=\"canonical\" href=\"https:\/\/hurghadalovers.com\/de\/tours\/parasailing-ausflug-ab-makadi-bay\/\" \/>\n<meta property=\"og:locale\" content=\"de_DE\" \/>\n<meta property=\"og:type\" content=\"article\" \/>\n<meta property=\"og:title\" content=\"Parasailing-Tour ab Makadi Bay\" \/>\n<meta property=\"og:description\" content=\"Parasailing-Tour ab Makadi Bay | Fallschirm-Abenteuerausflug am Nachmittag | Buchen Sie g\u00fcnstige Preise f\u00fcr Adrenalin- und (Gleitschirmfliegen)\" \/>\n<meta property=\"og:url\" content=\"https:\/\/hurghadalovers.com\/de\/tours\/parasailing-ausflug-ab-makadi-bay\/\" \/>\n<meta property=\"og:site_name\" content=\"Hurghada Excursions &amp; Day Trips | Booking Best Prices Tours\" \/>\n<meta property=\"article:publisher\" content=\"https:\/\/www.facebook.com\/Hurghadaloversegypt\" \/>\n<meta property=\"article:modified_time\" content=\"2026-02-08T06:44:16+00:00\" \/>\n<meta property=\"og:image\" content=\"https:\/\/hurghadalovers.com\/wp-content\/uploads\/2023\/09\/Parasailing-El-Gouna.jpeg\" \/>\n\t<meta property=\"og:image:width\" content=\"1536\" \/>\n\t<meta property=\"og:image:height\" content=\"1018\" \/>\n\t<meta property=\"og:image:type\" content=\"image\/jpeg\" \/>\n<meta name=\"twitter:card\" content=\"summary_large_image\" \/>\n<meta name=\"twitter:label1\" content=\"Price\" \/>\n\t<meta name=\"twitter:data1\" content=\"&euro;&nbsp;35\" \/>\n\t<meta name=\"twitter:label2\" content=\"Availability\" \/>\n\t<meta name=\"twitter:data2\" content=\"In stock\" \/>\n<script type=\"application\/ld+json\" class=\"yoast-schema-graph\">{\"@context\":\"https:\/\/schema.org\",\"@graph\":[{\"@type\":[\"WebPage\",\"ItemPage\"],\"@id\":\"https:\/\/hurghadalovers.com\/de\/tours\/parasailing-ausflug-ab-makadi-bay\/\",\"url\":\"https:\/\/hurghadalovers.com\/de\/tours\/parasailing-ausflug-ab-makadi-bay\/\",\"name\":\"Parasailing-Tour ab Makadi Bay | Fallschirm-Abenteuerausflug\",\"isPartOf\":{\"@id\":\"https:\/\/hurghadalovers.com\/de\/#website\"},\"primaryImageOfPage\":{\"@id\":\"https:\/\/hurghadalovers.com\/de\/tours\/parasailing-ausflug-ab-makadi-bay\/#primaryimage\"},\"image\":{\"@id\":\"https:\/\/hurghadalovers.com\/de\/tours\/parasailing-ausflug-ab-makadi-bay\/#primaryimage\"},\"thumbnailUrl\":\"https:\/\/hurghadalovers.com\/wp-content\/uploads\/2023\/09\/Parasailing-El-Gouna.jpeg\",\"datePublished\":\"2023-08-30T14:00:11+00:00\",\"dateModified\":\"2026-02-08T06:44:16+00:00\",\"description\":\"Parasailing-Tour ab Makadi Bay | Fallschirm-Abenteuerausflug am Nachmittag | Buchen Sie g\u00fcnstige Preise f\u00fcr Adrenalin- und (Gleitschirmfliegen)\",\"breadcrumb\":{\"@id\":\"https:\/\/hurghadalovers.com\/de\/tours\/parasailing-ausflug-ab-makadi-bay\/#breadcrumb\"},\"inLanguage\":\"de-DE\",\"potentialAction\":[{\"@type\":\"ReadAction\",\"target\":[\"https:\/\/hurghadalovers.com\/de\/tours\/parasailing-ausflug-ab-makadi-bay\/\"]}]},{\"@type\":\"ImageObject\",\"inLanguage\":\"de-DE\",\"@id\":\"https:\/\/hurghadalovers.com\/de\/tours\/parasailing-ausflug-ab-makadi-bay\/#primaryimage\",\"url\":\"https:\/\/hurghadalovers.com\/wp-content\/uploads\/2023\/09\/Parasailing-El-Gouna.jpeg\",\"contentUrl\":\"https:\/\/hurghadalovers.com\/wp-content\/uploads\/2023\/09\/Parasailing-El-Gouna.jpeg\",\"width\":1536,\"height\":1018,\"caption\":\"Parasailing\u00a0El Gouna\"},{\"@type\":\"BreadcrumbList\",\"@id\":\"https:\/\/hurghadalovers.com\/de\/tours\/parasailing-ausflug-ab-makadi-bay\/#breadcrumb\",\"itemListElement\":[{\"@type\":\"ListItem\",\"position\":1,\"name\":\"Home\",\"item\":\"https:\/\/hurghadalovers.com\/de\/\"},{\"@type\":\"ListItem\",\"position\":2,\"name\":\"Shop\",\"item\":\"https:\/\/hurghadalovers.com\/shop\/\"},{\"@type\":\"ListItem\",\"position\":3,\"name\":\"Parasailing-Tour ab Makadi Bay\"}]},{\"@type\":\"WebSite\",\"@id\":\"https:\/\/hurghadalovers.com\/de\/#website\",\"url\":\"https:\/\/hurghadalovers.com\/de\/\",\"name\":\"Hurghada Excursions & Day Trips | Booking Best Prices Tours\",\"description\":\"Hurghada Lovers - Best Tour Operator - Excursions &amp; Things to do for Family Day Trips with kids and Couples Romantic. Unique .Hidden gems\",\"publisher\":{\"@id\":\"https:\/\/hurghadalovers.com\/de\/#organization\"},\"alternateName\":\"Hurghada Excursions\",\"potentialAction\":[{\"@type\":\"SearchAction\",\"target\":{\"@type\":\"EntryPoint\",\"urlTemplate\":\"https:\/\/hurghadalovers.com\/de\/?s={search_term_string}\"},\"query-input\":{\"@type\":\"PropertyValueSpecification\",\"valueRequired\":true,\"valueName\":\"search_term_string\"}}],\"inLanguage\":\"de-DE\"},{\"@type\":[\"Organization\",\"Place\",\"TravelAgency\"],\"@id\":\"https:\/\/hurghadalovers.com\/de\/#organization\",\"name\":\"Hurghada Excursions\",\"url\":\"https:\/\/hurghadalovers.com\/de\/\",\"logo\":{\"@id\":\"https:\/\/hurghadalovers.com\/de\/tours\/parasailing-ausflug-ab-makadi-bay\/#local-main-organization-logo\"},\"image\":{\"@id\":\"https:\/\/hurghadalovers.com\/de\/tours\/parasailing-ausflug-ab-makadi-bay\/#local-main-organization-logo\"},\"sameAs\":[\"https:\/\/www.facebook.com\/Hurghadaloversegypt\"],\"address\":{\"@id\":\"https:\/\/hurghadalovers.com\/de\/tours\/parasailing-ausflug-ab-makadi-bay\/#local-main-place-address\"},\"telephone\":[\"00201112596434\"],\"contactPoint\":{\"@type\":\"ContactPoint\",\"telephone\":\"00201112596434\",\"email\":\"weyouface@gmail.com\"},\"openingHoursSpecification\":{\"@type\":\"OpeningHoursSpecification\",\"dayOfWeek\":[\"Monday\",\"Tuesday\",\"Wednesday\",\"Thursday\",\"Friday\",\"Saturday\",\"Sunday\"],\"opens\":\"00:00\",\"closes\":\"23:59\"},\"email\":\"weyouface@gmail.com\",\"areaServed\":\"Luxor, Hurghada, El Gouna, Aswan, Sharm El Sheikh, Giza, Alexandria, Marsa Alam, Quseir, Soma Bay, Sahl Hasheesh, Red Sea, Makadi Bay, Cairo\",\"priceRange\":\"$\",\"currenciesAccepted\":\"euro\",\"paymentAccepted\":\"cash on site\"},{\"@type\":\"PostalAddress\",\"@id\":\"https:\/\/hurghadalovers.com\/de\/tours\/parasailing-ausflug-ab-makadi-bay\/#local-main-place-address\",\"streetAddress\":\"17 Banks street, Alkawther area, top nbk bank\",\"addressLocality\":\"hurghada\",\"postalCode\":\"84511\",\"addressRegion\":\"red sea\",\"addressCountry\":\"EG\"},{\"@type\":\"ImageObject\",\"inLanguage\":\"de-DE\",\"@id\":\"https:\/\/hurghadalovers.com\/de\/tours\/parasailing-ausflug-ab-makadi-bay\/#local-main-organization-logo\",\"url\":\"https:\/\/hurghadalovers.com\/wp-content\/uploads\/2019\/10\/hurghada-excursions-logo.png\",\"contentUrl\":\"https:\/\/hurghadalovers.com\/wp-content\/uploads\/2019\/10\/hurghada-excursions-logo.png\",\"width\":272,\"height\":90,\"caption\":\"Hurghada Excursions\"}]}<\/script>\n<meta property=\"product:brand\" content=\"Makadi Bay Aktivit\u00e4ten\" \/>\n<meta property=\"product:price:amount\" content=\"35\" \/>\n<meta property=\"product:price:currency\" content=\"EUR\" \/>\n<meta property=\"og:availability\" content=\"instock\" \/>\n<meta property=\"product:availability\" content=\"instock\" \/>\n<meta property=\"product:retailer_item_id\" content=\"Makadi012024\" \/>\n<meta property=\"product:condition\" content=\"new\" \/>\n<meta name=\"geo.placename\" content=\"hurghada\" \/>\n<meta name=\"geo.region\" content=\"Egypt\" \/>\n<!-- \/ Yoast SEO Premium plugin. -->","yoast_head_json":{"title":"Parasailing-Tour ab Makadi Bay | Fallschirm-Abenteuerausflug","description":"Parasailing-Tour ab Makadi Bay | Fallschirm-Abenteuerausflug am Nachmittag | Buchen Sie g\u00fcnstige Preise f\u00fcr Adrenalin- und (Gleitschirmfliegen)","robots":{"index":"index","follow":"follow","max-snippet":"max-snippet:-1","max-image-preview":"max-image-preview:large","max-video-preview":"max-video-preview:-1"},"canonical":"https:\/\/hurghadalovers.com\/de\/tours\/parasailing-ausflug-ab-makadi-bay\/","og_locale":"de_DE","og_type":"article","og_title":"Parasailing-Tour ab Makadi Bay","og_description":"Parasailing-Tour ab Makadi Bay | Fallschirm-Abenteuerausflug am Nachmittag | Buchen Sie g\u00fcnstige Preise f\u00fcr Adrenalin- und (Gleitschirmfliegen)","og_url":"https:\/\/hurghadalovers.com\/de\/tours\/parasailing-ausflug-ab-makadi-bay\/","og_site_name":"Hurghada Excursions &amp; Day Trips | Booking Best Prices Tours","article_publisher":"https:\/\/www.facebook.com\/Hurghadaloversegypt","article_modified_time":"2026-02-08T06:44:16+00:00","og_image":[{"width":1536,"height":1018,"url":"https:\/\/hurghadalovers.com\/wp-content\/uploads\/2023\/09\/Parasailing-El-Gouna.jpeg","type":"image\/jpeg"}],"twitter_card":"summary_large_image","twitter_misc":{"Price":"&euro;&nbsp;35","Availability":"In stock"},"schema":{"@context":"https:\/\/schema.org","@graph":[{"@type":["WebPage","ItemPage"],"@id":"https:\/\/hurghadalovers.com\/de\/tours\/parasailing-ausflug-ab-makadi-bay\/","url":"https:\/\/hurghadalovers.com\/de\/tours\/parasailing-ausflug-ab-makadi-bay\/","name":"Parasailing-Tour ab Makadi Bay | Fallschirm-Abenteuerausflug","isPartOf":{"@id":"https:\/\/hurghadalovers.com\/de\/#website"},"primaryImageOfPage":{"@id":"https:\/\/hurghadalovers.com\/de\/tours\/parasailing-ausflug-ab-makadi-bay\/#primaryimage"},"image":{"@id":"https:\/\/hurghadalovers.com\/de\/tours\/parasailing-ausflug-ab-makadi-bay\/#primaryimage"},"thumbnailUrl":"https:\/\/hurghadalovers.com\/wp-content\/uploads\/2023\/09\/Parasailing-El-Gouna.jpeg","datePublished":"2023-08-30T14:00:11+00:00","dateModified":"2026-02-08T06:44:16+00:00","description":"Parasailing-Tour ab Makadi Bay | Fallschirm-Abenteuerausflug am Nachmittag | Buchen Sie g\u00fcnstige Preise f\u00fcr Adrenalin- und (Gleitschirmfliegen)","breadcrumb":{"@id":"https:\/\/hurghadalovers.com\/de\/tours\/parasailing-ausflug-ab-makadi-bay\/#breadcrumb"},"inLanguage":"de-DE","potentialAction":[{"@type":"ReadAction","target":["https:\/\/hurghadalovers.com\/de\/tours\/parasailing-ausflug-ab-makadi-bay\/"]}]},{"@type":"ImageObject","inLanguage":"de-DE","@id":"https:\/\/hurghadalovers.com\/de\/tours\/parasailing-ausflug-ab-makadi-bay\/#primaryimage","url":"https:\/\/hurghadalovers.com\/wp-content\/uploads\/2023\/09\/Parasailing-El-Gouna.jpeg","contentUrl":"https:\/\/hurghadalovers.com\/wp-content\/uploads\/2023\/09\/Parasailing-El-Gouna.jpeg","width":1536,"height":1018,"caption":"Parasailing\u00a0El Gouna"},{"@type":"BreadcrumbList","@id":"https:\/\/hurghadalovers.com\/de\/tours\/parasailing-ausflug-ab-makadi-bay\/#breadcrumb","itemListElement":[{"@type":"ListItem","position":1,"name":"Home","item":"https:\/\/hurghadalovers.com\/de\/"},{"@type":"ListItem","position":2,"name":"Shop","item":"https:\/\/hurghadalovers.com\/shop\/"},{"@type":"ListItem","position":3,"name":"Parasailing-Tour ab Makadi Bay"}]},{"@type":"WebSite","@id":"https:\/\/hurghadalovers.com\/de\/#website","url":"https:\/\/hurghadalovers.com\/de\/","name":"Hurghada Excursions & Day Trips | Booking Best Prices Tours","description":"Hurghada Lovers - Best Tour Operator - Excursions &amp; Things to do for Family Day Trips with kids and Couples Romantic. Unique .Hidden gems","publisher":{"@id":"https:\/\/hurghadalovers.com\/de\/#organization"},"alternateName":"Hurghada Excursions","potentialAction":[{"@type":"SearchAction","target":{"@type":"EntryPoint","urlTemplate":"https:\/\/hurghadalovers.com\/de\/?s={search_term_string}"},"query-input":{"@type":"PropertyValueSpecification","valueRequired":true,"valueName":"search_term_string"}}],"inLanguage":"de-DE"},{"@type":["Organization","Place","TravelAgency"],"@id":"https:\/\/hurghadalovers.com\/de\/#organization","name":"Hurghada Excursions","url":"https:\/\/hurghadalovers.com\/de\/","logo":{"@id":"https:\/\/hurghadalovers.com\/de\/tours\/parasailing-ausflug-ab-makadi-bay\/#local-main-organization-logo"},"image":{"@id":"https:\/\/hurghadalovers.com\/de\/tours\/parasailing-ausflug-ab-makadi-bay\/#local-main-organization-logo"},"sameAs":["https:\/\/www.facebook.com\/Hurghadaloversegypt"],"address":{"@id":"https:\/\/hurghadalovers.com\/de\/tours\/parasailing-ausflug-ab-makadi-bay\/#local-main-place-address"},"telephone":["00201112596434"],"contactPoint":{"@type":"ContactPoint","telephone":"00201112596434","email":"weyouface@gmail.com"},"openingHoursSpecification":{"@type":"OpeningHoursSpecification","dayOfWeek":["Monday","Tuesday","Wednesday","Thursday","Friday","Saturday","Sunday"],"opens":"00:00","closes":"23:59"},"email":"weyouface@gmail.com","areaServed":"Luxor, Hurghada, El Gouna, Aswan, Sharm El Sheikh, Giza, Alexandria, Marsa Alam, Quseir, Soma Bay, Sahl Hasheesh, Red Sea, Makadi Bay, Cairo","priceRange":"$","currenciesAccepted":"euro","paymentAccepted":"cash on site"},{"@type":"PostalAddress","@id":"https:\/\/hurghadalovers.com\/de\/tours\/parasailing-ausflug-ab-makadi-bay\/#local-main-place-address","streetAddress":"17 Banks street, Alkawther area, top nbk bank","addressLocality":"hurghada","postalCode":"84511","addressRegion":"red sea","addressCountry":"EG"},{"@type":"ImageObject","inLanguage":"de-DE","@id":"https:\/\/hurghadalovers.com\/de\/tours\/parasailing-ausflug-ab-makadi-bay\/#local-main-organization-logo","url":"https:\/\/hurghadalovers.com\/wp-content\/uploads\/2019\/10\/hurghada-excursions-logo.png","contentUrl":"https:\/\/hurghadalovers.com\/wp-content\/uploads\/2019\/10\/hurghada-excursions-logo.png","width":272,"height":90,"caption":"Hurghada Excursions"}]},"product_brand":"Makadi Bay Aktivit\u00e4ten","product_price_amount":"35","product_price_currency":"EUR","og_availability":"instock","product_availability":"instock","product_retailer_item_id":"Makadi012024","product_condition":"new","geo.placename":"hurghada","geo.region":"Egypt"},"_links":{"self":[{"href":"https:\/\/hurghadalovers.com\/de\/wp-json\/wp\/v2\/product\/389231","targetHints":{"allow":["GET"]}}],"collection":[{"href":"https:\/\/hurghadalovers.com\/de\/wp-json\/wp\/v2\/product"}],"about":[{"href":"https:\/\/hurghadalovers.com\/de\/wp-json\/wp\/v2\/types\/product"}],"wp:featuredmedia":[{"embeddable":true,"href":"https:\/\/hurghadalovers.com\/de\/wp-json\/wp\/v2\/media\/396407"}],"wp:attachment":[{"href":"https:\/\/hurghadalovers.com\/de\/wp-json\/wp\/v2\/media?parent=389231"}],"wp:term":[{"taxonomy":"product_brand","embeddable":true,"href":"https:\/\/hurghadalovers.com\/de\/wp-json\/wp\/v2\/product_brand?post=389231"},{"taxonomy":"product_cat","embeddable":true,"href":"https:\/\/hurghadalovers.com\/de\/wp-json\/wp\/v2\/product_cat?post=389231"},{"taxonomy":"product_tag","embeddable":true,"href":"https:\/\/hurghadalovers.com\/de\/wp-json\/wp\/v2\/product_tag?post=389231"}],"curies":[{"name":"wp","href":"https:\/\/api.w.org\/{rel}","templated":true}]}}