{"id":387601,"date":"2023-08-29T20:05:28","date_gmt":"2023-08-29T20:05:28","guid":{"rendered":"https:\/\/hurghadalovers.com\/shop\/unkategorisiert\/private-makadi-bucht-ausfluege-nach-luxor-assuan-2-tage\/"},"modified":"2026-01-11T18:53:31","modified_gmt":"2026-01-11T18:53:31","slug":"privat-makadi-bucht-ausfluge-nach-luxor-aswan-2-tage","status":"publish","type":"product","link":"https:\/\/hurghadalovers.com\/de\/tours\/privat-makadi-bucht-ausfluge-nach-luxor-aswan-2-tage\/","title":{"rendered":"Privater Ausfl\u00fcge Makadi bay nach Luxor und Assuan \u2013 2 Tage"},"content":{"rendered":"<p><strong>Privater Ausfl\u00fcge Makadi bay nach Luxor und Assuan<\/strong> \u2013 2 Tage mit privatem Reisef\u00fchrer, Tickets und Mittagessen.<\/p>\n<p>Entdecken Sie die Geheimnisse der Pharaonenk\u00f6nige auf einer zweit\u00e4gigen Tour zu den Sehensw\u00fcrdigkeiten der antiken St\u00e4dte Luxor und Assuan, und erfahren Sie mehr \u00fcber die Fakten und die Geschichte der antiken Zivilisation \u00c4gyptens, die Geheimnisse von K\u00f6nig Tutanchamun, K\u00f6nig Ramses II. und vieles mehr.<\/p>\n<p style=\"text-align: center;\">\u00a0Entdecken Sie die Geheimnisse der <a href=\"https:\/\/hurghadalovers.com\/de\/pharaonen-koenige-aegypten\/\"><strong>Pharaonen<\/strong><\/a> im alten \u00c4gypten.<\/p>\n<p><strong>H\u00f6hepunkte:<\/strong><\/p>\n<ul>\n<li><a href=\"https:\/\/hurghadalovers.com\/de\/karnak-tempel-luxor-aegypten\/\">Karnak-Tempel<\/a>.<\/li>\n<li><a href=\"https:\/\/hurghadalovers.com\/de\/die-kolosse-von-memnon-luxor\/\">Die Kolosse von Memnon<\/a>.<\/li>\n<li><a href=\"https:\/\/hurghadalovers.com\/de\/totentempel-der-hatschepsut-luxor\/\">Totentempel der Hatschepsut<\/a>.<\/li>\n<li>3 Gr\u00e4ber im <a href=\"https:\/\/hurghadalovers.com\/de\/tal-der-koenige-luxor-aegypten\/\"><strong>Tal der K\u00f6nige<\/strong><\/a> .<\/li>\n<li><a href=\"https:\/\/hurghadalovers.com\/de\/tempel-von-philae-assuan-aegypten\/\">Tempel von Philae<\/a>.<\/li>\n<li><a href=\"https:\/\/hurghadalovers.com\/de\/der-unvollendete-obelisk-in-assuan\/\">Der unvollendete Obelisk<\/a>.<\/li>\n<li>Der Hochdamm.<\/li>\n<li>Mittagessen im Restaurant &#8220;Vegetarisches Essen ist m\u00f6glich&#8221;.<\/li>\n<\/ul>\n<p><strong>Privater Ausfl\u00fcge Makadi bay nach Luxor und Assuan Details:<\/strong><\/p>\n<ul>\n<li>Verf\u00fcgbarkeit der Tour: Jeden Tag.<\/li>\n<li>Art der Tour: Privat mit Auto oder Minivan.<\/li>\n<li>Abholzeit: Ab 05:30 Uhr morgens.<\/li>\n<li>Asking Hotel erhalten Sie Ihr Fr\u00fchst\u00fcck Tasche mit Ihnen Morgen.<\/li>\n<li>Abholzeit: 19:00 Uhr.<\/li>\n<li>F\u00fcr Rollstuhlfahrer zug\u00e4nglich.<\/li>\n<li>Dauer: 2 Tage \/ 1 Nacht.<\/li>\n<\/ul>\n<p><strong>Jetzt reservieren und sp\u00e4ter bezahlen:<\/strong><\/p>\n<ul>\n<li>Bargeld vor Ort zu f\u00fchren.<\/li>\n<li>Zahlung in \u00e4gyptischen Pfund, $, \u20ac oder \u00a3.<\/li>\n<\/ul>\n<p><strong>Stornierungsbedingungen:<\/strong><\/p>\n<ul>\n<li>Sie k\u00f6nnen bis zu 24 Stunden im Voraus stornieren.<\/li>\n<li>Wenn jemand aus Ihrer Familie den Vormittag absagt, zahlen Sie 50 % der Kosten.<\/li>\n<\/ul>\n<p><strong>Was ist inbegriffen?<\/strong><\/p>\n<ul>\n<li>Transfer von Makadi Bay Hotels &#8220;Hotel abholen und zur\u00fcckbringen&#8221;.<\/li>\n<li>Alle Steuern, Eintrittsgelder und Bearbeitungsgeb\u00fchren.<\/li>\n<li>\u00dcberweisungen.<\/li>\n<li>Reiseleiter.<\/li>\n<li>Eine \u00dcbernachtung im Hotel mit Fr\u00fchst\u00fcck.<\/li>\n<li>Die Getr\u00e4nke.<\/li>\n<li>2 Mal Mittagessen im Restaurant.<\/li>\n<\/ul>\n<p><strong>Ausnahmen?<\/strong><\/p>\n<ul>\n<li>Trinkgeld.<\/li>\n<li>Alle nicht erw\u00e4hnten Extras.<\/li>\n<\/ul>\n<p><strong>Preise:<\/strong><\/p>\n<ul>\n<li><strong>Preis f\u00fcr Erwachsene = ab 280$ pro Person<\/strong>.<\/li>\n<li>Preis f\u00fcr Kinder &#8220;5-12\u2033= 50%.<\/li>\n<li>f\u00fcr Kinder &#8220;0-5\u2033= Kostenlos.<\/li>\n<\/ul>\n<p><strong>Bewertungen:<\/strong><\/p>\n<p>\u00fcberpr\u00fcfen Sie unsere Google Map Bewertungen als bester <a href=\"https:\/\/g.page\/r\/CUeYvkngP3wkEBM\/review\">Reiseveranstalter in Hurghada<\/a> online in <a href=\"https:\/\/hurghadalovers.com\/\">Hurghada<\/a> \u00c4gypten.<\/p>\n<p><strong>Reservierung:<\/strong><\/p>\n<p>Senden Sie Hotel + Zimmernummer + Fotop\u00e4sse an WhatsApp: <strong>+201112596434<\/strong><\/p>\n<p>Wenn Sie aus \u00c4gypten Buchen Sie jetzt online und best\u00e4tigen Sie bei der Ankunft Hotel.<\/p>\n<p><span style=\"color: #ff6600;\">&#8212;&#8212;&#8212;&#8211; | &#8212;&#8212;&#8212;&#8212;&#8211; | &#8212;&#8212;&#8212;&#8212;&#8212;&#8211;<\/span><\/p>\n<p>Begeben Sie sich auf eine 50-60-min\u00fctige Tour durch den ber\u00fchmten Tempel der Hatschepsut. Erfahren Sie mehr \u00fcber die Geheimnisse eines der bedeutendsten antiken Tempel der Geschichte, der K\u00f6nigin Hatschepsut gewidmet ist \u2013 eine der wichtigsten <strong>weiblichen Pharaonin<\/strong>. Machen Sie beim Erkunden Fotos mit Ihrem Mobiltelefon oder Ihrer Kamera und nehmen Sie pharaonische Inschriften, Zeichnungen und Statuen von Osiris auf. Verstehen Sie mit der Hilfe Ihres F\u00fchrers alle Inschriften an den W\u00e4nden und steigen Sie auf die Spitze, um den Berg Qurna zu fotografieren, w\u00e4hrend Sie die Aussicht auf die wichtigsten Monumente des Tempels genie\u00dfen.<\/p>\n<p>Pr\u00fcfen <a href=\"https:\/\/hurghadalovers.com\/de\/tour-category\/makadi-bay-ausfluege\/\"><strong>Makadi bay Ausfl\u00fcge<\/strong><\/a> &#8211; <a href=\"https:\/\/hurghadalovers.com\/de\/tour-category\/luxor-tagesausfluege-von-makadi-bay\/\"><strong>Luxor Tagesausfl\u00fcge von Makadi bay<\/strong><\/a>:<\/p>\n<ul>\n<li><a href=\"https:\/\/hurghadalovers.com\/de\/tours\/privat-luxor-tour-von-makadi-bucht\/\">Privater Ausflug nach Luxor von Makadi bay<\/a><\/li>\n<li><a href=\"https:\/\/hurghadalovers.com\/de\/tours\/tal-der-konige-tour-von-der-makadi-bucht-mit-dem-bus\/\">Tagesausflug von Makadi bay zu den Tal der K\u00f6nige Luxor mit dem Bus<\/a><\/li>\n<li><a href=\"https:\/\/hurghadalovers.com\/de\/tours\/makadi-bay-to-valley-of-the-kings-tagesausflug-mit-minivan-kleingruppe\/\">Tagesausflug von Makadi bay zu den Tal der K\u00f6nige Luxor im Minivan<\/a><\/li>\n<li><a href=\"https:\/\/hurghadalovers.com\/de\/tours\/billige-makadi-bucht-ausfluge-nach-luxor\/\">G\u00fcnstige Ausflug Makadi bay Luxor mit dem Bus ohne Tickets<\/a><\/li>\n<li><a href=\"https:\/\/hurghadalovers.com\/de\/tours\/billig-makadi-bucht-nach-luxor-tagesausfluge-mit-dem-bus-zum-karnak-tempel\/\">G\u00fcnstige Luxor Ausflug von Makadi bay mit dem Bus<\/a><\/li>\n<li><a href=\"https:\/\/hurghadalovers.com\/de\/tours\/makadi-bay-to-luxor-tagesausflug-zum-tal-der-queens\/\">Ausflug nach Luxor von Makadi bay nach Tal der K\u00f6niginnen<\/a> mit dem Bus<\/li>\n<li><a href=\"https:\/\/hurghadalovers.com\/de\/tours\/makadi-bay-privat-luxus-oder-zwei-tage-reise-mit-heisluft-ballonfahrt\/\">Privater Luxor Tagesausflug mit Hei\u00dfluftballonfahrt von Makadi bay<\/a> &#8211; 2 Tage<\/li>\n<li><a href=\"https:\/\/hurghadalovers.com\/de\/tours\/ubernachtungsausflug-nach-luxor-von-makadi-bucht\/\">Luxor zwei Tage privat Ausflug von Makadi bay<\/a> | \u00dcbernachtungsausflug<\/li>\n<li><a href=\"https:\/\/hurghadalovers.com\/de\/tours\/privat-dendera-und-abydos-aus-makadi-bucht\/\">Privater Ausflug nach Abydos &amp; Dendera von Makadi bay<\/a><\/li>\n<li><a href=\"https:\/\/hurghadalovers.com\/de\/tours\/makadi-bay-privat-tagesausflug-nach-dendera\/\">Privater Tagesausflug nach Dendera von Makadi bay<\/a><\/li>\n<li><a href=\"https:\/\/hurghadalovers.com\/de\/tours\/privat-tagesausflug-von-makadi-bucht-nach-abu-simbel-aswan\/\">Privater Ausflug ab Makadi bay nach Assuan und Abu Simbel<\/a> \u2013 2 Tage<\/li>\n<li>Privater Ausfl\u00fcge Makadi bay nach Luxor und Assuan \u2013 2 Tage<\/li>\n<li><a href=\"https:\/\/hurghadalovers.com\/de\/tours\/privat-makadi-bucht-touren-nach-luxor-aswan-3-tage\/\">Privater Tagestour Makadi bay nach Luxor und Assuan, Abu Simbel<\/a> \u2013 3 Tage<\/li>\n<\/ul>\n<p>&nbsp;<\/p>\n","protected":false},"excerpt":{"rendered":"<p>Privater Ausfl\u00fcge Makadi bay nach Luxor und Assuan \u2013 2 Tage mit privatem Reisef\u00fchrer, Tickets und Mittagessen. Entdecken Sie die Geheimnisse der K\u00f6nige der Pharaonen auf einer zweit\u00e4gigen Tour<\/p>\n","protected":false},"featured_media":394741,"template":"","meta":{"_joinchat":[]},"product_brand":[],"product_cat":[29817],"product_tag":[51984,51964,51868,51972,51980,51976,51988,51996,51960,51992],"class_list":{"0":"post-387601","1":"product","2":"type-product","3":"status-publish","4":"has-post-thumbnail","6":"product_cat-touren","7":"product_tag-heisluftballon-makadi-bay","8":"product_tag-luxor-ausflug-von-makadi-bay","9":"product_tag-luxor-privat-touren","10":"product_tag-luxor-tagestour-von-makadi-bay-aus","11":"product_tag-luxor-tour-von-makadi-bay-aus","12":"product_tag-makadi-bay-touren-nach-luxor","13":"product_tag-makadi-bay-zum-tal-der-konige","14":"product_tag-private-luxor-tour-von-makadi-bay-aus","15":"product_tag-tagesausflug-von-makadi-bay-nach-luxor","16":"product_tag-transfer-von-luxor-nach-makadi-bay","17":"tour_category-luxor-tagesausfluege-von-makadi-bay","18":"tour_category-makadi-bay-ausfluege","20":"first","21":"instock","22":"sale","23":"shipping-taxable","24":"purchasable","25":"product-type-tour"},"yoast_head":"<!-- This site is optimized with the Yoast SEO Premium plugin v26.9 (Yoast SEO v27.2) - https:\/\/yoast.com\/product\/yoast-seo-premium-wordpress\/ -->\n<title>Privater Ausfl\u00fcge Makadi bay nach Luxor und Assuan \u2013 2 Tage<\/title>\n<meta name=\"description\" content=\"Privater Ausfl\u00fcge Makadi bay nach Luxor und Assuan \u2013 2 Tage mit privatem Reisef\u00fchrer, Tickets und Mittagessen. Entdecken Sie die Geheimnisse\" \/>\n<meta name=\"robots\" content=\"index, follow, max-snippet:-1, max-image-preview:large, max-video-preview:-1\" \/>\n<link rel=\"canonical\" href=\"https:\/\/hurghadalovers.com\/de\/tours\/privat-makadi-bucht-ausfluge-nach-luxor-aswan-2-tage\/\" \/>\n<meta property=\"og:locale\" content=\"de_DE\" \/>\n<meta property=\"og:type\" content=\"article\" \/>\n<meta property=\"og:title\" content=\"Privater Ausfl\u00fcge Makadi bay nach Luxor und Assuan \u2013 2 Tage\" \/>\n<meta property=\"og:description\" content=\"Privater Ausfl\u00fcge Makadi bay nach Luxor und Assuan \u2013 2 Tage mit privatem Reisef\u00fchrer, Tickets und Mittagessen. Entdecken Sie die Geheimnisse\" \/>\n<meta property=\"og:url\" content=\"https:\/\/hurghadalovers.com\/de\/tours\/privat-makadi-bucht-ausfluge-nach-luxor-aswan-2-tage\/\" \/>\n<meta property=\"og:site_name\" content=\"Hurghada Excursions &amp; Day Trips | Booking Best Prices Tours\" \/>\n<meta property=\"article:publisher\" content=\"https:\/\/www.facebook.com\/Hurghadaloversegypt\" \/>\n<meta property=\"article:modified_time\" content=\"2026-01-11T18:53:31+00:00\" \/>\n<meta property=\"og:image\" content=\"https:\/\/hurghadalovers.com\/wp-content\/uploads\/2023\/09\/Private-El-Gouna-Excursions-to-Luxor-Aswan.jpeg\" \/>\n\t<meta property=\"og:image:width\" content=\"1536\" \/>\n\t<meta property=\"og:image:height\" content=\"975\" \/>\n\t<meta property=\"og:image:type\" content=\"image\/jpeg\" \/>\n<meta name=\"twitter:card\" content=\"summary_large_image\" \/>\n<meta name=\"twitter:label1\" content=\"Price\" \/>\n\t<meta name=\"twitter:data1\" content=\"&euro;&nbsp;400\" \/>\n\t<meta name=\"twitter:label2\" content=\"Availability\" \/>\n\t<meta name=\"twitter:data2\" content=\"In stock\" \/>\n<script type=\"application\/ld+json\" class=\"yoast-schema-graph\">{\"@context\":\"https:\/\/schema.org\",\"@graph\":[{\"@type\":[\"WebPage\",\"ItemPage\"],\"@id\":\"https:\/\/hurghadalovers.com\/de\/tours\/privat-makadi-bucht-ausfluge-nach-luxor-aswan-2-tage\/\",\"url\":\"https:\/\/hurghadalovers.com\/de\/tours\/privat-makadi-bucht-ausfluge-nach-luxor-aswan-2-tage\/\",\"name\":\"Privater Ausfl\u00fcge Makadi bay nach Luxor und Assuan \u2013 2 Tage\",\"isPartOf\":{\"@id\":\"https:\/\/hurghadalovers.com\/de\/#website\"},\"primaryImageOfPage\":{\"@id\":\"https:\/\/hurghadalovers.com\/de\/tours\/privat-makadi-bucht-ausfluge-nach-luxor-aswan-2-tage\/#primaryimage\"},\"image\":{\"@id\":\"https:\/\/hurghadalovers.com\/de\/tours\/privat-makadi-bucht-ausfluge-nach-luxor-aswan-2-tage\/#primaryimage\"},\"thumbnailUrl\":\"https:\/\/hurghadalovers.com\/wp-content\/uploads\/2023\/09\/Private-El-Gouna-Excursions-to-Luxor-Aswan.jpeg\",\"datePublished\":\"2023-08-29T20:05:28+00:00\",\"dateModified\":\"2026-01-11T18:53:31+00:00\",\"description\":\"Privater Ausfl\u00fcge Makadi bay nach Luxor und Assuan \u2013 2 Tage mit privatem Reisef\u00fchrer, Tickets und Mittagessen. Entdecken Sie die Geheimnisse\",\"breadcrumb\":{\"@id\":\"https:\/\/hurghadalovers.com\/de\/tours\/privat-makadi-bucht-ausfluge-nach-luxor-aswan-2-tage\/#breadcrumb\"},\"inLanguage\":\"de-DE\",\"potentialAction\":[{\"@type\":\"ReadAction\",\"target\":[\"https:\/\/hurghadalovers.com\/de\/tours\/privat-makadi-bucht-ausfluge-nach-luxor-aswan-2-tage\/\"]}]},{\"@type\":\"ImageObject\",\"inLanguage\":\"de-DE\",\"@id\":\"https:\/\/hurghadalovers.com\/de\/tours\/privat-makadi-bucht-ausfluge-nach-luxor-aswan-2-tage\/#primaryimage\",\"url\":\"https:\/\/hurghadalovers.com\/wp-content\/uploads\/2023\/09\/Private-El-Gouna-Excursions-to-Luxor-Aswan.jpeg\",\"contentUrl\":\"https:\/\/hurghadalovers.com\/wp-content\/uploads\/2023\/09\/Private-El-Gouna-Excursions-to-Luxor-Aswan.jpeg\",\"width\":1536,\"height\":975,\"caption\":\"Private El Gouna-Ausfl\u00fcge nach Luxor und Assuan Privater Ausfl\u00fcge Hurghada nach Luxor und Assuan Makadi Bay soma bay El Gouna Sahl Hasheesh\"},{\"@type\":\"BreadcrumbList\",\"@id\":\"https:\/\/hurghadalovers.com\/de\/tours\/privat-makadi-bucht-ausfluge-nach-luxor-aswan-2-tage\/#breadcrumb\",\"itemListElement\":[{\"@type\":\"ListItem\",\"position\":1,\"name\":\"Home\",\"item\":\"https:\/\/hurghadalovers.com\/de\/\"},{\"@type\":\"ListItem\",\"position\":2,\"name\":\"Shop\",\"item\":\"https:\/\/hurghadalovers.com\/shop\/\"},{\"@type\":\"ListItem\",\"position\":3,\"name\":\"Privater Ausfl\u00fcge Makadi bay nach Luxor und Assuan \u2013 2 Tage\"}]},{\"@type\":\"WebSite\",\"@id\":\"https:\/\/hurghadalovers.com\/de\/#website\",\"url\":\"https:\/\/hurghadalovers.com\/de\/\",\"name\":\"Hurghada Excursions & Day Trips | Booking Best Prices Tours\",\"description\":\"Hurghada Lovers - Best Tour Operator - Excursions &amp; Things to do for Family Day Trips with kids and Couples Romantic. Unique .Hidden gems\",\"publisher\":{\"@id\":\"https:\/\/hurghadalovers.com\/de\/#organization\"},\"alternateName\":\"Hurghada Excursions\",\"potentialAction\":[{\"@type\":\"SearchAction\",\"target\":{\"@type\":\"EntryPoint\",\"urlTemplate\":\"https:\/\/hurghadalovers.com\/de\/?s={search_term_string}\"},\"query-input\":{\"@type\":\"PropertyValueSpecification\",\"valueRequired\":true,\"valueName\":\"search_term_string\"}}],\"inLanguage\":\"de-DE\"},{\"@type\":[\"Organization\",\"Place\",\"TravelAgency\"],\"@id\":\"https:\/\/hurghadalovers.com\/de\/#organization\",\"name\":\"Hurghada Excursions\",\"url\":\"https:\/\/hurghadalovers.com\/de\/\",\"logo\":{\"@id\":\"https:\/\/hurghadalovers.com\/de\/tours\/privat-makadi-bucht-ausfluge-nach-luxor-aswan-2-tage\/#local-main-organization-logo\"},\"image\":{\"@id\":\"https:\/\/hurghadalovers.com\/de\/tours\/privat-makadi-bucht-ausfluge-nach-luxor-aswan-2-tage\/#local-main-organization-logo\"},\"sameAs\":[\"https:\/\/www.facebook.com\/Hurghadaloversegypt\"],\"address\":{\"@id\":\"https:\/\/hurghadalovers.com\/de\/tours\/privat-makadi-bucht-ausfluge-nach-luxor-aswan-2-tage\/#local-main-place-address\"},\"telephone\":[\"00201112596434\"],\"contactPoint\":{\"@type\":\"ContactPoint\",\"telephone\":\"00201112596434\",\"email\":\"weyouface@gmail.com\"},\"openingHoursSpecification\":{\"@type\":\"OpeningHoursSpecification\",\"dayOfWeek\":[\"Monday\",\"Tuesday\",\"Wednesday\",\"Thursday\",\"Friday\",\"Saturday\",\"Sunday\"],\"opens\":\"00:00\",\"closes\":\"23:59\"},\"email\":\"weyouface@gmail.com\",\"areaServed\":\"Luxor, Hurghada, El Gouna, Aswan, Sharm El Sheikh, Giza, Alexandria, Marsa Alam, Quseir, Soma Bay, Sahl Hasheesh, Red Sea, Makadi Bay, Cairo\",\"priceRange\":\"$\",\"currenciesAccepted\":\"euro\",\"paymentAccepted\":\"cash on site\"},{\"@type\":\"PostalAddress\",\"@id\":\"https:\/\/hurghadalovers.com\/de\/tours\/privat-makadi-bucht-ausfluge-nach-luxor-aswan-2-tage\/#local-main-place-address\",\"streetAddress\":\"17 Banks street, Alkawther area, top nbk bank\",\"addressLocality\":\"hurghada\",\"postalCode\":\"84511\",\"addressRegion\":\"red sea\",\"addressCountry\":\"EG\"},{\"@type\":\"ImageObject\",\"inLanguage\":\"de-DE\",\"@id\":\"https:\/\/hurghadalovers.com\/de\/tours\/privat-makadi-bucht-ausfluge-nach-luxor-aswan-2-tage\/#local-main-organization-logo\",\"url\":\"https:\/\/hurghadalovers.com\/wp-content\/uploads\/2019\/10\/hurghada-excursions-logo.png\",\"contentUrl\":\"https:\/\/hurghadalovers.com\/wp-content\/uploads\/2019\/10\/hurghada-excursions-logo.png\",\"width\":272,\"height\":90,\"caption\":\"Hurghada Excursions\"}]}<\/script>\n<meta property=\"product:brand\" content=\"Luxor Tagesausfl\u00fcge von Makadi bay\" \/>\n<meta property=\"product:price:amount\" content=\"400\" \/>\n<meta property=\"product:price:currency\" content=\"EUR\" \/>\n<meta property=\"og:availability\" content=\"instock\" \/>\n<meta property=\"product:availability\" content=\"instock\" \/>\n<meta property=\"product:retailer_item_id\" content=\"MakadiBay222024\" \/>\n<meta property=\"product:condition\" content=\"new\" \/>\n<meta name=\"geo.placename\" content=\"hurghada\" \/>\n<meta name=\"geo.region\" content=\"Egypt\" \/>\n<!-- \/ Yoast SEO Premium plugin. -->","yoast_head_json":{"title":"Privater Ausfl\u00fcge Makadi bay nach Luxor und Assuan \u2013 2 Tage","description":"Privater Ausfl\u00fcge Makadi bay nach Luxor und Assuan \u2013 2 Tage mit privatem Reisef\u00fchrer, Tickets und Mittagessen. Entdecken Sie die Geheimnisse","robots":{"index":"index","follow":"follow","max-snippet":"max-snippet:-1","max-image-preview":"max-image-preview:large","max-video-preview":"max-video-preview:-1"},"canonical":"https:\/\/hurghadalovers.com\/de\/tours\/privat-makadi-bucht-ausfluge-nach-luxor-aswan-2-tage\/","og_locale":"de_DE","og_type":"article","og_title":"Privater Ausfl\u00fcge Makadi bay nach Luxor und Assuan \u2013 2 Tage","og_description":"Privater Ausfl\u00fcge Makadi bay nach Luxor und Assuan \u2013 2 Tage mit privatem Reisef\u00fchrer, Tickets und Mittagessen. Entdecken Sie die Geheimnisse","og_url":"https:\/\/hurghadalovers.com\/de\/tours\/privat-makadi-bucht-ausfluge-nach-luxor-aswan-2-tage\/","og_site_name":"Hurghada Excursions &amp; Day Trips | Booking Best Prices Tours","article_publisher":"https:\/\/www.facebook.com\/Hurghadaloversegypt","article_modified_time":"2026-01-11T18:53:31+00:00","og_image":[{"width":1536,"height":975,"url":"https:\/\/hurghadalovers.com\/wp-content\/uploads\/2023\/09\/Private-El-Gouna-Excursions-to-Luxor-Aswan.jpeg","type":"image\/jpeg"}],"twitter_card":"summary_large_image","twitter_misc":{"Price":"&euro;&nbsp;400","Availability":"In stock"},"schema":{"@context":"https:\/\/schema.org","@graph":[{"@type":["WebPage","ItemPage"],"@id":"https:\/\/hurghadalovers.com\/de\/tours\/privat-makadi-bucht-ausfluge-nach-luxor-aswan-2-tage\/","url":"https:\/\/hurghadalovers.com\/de\/tours\/privat-makadi-bucht-ausfluge-nach-luxor-aswan-2-tage\/","name":"Privater Ausfl\u00fcge Makadi bay nach Luxor und Assuan \u2013 2 Tage","isPartOf":{"@id":"https:\/\/hurghadalovers.com\/de\/#website"},"primaryImageOfPage":{"@id":"https:\/\/hurghadalovers.com\/de\/tours\/privat-makadi-bucht-ausfluge-nach-luxor-aswan-2-tage\/#primaryimage"},"image":{"@id":"https:\/\/hurghadalovers.com\/de\/tours\/privat-makadi-bucht-ausfluge-nach-luxor-aswan-2-tage\/#primaryimage"},"thumbnailUrl":"https:\/\/hurghadalovers.com\/wp-content\/uploads\/2023\/09\/Private-El-Gouna-Excursions-to-Luxor-Aswan.jpeg","datePublished":"2023-08-29T20:05:28+00:00","dateModified":"2026-01-11T18:53:31+00:00","description":"Privater Ausfl\u00fcge Makadi bay nach Luxor und Assuan \u2013 2 Tage mit privatem Reisef\u00fchrer, Tickets und Mittagessen. Entdecken Sie die Geheimnisse","breadcrumb":{"@id":"https:\/\/hurghadalovers.com\/de\/tours\/privat-makadi-bucht-ausfluge-nach-luxor-aswan-2-tage\/#breadcrumb"},"inLanguage":"de-DE","potentialAction":[{"@type":"ReadAction","target":["https:\/\/hurghadalovers.com\/de\/tours\/privat-makadi-bucht-ausfluge-nach-luxor-aswan-2-tage\/"]}]},{"@type":"ImageObject","inLanguage":"de-DE","@id":"https:\/\/hurghadalovers.com\/de\/tours\/privat-makadi-bucht-ausfluge-nach-luxor-aswan-2-tage\/#primaryimage","url":"https:\/\/hurghadalovers.com\/wp-content\/uploads\/2023\/09\/Private-El-Gouna-Excursions-to-Luxor-Aswan.jpeg","contentUrl":"https:\/\/hurghadalovers.com\/wp-content\/uploads\/2023\/09\/Private-El-Gouna-Excursions-to-Luxor-Aswan.jpeg","width":1536,"height":975,"caption":"Private El Gouna-Ausfl\u00fcge nach Luxor und Assuan Privater Ausfl\u00fcge Hurghada nach Luxor und Assuan Makadi Bay soma bay El Gouna Sahl Hasheesh"},{"@type":"BreadcrumbList","@id":"https:\/\/hurghadalovers.com\/de\/tours\/privat-makadi-bucht-ausfluge-nach-luxor-aswan-2-tage\/#breadcrumb","itemListElement":[{"@type":"ListItem","position":1,"name":"Home","item":"https:\/\/hurghadalovers.com\/de\/"},{"@type":"ListItem","position":2,"name":"Shop","item":"https:\/\/hurghadalovers.com\/shop\/"},{"@type":"ListItem","position":3,"name":"Privater Ausfl\u00fcge Makadi bay nach Luxor und Assuan \u2013 2 Tage"}]},{"@type":"WebSite","@id":"https:\/\/hurghadalovers.com\/de\/#website","url":"https:\/\/hurghadalovers.com\/de\/","name":"Hurghada Excursions & Day Trips | Booking Best Prices Tours","description":"Hurghada Lovers - Best Tour Operator - Excursions &amp; Things to do for Family Day Trips with kids and Couples Romantic. Unique .Hidden gems","publisher":{"@id":"https:\/\/hurghadalovers.com\/de\/#organization"},"alternateName":"Hurghada Excursions","potentialAction":[{"@type":"SearchAction","target":{"@type":"EntryPoint","urlTemplate":"https:\/\/hurghadalovers.com\/de\/?s={search_term_string}"},"query-input":{"@type":"PropertyValueSpecification","valueRequired":true,"valueName":"search_term_string"}}],"inLanguage":"de-DE"},{"@type":["Organization","Place","TravelAgency"],"@id":"https:\/\/hurghadalovers.com\/de\/#organization","name":"Hurghada Excursions","url":"https:\/\/hurghadalovers.com\/de\/","logo":{"@id":"https:\/\/hurghadalovers.com\/de\/tours\/privat-makadi-bucht-ausfluge-nach-luxor-aswan-2-tage\/#local-main-organization-logo"},"image":{"@id":"https:\/\/hurghadalovers.com\/de\/tours\/privat-makadi-bucht-ausfluge-nach-luxor-aswan-2-tage\/#local-main-organization-logo"},"sameAs":["https:\/\/www.facebook.com\/Hurghadaloversegypt"],"address":{"@id":"https:\/\/hurghadalovers.com\/de\/tours\/privat-makadi-bucht-ausfluge-nach-luxor-aswan-2-tage\/#local-main-place-address"},"telephone":["00201112596434"],"contactPoint":{"@type":"ContactPoint","telephone":"00201112596434","email":"weyouface@gmail.com"},"openingHoursSpecification":{"@type":"OpeningHoursSpecification","dayOfWeek":["Monday","Tuesday","Wednesday","Thursday","Friday","Saturday","Sunday"],"opens":"00:00","closes":"23:59"},"email":"weyouface@gmail.com","areaServed":"Luxor, Hurghada, El Gouna, Aswan, Sharm El Sheikh, Giza, Alexandria, Marsa Alam, Quseir, Soma Bay, Sahl Hasheesh, Red Sea, Makadi Bay, Cairo","priceRange":"$","currenciesAccepted":"euro","paymentAccepted":"cash on site"},{"@type":"PostalAddress","@id":"https:\/\/hurghadalovers.com\/de\/tours\/privat-makadi-bucht-ausfluge-nach-luxor-aswan-2-tage\/#local-main-place-address","streetAddress":"17 Banks street, Alkawther area, top nbk bank","addressLocality":"hurghada","postalCode":"84511","addressRegion":"red sea","addressCountry":"EG"},{"@type":"ImageObject","inLanguage":"de-DE","@id":"https:\/\/hurghadalovers.com\/de\/tours\/privat-makadi-bucht-ausfluge-nach-luxor-aswan-2-tage\/#local-main-organization-logo","url":"https:\/\/hurghadalovers.com\/wp-content\/uploads\/2019\/10\/hurghada-excursions-logo.png","contentUrl":"https:\/\/hurghadalovers.com\/wp-content\/uploads\/2019\/10\/hurghada-excursions-logo.png","width":272,"height":90,"caption":"Hurghada Excursions"}]},"product_brand":"Luxor Tagesausfl\u00fcge von Makadi bay","product_price_amount":"400","product_price_currency":"EUR","og_availability":"instock","product_availability":"instock","product_retailer_item_id":"MakadiBay222024","product_condition":"new","geo.placename":"hurghada","geo.region":"Egypt"},"_links":{"self":[{"href":"https:\/\/hurghadalovers.com\/de\/wp-json\/wp\/v2\/product\/387601","targetHints":{"allow":["GET"]}}],"collection":[{"href":"https:\/\/hurghadalovers.com\/de\/wp-json\/wp\/v2\/product"}],"about":[{"href":"https:\/\/hurghadalovers.com\/de\/wp-json\/wp\/v2\/types\/product"}],"wp:featuredmedia":[{"embeddable":true,"href":"https:\/\/hurghadalovers.com\/de\/wp-json\/wp\/v2\/media\/394741"}],"wp:attachment":[{"href":"https:\/\/hurghadalovers.com\/de\/wp-json\/wp\/v2\/media?parent=387601"}],"wp:term":[{"taxonomy":"product_brand","embeddable":true,"href":"https:\/\/hurghadalovers.com\/de\/wp-json\/wp\/v2\/product_brand?post=387601"},{"taxonomy":"product_cat","embeddable":true,"href":"https:\/\/hurghadalovers.com\/de\/wp-json\/wp\/v2\/product_cat?post=387601"},{"taxonomy":"product_tag","embeddable":true,"href":"https:\/\/hurghadalovers.com\/de\/wp-json\/wp\/v2\/product_tag?post=387601"}],"curies":[{"name":"wp","href":"https:\/\/api.w.org\/{rel}","templated":true}]}}