{"id":386990,"date":"2023-08-29T18:22:14","date_gmt":"2023-08-29T18:23:11","guid":{"rendered":"https:\/\/hurghadalovers.com\/shop\/unkategorisiert\/makadi-bay-private-kairo-alexandria-tour-2-tage\/"},"modified":"2026-02-08T20:31:58","modified_gmt":"2026-02-08T20:31:58","slug":"makadi-bay-privat-kairo-alexandria-tour-2-tage","status":"publish","type":"product","link":"https:\/\/hurghadalovers.com\/de\/tours\/makadi-bay-privat-kairo-alexandria-tour-2-tage\/","title":{"rendered":"Privater Kairo und Alexandria von Makadi bay &#8211; 2 Tage"},"content":{"rendered":"<p><strong>Privater Kairo und Alexandria von Makadi bay<\/strong> &#8211; 2 Tage mit Auto, Minivan mit privatem F\u00fchrer.<\/p>\n<p style=\"text-align: center;\">\u00a0Entdecken Sie die Geheimnisse der <a href=\"https:\/\/hurghadalovers.com\/de\/pharaonen-koenige-aegypten\/\"><strong>Pharaonen<\/strong><\/a> im alten \u00c4gypten.<\/p>\n<p><strong>H\u00f6hepunkte:<\/strong><\/p>\n<ol>\n<li><a href=\"https:\/\/hurghadalovers.com\/de\/pyramiden-von-gizeh-kairo\/\">Pyramiden von Gizeh<\/a>.<\/li>\n<li><a href=\"https:\/\/hurghadalovers.com\/de\/grosse-sphinx-gizeh-kairo-aegypten\/\">Gro\u00dfe Sphinx<\/a>.<\/li>\n<li>Tal-Tempel.<\/li>\n<li>\u00c4gyptisches Museum.<\/li>\n<li>Qayetbey-Zitadelle in Alexandria.<\/li>\n<li>Pompejanische S\u00e4ule<\/li>\n<li>Bibliothek von Alexandria<\/li>\n<li>Katakomben von Alexandria.<\/li>\n<li>Montazah-Palast in Alexandria<\/li>\n<li>Mittagessen im Restaurant &#8220;Vegetarisches Essen ist m\u00f6glich&#8221;.<\/li>\n<\/ol>\n<p><strong>Privater Kairo und Alexandria von Makadi bay Einzelheiten:<\/strong><\/p>\n<ul>\n<li>Verf\u00fcgbarkeit der Tour: Jeden Tag.<\/li>\n<li>Art der Tour: Privat mit Auto oder Minivan.<\/li>\n<li>Abholzeit: Ab 01:00 Uhr nachts.<\/li>\n<li>Asking Hotel erhalten Sie Ihr Fr\u00fchst\u00fcck Tasche mit Ihnen Morgen.<\/li>\n<li>Abholzeit: 20:00 Uhr.<\/li>\n<li>F\u00fcr Rollstuhlfahrer zug\u00e4nglich.<\/li>\n<li>Dauer: 2 Tage \/ 1 Nacht.<\/li>\n<\/ul>\n<p><strong>Jetzt reservieren und sp\u00e4ter bezahlen:<\/strong><\/p>\n<ul>\n<li>Bargeld vor Ort zu f\u00fchren.<\/li>\n<li>Zahlung in \u00e4gyptischen Pfund, $, \u20ac oder \u00a3.<\/li>\n<\/ul>\n<p><strong>Stornierungsbedingungen:<\/strong><\/p>\n<ul>\n<li>Sie k\u00f6nnen bis zu 24 Stunden im Voraus stornieren.<\/li>\n<li>Wenn jemand aus Ihrer Familie den Vormittag absagt, zahlen Sie 50 % der Kosten.<\/li>\n<\/ul>\n<p><strong>Was ist inbegriffen?<\/strong><\/p>\n<ul>\n<li>Transfer von Makadi Bay Hotels &#8220;Hotel abholen und zur\u00fcckbringen&#8221;.<\/li>\n<li>Alle Steuern, Eintrittsgelder und Bearbeitungsgeb\u00fchren.<\/li>\n<li>\u00dcberweisungen.<\/li>\n<li>Reiseleiter.<\/li>\n<li>1 \u00dcbernachtung im Hotel mit einem Fr\u00fchst\u00fcck.<\/li>\n<li>Die Getr\u00e4nke.<\/li>\n<li>2 Mal Mittagessen im Restaurant.<\/li>\n<\/ul>\n<p><strong>Ausnahmen?<\/strong><\/p>\n<ul>\n<li>Trinkgeld.<\/li>\n<li>Feluccatour &#8220;Bootsfahrt&#8221; F\u00fcr 35 min= 10$.<\/li>\n<li>Alle nicht erw\u00e4hnten Extras.<\/li>\n<\/ul>\n<h4><strong>Preise:<\/strong><\/h4>\n<ul>\n<li><strong>Preis f\u00fcr Erwachsene = ab 260$ pro Person<\/strong>.<\/li>\n<li>Preis f\u00fcr Kinder &#8220;5-12\u2033= 50%.<\/li>\n<li>f\u00fcr Kinder &#8220;0-5\u2033= Kostenlos.<\/li>\n<\/ul>\n<p>&nbsp;<\/p>\n<p><strong>Bewertungen:<\/strong><\/p>\n<p>\u00fcberpr\u00fcfen Sie unsere Google Map Bewertungen als bester <a href=\"https:\/\/g.page\/r\/CUeYvkngP3wkEBM\/review\">Reiseveranstalter in Hurghada<\/a> online in <a href=\"https:\/\/hurghadalovers.com\/\">Hurghada<\/a> \u00c4gypten.<\/p>\n<p><strong>Reservierung:<\/strong><\/p>\n<p>Senden Sie Hotel + Zimmernummer + Fotop\u00e4sse an WhatsApp: <strong>+201112596434<\/strong><\/p>\n<p>Wenn Sie aus \u00c4gypten Buchen Sie jetzt online und best\u00e4tigen Sie bei der Ankunft Hotel.<\/p>\n<p><span style=\"color: #ff6600;\">\u2014\u2014\u2013 | \u2014\u2014\u2014\u2014\u2014- | \u2014\u2014\u2014-<\/span><\/p>\n<p>Diese luxuri\u00f6se Tagestour bietet Platz f\u00fcr kleine Gruppen von bis zu 8 Personen und erm\u00f6glicht so ein pers\u00f6nliches Erlebnis. Sie werden bequem und bequem in modernen Minivans von Ihrem Hotel in Makadi Bay nach Kairo transportiert. Ihr Reiseleiter ist ein Experte f\u00fcr alt\u00e4gyptische Geschichte und steht Ihnen zur Verf\u00fcgung, um alle Ihre Fragen zur pharaonischen Zivilisation zu beantworten, einschlie\u00dflich der Mythen rund um die Sphinx und die Pyramidentexte.<\/p>\n<p>pr\u00fcfen <a href=\"https:\/\/hurghadalovers.com\/de\/tour-category\/makadi-bay-ausfluege\/\"><strong>Makadi bay Ausfl\u00fcge<\/strong><\/a>\u00a0&#8211; <a href=\"https:\/\/hurghadalovers.com\/de\/tour-category\/kairo-tagesausfluege-von-makadi-bay\/\"><strong>Kairo Tagesausfl\u00fcge von Makadi bay<\/strong><\/a>:<\/p>\n<ul>\n<li><a href=\"https:\/\/hurghadalovers.com\/de\/tours\/makadi-bucht-zu-pyramiden-tagesausflug-mit-dem-bus\/\">Tagesausflug von Makadi bay zu den Pyramiden mit dem Bus<\/a><\/li>\n<li><a href=\"https:\/\/hurghadalovers.com\/de\/tours\/tagesausfluge-von-der-makadi-bucht-zu-den-pyramiden-mit-dem-minivan\/\">Tagesausflug Von Makadi bay Nach Kairo im Minivan<\/a><\/li>\n<li>Privater Ausflug nach Kairo von Makadi bay<\/li>\n<li><a href=\"https:\/\/hurghadalovers.com\/de\/tours\/privat-makadi-bucht-taxi-transfers-nach-luxor-kairo\/\">Privater Transfer von Makadi bay<\/a><\/li>\n<li>Privater Kairo und Alexandria von Makadi bay &#8211; 2 Tage<\/li>\n<li><a href=\"https:\/\/hurghadalovers.com\/de\/tours\/makadi-bay-privat-tagesausflug-nach-sakkara\/\">Privater Tagesausflug Makadi bay Kairo<\/a> nach Sakkara Dahshur, Memphis, \u00c4gyptisches Museum<\/li>\n<li><a href=\"https:\/\/hurghadalovers.com\/de\/tours\/private-makadi-bucht-ausfluge-zu-pyramiden-el-rifai\/\">Privater Makadi bay Pyramiden Ausflug<\/a> nach Pyramiden von Gizeh, El Rifai und der Sultan-Hassan-Moschee<\/li>\n<li><a href=\"https:\/\/hurghadalovers.com\/de\/tours\/privat-kairo-ubernachtungs-tour-von-makadi-bucht\/\">Privater Ausflug von Makadi bay nach Kairo<\/a> &#8211; 2 Tage<\/li>\n<li><a href=\"https:\/\/hurghadalovers.com\/de\/tours\/privat-makadi-bucht-zu-pyramiden-von-giza-saqqara\/\">Privater Makadi bay Pyramiden Tour<\/a> nach Sakkara, Sphinx und zum islamischen Kairo<\/li>\n<li><a href=\"https:\/\/hurghadalovers.com\/de\/tours\/makadi-bay-privat-tagesausflug-zum-islamischen-kairo\/\">Privater Ausflug nach islamische Kairo Von Makadi bay<\/a><\/li>\n<li><a href=\"https:\/\/hurghadalovers.com\/de\/tours\/makadi-bay-privat-tagesausflug-nach-koop-kairo\/\">Privater Ausflug nach koptische Kairo Von Makadi bay<\/a><\/li>\n<li>Privater Ausflug von Makadi bay nach Luxor und Kairo &#8211; 2 Tage<\/li>\n<li><a href=\"https:\/\/hurghadalovers.com\/de\/tours\/privat-kairo-tour-von-der-makadi-bucht\/\">Privater Ausflug Pyramiden \u00c4gypten Makadi bay<\/a> nach Sphinx, Sakkara und Dahschur<\/li>\n<\/ul>\n<p>&nbsp;<\/p>\n<p>&nbsp;<\/p>\n","protected":false},"excerpt":{"rendered":"<p><strong>Makadi Bay Private Cairo Alexandria Tour<\/strong> &#8211; 2 Tage mit Auto, Minivan mit privatem F\u00fchrer.<\/p>\n<p style=\"text-align: center;\"><span style=\"color: #ff6600;\"><strong> Entdecken Sie die wichtigsten historischen Monumente in \u00c4gypten<\/strong><\/span><\/p>\n<p>&nbsp;<\/p>\n","protected":false},"featured_media":393792,"template":"","meta":{"_joinchat":[]},"product_brand":[],"product_cat":[29817],"product_tag":[],"class_list":{"0":"post-386990","1":"product","2":"type-product","3":"status-publish","4":"has-post-thumbnail","6":"product_cat-touren","7":"tour_category-kairo-tagesausfluege-von-makadi-bay","8":"tour_category-makadi-bay-ausfluege","10":"first","11":"instock","12":"sale","13":"shipping-taxable","14":"purchasable","15":"product-type-tour"},"yoast_head":"<!-- This site is optimized with the Yoast SEO Premium plugin v26.9 (Yoast SEO v27.2) - https:\/\/yoast.com\/product\/yoast-seo-premium-wordpress\/ -->\n<title>Privater Kairo und Alexandria von Makadi bay - 2 Tage<\/title>\n<meta name=\"description\" content=\"Privater Kairo und Alexandria von Makadi bay - 2 Tage mit Auto, Minivan mit privatem F\u00fchrer. Entdecken Sie die wichtigsten historischen Monumente in \u00c4gypten\" \/>\n<meta name=\"robots\" content=\"index, follow, max-snippet:-1, max-image-preview:large, max-video-preview:-1\" \/>\n<link rel=\"canonical\" href=\"https:\/\/hurghadalovers.com\/de\/tours\/makadi-bay-privat-kairo-alexandria-tour-2-tage\/\" \/>\n<meta property=\"og:locale\" content=\"de_DE\" \/>\n<meta property=\"og:type\" content=\"article\" \/>\n<meta property=\"og:title\" content=\"Privater Kairo und Alexandria von Makadi bay - 2 Tage\" \/>\n<meta property=\"og:description\" content=\"Privater Kairo und Alexandria von Makadi bay - 2 Tage mit Auto, Minivan mit privatem F\u00fchrer. Entdecken Sie die wichtigsten historischen Monumente in \u00c4gypten\" \/>\n<meta property=\"og:url\" content=\"https:\/\/hurghadalovers.com\/de\/tours\/makadi-bay-privat-kairo-alexandria-tour-2-tage\/\" \/>\n<meta property=\"og:site_name\" content=\"Hurghada Excursions &amp; Day Trips | Booking Best Prices Tours\" \/>\n<meta property=\"article:publisher\" content=\"https:\/\/www.facebook.com\/Hurghadaloversegypt\" \/>\n<meta property=\"article:modified_time\" content=\"2026-02-08T20:31:58+00:00\" \/>\n<meta property=\"og:image\" content=\"https:\/\/hurghadalovers.com\/wp-content\/uploads\/2023\/09\/Private-El-Gouna-to-Pyramids-of-Giza.jpeg\" \/>\n\t<meta property=\"og:image:width\" content=\"1536\" \/>\n\t<meta property=\"og:image:height\" content=\"795\" \/>\n\t<meta property=\"og:image:type\" content=\"image\/jpeg\" \/>\n<meta name=\"twitter:card\" content=\"summary_large_image\" \/>\n<meta name=\"twitter:label1\" content=\"Price\" \/>\n\t<meta name=\"twitter:data1\" content=\"&euro;&nbsp;200\" \/>\n\t<meta name=\"twitter:label2\" content=\"Availability\" \/>\n\t<meta name=\"twitter:data2\" content=\"In stock\" \/>\n<script type=\"application\/ld+json\" class=\"yoast-schema-graph\">{\"@context\":\"https:\/\/schema.org\",\"@graph\":[{\"@type\":[\"WebPage\",\"ItemPage\"],\"@id\":\"https:\/\/hurghadalovers.com\/de\/tours\/makadi-bay-privat-kairo-alexandria-tour-2-tage\/\",\"url\":\"https:\/\/hurghadalovers.com\/de\/tours\/makadi-bay-privat-kairo-alexandria-tour-2-tage\/\",\"name\":\"Privater Kairo und Alexandria von Makadi bay - 2 Tage\",\"isPartOf\":{\"@id\":\"https:\/\/hurghadalovers.com\/de\/#website\"},\"primaryImageOfPage\":{\"@id\":\"https:\/\/hurghadalovers.com\/de\/tours\/makadi-bay-privat-kairo-alexandria-tour-2-tage\/#primaryimage\"},\"image\":{\"@id\":\"https:\/\/hurghadalovers.com\/de\/tours\/makadi-bay-privat-kairo-alexandria-tour-2-tage\/#primaryimage\"},\"thumbnailUrl\":\"https:\/\/hurghadalovers.com\/wp-content\/uploads\/2023\/09\/Private-El-Gouna-to-Pyramids-of-Giza.jpeg\",\"datePublished\":\"2023-08-29T18:23:11+00:00\",\"dateModified\":\"2026-02-08T20:31:58+00:00\",\"description\":\"Privater Kairo und Alexandria von Makadi bay - 2 Tage mit Auto, Minivan mit privatem F\u00fchrer. Entdecken Sie die wichtigsten historischen Monumente in \u00c4gypten\",\"breadcrumb\":{\"@id\":\"https:\/\/hurghadalovers.com\/de\/tours\/makadi-bay-privat-kairo-alexandria-tour-2-tage\/#breadcrumb\"},\"inLanguage\":\"de-DE\",\"potentialAction\":[{\"@type\":\"ReadAction\",\"target\":[\"https:\/\/hurghadalovers.com\/de\/tours\/makadi-bay-privat-kairo-alexandria-tour-2-tage\/\"]}]},{\"@type\":\"ImageObject\",\"inLanguage\":\"de-DE\",\"@id\":\"https:\/\/hurghadalovers.com\/de\/tours\/makadi-bay-privat-kairo-alexandria-tour-2-tage\/#primaryimage\",\"url\":\"https:\/\/hurghadalovers.com\/wp-content\/uploads\/2023\/09\/Private-El-Gouna-to-Pyramids-of-Giza.jpeg\",\"contentUrl\":\"https:\/\/hurghadalovers.com\/wp-content\/uploads\/2023\/09\/Private-El-Gouna-to-Pyramids-of-Giza.jpeg\",\"width\":1536,\"height\":795,\"caption\":\"Private El Gouna to Pyramids of Giza\"},{\"@type\":\"BreadcrumbList\",\"@id\":\"https:\/\/hurghadalovers.com\/de\/tours\/makadi-bay-privat-kairo-alexandria-tour-2-tage\/#breadcrumb\",\"itemListElement\":[{\"@type\":\"ListItem\",\"position\":1,\"name\":\"Home\",\"item\":\"https:\/\/hurghadalovers.com\/de\/\"},{\"@type\":\"ListItem\",\"position\":2,\"name\":\"Shop\",\"item\":\"https:\/\/hurghadalovers.com\/shop\/\"},{\"@type\":\"ListItem\",\"position\":3,\"name\":\"Privater Kairo und Alexandria von Makadi bay &#8211; 2 Tage\"}]},{\"@type\":\"WebSite\",\"@id\":\"https:\/\/hurghadalovers.com\/de\/#website\",\"url\":\"https:\/\/hurghadalovers.com\/de\/\",\"name\":\"Hurghada Excursions & Day Trips | Booking Best Prices Tours\",\"description\":\"Hurghada Lovers - Best Tour Operator - Excursions &amp; Things to do for Family Day Trips with kids and Couples Romantic. Unique .Hidden gems\",\"publisher\":{\"@id\":\"https:\/\/hurghadalovers.com\/de\/#organization\"},\"alternateName\":\"Hurghada Excursions\",\"potentialAction\":[{\"@type\":\"SearchAction\",\"target\":{\"@type\":\"EntryPoint\",\"urlTemplate\":\"https:\/\/hurghadalovers.com\/de\/?s={search_term_string}\"},\"query-input\":{\"@type\":\"PropertyValueSpecification\",\"valueRequired\":true,\"valueName\":\"search_term_string\"}}],\"inLanguage\":\"de-DE\"},{\"@type\":[\"Organization\",\"Place\",\"TravelAgency\"],\"@id\":\"https:\/\/hurghadalovers.com\/de\/#organization\",\"name\":\"Hurghada Excursions\",\"url\":\"https:\/\/hurghadalovers.com\/de\/\",\"logo\":{\"@id\":\"https:\/\/hurghadalovers.com\/de\/tours\/makadi-bay-privat-kairo-alexandria-tour-2-tage\/#local-main-organization-logo\"},\"image\":{\"@id\":\"https:\/\/hurghadalovers.com\/de\/tours\/makadi-bay-privat-kairo-alexandria-tour-2-tage\/#local-main-organization-logo\"},\"sameAs\":[\"https:\/\/www.facebook.com\/Hurghadaloversegypt\"],\"address\":{\"@id\":\"https:\/\/hurghadalovers.com\/de\/tours\/makadi-bay-privat-kairo-alexandria-tour-2-tage\/#local-main-place-address\"},\"telephone\":[\"00201112596434\"],\"contactPoint\":{\"@type\":\"ContactPoint\",\"telephone\":\"00201112596434\",\"email\":\"weyouface@gmail.com\"},\"openingHoursSpecification\":{\"@type\":\"OpeningHoursSpecification\",\"dayOfWeek\":[\"Monday\",\"Tuesday\",\"Wednesday\",\"Thursday\",\"Friday\",\"Saturday\",\"Sunday\"],\"opens\":\"00:00\",\"closes\":\"23:59\"},\"email\":\"weyouface@gmail.com\",\"areaServed\":\"Luxor, Hurghada, El Gouna, Aswan, Sharm El Sheikh, Giza, Alexandria, Marsa Alam, Quseir, Soma Bay, Sahl Hasheesh, Red Sea, Makadi Bay, Cairo\",\"priceRange\":\"$\",\"currenciesAccepted\":\"euro\",\"paymentAccepted\":\"cash on site\"},{\"@type\":\"PostalAddress\",\"@id\":\"https:\/\/hurghadalovers.com\/de\/tours\/makadi-bay-privat-kairo-alexandria-tour-2-tage\/#local-main-place-address\",\"streetAddress\":\"17 Banks street, Alkawther area, top nbk bank\",\"addressLocality\":\"hurghada\",\"postalCode\":\"84511\",\"addressRegion\":\"red sea\",\"addressCountry\":\"EG\"},{\"@type\":\"ImageObject\",\"inLanguage\":\"de-DE\",\"@id\":\"https:\/\/hurghadalovers.com\/de\/tours\/makadi-bay-privat-kairo-alexandria-tour-2-tage\/#local-main-organization-logo\",\"url\":\"https:\/\/hurghadalovers.com\/wp-content\/uploads\/2019\/10\/hurghada-excursions-logo.png\",\"contentUrl\":\"https:\/\/hurghadalovers.com\/wp-content\/uploads\/2019\/10\/hurghada-excursions-logo.png\",\"width\":272,\"height\":90,\"caption\":\"Hurghada Excursions\"}]}<\/script>\n<meta property=\"product:brand\" content=\"Kairo Tagesausfl\u00fcge von Makadi bay\" \/>\n<meta property=\"product:price:amount\" content=\"200\" \/>\n<meta property=\"product:price:currency\" content=\"EUR\" \/>\n<meta property=\"og:availability\" content=\"instock\" \/>\n<meta property=\"product:availability\" content=\"instock\" \/>\n<meta property=\"product:retailer_item_id\" content=\"MakadiBay092024\" \/>\n<meta property=\"product:condition\" content=\"new\" \/>\n<meta name=\"geo.placename\" content=\"hurghada\" \/>\n<meta name=\"geo.region\" content=\"Egypt\" \/>\n<!-- \/ Yoast SEO Premium plugin. -->","yoast_head_json":{"title":"Privater Kairo und Alexandria von Makadi bay - 2 Tage","description":"Privater Kairo und Alexandria von Makadi bay - 2 Tage mit Auto, Minivan mit privatem F\u00fchrer. Entdecken Sie die wichtigsten historischen Monumente in \u00c4gypten","robots":{"index":"index","follow":"follow","max-snippet":"max-snippet:-1","max-image-preview":"max-image-preview:large","max-video-preview":"max-video-preview:-1"},"canonical":"https:\/\/hurghadalovers.com\/de\/tours\/makadi-bay-privat-kairo-alexandria-tour-2-tage\/","og_locale":"de_DE","og_type":"article","og_title":"Privater Kairo und Alexandria von Makadi bay - 2 Tage","og_description":"Privater Kairo und Alexandria von Makadi bay - 2 Tage mit Auto, Minivan mit privatem F\u00fchrer. Entdecken Sie die wichtigsten historischen Monumente in \u00c4gypten","og_url":"https:\/\/hurghadalovers.com\/de\/tours\/makadi-bay-privat-kairo-alexandria-tour-2-tage\/","og_site_name":"Hurghada Excursions &amp; Day Trips | Booking Best Prices Tours","article_publisher":"https:\/\/www.facebook.com\/Hurghadaloversegypt","article_modified_time":"2026-02-08T20:31:58+00:00","og_image":[{"width":1536,"height":795,"url":"https:\/\/hurghadalovers.com\/wp-content\/uploads\/2023\/09\/Private-El-Gouna-to-Pyramids-of-Giza.jpeg","type":"image\/jpeg"}],"twitter_card":"summary_large_image","twitter_misc":{"Price":"&euro;&nbsp;200","Availability":"In stock"},"schema":{"@context":"https:\/\/schema.org","@graph":[{"@type":["WebPage","ItemPage"],"@id":"https:\/\/hurghadalovers.com\/de\/tours\/makadi-bay-privat-kairo-alexandria-tour-2-tage\/","url":"https:\/\/hurghadalovers.com\/de\/tours\/makadi-bay-privat-kairo-alexandria-tour-2-tage\/","name":"Privater Kairo und Alexandria von Makadi bay - 2 Tage","isPartOf":{"@id":"https:\/\/hurghadalovers.com\/de\/#website"},"primaryImageOfPage":{"@id":"https:\/\/hurghadalovers.com\/de\/tours\/makadi-bay-privat-kairo-alexandria-tour-2-tage\/#primaryimage"},"image":{"@id":"https:\/\/hurghadalovers.com\/de\/tours\/makadi-bay-privat-kairo-alexandria-tour-2-tage\/#primaryimage"},"thumbnailUrl":"https:\/\/hurghadalovers.com\/wp-content\/uploads\/2023\/09\/Private-El-Gouna-to-Pyramids-of-Giza.jpeg","datePublished":"2023-08-29T18:23:11+00:00","dateModified":"2026-02-08T20:31:58+00:00","description":"Privater Kairo und Alexandria von Makadi bay - 2 Tage mit Auto, Minivan mit privatem F\u00fchrer. Entdecken Sie die wichtigsten historischen Monumente in \u00c4gypten","breadcrumb":{"@id":"https:\/\/hurghadalovers.com\/de\/tours\/makadi-bay-privat-kairo-alexandria-tour-2-tage\/#breadcrumb"},"inLanguage":"de-DE","potentialAction":[{"@type":"ReadAction","target":["https:\/\/hurghadalovers.com\/de\/tours\/makadi-bay-privat-kairo-alexandria-tour-2-tage\/"]}]},{"@type":"ImageObject","inLanguage":"de-DE","@id":"https:\/\/hurghadalovers.com\/de\/tours\/makadi-bay-privat-kairo-alexandria-tour-2-tage\/#primaryimage","url":"https:\/\/hurghadalovers.com\/wp-content\/uploads\/2023\/09\/Private-El-Gouna-to-Pyramids-of-Giza.jpeg","contentUrl":"https:\/\/hurghadalovers.com\/wp-content\/uploads\/2023\/09\/Private-El-Gouna-to-Pyramids-of-Giza.jpeg","width":1536,"height":795,"caption":"Private El Gouna to Pyramids of Giza"},{"@type":"BreadcrumbList","@id":"https:\/\/hurghadalovers.com\/de\/tours\/makadi-bay-privat-kairo-alexandria-tour-2-tage\/#breadcrumb","itemListElement":[{"@type":"ListItem","position":1,"name":"Home","item":"https:\/\/hurghadalovers.com\/de\/"},{"@type":"ListItem","position":2,"name":"Shop","item":"https:\/\/hurghadalovers.com\/shop\/"},{"@type":"ListItem","position":3,"name":"Privater Kairo und Alexandria von Makadi bay &#8211; 2 Tage"}]},{"@type":"WebSite","@id":"https:\/\/hurghadalovers.com\/de\/#website","url":"https:\/\/hurghadalovers.com\/de\/","name":"Hurghada Excursions & Day Trips | Booking Best Prices Tours","description":"Hurghada Lovers - Best Tour Operator - Excursions &amp; Things to do for Family Day Trips with kids and Couples Romantic. Unique .Hidden gems","publisher":{"@id":"https:\/\/hurghadalovers.com\/de\/#organization"},"alternateName":"Hurghada Excursions","potentialAction":[{"@type":"SearchAction","target":{"@type":"EntryPoint","urlTemplate":"https:\/\/hurghadalovers.com\/de\/?s={search_term_string}"},"query-input":{"@type":"PropertyValueSpecification","valueRequired":true,"valueName":"search_term_string"}}],"inLanguage":"de-DE"},{"@type":["Organization","Place","TravelAgency"],"@id":"https:\/\/hurghadalovers.com\/de\/#organization","name":"Hurghada Excursions","url":"https:\/\/hurghadalovers.com\/de\/","logo":{"@id":"https:\/\/hurghadalovers.com\/de\/tours\/makadi-bay-privat-kairo-alexandria-tour-2-tage\/#local-main-organization-logo"},"image":{"@id":"https:\/\/hurghadalovers.com\/de\/tours\/makadi-bay-privat-kairo-alexandria-tour-2-tage\/#local-main-organization-logo"},"sameAs":["https:\/\/www.facebook.com\/Hurghadaloversegypt"],"address":{"@id":"https:\/\/hurghadalovers.com\/de\/tours\/makadi-bay-privat-kairo-alexandria-tour-2-tage\/#local-main-place-address"},"telephone":["00201112596434"],"contactPoint":{"@type":"ContactPoint","telephone":"00201112596434","email":"weyouface@gmail.com"},"openingHoursSpecification":{"@type":"OpeningHoursSpecification","dayOfWeek":["Monday","Tuesday","Wednesday","Thursday","Friday","Saturday","Sunday"],"opens":"00:00","closes":"23:59"},"email":"weyouface@gmail.com","areaServed":"Luxor, Hurghada, El Gouna, Aswan, Sharm El Sheikh, Giza, Alexandria, Marsa Alam, Quseir, Soma Bay, Sahl Hasheesh, Red Sea, Makadi Bay, Cairo","priceRange":"$","currenciesAccepted":"euro","paymentAccepted":"cash on site"},{"@type":"PostalAddress","@id":"https:\/\/hurghadalovers.com\/de\/tours\/makadi-bay-privat-kairo-alexandria-tour-2-tage\/#local-main-place-address","streetAddress":"17 Banks street, Alkawther area, top nbk bank","addressLocality":"hurghada","postalCode":"84511","addressRegion":"red sea","addressCountry":"EG"},{"@type":"ImageObject","inLanguage":"de-DE","@id":"https:\/\/hurghadalovers.com\/de\/tours\/makadi-bay-privat-kairo-alexandria-tour-2-tage\/#local-main-organization-logo","url":"https:\/\/hurghadalovers.com\/wp-content\/uploads\/2019\/10\/hurghada-excursions-logo.png","contentUrl":"https:\/\/hurghadalovers.com\/wp-content\/uploads\/2019\/10\/hurghada-excursions-logo.png","width":272,"height":90,"caption":"Hurghada Excursions"}]},"product_brand":"Kairo Tagesausfl\u00fcge von Makadi bay","product_price_amount":"200","product_price_currency":"EUR","og_availability":"instock","product_availability":"instock","product_retailer_item_id":"MakadiBay092024","product_condition":"new","geo.placename":"hurghada","geo.region":"Egypt"},"_links":{"self":[{"href":"https:\/\/hurghadalovers.com\/de\/wp-json\/wp\/v2\/product\/386990","targetHints":{"allow":["GET"]}}],"collection":[{"href":"https:\/\/hurghadalovers.com\/de\/wp-json\/wp\/v2\/product"}],"about":[{"href":"https:\/\/hurghadalovers.com\/de\/wp-json\/wp\/v2\/types\/product"}],"wp:featuredmedia":[{"embeddable":true,"href":"https:\/\/hurghadalovers.com\/de\/wp-json\/wp\/v2\/media\/393792"}],"wp:attachment":[{"href":"https:\/\/hurghadalovers.com\/de\/wp-json\/wp\/v2\/media?parent=386990"}],"wp:term":[{"taxonomy":"product_brand","embeddable":true,"href":"https:\/\/hurghadalovers.com\/de\/wp-json\/wp\/v2\/product_brand?post=386990"},{"taxonomy":"product_cat","embeddable":true,"href":"https:\/\/hurghadalovers.com\/de\/wp-json\/wp\/v2\/product_cat?post=386990"},{"taxonomy":"product_tag","embeddable":true,"href":"https:\/\/hurghadalovers.com\/de\/wp-json\/wp\/v2\/product_tag?post=386990"}],"curies":[{"name":"wp","href":"https:\/\/api.w.org\/{rel}","templated":true}]}}