{"id":386768,"date":"2023-08-29T16:53:19","date_gmt":"2023-08-29T16:57:47","guid":{"rendered":"https:\/\/hurghadalovers.com\/shop\/unkategorisiert\/private-kairo-uebernachtungstour-von-makadi-bay-aus\/"},"modified":"2026-02-08T15:15:32","modified_gmt":"2026-02-08T15:15:32","slug":"privat-kairo-ubernachtungs-tour-von-makadi-bucht","status":"publish","type":"product","link":"https:\/\/hurghadalovers.com\/de\/tours\/privat-kairo-ubernachtungs-tour-von-makadi-bucht\/","title":{"rendered":"Privater Ausflug von Makadi bay nach Kairo &#8211; 2 Tage"},"content":{"rendered":"<p><strong>Privater Ausflug von Makadi bay nach Kairo<\/strong> &#8211; 2 Tage | Private Kairo \u00dcbernachtungstour von Makadi Bay mit Auto, Minivan | Luxus Kairo Ganztagesausflug mit Hotel\u00fcbernachtung in Kairo.<\/p>\n<p style=\"text-align: center;\">\u00a0Entdecken Sie die Geheimnisse der <a href=\"https:\/\/hurghadalovers.com\/de\/pharaonen-koenige-aegypten\/\"><strong>Pharaonen<\/strong><\/a> im alten \u00c4gypten.<\/p>\n<p><strong>H\u00f6hepunkte:<\/strong><\/p>\n<ol>\n<li>Besuchen Sie die <a href=\"https:\/\/hurghadalovers.com\/de\/pyramiden-von-gizeh-kairo\/\">Pyramiden von Gizeh<\/a>.<\/li>\n<li>Besuchen Sie die <a href=\"https:\/\/hurghadalovers.com\/de\/grosse-sphinx-gizeh-kairo-aegypten\/\">Gro\u00dfe Sphinx<\/a>.<\/li>\n<li>Besuch der Pyramide von Saqqara <a href=\"https:\/\/hurghadalovers.com\/de\/djoser-pyramide-sakkara-kairo-aegypten\/\">Djoser-Pyramide<\/a>.<\/li>\n<li>\u00c4gyptisches Museum.<\/li>\n<li>Zitadelle von Kairo &#8220;Zitadelle von Saladin&#8221;<\/li>\n<li>Khan al Khalili-Basar.<\/li>\n<li>Mittagessen im Restaurant &#8220;Vegetarisches Essen ist m\u00f6glich&#8221;.<\/li>\n<\/ol>\n<p><strong>Privater Ausflug von Makadi bay nach Kairo Einzelheiten:<\/strong><\/p>\n<ul>\n<li>Verf\u00fcgbarkeit der Tour: Jeden Tag.<\/li>\n<li>Art der Tour: Privat mit Auto oder Minivan.<\/li>\n<li>Abholzeit: Ab 12:30 Uhr.<\/li>\n<li>Asking Hotel erhalten Sie Ihr Fr\u00fchst\u00fcck Tasche mit Ihnen Morgen.<\/li>\n<li>Abholzeit: 19:00 Uhr.<\/li>\n<li>F\u00fcr Rollstuhlfahrer zug\u00e4nglich.<\/li>\n<li>Dauer: 2 Tage \/ 1 Nacht.<\/li>\n<\/ul>\n<p><strong>Jetzt reservieren und sp\u00e4ter bezahlen:<\/strong><\/p>\n<ul>\n<li>Bargeld vor Ort zu f\u00fchren.<\/li>\n<li>Zahlung in \u00e4gyptischen Pfund, $, \u20ac oder \u00a3.<\/li>\n<\/ul>\n<p><strong>Stornierungsbedingungen:<\/strong><\/p>\n<ul>\n<li>Sie k\u00f6nnen bis zu 24 Stunden im Voraus stornieren.<\/li>\n<li>Wenn jemand aus Ihrer Familie den Vormittag absagt, zahlen Sie 50 % der Kosten.<\/li>\n<\/ul>\n<p><strong>Was ist inbegriffen?<\/strong><\/p>\n<ul>\n<li>Transfer von Makadi Bay Hotels &#8220;Hotel abholen und zur\u00fcckbringen&#8221;.<\/li>\n<li>Alle Steuern, Eintrittsgelder und Bearbeitungsgeb\u00fchren.<\/li>\n<li>\u00dcberweisungen.<\/li>\n<li>Reiseleiter.<\/li>\n<li>1 \u00dcbernachtung im Hotel mit einem Fr\u00fchst\u00fcck.<\/li>\n<li>Die Getr\u00e4nke.<\/li>\n<li>2 Mal Mittagessen im Restaurant.<\/li>\n<\/ul>\n<p><strong>Ausnahmen?<\/strong><\/p>\n<ul>\n<li>Trinkgeld.<\/li>\n<li>Feluccatour &#8220;Bootsfahrt&#8221; F\u00fcr 35 min= 10$.<\/li>\n<li>Alle nicht erw\u00e4hnten Extras.<\/li>\n<\/ul>\n<h4><strong>Preise:<\/strong><\/h4>\n<ul>\n<li><strong>Preis f\u00fcr Erwachsene = ab 260$ pro Person<\/strong>.<\/li>\n<li>Preis f\u00fcr Kinder &#8220;5-12\u2033= 50%.<\/li>\n<li>f\u00fcr Kinder &#8220;0-5\u2033= Kostenlos.<\/li>\n<\/ul>\n<p><strong>Bewertungen:<\/strong><\/p>\n<p>\u00fcberpr\u00fcfen Sie unsere Google Map Bewertungen als bester <a href=\"https:\/\/g.page\/r\/CUeYvkngP3wkEBM\/review\">Reiseveranstalter in Hurghada<\/a> online in <a href=\"https:\/\/hurghadalovers.com\/\">Hurghada<\/a> \u00c4gypten.<\/p>\n<p>&nbsp;<\/p>\n<p><strong>Reservierung:<\/strong><\/p>\n<p>Senden Sie Hotel + Zimmernummer + Fotop\u00e4sse an WhatsApp: <strong>+201112596434<\/strong><\/p>\n<p>Wenn Sie aus \u00c4gypten Buchen Sie jetzt online und best\u00e4tigen Sie bei der Ankunft Hotel.<\/p>\n<p><span style=\"color: #ff6600;\">\u2014\u2014\u2013 | \u2014\u2014\u2014\u2014\u2014- | \u2014\u2014\u2014-<\/span><\/p>\n<h4><strong>Kairo \u00c4gyptisches Museum<\/strong><\/h4>\n<p>Besucht man nun das \u00e4gyptische Museum, so wird man an die ehemalige Pracht der Pharaonenzeit erinnert. Hier werden die prachtvollen Reliquien der Ausgrabungen aus der Zeit der Pharaonen ausgestellt.<\/p>\n<p>Die Grabbeigaben des\u00a0K\u00f6nig Tutanchamun\u00a0und die Maske Tutanchamuns sind wohl die gr\u00f6\u00dften Attraktionen der Ausstellungen. Sie fragen sich wie die Kunstwerke ohne maschinelle Hilfe hergestellt werden konnten?<\/p>\n<p>Die alten \u00c4gypter waren exzellente Handwerker! Das ehemals f\u00fcr 50 000 Ausstellungsst\u00fccke auf 15000 qm konzipierte Museum beherbergt inzwischen das 3 fache und davon wird ein Vielfaches im Keller des Geb\u00e4udes von den Besuchern unerreichbar aufbewahrt.<\/p>\n<p>Deshalb ist inzwischen ein modernes gro\u00dfes Museum im Bau, um alle Artefakte und die inzwischen gro\u00dfe Besucherzahl von bis zu 10 000 t\u00e4glich aufzufangen.<\/p>\n<p>&nbsp;<\/p>\n<p>Nat\u00fcrlich stehen auf jedem Besuch Kairos die Pyramiden mit der Sphinx auf dem Programm. Die Cheops (die \u00e4lteste und h\u00f6chste auf dem Plateau), Chephren (die 4500 Jahre alte)sowie die kleinste Mykerinos Pyramide bilden zusammen eines der letzten 7 Weltwunder. Wie hat man die Pyramiden errichtet? Bis heute versuchen verschiedene Thesen ihre Bauweise zu erkl\u00e4ren.<\/p>\n<p>Kairos Besucher haben die M\u00f6glichkeit aus einer Vielzahl Restaurants und Bistros zu w\u00e4hlen (wie w\u00e4re es auf einem der als Restaurants fungierenden Nilschiffe in romantischer Atmosph\u00e4re zu dinieren?) Kairo bietet f\u00fcr jeden Geldbeutel das richtige, von der Stra\u00dfenk\u00fcche(Foul-Felefal) bis zum Gourmet Restaurant.<\/p>\n<h4><strong>Tahrir Platz<\/strong><\/h4>\n<p>Sie kennen den ber\u00fchmten Tahrir Platz vom TV? Der im 1858 vom osmanischen Vizek\u00f6nig Pascha gegr\u00fcndete Tahrir Platz bekam schon durch einen 1952 begonnen Milit\u00e4rputsch seinen Namen. 25 Jahre sp\u00e4ter erfolgten dort die n\u00e4chsten sogenannten Brotunruhen und 2003 versammelten sich die Menschen wieder auf dem Tahrir Platz, um gegen die Invasion gegen Irak zu protestieren. Danach erfolgten die Proteste gegen die Regierung Mubarak und der Absetzung Mursis.<\/p>\n<p><strong>Tagesausflug von Kairo:<\/strong><\/p>\n<p>Nach dieser gro\u00dfartigen Bl\u00fctezeit \u00c4gyptens folgte eine schwache Zeit, die als 1. Zwischenzeit bekannt wurde.<\/p>\n<p>Zu Beginn der 11. Dynastie erlangte \u00c4gypten seine m\u00e4chtige Zeit zur\u00fcck, die jedoch nur zwei Dynastien andauerte, bevor die 2. Zwischenzeit mit einer ber\u00fchmten asiatischen Besetzung, den Heksos, welche eine ausl\u00e4ndische Herrschschaft bedeuteten.<\/p>\n<p>Einige Jahre sp\u00e4ter erlangte durch eine gro\u00dfe k\u00f6nigliche Familie, welche aus dem S\u00fcden nach Theben kam, um \u00c4gypten von der Besatzung zu befreien, das Land seine m\u00e4chtige Zeit wieder zur\u00fcck.<\/p>\n<p>Die goldene \u00c4ra der Pharaonenzeit hinterlie\u00df an verschiedenen Orten \u00c4gyptens das Zeugnis Ihrer K\u00fcnste der Baukunst, welche Sie bis Heute bestaunen d\u00fcrfen.<\/p>\n<p>Ihre damalige Hauptstadt Theben, dem heutigen Luxor, zeugen in Ihren arch\u00e4ologischen St\u00e4tten von dem damaligen Leben in \u00c4gypten.<\/p>\n<p>Besuchen Sie einige dieser Sehensw\u00fcrdigkeiten mit einem unserer Luxor-Trips ab Kairo.<\/p>\n<ol>\n<li><strong>Sollte ich bei Stra\u00dfenh\u00e4ndlern rund um die Pyramide kaufen?<\/strong><\/li>\n<\/ol>\n<p>Wir raten davon ab, bei Stra\u00dfenh\u00e4ndlern rund um die Pyramide einzukaufen, da ihre Produkte von sehr schlechter Qualit\u00e4t sind. Lehne h\u00f6flich ab und bedanke dich.<\/p>\n<ol start=\"2\">\n<li><strong>Kann ich vor meinem Flug im Hotel fr\u00fchst\u00fccken?<\/strong><\/li>\n<\/ol>\n<p>Fragen Sie Ihr Hotel in Makadi Bay nach einem Fr\u00fchst\u00fcckspaket, das Sie morgens vor Ihrem Flug von der Lobby mitnehmen k\u00f6nnen.<\/p>\n<ol start=\"3\">\n<li><strong>Darf ich rund um die Pyramiden, die Sphinx und das Museum fotografieren?<\/strong><\/li>\n<\/ol>\n<p>Ja, Sie k\u00f6nnen mit Ihrem Mobiltelefon oder Ihrer Kamera rund um die Pyramiden, die Sphinx und das Museum sowie andere Touristenattraktionen fotografieren, w\u00e4hrend Sie auf der Stra\u00dfe spazieren gehen.<\/p>\n<p>pr\u00fcfen <a href=\"https:\/\/hurghadalovers.com\/de\/tour-category\/makadi-bay-ausfluege\/\"><strong>Makadi bay Ausfl\u00fcge<\/strong><\/a>\u00a0&#8211; <a href=\"https:\/\/hurghadalovers.com\/de\/tour-category\/kairo-tagesausfluege-von-makadi-bay\/\"><strong>Kairo Tagesausfl\u00fcge von Makadi bay<\/strong><\/a>:<\/p>\n<ul>\n<li><a href=\"https:\/\/hurghadalovers.com\/de\/tours\/makadi-bucht-zu-pyramiden-tagesausflug-mit-dem-bus\/\">Tagesausflug von Makadi bay zu den Pyramiden mit dem Bus<\/a><\/li>\n<li><a href=\"https:\/\/hurghadalovers.com\/de\/tours\/tagesausfluge-von-der-makadi-bucht-zu-den-pyramiden-mit-dem-minivan\/\">Tagesausflug Von Makadi bay Nach Kairo im Minivan<\/a><\/li>\n<li>Privater Ausflug nach Kairo von Makadi bay<\/li>\n<li><a href=\"https:\/\/hurghadalovers.com\/de\/tours\/privat-makadi-bucht-taxi-transfers-nach-luxor-kairo\/\">Privater Transfer von Makadi bay<\/a><\/li>\n<li><a href=\"https:\/\/hurghadalovers.com\/de\/tours\/makadi-bay-privat-kairo-alexandria-tour-2-tage\/\">Privater Kairo und Alexandria von Makadi bay<\/a> &#8211; 2 Tage<\/li>\n<li><a href=\"https:\/\/hurghadalovers.com\/de\/tours\/makadi-bay-privat-tagesausflug-nach-sakkara\/\">Privater Tagesausflug Makadi bay Kairo<\/a> nach Sakkara Dahshur, Memphis, \u00c4gyptisches Museum<\/li>\n<li><a href=\"https:\/\/hurghadalovers.com\/de\/tours\/private-makadi-bucht-ausfluge-zu-pyramiden-el-rifai\/\">Privater Makadi bay Pyramiden Ausflug<\/a> nach Pyramiden von Gizeh, El Rifai und der Sultan-Hassan-Moschee<\/li>\n<li>Privater Ausflug von Makadi bay nach Kairo &#8211; 2 Tage<\/li>\n<li><a href=\"https:\/\/hurghadalovers.com\/de\/tours\/privat-makadi-bucht-zu-pyramiden-von-giza-saqqara\/\">Privater Makadi bay Pyramiden Tour<\/a> nach Sakkara, Sphinx und zum islamischen Kairo<\/li>\n<li>Privater Ausflug Pyramiden \u00c4gypten Makadi bay nach Sphinx, Sakkara und Dahschur<\/li>\n<\/ul>\n<p>&nbsp;<\/p>\n<p>&nbsp;<\/p>\n","protected":false},"excerpt":{"rendered":"<p><strong>Private Kairo \u00dcbernachtungstour von <\/strong><strong>Makadi Bay<\/strong> mit Auto, Minivan | Luxus Kairo Ganztagesausflug mit Hotel\u00fcbernachtung in Kairo.<\/p>\n<p style=\"text-align: center;\"><span style=\"color: #ff6600;\"><strong>Entdecken Sie die Geheimnisse der alt\u00e4gyptischen Zivilisation<\/strong><\/span><\/p>\n","protected":false},"featured_media":393771,"template":"","meta":{"_joinchat":[]},"product_brand":[],"product_cat":[29817],"product_tag":[],"class_list":{"0":"post-386768","1":"product","2":"type-product","3":"status-publish","4":"has-post-thumbnail","6":"product_cat-touren","7":"tour_category-kairo-tagesausfluege-von-makadi-bay","8":"tour_category-makadi-bay-ausfluege","10":"first","11":"instock","12":"sale","13":"shipping-taxable","14":"purchasable","15":"product-type-tour"},"yoast_head":"<!-- This site is optimized with the Yoast SEO Premium plugin v26.9 (Yoast SEO v27.2) - https:\/\/yoast.com\/product\/yoast-seo-premium-wordpress\/ -->\n<title>Privater Ausflug von Makadi bay nach Kairo - 2 Tage<\/title>\n<meta name=\"description\" content=\"Privater Ausflug von Makadi bay nach Kairo - 2 Tage mit Auto, Minivan | Luxus Kairo Ganztagesausflug mit Hotel\u00fcbernachtung in Kairo. Entdecken Sie die\" \/>\n<meta name=\"robots\" content=\"index, follow, max-snippet:-1, max-image-preview:large, max-video-preview:-1\" \/>\n<link rel=\"canonical\" href=\"https:\/\/hurghadalovers.com\/de\/tours\/privat-kairo-ubernachtungs-tour-von-makadi-bucht\/\" \/>\n<meta property=\"og:locale\" content=\"de_DE\" \/>\n<meta property=\"og:type\" content=\"article\" \/>\n<meta property=\"og:title\" content=\"Privater Ausflug von Makadi bay nach Kairo - 2 Tage\" \/>\n<meta property=\"og:description\" content=\"Privater Ausflug von Makadi bay nach Kairo - 2 Tage mit Auto, Minivan | Luxus Kairo Ganztagesausflug mit Hotel\u00fcbernachtung in Kairo. Entdecken Sie die\" \/>\n<meta property=\"og:url\" content=\"https:\/\/hurghadalovers.com\/de\/tours\/privat-kairo-ubernachtungs-tour-von-makadi-bucht\/\" \/>\n<meta property=\"og:site_name\" content=\"Hurghada Excursions &amp; Day Trips | Booking Best Prices Tours\" \/>\n<meta property=\"article:publisher\" content=\"https:\/\/www.facebook.com\/Hurghadaloversegypt\" \/>\n<meta property=\"article:modified_time\" content=\"2026-02-08T15:15:32+00:00\" \/>\n<meta property=\"og:image\" content=\"https:\/\/hurghadalovers.com\/wp-content\/uploads\/2023\/09\/Private-Cairo-Overnight-Tour-from-El-Gouna.jpg\" \/>\n\t<meta property=\"og:image:width\" content=\"1555\" \/>\n\t<meta property=\"og:image:height\" content=\"1037\" \/>\n\t<meta property=\"og:image:type\" content=\"image\/jpeg\" \/>\n<meta name=\"twitter:card\" content=\"summary_large_image\" \/>\n<meta name=\"twitter:label1\" content=\"Price\" \/>\n\t<meta name=\"twitter:data1\" content=\"&euro;&nbsp;260\" \/>\n\t<meta name=\"twitter:label2\" content=\"Availability\" \/>\n\t<meta name=\"twitter:data2\" content=\"In stock\" \/>\n<script type=\"application\/ld+json\" class=\"yoast-schema-graph\">{\"@context\":\"https:\/\/schema.org\",\"@graph\":[{\"@type\":[\"WebPage\",\"ItemPage\"],\"@id\":\"https:\/\/hurghadalovers.com\/de\/tours\/privat-kairo-ubernachtungs-tour-von-makadi-bucht\/\",\"url\":\"https:\/\/hurghadalovers.com\/de\/tours\/privat-kairo-ubernachtungs-tour-von-makadi-bucht\/\",\"name\":\"Privater Ausflug von Makadi bay nach Kairo - 2 Tage\",\"isPartOf\":{\"@id\":\"https:\/\/hurghadalovers.com\/de\/#website\"},\"primaryImageOfPage\":{\"@id\":\"https:\/\/hurghadalovers.com\/de\/tours\/privat-kairo-ubernachtungs-tour-von-makadi-bucht\/#primaryimage\"},\"image\":{\"@id\":\"https:\/\/hurghadalovers.com\/de\/tours\/privat-kairo-ubernachtungs-tour-von-makadi-bucht\/#primaryimage\"},\"thumbnailUrl\":\"https:\/\/hurghadalovers.com\/wp-content\/uploads\/2023\/09\/Private-Cairo-Overnight-Tour-from-El-Gouna.jpg\",\"datePublished\":\"2023-08-29T16:57:47+00:00\",\"dateModified\":\"2026-02-08T15:15:32+00:00\",\"description\":\"Privater Ausflug von Makadi bay nach Kairo - 2 Tage mit Auto, Minivan | Luxus Kairo Ganztagesausflug mit Hotel\u00fcbernachtung in Kairo. Entdecken Sie die\",\"breadcrumb\":{\"@id\":\"https:\/\/hurghadalovers.com\/de\/tours\/privat-kairo-ubernachtungs-tour-von-makadi-bucht\/#breadcrumb\"},\"inLanguage\":\"de-DE\",\"potentialAction\":[{\"@type\":\"ReadAction\",\"target\":[\"https:\/\/hurghadalovers.com\/de\/tours\/privat-kairo-ubernachtungs-tour-von-makadi-bucht\/\"]}]},{\"@type\":\"ImageObject\",\"inLanguage\":\"de-DE\",\"@id\":\"https:\/\/hurghadalovers.com\/de\/tours\/privat-kairo-ubernachtungs-tour-von-makadi-bucht\/#primaryimage\",\"url\":\"https:\/\/hurghadalovers.com\/wp-content\/uploads\/2023\/09\/Private-Cairo-Overnight-Tour-from-El-Gouna.jpg\",\"contentUrl\":\"https:\/\/hurghadalovers.com\/wp-content\/uploads\/2023\/09\/Private-Cairo-Overnight-Tour-from-El-Gouna.jpg\",\"width\":1555,\"height\":1037,\"caption\":\"Private Kairo-\u00dcbernachtungstour ab El Gouna\"},{\"@type\":\"BreadcrumbList\",\"@id\":\"https:\/\/hurghadalovers.com\/de\/tours\/privat-kairo-ubernachtungs-tour-von-makadi-bucht\/#breadcrumb\",\"itemListElement\":[{\"@type\":\"ListItem\",\"position\":1,\"name\":\"Home\",\"item\":\"https:\/\/hurghadalovers.com\/de\/\"},{\"@type\":\"ListItem\",\"position\":2,\"name\":\"Shop\",\"item\":\"https:\/\/hurghadalovers.com\/shop\/\"},{\"@type\":\"ListItem\",\"position\":3,\"name\":\"Privater Ausflug von Makadi bay nach Kairo &#8211; 2 Tage\"}]},{\"@type\":\"WebSite\",\"@id\":\"https:\/\/hurghadalovers.com\/de\/#website\",\"url\":\"https:\/\/hurghadalovers.com\/de\/\",\"name\":\"Hurghada Excursions & Day Trips | Booking Best Prices Tours\",\"description\":\"Hurghada Lovers - Best Tour Operator - Excursions &amp; Things to do for Family Day Trips with kids and Couples Romantic. Unique .Hidden gems\",\"publisher\":{\"@id\":\"https:\/\/hurghadalovers.com\/de\/#organization\"},\"alternateName\":\"Hurghada Excursions\",\"potentialAction\":[{\"@type\":\"SearchAction\",\"target\":{\"@type\":\"EntryPoint\",\"urlTemplate\":\"https:\/\/hurghadalovers.com\/de\/?s={search_term_string}\"},\"query-input\":{\"@type\":\"PropertyValueSpecification\",\"valueRequired\":true,\"valueName\":\"search_term_string\"}}],\"inLanguage\":\"de-DE\"},{\"@type\":[\"Organization\",\"Place\",\"TravelAgency\"],\"@id\":\"https:\/\/hurghadalovers.com\/de\/#organization\",\"name\":\"Hurghada Excursions\",\"url\":\"https:\/\/hurghadalovers.com\/de\/\",\"logo\":{\"@id\":\"https:\/\/hurghadalovers.com\/de\/tours\/privat-kairo-ubernachtungs-tour-von-makadi-bucht\/#local-main-organization-logo\"},\"image\":{\"@id\":\"https:\/\/hurghadalovers.com\/de\/tours\/privat-kairo-ubernachtungs-tour-von-makadi-bucht\/#local-main-organization-logo\"},\"sameAs\":[\"https:\/\/www.facebook.com\/Hurghadaloversegypt\"],\"address\":{\"@id\":\"https:\/\/hurghadalovers.com\/de\/tours\/privat-kairo-ubernachtungs-tour-von-makadi-bucht\/#local-main-place-address\"},\"telephone\":[\"00201112596434\"],\"contactPoint\":{\"@type\":\"ContactPoint\",\"telephone\":\"00201112596434\",\"email\":\"weyouface@gmail.com\"},\"openingHoursSpecification\":{\"@type\":\"OpeningHoursSpecification\",\"dayOfWeek\":[\"Monday\",\"Tuesday\",\"Wednesday\",\"Thursday\",\"Friday\",\"Saturday\",\"Sunday\"],\"opens\":\"00:00\",\"closes\":\"23:59\"},\"email\":\"weyouface@gmail.com\",\"areaServed\":\"Luxor, Hurghada, El Gouna, Aswan, Sharm El Sheikh, Giza, Alexandria, Marsa Alam, Quseir, Soma Bay, Sahl Hasheesh, Red Sea, Makadi Bay, Cairo\",\"priceRange\":\"$\",\"currenciesAccepted\":\"euro\",\"paymentAccepted\":\"cash on site\"},{\"@type\":\"PostalAddress\",\"@id\":\"https:\/\/hurghadalovers.com\/de\/tours\/privat-kairo-ubernachtungs-tour-von-makadi-bucht\/#local-main-place-address\",\"streetAddress\":\"17 Banks street, Alkawther area, top nbk bank\",\"addressLocality\":\"hurghada\",\"postalCode\":\"84511\",\"addressRegion\":\"red sea\",\"addressCountry\":\"EG\"},{\"@type\":\"ImageObject\",\"inLanguage\":\"de-DE\",\"@id\":\"https:\/\/hurghadalovers.com\/de\/tours\/privat-kairo-ubernachtungs-tour-von-makadi-bucht\/#local-main-organization-logo\",\"url\":\"https:\/\/hurghadalovers.com\/wp-content\/uploads\/2019\/10\/hurghada-excursions-logo.png\",\"contentUrl\":\"https:\/\/hurghadalovers.com\/wp-content\/uploads\/2019\/10\/hurghada-excursions-logo.png\",\"width\":272,\"height\":90,\"caption\":\"Hurghada Excursions\"}]}<\/script>\n<meta property=\"product:brand\" content=\"Kairo Tagesausfl\u00fcge von Makadi bay\" \/>\n<meta property=\"product:price:amount\" content=\"260\" \/>\n<meta property=\"product:price:currency\" content=\"EUR\" \/>\n<meta property=\"og:availability\" content=\"instock\" \/>\n<meta property=\"product:availability\" content=\"instock\" \/>\n<meta property=\"product:retailer_item_id\" content=\"MakadiBay062024\" \/>\n<meta property=\"product:condition\" content=\"new\" \/>\n<meta name=\"geo.placename\" content=\"hurghada\" \/>\n<meta name=\"geo.region\" content=\"Egypt\" \/>\n<!-- \/ Yoast SEO Premium plugin. -->","yoast_head_json":{"title":"Privater Ausflug von Makadi bay nach Kairo - 2 Tage","description":"Privater Ausflug von Makadi bay nach Kairo - 2 Tage mit Auto, Minivan | Luxus Kairo Ganztagesausflug mit Hotel\u00fcbernachtung in Kairo. Entdecken Sie die","robots":{"index":"index","follow":"follow","max-snippet":"max-snippet:-1","max-image-preview":"max-image-preview:large","max-video-preview":"max-video-preview:-1"},"canonical":"https:\/\/hurghadalovers.com\/de\/tours\/privat-kairo-ubernachtungs-tour-von-makadi-bucht\/","og_locale":"de_DE","og_type":"article","og_title":"Privater Ausflug von Makadi bay nach Kairo - 2 Tage","og_description":"Privater Ausflug von Makadi bay nach Kairo - 2 Tage mit Auto, Minivan | Luxus Kairo Ganztagesausflug mit Hotel\u00fcbernachtung in Kairo. Entdecken Sie die","og_url":"https:\/\/hurghadalovers.com\/de\/tours\/privat-kairo-ubernachtungs-tour-von-makadi-bucht\/","og_site_name":"Hurghada Excursions &amp; Day Trips | Booking Best Prices Tours","article_publisher":"https:\/\/www.facebook.com\/Hurghadaloversegypt","article_modified_time":"2026-02-08T15:15:32+00:00","og_image":[{"width":1555,"height":1037,"url":"https:\/\/hurghadalovers.com\/wp-content\/uploads\/2023\/09\/Private-Cairo-Overnight-Tour-from-El-Gouna.jpg","type":"image\/jpeg"}],"twitter_card":"summary_large_image","twitter_misc":{"Price":"&euro;&nbsp;260","Availability":"In stock"},"schema":{"@context":"https:\/\/schema.org","@graph":[{"@type":["WebPage","ItemPage"],"@id":"https:\/\/hurghadalovers.com\/de\/tours\/privat-kairo-ubernachtungs-tour-von-makadi-bucht\/","url":"https:\/\/hurghadalovers.com\/de\/tours\/privat-kairo-ubernachtungs-tour-von-makadi-bucht\/","name":"Privater Ausflug von Makadi bay nach Kairo - 2 Tage","isPartOf":{"@id":"https:\/\/hurghadalovers.com\/de\/#website"},"primaryImageOfPage":{"@id":"https:\/\/hurghadalovers.com\/de\/tours\/privat-kairo-ubernachtungs-tour-von-makadi-bucht\/#primaryimage"},"image":{"@id":"https:\/\/hurghadalovers.com\/de\/tours\/privat-kairo-ubernachtungs-tour-von-makadi-bucht\/#primaryimage"},"thumbnailUrl":"https:\/\/hurghadalovers.com\/wp-content\/uploads\/2023\/09\/Private-Cairo-Overnight-Tour-from-El-Gouna.jpg","datePublished":"2023-08-29T16:57:47+00:00","dateModified":"2026-02-08T15:15:32+00:00","description":"Privater Ausflug von Makadi bay nach Kairo - 2 Tage mit Auto, Minivan | Luxus Kairo Ganztagesausflug mit Hotel\u00fcbernachtung in Kairo. Entdecken Sie die","breadcrumb":{"@id":"https:\/\/hurghadalovers.com\/de\/tours\/privat-kairo-ubernachtungs-tour-von-makadi-bucht\/#breadcrumb"},"inLanguage":"de-DE","potentialAction":[{"@type":"ReadAction","target":["https:\/\/hurghadalovers.com\/de\/tours\/privat-kairo-ubernachtungs-tour-von-makadi-bucht\/"]}]},{"@type":"ImageObject","inLanguage":"de-DE","@id":"https:\/\/hurghadalovers.com\/de\/tours\/privat-kairo-ubernachtungs-tour-von-makadi-bucht\/#primaryimage","url":"https:\/\/hurghadalovers.com\/wp-content\/uploads\/2023\/09\/Private-Cairo-Overnight-Tour-from-El-Gouna.jpg","contentUrl":"https:\/\/hurghadalovers.com\/wp-content\/uploads\/2023\/09\/Private-Cairo-Overnight-Tour-from-El-Gouna.jpg","width":1555,"height":1037,"caption":"Private Kairo-\u00dcbernachtungstour ab El Gouna"},{"@type":"BreadcrumbList","@id":"https:\/\/hurghadalovers.com\/de\/tours\/privat-kairo-ubernachtungs-tour-von-makadi-bucht\/#breadcrumb","itemListElement":[{"@type":"ListItem","position":1,"name":"Home","item":"https:\/\/hurghadalovers.com\/de\/"},{"@type":"ListItem","position":2,"name":"Shop","item":"https:\/\/hurghadalovers.com\/shop\/"},{"@type":"ListItem","position":3,"name":"Privater Ausflug von Makadi bay nach Kairo &#8211; 2 Tage"}]},{"@type":"WebSite","@id":"https:\/\/hurghadalovers.com\/de\/#website","url":"https:\/\/hurghadalovers.com\/de\/","name":"Hurghada Excursions & Day Trips | Booking Best Prices Tours","description":"Hurghada Lovers - Best Tour Operator - Excursions &amp; Things to do for Family Day Trips with kids and Couples Romantic. Unique .Hidden gems","publisher":{"@id":"https:\/\/hurghadalovers.com\/de\/#organization"},"alternateName":"Hurghada Excursions","potentialAction":[{"@type":"SearchAction","target":{"@type":"EntryPoint","urlTemplate":"https:\/\/hurghadalovers.com\/de\/?s={search_term_string}"},"query-input":{"@type":"PropertyValueSpecification","valueRequired":true,"valueName":"search_term_string"}}],"inLanguage":"de-DE"},{"@type":["Organization","Place","TravelAgency"],"@id":"https:\/\/hurghadalovers.com\/de\/#organization","name":"Hurghada Excursions","url":"https:\/\/hurghadalovers.com\/de\/","logo":{"@id":"https:\/\/hurghadalovers.com\/de\/tours\/privat-kairo-ubernachtungs-tour-von-makadi-bucht\/#local-main-organization-logo"},"image":{"@id":"https:\/\/hurghadalovers.com\/de\/tours\/privat-kairo-ubernachtungs-tour-von-makadi-bucht\/#local-main-organization-logo"},"sameAs":["https:\/\/www.facebook.com\/Hurghadaloversegypt"],"address":{"@id":"https:\/\/hurghadalovers.com\/de\/tours\/privat-kairo-ubernachtungs-tour-von-makadi-bucht\/#local-main-place-address"},"telephone":["00201112596434"],"contactPoint":{"@type":"ContactPoint","telephone":"00201112596434","email":"weyouface@gmail.com"},"openingHoursSpecification":{"@type":"OpeningHoursSpecification","dayOfWeek":["Monday","Tuesday","Wednesday","Thursday","Friday","Saturday","Sunday"],"opens":"00:00","closes":"23:59"},"email":"weyouface@gmail.com","areaServed":"Luxor, Hurghada, El Gouna, Aswan, Sharm El Sheikh, Giza, Alexandria, Marsa Alam, Quseir, Soma Bay, Sahl Hasheesh, Red Sea, Makadi Bay, Cairo","priceRange":"$","currenciesAccepted":"euro","paymentAccepted":"cash on site"},{"@type":"PostalAddress","@id":"https:\/\/hurghadalovers.com\/de\/tours\/privat-kairo-ubernachtungs-tour-von-makadi-bucht\/#local-main-place-address","streetAddress":"17 Banks street, Alkawther area, top nbk bank","addressLocality":"hurghada","postalCode":"84511","addressRegion":"red sea","addressCountry":"EG"},{"@type":"ImageObject","inLanguage":"de-DE","@id":"https:\/\/hurghadalovers.com\/de\/tours\/privat-kairo-ubernachtungs-tour-von-makadi-bucht\/#local-main-organization-logo","url":"https:\/\/hurghadalovers.com\/wp-content\/uploads\/2019\/10\/hurghada-excursions-logo.png","contentUrl":"https:\/\/hurghadalovers.com\/wp-content\/uploads\/2019\/10\/hurghada-excursions-logo.png","width":272,"height":90,"caption":"Hurghada Excursions"}]},"product_brand":"Kairo Tagesausfl\u00fcge von Makadi bay","product_price_amount":"260","product_price_currency":"EUR","og_availability":"instock","product_availability":"instock","product_retailer_item_id":"MakadiBay062024","product_condition":"new","geo.placename":"hurghada","geo.region":"Egypt"},"_links":{"self":[{"href":"https:\/\/hurghadalovers.com\/de\/wp-json\/wp\/v2\/product\/386768","targetHints":{"allow":["GET"]}}],"collection":[{"href":"https:\/\/hurghadalovers.com\/de\/wp-json\/wp\/v2\/product"}],"about":[{"href":"https:\/\/hurghadalovers.com\/de\/wp-json\/wp\/v2\/types\/product"}],"wp:featuredmedia":[{"embeddable":true,"href":"https:\/\/hurghadalovers.com\/de\/wp-json\/wp\/v2\/media\/393771"}],"wp:attachment":[{"href":"https:\/\/hurghadalovers.com\/de\/wp-json\/wp\/v2\/media?parent=386768"}],"wp:term":[{"taxonomy":"product_brand","embeddable":true,"href":"https:\/\/hurghadalovers.com\/de\/wp-json\/wp\/v2\/product_brand?post=386768"},{"taxonomy":"product_cat","embeddable":true,"href":"https:\/\/hurghadalovers.com\/de\/wp-json\/wp\/v2\/product_cat?post=386768"},{"taxonomy":"product_tag","embeddable":true,"href":"https:\/\/hurghadalovers.com\/de\/wp-json\/wp\/v2\/product_tag?post=386768"}],"curies":[{"name":"wp","href":"https:\/\/api.w.org\/{rel}","templated":true}]}}