{"id":386745,"date":"2023-08-29T16:45:18","date_gmt":"2023-08-29T16:55:21","guid":{"rendered":"https:\/\/hurghadalovers.com\/shop\/unkategorisiert\/private-makadi-bay-zu-den-pyramiden-von-gizeh-saqqara-und-dem-islamischen-kairo\/"},"modified":"2026-02-09T09:11:21","modified_gmt":"2026-02-09T09:11:21","slug":"privat-makadi-bucht-zu-pyramiden-von-giza-saqqara","status":"publish","type":"product","link":"https:\/\/hurghadalovers.com\/de\/tours\/privat-makadi-bucht-zu-pyramiden-von-giza-saqqara\/","title":{"rendered":"Privater Makadi bay Pyramiden Tour nach Sakkara, Sphinx und zum islamischen Kairo"},"content":{"rendered":"<p><strong>Privater Makadi bay Pyramiden Tour<\/strong> nach Sakkara, Sphinx und zum islamischen Kairo mit privatem F\u00fchrer, Tickets und Mittagessen.<\/p>\n<p>Buchen Sie die sch\u00f6nsten Tagestouren von Makadi Bay aus, um die <strong>Pyramiden<\/strong>, die Pyramide von <strong>Saqqara<\/strong>, die wichtigsten Moscheen und <strong>islamischen<\/strong> Denkm\u00e4ler im alten Kairo zu besichtigen, um neue Geschichte und Fakten \u00fcber die Pharaonen und die <strong>alte \u00e4gyptische<\/strong> Zivilisation zu entdecken.<\/p>\n<p style=\"text-align: center;\">\u00a0Entdecken Sie die Geheimnisse der <a href=\"https:\/\/hurghadalovers.com\/de\/pharaonen-koenige-aegypten\/\"><strong>Pharaonen<\/strong><\/a> im alten \u00c4gypten.<\/p>\n<p><strong>H\u00f6hepunkte:<\/strong><\/p>\n<ul>\n<li><a href=\"https:\/\/hurghadalovers.com\/de\/pyramiden-von-gizeh-kairo\/\">Pyramiden von Gizeh<\/a>.<\/li>\n<li><a href=\"https:\/\/hurghadalovers.com\/de\/grosse-sphinx-gizeh-kairo-aegypten\/\">Gro\u00dfe Sphinx<\/a>.<\/li>\n<li>Tal-Tempel.<\/li>\n<li>Saqqara <a href=\"https:\/\/hurghadalovers.com\/de\/djoser-pyramide-sakkara-kairo-aegypten\/\">Djoser-Pyramide<\/a>.<\/li>\n<li>Zitadelle von Kairo &#8220;Zitadelle von Saladin&#8221;<\/li>\n<li>Ibn-Tulun-Moschee<\/li>\n<li>Moschee und Madrasa von Sultan Hassan.<\/li>\n<li>Mittagessen im Restaurant.<\/li>\n<\/ul>\n<p><strong>Privater Makadi bay Pyramiden Tour Details:<\/strong><\/p>\n<ul>\n<li>Verf\u00fcgbarkeit der Tour: Jeden Tag.<\/li>\n<li>Art der Tour: Privat mit Auto oder Minivan.<\/li>\n<li>Abholzeit: Ab 12:30 Uhr.<\/li>\n<li>Asking Hotel erhalten Sie Ihr Fr\u00fchst\u00fcck Tasche mit Ihnen Morgen.<\/li>\n<li>Abholzeit: 20:30 Uhr.<\/li>\n<li>F\u00fcr Rollstuhlfahrer zug\u00e4nglich.<\/li>\n<li>Dauer: 22 Std.<\/li>\n<\/ul>\n<p><strong>Jetzt reservieren und sp\u00e4ter bezahlen:<\/strong><\/p>\n<ul>\n<li>Bargeld vor Ort zu f\u00fchren.<\/li>\n<li>Zahlung in \u00e4gyptischen Pfund, $, \u20ac oder \u00a3.<\/li>\n<\/ul>\n<p><strong>Stornierungsbedingungen:<\/strong><\/p>\n<ul>\n<li>Sie k\u00f6nnen bis zu 24 Stunden im Voraus stornieren.<\/li>\n<li>Wenn jemand aus Ihrer Familie den Vormittag absagt, zahlen Sie 50 % der Kosten.<\/li>\n<\/ul>\n<p><strong>Was ist inbegriffen?<\/strong><\/p>\n<ul>\n<li>Transfer von Makadi Bay Hotels &#8220;Hotel abholen und zur\u00fcckbringen&#8221;.<\/li>\n<li>Alle Steuern, Eintrittsgelder und Bearbeitungsgeb\u00fchren.<\/li>\n<li>\u00dcberweisungen.<\/li>\n<li>Reiseleiter.<\/li>\n<li>Die Getr\u00e4nke.<\/li>\n<li>Mittagessen im Restaurant.<\/li>\n<\/ul>\n<p><strong>Ausnahmen?<\/strong><\/p>\n<ul>\n<li>Trinkgeld.<\/li>\n<li>Feluccatour &#8220;Bootsfahrt&#8221; F\u00fcr 35 min= 10$.<\/li>\n<li>Alle nicht erw\u00e4hnten Extras.<\/li>\n<\/ul>\n<p><strong>Preise:<\/strong><\/p>\n<ul>\n<li><strong>Preis f\u00fcr Erwachsene = ab 190$ pro Person<\/strong>.<\/li>\n<li>Preis f\u00fcr Kinder &#8220;5-12\u2033= 50%.<\/li>\n<li>f\u00fcr Kinder &#8220;0-5\u2033= Kostenlos.<\/li>\n<\/ul>\n<p><strong>Bewertungen:<\/strong><\/p>\n<p>\u00fcberpr\u00fcfen Sie unsere Google Map Bewertungen als bester <a href=\"https:\/\/g.page\/r\/CUeYvkngP3wkEBM\/review\">Reiseveranstalter in Hurghada<\/a> online in <a href=\"https:\/\/hurghadalovers.com\/\">Hurghada<\/a> \u00c4gypten.<\/p>\n<p><strong>Reservierung:<\/strong><\/p>\n<p>Senden Sie Hotel + Zimmernummer + Fotop\u00e4sse an WhatsApp: <strong>+201112596434<\/strong><\/p>\n<p>Wenn Sie aus \u00c4gypten Buchen Sie jetzt online und best\u00e4tigen Sie bei der Ankunft Hotel.<\/p>\n<p><span style=\"color: #ff6600;\">\u2014\u2014\u2013 | \u2014\u2014\u2014\u2014\u2014- | \u2014\u2014\u2014-<\/span><\/p>\n<h4><strong>Chufu-Pyramide<\/strong><\/h4>\n<p><strong>Die Cheops-Pyramide\u00a0<\/strong>ist die erste der Pyramiden von Gizeh, die zwischen 2560 und 2540 v. Chr. in der Zeit der pharaonischen vierten Dynastie erbaut wurde.<\/p>\n<p>Der Ingenieur Ham Iono gilt als derjenige, der die innere und \u00e4u\u00dfere architektonische Gestaltung der Gro\u00dfen Pyramide geschaffen hat. Seine Bauh\u00f6he betrug 146 Meter. Im Laufe der Zeit und der Erosionsbedingungen betr\u00e4gt die H\u00f6he der Gro\u00dfen Pyramide jetzt 230 Meter.<\/p>\n<p>Mehr als 2.300.000 Kalksteine \u200b\u200bwurden verwendet, mit einem durchschnittlichen Steingewicht von 2,5 Tonnen. Die Gro\u00dfe Pyramide wurde auf einer Fl\u00e4che von 12 Hektar errichtet und befindet sich 45 Meter \u00fcber dem Boden.<\/p>\n<p>Das Design der Basis der Pyramide von K\u00f6nig Chufu ist quadratisch und die Gr\u00f6\u00dfe jeder Seite der Pyramide betr\u00e4gt 226,5 Meter. Die Pyramide wurde nach 20 Jahren harter Arbeit von mehr als 100.000 Arbeitern, Ingenieuren und Vorgesetzten gebaut.<\/p>\n<p><strong>Die gro\u00dfe Pyramide\u00a0<\/strong>wurde als pharaonisches Grab erbaut, um die Mumie und die Sch\u00e4tze von K\u00f6nig Chufu und seiner k\u00f6niglichen Familie zu begraben.<\/p>\n<p>Der Haupteingang zur Pyramide wurde auf einer H\u00f6he von 20 Metern \u00fcber der Grundebene errichtet und befindet sich in der Mitte der Nordseite der Gro\u00dfen Pyramide. Weitere Informationen erhalten Sie bei der Buchung\u00a0<strong>Tagesausflug nach Kairo ab Makadi bay<\/strong>.<\/p>\n<h4><strong>Chephren-Pyramide<\/strong><\/h4>\n<p>Die Pyramide wurde in der Zeit der pharaonischen vierten Dynastie erbaut.<\/p>\n<p><strong>Die Pyramide von K\u00f6nig Chaefre\u00a0<\/strong>wurde mit einer Gr\u00f6\u00dfe kleiner als die Gr\u00f6\u00dfe der Gro\u00dfen Pyramide von K\u00f6nig Chufu entworfen, da die H\u00f6he der Pyramide 144 Meter betr\u00e4gt und jetzt 136 Meter betr\u00e4gt und die Fl\u00e4che der Basis 215 Quadratmeter betr\u00e4gt.<\/p>\n<p>In der Mitte der n\u00f6rdlichen Richtung wurden zwei Eing\u00e4nge zur Pyramide von K\u00f6nig Khafre gebaut, die zu einem langen Korridor f\u00fchren und dann zum Grabstein der Mumie des K\u00f6nigs enden.<\/p>\n<h4><strong>Die\u00a0Mykerinos-Pyramide \u201eMenkaure\u201c<\/strong><\/h4>\n<p>Die H\u00f6he der Pyramide von K\u00f6nig Menkaurea betr\u00e4gt 65 Meter und die Fl\u00e4che der Basis 102, wobei die L\u00e4nge jeder verlorenen quadratischen Basis 108 Meter betr\u00e4gt.<\/p>\n<p>Der Eingang zur Hauptpyramide wurde in einer H\u00f6he von 4 Metern \u00fcber dem Boden errichtet.<\/p>\n<p><strong>Nachteile der Kairo-Tagestour ab Makadi Bay angebotenen Programms:<\/strong><\/p>\n<ol>\n<li>Der Ausflug ist lang, dauert insgesamt 24 Stunden und beginnt um 01:00 Uhr morgens. Au\u00dferdem betr\u00e4gt die Transferzeit von Ihrem Hotel zum Bus in Makadi bay ca. 45 Minuten.<\/li>\n<li>Die Fahrzeit zwischen Makadi Bay und Kairo betr\u00e4gt ca. 8 Stunden, mit drei Zwischenstopps nach Vorgabe des \u00e4gyptischen Tourismusministeriums.<\/li>\n<li>Die Tour beinhaltet den Besuch von Basaren zum Einkaufen und Kaufen von Souvenirs, aber dies ist optional, wenn Sie lieber im Bus oder drau\u00dfen bleiben m\u00f6chten.<\/li>\n<li>Es gibt eine zus\u00e4tzliche Tour f\u00fcr 10 $ pro Person, um 35 Minuten lang auf einer Felucca auf dem Nil zu fahren, aber das ist auch optional.<\/li>\n<li>Die Zeit, die Sie bei den Pyramiden und im \u00c4gyptischen Museum in Tahrir verbringen, ist auf zwei Stunden begrenzt, was m\u00f6glicherweise nicht ausreicht, um alle historischen Denkm\u00e4ler in Gizeh und Kairo zu sehen.<\/li>\n<\/ol>\n<p>pr\u00fcfen <a href=\"https:\/\/hurghadalovers.com\/de\/tour-category\/makadi-bay-ausfluege\/\"><strong>Makadi bay Ausfl\u00fcge<\/strong><\/a>\u00a0&#8211; <a href=\"https:\/\/hurghadalovers.com\/de\/tour-category\/kairo-tagesausfluege-von-makadi-bay\/\"><strong>Kairo Tagesausfl\u00fcge von Makadi bay<\/strong><\/a>:<\/p>\n<ul>\n<li><a href=\"https:\/\/hurghadalovers.com\/de\/tours\/makadi-bucht-zu-pyramiden-tagesausflug-mit-dem-bus\/\">Tagesausflug von Makadi bay zu den Pyramiden mit dem Bus<\/a><\/li>\n<li><a href=\"https:\/\/hurghadalovers.com\/de\/tours\/tagesausfluge-von-der-makadi-bucht-zu-den-pyramiden-mit-dem-minivan\/\">Tagesausflug Von Makadi bay Nach Kairo im Minivan<\/a><\/li>\n<li><a href=\"https:\/\/hurghadalovers.com\/de\/tours\/privat-tagesausflug-von-makadi-bucht-nach-kairo\/\">Privater Ausflug nach Kairo von Makadi bay<\/a><\/li>\n<li><a href=\"https:\/\/hurghadalovers.com\/de\/tours\/privat-makadi-bucht-taxi-transfers-nach-luxor-kairo\/\">Privater Transfer von Makadi bay<\/a><\/li>\n<li><a href=\"https:\/\/hurghadalovers.com\/de\/tours\/makadi-bay-privat-kairo-alexandria-tour-2-tage\/\">Privater Kairo und Alexandria von Makadi bay<\/a> &#8211; 2 Tage<\/li>\n<li><a href=\"https:\/\/hurghadalovers.com\/de\/tours\/makadi-bay-privat-tagesausflug-nach-sakkara\/\">Privater Tagesausflug Makadi bay Kairo<\/a> nach Sakkara Dahshur, Memphis, \u00c4gyptisches Museum<\/li>\n<li><a href=\"https:\/\/hurghadalovers.com\/de\/tours\/private-makadi-bucht-ausfluge-zu-pyramiden-el-rifai\/\">Privater Makadi bay Pyramiden Ausflug<\/a> nach Pyramiden von Gizeh, El Rifai und der Sultan-Hassan-Moschee<\/li>\n<li><a href=\"https:\/\/hurghadalovers.com\/de\/tours\/privat-kairo-ubernachtungs-tour-von-makadi-bucht\/\">Privater Ausflug von Makadi bay nach Kairo<\/a> &#8211; 2 Tage<\/li>\n<li>Privater Makadi bay Pyramiden Tour nach Sakkara, Sphinx und zum islamischen Kairo<\/li>\n<li><a href=\"https:\/\/hurghadalovers.com\/de\/tours\/makadi-bay-privat-tagesausflug-zum-islamischen-kairo\/\">Privater Ausflug nach islamische Kairo Von Makadi bay<\/a><\/li>\n<li><a href=\"https:\/\/hurghadalovers.com\/de\/tours\/makadi-bay-privat-tagesausflug-nach-koop-kairo\/\">Privater Ausflug nach koptische Kairo Von Makadi bay<\/a><\/li>\n<li>Privater Ausflug von Makadi bay nach Luxor und Kairo &#8211; 2 Tage<\/li>\n<li><a href=\"https:\/\/hurghadalovers.com\/de\/tours\/privat-kairo-tour-von-der-makadi-bucht\/\">Privater Ausflug Pyramiden \u00c4gypten Makadi bay<\/a> nach Sphinx, Sakkara und Dahschur<\/li>\n<\/ul>\n<p>&nbsp;<\/p>\n<p>&nbsp;<\/p>\n","protected":false},"excerpt":{"rendered":"<p>Privater Ausflug von Makadi Bay zu den Pyramiden von Gizeh, Saqqara und dem islamischen Kairo mit privatem F\u00fchrer, Tickets und Mittagessen. entdecken Sie neue Geschichte und Fakten \u00fcber die Pharaonen und die alt\u00e4gyptische Zivilisation.<\/p>\n","protected":false},"featured_media":396706,"template":"","meta":{"_joinchat":[]},"product_brand":[],"product_cat":[29817],"product_tag":[],"class_list":{"0":"post-386745","1":"product","2":"type-product","3":"status-publish","4":"has-post-thumbnail","6":"product_cat-touren","7":"tour_category-kairo-tagesausfluege-von-makadi-bay","8":"tour_category-makadi-bay-ausfluege","10":"first","11":"instock","12":"sale","13":"shipping-taxable","14":"purchasable","15":"product-type-tour"},"yoast_head":"<!-- This site is optimized with the Yoast SEO Premium plugin v26.9 (Yoast SEO v27.2) - https:\/\/yoast.com\/product\/yoast-seo-premium-wordpress\/ -->\n<title>Privater Makadi bay Pyramiden Tour nach Sakkara, Sphinx<\/title>\n<meta name=\"description\" content=\"Privater Makadi bay Pyramiden Tour nach Sakkara, Sphinx und zum islamischen Kairo mit privatem F\u00fchrer, Tickets und Mittagessen. Entdecken Sie neue\" \/>\n<meta name=\"robots\" content=\"index, follow, max-snippet:-1, max-image-preview:large, max-video-preview:-1\" \/>\n<link rel=\"canonical\" href=\"https:\/\/hurghadalovers.com\/de\/tours\/privat-makadi-bucht-zu-pyramiden-von-giza-saqqara\/\" \/>\n<meta property=\"og:locale\" content=\"de_DE\" \/>\n<meta property=\"og:type\" content=\"article\" \/>\n<meta property=\"og:title\" content=\"Privater Makadi bay Pyramiden Tour nach Sakkara, Sphinx und zum islamischen Kairo\" \/>\n<meta property=\"og:description\" content=\"Privater Makadi bay Pyramiden Tour nach Sakkara, Sphinx und zum islamischen Kairo mit privatem F\u00fchrer, Tickets und Mittagessen. Entdecken Sie neue\" \/>\n<meta property=\"og:url\" content=\"https:\/\/hurghadalovers.com\/de\/tours\/privat-makadi-bucht-zu-pyramiden-von-giza-saqqara\/\" \/>\n<meta property=\"og:site_name\" content=\"Hurghada Excursions &amp; Day Trips | Booking Best Prices Tours\" \/>\n<meta property=\"article:publisher\" content=\"https:\/\/www.facebook.com\/Hurghadaloversegypt\" \/>\n<meta property=\"article:modified_time\" content=\"2026-02-09T09:11:21+00:00\" \/>\n<meta property=\"og:image\" content=\"https:\/\/hurghadalovers.com\/wp-content\/uploads\/2023\/09\/El-Gouna-to-Pyramids-Day-Trip-by-Bus.jpeg\" \/>\n\t<meta property=\"og:image:width\" content=\"1536\" \/>\n\t<meta property=\"og:image:height\" content=\"1021\" \/>\n\t<meta property=\"og:image:type\" content=\"image\/jpeg\" \/>\n<meta name=\"twitter:card\" content=\"summary_large_image\" \/>\n<meta name=\"twitter:label1\" content=\"Price\" \/>\n\t<meta name=\"twitter:data1\" content=\"&euro;&nbsp;190\" \/>\n\t<meta name=\"twitter:label2\" content=\"Availability\" \/>\n\t<meta name=\"twitter:data2\" content=\"In stock\" \/>\n<script type=\"application\/ld+json\" class=\"yoast-schema-graph\">{\"@context\":\"https:\/\/schema.org\",\"@graph\":[{\"@type\":[\"WebPage\",\"ItemPage\"],\"@id\":\"https:\/\/hurghadalovers.com\/de\/tours\/privat-makadi-bucht-zu-pyramiden-von-giza-saqqara\/\",\"url\":\"https:\/\/hurghadalovers.com\/de\/tours\/privat-makadi-bucht-zu-pyramiden-von-giza-saqqara\/\",\"name\":\"Privater Makadi bay Pyramiden Tour nach Sakkara, Sphinx\",\"isPartOf\":{\"@id\":\"https:\/\/hurghadalovers.com\/de\/#website\"},\"primaryImageOfPage\":{\"@id\":\"https:\/\/hurghadalovers.com\/de\/tours\/privat-makadi-bucht-zu-pyramiden-von-giza-saqqara\/#primaryimage\"},\"image\":{\"@id\":\"https:\/\/hurghadalovers.com\/de\/tours\/privat-makadi-bucht-zu-pyramiden-von-giza-saqqara\/#primaryimage\"},\"thumbnailUrl\":\"https:\/\/hurghadalovers.com\/wp-content\/uploads\/2023\/09\/El-Gouna-to-Pyramids-Day-Trip-by-Bus.jpeg\",\"datePublished\":\"2023-08-29T16:55:21+00:00\",\"dateModified\":\"2026-02-09T09:11:21+00:00\",\"description\":\"Privater Makadi bay Pyramiden Tour nach Sakkara, Sphinx und zum islamischen Kairo mit privatem F\u00fchrer, Tickets und Mittagessen. Entdecken Sie neue\",\"breadcrumb\":{\"@id\":\"https:\/\/hurghadalovers.com\/de\/tours\/privat-makadi-bucht-zu-pyramiden-von-giza-saqqara\/#breadcrumb\"},\"inLanguage\":\"de-DE\",\"potentialAction\":[{\"@type\":\"ReadAction\",\"target\":[\"https:\/\/hurghadalovers.com\/de\/tours\/privat-makadi-bucht-zu-pyramiden-von-giza-saqqara\/\"]}]},{\"@type\":\"ImageObject\",\"inLanguage\":\"de-DE\",\"@id\":\"https:\/\/hurghadalovers.com\/de\/tours\/privat-makadi-bucht-zu-pyramiden-von-giza-saqqara\/#primaryimage\",\"url\":\"https:\/\/hurghadalovers.com\/wp-content\/uploads\/2023\/09\/El-Gouna-to-Pyramids-Day-Trip-by-Bus.jpeg\",\"contentUrl\":\"https:\/\/hurghadalovers.com\/wp-content\/uploads\/2023\/09\/El-Gouna-to-Pyramids-Day-Trip-by-Bus.jpeg\",\"width\":1536,\"height\":1021,\"caption\":\"Tagesausflug mit dem Bus von El Gouna zu den Pyramiden\"},{\"@type\":\"BreadcrumbList\",\"@id\":\"https:\/\/hurghadalovers.com\/de\/tours\/privat-makadi-bucht-zu-pyramiden-von-giza-saqqara\/#breadcrumb\",\"itemListElement\":[{\"@type\":\"ListItem\",\"position\":1,\"name\":\"Home\",\"item\":\"https:\/\/hurghadalovers.com\/de\/\"},{\"@type\":\"ListItem\",\"position\":2,\"name\":\"Shop\",\"item\":\"https:\/\/hurghadalovers.com\/shop\/\"},{\"@type\":\"ListItem\",\"position\":3,\"name\":\"Privater Makadi bay Pyramiden Tour nach Sakkara, Sphinx und zum islamischen Kairo\"}]},{\"@type\":\"WebSite\",\"@id\":\"https:\/\/hurghadalovers.com\/de\/#website\",\"url\":\"https:\/\/hurghadalovers.com\/de\/\",\"name\":\"Hurghada Excursions & Day Trips | Booking Best Prices Tours\",\"description\":\"Hurghada Lovers - Best Tour Operator - Excursions &amp; Things to do for Family Day Trips with kids and Couples Romantic. Unique .Hidden gems\",\"publisher\":{\"@id\":\"https:\/\/hurghadalovers.com\/de\/#organization\"},\"alternateName\":\"Hurghada Excursions\",\"potentialAction\":[{\"@type\":\"SearchAction\",\"target\":{\"@type\":\"EntryPoint\",\"urlTemplate\":\"https:\/\/hurghadalovers.com\/de\/?s={search_term_string}\"},\"query-input\":{\"@type\":\"PropertyValueSpecification\",\"valueRequired\":true,\"valueName\":\"search_term_string\"}}],\"inLanguage\":\"de-DE\"},{\"@type\":[\"Organization\",\"Place\",\"TravelAgency\"],\"@id\":\"https:\/\/hurghadalovers.com\/de\/#organization\",\"name\":\"Hurghada Excursions\",\"url\":\"https:\/\/hurghadalovers.com\/de\/\",\"logo\":{\"@id\":\"https:\/\/hurghadalovers.com\/de\/tours\/privat-makadi-bucht-zu-pyramiden-von-giza-saqqara\/#local-main-organization-logo\"},\"image\":{\"@id\":\"https:\/\/hurghadalovers.com\/de\/tours\/privat-makadi-bucht-zu-pyramiden-von-giza-saqqara\/#local-main-organization-logo\"},\"sameAs\":[\"https:\/\/www.facebook.com\/Hurghadaloversegypt\"],\"address\":{\"@id\":\"https:\/\/hurghadalovers.com\/de\/tours\/privat-makadi-bucht-zu-pyramiden-von-giza-saqqara\/#local-main-place-address\"},\"telephone\":[\"00201112596434\"],\"contactPoint\":{\"@type\":\"ContactPoint\",\"telephone\":\"00201112596434\",\"email\":\"weyouface@gmail.com\"},\"openingHoursSpecification\":{\"@type\":\"OpeningHoursSpecification\",\"dayOfWeek\":[\"Monday\",\"Tuesday\",\"Wednesday\",\"Thursday\",\"Friday\",\"Saturday\",\"Sunday\"],\"opens\":\"00:00\",\"closes\":\"23:59\"},\"email\":\"weyouface@gmail.com\",\"areaServed\":\"Luxor, Hurghada, El Gouna, Aswan, Sharm El Sheikh, Giza, Alexandria, Marsa Alam, Quseir, Soma Bay, Sahl Hasheesh, Red Sea, Makadi Bay, Cairo\",\"priceRange\":\"$\",\"currenciesAccepted\":\"euro\",\"paymentAccepted\":\"cash on site\"},{\"@type\":\"PostalAddress\",\"@id\":\"https:\/\/hurghadalovers.com\/de\/tours\/privat-makadi-bucht-zu-pyramiden-von-giza-saqqara\/#local-main-place-address\",\"streetAddress\":\"17 Banks street, Alkawther area, top nbk bank\",\"addressLocality\":\"hurghada\",\"postalCode\":\"84511\",\"addressRegion\":\"red sea\",\"addressCountry\":\"EG\"},{\"@type\":\"ImageObject\",\"inLanguage\":\"de-DE\",\"@id\":\"https:\/\/hurghadalovers.com\/de\/tours\/privat-makadi-bucht-zu-pyramiden-von-giza-saqqara\/#local-main-organization-logo\",\"url\":\"https:\/\/hurghadalovers.com\/wp-content\/uploads\/2019\/10\/hurghada-excursions-logo.png\",\"contentUrl\":\"https:\/\/hurghadalovers.com\/wp-content\/uploads\/2019\/10\/hurghada-excursions-logo.png\",\"width\":272,\"height\":90,\"caption\":\"Hurghada Excursions\"}]}<\/script>\n<meta property=\"product:brand\" content=\"Kairo Tagesausfl\u00fcge von Makadi bay\" \/>\n<meta property=\"product:price:amount\" content=\"190\" \/>\n<meta property=\"product:price:currency\" content=\"EUR\" \/>\n<meta property=\"og:availability\" content=\"instock\" \/>\n<meta property=\"product:availability\" content=\"instock\" \/>\n<meta property=\"product:retailer_item_id\" content=\"MakadiBay052024\" \/>\n<meta property=\"product:condition\" content=\"new\" \/>\n<meta name=\"geo.placename\" content=\"hurghada\" \/>\n<meta name=\"geo.region\" content=\"Egypt\" \/>\n<!-- \/ Yoast SEO Premium plugin. -->","yoast_head_json":{"title":"Privater Makadi bay Pyramiden Tour nach Sakkara, Sphinx","description":"Privater Makadi bay Pyramiden Tour nach Sakkara, Sphinx und zum islamischen Kairo mit privatem F\u00fchrer, Tickets und Mittagessen. Entdecken Sie neue","robots":{"index":"index","follow":"follow","max-snippet":"max-snippet:-1","max-image-preview":"max-image-preview:large","max-video-preview":"max-video-preview:-1"},"canonical":"https:\/\/hurghadalovers.com\/de\/tours\/privat-makadi-bucht-zu-pyramiden-von-giza-saqqara\/","og_locale":"de_DE","og_type":"article","og_title":"Privater Makadi bay Pyramiden Tour nach Sakkara, Sphinx und zum islamischen Kairo","og_description":"Privater Makadi bay Pyramiden Tour nach Sakkara, Sphinx und zum islamischen Kairo mit privatem F\u00fchrer, Tickets und Mittagessen. Entdecken Sie neue","og_url":"https:\/\/hurghadalovers.com\/de\/tours\/privat-makadi-bucht-zu-pyramiden-von-giza-saqqara\/","og_site_name":"Hurghada Excursions &amp; Day Trips | Booking Best Prices Tours","article_publisher":"https:\/\/www.facebook.com\/Hurghadaloversegypt","article_modified_time":"2026-02-09T09:11:21+00:00","og_image":[{"width":1536,"height":1021,"url":"https:\/\/hurghadalovers.com\/wp-content\/uploads\/2023\/09\/El-Gouna-to-Pyramids-Day-Trip-by-Bus.jpeg","type":"image\/jpeg"}],"twitter_card":"summary_large_image","twitter_misc":{"Price":"&euro;&nbsp;190","Availability":"In stock"},"schema":{"@context":"https:\/\/schema.org","@graph":[{"@type":["WebPage","ItemPage"],"@id":"https:\/\/hurghadalovers.com\/de\/tours\/privat-makadi-bucht-zu-pyramiden-von-giza-saqqara\/","url":"https:\/\/hurghadalovers.com\/de\/tours\/privat-makadi-bucht-zu-pyramiden-von-giza-saqqara\/","name":"Privater Makadi bay Pyramiden Tour nach Sakkara, Sphinx","isPartOf":{"@id":"https:\/\/hurghadalovers.com\/de\/#website"},"primaryImageOfPage":{"@id":"https:\/\/hurghadalovers.com\/de\/tours\/privat-makadi-bucht-zu-pyramiden-von-giza-saqqara\/#primaryimage"},"image":{"@id":"https:\/\/hurghadalovers.com\/de\/tours\/privat-makadi-bucht-zu-pyramiden-von-giza-saqqara\/#primaryimage"},"thumbnailUrl":"https:\/\/hurghadalovers.com\/wp-content\/uploads\/2023\/09\/El-Gouna-to-Pyramids-Day-Trip-by-Bus.jpeg","datePublished":"2023-08-29T16:55:21+00:00","dateModified":"2026-02-09T09:11:21+00:00","description":"Privater Makadi bay Pyramiden Tour nach Sakkara, Sphinx und zum islamischen Kairo mit privatem F\u00fchrer, Tickets und Mittagessen. Entdecken Sie neue","breadcrumb":{"@id":"https:\/\/hurghadalovers.com\/de\/tours\/privat-makadi-bucht-zu-pyramiden-von-giza-saqqara\/#breadcrumb"},"inLanguage":"de-DE","potentialAction":[{"@type":"ReadAction","target":["https:\/\/hurghadalovers.com\/de\/tours\/privat-makadi-bucht-zu-pyramiden-von-giza-saqqara\/"]}]},{"@type":"ImageObject","inLanguage":"de-DE","@id":"https:\/\/hurghadalovers.com\/de\/tours\/privat-makadi-bucht-zu-pyramiden-von-giza-saqqara\/#primaryimage","url":"https:\/\/hurghadalovers.com\/wp-content\/uploads\/2023\/09\/El-Gouna-to-Pyramids-Day-Trip-by-Bus.jpeg","contentUrl":"https:\/\/hurghadalovers.com\/wp-content\/uploads\/2023\/09\/El-Gouna-to-Pyramids-Day-Trip-by-Bus.jpeg","width":1536,"height":1021,"caption":"Tagesausflug mit dem Bus von El Gouna zu den Pyramiden"},{"@type":"BreadcrumbList","@id":"https:\/\/hurghadalovers.com\/de\/tours\/privat-makadi-bucht-zu-pyramiden-von-giza-saqqara\/#breadcrumb","itemListElement":[{"@type":"ListItem","position":1,"name":"Home","item":"https:\/\/hurghadalovers.com\/de\/"},{"@type":"ListItem","position":2,"name":"Shop","item":"https:\/\/hurghadalovers.com\/shop\/"},{"@type":"ListItem","position":3,"name":"Privater Makadi bay Pyramiden Tour nach Sakkara, Sphinx und zum islamischen Kairo"}]},{"@type":"WebSite","@id":"https:\/\/hurghadalovers.com\/de\/#website","url":"https:\/\/hurghadalovers.com\/de\/","name":"Hurghada Excursions & Day Trips | Booking Best Prices Tours","description":"Hurghada Lovers - Best Tour Operator - Excursions &amp; Things to do for Family Day Trips with kids and Couples Romantic. Unique .Hidden gems","publisher":{"@id":"https:\/\/hurghadalovers.com\/de\/#organization"},"alternateName":"Hurghada Excursions","potentialAction":[{"@type":"SearchAction","target":{"@type":"EntryPoint","urlTemplate":"https:\/\/hurghadalovers.com\/de\/?s={search_term_string}"},"query-input":{"@type":"PropertyValueSpecification","valueRequired":true,"valueName":"search_term_string"}}],"inLanguage":"de-DE"},{"@type":["Organization","Place","TravelAgency"],"@id":"https:\/\/hurghadalovers.com\/de\/#organization","name":"Hurghada Excursions","url":"https:\/\/hurghadalovers.com\/de\/","logo":{"@id":"https:\/\/hurghadalovers.com\/de\/tours\/privat-makadi-bucht-zu-pyramiden-von-giza-saqqara\/#local-main-organization-logo"},"image":{"@id":"https:\/\/hurghadalovers.com\/de\/tours\/privat-makadi-bucht-zu-pyramiden-von-giza-saqqara\/#local-main-organization-logo"},"sameAs":["https:\/\/www.facebook.com\/Hurghadaloversegypt"],"address":{"@id":"https:\/\/hurghadalovers.com\/de\/tours\/privat-makadi-bucht-zu-pyramiden-von-giza-saqqara\/#local-main-place-address"},"telephone":["00201112596434"],"contactPoint":{"@type":"ContactPoint","telephone":"00201112596434","email":"weyouface@gmail.com"},"openingHoursSpecification":{"@type":"OpeningHoursSpecification","dayOfWeek":["Monday","Tuesday","Wednesday","Thursday","Friday","Saturday","Sunday"],"opens":"00:00","closes":"23:59"},"email":"weyouface@gmail.com","areaServed":"Luxor, Hurghada, El Gouna, Aswan, Sharm El Sheikh, Giza, Alexandria, Marsa Alam, Quseir, Soma Bay, Sahl Hasheesh, Red Sea, Makadi Bay, Cairo","priceRange":"$","currenciesAccepted":"euro","paymentAccepted":"cash on site"},{"@type":"PostalAddress","@id":"https:\/\/hurghadalovers.com\/de\/tours\/privat-makadi-bucht-zu-pyramiden-von-giza-saqqara\/#local-main-place-address","streetAddress":"17 Banks street, Alkawther area, top nbk bank","addressLocality":"hurghada","postalCode":"84511","addressRegion":"red sea","addressCountry":"EG"},{"@type":"ImageObject","inLanguage":"de-DE","@id":"https:\/\/hurghadalovers.com\/de\/tours\/privat-makadi-bucht-zu-pyramiden-von-giza-saqqara\/#local-main-organization-logo","url":"https:\/\/hurghadalovers.com\/wp-content\/uploads\/2019\/10\/hurghada-excursions-logo.png","contentUrl":"https:\/\/hurghadalovers.com\/wp-content\/uploads\/2019\/10\/hurghada-excursions-logo.png","width":272,"height":90,"caption":"Hurghada Excursions"}]},"product_brand":"Kairo Tagesausfl\u00fcge von Makadi bay","product_price_amount":"190","product_price_currency":"EUR","og_availability":"instock","product_availability":"instock","product_retailer_item_id":"MakadiBay052024","product_condition":"new","geo.placename":"hurghada","geo.region":"Egypt"},"_links":{"self":[{"href":"https:\/\/hurghadalovers.com\/de\/wp-json\/wp\/v2\/product\/386745","targetHints":{"allow":["GET"]}}],"collection":[{"href":"https:\/\/hurghadalovers.com\/de\/wp-json\/wp\/v2\/product"}],"about":[{"href":"https:\/\/hurghadalovers.com\/de\/wp-json\/wp\/v2\/types\/product"}],"wp:featuredmedia":[{"embeddable":true,"href":"https:\/\/hurghadalovers.com\/de\/wp-json\/wp\/v2\/media\/396706"}],"wp:attachment":[{"href":"https:\/\/hurghadalovers.com\/de\/wp-json\/wp\/v2\/media?parent=386745"}],"wp:term":[{"taxonomy":"product_brand","embeddable":true,"href":"https:\/\/hurghadalovers.com\/de\/wp-json\/wp\/v2\/product_brand?post=386745"},{"taxonomy":"product_cat","embeddable":true,"href":"https:\/\/hurghadalovers.com\/de\/wp-json\/wp\/v2\/product_cat?post=386745"},{"taxonomy":"product_tag","embeddable":true,"href":"https:\/\/hurghadalovers.com\/de\/wp-json\/wp\/v2\/product_tag?post=386745"}],"curies":[{"name":"wp","href":"https:\/\/api.w.org\/{rel}","templated":true}]}}