{"id":385684,"date":"2023-08-27T20:05:05","date_gmt":"2023-08-27T20:05:05","guid":{"rendered":"https:\/\/hurghadalovers.com\/shop\/unkategorisiert\/parasailing-soma-bucht\/"},"modified":"2026-02-09T19:11:07","modified_gmt":"2026-02-09T19:11:07","slug":"parasailing-soma-bay","status":"publish","type":"product","link":"https:\/\/hurghadalovers.com\/de\/tours\/parasailing-soma-bay\/","title":{"rendered":"Parasailing-Ausflug ab Soma Bay"},"content":{"rendered":"<p><strong>Parasailing-Ausflug ab Soma Bay<\/strong> | Beste Fallschirmaktivit\u00e4ten und Paragliding-Abenteuerreise von Safaga Hotels mit Transfer. Buchen Sie g\u00fcnstige Preise und die besten Aktivit\u00e4ten in Soma Bay morgens und nachmittags.<\/p>\n<p style=\"text-align: center;\"><span style=\"color: #00ccff;\">Beste <strong>Adrenalin-Aktivit\u00e4ten<\/strong> &amp; <strong>Abenteuerreise<\/strong> am Nachmittag<\/span><\/p>\n<p style=\"text-align: center;\"><span style=\"color: #00ccff;\">Beste Spa\u00dftouren f\u00fcr <strong>Familien mit Kindern<\/strong><\/span><\/p>\n<p style=\"text-align: center;\"><span style=\"color: #00ccff;\">Best Things to Do in Soma Bucht f\u00fcr <strong>Romantiker und Paare<\/strong> Flitterwochen.<\/span><\/p>\n<p>&nbsp;<\/p>\n<p><strong>Parasegeln von Soma bay<\/strong> \u00c4gypten mit Hotelabholung | Bester Preis Soma bay Aktivit\u00e4ten &amp; Parasailing-Abenteuer Speedboot in Hurghada Marina.<\/p>\n<p><strong>Wassersport Soma bay | Bester Preis Parasailing Speedboot in \u00c4gypten<\/strong><\/p>\n<p>Machen Sie mit!<strong> \u00c4gypten Rotes Meer. <\/strong>Geeignet f\u00fcr Profis und Anf\u00e4nger. Alleine oder zu zweit!<strong> In die L\u00fcfte erheben! <\/strong>Sonne, Meer, Strand, <strong>Soma bay Ausfl\u00fcge<\/strong><strong>.<\/strong><\/p>\n<p>Bester Preis Parasailing Speedboot, Kitesurfing, Windsurfen, Bootstouren, Abenteuer Urlaubin Freizeitangebot \u00c4gypten unternehmungen, Machen Sie mit! \u00c4gypten. Geeignet f\u00fcr Profis und Anf\u00e4nger. Beste Preise kamelreiten <strong>Soma bay<\/strong> ausfl\u00fcge buchen kamelreiten <strong>Soma bay<\/strong>, <strong>Soma bay<\/strong>\u00a0kamelreiten, <strong>Soma bay<\/strong> ausfl\u00fcge buchen, unternehmungen <strong>Soma bay<\/strong>.<\/p>\n<p><strong>Die H\u00f6hepunkte unserer Tour:<\/strong><\/p>\n<ul>\n<li>Erleben Sie <strong>Parasailing<\/strong> <strong>zu zweit<\/strong> oder alleine<\/li>\n<li>Werfen Sie einen Blick auf das Rote Meer und dem <strong>Strand Soma bay<\/strong>\u00a0aus der <strong>Vogelperspektive<\/strong><\/li>\n<li>Bewundern Sie das wundersch\u00f6ne <strong>t\u00fcrkisfarbenes Meer<\/strong><\/li>\n<\/ul>\n<h2><strong>Parasegeln von Soma bay Unser Programm:<\/strong><\/h2>\n<p>Seien Sie bereit, wenn unser Reisebegleiter Sie vom Hotel f\u00fcr den Transfer zur <strong>Marina<\/strong> abholt. Fahren Sie alleine oder in Begleitung und lassen sich von unserem <strong>Schnellboot<\/strong> in die L\u00fcfte ziehen.<\/p>\n<p>Sie haben keine Vorkenntnisse? Kein Problem! <strong>Ist Parasailing gef\u00e4hrlich<\/strong>? Nein, <strong>Parasailing<\/strong> erfordert keine Ausbildung. Es ist die angenehmste Art Ihren Adrenalinspiegel steigen zu lassen! Genie\u00dfen Sie aus einer H\u00f6he von bis zu 50 Metern den Blick auf <strong>Soma bay<\/strong>.<\/p>\n<p>Nach ungef\u00e4hr 30 Minuten kehren Sie aufs Wasser zur\u00fcck und sind Sie sicher, Sie werden bestimmt noch einmal <strong>in die L\u00fcfte steigen:<\/strong>&#8211; ))<strong>\u00a0<\/strong><\/p>\n<p>&nbsp;<\/p>\n<h3><strong>Buchung Bester Preis Parasailing-Abenteuer Speedboot &#8211; Parasegeln von Soma bay:<\/strong><\/h3>\n<p>Ihre Buchung gilt als best\u00e4tigt mit Erhalt Ihrer Anzahlung<strong>\u00a0<\/strong><\/p>\n<p><strong>Parasailing Soma bay<\/strong>, ein Abenteuererlebnis f\u00fcr \u201eJung und Alt\u201c. Lassen Sie sich von einem <strong>Parasailing <\/strong>Fallschirm, der seinen Tr\u00e4ger in einem Gurt (Sitz) tr\u00e4gt, \u00fcber das <strong>Rote Meer Soma bay<\/strong>\u00a0anheben.<\/p>\n<p>Erleben Sie den Adrenalinschub, das ein Schnellboot Sie mit dem Fallschirm auf ungef\u00e4hr 50 m \u00fcber den<strong> Meeresspiegel<\/strong> bringt. Und keine Angst! Sie sind in sicheren H\u00e4nden!<\/p>\n<p>Sie suchen nach mehreren<strong> Wassersportarten? <\/strong>Buchen Sie<strong> Tauchen Soma bay <\/strong>oder eine <strong>Schnorcheltour Soma bay <\/strong>und begleiten und mit einer Bootstour zu einer der<strong> Giftun Inseln.<\/strong><\/p>\n<p>Parasailing in Soma Bay Hotels | Buchung von luxuri\u00f6sen privaten Soma Bay-Ausfl\u00fcgen und g\u00fcnstigen Preisen Paragliding-Aktivit\u00e4ten mit privatem Transfer von Soma Bay.<\/p>\n<p style=\"text-align: left;\"><strong>Parasailing-Ausflug ab Soma Bay <\/strong><strong>Einzelheiten:<\/strong><\/p>\n<ul>\n<li>Verf\u00fcgbarkeit der Tour: Jeden Tag.<\/li>\n<li>Tour-Typ: Gruppe.<\/li>\n<li>Abholzeit: ab 10:00 Uhr, wie Sie gebucht haben.<\/li>\n<li>Abholzeit: wie Sie wollen.<\/li>\n<li>Dauer: 5-7 Min. Mit dem Fallschirm in den Himmel fliegen.<\/li>\n<\/ul>\n<p><strong>Jetzt reservieren und sp\u00e4ter bezahlen:<\/strong><\/p>\n<ul>\n<li>Bargeld vor Ort zu f\u00fchren.<\/li>\n<li>Zahlung in \u00e4gyptischen Pfund, $, \u20ac oder \u00a3.<\/li>\n<\/ul>\n<p><strong>Stornierungsbedingungen:<\/strong><\/p>\n<ul>\n<li>Sie k\u00f6nnen bis zu 24 Stunden im Voraus stornieren.<\/li>\n<li>Wenn jemand aus Ihrer Familie den Vormittag absagt, zahlen Sie 50 % der Kosten.<\/li>\n<\/ul>\n<p><strong>Was ist inbegriffen?<\/strong><\/p>\n<ul>\n<li>Transfer von Soma Bay Hotels &#8220;Hotel abholen und zur\u00fcckbringen&#8221;.<\/li>\n<li>Alle Steuern, Eintrittsgelder und Bearbeitungsgeb\u00fchren.<\/li>\n<li>Fallschirm reiten.<\/li>\n<li>Mineralwasser.<\/li>\n<li>Schwimmwesten.<\/li>\n<\/ul>\n<p><strong>Ausnahmen?<\/strong><\/p>\n<ul>\n<li>Trinkgeld.<\/li>\n<li>Fotografie &amp; Fotos f\u00fcr die Reise.<\/li>\n<li>Alle nicht erw\u00e4hnten Extras.<\/li>\n<\/ul>\n<p><strong>Preise:<\/strong><\/p>\n<p><strong>Preis = <\/strong><strong>30$<\/strong><strong> pro Person mit Transfer<\/strong>.<\/p>\n<p><strong>Bewertungen:<\/strong><\/p>\n<p>\u00fcberpr\u00fcfen Sie unsere Google Map Bewertungen als bester <a href=\"https:\/\/g.page\/r\/CUeYvkngP3wkEBM\/review\">Reiseveranstalter in Hurghada<\/a> online in <a href=\"https:\/\/hurghadalovers.com\/\">Hurghada<\/a> \u00c4gypten.<\/p>\n<p>&nbsp;<\/p>\n<p><strong>Reservierung:<\/strong><\/p>\n<p>Senden Sie Hotel + Zimmernummer + Fotop\u00e4sse an WhatsApp: <strong>+201112596434<\/strong><\/p>\n<p>Wenn Sie aus \u00c4gypten Buchen Sie jetzt online und best\u00e4tigen Sie bei der Ankunft Hotel.<\/p>\n<p><span style=\"color: #00ccff;\">\u00a0\u2014\u2014\u2014\u2013 | \u2014\u2014\u2014\u2014\u2013 | \u2014\u2014\u2014\u2014\u2014-<\/span><\/p>\n<p><strong><span style=\"color: #00ccff;\">Parasailing-Ausflug ab Soma Bay<\/span><\/strong><\/p>\n<p>Freuen Sie sich auf ein einzigartiges, abenteuerliches Erlebnis voller Spannung, <strong>Adrenalin<\/strong> und der Langeweile, in Ihrem Hotel in Soma Bay am Strand zu sitzen? Begeben Sie sich jetzt f\u00fcr 7-10 Minuten auf eine Reise in den Himmel, um die Hotels und Stra\u00dfen von Hurghada und die ber\u00fchmten Giftun-Inseln und die Hurghada-Inseln von oben zu sehen.<\/p>\n<p>Fallschirmspringen geh\u00f6rt zu den sch\u00f6nsten und besten Aktivit\u00e4ten f\u00fcr Paare, junge Erwachsene und Kinder bis 5 Jahre.<\/p>\n<p>Wir bieten Ihnen einen privaten Autotransfer von Ihrem Hotel in Soma Bay Safaga zum Startpunkt in der neuen Marina von Hurghada, dann eine Fallschirmfahrt, w\u00e4hrend Sie w\u00e4hrend der gesamten Reise mit Sicherheitsma\u00dfnahmen versorgt werden, und kehren dann zum Hotel zur\u00fcck.<\/p>\n<p>Das wichtigste Merkmal der Fallschirmtour von Soma Bay mit uns ist, dass Sie nach Abschluss der Fallschirmtour im Wasser 20 Minuten lang sitzen und gehen k\u00f6nnen, um die luxuri\u00f6sen Marineyachten, Segelboote und Restaurants dort zu sehen, nachdem Sie die Fallschirmtour im Wasser kostenlos absolviert haben. Dar\u00fcber hinaus bieten wir Ihnen die M\u00f6glichkeit, w\u00e4hrend des Spaziergangs anzuhalten, um Fotos von den wichtigsten touristischen Orten und Stra\u00dfen in der Touristenstadt Hurghada zu machen.<\/p>\n<p><span style=\"color: #00ccff;\">\u00a0\u2014\u2014\u2014\u2013 | \u2014\u2014\u2014\u2014\u2013 | \u2014\u2014\u2014\u2014\u2014-<\/span><\/p>\n<p><strong>Parasailing-Ausflug ab Soma Bay Programmbeschreibung:<\/strong><\/p>\n<p>Sie k\u00f6nnen die f\u00fcr Sie passende Zeit morgens bis 03:00 Uhr abends w\u00e4hlen<\/p>\n<p><strong>09:00 Uhr<\/strong><\/p>\n<p>Abholung von Ihrem Hotel in Soma Bay.<\/p>\n<p>Zeit zwischen Ihrem Hotel in Soma Bay Safaga und Hurghada Marina = 45 min.<\/p>\n<p><strong>10:00 UHR<\/strong><\/p>\n<p>Fangen Sie an, Fallschirm zu fahren.<\/p>\n<p>Fallschirmspringen ist f\u00fcr eine Person, Doppel- und Dreibettzimmer verf\u00fcgbar<\/p>\n<p>Der Leitfaden erkl\u00e4rt, wie man mit dem Fallschirm in den Himmel fliegt.<\/p>\n<p>Der Guide hilft Ihnen, die Schwimmweste anzuziehen und die Fallschirmflugausr\u00fcstung zu Ihrer Sicherheit zu installieren.<\/p>\n<p>Sie k\u00f6nnen mit Ihrem Handy von oben, auf einem kleinen Boot oder mit Hilfe eines Fotografen auf dem Boot fotografieren.<\/p>\n<p><strong>10:30 Uhr<\/strong><\/p>\n<p>Beginn der R\u00fcckkehr zum Soma Bay Hotel.<\/p>\n<p><span style=\"color: #00ccff;\">\u00a0\u2014\u2014\u2014\u2013 | \u2014\u2014\u2014\u2014\u2013 | \u2014\u2014\u2014\u2014\u2014-<\/span><\/p>\n<p><strong>Warum Hurghada Excursions Lovers w\u00e4hlen, um einen Ausflug von Soma Bay Resorts zu buchen?<\/strong><\/p>\n<ol>\n<li>Bereitstellung einer Reservierung f\u00fcr einen Fallschirmflug am selben Tag ab 08:00 Uhr morgens und Entsendung eines privaten Autos f\u00fcr den Transport von Ihrem Hotel in Soma Bay Safaga innerhalb von zwei Stunden.<\/li>\n<li>Bereitstellung eines professionellen Teams, das Ihnen hilft, den Nervenkitzel des Fliegens in der Luft zu genie\u00dfen.<\/li>\n<li>Wir k\u00fcmmern uns um jedes Detail f\u00fcr Ihr Gl\u00fcck und Ihre Freude an Ihrer Reise mit Familie und Freunden.<\/li>\n<li>G\u00fcnstige, konkurrenzf\u00e4hige Preise und 5-Sterne-Qualit\u00e4t bis zur R\u00fcckkehr ins Hotel.<\/li>\n<li>Kostenlose wertvolle Geschenke f\u00fcr jede Person und Mineralwasser oder Softdrinks nach Wunsch.<\/li>\n<\/ol>\n<p>Pr\u00fcfen\u00a0<a href=\"https:\/\/hurghadalovers.com\/de\/tour-category\/soma-bay-ausfluege\/\"><strong>Soma bay Ausfl\u00fcge<\/strong><\/a> \u2013 <a href=\"https:\/\/hurghadalovers.com\/de\/tour-category\/soma-bay-aktivitaeten\/\"><strong>Soma bay Aktivit\u00e4ten<\/strong><\/a>:<\/p>\n<p>&nbsp;<\/p>\n","protected":false},"excerpt":{"rendered":"<p><strong>Parasailing-Ausflug ab Soma Bay<\/strong> | Beste Fallschirmaktivit\u00e4ten und Paragliding-Abenteuerreise von Safaga Hotels mit Transfer. Buchen Sie g\u00fcnstige Preise und die besten Aktivit\u00e4ten in Soma Bay morgens und nachmittags.<\/p>\n","protected":false},"featured_media":396407,"template":"","meta":{"_joinchat":[]},"product_brand":[],"product_cat":[29817],"product_tag":[56035,56029,56053,56026,56062,56050,56022,56059,56038,56056,56032,56041,56047,56044],"class_list":{"0":"post-385684","1":"product","2":"type-product","3":"status-publish","4":"has-post-thumbnail","6":"product_cat-touren","7":"product_tag-ausfluge-in-die-soma-bucht","8":"product_tag-bobos-soma-bay-wassersport","9":"product_tag-familienausfluge-von-soma-bay-aus","10":"product_tag-gleitschirmfliegen-soma-bay","11":"product_tag-indoor-aktivitaten-fur-paare-soma-bay","12":"product_tag-lustige-ausflugsziele-mit-der-familie-von-soma-bay-aus","13":"product_tag-parasailing-soma-bay-de","14":"product_tag-romantische-unternehmungen-in-soma-bay","15":"product_tag-soma-bay-aktivitaten","16":"product_tag-soma-bay-preisgunstige-ausfluge-fur-familien","17":"product_tag-soma-bay-surfen","18":"product_tag-soma-bay-tagesausfluge","19":"product_tag-soma-bay-tagestouren","20":"product_tag-soma-bay-was-zu-tun-ist","21":"tour_category-soma-bay-aktivitaeten","22":"tour_category-soma-bay-ausfluege","24":"first","25":"instock","26":"sale","27":"shipping-taxable","28":"purchasable","29":"product-type-tour"},"yoast_head":"<!-- This site is optimized with the Yoast SEO Premium plugin v26.9 (Yoast SEO v27.2) - https:\/\/yoast.com\/product\/yoast-seo-premium-wordpress\/ -->\n<title>Parasailing-Ausflug ab Soma Bay | Beste Fallschirmaktivit\u00e4ten<\/title>\n<meta name=\"description\" content=\"Parasailing-Ausflug ab Soma Bay | Beste Fallschirmaktivit\u00e4ten und Paragliding-Abenteuerreise von Safaga Hotels mit Transfer. Buchen Sie g\u00fcnstige Preise\" \/>\n<meta name=\"robots\" content=\"index, follow, max-snippet:-1, max-image-preview:large, max-video-preview:-1\" \/>\n<link rel=\"canonical\" href=\"https:\/\/hurghadalovers.com\/de\/tours\/parasailing-soma-bay\/\" \/>\n<meta property=\"og:locale\" content=\"de_DE\" \/>\n<meta property=\"og:type\" content=\"article\" \/>\n<meta property=\"og:title\" content=\"Parasailing-Ausflug ab Soma Bay\" \/>\n<meta property=\"og:description\" content=\"Parasailing-Ausflug ab Soma Bay | Beste Fallschirmaktivit\u00e4ten und Paragliding-Abenteuerreise von Safaga Hotels mit Transfer. Buchen Sie g\u00fcnstige Preise\" \/>\n<meta property=\"og:url\" content=\"https:\/\/hurghadalovers.com\/de\/tours\/parasailing-soma-bay\/\" \/>\n<meta property=\"og:site_name\" content=\"Hurghada Excursions &amp; Day Trips | Booking Best Prices Tours\" \/>\n<meta property=\"article:publisher\" content=\"https:\/\/www.facebook.com\/Hurghadaloversegypt\" \/>\n<meta property=\"article:modified_time\" content=\"2026-02-09T19:11:07+00:00\" \/>\n<meta property=\"og:image\" content=\"https:\/\/hurghadalovers.com\/wp-content\/uploads\/2023\/09\/Parasailing-El-Gouna.jpeg\" \/>\n\t<meta property=\"og:image:width\" content=\"1536\" \/>\n\t<meta property=\"og:image:height\" content=\"1018\" \/>\n\t<meta property=\"og:image:type\" content=\"image\/jpeg\" \/>\n<meta name=\"twitter:card\" content=\"summary_large_image\" \/>\n<meta name=\"twitter:label1\" content=\"Price\" \/>\n\t<meta name=\"twitter:data1\" content=\"&euro;&nbsp;35\" \/>\n\t<meta name=\"twitter:label2\" content=\"Availability\" \/>\n\t<meta name=\"twitter:data2\" content=\"In stock\" \/>\n<script type=\"application\/ld+json\" class=\"yoast-schema-graph\">{\"@context\":\"https:\/\/schema.org\",\"@graph\":[{\"@type\":[\"WebPage\",\"ItemPage\"],\"@id\":\"https:\/\/hurghadalovers.com\/de\/tours\/parasailing-soma-bay\/\",\"url\":\"https:\/\/hurghadalovers.com\/de\/tours\/parasailing-soma-bay\/\",\"name\":\"Parasailing-Ausflug ab Soma Bay | Beste Fallschirmaktivit\u00e4ten\",\"isPartOf\":{\"@id\":\"https:\/\/hurghadalovers.com\/de\/#website\"},\"primaryImageOfPage\":{\"@id\":\"https:\/\/hurghadalovers.com\/de\/tours\/parasailing-soma-bay\/#primaryimage\"},\"image\":{\"@id\":\"https:\/\/hurghadalovers.com\/de\/tours\/parasailing-soma-bay\/#primaryimage\"},\"thumbnailUrl\":\"https:\/\/hurghadalovers.com\/wp-content\/uploads\/2023\/09\/Parasailing-El-Gouna.jpeg\",\"datePublished\":\"2023-08-27T20:05:05+00:00\",\"dateModified\":\"2026-02-09T19:11:07+00:00\",\"description\":\"Parasailing-Ausflug ab Soma Bay | Beste Fallschirmaktivit\u00e4ten und Paragliding-Abenteuerreise von Safaga Hotels mit Transfer. Buchen Sie g\u00fcnstige Preise\",\"breadcrumb\":{\"@id\":\"https:\/\/hurghadalovers.com\/de\/tours\/parasailing-soma-bay\/#breadcrumb\"},\"inLanguage\":\"de-DE\",\"potentialAction\":[{\"@type\":\"ReadAction\",\"target\":[\"https:\/\/hurghadalovers.com\/de\/tours\/parasailing-soma-bay\/\"]}]},{\"@type\":\"ImageObject\",\"inLanguage\":\"de-DE\",\"@id\":\"https:\/\/hurghadalovers.com\/de\/tours\/parasailing-soma-bay\/#primaryimage\",\"url\":\"https:\/\/hurghadalovers.com\/wp-content\/uploads\/2023\/09\/Parasailing-El-Gouna.jpeg\",\"contentUrl\":\"https:\/\/hurghadalovers.com\/wp-content\/uploads\/2023\/09\/Parasailing-El-Gouna.jpeg\",\"width\":1536,\"height\":1018,\"caption\":\"Parasailing\u00a0El Gouna\"},{\"@type\":\"BreadcrumbList\",\"@id\":\"https:\/\/hurghadalovers.com\/de\/tours\/parasailing-soma-bay\/#breadcrumb\",\"itemListElement\":[{\"@type\":\"ListItem\",\"position\":1,\"name\":\"Home\",\"item\":\"https:\/\/hurghadalovers.com\/de\/\"},{\"@type\":\"ListItem\",\"position\":2,\"name\":\"Shop\",\"item\":\"https:\/\/hurghadalovers.com\/shop\/\"},{\"@type\":\"ListItem\",\"position\":3,\"name\":\"Parasailing-Ausflug ab Soma Bay\"}]},{\"@type\":\"WebSite\",\"@id\":\"https:\/\/hurghadalovers.com\/de\/#website\",\"url\":\"https:\/\/hurghadalovers.com\/de\/\",\"name\":\"Hurghada Excursions & Day Trips | Booking Best Prices Tours\",\"description\":\"Hurghada Lovers - Best Tour Operator - Excursions &amp; Things to do for Family Day Trips with kids and Couples Romantic. Unique .Hidden gems\",\"publisher\":{\"@id\":\"https:\/\/hurghadalovers.com\/de\/#organization\"},\"alternateName\":\"Hurghada Excursions\",\"potentialAction\":[{\"@type\":\"SearchAction\",\"target\":{\"@type\":\"EntryPoint\",\"urlTemplate\":\"https:\/\/hurghadalovers.com\/de\/?s={search_term_string}\"},\"query-input\":{\"@type\":\"PropertyValueSpecification\",\"valueRequired\":true,\"valueName\":\"search_term_string\"}}],\"inLanguage\":\"de-DE\"},{\"@type\":[\"Organization\",\"Place\",\"TravelAgency\"],\"@id\":\"https:\/\/hurghadalovers.com\/de\/#organization\",\"name\":\"Hurghada Excursions\",\"url\":\"https:\/\/hurghadalovers.com\/de\/\",\"logo\":{\"@id\":\"https:\/\/hurghadalovers.com\/de\/tours\/parasailing-soma-bay\/#local-main-organization-logo\"},\"image\":{\"@id\":\"https:\/\/hurghadalovers.com\/de\/tours\/parasailing-soma-bay\/#local-main-organization-logo\"},\"sameAs\":[\"https:\/\/www.facebook.com\/Hurghadaloversegypt\"],\"address\":{\"@id\":\"https:\/\/hurghadalovers.com\/de\/tours\/parasailing-soma-bay\/#local-main-place-address\"},\"telephone\":[\"00201112596434\"],\"contactPoint\":{\"@type\":\"ContactPoint\",\"telephone\":\"00201112596434\",\"email\":\"weyouface@gmail.com\"},\"openingHoursSpecification\":{\"@type\":\"OpeningHoursSpecification\",\"dayOfWeek\":[\"Monday\",\"Tuesday\",\"Wednesday\",\"Thursday\",\"Friday\",\"Saturday\",\"Sunday\"],\"opens\":\"00:00\",\"closes\":\"23:59\"},\"email\":\"weyouface@gmail.com\",\"areaServed\":\"Luxor, Hurghada, El Gouna, Aswan, Sharm El Sheikh, Giza, Alexandria, Marsa Alam, Quseir, Soma Bay, Sahl Hasheesh, Red Sea, Makadi Bay, Cairo\",\"priceRange\":\"$\",\"currenciesAccepted\":\"euro\",\"paymentAccepted\":\"cash on site\"},{\"@type\":\"PostalAddress\",\"@id\":\"https:\/\/hurghadalovers.com\/de\/tours\/parasailing-soma-bay\/#local-main-place-address\",\"streetAddress\":\"17 Banks street, Alkawther area, top nbk bank\",\"addressLocality\":\"hurghada\",\"postalCode\":\"84511\",\"addressRegion\":\"red sea\",\"addressCountry\":\"EG\"},{\"@type\":\"ImageObject\",\"inLanguage\":\"de-DE\",\"@id\":\"https:\/\/hurghadalovers.com\/de\/tours\/parasailing-soma-bay\/#local-main-organization-logo\",\"url\":\"https:\/\/hurghadalovers.com\/wp-content\/uploads\/2019\/10\/hurghada-excursions-logo.png\",\"contentUrl\":\"https:\/\/hurghadalovers.com\/wp-content\/uploads\/2019\/10\/hurghada-excursions-logo.png\",\"width\":272,\"height\":90,\"caption\":\"Hurghada Excursions\"}]}<\/script>\n<meta property=\"product:brand\" content=\"Soma bay Aktivit\u00e4ten\" \/>\n<meta property=\"product:price:amount\" content=\"35\" \/>\n<meta property=\"product:price:currency\" content=\"EUR\" \/>\n<meta property=\"og:availability\" content=\"instock\" \/>\n<meta property=\"product:availability\" content=\"instock\" \/>\n<meta property=\"product:retailer_item_id\" content=\"Soma202401\" \/>\n<meta property=\"product:condition\" content=\"new\" \/>\n<meta name=\"geo.placename\" content=\"hurghada\" \/>\n<meta name=\"geo.region\" content=\"Egypt\" \/>\n<!-- \/ Yoast SEO Premium plugin. -->","yoast_head_json":{"title":"Parasailing-Ausflug ab Soma Bay | Beste Fallschirmaktivit\u00e4ten","description":"Parasailing-Ausflug ab Soma Bay | Beste Fallschirmaktivit\u00e4ten und Paragliding-Abenteuerreise von Safaga Hotels mit Transfer. Buchen Sie g\u00fcnstige Preise","robots":{"index":"index","follow":"follow","max-snippet":"max-snippet:-1","max-image-preview":"max-image-preview:large","max-video-preview":"max-video-preview:-1"},"canonical":"https:\/\/hurghadalovers.com\/de\/tours\/parasailing-soma-bay\/","og_locale":"de_DE","og_type":"article","og_title":"Parasailing-Ausflug ab Soma Bay","og_description":"Parasailing-Ausflug ab Soma Bay | Beste Fallschirmaktivit\u00e4ten und Paragliding-Abenteuerreise von Safaga Hotels mit Transfer. Buchen Sie g\u00fcnstige Preise","og_url":"https:\/\/hurghadalovers.com\/de\/tours\/parasailing-soma-bay\/","og_site_name":"Hurghada Excursions &amp; Day Trips | Booking Best Prices Tours","article_publisher":"https:\/\/www.facebook.com\/Hurghadaloversegypt","article_modified_time":"2026-02-09T19:11:07+00:00","og_image":[{"width":1536,"height":1018,"url":"https:\/\/hurghadalovers.com\/wp-content\/uploads\/2023\/09\/Parasailing-El-Gouna.jpeg","type":"image\/jpeg"}],"twitter_card":"summary_large_image","twitter_misc":{"Price":"&euro;&nbsp;35","Availability":"In stock"},"schema":{"@context":"https:\/\/schema.org","@graph":[{"@type":["WebPage","ItemPage"],"@id":"https:\/\/hurghadalovers.com\/de\/tours\/parasailing-soma-bay\/","url":"https:\/\/hurghadalovers.com\/de\/tours\/parasailing-soma-bay\/","name":"Parasailing-Ausflug ab Soma Bay | Beste Fallschirmaktivit\u00e4ten","isPartOf":{"@id":"https:\/\/hurghadalovers.com\/de\/#website"},"primaryImageOfPage":{"@id":"https:\/\/hurghadalovers.com\/de\/tours\/parasailing-soma-bay\/#primaryimage"},"image":{"@id":"https:\/\/hurghadalovers.com\/de\/tours\/parasailing-soma-bay\/#primaryimage"},"thumbnailUrl":"https:\/\/hurghadalovers.com\/wp-content\/uploads\/2023\/09\/Parasailing-El-Gouna.jpeg","datePublished":"2023-08-27T20:05:05+00:00","dateModified":"2026-02-09T19:11:07+00:00","description":"Parasailing-Ausflug ab Soma Bay | Beste Fallschirmaktivit\u00e4ten und Paragliding-Abenteuerreise von Safaga Hotels mit Transfer. Buchen Sie g\u00fcnstige Preise","breadcrumb":{"@id":"https:\/\/hurghadalovers.com\/de\/tours\/parasailing-soma-bay\/#breadcrumb"},"inLanguage":"de-DE","potentialAction":[{"@type":"ReadAction","target":["https:\/\/hurghadalovers.com\/de\/tours\/parasailing-soma-bay\/"]}]},{"@type":"ImageObject","inLanguage":"de-DE","@id":"https:\/\/hurghadalovers.com\/de\/tours\/parasailing-soma-bay\/#primaryimage","url":"https:\/\/hurghadalovers.com\/wp-content\/uploads\/2023\/09\/Parasailing-El-Gouna.jpeg","contentUrl":"https:\/\/hurghadalovers.com\/wp-content\/uploads\/2023\/09\/Parasailing-El-Gouna.jpeg","width":1536,"height":1018,"caption":"Parasailing\u00a0El Gouna"},{"@type":"BreadcrumbList","@id":"https:\/\/hurghadalovers.com\/de\/tours\/parasailing-soma-bay\/#breadcrumb","itemListElement":[{"@type":"ListItem","position":1,"name":"Home","item":"https:\/\/hurghadalovers.com\/de\/"},{"@type":"ListItem","position":2,"name":"Shop","item":"https:\/\/hurghadalovers.com\/shop\/"},{"@type":"ListItem","position":3,"name":"Parasailing-Ausflug ab Soma Bay"}]},{"@type":"WebSite","@id":"https:\/\/hurghadalovers.com\/de\/#website","url":"https:\/\/hurghadalovers.com\/de\/","name":"Hurghada Excursions & Day Trips | Booking Best Prices Tours","description":"Hurghada Lovers - Best Tour Operator - Excursions &amp; Things to do for Family Day Trips with kids and Couples Romantic. Unique .Hidden gems","publisher":{"@id":"https:\/\/hurghadalovers.com\/de\/#organization"},"alternateName":"Hurghada Excursions","potentialAction":[{"@type":"SearchAction","target":{"@type":"EntryPoint","urlTemplate":"https:\/\/hurghadalovers.com\/de\/?s={search_term_string}"},"query-input":{"@type":"PropertyValueSpecification","valueRequired":true,"valueName":"search_term_string"}}],"inLanguage":"de-DE"},{"@type":["Organization","Place","TravelAgency"],"@id":"https:\/\/hurghadalovers.com\/de\/#organization","name":"Hurghada Excursions","url":"https:\/\/hurghadalovers.com\/de\/","logo":{"@id":"https:\/\/hurghadalovers.com\/de\/tours\/parasailing-soma-bay\/#local-main-organization-logo"},"image":{"@id":"https:\/\/hurghadalovers.com\/de\/tours\/parasailing-soma-bay\/#local-main-organization-logo"},"sameAs":["https:\/\/www.facebook.com\/Hurghadaloversegypt"],"address":{"@id":"https:\/\/hurghadalovers.com\/de\/tours\/parasailing-soma-bay\/#local-main-place-address"},"telephone":["00201112596434"],"contactPoint":{"@type":"ContactPoint","telephone":"00201112596434","email":"weyouface@gmail.com"},"openingHoursSpecification":{"@type":"OpeningHoursSpecification","dayOfWeek":["Monday","Tuesday","Wednesday","Thursday","Friday","Saturday","Sunday"],"opens":"00:00","closes":"23:59"},"email":"weyouface@gmail.com","areaServed":"Luxor, Hurghada, El Gouna, Aswan, Sharm El Sheikh, Giza, Alexandria, Marsa Alam, Quseir, Soma Bay, Sahl Hasheesh, Red Sea, Makadi Bay, Cairo","priceRange":"$","currenciesAccepted":"euro","paymentAccepted":"cash on site"},{"@type":"PostalAddress","@id":"https:\/\/hurghadalovers.com\/de\/tours\/parasailing-soma-bay\/#local-main-place-address","streetAddress":"17 Banks street, Alkawther area, top nbk bank","addressLocality":"hurghada","postalCode":"84511","addressRegion":"red sea","addressCountry":"EG"},{"@type":"ImageObject","inLanguage":"de-DE","@id":"https:\/\/hurghadalovers.com\/de\/tours\/parasailing-soma-bay\/#local-main-organization-logo","url":"https:\/\/hurghadalovers.com\/wp-content\/uploads\/2019\/10\/hurghada-excursions-logo.png","contentUrl":"https:\/\/hurghadalovers.com\/wp-content\/uploads\/2019\/10\/hurghada-excursions-logo.png","width":272,"height":90,"caption":"Hurghada Excursions"}]},"product_brand":"Soma bay Aktivit\u00e4ten","product_price_amount":"35","product_price_currency":"EUR","og_availability":"instock","product_availability":"instock","product_retailer_item_id":"Soma202401","product_condition":"new","geo.placename":"hurghada","geo.region":"Egypt"},"_links":{"self":[{"href":"https:\/\/hurghadalovers.com\/de\/wp-json\/wp\/v2\/product\/385684","targetHints":{"allow":["GET"]}}],"collection":[{"href":"https:\/\/hurghadalovers.com\/de\/wp-json\/wp\/v2\/product"}],"about":[{"href":"https:\/\/hurghadalovers.com\/de\/wp-json\/wp\/v2\/types\/product"}],"wp:featuredmedia":[{"embeddable":true,"href":"https:\/\/hurghadalovers.com\/de\/wp-json\/wp\/v2\/media\/396407"}],"wp:attachment":[{"href":"https:\/\/hurghadalovers.com\/de\/wp-json\/wp\/v2\/media?parent=385684"}],"wp:term":[{"taxonomy":"product_brand","embeddable":true,"href":"https:\/\/hurghadalovers.com\/de\/wp-json\/wp\/v2\/product_brand?post=385684"},{"taxonomy":"product_cat","embeddable":true,"href":"https:\/\/hurghadalovers.com\/de\/wp-json\/wp\/v2\/product_cat?post=385684"},{"taxonomy":"product_tag","embeddable":true,"href":"https:\/\/hurghadalovers.com\/de\/wp-json\/wp\/v2\/product_tag?post=385684"}],"curies":[{"name":"wp","href":"https:\/\/api.w.org\/{rel}","templated":true}]}}