{"id":385471,"date":"2023-08-27T13:58:38","date_gmt":"2023-08-27T14:11:33","guid":{"rendered":"https:\/\/hurghadalovers.com\/shop\/unkategorisiert\/morgens-buggy-tour-von-soma-bucht\/"},"modified":"2026-02-09T03:09:02","modified_gmt":"2026-02-09T03:09:02","slug":"morgen-buggy-tour-von-der-soma-bucht","status":"publish","type":"product","link":"https:\/\/hurghadalovers.com\/de\/tours\/morgen-buggy-tour-von-der-soma-bucht\/","title":{"rendered":"Morgen Buggy Fahren Soma bay"},"content":{"rendered":"<p><strong>Morgen Buggy Fahren Soma bay<\/strong> zum Beduinendorf und Kamelritt | <strong>Luxus-Abenteuer-W\u00fcstensafari<\/strong>, familienfreundlich mit Kindern, Paaren und Senioren mit privatem Transfer | Polaris RZR-Fahrt.<\/p>\n<p>&nbsp;<\/p>\n<p><strong>H\u00f6hepunkte:<\/strong><\/p>\n<ol>\n<li>D\u00fcnen-Buggy-Fahrt.<\/li>\n<li>Kamelritt.<\/li>\n<li>Beduinendorf.<\/li>\n<\/ol>\n<p><strong>Morgen Buggy Fahren Soma bay Einzelheiten:<\/strong><\/p>\n<ul>\n<li>Verf\u00fcgbarkeit der Tour: Jeden Tag.<\/li>\n<li>Art der Tour: Gruppe oder Privat.<\/li>\n<li>Abholzeit: Ab 07:30 Uhr.<\/li>\n<li>Abholzeit: ab 19:00 Uhr.<\/li>\n<li>Dauer: 3 Std.<\/li>\n<\/ul>\n<p><strong>Jetzt reservieren und sp\u00e4ter bezahlen:<\/strong><\/p>\n<ul>\n<li>Bargeld vor Ort zu f\u00fchren.<\/li>\n<li>Zahlung in \u00e4gyptischen Pfund, $, \u20ac oder \u00a3.<\/li>\n<\/ul>\n<p><strong>Stornierungsbedingungen:<\/strong><\/p>\n<ul>\n<li>Sie k\u00f6nnen bis zu 24 Stunden im Voraus stornieren.<\/li>\n<li>Wenn jemand aus Ihrer Familie den Vormittag absagt, zahlen Sie 50 % der Kosten.<\/li>\n<\/ul>\n<p><strong>Was ist inbegriffen?<\/strong><\/p>\n<ul>\n<li>Transfer von Soma Bay Hotels &#8220;Hotel abholen und zur\u00fcckbringen&#8221;.<\/li>\n<li>Alle Steuern, Eintrittsgelder und Bearbeitungsgeb\u00fchren.<\/li>\n<li>\u00dcberweisungen.<\/li>\n<li>Reiseleiter.<\/li>\n<li>Helm.<\/li>\n<\/ul>\n<p><strong>Ausnahmen?<\/strong><\/p>\n<ul>\n<li>Halstuch<\/li>\n<li>Schutzbrille<\/li>\n<li>Trinkgeld.<\/li>\n<li>Fotografie f\u00fcr die Reise.<\/li>\n<li>Alle nicht erw\u00e4hnten Extras.<\/li>\n<\/ul>\n<p><strong>Preise:<\/strong><\/p>\n<p><strong>Preis = <\/strong><strong>90$<\/strong><strong> pro Person<\/strong>.<\/p>\n<p><strong>Bewertungen:<\/strong><\/p>\n<p>\u00fcberpr\u00fcfen Sie unsere Google Map Bewertungen als bester <a href=\"https:\/\/g.page\/r\/CUeYvkngP3wkEBM\/review\">Reiseveranstalter in Hurghada<\/a> online in <a href=\"https:\/\/hurghadalovers.com\/\">Hurghada<\/a> \u00c4gypten.<\/p>\n<p>&nbsp;<\/p>\n<p><strong>Reservierung:<\/strong><\/p>\n<p>Senden Sie Hotel + Zimmernummer + Fotop\u00e4sse an WhatsApp: <strong>+201112596434<\/strong><\/p>\n<p>Wenn Sie aus \u00c4gypten Buchen Sie jetzt online und best\u00e4tigen Sie bei der Ankunft Hotel.<\/p>\n<p><span style=\"color: #ff9900;\">\u00a0\u2014\u2014\u2014\u2013 | \u2014\u2014\u2014\u2014\u2013 | \u2014\u2014\u2014\u2014\u2014-<\/span><\/p>\n<h4><strong>Was essen Beduinen?<\/strong><\/h4>\n<p>Beduinenbrot aus Milch und Wasser geh\u00f6rt neben Ziegen- und Schafsfleisch zu den t\u00e4glichen Nahrungszutaten. Es gibt einige Mahlzeiten wie Kn\u00f6del, das Kochen von Weizenk\u00f6rnern, das Mischen mit Saj-Brotbl\u00e4ttern und das Herstellen von K\u00e4se aus der Milch von Rindern und Kamelen.<\/p>\n<h4><strong>Wie sind die H\u00e4user der Beduinen?<\/strong><\/h4>\n<p>Die Beduinen leben in Zelten aus Stoffen und Holz mit engen Zwischenr\u00e4umen.<\/p>\n<p>Kamele gelten als einziges Transportmittel der Beduinen und als Nahrungsquelle aus Milch, Fleisch und Leder f\u00fcr die Herstellung schwerer Kleidung.<\/p>\n<p>Es gibt Beduinenst\u00e4mme, die Falken verwenden, um V\u00f6gel und Hasen zu jagen, um sie zu f\u00fcttern und Fleisch zu bekommen, und manchmal, um Nachrichten zwischen den St\u00e4mmen zu \u00fcbermitteln.<\/p>\n<p><strong>Kultur und Traditionen der Beduinen<\/strong><\/p>\n<p>Jedes Mitglied des Stammes tr\u00e4gt zu bestimmten Aufgaben bei, M\u00e4nner jagen, handeln und sch\u00fctzen, und Frauen erziehen Kinder und bereiten Essen zu.<\/p>\n<p>Nur die Leute des Stammes heiraten, und Ehen von au\u00dferhalb des Stammes sind selten.<\/p>\n<p>Der Beduine zeichnet sich durch seine Gastfreundschaft aus, hei\u00dft G\u00e4ste willkommen und k\u00fcmmert sich um den Familienzusammenhalt.<\/p>\n<p><strong>Welche Tiere leben in der W\u00fcste?<\/strong><\/p>\n<ul>\n<li>die Schildkr\u00f6te<\/li>\n<li>Kamel<\/li>\n<li>Schlange<\/li>\n<li>Cham\u00e4leon<\/li>\n<\/ul>\n<p><strong>Arten von Kamelen in \u00c4gypten?<\/strong><\/p>\n<ul>\n<li>Kamele Zubaidi Kamelrasse<\/li>\n<li>Kamele der Rasse Ashab<\/li>\n<li>Al-Dailiya Al-Rashaidi Kamel<\/li>\n<li>Dahasiriya-Kamel<\/li>\n<\/ul>\n<h4><strong>Leben der Beduinen<\/strong><\/h4>\n<p>Die Beduinen sind eine Gruppe von Individuen, die in der W\u00fcste von einem Ort zum anderen ziehen, um nach Nahrungs- und Getr\u00e4nkequellen zu suchen, und auf die Aufzucht von Kamelen und Nutztieren wie W\u00fcstenziegen und Schafen angewiesen sind, um Milch f\u00fcr die Herstellung von Brot und Milchprodukten zu gewinnen.<\/p>\n<p>Die Beduinen sind daran interessiert, Kamele zu z\u00fcchten, um Fleisch, Milch und Wolle zu produzieren, zus\u00e4tzlich zu der Bedeutung des Kamels als Hauptmittel zum Tragen von Taschen und zum Reisen \u00fcber lange Strecken unter rauen W\u00fcstenbedingungen.<\/p>\n<p>Beduinendorf in der W\u00fcste von Hurghada<\/p>\n<p>Die Touristenstadt Hurghada zeichnet sich dadurch aus, dass sie entlang der hohen Berge des Roten Meeres ein gro\u00dfes W\u00fcstengebiet umfasst. Zwischen den Bergen lebt eine Gruppe von Individuen, die Beduinen oder St\u00e4mme genannt werden.<\/p>\n<p>Das Beduinendorf ist etwa 30 Minuten von Hurghada entfernt, wenn Sie 4\u00d74-Jeeps oder Quads verwenden und 45 Minuten mit dem Dune Buggy fahren.<\/p>\n<p>Wenn Sie das Beduinendorf erreichen, finden Sie einfache H\u00e4user aus Palmbl\u00e4ttern und Holz und ein primitives Leben weit weg vom Stadtleben und L\u00e4rm.<\/p>\n<p>Sie werden sehr sch\u00f6ne Kinder finden, die Sie willkommen hei\u00dfen und Sie kennenlernen, und das Wichtigste, was Kinder im Beduinendorf auszeichnet, sind die blauen und gr\u00fcnen Augen, die Sie selten sehen.<\/p>\n<p>Die Beduinen zeichnen sich durch ihre Gro\u00dfz\u00fcgigkeit aus und hei\u00dfen alle G\u00e4ste willkommen, w\u00e4hrend Sie den unverwechselbaren Beduinentee trinken, auf dem Kamel f\u00fcr eine kleine Tour reiten und dann die h\u00f6chsten H\u00fcgel erklimmen, um die Berge des Roten Meeres von oben zu sehen und die saubere Luft zu atmen. frische Luft, die Sie suchen.<\/p>\n<p>Als Nahrung sind die Beduinen abh\u00e4ngig von der Herstellung von einfachem Beduinenbrot aus Mehl, Milch und Wasser, zus\u00e4tzlich zu der Wasserquelle aus Brunnen in der W\u00fcste, und der Aufzucht einer Gruppe von Vieh, einschlie\u00dflich Ziegen und Schafen, als Fleischquelle und Wolle.<\/p>\n<p>Pr\u00fcfen <a href=\"https:\/\/hurghadalovers.com\/de\/tour-category\/soma-bay-ausfluege\/\"><strong>Soma bay Ausfl\u00fcge<\/strong><\/a> &#8211; <a href=\"https:\/\/hurghadalovers.com\/de\/tour-category\/wuestensafari-in-soma-bay\/\"><strong>W\u00fcstensafari in Soma bay<\/strong><\/a>:<\/p>\n<ul>\n<li><a href=\"https:\/\/hurghadalovers.com\/de\/tours\/morgen-quad-radtour-aus-soma-bucht\/\">Morgen Quad Touren Soma bay<\/a><\/li>\n<li><a href=\"https:\/\/hurghadalovers.com\/de\/tours\/sonnenuntergangs-quad-radtour-von-soma-bucht\/\">Sonnenuntergang Quad Fahren Soma bay<\/a><\/li>\n<li><a href=\"https:\/\/hurghadalovers.com\/de\/tours\/soma-bay-privat-quad-bike-tour\/\">Privater Quad Touren Soma bay<\/a><\/li>\n<li><a href=\"https:\/\/hurghadalovers.com\/de\/tours\/super-jeep-safari-trip-ab-soma-bay\/\">Soma bay Beduinendorf Ausflug<\/a><\/li>\n<li><a href=\"https:\/\/hurghadalovers.com\/de\/tours\/morgen-super-jeep-safari-trip-ab-soma-bucht\/\">Morgen Soma bay Beduinendorf Ausflug<\/a><\/li>\n<li><a href=\"https:\/\/hurghadalovers.com\/de\/tours\/privat-super-jeep-safari-trip-ab-soma-bay\/\">Privater Soma bay Beduinendorf Ausflug<\/a><\/li>\n<li><a href=\"https:\/\/hurghadalovers.com\/de\/tours\/wusten-safaris-mit-kindern-von-der-soma-bucht\/\">Soma bay W\u00fcstentour mit Kindern<\/a><\/li>\n<li><a href=\"https:\/\/hurghadalovers.com\/de\/tours\/sonnenuntergang-buggy-tour-von-der-soma-bucht\/\">Sonnenuntergang Buggy Fahren Soma bay<\/a><\/li>\n<li><a href=\"https:\/\/hurghadalovers.com\/de\/tours\/billige-quad-biking-touren-aus-soma-bay\/\">G\u00fcnstige Soma bay Quad Mieten<\/a><\/li>\n<\/ul>\n","protected":false},"excerpt":{"rendered":"<p>Morgen Buggy Fahren Soma bay zum Beduinendorf und Kamelritt | <strong>Luxus-Abenteuer-W\u00fcstensafari<\/strong>, familienfreundlich mit Kindern, Paaren und Senioren mit privatem Transfer | Polaris RZR-Fahrt.<\/p>\n","protected":false},"featured_media":395925,"template":"","meta":{"_joinchat":[]},"product_brand":[],"product_cat":[29817],"product_tag":[55867,56080,55854,56088,56160,56053,55861,56086,56077,56059,56073,56083,56163,56068,56144,56047,56044,56166,56064],"class_list":{"0":"post-385471","1":"product","2":"type-product","3":"status-publish","4":"has-post-thumbnail","6":"product_cat-touren","7":"product_tag-aktivitaten-mit-kleinkindern-ab-soma-bay","8":"product_tag-atv-soma-bay-de","9":"product_tag-ausflugsziele-mit-der-familie-von-soma-bay-aus","10":"product_tag-beduinendorf-soma-bay","11":"product_tag-buggy-tour-soma-bay-de","12":"product_tag-familienausfluge-von-soma-bay-aus","13":"product_tag-familienfreundliche-orte-von-soma-bay","14":"product_tag-kamelreiten-in-der-soma-bucht","15":"product_tag-quad-biking-soma-bay-de","16":"product_tag-romantische-unternehmungen-in-soma-bay","17":"product_tag-safari-sahara-soma-bay-de","18":"product_tag-safari-tour-soma-bay-de","19":"product_tag-sehenswertes-in-soma-bay","20":"product_tag-soma-bay-buggy-safari-de","21":"product_tag-soma-bay-romantische-touren","22":"product_tag-soma-bay-tagestouren","23":"product_tag-soma-bay-was-zu-tun-ist","24":"product_tag-tagesausfluge-von-soma-bay-aus","25":"product_tag-wusten-safari-soma-bay","26":"tour_category-soma-bay-ausfluege","27":"tour_category-wuestensafari-in-soma-bay","29":"first","30":"instock","31":"sale","32":"shipping-taxable","33":"purchasable","34":"product-type-tour"},"yoast_head":"<!-- This site is optimized with the Yoast SEO Premium plugin v26.9 (Yoast SEO v27.2) - https:\/\/yoast.com\/product\/yoast-seo-premium-wordpress\/ -->\n<title>Morgen Buggy Fahren Soma bay zum Beduinendorf<\/title>\n<meta name=\"description\" content=\"Morgen Buggy Fahren Soma bay zum Beduinendorf und Kamelritt | Abenteuer W\u00fcstensafari familienfreundlich mit privatem Transfer | Polaris RZR-Fahrt.\" \/>\n<meta name=\"robots\" content=\"index, follow, max-snippet:-1, max-image-preview:large, max-video-preview:-1\" \/>\n<link rel=\"canonical\" href=\"https:\/\/hurghadalovers.com\/de\/tours\/morgen-buggy-tour-von-der-soma-bucht\/\" \/>\n<meta property=\"og:locale\" content=\"de_DE\" \/>\n<meta property=\"og:type\" content=\"article\" \/>\n<meta property=\"og:title\" content=\"Morgen Buggy Fahren Soma bay\" \/>\n<meta property=\"og:description\" content=\"Morgen Buggy Fahren Soma bay zum Beduinendorf und Kamelritt | Abenteuer W\u00fcstensafari familienfreundlich mit privatem Transfer | Polaris RZR-Fahrt.\" \/>\n<meta property=\"og:url\" content=\"https:\/\/hurghadalovers.com\/de\/tours\/morgen-buggy-tour-von-der-soma-bucht\/\" \/>\n<meta property=\"og:site_name\" content=\"Hurghada Excursions &amp; Day Trips | Booking Best Prices Tours\" \/>\n<meta property=\"article:publisher\" content=\"https:\/\/www.facebook.com\/Hurghadaloversegypt\" \/>\n<meta property=\"article:modified_time\" content=\"2026-02-09T03:09:02+00:00\" \/>\n<meta property=\"og:image\" content=\"https:\/\/hurghadalovers.com\/wp-content\/uploads\/2023\/09\/Morning-Buggy-Tour-from-El-Gouna.jpeg\" \/>\n\t<meta property=\"og:image:width\" content=\"1\" \/>\n\t<meta property=\"og:image:height\" content=\"1\" \/>\n\t<meta property=\"og:image:type\" content=\"image\/jpeg\" \/>\n<meta name=\"twitter:card\" content=\"summary_large_image\" \/>\n<meta name=\"twitter:label1\" content=\"Price\" \/>\n\t<meta name=\"twitter:data1\" content=\"&euro;&nbsp;90\" \/>\n\t<meta name=\"twitter:label2\" content=\"Availability\" \/>\n\t<meta name=\"twitter:data2\" content=\"In stock\" \/>\n<script type=\"application\/ld+json\" class=\"yoast-schema-graph\">{\"@context\":\"https:\/\/schema.org\",\"@graph\":[{\"@type\":[\"WebPage\",\"ItemPage\"],\"@id\":\"https:\/\/hurghadalovers.com\/de\/tours\/morgen-buggy-tour-von-der-soma-bucht\/\",\"url\":\"https:\/\/hurghadalovers.com\/de\/tours\/morgen-buggy-tour-von-der-soma-bucht\/\",\"name\":\"Morgen Buggy Fahren Soma bay zum Beduinendorf\",\"isPartOf\":{\"@id\":\"https:\/\/hurghadalovers.com\/de\/#website\"},\"primaryImageOfPage\":{\"@id\":\"https:\/\/hurghadalovers.com\/de\/tours\/morgen-buggy-tour-von-der-soma-bucht\/#primaryimage\"},\"image\":{\"@id\":\"https:\/\/hurghadalovers.com\/de\/tours\/morgen-buggy-tour-von-der-soma-bucht\/#primaryimage\"},\"thumbnailUrl\":\"https:\/\/hurghadalovers.com\/wp-content\/uploads\/2023\/09\/Morning-Buggy-Tour-from-El-Gouna.jpeg\",\"datePublished\":\"2023-08-27T14:11:33+00:00\",\"dateModified\":\"2026-02-09T03:09:02+00:00\",\"description\":\"Morgen Buggy Fahren Soma bay zum Beduinendorf und Kamelritt | Abenteuer W\u00fcstensafari familienfreundlich mit privatem Transfer | Polaris RZR-Fahrt.\",\"breadcrumb\":{\"@id\":\"https:\/\/hurghadalovers.com\/de\/tours\/morgen-buggy-tour-von-der-soma-bucht\/#breadcrumb\"},\"inLanguage\":\"de-DE\",\"potentialAction\":[{\"@type\":\"ReadAction\",\"target\":[\"https:\/\/hurghadalovers.com\/de\/tours\/morgen-buggy-tour-von-der-soma-bucht\/\"]}]},{\"@type\":\"ImageObject\",\"inLanguage\":\"de-DE\",\"@id\":\"https:\/\/hurghadalovers.com\/de\/tours\/morgen-buggy-tour-von-der-soma-bucht\/#primaryimage\",\"url\":\"https:\/\/hurghadalovers.com\/wp-content\/uploads\/2023\/09\/Morning-Buggy-Tour-from-El-Gouna.jpeg\",\"contentUrl\":\"https:\/\/hurghadalovers.com\/wp-content\/uploads\/2023\/09\/Morning-Buggy-Tour-from-El-Gouna.jpeg\",\"caption\":\"Morgen-Buggy-Tour von El Gouna\"},{\"@type\":\"BreadcrumbList\",\"@id\":\"https:\/\/hurghadalovers.com\/de\/tours\/morgen-buggy-tour-von-der-soma-bucht\/#breadcrumb\",\"itemListElement\":[{\"@type\":\"ListItem\",\"position\":1,\"name\":\"Home\",\"item\":\"https:\/\/hurghadalovers.com\/de\/\"},{\"@type\":\"ListItem\",\"position\":2,\"name\":\"Shop\",\"item\":\"https:\/\/hurghadalovers.com\/shop\/\"},{\"@type\":\"ListItem\",\"position\":3,\"name\":\"Morgen Buggy Fahren Soma bay\"}]},{\"@type\":\"WebSite\",\"@id\":\"https:\/\/hurghadalovers.com\/de\/#website\",\"url\":\"https:\/\/hurghadalovers.com\/de\/\",\"name\":\"Hurghada Excursions & Day Trips | Booking Best Prices Tours\",\"description\":\"Hurghada Lovers - Best Tour Operator - Excursions &amp; Things to do for Family Day Trips with kids and Couples Romantic. Unique .Hidden gems\",\"publisher\":{\"@id\":\"https:\/\/hurghadalovers.com\/de\/#organization\"},\"alternateName\":\"Hurghada Excursions\",\"potentialAction\":[{\"@type\":\"SearchAction\",\"target\":{\"@type\":\"EntryPoint\",\"urlTemplate\":\"https:\/\/hurghadalovers.com\/de\/?s={search_term_string}\"},\"query-input\":{\"@type\":\"PropertyValueSpecification\",\"valueRequired\":true,\"valueName\":\"search_term_string\"}}],\"inLanguage\":\"de-DE\"},{\"@type\":[\"Organization\",\"Place\",\"TravelAgency\"],\"@id\":\"https:\/\/hurghadalovers.com\/de\/#organization\",\"name\":\"Hurghada Excursions\",\"url\":\"https:\/\/hurghadalovers.com\/de\/\",\"logo\":{\"@id\":\"https:\/\/hurghadalovers.com\/de\/tours\/morgen-buggy-tour-von-der-soma-bucht\/#local-main-organization-logo\"},\"image\":{\"@id\":\"https:\/\/hurghadalovers.com\/de\/tours\/morgen-buggy-tour-von-der-soma-bucht\/#local-main-organization-logo\"},\"sameAs\":[\"https:\/\/www.facebook.com\/Hurghadaloversegypt\"],\"address\":{\"@id\":\"https:\/\/hurghadalovers.com\/de\/tours\/morgen-buggy-tour-von-der-soma-bucht\/#local-main-place-address\"},\"telephone\":[\"00201112596434\"],\"contactPoint\":{\"@type\":\"ContactPoint\",\"telephone\":\"00201112596434\",\"email\":\"weyouface@gmail.com\"},\"openingHoursSpecification\":{\"@type\":\"OpeningHoursSpecification\",\"dayOfWeek\":[\"Monday\",\"Tuesday\",\"Wednesday\",\"Thursday\",\"Friday\",\"Saturday\",\"Sunday\"],\"opens\":\"00:00\",\"closes\":\"23:59\"},\"email\":\"weyouface@gmail.com\",\"areaServed\":\"Luxor, Hurghada, El Gouna, Aswan, Sharm El Sheikh, Giza, Alexandria, Marsa Alam, Quseir, Soma Bay, Sahl Hasheesh, Red Sea, Makadi Bay, Cairo\",\"priceRange\":\"$\",\"currenciesAccepted\":\"euro\",\"paymentAccepted\":\"cash on site\"},{\"@type\":\"PostalAddress\",\"@id\":\"https:\/\/hurghadalovers.com\/de\/tours\/morgen-buggy-tour-von-der-soma-bucht\/#local-main-place-address\",\"streetAddress\":\"17 Banks street, Alkawther area, top nbk bank\",\"addressLocality\":\"hurghada\",\"postalCode\":\"84511\",\"addressRegion\":\"red sea\",\"addressCountry\":\"EG\"},{\"@type\":\"ImageObject\",\"inLanguage\":\"de-DE\",\"@id\":\"https:\/\/hurghadalovers.com\/de\/tours\/morgen-buggy-tour-von-der-soma-bucht\/#local-main-organization-logo\",\"url\":\"https:\/\/hurghadalovers.com\/wp-content\/uploads\/2019\/10\/hurghada-excursions-logo.png\",\"contentUrl\":\"https:\/\/hurghadalovers.com\/wp-content\/uploads\/2019\/10\/hurghada-excursions-logo.png\",\"width\":272,\"height\":90,\"caption\":\"Hurghada Excursions\"}]}<\/script>\n<meta property=\"product:brand\" content=\"Soma bay Ausfl\u00fcge\" \/>\n<meta property=\"product:price:amount\" content=\"90\" \/>\n<meta property=\"product:price:currency\" content=\"EUR\" \/>\n<meta property=\"og:availability\" content=\"instock\" \/>\n<meta property=\"product:availability\" content=\"instock\" \/>\n<meta property=\"product:retailer_item_id\" content=\"SafariSomabay032024\" \/>\n<meta property=\"product:condition\" content=\"new\" \/>\n<meta name=\"geo.placename\" content=\"hurghada\" \/>\n<meta name=\"geo.region\" content=\"Egypt\" \/>\n<!-- \/ Yoast SEO Premium plugin. -->","yoast_head_json":{"title":"Morgen Buggy Fahren Soma bay zum Beduinendorf","description":"Morgen Buggy Fahren Soma bay zum Beduinendorf und Kamelritt | Abenteuer W\u00fcstensafari familienfreundlich mit privatem Transfer | Polaris RZR-Fahrt.","robots":{"index":"index","follow":"follow","max-snippet":"max-snippet:-1","max-image-preview":"max-image-preview:large","max-video-preview":"max-video-preview:-1"},"canonical":"https:\/\/hurghadalovers.com\/de\/tours\/morgen-buggy-tour-von-der-soma-bucht\/","og_locale":"de_DE","og_type":"article","og_title":"Morgen Buggy Fahren Soma bay","og_description":"Morgen Buggy Fahren Soma bay zum Beduinendorf und Kamelritt | Abenteuer W\u00fcstensafari familienfreundlich mit privatem Transfer | Polaris RZR-Fahrt.","og_url":"https:\/\/hurghadalovers.com\/de\/tours\/morgen-buggy-tour-von-der-soma-bucht\/","og_site_name":"Hurghada Excursions &amp; Day Trips | Booking Best Prices Tours","article_publisher":"https:\/\/www.facebook.com\/Hurghadaloversegypt","article_modified_time":"2026-02-09T03:09:02+00:00","og_image":[{"url":"https:\/\/hurghadalovers.com\/wp-content\/uploads\/2023\/09\/Morning-Buggy-Tour-from-El-Gouna.jpeg","width":1,"height":1,"type":"image\/jpeg"}],"twitter_card":"summary_large_image","twitter_misc":{"Price":"&euro;&nbsp;90","Availability":"In stock"},"schema":{"@context":"https:\/\/schema.org","@graph":[{"@type":["WebPage","ItemPage"],"@id":"https:\/\/hurghadalovers.com\/de\/tours\/morgen-buggy-tour-von-der-soma-bucht\/","url":"https:\/\/hurghadalovers.com\/de\/tours\/morgen-buggy-tour-von-der-soma-bucht\/","name":"Morgen Buggy Fahren Soma bay zum Beduinendorf","isPartOf":{"@id":"https:\/\/hurghadalovers.com\/de\/#website"},"primaryImageOfPage":{"@id":"https:\/\/hurghadalovers.com\/de\/tours\/morgen-buggy-tour-von-der-soma-bucht\/#primaryimage"},"image":{"@id":"https:\/\/hurghadalovers.com\/de\/tours\/morgen-buggy-tour-von-der-soma-bucht\/#primaryimage"},"thumbnailUrl":"https:\/\/hurghadalovers.com\/wp-content\/uploads\/2023\/09\/Morning-Buggy-Tour-from-El-Gouna.jpeg","datePublished":"2023-08-27T14:11:33+00:00","dateModified":"2026-02-09T03:09:02+00:00","description":"Morgen Buggy Fahren Soma bay zum Beduinendorf und Kamelritt | Abenteuer W\u00fcstensafari familienfreundlich mit privatem Transfer | Polaris RZR-Fahrt.","breadcrumb":{"@id":"https:\/\/hurghadalovers.com\/de\/tours\/morgen-buggy-tour-von-der-soma-bucht\/#breadcrumb"},"inLanguage":"de-DE","potentialAction":[{"@type":"ReadAction","target":["https:\/\/hurghadalovers.com\/de\/tours\/morgen-buggy-tour-von-der-soma-bucht\/"]}]},{"@type":"ImageObject","inLanguage":"de-DE","@id":"https:\/\/hurghadalovers.com\/de\/tours\/morgen-buggy-tour-von-der-soma-bucht\/#primaryimage","url":"https:\/\/hurghadalovers.com\/wp-content\/uploads\/2023\/09\/Morning-Buggy-Tour-from-El-Gouna.jpeg","contentUrl":"https:\/\/hurghadalovers.com\/wp-content\/uploads\/2023\/09\/Morning-Buggy-Tour-from-El-Gouna.jpeg","caption":"Morgen-Buggy-Tour von El Gouna"},{"@type":"BreadcrumbList","@id":"https:\/\/hurghadalovers.com\/de\/tours\/morgen-buggy-tour-von-der-soma-bucht\/#breadcrumb","itemListElement":[{"@type":"ListItem","position":1,"name":"Home","item":"https:\/\/hurghadalovers.com\/de\/"},{"@type":"ListItem","position":2,"name":"Shop","item":"https:\/\/hurghadalovers.com\/shop\/"},{"@type":"ListItem","position":3,"name":"Morgen Buggy Fahren Soma bay"}]},{"@type":"WebSite","@id":"https:\/\/hurghadalovers.com\/de\/#website","url":"https:\/\/hurghadalovers.com\/de\/","name":"Hurghada Excursions & Day Trips | Booking Best Prices Tours","description":"Hurghada Lovers - Best Tour Operator - Excursions &amp; Things to do for Family Day Trips with kids and Couples Romantic. Unique .Hidden gems","publisher":{"@id":"https:\/\/hurghadalovers.com\/de\/#organization"},"alternateName":"Hurghada Excursions","potentialAction":[{"@type":"SearchAction","target":{"@type":"EntryPoint","urlTemplate":"https:\/\/hurghadalovers.com\/de\/?s={search_term_string}"},"query-input":{"@type":"PropertyValueSpecification","valueRequired":true,"valueName":"search_term_string"}}],"inLanguage":"de-DE"},{"@type":["Organization","Place","TravelAgency"],"@id":"https:\/\/hurghadalovers.com\/de\/#organization","name":"Hurghada Excursions","url":"https:\/\/hurghadalovers.com\/de\/","logo":{"@id":"https:\/\/hurghadalovers.com\/de\/tours\/morgen-buggy-tour-von-der-soma-bucht\/#local-main-organization-logo"},"image":{"@id":"https:\/\/hurghadalovers.com\/de\/tours\/morgen-buggy-tour-von-der-soma-bucht\/#local-main-organization-logo"},"sameAs":["https:\/\/www.facebook.com\/Hurghadaloversegypt"],"address":{"@id":"https:\/\/hurghadalovers.com\/de\/tours\/morgen-buggy-tour-von-der-soma-bucht\/#local-main-place-address"},"telephone":["00201112596434"],"contactPoint":{"@type":"ContactPoint","telephone":"00201112596434","email":"weyouface@gmail.com"},"openingHoursSpecification":{"@type":"OpeningHoursSpecification","dayOfWeek":["Monday","Tuesday","Wednesday","Thursday","Friday","Saturday","Sunday"],"opens":"00:00","closes":"23:59"},"email":"weyouface@gmail.com","areaServed":"Luxor, Hurghada, El Gouna, Aswan, Sharm El Sheikh, Giza, Alexandria, Marsa Alam, Quseir, Soma Bay, Sahl Hasheesh, Red Sea, Makadi Bay, Cairo","priceRange":"$","currenciesAccepted":"euro","paymentAccepted":"cash on site"},{"@type":"PostalAddress","@id":"https:\/\/hurghadalovers.com\/de\/tours\/morgen-buggy-tour-von-der-soma-bucht\/#local-main-place-address","streetAddress":"17 Banks street, Alkawther area, top nbk bank","addressLocality":"hurghada","postalCode":"84511","addressRegion":"red sea","addressCountry":"EG"},{"@type":"ImageObject","inLanguage":"de-DE","@id":"https:\/\/hurghadalovers.com\/de\/tours\/morgen-buggy-tour-von-der-soma-bucht\/#local-main-organization-logo","url":"https:\/\/hurghadalovers.com\/wp-content\/uploads\/2019\/10\/hurghada-excursions-logo.png","contentUrl":"https:\/\/hurghadalovers.com\/wp-content\/uploads\/2019\/10\/hurghada-excursions-logo.png","width":272,"height":90,"caption":"Hurghada Excursions"}]},"product_brand":"Soma bay Ausfl\u00fcge","product_price_amount":"90","product_price_currency":"EUR","og_availability":"instock","product_availability":"instock","product_retailer_item_id":"SafariSomabay032024","product_condition":"new","geo.placename":"hurghada","geo.region":"Egypt"},"_links":{"self":[{"href":"https:\/\/hurghadalovers.com\/de\/wp-json\/wp\/v2\/product\/385471","targetHints":{"allow":["GET"]}}],"collection":[{"href":"https:\/\/hurghadalovers.com\/de\/wp-json\/wp\/v2\/product"}],"about":[{"href":"https:\/\/hurghadalovers.com\/de\/wp-json\/wp\/v2\/types\/product"}],"wp:featuredmedia":[{"embeddable":true,"href":"https:\/\/hurghadalovers.com\/de\/wp-json\/wp\/v2\/media\/395925"}],"wp:attachment":[{"href":"https:\/\/hurghadalovers.com\/de\/wp-json\/wp\/v2\/media?parent=385471"}],"wp:term":[{"taxonomy":"product_brand","embeddable":true,"href":"https:\/\/hurghadalovers.com\/de\/wp-json\/wp\/v2\/product_brand?post=385471"},{"taxonomy":"product_cat","embeddable":true,"href":"https:\/\/hurghadalovers.com\/de\/wp-json\/wp\/v2\/product_cat?post=385471"},{"taxonomy":"product_tag","embeddable":true,"href":"https:\/\/hurghadalovers.com\/de\/wp-json\/wp\/v2\/product_tag?post=385471"}],"curies":[{"name":"wp","href":"https:\/\/api.w.org\/{rel}","templated":true}]}}