{"id":385468,"date":"2023-08-27T14:04:55","date_gmt":"2023-08-27T14:10:58","guid":{"rendered":"https:\/\/hurghadalovers.com\/shop\/unkategorisiert\/morgen-super-jeep-safari-trip-von-soma-bucht\/"},"modified":"2026-02-09T14:40:44","modified_gmt":"2026-02-09T14:40:44","slug":"morgen-super-jeep-safari-trip-ab-soma-bucht","status":"publish","type":"product","link":"https:\/\/hurghadalovers.com\/de\/tours\/morgen-super-jeep-safari-trip-ab-soma-bucht\/","title":{"rendered":"Morgen Soma bay Beduinendorf Ausflug"},"content":{"rendered":"<p><strong>Morgen Soma bay Beduinendorf Ausflug &#8211;\u00a0 Super-Jeep-Safari<\/strong>\u00a0mit ATV-Quad-Bike, Spider Car und 4\u00d74-Auto zum Beduinendorf mit Kamelritt und mehr.<\/p>\n<p style=\"text-align: center;\"><span style=\"color: #ff6600;\">Die besten Aktivit\u00e4ten in der soma bay f\u00fcr <strong>Familien mit Kindern<\/strong>, <strong>Senioren<\/strong>, <strong>Romantiker<\/strong> und <strong>Paare in den Flitterwochen<\/strong><\/span><\/p>\n<p>&nbsp;<\/p>\n<p><strong>H\u00f6hepunkte:<\/strong><\/p>\n<ol>\n<li>4\u00d74 Jeep Auto.<\/li>\n<li>Quad-Fahrt.<\/li>\n<li>Spinnenwagen.<\/li>\n<li>Kamelritt.<\/li>\n<li>Beduinendorf.<\/li>\n<\/ol>\n<p><strong>Einzelheiten:<\/strong><\/p>\n<ul>\n<li>Verf\u00fcgbarkeit der Tour: Jeden Tag.<\/li>\n<li>Tour-Typ: Gruppe.<\/li>\n<li>Abholzeit: Ab 07:30 Uhr morgens.<\/li>\n<li>Abholzeit: 14:00 Uhr.<\/li>\n<li>Dauer: 5 Std.<\/li>\n<\/ul>\n<p><strong>Jetzt reservieren und sp\u00e4ter bezahlen:<\/strong><\/p>\n<ul>\n<li>Bargeld vor Ort zu f\u00fchren.<\/li>\n<li>Zahlung in \u00e4gyptischen Pfund, $, \u20ac oder \u00a3.<\/li>\n<\/ul>\n<p><strong>Stornierungsbedingungen:<\/strong><\/p>\n<ul>\n<li>Sie k\u00f6nnen bis zu 24 Stunden im Voraus stornieren.<\/li>\n<li>Wenn jemand aus Ihrer Familie den Vormittag absagt, zahlen Sie 50 % der Kosten.<\/li>\n<\/ul>\n<p><strong>Was ist inbegriffen?<\/strong><\/p>\n<ul>\n<li>Transfer von Soma Bay Hotels &#8220;Hotel abholen und zur\u00fcckbringen&#8221;.<\/li>\n<li>Alle Steuern, Eintrittsgelder und Bearbeitungsgeb\u00fchren.<\/li>\n<li>\u00dcberweisungen.<\/li>\n<li>Reiseleiter.<\/li>\n<li>Helm.<\/li>\n<\/ul>\n<p><strong>Ausnahmen?<\/strong><\/p>\n<ul>\n<li>Halstuch<\/li>\n<li>Schutzbrille<\/li>\n<li>Trinkgeld.<\/li>\n<li>Fotografie f\u00fcr die Reise.<\/li>\n<li>Alle nicht erw\u00e4hnten Extras.<\/li>\n<\/ul>\n<p><strong>Preise:<\/strong><\/p>\n<ul>\n<li><strong>Preis f\u00fcr Erwachsene = <\/strong><strong>30$ pro Person<\/strong>.<\/li>\n<li>Preis f\u00fcr Kinder &#8220;5-12\u2033= 50%.<\/li>\n<li>f\u00fcr Kinder &#8220;0-5\u2033= Kostenlos.<\/li>\n<\/ul>\n<p><strong>Bewertungen:<\/strong><\/p>\n<p>\u00fcberpr\u00fcfen Sie unsere Google Map Bewertungen als bester <a href=\"https:\/\/g.page\/r\/CUeYvkngP3wkEBM\/review\">Reiseveranstalter in Hurghada<\/a> online in <a href=\"https:\/\/hurghadalovers.com\/\">Hurghada<\/a> \u00c4gypten.<\/p>\n<p><strong>Reservierung:<\/strong><\/p>\n<p>Senden Sie Hotel + Zimmernummer + Fotop\u00e4sse an WhatsApp: <strong>+201112596434<\/strong><\/p>\n<p>Wenn Sie aus \u00c4gypten Buchen Sie jetzt online und best\u00e4tigen Sie bei der Ankunft Hotel.<\/p>\n<p><span style=\"color: #ff9900;\">\u00a0\u2014\u2014\u2014\u2013 | \u2014\u2014\u2014\u2014\u2013 | \u2014\u2014\u2014\u2014\u2014-<\/span><\/p>\n<p><strong>Arabische St\u00e4mme und Beduinen in Matrouh<\/strong><\/p>\n<p>Eine kleine Gruppe von Personen, die an den Grenzen Libyens vom Westen bis zum Norden des Gouvernements Matrouh verstreut sind. Sie gelten als einer der St\u00e4mme, die w\u00e4hrend der islamischen Eroberung von Kairo und \u00c4gypten nach \u00c4gypten einwanderten.<\/p>\n<p>Der Gro\u00dfteil der Bev\u00f6lkerung lebt von der Viehzucht, der Aufzucht von Schafen und Ziegen und dem Handel mit den St\u00e4dten rund um die Berge und die W\u00fcstenumgebung.<\/p>\n<h4><strong>Arabische St\u00e4mme und Beduinen auf der Sinai-Halbinsel <\/strong><strong>\u00a0<\/strong><\/h4>\n<p>Die Sinai-St\u00e4mme sind weit verbreitet zwischen den Rotmeerbergen in Hurghada oder Sharm el-Sheikh, neben den grundlegenden Orten, die jetzt nach der \u00e4gyptischen Regierung entwickelt und mit der Stadtentwicklung im Norden und S\u00fcden der Sinai-Halbinsel verbunden sind Pr\u00e4sident Abdel Fattah El-Sisis Interesse an der Bedeutung der Entwicklung von Slums im S\u00fcd-Sinai und der Aufmerksamkeit f\u00fcr die Bildung und Gesundheit der Menschen im Sinai.<\/p>\n<h4><strong>\u00d6stliche Beduinen \u2013 <\/strong><strong>\u00a0<\/strong><\/h4>\n<p>Eine kleine Gruppe arabischer St\u00e4mme, die auf die Vieh- und Ziegenzucht als Nahrungs- und Handelsquelle angewiesen sind.<\/p>\n<ul>\n<li>Suez-Beduinen<\/li>\n<li>Ismailia Beduinen<\/li>\n<li>Beduinen von Minya<\/li>\n<\/ul>\n<h4><strong>W\u00fcstensafari mit dem Quad ab Morgen \u2013 Sonnenuntergang<\/strong><\/h4>\n<p>Auch mit Ihrer Hilfe wird die Beduinenfrau Holz sammeln, um es fair zu machen, und mit dem Backen von Beduinenbrot beginnen, das Sie mit Tee servieren werden, der diesen Geschmack noch nie zuvor gegeben hat, nachdem Sie den Sonnenuntergang beobachtet und Fotos gemacht haben.<\/p>\n<p>Wir holen Sie von Ihrem Hotel in Hurghada ab und fahren von dort zu unserer ATV-Station. Dort erhalten Sie eine kurze Einf\u00fchrung in das Fahren von ATVs.<\/p>\n<p>Keine Sorge, es ist kein F\u00fchrerschein erforderlich und das Fahren eines ATV ist einfach. Nach der Einweisung k\u00f6nnen Sie Ihre Reise durch die W\u00fcste beginnen, indem Sie dem F\u00fchrer folgen, der Sie vorw\u00e4rts f\u00fchrt.<\/p>\n<p>Er wird sich ab und zu umsehen und alle, die mitfahren, und ihre Sicherheit beobachten. Gleichzeitig kann man auch \u201eGas geben\u201c und die Sandd\u00fcnen rauf und runter fahren.<\/p>\n<p>In einem Beduinendorf angekommen, werden Sie von einem Beduinentee, einem traditionellen W\u00fcstentee, begr\u00fc\u00dft. Bei einem Rundgang durch das Dorf entdecken Sie den Lebensstil der Beduinen.<\/p>\n<p>in Hurghada ist ein \u00dcberlebensabenteuer in der W\u00fcste. und das Beduinendorf ist exotisch, wo die Bewohner der W\u00fcste \u00c4gyptens Sie mit Beduinentee und ihrer Gastfreundschaft willkommen hei\u00dfen.<\/p>\n<p>Pr\u00fcfen <a href=\"https:\/\/hurghadalovers.com\/de\/tour-category\/soma-bay-ausfluege\/\"><strong>Soma bay Ausfl\u00fcge<\/strong><\/a> &#8211; <a href=\"https:\/\/hurghadalovers.com\/de\/tour-category\/wuestensafari-in-soma-bay\/\"><strong>W\u00fcstensafari in Soma bay<\/strong><\/a>:<\/p>\n<ul>\n<li><a href=\"https:\/\/hurghadalovers.com\/de\/tours\/morgen-quad-radtour-aus-soma-bucht\/\">Morgen Quad Touren Soma bay<\/a><\/li>\n<li><a href=\"https:\/\/hurghadalovers.com\/de\/tours\/sonnenuntergangs-quad-radtour-von-soma-bucht\/\">Sonnenuntergang Quad Fahren Soma bay<\/a><\/li>\n<li><a href=\"https:\/\/hurghadalovers.com\/de\/tours\/soma-bay-privat-quad-bike-tour\/\">Privater Quad Touren Soma bay<\/a><\/li>\n<li><a href=\"https:\/\/hurghadalovers.com\/de\/tours\/super-jeep-safari-trip-ab-soma-bay\/\">Soma bay Beduinendorf Ausflug<\/a><\/li>\n<li>Morgen Soma bay Beduinendorf Ausflug<\/li>\n<li><a href=\"https:\/\/hurghadalovers.com\/de\/tours\/privat-super-jeep-safari-trip-ab-soma-bay\/\">Privater Soma bay Beduinendorf Ausflug<\/a><\/li>\n<li><a href=\"https:\/\/hurghadalovers.com\/de\/tours\/wusten-safaris-mit-kindern-von-der-soma-bucht\/\">Soma bay W\u00fcstentour mit Kindern<\/a><\/li>\n<li><a href=\"https:\/\/hurghadalovers.com\/de\/tours\/morgen-buggy-tour-von-der-soma-bucht\/\">Morgen Buggy Fahren Soma bay<\/a><\/li>\n<li><a href=\"https:\/\/hurghadalovers.com\/de\/tours\/sonnenuntergang-buggy-tour-von-der-soma-bucht\/\">Sonnenuntergang Buggy Fahren Soma bay<\/a><\/li>\n<li><a href=\"https:\/\/hurghadalovers.com\/de\/tours\/billige-quad-biking-touren-aus-soma-bay\/\">G\u00fcnstige Soma bay Quad Mieten<\/a><\/li>\n<\/ul>\n<p>&nbsp;<\/p>\n","protected":false},"excerpt":{"rendered":"<p>Morgen Soma bay Beduinendorf Ausflug mit ATV-Quad-Bike, Spider Car und 4\u00d74-Auto zum Beduinendorf mit Kamelritt und mehr. <span style=\"color: #ff6600;\">Die besten Aktivit\u00e4ten in der soma bay f\u00fcr <strong>Familien mit Kindern<\/strong>, <strong>Senioren<\/strong>, <strong>Romantiker<\/strong><\/span><\/p>\n","protected":false},"featured_media":395945,"template":"","meta":{"_joinchat":[]},"product_brand":[],"product_cat":[29817],"product_tag":[55867,56080,55854,56088,56160,56053,55861,56062,56140,56086,56077,56133,56073,56083,56163,56068,56047,56044,56156,56166,56064],"class_list":{"0":"post-385468","1":"product","2":"type-product","3":"status-publish","4":"has-post-thumbnail","6":"product_cat-touren","7":"product_tag-aktivitaten-mit-kleinkindern-ab-soma-bay","8":"product_tag-atv-soma-bay-de","9":"product_tag-ausflugsziele-mit-der-familie-von-soma-bay-aus","10":"product_tag-beduinendorf-soma-bay","11":"product_tag-buggy-tour-soma-bay-de","12":"product_tag-familienausfluge-von-soma-bay-aus","13":"product_tag-familienfreundliche-orte-von-soma-bay","14":"product_tag-indoor-aktivitaten-fur-paare-soma-bay","15":"product_tag-jeep-safari-soma-bay-de","16":"product_tag-kamelreiten-in-der-soma-bucht","17":"product_tag-quad-biking-soma-bay-de","18":"product_tag-romantische-aktivitaten-fur-paare-in-soma-bay","19":"product_tag-safari-sahara-soma-bay-de","20":"product_tag-safari-tour-soma-bay-de","21":"product_tag-sehenswertes-in-soma-bay","22":"product_tag-soma-bay-buggy-safari-de","23":"product_tag-soma-bay-tagestouren","24":"product_tag-soma-bay-was-zu-tun-ist","25":"product_tag-super-safari-soma-bay-de","26":"product_tag-tagesausfluge-von-soma-bay-aus","27":"product_tag-wusten-safari-soma-bay","28":"tour_category-soma-bay-ausfluege","29":"tour_category-wuestensafari-in-soma-bay","31":"first","32":"instock","33":"sale","34":"shipping-taxable","35":"purchasable","36":"product-type-tour"},"yoast_head":"<!-- This site is optimized with the Yoast SEO Premium plugin v26.9 (Yoast SEO v27.2) - https:\/\/yoast.com\/product\/yoast-seo-premium-wordpress\/ -->\n<title>Morgen Soma bay Beduinendorf Ausflug mit ATV<\/title>\n<meta name=\"description\" content=\"Morgen Soma bay Beduinendorf Ausflug mit ATV Quad Bike, Spider Car und 4\u00d74 Auto zum Beduinendorf mit Kamelritt und mehr...\" \/>\n<meta name=\"robots\" content=\"index, follow, max-snippet:-1, max-image-preview:large, max-video-preview:-1\" \/>\n<link rel=\"canonical\" href=\"https:\/\/hurghadalovers.com\/de\/tours\/morgen-super-jeep-safari-trip-ab-soma-bucht\/\" \/>\n<meta property=\"og:locale\" content=\"de_DE\" \/>\n<meta property=\"og:type\" content=\"article\" \/>\n<meta property=\"og:title\" content=\"Morgen Soma bay Beduinendorf Ausflug\" \/>\n<meta property=\"og:description\" content=\"Morgen Soma bay Beduinendorf Ausflug mit ATV Quad Bike, Spider Car und 4\u00d74 Auto zum Beduinendorf mit Kamelritt und mehr...\" \/>\n<meta property=\"og:url\" content=\"https:\/\/hurghadalovers.com\/de\/tours\/morgen-super-jeep-safari-trip-ab-soma-bucht\/\" \/>\n<meta property=\"og:site_name\" content=\"Hurghada Excursions &amp; Day Trips | Booking Best Prices Tours\" \/>\n<meta property=\"article:publisher\" content=\"https:\/\/www.facebook.com\/Hurghadaloversegypt\" \/>\n<meta property=\"article:modified_time\" content=\"2026-02-09T14:40:44+00:00\" \/>\n<meta property=\"og:image\" content=\"https:\/\/hurghadalovers.com\/wp-content\/uploads\/2023\/09\/Morning-Jeep-Safari-Trip-from-El-Gouna.jpeg\" \/>\n\t<meta property=\"og:image:width\" content=\"1\" \/>\n\t<meta property=\"og:image:height\" content=\"1\" \/>\n\t<meta property=\"og:image:type\" content=\"image\/jpeg\" \/>\n<meta name=\"twitter:card\" content=\"summary_large_image\" \/>\n<meta name=\"twitter:label1\" content=\"Price\" \/>\n\t<meta name=\"twitter:data1\" content=\"&euro;&nbsp;30\" \/>\n\t<meta name=\"twitter:label2\" content=\"Availability\" \/>\n\t<meta name=\"twitter:data2\" content=\"In stock\" \/>\n<script type=\"application\/ld+json\" class=\"yoast-schema-graph\">{\"@context\":\"https:\/\/schema.org\",\"@graph\":[{\"@type\":[\"WebPage\",\"ItemPage\"],\"@id\":\"https:\/\/hurghadalovers.com\/de\/tours\/morgen-super-jeep-safari-trip-ab-soma-bucht\/\",\"url\":\"https:\/\/hurghadalovers.com\/de\/tours\/morgen-super-jeep-safari-trip-ab-soma-bucht\/\",\"name\":\"Morgen Soma bay Beduinendorf Ausflug mit ATV\",\"isPartOf\":{\"@id\":\"https:\/\/hurghadalovers.com\/de\/#website\"},\"primaryImageOfPage\":{\"@id\":\"https:\/\/hurghadalovers.com\/de\/tours\/morgen-super-jeep-safari-trip-ab-soma-bucht\/#primaryimage\"},\"image\":{\"@id\":\"https:\/\/hurghadalovers.com\/de\/tours\/morgen-super-jeep-safari-trip-ab-soma-bucht\/#primaryimage\"},\"thumbnailUrl\":\"https:\/\/hurghadalovers.com\/wp-content\/uploads\/2023\/09\/Morning-Jeep-Safari-Trip-from-El-Gouna.jpeg\",\"datePublished\":\"2023-08-27T14:10:58+00:00\",\"dateModified\":\"2026-02-09T14:40:44+00:00\",\"description\":\"Morgen Soma bay Beduinendorf Ausflug mit ATV Quad Bike, Spider Car und 4\u00d74 Auto zum Beduinendorf mit Kamelritt und mehr...\",\"breadcrumb\":{\"@id\":\"https:\/\/hurghadalovers.com\/de\/tours\/morgen-super-jeep-safari-trip-ab-soma-bucht\/#breadcrumb\"},\"inLanguage\":\"de-DE\",\"potentialAction\":[{\"@type\":\"ReadAction\",\"target\":[\"https:\/\/hurghadalovers.com\/de\/tours\/morgen-super-jeep-safari-trip-ab-soma-bucht\/\"]}]},{\"@type\":\"ImageObject\",\"inLanguage\":\"de-DE\",\"@id\":\"https:\/\/hurghadalovers.com\/de\/tours\/morgen-super-jeep-safari-trip-ab-soma-bucht\/#primaryimage\",\"url\":\"https:\/\/hurghadalovers.com\/wp-content\/uploads\/2023\/09\/Morning-Jeep-Safari-Trip-from-El-Gouna.jpeg\",\"contentUrl\":\"https:\/\/hurghadalovers.com\/wp-content\/uploads\/2023\/09\/Morning-Jeep-Safari-Trip-from-El-Gouna.jpeg\",\"caption\":\"Jeep-Safari am Morgen von El Gouna aus\"},{\"@type\":\"BreadcrumbList\",\"@id\":\"https:\/\/hurghadalovers.com\/de\/tours\/morgen-super-jeep-safari-trip-ab-soma-bucht\/#breadcrumb\",\"itemListElement\":[{\"@type\":\"ListItem\",\"position\":1,\"name\":\"Home\",\"item\":\"https:\/\/hurghadalovers.com\/de\/\"},{\"@type\":\"ListItem\",\"position\":2,\"name\":\"Shop\",\"item\":\"https:\/\/hurghadalovers.com\/shop\/\"},{\"@type\":\"ListItem\",\"position\":3,\"name\":\"Morgen Soma bay Beduinendorf Ausflug\"}]},{\"@type\":\"WebSite\",\"@id\":\"https:\/\/hurghadalovers.com\/de\/#website\",\"url\":\"https:\/\/hurghadalovers.com\/de\/\",\"name\":\"Hurghada Excursions & Day Trips | Booking Best Prices Tours\",\"description\":\"Hurghada Lovers - Best Tour Operator - Excursions &amp; Things to do for Family Day Trips with kids and Couples Romantic. Unique .Hidden gems\",\"publisher\":{\"@id\":\"https:\/\/hurghadalovers.com\/de\/#organization\"},\"alternateName\":\"Hurghada Excursions\",\"potentialAction\":[{\"@type\":\"SearchAction\",\"target\":{\"@type\":\"EntryPoint\",\"urlTemplate\":\"https:\/\/hurghadalovers.com\/de\/?s={search_term_string}\"},\"query-input\":{\"@type\":\"PropertyValueSpecification\",\"valueRequired\":true,\"valueName\":\"search_term_string\"}}],\"inLanguage\":\"de-DE\"},{\"@type\":[\"Organization\",\"Place\",\"TravelAgency\"],\"@id\":\"https:\/\/hurghadalovers.com\/de\/#organization\",\"name\":\"Hurghada Excursions\",\"url\":\"https:\/\/hurghadalovers.com\/de\/\",\"logo\":{\"@id\":\"https:\/\/hurghadalovers.com\/de\/tours\/morgen-super-jeep-safari-trip-ab-soma-bucht\/#local-main-organization-logo\"},\"image\":{\"@id\":\"https:\/\/hurghadalovers.com\/de\/tours\/morgen-super-jeep-safari-trip-ab-soma-bucht\/#local-main-organization-logo\"},\"sameAs\":[\"https:\/\/www.facebook.com\/Hurghadaloversegypt\"],\"address\":{\"@id\":\"https:\/\/hurghadalovers.com\/de\/tours\/morgen-super-jeep-safari-trip-ab-soma-bucht\/#local-main-place-address\"},\"telephone\":[\"00201112596434\"],\"contactPoint\":{\"@type\":\"ContactPoint\",\"telephone\":\"00201112596434\",\"email\":\"weyouface@gmail.com\"},\"openingHoursSpecification\":{\"@type\":\"OpeningHoursSpecification\",\"dayOfWeek\":[\"Monday\",\"Tuesday\",\"Wednesday\",\"Thursday\",\"Friday\",\"Saturday\",\"Sunday\"],\"opens\":\"00:00\",\"closes\":\"23:59\"},\"email\":\"weyouface@gmail.com\",\"areaServed\":\"Luxor, Hurghada, El Gouna, Aswan, Sharm El Sheikh, Giza, Alexandria, Marsa Alam, Quseir, Soma Bay, Sahl Hasheesh, Red Sea, Makadi Bay, Cairo\",\"priceRange\":\"$\",\"currenciesAccepted\":\"euro\",\"paymentAccepted\":\"cash on site\"},{\"@type\":\"PostalAddress\",\"@id\":\"https:\/\/hurghadalovers.com\/de\/tours\/morgen-super-jeep-safari-trip-ab-soma-bucht\/#local-main-place-address\",\"streetAddress\":\"17 Banks street, Alkawther area, top nbk bank\",\"addressLocality\":\"hurghada\",\"postalCode\":\"84511\",\"addressRegion\":\"red sea\",\"addressCountry\":\"EG\"},{\"@type\":\"ImageObject\",\"inLanguage\":\"de-DE\",\"@id\":\"https:\/\/hurghadalovers.com\/de\/tours\/morgen-super-jeep-safari-trip-ab-soma-bucht\/#local-main-organization-logo\",\"url\":\"https:\/\/hurghadalovers.com\/wp-content\/uploads\/2019\/10\/hurghada-excursions-logo.png\",\"contentUrl\":\"https:\/\/hurghadalovers.com\/wp-content\/uploads\/2019\/10\/hurghada-excursions-logo.png\",\"width\":272,\"height\":90,\"caption\":\"Hurghada Excursions\"}]}<\/script>\n<meta property=\"product:brand\" content=\"Soma bay Ausfl\u00fcge\" \/>\n<meta property=\"product:price:amount\" content=\"30\" \/>\n<meta property=\"product:price:currency\" content=\"EUR\" \/>\n<meta property=\"og:availability\" content=\"instock\" \/>\n<meta property=\"product:availability\" content=\"instock\" \/>\n<meta property=\"product:retailer_item_id\" content=\"SafariSomabay052024\" \/>\n<meta property=\"product:condition\" content=\"new\" \/>\n<meta name=\"geo.placename\" content=\"hurghada\" \/>\n<meta name=\"geo.region\" content=\"Egypt\" \/>\n<!-- \/ Yoast SEO Premium plugin. -->","yoast_head_json":{"title":"Morgen Soma bay Beduinendorf Ausflug mit ATV","description":"Morgen Soma bay Beduinendorf Ausflug mit ATV Quad Bike, Spider Car und 4\u00d74 Auto zum Beduinendorf mit Kamelritt und mehr...","robots":{"index":"index","follow":"follow","max-snippet":"max-snippet:-1","max-image-preview":"max-image-preview:large","max-video-preview":"max-video-preview:-1"},"canonical":"https:\/\/hurghadalovers.com\/de\/tours\/morgen-super-jeep-safari-trip-ab-soma-bucht\/","og_locale":"de_DE","og_type":"article","og_title":"Morgen Soma bay Beduinendorf Ausflug","og_description":"Morgen Soma bay Beduinendorf Ausflug mit ATV Quad Bike, Spider Car und 4\u00d74 Auto zum Beduinendorf mit Kamelritt und mehr...","og_url":"https:\/\/hurghadalovers.com\/de\/tours\/morgen-super-jeep-safari-trip-ab-soma-bucht\/","og_site_name":"Hurghada Excursions &amp; Day Trips | Booking Best Prices Tours","article_publisher":"https:\/\/www.facebook.com\/Hurghadaloversegypt","article_modified_time":"2026-02-09T14:40:44+00:00","og_image":[{"url":"https:\/\/hurghadalovers.com\/wp-content\/uploads\/2023\/09\/Morning-Jeep-Safari-Trip-from-El-Gouna.jpeg","width":1,"height":1,"type":"image\/jpeg"}],"twitter_card":"summary_large_image","twitter_misc":{"Price":"&euro;&nbsp;30","Availability":"In stock"},"schema":{"@context":"https:\/\/schema.org","@graph":[{"@type":["WebPage","ItemPage"],"@id":"https:\/\/hurghadalovers.com\/de\/tours\/morgen-super-jeep-safari-trip-ab-soma-bucht\/","url":"https:\/\/hurghadalovers.com\/de\/tours\/morgen-super-jeep-safari-trip-ab-soma-bucht\/","name":"Morgen Soma bay Beduinendorf Ausflug mit ATV","isPartOf":{"@id":"https:\/\/hurghadalovers.com\/de\/#website"},"primaryImageOfPage":{"@id":"https:\/\/hurghadalovers.com\/de\/tours\/morgen-super-jeep-safari-trip-ab-soma-bucht\/#primaryimage"},"image":{"@id":"https:\/\/hurghadalovers.com\/de\/tours\/morgen-super-jeep-safari-trip-ab-soma-bucht\/#primaryimage"},"thumbnailUrl":"https:\/\/hurghadalovers.com\/wp-content\/uploads\/2023\/09\/Morning-Jeep-Safari-Trip-from-El-Gouna.jpeg","datePublished":"2023-08-27T14:10:58+00:00","dateModified":"2026-02-09T14:40:44+00:00","description":"Morgen Soma bay Beduinendorf Ausflug mit ATV Quad Bike, Spider Car und 4\u00d74 Auto zum Beduinendorf mit Kamelritt und mehr...","breadcrumb":{"@id":"https:\/\/hurghadalovers.com\/de\/tours\/morgen-super-jeep-safari-trip-ab-soma-bucht\/#breadcrumb"},"inLanguage":"de-DE","potentialAction":[{"@type":"ReadAction","target":["https:\/\/hurghadalovers.com\/de\/tours\/morgen-super-jeep-safari-trip-ab-soma-bucht\/"]}]},{"@type":"ImageObject","inLanguage":"de-DE","@id":"https:\/\/hurghadalovers.com\/de\/tours\/morgen-super-jeep-safari-trip-ab-soma-bucht\/#primaryimage","url":"https:\/\/hurghadalovers.com\/wp-content\/uploads\/2023\/09\/Morning-Jeep-Safari-Trip-from-El-Gouna.jpeg","contentUrl":"https:\/\/hurghadalovers.com\/wp-content\/uploads\/2023\/09\/Morning-Jeep-Safari-Trip-from-El-Gouna.jpeg","caption":"Jeep-Safari am Morgen von El Gouna aus"},{"@type":"BreadcrumbList","@id":"https:\/\/hurghadalovers.com\/de\/tours\/morgen-super-jeep-safari-trip-ab-soma-bucht\/#breadcrumb","itemListElement":[{"@type":"ListItem","position":1,"name":"Home","item":"https:\/\/hurghadalovers.com\/de\/"},{"@type":"ListItem","position":2,"name":"Shop","item":"https:\/\/hurghadalovers.com\/shop\/"},{"@type":"ListItem","position":3,"name":"Morgen Soma bay Beduinendorf Ausflug"}]},{"@type":"WebSite","@id":"https:\/\/hurghadalovers.com\/de\/#website","url":"https:\/\/hurghadalovers.com\/de\/","name":"Hurghada Excursions & Day Trips | Booking Best Prices Tours","description":"Hurghada Lovers - Best Tour Operator - Excursions &amp; Things to do for Family Day Trips with kids and Couples Romantic. Unique .Hidden gems","publisher":{"@id":"https:\/\/hurghadalovers.com\/de\/#organization"},"alternateName":"Hurghada Excursions","potentialAction":[{"@type":"SearchAction","target":{"@type":"EntryPoint","urlTemplate":"https:\/\/hurghadalovers.com\/de\/?s={search_term_string}"},"query-input":{"@type":"PropertyValueSpecification","valueRequired":true,"valueName":"search_term_string"}}],"inLanguage":"de-DE"},{"@type":["Organization","Place","TravelAgency"],"@id":"https:\/\/hurghadalovers.com\/de\/#organization","name":"Hurghada Excursions","url":"https:\/\/hurghadalovers.com\/de\/","logo":{"@id":"https:\/\/hurghadalovers.com\/de\/tours\/morgen-super-jeep-safari-trip-ab-soma-bucht\/#local-main-organization-logo"},"image":{"@id":"https:\/\/hurghadalovers.com\/de\/tours\/morgen-super-jeep-safari-trip-ab-soma-bucht\/#local-main-organization-logo"},"sameAs":["https:\/\/www.facebook.com\/Hurghadaloversegypt"],"address":{"@id":"https:\/\/hurghadalovers.com\/de\/tours\/morgen-super-jeep-safari-trip-ab-soma-bucht\/#local-main-place-address"},"telephone":["00201112596434"],"contactPoint":{"@type":"ContactPoint","telephone":"00201112596434","email":"weyouface@gmail.com"},"openingHoursSpecification":{"@type":"OpeningHoursSpecification","dayOfWeek":["Monday","Tuesday","Wednesday","Thursday","Friday","Saturday","Sunday"],"opens":"00:00","closes":"23:59"},"email":"weyouface@gmail.com","areaServed":"Luxor, Hurghada, El Gouna, Aswan, Sharm El Sheikh, Giza, Alexandria, Marsa Alam, Quseir, Soma Bay, Sahl Hasheesh, Red Sea, Makadi Bay, Cairo","priceRange":"$","currenciesAccepted":"euro","paymentAccepted":"cash on site"},{"@type":"PostalAddress","@id":"https:\/\/hurghadalovers.com\/de\/tours\/morgen-super-jeep-safari-trip-ab-soma-bucht\/#local-main-place-address","streetAddress":"17 Banks street, Alkawther area, top nbk bank","addressLocality":"hurghada","postalCode":"84511","addressRegion":"red sea","addressCountry":"EG"},{"@type":"ImageObject","inLanguage":"de-DE","@id":"https:\/\/hurghadalovers.com\/de\/tours\/morgen-super-jeep-safari-trip-ab-soma-bucht\/#local-main-organization-logo","url":"https:\/\/hurghadalovers.com\/wp-content\/uploads\/2019\/10\/hurghada-excursions-logo.png","contentUrl":"https:\/\/hurghadalovers.com\/wp-content\/uploads\/2019\/10\/hurghada-excursions-logo.png","width":272,"height":90,"caption":"Hurghada Excursions"}]},"product_brand":"Soma bay Ausfl\u00fcge","product_price_amount":"30","product_price_currency":"EUR","og_availability":"instock","product_availability":"instock","product_retailer_item_id":"SafariSomabay052024","product_condition":"new","geo.placename":"hurghada","geo.region":"Egypt"},"_links":{"self":[{"href":"https:\/\/hurghadalovers.com\/de\/wp-json\/wp\/v2\/product\/385468","targetHints":{"allow":["GET"]}}],"collection":[{"href":"https:\/\/hurghadalovers.com\/de\/wp-json\/wp\/v2\/product"}],"about":[{"href":"https:\/\/hurghadalovers.com\/de\/wp-json\/wp\/v2\/types\/product"}],"wp:featuredmedia":[{"embeddable":true,"href":"https:\/\/hurghadalovers.com\/de\/wp-json\/wp\/v2\/media\/395945"}],"wp:attachment":[{"href":"https:\/\/hurghadalovers.com\/de\/wp-json\/wp\/v2\/media?parent=385468"}],"wp:term":[{"taxonomy":"product_brand","embeddable":true,"href":"https:\/\/hurghadalovers.com\/de\/wp-json\/wp\/v2\/product_brand?post=385468"},{"taxonomy":"product_cat","embeddable":true,"href":"https:\/\/hurghadalovers.com\/de\/wp-json\/wp\/v2\/product_cat?post=385468"},{"taxonomy":"product_tag","embeddable":true,"href":"https:\/\/hurghadalovers.com\/de\/wp-json\/wp\/v2\/product_tag?post=385468"}],"curies":[{"name":"wp","href":"https:\/\/api.w.org\/{rel}","templated":true}]}}