{"id":383873,"date":"2023-08-26T15:26:29","date_gmt":"2023-08-26T15:26:29","guid":{"rendered":"https:\/\/hurghadalovers.com\/shop\/unkategorisiert\/private-soma-bucht-ausfluege-nach-luxor-assuan-2-tage\/"},"modified":"2026-02-08T19:48:25","modified_gmt":"2026-02-08T19:48:25","slug":"privat-soma-bucht-ausfluge-nach-luxor-aswan-2-tage","status":"publish","type":"product","link":"https:\/\/hurghadalovers.com\/de\/tours\/privat-soma-bucht-ausfluge-nach-luxor-aswan-2-tage\/","title":{"rendered":"Privater Ausfl\u00fcge Soma bay nach Luxor und Assuan \u2013 2 Tage"},"content":{"rendered":"<p><strong>Privater Ausfl\u00fcge Soma bay nach Luxor und Assuan<\/strong> \u2013 2 Tage mit privatem Reisef\u00fchrer, Tickets und Mittagessen.<\/p>\n<p>Entdecken Sie die Geheimnisse der Pharaonenk\u00f6nige auf einer zweit\u00e4gigen Tour zu den Sehensw\u00fcrdigkeiten der antiken St\u00e4dte Luxor und Assuan, und erfahren Sie mehr \u00fcber die Fakten und die Geschichte der antiken Zivilisation \u00c4gyptens, die Geheimnisse von K\u00f6nig Tutanchamun, K\u00f6nig Ramses II. und vieles mehr.<\/p>\n<p style=\"text-align: center;\">\u00a0Entdecken Sie die Geheimnisse der <a href=\"https:\/\/hurghadalovers.com\/de\/pharaonen-koenige-aegypten\/\"><strong>Pharaonen<\/strong><\/a> im alten \u00c4gypten.<\/p>\n<p><strong>H\u00f6hepunkte:<\/strong><\/p>\n<ul>\n<li><a href=\"https:\/\/hurghadalovers.com\/de\/karnak-tempel-luxor-aegypten\/\">Karnak-Tempel<\/a>.<\/li>\n<li><a href=\"https:\/\/hurghadalovers.com\/de\/die-kolosse-von-memnon-luxor\/\">Die Kolosse von Memnon<\/a>.<\/li>\n<li><a href=\"https:\/\/hurghadalovers.com\/de\/totentempel-der-hatschepsut-luxor\/\">Totentempel der Hatschepsut<\/a>.<\/li>\n<li>3 Gr\u00e4ber im <a href=\"https:\/\/hurghadalovers.com\/de\/tal-der-koenige-luxor-aegypten\/\"><strong>Tal der K\u00f6nige<\/strong><\/a> .<\/li>\n<li><a href=\"https:\/\/hurghadalovers.com\/de\/tempel-von-philae-assuan-aegypten\/\">Tempel von Philae<\/a>.<\/li>\n<li><a href=\"https:\/\/hurghadalovers.com\/de\/der-unvollendete-obelisk-in-assuan\/\">Der unvollendete Obelisk<\/a>.<\/li>\n<li>Der Hochdamm.<\/li>\n<li>Mittagessen im Restaurant &#8220;Vegetarisches Essen ist m\u00f6glich&#8221;.<\/li>\n<\/ul>\n<p><strong>Privater Ausfl\u00fcge Soma bay nach Luxor und Assuan Details:<\/strong><\/p>\n<ul>\n<li>Verf\u00fcgbarkeit der Tour: Jeden Tag.<\/li>\n<li>Art der Tour: Privat mit Auto oder Minivan.<\/li>\n<li>Abholzeit: Ab 05:30 Uhr morgens.<\/li>\n<li>Asking Hotel erhalten Sie Ihr Fr\u00fchst\u00fcck Tasche mit Ihnen Morgen.<\/li>\n<li>Abholzeit: 19:00 Uhr.<\/li>\n<li>F\u00fcr Rollstuhlfahrer zug\u00e4nglich.<\/li>\n<li>Dauer: 2 Tage \/ 1 Nacht.<\/li>\n<\/ul>\n<p><strong>Jetzt reservieren und sp\u00e4ter bezahlen:<\/strong><\/p>\n<ul>\n<li>Bargeld vor Ort zu f\u00fchren.<\/li>\n<li>Zahlung in \u00e4gyptischen Pfund, $, \u20ac oder \u00a3.<\/li>\n<\/ul>\n<p><strong>Stornierungsbedingungen:<\/strong><\/p>\n<ul>\n<li>Sie k\u00f6nnen bis zu 24 Stunden im Voraus stornieren.<\/li>\n<li>Wenn jemand aus Ihrer Familie den Vormittag absagt, zahlen Sie 50 % der Kosten.<\/li>\n<\/ul>\n<p><strong>Was ist inbegriffen?<\/strong><\/p>\n<ul>\n<li>Transfer von Soma Bay Hotels &#8220;Hotel abholen und zur\u00fcckbringen&#8221;.<\/li>\n<li>Alle Steuern, Eintrittsgelder und Bearbeitungsgeb\u00fchren.<\/li>\n<li>\u00dcberweisungen.<\/li>\n<li>Reiseleiter.<\/li>\n<li>Eine \u00dcbernachtung im Hotel mit Fr\u00fchst\u00fcck.<\/li>\n<li>Die Getr\u00e4nke.<\/li>\n<li>2 Mal Mittagessen im Restaurant.<\/li>\n<\/ul>\n<p><strong>Ausnahmen?<\/strong><\/p>\n<ul>\n<li>Trinkgeld.<\/li>\n<li>Alle nicht erw\u00e4hnten Extras.<\/li>\n<\/ul>\n<p><strong>Preise:<\/strong><\/p>\n<ul>\n<li><strong>Preis f\u00fcr Erwachsene = ab<\/strong><strong>280$ pro Person<\/strong>.<\/li>\n<li>Preis f\u00fcr Kinder &#8220;5-12\u2033= 50%.<\/li>\n<li>f\u00fcr Kinder &#8220;0-5\u2033= Kostenlos.<\/li>\n<\/ul>\n<p><strong>Bewertungen:<\/strong><\/p>\n<p>\u00fcberpr\u00fcfen Sie unsere Google Map Bewertungen als bester <a href=\"https:\/\/g.page\/r\/CUeYvkngP3wkEBM\/review\">Reiseveranstalter in Hurghada<\/a> online in <a href=\"https:\/\/hurghadalovers.com\/\">Hurghada<\/a> \u00c4gypten.<\/p>\n<p><strong>Reservierung:<\/strong><\/p>\n<p>Senden Sie Hotel + Zimmernummer + Fotop\u00e4sse an WhatsApp: <strong>+201112596434<\/strong><\/p>\n<p>Wenn Sie aus \u00c4gypten Buchen Sie jetzt online und best\u00e4tigen Sie bei der Ankunft Hotel.<\/p>\n<p><span style=\"color: #ff6600;\">\u2014\u2014\u2014\u2013 | \u2014\u2014\u2014\u2014\u2013 | \u2014\u2014\u2014\u2014\u2014\u2013<\/span><\/p>\n<p>Das Tal der K\u00f6nige oder die Gr\u00e4ber der Pharaonen gilt als eine der besten pharaonischen arch\u00e4ologischen St\u00e4tten, die bis heute die Qualit\u00e4t der Farben, Zeichnungen und Inschriften bewahrt hat, insbesondere das Grab von K\u00f6nig Tutanchamun und das Grab von K\u00f6nig Ramses III.<\/p>\n<ul>\n<li>Der Guide erkl\u00e4rt Ihnen alle Geheimnisse und Fakten zum Bau der k\u00f6niglichen Gr\u00e4ber im Tal der K\u00f6nige und beantwortet alle Fragen, auf die Sie eine Antwort suchen, und l\u00e4sst dann den Eingang allein in den drei Gr\u00e4bern, die auf den Eintrittskarten zugelassen sind.<\/li>\n<li>Fotografieren mit Blitz ist nicht erlaubt. Wenn Sie die Kamera in den Gr\u00e4bern des Tals der K\u00f6nige verwenden m\u00f6chten, wird eine zus\u00e4tzliche Geb\u00fchr an der Abendkasse des Tals der K\u00f6nige bezahlt.<\/li>\n<li>Sie k\u00f6nnen an der Abendkasse ein Ticket kaufen, um das Grab des Tutanchamun selbst zu besuchen, und bequem mit Bargeld oder Kreditkarte bezahlen.<\/li>\n<li>Mit dem Ticket f\u00fcr das Tal des K\u00f6nigs k\u00f6nnen Sie 3 Pharaonengr\u00e4ber nach Belieben besuchen, z. B. \u201eGrab von K\u00f6nig Ramses V, Grab von K\u00f6nig Ramses IX, Grab von K\u00f6nig Ramses III, Grab von K\u00f6nig Ramses I, Grab von K\u00f6nig Ramses X\u201c und mehr.<\/li>\n<li>Indem Sie sich die Inschriften und Zeichnungen der W\u00e4nde der Pharaonengr\u00e4ber im Tal der K\u00f6nige ansehen, erfahren Sie mehr \u00fcber die Geheimnisse und Wunder der Pharaonen, wie z. B. die \u00e4gyptischen G\u00f6tter, die Mumifizierung der Pharaonen, Bestattungsglauben im alten \u00c4gypten , Religi\u00f6ser Glaube an die Zivilisation des alten \u00c4gypten, Alt\u00e4gyptische Religion.<\/li>\n<\/ul>\n<p>Pr\u00fcfen <a href=\"https:\/\/hurghadalovers.com\/de\/tour-category\/luxor-tagesausfluege-von-soma-bay\/\"><strong>Luxor Tagesausfl\u00fcge von Soma bay<\/strong><\/a> &#8211; <a href=\"https:\/\/hurghadalovers.com\/de\/tour-category\/soma-bay-ausfluege\/\"><strong>Soma bay Ausfl\u00fcge<\/strong><\/a>:<\/p>\n<ul>\n<li><a href=\"https:\/\/hurghadalovers.com\/de\/tours\/privat-luxor-tour-von-der-soma-bucht\/\">Privater Ausflug nach Luxor von Soma bay<\/a><\/li>\n<li><a href=\"https:\/\/hurghadalovers.com\/de\/tours\/tal-der-konige-tour-von-der-soma-bucht-mit-dem-bus\/\">Tagesausflug von Soma bay zu den Tal der K\u00f6nige Luxor mit dem Bus<\/a><\/li>\n<li><a href=\"https:\/\/hurghadalovers.com\/de\/tours\/tagesausflug-von-soma-bay-zu-den-tal-der-koenige-luxor-im-minivan\/\">Tagesausflug von Soma bay zu den Tal der K\u00f6nige Luxor im Minivan<\/a><\/li>\n<li><a href=\"https:\/\/hurghadalovers.com\/de\/tours\/gunstige-oma-bay-ausfluge-nach-luxor-mit-dem-bus\/\">G\u00fcnstige Ausflug Soma bay Luxor mit dem Bus ohne Tickets<\/a><\/li>\n<li><a href=\"https:\/\/hurghadalovers.com\/de\/tours\/billige-soma-bay-nach-luxor-tagesausfluge-mit-dem-bus\/\">G\u00fcnstige Luxor Ausflug von Soma bay mit dem Bus<\/a><\/li>\n<li><a href=\"https:\/\/hurghadalovers.com\/de\/tours\/soma-bay-to-luxor-tagesausflug-zum-queens-tal\/\">Ausflug nach Luxor von Soma bay nach Tal der K\u00f6niginnen<\/a> mit dem Bus<\/li>\n<li><a href=\"https:\/\/hurghadalovers.com\/de\/tours\/soma-bay-privat-luxus-oder-zwei-tage-reise-mit-heisluft-ballonfahrt\/\">Privater Luxor Tagesausflug mit Hei\u00dfluftballonfahrt von Soma bay<\/a> &#8211; 2 Tage<\/li>\n<li><a href=\"https:\/\/hurghadalovers.com\/de\/tours\/ubernachtungsreise-nach-luxor-von-soma-bucht\/\">Luxor zwei Tage privat Ausflug von Soma bay<\/a> | \u00dcbernachtungsausflug<\/li>\n<li><a href=\"https:\/\/hurghadalovers.com\/de\/tours\/privat-dendera-und-abydos-aus-soma-bucht\/\">Privater Ausflug nach Abydos &amp; Dendera von Soma bay<\/a><\/li>\n<li><a href=\"https:\/\/hurghadalovers.com\/de\/tours\/privat-tagesausflug-nach-dendera-von-soma-bay\/\">Privater Tagesausflug nach Dendera von Soma bay<\/a><\/li>\n<li><a href=\"https:\/\/hurghadalovers.com\/de\/tours\/privat-tagesausflug-von-soma-bucht-nach-abu-simbel-aswan-2-tage\/\">Privater Ausflug ab Soma bay nach Assuan und Abu Simbel<\/a> \u2013 2 Tage<\/li>\n<li>Privater Ausfl\u00fcge Soma bay nach Luxor und Assuan \u2013 2 Tage<\/li>\n<li><a href=\"https:\/\/hurghadalovers.com\/de\/tours\/privat-soma-bucht-touren-nach-luxor-aswan-3-tage\/\">Privater Tagestour Soma bay nach Luxor und Assuan, Abu Simbel<\/a> \u2013 3 Tage<\/li>\n<\/ul>\n<p>&nbsp;<\/p>\n","protected":false},"excerpt":{"rendered":"<p>Privater Ausfl\u00fcge Soma bay nach Luxor und Assuan \u2013 2 Tage mit privatem F\u00fchrer, Tickets und Mittagessen. Entdecken Sie die Geheimnisse der K\u00f6nige der Pharaonen&#8230; K\u00f6nig Tutanchamun, K\u00f6nig Ramses II.<\/p>\n","protected":false},"featured_media":394741,"template":"","meta":{"_joinchat":[]},"product_brand":[],"product_cat":[29817],"product_tag":[55867,56035,55973,56092,56101,56053,55874,55998,51868,55969,55977,55984,55993,56095,56038,56098,56041,55981,56044,55987,55965,55990],"class_list":{"0":"post-383873","1":"product","2":"type-product","3":"status-publish","4":"has-post-thumbnail","6":"product_cat-touren","7":"product_tag-aktivitaten-mit-kleinkindern-ab-soma-bay","8":"product_tag-ausfluge-in-die-soma-bucht","9":"product_tag-bus-von-soma-bay-nach-luxor","10":"product_tag-dinge-zu-tun-in-soma-bay","11":"product_tag-dinge-zu-tun-in-soma-bay-fur-paare","12":"product_tag-familienausfluge-von-soma-bay-aus","13":"product_tag-gunstige-familienausfluge-ab-soma-bay","14":"product_tag-heisluftballon-soma-bay","15":"product_tag-luxor-privat-touren","16":"product_tag-luxor-reise-von-soma-bay","17":"product_tag-luxor-tagestour-von-soma-bay-aus","18":"product_tag-luxor-tour-von-soma-bay-aus","19":"product_tag-private-luxor-tour-von-soma-bay-aus","20":"product_tag-romantische-unternehmungen-von-soma-bay-aus-de","21":"product_tag-soma-bay-aktivitaten","22":"product_tag-soma-bay-aktivitaten-fur-paare","23":"product_tag-soma-bay-tagesausfluge","24":"product_tag-soma-bay-touren-nach-luxor","25":"product_tag-soma-bay-was-zu-tun-ist","26":"product_tag-soma-bay-zum-tal-der-konige","27":"product_tag-tagesausflug-von-soma-bay-nach-luxor","28":"product_tag-transfer-von-luxor-nach-soma-bay","29":"tour_category-soma-bay-to-luxor-tours-germany","30":"tour_category-soma-bay-ausfluege","32":"first","33":"instock","34":"sale","35":"shipping-taxable","36":"purchasable","37":"product-type-tour"},"yoast_head":"<!-- This site is optimized with the Yoast SEO Premium plugin v26.9 (Yoast SEO v27.2) - https:\/\/yoast.com\/product\/yoast-seo-premium-wordpress\/ -->\n<title>Privater Ausfl\u00fcge Soma bay nach Luxor und Assuan \u2013 2 Tage<\/title>\n<meta name=\"description\" content=\"Privater Ausfl\u00fcge Soma bay nach Luxor und Assuan \u2013 2 Tage mit privatem F\u00fchrer, Tickets und Mittagessen. Entdecken Sie die Geheimnisse der K\u00f6nige der\" \/>\n<meta name=\"robots\" content=\"index, follow, max-snippet:-1, max-image-preview:large, max-video-preview:-1\" \/>\n<link rel=\"canonical\" href=\"https:\/\/hurghadalovers.com\/de\/tours\/privat-soma-bucht-ausfluge-nach-luxor-aswan-2-tage\/\" \/>\n<meta property=\"og:locale\" content=\"de_DE\" \/>\n<meta property=\"og:type\" content=\"article\" \/>\n<meta property=\"og:title\" content=\"Privater Ausfl\u00fcge Soma bay nach Luxor und Assuan \u2013 2 Tage\" \/>\n<meta property=\"og:description\" content=\"Privater Ausfl\u00fcge Soma bay nach Luxor und Assuan \u2013 2 Tage mit privatem F\u00fchrer, Tickets und Mittagessen. Entdecken Sie die Geheimnisse der K\u00f6nige der\" \/>\n<meta property=\"og:url\" content=\"https:\/\/hurghadalovers.com\/de\/tours\/privat-soma-bucht-ausfluge-nach-luxor-aswan-2-tage\/\" \/>\n<meta property=\"og:site_name\" content=\"Hurghada Excursions &amp; Day Trips | Booking Best Prices Tours\" \/>\n<meta property=\"article:publisher\" content=\"https:\/\/www.facebook.com\/Hurghadaloversegypt\" \/>\n<meta property=\"article:modified_time\" content=\"2026-02-08T19:48:25+00:00\" \/>\n<meta property=\"og:image\" content=\"https:\/\/hurghadalovers.com\/wp-content\/uploads\/2023\/09\/Private-El-Gouna-Excursions-to-Luxor-Aswan.jpeg\" \/>\n\t<meta property=\"og:image:width\" content=\"1536\" \/>\n\t<meta property=\"og:image:height\" content=\"975\" \/>\n\t<meta property=\"og:image:type\" content=\"image\/jpeg\" \/>\n<meta name=\"twitter:card\" content=\"summary_large_image\" \/>\n<meta name=\"twitter:label1\" content=\"Price\" \/>\n\t<meta name=\"twitter:data1\" content=\"&euro;&nbsp;400\" \/>\n\t<meta name=\"twitter:label2\" content=\"Availability\" \/>\n\t<meta name=\"twitter:data2\" content=\"In stock\" \/>\n<script type=\"application\/ld+json\" class=\"yoast-schema-graph\">{\"@context\":\"https:\/\/schema.org\",\"@graph\":[{\"@type\":[\"WebPage\",\"ItemPage\"],\"@id\":\"https:\/\/hurghadalovers.com\/de\/tours\/privat-soma-bucht-ausfluge-nach-luxor-aswan-2-tage\/\",\"url\":\"https:\/\/hurghadalovers.com\/de\/tours\/privat-soma-bucht-ausfluge-nach-luxor-aswan-2-tage\/\",\"name\":\"Privater Ausfl\u00fcge Soma bay nach Luxor und Assuan \u2013 2 Tage\",\"isPartOf\":{\"@id\":\"https:\/\/hurghadalovers.com\/de\/#website\"},\"primaryImageOfPage\":{\"@id\":\"https:\/\/hurghadalovers.com\/de\/tours\/privat-soma-bucht-ausfluge-nach-luxor-aswan-2-tage\/#primaryimage\"},\"image\":{\"@id\":\"https:\/\/hurghadalovers.com\/de\/tours\/privat-soma-bucht-ausfluge-nach-luxor-aswan-2-tage\/#primaryimage\"},\"thumbnailUrl\":\"https:\/\/hurghadalovers.com\/wp-content\/uploads\/2023\/09\/Private-El-Gouna-Excursions-to-Luxor-Aswan.jpeg\",\"datePublished\":\"2023-08-26T15:26:29+00:00\",\"dateModified\":\"2026-02-08T19:48:25+00:00\",\"description\":\"Privater Ausfl\u00fcge Soma bay nach Luxor und Assuan \u2013 2 Tage mit privatem F\u00fchrer, Tickets und Mittagessen. Entdecken Sie die Geheimnisse der K\u00f6nige der\",\"breadcrumb\":{\"@id\":\"https:\/\/hurghadalovers.com\/de\/tours\/privat-soma-bucht-ausfluge-nach-luxor-aswan-2-tage\/#breadcrumb\"},\"inLanguage\":\"de-DE\",\"potentialAction\":[{\"@type\":\"ReadAction\",\"target\":[\"https:\/\/hurghadalovers.com\/de\/tours\/privat-soma-bucht-ausfluge-nach-luxor-aswan-2-tage\/\"]}]},{\"@type\":\"ImageObject\",\"inLanguage\":\"de-DE\",\"@id\":\"https:\/\/hurghadalovers.com\/de\/tours\/privat-soma-bucht-ausfluge-nach-luxor-aswan-2-tage\/#primaryimage\",\"url\":\"https:\/\/hurghadalovers.com\/wp-content\/uploads\/2023\/09\/Private-El-Gouna-Excursions-to-Luxor-Aswan.jpeg\",\"contentUrl\":\"https:\/\/hurghadalovers.com\/wp-content\/uploads\/2023\/09\/Private-El-Gouna-Excursions-to-Luxor-Aswan.jpeg\",\"width\":1536,\"height\":975,\"caption\":\"Private El Gouna-Ausfl\u00fcge nach Luxor und Assuan Privater Ausfl\u00fcge Hurghada nach Luxor und Assuan Makadi Bay soma bay El Gouna Sahl Hasheesh\"},{\"@type\":\"BreadcrumbList\",\"@id\":\"https:\/\/hurghadalovers.com\/de\/tours\/privat-soma-bucht-ausfluge-nach-luxor-aswan-2-tage\/#breadcrumb\",\"itemListElement\":[{\"@type\":\"ListItem\",\"position\":1,\"name\":\"Home\",\"item\":\"https:\/\/hurghadalovers.com\/de\/\"},{\"@type\":\"ListItem\",\"position\":2,\"name\":\"Shop\",\"item\":\"https:\/\/hurghadalovers.com\/shop\/\"},{\"@type\":\"ListItem\",\"position\":3,\"name\":\"Privater Ausfl\u00fcge Soma bay nach Luxor und Assuan \u2013 2 Tage\"}]},{\"@type\":\"WebSite\",\"@id\":\"https:\/\/hurghadalovers.com\/de\/#website\",\"url\":\"https:\/\/hurghadalovers.com\/de\/\",\"name\":\"Hurghada Excursions & Day Trips | Booking Best Prices Tours\",\"description\":\"Hurghada Lovers - Best Tour Operator - Excursions &amp; Things to do for Family Day Trips with kids and Couples Romantic. Unique .Hidden gems\",\"publisher\":{\"@id\":\"https:\/\/hurghadalovers.com\/de\/#organization\"},\"alternateName\":\"Hurghada Excursions\",\"potentialAction\":[{\"@type\":\"SearchAction\",\"target\":{\"@type\":\"EntryPoint\",\"urlTemplate\":\"https:\/\/hurghadalovers.com\/de\/?s={search_term_string}\"},\"query-input\":{\"@type\":\"PropertyValueSpecification\",\"valueRequired\":true,\"valueName\":\"search_term_string\"}}],\"inLanguage\":\"de-DE\"},{\"@type\":[\"Organization\",\"Place\",\"TravelAgency\"],\"@id\":\"https:\/\/hurghadalovers.com\/de\/#organization\",\"name\":\"Hurghada Excursions\",\"url\":\"https:\/\/hurghadalovers.com\/de\/\",\"logo\":{\"@id\":\"https:\/\/hurghadalovers.com\/de\/tours\/privat-soma-bucht-ausfluge-nach-luxor-aswan-2-tage\/#local-main-organization-logo\"},\"image\":{\"@id\":\"https:\/\/hurghadalovers.com\/de\/tours\/privat-soma-bucht-ausfluge-nach-luxor-aswan-2-tage\/#local-main-organization-logo\"},\"sameAs\":[\"https:\/\/www.facebook.com\/Hurghadaloversegypt\"],\"address\":{\"@id\":\"https:\/\/hurghadalovers.com\/de\/tours\/privat-soma-bucht-ausfluge-nach-luxor-aswan-2-tage\/#local-main-place-address\"},\"telephone\":[\"00201112596434\"],\"contactPoint\":{\"@type\":\"ContactPoint\",\"telephone\":\"00201112596434\",\"email\":\"weyouface@gmail.com\"},\"openingHoursSpecification\":{\"@type\":\"OpeningHoursSpecification\",\"dayOfWeek\":[\"Monday\",\"Tuesday\",\"Wednesday\",\"Thursday\",\"Friday\",\"Saturday\",\"Sunday\"],\"opens\":\"00:00\",\"closes\":\"23:59\"},\"email\":\"weyouface@gmail.com\",\"areaServed\":\"Luxor, Hurghada, El Gouna, Aswan, Sharm El Sheikh, Giza, Alexandria, Marsa Alam, Quseir, Soma Bay, Sahl Hasheesh, Red Sea, Makadi Bay, Cairo\",\"priceRange\":\"$\",\"currenciesAccepted\":\"euro\",\"paymentAccepted\":\"cash on site\"},{\"@type\":\"PostalAddress\",\"@id\":\"https:\/\/hurghadalovers.com\/de\/tours\/privat-soma-bucht-ausfluge-nach-luxor-aswan-2-tage\/#local-main-place-address\",\"streetAddress\":\"17 Banks street, Alkawther area, top nbk bank\",\"addressLocality\":\"hurghada\",\"postalCode\":\"84511\",\"addressRegion\":\"red sea\",\"addressCountry\":\"EG\"},{\"@type\":\"ImageObject\",\"inLanguage\":\"de-DE\",\"@id\":\"https:\/\/hurghadalovers.com\/de\/tours\/privat-soma-bucht-ausfluge-nach-luxor-aswan-2-tage\/#local-main-organization-logo\",\"url\":\"https:\/\/hurghadalovers.com\/wp-content\/uploads\/2019\/10\/hurghada-excursions-logo.png\",\"contentUrl\":\"https:\/\/hurghadalovers.com\/wp-content\/uploads\/2019\/10\/hurghada-excursions-logo.png\",\"width\":272,\"height\":90,\"caption\":\"Hurghada Excursions\"}]}<\/script>\n<meta property=\"product:brand\" content=\"Luxor Tagesausfl\u00fcge von Soma bay\" \/>\n<meta property=\"product:price:amount\" content=\"400\" \/>\n<meta property=\"product:price:currency\" content=\"EUR\" \/>\n<meta property=\"og:availability\" content=\"instock\" \/>\n<meta property=\"product:availability\" content=\"instock\" \/>\n<meta property=\"product:retailer_item_id\" content=\"PrivateSoma022024\" \/>\n<meta property=\"product:condition\" content=\"new\" \/>\n<meta name=\"geo.placename\" content=\"hurghada\" \/>\n<meta name=\"geo.region\" content=\"Egypt\" \/>\n<!-- \/ Yoast SEO Premium plugin. -->","yoast_head_json":{"title":"Privater Ausfl\u00fcge Soma bay nach Luxor und Assuan \u2013 2 Tage","description":"Privater Ausfl\u00fcge Soma bay nach Luxor und Assuan \u2013 2 Tage mit privatem F\u00fchrer, Tickets und Mittagessen. Entdecken Sie die Geheimnisse der K\u00f6nige der","robots":{"index":"index","follow":"follow","max-snippet":"max-snippet:-1","max-image-preview":"max-image-preview:large","max-video-preview":"max-video-preview:-1"},"canonical":"https:\/\/hurghadalovers.com\/de\/tours\/privat-soma-bucht-ausfluge-nach-luxor-aswan-2-tage\/","og_locale":"de_DE","og_type":"article","og_title":"Privater Ausfl\u00fcge Soma bay nach Luxor und Assuan \u2013 2 Tage","og_description":"Privater Ausfl\u00fcge Soma bay nach Luxor und Assuan \u2013 2 Tage mit privatem F\u00fchrer, Tickets und Mittagessen. Entdecken Sie die Geheimnisse der K\u00f6nige der","og_url":"https:\/\/hurghadalovers.com\/de\/tours\/privat-soma-bucht-ausfluge-nach-luxor-aswan-2-tage\/","og_site_name":"Hurghada Excursions &amp; Day Trips | Booking Best Prices Tours","article_publisher":"https:\/\/www.facebook.com\/Hurghadaloversegypt","article_modified_time":"2026-02-08T19:48:25+00:00","og_image":[{"width":1536,"height":975,"url":"https:\/\/hurghadalovers.com\/wp-content\/uploads\/2023\/09\/Private-El-Gouna-Excursions-to-Luxor-Aswan.jpeg","type":"image\/jpeg"}],"twitter_card":"summary_large_image","twitter_misc":{"Price":"&euro;&nbsp;400","Availability":"In stock"},"schema":{"@context":"https:\/\/schema.org","@graph":[{"@type":["WebPage","ItemPage"],"@id":"https:\/\/hurghadalovers.com\/de\/tours\/privat-soma-bucht-ausfluge-nach-luxor-aswan-2-tage\/","url":"https:\/\/hurghadalovers.com\/de\/tours\/privat-soma-bucht-ausfluge-nach-luxor-aswan-2-tage\/","name":"Privater Ausfl\u00fcge Soma bay nach Luxor und Assuan \u2013 2 Tage","isPartOf":{"@id":"https:\/\/hurghadalovers.com\/de\/#website"},"primaryImageOfPage":{"@id":"https:\/\/hurghadalovers.com\/de\/tours\/privat-soma-bucht-ausfluge-nach-luxor-aswan-2-tage\/#primaryimage"},"image":{"@id":"https:\/\/hurghadalovers.com\/de\/tours\/privat-soma-bucht-ausfluge-nach-luxor-aswan-2-tage\/#primaryimage"},"thumbnailUrl":"https:\/\/hurghadalovers.com\/wp-content\/uploads\/2023\/09\/Private-El-Gouna-Excursions-to-Luxor-Aswan.jpeg","datePublished":"2023-08-26T15:26:29+00:00","dateModified":"2026-02-08T19:48:25+00:00","description":"Privater Ausfl\u00fcge Soma bay nach Luxor und Assuan \u2013 2 Tage mit privatem F\u00fchrer, Tickets und Mittagessen. Entdecken Sie die Geheimnisse der K\u00f6nige der","breadcrumb":{"@id":"https:\/\/hurghadalovers.com\/de\/tours\/privat-soma-bucht-ausfluge-nach-luxor-aswan-2-tage\/#breadcrumb"},"inLanguage":"de-DE","potentialAction":[{"@type":"ReadAction","target":["https:\/\/hurghadalovers.com\/de\/tours\/privat-soma-bucht-ausfluge-nach-luxor-aswan-2-tage\/"]}]},{"@type":"ImageObject","inLanguage":"de-DE","@id":"https:\/\/hurghadalovers.com\/de\/tours\/privat-soma-bucht-ausfluge-nach-luxor-aswan-2-tage\/#primaryimage","url":"https:\/\/hurghadalovers.com\/wp-content\/uploads\/2023\/09\/Private-El-Gouna-Excursions-to-Luxor-Aswan.jpeg","contentUrl":"https:\/\/hurghadalovers.com\/wp-content\/uploads\/2023\/09\/Private-El-Gouna-Excursions-to-Luxor-Aswan.jpeg","width":1536,"height":975,"caption":"Private El Gouna-Ausfl\u00fcge nach Luxor und Assuan Privater Ausfl\u00fcge Hurghada nach Luxor und Assuan Makadi Bay soma bay El Gouna Sahl Hasheesh"},{"@type":"BreadcrumbList","@id":"https:\/\/hurghadalovers.com\/de\/tours\/privat-soma-bucht-ausfluge-nach-luxor-aswan-2-tage\/#breadcrumb","itemListElement":[{"@type":"ListItem","position":1,"name":"Home","item":"https:\/\/hurghadalovers.com\/de\/"},{"@type":"ListItem","position":2,"name":"Shop","item":"https:\/\/hurghadalovers.com\/shop\/"},{"@type":"ListItem","position":3,"name":"Privater Ausfl\u00fcge Soma bay nach Luxor und Assuan \u2013 2 Tage"}]},{"@type":"WebSite","@id":"https:\/\/hurghadalovers.com\/de\/#website","url":"https:\/\/hurghadalovers.com\/de\/","name":"Hurghada Excursions & Day Trips | Booking Best Prices Tours","description":"Hurghada Lovers - Best Tour Operator - Excursions &amp; Things to do for Family Day Trips with kids and Couples Romantic. Unique .Hidden gems","publisher":{"@id":"https:\/\/hurghadalovers.com\/de\/#organization"},"alternateName":"Hurghada Excursions","potentialAction":[{"@type":"SearchAction","target":{"@type":"EntryPoint","urlTemplate":"https:\/\/hurghadalovers.com\/de\/?s={search_term_string}"},"query-input":{"@type":"PropertyValueSpecification","valueRequired":true,"valueName":"search_term_string"}}],"inLanguage":"de-DE"},{"@type":["Organization","Place","TravelAgency"],"@id":"https:\/\/hurghadalovers.com\/de\/#organization","name":"Hurghada Excursions","url":"https:\/\/hurghadalovers.com\/de\/","logo":{"@id":"https:\/\/hurghadalovers.com\/de\/tours\/privat-soma-bucht-ausfluge-nach-luxor-aswan-2-tage\/#local-main-organization-logo"},"image":{"@id":"https:\/\/hurghadalovers.com\/de\/tours\/privat-soma-bucht-ausfluge-nach-luxor-aswan-2-tage\/#local-main-organization-logo"},"sameAs":["https:\/\/www.facebook.com\/Hurghadaloversegypt"],"address":{"@id":"https:\/\/hurghadalovers.com\/de\/tours\/privat-soma-bucht-ausfluge-nach-luxor-aswan-2-tage\/#local-main-place-address"},"telephone":["00201112596434"],"contactPoint":{"@type":"ContactPoint","telephone":"00201112596434","email":"weyouface@gmail.com"},"openingHoursSpecification":{"@type":"OpeningHoursSpecification","dayOfWeek":["Monday","Tuesday","Wednesday","Thursday","Friday","Saturday","Sunday"],"opens":"00:00","closes":"23:59"},"email":"weyouface@gmail.com","areaServed":"Luxor, Hurghada, El Gouna, Aswan, Sharm El Sheikh, Giza, Alexandria, Marsa Alam, Quseir, Soma Bay, Sahl Hasheesh, Red Sea, Makadi Bay, Cairo","priceRange":"$","currenciesAccepted":"euro","paymentAccepted":"cash on site"},{"@type":"PostalAddress","@id":"https:\/\/hurghadalovers.com\/de\/tours\/privat-soma-bucht-ausfluge-nach-luxor-aswan-2-tage\/#local-main-place-address","streetAddress":"17 Banks street, Alkawther area, top nbk bank","addressLocality":"hurghada","postalCode":"84511","addressRegion":"red sea","addressCountry":"EG"},{"@type":"ImageObject","inLanguage":"de-DE","@id":"https:\/\/hurghadalovers.com\/de\/tours\/privat-soma-bucht-ausfluge-nach-luxor-aswan-2-tage\/#local-main-organization-logo","url":"https:\/\/hurghadalovers.com\/wp-content\/uploads\/2019\/10\/hurghada-excursions-logo.png","contentUrl":"https:\/\/hurghadalovers.com\/wp-content\/uploads\/2019\/10\/hurghada-excursions-logo.png","width":272,"height":90,"caption":"Hurghada Excursions"}]},"product_brand":"Luxor Tagesausfl\u00fcge von Soma bay","product_price_amount":"400","product_price_currency":"EUR","og_availability":"instock","product_availability":"instock","product_retailer_item_id":"PrivateSoma022024","product_condition":"new","geo.placename":"hurghada","geo.region":"Egypt"},"_links":{"self":[{"href":"https:\/\/hurghadalovers.com\/de\/wp-json\/wp\/v2\/product\/383873","targetHints":{"allow":["GET"]}}],"collection":[{"href":"https:\/\/hurghadalovers.com\/de\/wp-json\/wp\/v2\/product"}],"about":[{"href":"https:\/\/hurghadalovers.com\/de\/wp-json\/wp\/v2\/types\/product"}],"wp:featuredmedia":[{"embeddable":true,"href":"https:\/\/hurghadalovers.com\/de\/wp-json\/wp\/v2\/media\/394741"}],"wp:attachment":[{"href":"https:\/\/hurghadalovers.com\/de\/wp-json\/wp\/v2\/media?parent=383873"}],"wp:term":[{"taxonomy":"product_brand","embeddable":true,"href":"https:\/\/hurghadalovers.com\/de\/wp-json\/wp\/v2\/product_brand?post=383873"},{"taxonomy":"product_cat","embeddable":true,"href":"https:\/\/hurghadalovers.com\/de\/wp-json\/wp\/v2\/product_cat?post=383873"},{"taxonomy":"product_tag","embeddable":true,"href":"https:\/\/hurghadalovers.com\/de\/wp-json\/wp\/v2\/product_tag?post=383873"}],"curies":[{"name":"wp","href":"https:\/\/api.w.org\/{rel}","templated":true}]}}