{"id":383682,"date":"2023-08-26T12:10:18","date_gmt":"2023-08-26T15:14:08","guid":{"rendered":"https:\/\/hurghadalovers.com\/shop\/unkategorisiert\/private-kairo-tour-von-soma-bucht-zu-besuchen-gizeh-pyramiden-sphinx-saqqara-dahshur\/"},"modified":"2026-02-09T07:46:56","modified_gmt":"2026-02-09T07:46:56","slug":"privat-kairo-tour-von-der-soma-bucht-zur-besichtigung-der-giza-pyramiden","status":"publish","type":"product","link":"https:\/\/hurghadalovers.com\/de\/tours\/privat-kairo-tour-von-der-soma-bucht-zur-besichtigung-der-giza-pyramiden\/","title":{"rendered":"Privater Ausflug Pyramiden \u00c4gypten Soma bay nach Sphinx, Sakkara und Dahschur"},"content":{"rendered":"<p><strong>Privater Ausflug Pyramiden \u00c4gypten Soma bay<\/strong> nach Sphinx, Sakkara und Dahschur mit privatem F\u00fchrer, Tickets und Mittagessen.<\/p>\n<p>Entdecken Sie die Geschichte der alt\u00e4gyptischen Zivilisation, die Geheimnisse der Pharaonen der vierten Dynastie und wie die Pyramiden erbaut wurden auf einer einzigartigen und unterhaltsamen Tagestour mit uns.<\/p>\n<p style=\"text-align: center;\">\u00a0Entdecken Sie die Geheimnisse der <a href=\"https:\/\/hurghadalovers.com\/de\/pharaonen-koenige-aegypten\/\"><strong>Pharaonen<\/strong><\/a> im alten \u00c4gypten.<\/p>\n<p><strong>H\u00f6hepunkte:<\/strong><\/p>\n<ul>\n<li>Besuchen Sie die <a href=\"https:\/\/hurghadalovers.com\/de\/pyramiden-von-gizeh-kairo\/\">Pyramiden von Gizeh<\/a>.<\/li>\n<li>Besuchen Sie die <a href=\"https:\/\/hurghadalovers.com\/de\/grosse-sphinx-gizeh-kairo-aegypten\/\">Gro\u00dfe Sphinx<\/a>.<\/li>\n<li>Besuchen Sie Saqqara <a href=\"https:\/\/hurghadalovers.com\/de\/djoser-pyramide-sakkara-kairo-aegypten\/\">Djoser-Pyramide<\/a>.<\/li>\n<li>Besuchen Sie Dahshur.<\/li>\n<li>Mittagessen im Restaurant.<\/li>\n<\/ul>\n<p><strong>Einzelheiten:<\/strong><\/p>\n<ul>\n<li>Verf\u00fcgbarkeit der Tour: Jeden Tag.<\/li>\n<li>Art der Tour: Privat mit Auto oder Minivan.<\/li>\n<li>Abholzeit: Ab 01:00 Uhr nachts.<\/li>\n<li>Asking Hotel erhalten Sie Ihr Fr\u00fchst\u00fcck Tasche mit Ihnen Morgen.<\/li>\n<li>Abholzeit: 22:30 Uhr.<\/li>\n<li>F\u00fcr Rollstuhlfahrer zug\u00e4nglich.<\/li>\n<li>Dauer: 22 Stunden<\/li>\n<\/ul>\n<p><strong>Jetzt reservieren und sp\u00e4ter bezahlen:<\/strong><\/p>\n<ul>\n<li>Bargeld vor Ort zu f\u00fchren.<\/li>\n<li>Zahlung in \u00e4gyptischen Pfund, $, \u20ac oder \u00a3.<\/li>\n<\/ul>\n<p><strong>Stornierungsbedingungen:<\/strong><\/p>\n<ul>\n<li>Sie k\u00f6nnen bis zu 24 Stunden im Voraus stornieren.<\/li>\n<li>Wenn jemand aus Ihrer Familie den Vormittag absagt, zahlen Sie 50 % der Kosten.<\/li>\n<\/ul>\n<p><strong>Was ist Privater Ausflug Pyramiden \u00c4gypten Soma bay<\/strong>\u00a0<strong>Enthalten?<\/strong><\/p>\n<ul>\n<li>Transfer von Soma Bay Hotels &#8220;Hotel abholen und zur\u00fcckbringen&#8221;.<\/li>\n<li>Alle Steuern, Eintrittsgelder und Bearbeitungsgeb\u00fchren.<\/li>\n<li>Reiseleiter.<\/li>\n<li>Mittagessen im Restaurant.<\/li>\n<\/ul>\n<p><strong>Ausnahmen?<\/strong><\/p>\n<ul>\n<li>Trinkgeld.<\/li>\n<li>Die Getr\u00e4nke.<\/li>\n<li>Feluccatour &#8220;Bootsfahrt&#8221; F\u00fcr 35 min= 10$.<\/li>\n<li>Pferdekutsche in der N\u00e4he der Pyramiden.<\/li>\n<li>Eintrittskarte f\u00fcr die Gro\u00dfe Pyramide des Cheops.<\/li>\n<li>Alle nicht erw\u00e4hnten Extras.<\/li>\n<\/ul>\n<p><strong>Preise:<\/strong><\/p>\n<ul>\n<li><strong>Preis f\u00fcr Erwachsene = <\/strong><strong>ab <\/strong><strong>160$ pro Person<\/strong>.<\/li>\n<li>Preis f\u00fcr Kinder &#8220;5-12\u2033= 50%.<\/li>\n<li>f\u00fcr Kinder &#8220;0-5\u2033= Kostenlos.<\/li>\n<\/ul>\n<p><strong>Bewertungen:<\/strong><\/p>\n<p>\u00fcberpr\u00fcfen Sie unsere Google Map Bewertungen als bester <a href=\"https:\/\/g.page\/r\/CUeYvkngP3wkEBM\/review\">Reiseveranstalter in Hurghada<\/a> online in <a href=\"https:\/\/hurghadalovers.com\/\">Hurghada<\/a> \u00c4gypten.<\/p>\n<p><strong>Reservierung:<\/strong><\/p>\n<p>Senden Sie Hotel + Zimmernummer + Fotop\u00e4sse an WhatsApp: <strong>+201112596434<\/strong><\/p>\n<p>Wenn Sie aus \u00c4gypten Buchen Sie jetzt online und best\u00e4tigen Sie bei der Ankunft Hotel.<\/p>\n<p><span style=\"color: #ff9900;\">\u2014\u2014\u2013 | \u2014\u2014\u2014\u2014\u2014- | \u2014\u2014\u2014-<\/span><\/p>\n<p><strong>Privatausflug nach Kairo von Soma Bay<\/strong><\/p>\n<ol start=\"3\">\n<li><strong>Privatsph\u00e4re:<\/strong> Wir stellen Ihnen ein modernes <strong>VIP-Auto<\/strong> f\u00fcr zwei Personen und einen <strong>Minivan f\u00fcr Familien<\/strong> und Gruppen von mehr als 3 Personen zur Verf\u00fcgung, unverwechselbare Modelle, die <strong>Komfort und Luxus<\/strong> auf dem Weg bieten.<\/li>\n<li><strong>FREIHEIT:<\/strong> Sie sind nicht gezwungen, die Gesch\u00e4fte und Basare zu besuchen oder mit der Felucca Ride auf dem Nil zu fahren und so viel Zeit zu verbringen, wie Sie in den <strong>t\u00e4glichen Busausfl\u00fcge von Kairo<\/strong> finden.<\/li>\n<li>Sie k\u00f6nnen das Reiseprogramm selbst planen und zusammenstellen und die Zeit an jedem Ort nach Belieben verl\u00e4ngern, da wir Ihnen einen professionellen und erfahrenen F\u00fchrer zur Verf\u00fcgung stellen, der Ihnen dient, Sie unterst\u00fctzt und auf alle Anfragen antwortet.<\/li>\n<\/ol>\n<p>pr\u00fcfen <a href=\"https:\/\/hurghadalovers.com\/de\/tour-category\/soma-bay-ausfluege\/\"><strong>Soma bay Ausfl\u00fcge<\/strong><\/a> &#8211; <a href=\"https:\/\/hurghadalovers.com\/de\/tour-category\/kairo-tagesausfluege-von-soma-bay\/\"><strong>Kairo Tagesausfl\u00fcge von Soma bay<\/strong><\/a>:<\/p>\n<ul>\n<li><a href=\"https:\/\/hurghadalovers.com\/de\/tours\/soma-bay-zu-pyramiden-tagesausflug-mit-dem-bus\/\">Tagesausflug von Soma bay zu den Pyramiden mit dem Bus<\/a><\/li>\n<li><a href=\"https:\/\/hurghadalovers.com\/de\/tours\/tagesausfluge-von-der-soma-bucht-zu-den-pyramiden-mit-dem-minivan\/\">Tagesausflug Von Soma bay Nach Kairo im Minivan<\/a><\/li>\n<li><a href=\"https:\/\/hurghadalovers.com\/de\/tours\/privat-tagesausflug-von-soma-bucht-nach-kairo\/\">Privater Ausflug nach Kairo von Soma bay<\/a><\/li>\n<li><a href=\"https:\/\/hurghadalovers.com\/de\/tours\/privat-soma-bay-taxi-transfers\/\">Privater Transfer von Soma bay<\/a><\/li>\n<li><a href=\"https:\/\/hurghadalovers.com\/de\/tours\/privat-kairo-alexandria-tour-ab-soma-bucht\/\">Privater Kairo und Alexandria von Soma bay<\/a> &#8211; 2 Tage<\/li>\n<li><a href=\"https:\/\/hurghadalovers.com\/de\/tours\/privat-tagesausflug-von-soma-bucht-nach-sakkara\/\">Privater Tagesausflug Soma bay Kairo<\/a> nach Sakkara Dahshur, Memphis, \u00c4gyptisches Museum<\/li>\n<li><a href=\"https:\/\/hurghadalovers.com\/de\/tours\/private-soma-bay-ausfluge-zu-pyramiden\/\">Privater Soma bay Pyramiden Ausflug<\/a> nach Pyramiden von Gizeh, El Rifai und der Sultan-Hassan-Moschee<\/li>\n<li><a href=\"https:\/\/hurghadalovers.com\/de\/tours\/privat-kairo-ubernachtungs-tour-ab-soma-bucht\/\">Privater Ausflug von Soma bay nach Kairo<\/a> &#8211; 2 Tage<\/li>\n<li><a href=\"https:\/\/hurghadalovers.com\/de\/tours\/privat-soma-bucht-zu-pyramiden-von-giza-saqqara-und-islamisches-kairo\/\">Privater Soma bay Pyramiden Tour<\/a> nach Sakkara, Sphinx und zum islamischen Kairo<\/li>\n<li><a href=\"https:\/\/hurghadalovers.com\/de\/tours\/privat-tagesausflug-zum-islamischen-kairo-von-soma-bay\/\">Privater Ausflug nach islamische Kairo Von Soma bay<\/a><\/li>\n<li><a href=\"https:\/\/hurghadalovers.com\/de\/tours\/privat-optisch-kairo-tagestour-ab-soma-bucht\/\">Privater Ausflug nach koptische Kairo Von Soma bay<\/a><\/li>\n<li><a href=\"https:\/\/hurghadalovers.com\/de\/tours\/private-tagesreise-von-soma-bucht-nach-kairo-luxor-2-tage\/\">Privater Ausflug von Soma bay nach Luxor und Kairo<\/a> &#8211; 2 Tage<\/li>\n<li>Privater Ausflug Pyramiden \u00c4gypten Soma bay nach Sphinx, Sakkara und Dahschur<\/li>\n<\/ul>\n","protected":false},"excerpt":{"rendered":"<p>Privater Ausflug Pyramiden \u00c4gypten Soma bay zu besuchen Gizeh Pyramiden, Sphinx, Saqqara &amp; Dahshur mit privatem F\u00fchrer, Tickets und Mittagessen. Entdecken Sie die Geschichte der alt\u00e4gyptischen Zivilisation&#8230;<\/p>\n","protected":false},"featured_media":393894,"template":"","meta":{"_joinchat":[]},"product_brand":[],"product_cat":[29817],"product_tag":[56124,49390,56006,56011,56133,56014,56002,56018,56129],"class_list":{"0":"post-383682","1":"product","2":"type-product","3":"status-publish","4":"has-post-thumbnail","6":"product_cat-touren","7":"product_tag-ausflugsziele-in-soma-bay","8":"product_tag-family-days-out-from-soma-bay","9":"product_tag-kairo-tagesausflug-von-soma-bay","10":"product_tag-pyramiden-von-der-soma-bucht-aus","11":"product_tag-romantische-aktivitaten-fur-paare-in-soma-bay","12":"product_tag-soma-bay-reise-nach-kairo","13":"product_tag-soma-bay-zu-den-pyramiden","14":"product_tag-tagesausflug-von-soma-bay-zu-den-pyramiden","15":"product_tag-tagestouren-von-soma-bay-aus","16":"tour_category-kairo-tagesausfluege-von-soma-bay","17":"tour_category-soma-bay-ausfluege","19":"first","20":"instock","21":"sale","22":"shipping-taxable","23":"purchasable","24":"product-type-tour"},"yoast_head":"<!-- This site is optimized with the Yoast SEO Premium plugin v26.9 (Yoast SEO v27.2) - https:\/\/yoast.com\/product\/yoast-seo-premium-wordpress\/ -->\n<title>Privater Ausflug Pyramiden \u00c4gypten Soma bay<\/title>\n<meta name=\"description\" content=\"Privater Ausflug Pyramiden \u00c4gypten Soma bay nach Sphinx, Sakkara und Dahschur mit privatem F\u00fchrer, Tickets und Mittagessen. Entdecken Sie die Geschichte.\" \/>\n<meta name=\"robots\" content=\"index, follow, max-snippet:-1, max-image-preview:large, max-video-preview:-1\" \/>\n<link rel=\"canonical\" href=\"https:\/\/hurghadalovers.com\/de\/tours\/privat-kairo-tour-von-der-soma-bucht-zur-besichtigung-der-giza-pyramiden\/\" \/>\n<meta property=\"og:locale\" content=\"de_DE\" \/>\n<meta property=\"og:type\" content=\"article\" \/>\n<meta property=\"og:title\" content=\"Privater Ausflug Pyramiden \u00c4gypten Soma bay nach Sphinx, Sakkara und Dahschur\" \/>\n<meta property=\"og:description\" content=\"Privater Ausflug Pyramiden \u00c4gypten Soma bay nach Sphinx, Sakkara und Dahschur mit privatem F\u00fchrer, Tickets und Mittagessen. Entdecken Sie die Geschichte.\" \/>\n<meta property=\"og:url\" content=\"https:\/\/hurghadalovers.com\/de\/tours\/privat-kairo-tour-von-der-soma-bucht-zur-besichtigung-der-giza-pyramiden\/\" \/>\n<meta property=\"og:site_name\" content=\"Hurghada Excursions &amp; Day Trips | Booking Best Prices Tours\" \/>\n<meta property=\"article:publisher\" content=\"https:\/\/www.facebook.com\/Hurghadaloversegypt\" \/>\n<meta property=\"article:modified_time\" content=\"2026-02-09T07:46:56+00:00\" \/>\n<meta property=\"og:image\" content=\"https:\/\/hurghadalovers.com\/wp-content\/uploads\/2023\/09\/Private-Cairo-Tour-from-El-Gouna-to-visit-Giza-Pyramids.jpeg\" \/>\n\t<meta property=\"og:image:width\" content=\"1536\" \/>\n\t<meta property=\"og:image:height\" content=\"829\" \/>\n\t<meta property=\"og:image:type\" content=\"image\/jpeg\" \/>\n<meta name=\"twitter:card\" content=\"summary_large_image\" \/>\n<meta name=\"twitter:label1\" content=\"Price\" \/>\n\t<meta name=\"twitter:data1\" content=\"&euro;&nbsp;160\" \/>\n\t<meta name=\"twitter:label2\" content=\"Availability\" \/>\n\t<meta name=\"twitter:data2\" content=\"In stock\" \/>\n<script type=\"application\/ld+json\" class=\"yoast-schema-graph\">{\"@context\":\"https:\/\/schema.org\",\"@graph\":[{\"@type\":[\"WebPage\",\"ItemPage\"],\"@id\":\"https:\/\/hurghadalovers.com\/de\/tours\/privat-kairo-tour-von-der-soma-bucht-zur-besichtigung-der-giza-pyramiden\/\",\"url\":\"https:\/\/hurghadalovers.com\/de\/tours\/privat-kairo-tour-von-der-soma-bucht-zur-besichtigung-der-giza-pyramiden\/\",\"name\":\"Privater Ausflug Pyramiden \u00c4gypten Soma bay\",\"isPartOf\":{\"@id\":\"https:\/\/hurghadalovers.com\/de\/#website\"},\"primaryImageOfPage\":{\"@id\":\"https:\/\/hurghadalovers.com\/de\/tours\/privat-kairo-tour-von-der-soma-bucht-zur-besichtigung-der-giza-pyramiden\/#primaryimage\"},\"image\":{\"@id\":\"https:\/\/hurghadalovers.com\/de\/tours\/privat-kairo-tour-von-der-soma-bucht-zur-besichtigung-der-giza-pyramiden\/#primaryimage\"},\"thumbnailUrl\":\"https:\/\/hurghadalovers.com\/wp-content\/uploads\/2023\/09\/Private-Cairo-Tour-from-El-Gouna-to-visit-Giza-Pyramids.jpeg\",\"datePublished\":\"2023-08-26T15:14:08+00:00\",\"dateModified\":\"2026-02-09T07:46:56+00:00\",\"description\":\"Privater Ausflug Pyramiden \u00c4gypten Soma bay nach Sphinx, Sakkara und Dahschur mit privatem F\u00fchrer, Tickets und Mittagessen. Entdecken Sie die Geschichte.\",\"breadcrumb\":{\"@id\":\"https:\/\/hurghadalovers.com\/de\/tours\/privat-kairo-tour-von-der-soma-bucht-zur-besichtigung-der-giza-pyramiden\/#breadcrumb\"},\"inLanguage\":\"de-DE\",\"potentialAction\":[{\"@type\":\"ReadAction\",\"target\":[\"https:\/\/hurghadalovers.com\/de\/tours\/privat-kairo-tour-von-der-soma-bucht-zur-besichtigung-der-giza-pyramiden\/\"]}]},{\"@type\":\"ImageObject\",\"inLanguage\":\"de-DE\",\"@id\":\"https:\/\/hurghadalovers.com\/de\/tours\/privat-kairo-tour-von-der-soma-bucht-zur-besichtigung-der-giza-pyramiden\/#primaryimage\",\"url\":\"https:\/\/hurghadalovers.com\/wp-content\/uploads\/2023\/09\/Private-Cairo-Tour-from-El-Gouna-to-visit-Giza-Pyramids.jpeg\",\"contentUrl\":\"https:\/\/hurghadalovers.com\/wp-content\/uploads\/2023\/09\/Private-Cairo-Tour-from-El-Gouna-to-visit-Giza-Pyramids.jpeg\",\"width\":1536,\"height\":829,\"caption\":\"Private Kairo-Tour von El Gouna zu den Pyramiden von Gizeh\"},{\"@type\":\"BreadcrumbList\",\"@id\":\"https:\/\/hurghadalovers.com\/de\/tours\/privat-kairo-tour-von-der-soma-bucht-zur-besichtigung-der-giza-pyramiden\/#breadcrumb\",\"itemListElement\":[{\"@type\":\"ListItem\",\"position\":1,\"name\":\"Home\",\"item\":\"https:\/\/hurghadalovers.com\/de\/\"},{\"@type\":\"ListItem\",\"position\":2,\"name\":\"Shop\",\"item\":\"https:\/\/hurghadalovers.com\/shop\/\"},{\"@type\":\"ListItem\",\"position\":3,\"name\":\"Privater Ausflug Pyramiden \u00c4gypten Soma bay nach Sphinx, Sakkara und Dahschur\"}]},{\"@type\":\"WebSite\",\"@id\":\"https:\/\/hurghadalovers.com\/de\/#website\",\"url\":\"https:\/\/hurghadalovers.com\/de\/\",\"name\":\"Hurghada Excursions & Day Trips | Booking Best Prices Tours\",\"description\":\"Hurghada Lovers - Best Tour Operator - Excursions &amp; Things to do for Family Day Trips with kids and Couples Romantic. Unique .Hidden gems\",\"publisher\":{\"@id\":\"https:\/\/hurghadalovers.com\/de\/#organization\"},\"alternateName\":\"Hurghada Excursions\",\"potentialAction\":[{\"@type\":\"SearchAction\",\"target\":{\"@type\":\"EntryPoint\",\"urlTemplate\":\"https:\/\/hurghadalovers.com\/de\/?s={search_term_string}\"},\"query-input\":{\"@type\":\"PropertyValueSpecification\",\"valueRequired\":true,\"valueName\":\"search_term_string\"}}],\"inLanguage\":\"de-DE\"},{\"@type\":[\"Organization\",\"Place\",\"TravelAgency\"],\"@id\":\"https:\/\/hurghadalovers.com\/de\/#organization\",\"name\":\"Hurghada Excursions\",\"url\":\"https:\/\/hurghadalovers.com\/de\/\",\"logo\":{\"@id\":\"https:\/\/hurghadalovers.com\/de\/tours\/privat-kairo-tour-von-der-soma-bucht-zur-besichtigung-der-giza-pyramiden\/#local-main-organization-logo\"},\"image\":{\"@id\":\"https:\/\/hurghadalovers.com\/de\/tours\/privat-kairo-tour-von-der-soma-bucht-zur-besichtigung-der-giza-pyramiden\/#local-main-organization-logo\"},\"sameAs\":[\"https:\/\/www.facebook.com\/Hurghadaloversegypt\"],\"address\":{\"@id\":\"https:\/\/hurghadalovers.com\/de\/tours\/privat-kairo-tour-von-der-soma-bucht-zur-besichtigung-der-giza-pyramiden\/#local-main-place-address\"},\"telephone\":[\"00201112596434\"],\"contactPoint\":{\"@type\":\"ContactPoint\",\"telephone\":\"00201112596434\",\"email\":\"weyouface@gmail.com\"},\"openingHoursSpecification\":{\"@type\":\"OpeningHoursSpecification\",\"dayOfWeek\":[\"Monday\",\"Tuesday\",\"Wednesday\",\"Thursday\",\"Friday\",\"Saturday\",\"Sunday\"],\"opens\":\"00:00\",\"closes\":\"23:59\"},\"email\":\"weyouface@gmail.com\",\"areaServed\":\"Luxor, Hurghada, El Gouna, Aswan, Sharm El Sheikh, Giza, Alexandria, Marsa Alam, Quseir, Soma Bay, Sahl Hasheesh, Red Sea, Makadi Bay, Cairo\",\"priceRange\":\"$\",\"currenciesAccepted\":\"euro\",\"paymentAccepted\":\"cash on site\"},{\"@type\":\"PostalAddress\",\"@id\":\"https:\/\/hurghadalovers.com\/de\/tours\/privat-kairo-tour-von-der-soma-bucht-zur-besichtigung-der-giza-pyramiden\/#local-main-place-address\",\"streetAddress\":\"17 Banks street, Alkawther area, top nbk bank\",\"addressLocality\":\"hurghada\",\"postalCode\":\"84511\",\"addressRegion\":\"red sea\",\"addressCountry\":\"EG\"},{\"@type\":\"ImageObject\",\"inLanguage\":\"de-DE\",\"@id\":\"https:\/\/hurghadalovers.com\/de\/tours\/privat-kairo-tour-von-der-soma-bucht-zur-besichtigung-der-giza-pyramiden\/#local-main-organization-logo\",\"url\":\"https:\/\/hurghadalovers.com\/wp-content\/uploads\/2019\/10\/hurghada-excursions-logo.png\",\"contentUrl\":\"https:\/\/hurghadalovers.com\/wp-content\/uploads\/2019\/10\/hurghada-excursions-logo.png\",\"width\":272,\"height\":90,\"caption\":\"Hurghada Excursions\"}]}<\/script>\n<meta property=\"product:brand\" content=\"Kairo Tagesausfl\u00fcge von Soma bay\" \/>\n<meta property=\"product:price:amount\" content=\"160\" \/>\n<meta property=\"product:price:currency\" content=\"EUR\" \/>\n<meta property=\"og:availability\" content=\"instock\" \/>\n<meta property=\"product:availability\" content=\"instock\" \/>\n<meta property=\"product:retailer_item_id\" content=\"Somabay162024\" \/>\n<meta property=\"product:condition\" content=\"new\" \/>\n<meta name=\"geo.placename\" content=\"hurghada\" \/>\n<meta name=\"geo.region\" content=\"Egypt\" \/>\n<!-- \/ Yoast SEO Premium plugin. -->","yoast_head_json":{"title":"Privater Ausflug Pyramiden \u00c4gypten Soma bay","description":"Privater Ausflug Pyramiden \u00c4gypten Soma bay nach Sphinx, Sakkara und Dahschur mit privatem F\u00fchrer, Tickets und Mittagessen. Entdecken Sie die Geschichte.","robots":{"index":"index","follow":"follow","max-snippet":"max-snippet:-1","max-image-preview":"max-image-preview:large","max-video-preview":"max-video-preview:-1"},"canonical":"https:\/\/hurghadalovers.com\/de\/tours\/privat-kairo-tour-von-der-soma-bucht-zur-besichtigung-der-giza-pyramiden\/","og_locale":"de_DE","og_type":"article","og_title":"Privater Ausflug Pyramiden \u00c4gypten Soma bay nach Sphinx, Sakkara und Dahschur","og_description":"Privater Ausflug Pyramiden \u00c4gypten Soma bay nach Sphinx, Sakkara und Dahschur mit privatem F\u00fchrer, Tickets und Mittagessen. Entdecken Sie die Geschichte.","og_url":"https:\/\/hurghadalovers.com\/de\/tours\/privat-kairo-tour-von-der-soma-bucht-zur-besichtigung-der-giza-pyramiden\/","og_site_name":"Hurghada Excursions &amp; Day Trips | Booking Best Prices Tours","article_publisher":"https:\/\/www.facebook.com\/Hurghadaloversegypt","article_modified_time":"2026-02-09T07:46:56+00:00","og_image":[{"width":1536,"height":829,"url":"https:\/\/hurghadalovers.com\/wp-content\/uploads\/2023\/09\/Private-Cairo-Tour-from-El-Gouna-to-visit-Giza-Pyramids.jpeg","type":"image\/jpeg"}],"twitter_card":"summary_large_image","twitter_misc":{"Price":"&euro;&nbsp;160","Availability":"In stock"},"schema":{"@context":"https:\/\/schema.org","@graph":[{"@type":["WebPage","ItemPage"],"@id":"https:\/\/hurghadalovers.com\/de\/tours\/privat-kairo-tour-von-der-soma-bucht-zur-besichtigung-der-giza-pyramiden\/","url":"https:\/\/hurghadalovers.com\/de\/tours\/privat-kairo-tour-von-der-soma-bucht-zur-besichtigung-der-giza-pyramiden\/","name":"Privater Ausflug Pyramiden \u00c4gypten Soma bay","isPartOf":{"@id":"https:\/\/hurghadalovers.com\/de\/#website"},"primaryImageOfPage":{"@id":"https:\/\/hurghadalovers.com\/de\/tours\/privat-kairo-tour-von-der-soma-bucht-zur-besichtigung-der-giza-pyramiden\/#primaryimage"},"image":{"@id":"https:\/\/hurghadalovers.com\/de\/tours\/privat-kairo-tour-von-der-soma-bucht-zur-besichtigung-der-giza-pyramiden\/#primaryimage"},"thumbnailUrl":"https:\/\/hurghadalovers.com\/wp-content\/uploads\/2023\/09\/Private-Cairo-Tour-from-El-Gouna-to-visit-Giza-Pyramids.jpeg","datePublished":"2023-08-26T15:14:08+00:00","dateModified":"2026-02-09T07:46:56+00:00","description":"Privater Ausflug Pyramiden \u00c4gypten Soma bay nach Sphinx, Sakkara und Dahschur mit privatem F\u00fchrer, Tickets und Mittagessen. Entdecken Sie die Geschichte.","breadcrumb":{"@id":"https:\/\/hurghadalovers.com\/de\/tours\/privat-kairo-tour-von-der-soma-bucht-zur-besichtigung-der-giza-pyramiden\/#breadcrumb"},"inLanguage":"de-DE","potentialAction":[{"@type":"ReadAction","target":["https:\/\/hurghadalovers.com\/de\/tours\/privat-kairo-tour-von-der-soma-bucht-zur-besichtigung-der-giza-pyramiden\/"]}]},{"@type":"ImageObject","inLanguage":"de-DE","@id":"https:\/\/hurghadalovers.com\/de\/tours\/privat-kairo-tour-von-der-soma-bucht-zur-besichtigung-der-giza-pyramiden\/#primaryimage","url":"https:\/\/hurghadalovers.com\/wp-content\/uploads\/2023\/09\/Private-Cairo-Tour-from-El-Gouna-to-visit-Giza-Pyramids.jpeg","contentUrl":"https:\/\/hurghadalovers.com\/wp-content\/uploads\/2023\/09\/Private-Cairo-Tour-from-El-Gouna-to-visit-Giza-Pyramids.jpeg","width":1536,"height":829,"caption":"Private Kairo-Tour von El Gouna zu den Pyramiden von Gizeh"},{"@type":"BreadcrumbList","@id":"https:\/\/hurghadalovers.com\/de\/tours\/privat-kairo-tour-von-der-soma-bucht-zur-besichtigung-der-giza-pyramiden\/#breadcrumb","itemListElement":[{"@type":"ListItem","position":1,"name":"Home","item":"https:\/\/hurghadalovers.com\/de\/"},{"@type":"ListItem","position":2,"name":"Shop","item":"https:\/\/hurghadalovers.com\/shop\/"},{"@type":"ListItem","position":3,"name":"Privater Ausflug Pyramiden \u00c4gypten Soma bay nach Sphinx, Sakkara und Dahschur"}]},{"@type":"WebSite","@id":"https:\/\/hurghadalovers.com\/de\/#website","url":"https:\/\/hurghadalovers.com\/de\/","name":"Hurghada Excursions & Day Trips | Booking Best Prices Tours","description":"Hurghada Lovers - Best Tour Operator - Excursions &amp; Things to do for Family Day Trips with kids and Couples Romantic. Unique .Hidden gems","publisher":{"@id":"https:\/\/hurghadalovers.com\/de\/#organization"},"alternateName":"Hurghada Excursions","potentialAction":[{"@type":"SearchAction","target":{"@type":"EntryPoint","urlTemplate":"https:\/\/hurghadalovers.com\/de\/?s={search_term_string}"},"query-input":{"@type":"PropertyValueSpecification","valueRequired":true,"valueName":"search_term_string"}}],"inLanguage":"de-DE"},{"@type":["Organization","Place","TravelAgency"],"@id":"https:\/\/hurghadalovers.com\/de\/#organization","name":"Hurghada Excursions","url":"https:\/\/hurghadalovers.com\/de\/","logo":{"@id":"https:\/\/hurghadalovers.com\/de\/tours\/privat-kairo-tour-von-der-soma-bucht-zur-besichtigung-der-giza-pyramiden\/#local-main-organization-logo"},"image":{"@id":"https:\/\/hurghadalovers.com\/de\/tours\/privat-kairo-tour-von-der-soma-bucht-zur-besichtigung-der-giza-pyramiden\/#local-main-organization-logo"},"sameAs":["https:\/\/www.facebook.com\/Hurghadaloversegypt"],"address":{"@id":"https:\/\/hurghadalovers.com\/de\/tours\/privat-kairo-tour-von-der-soma-bucht-zur-besichtigung-der-giza-pyramiden\/#local-main-place-address"},"telephone":["00201112596434"],"contactPoint":{"@type":"ContactPoint","telephone":"00201112596434","email":"weyouface@gmail.com"},"openingHoursSpecification":{"@type":"OpeningHoursSpecification","dayOfWeek":["Monday","Tuesday","Wednesday","Thursday","Friday","Saturday","Sunday"],"opens":"00:00","closes":"23:59"},"email":"weyouface@gmail.com","areaServed":"Luxor, Hurghada, El Gouna, Aswan, Sharm El Sheikh, Giza, Alexandria, Marsa Alam, Quseir, Soma Bay, Sahl Hasheesh, Red Sea, Makadi Bay, Cairo","priceRange":"$","currenciesAccepted":"euro","paymentAccepted":"cash on site"},{"@type":"PostalAddress","@id":"https:\/\/hurghadalovers.com\/de\/tours\/privat-kairo-tour-von-der-soma-bucht-zur-besichtigung-der-giza-pyramiden\/#local-main-place-address","streetAddress":"17 Banks street, Alkawther area, top nbk bank","addressLocality":"hurghada","postalCode":"84511","addressRegion":"red sea","addressCountry":"EG"},{"@type":"ImageObject","inLanguage":"de-DE","@id":"https:\/\/hurghadalovers.com\/de\/tours\/privat-kairo-tour-von-der-soma-bucht-zur-besichtigung-der-giza-pyramiden\/#local-main-organization-logo","url":"https:\/\/hurghadalovers.com\/wp-content\/uploads\/2019\/10\/hurghada-excursions-logo.png","contentUrl":"https:\/\/hurghadalovers.com\/wp-content\/uploads\/2019\/10\/hurghada-excursions-logo.png","width":272,"height":90,"caption":"Hurghada Excursions"}]},"product_brand":"Kairo Tagesausfl\u00fcge von Soma bay","product_price_amount":"160","product_price_currency":"EUR","og_availability":"instock","product_availability":"instock","product_retailer_item_id":"Somabay162024","product_condition":"new","geo.placename":"hurghada","geo.region":"Egypt"},"_links":{"self":[{"href":"https:\/\/hurghadalovers.com\/de\/wp-json\/wp\/v2\/product\/383682","targetHints":{"allow":["GET"]}}],"collection":[{"href":"https:\/\/hurghadalovers.com\/de\/wp-json\/wp\/v2\/product"}],"about":[{"href":"https:\/\/hurghadalovers.com\/de\/wp-json\/wp\/v2\/types\/product"}],"wp:featuredmedia":[{"embeddable":true,"href":"https:\/\/hurghadalovers.com\/de\/wp-json\/wp\/v2\/media\/393894"}],"wp:attachment":[{"href":"https:\/\/hurghadalovers.com\/de\/wp-json\/wp\/v2\/media?parent=383682"}],"wp:term":[{"taxonomy":"product_brand","embeddable":true,"href":"https:\/\/hurghadalovers.com\/de\/wp-json\/wp\/v2\/product_brand?post=383682"},{"taxonomy":"product_cat","embeddable":true,"href":"https:\/\/hurghadalovers.com\/de\/wp-json\/wp\/v2\/product_cat?post=383682"},{"taxonomy":"product_tag","embeddable":true,"href":"https:\/\/hurghadalovers.com\/de\/wp-json\/wp\/v2\/product_tag?post=383682"}],"curies":[{"name":"wp","href":"https:\/\/api.w.org\/{rel}","templated":true}]}}