{"id":383650,"date":"2023-08-26T11:55:37","date_gmt":"2023-08-26T12:07:58","guid":{"rendered":"https:\/\/hurghadalovers.com\/shop\/unkategorisiert\/privater-tagesausflug-von-der-soma-bucht-nach-kairo-luxor-2-tage\/"},"modified":"2026-02-09T12:53:06","modified_gmt":"2026-02-09T12:53:06","slug":"private-tagesreise-von-soma-bucht-nach-kairo-luxor-2-tage","status":"publish","type":"product","link":"https:\/\/hurghadalovers.com\/de\/tours\/private-tagesreise-von-soma-bucht-nach-kairo-luxor-2-tage\/","title":{"rendered":"Privater Ausflug von Soma bay nach Luxor und Kairo &#8211; 2 Tage"},"content":{"rendered":"<p><strong>Privater Ausflug von Soma bay nach Luxor und Kairo<\/strong> &#8211; 2 Tage mit privatem Reisef\u00fchrer, Tickets und Mittagessen.<\/p>\n<p>Eine einzigartige Tour, um die Geheimnisse und die Geschichte des Baus der <strong>Pyramiden<\/strong> und der Gro\u00dfen <strong>Sphinx<\/strong> zu entdecken und die Fakten \u00fcber die Tempel und K\u00f6nigsgr\u00e4ber in <strong>Luxor<\/strong> auf einer zweit\u00e4gigen Tour zu erfahren, die alles beinhaltet.<\/p>\n<p><strong>Erleben Sie, was Luxor von <\/strong><strong>Soma bay<\/strong><strong> aus zu bieten hat<\/strong><\/p>\n<p>Luxor ist eine der \u00e4ltesten St\u00e4dte der Erde und liegt direkt gegen\u00fcber dem \u00f6stlichen Ufer des Nils. Dort k\u00f6nnen Sie viele au\u00dfergew\u00f6hnliche St\u00e4tten genie\u00dfen, eine davon ist Karnak, es ist der gr\u00f6\u00dfte und beeindruckendste Tempelkomplex der Welt, der nicht nur Tempel, sondern auch Kapellen und Pylone umfasst.<\/p>\n<p>Ebenfalls im Westen der Stadt liegt das Tal der K\u00f6nige, das ein gro\u00dfartiger Zeuge der alt\u00e4gyptischen Wunderkunst ist. Es besteht aus etwa 70 Gr\u00e4bern. In der N\u00e4he des Tals unter den Klippen von Deir El Bahari steht der gro\u00dfe Tempel der Hatschepsut.<\/p>\n<p>Wenn Sie an weiteren Informationen interessiert sind, sehen Sie sich unsere Tagestour nach Luxor von Soma bay an und buchen Sie Ihre Tour.<\/p>\n<p><strong>Zweit\u00e4gige Tour nach Kairo und Luxor<\/strong><\/p>\n<p>Stellen Sie sich vor, was Sie in zwei Tagen tun k\u00f6nnen? Wir k\u00f6nnen Ihnen dabei behilflich sein und bieten einen Besuch in zwei gro\u00dfen antiken St\u00e4tten auf der Anlage Kairo und Luxor an.<\/p>\n<p>Kairo ist eine gro\u00dfe, \u00fcberf\u00fcllte Stadt mit gemischten Kulturen, die viele Denkm\u00e4ler, Museen und Tempel beherbergt und den atemberaubenden Anblick der Pyramiden und der Sphinx genie\u00dft. 600 km s\u00fcdlich von Kairo liegt die bezaubernde Stadt Luxor, dort k\u00f6nnen Sie viele Pharos-Tempel und Denkm\u00e4ler finden und den Nil in einem Kreuzfahrtschiff genie\u00dfen.<\/p>\n<p>Weitere Einzelheiten zu diesem Erlebnis finden Sie auf unserer zweit\u00e4gigen Tour von Soma bay nach Kairo und Luxor.<\/p>\n<p><strong>H\u00f6hepunkte:<\/strong><\/p>\n<ul>\n<li><a href=\"https:\/\/hurghadalovers.com\/de\/pyramiden-von-gizeh-kairo\/\">Pyramiden von Gizeh<\/a>.<\/li>\n<li><a href=\"https:\/\/hurghadalovers.com\/de\/grosse-sphinx-gizeh-kairo-aegypten\/\">Gro\u00dfe Sphinx<\/a>.<\/li>\n<li>Tal-Tempel.<\/li>\n<li>Der alte Basar.<\/li>\n<li>\u00c4gyptisches Museum.<\/li>\n<li><a href=\"https:\/\/hurghadalovers.com\/de\/karnak-tempel-luxor-aegypten\/\">Karnak-Tempel<\/a>.<\/li>\n<li><a href=\"https:\/\/hurghadalovers.com\/de\/die-kolosse-von-memnon-luxor\/\">Die Kolosse von Memnon<\/a>.<\/li>\n<li><a href=\"https:\/\/hurghadalovers.com\/de\/totentempel-der-hatschepsut-luxor\/\">Totentempel der Hatschepsut<\/a>.<\/li>\n<li>3 Gr\u00e4ber im <a href=\"https:\/\/hurghadalovers.com\/de\/tal-der-koenige-luxor-aegypten\/\"><strong>Tal der K\u00f6nige<\/strong><\/a>.<\/li>\n<li>Mittagessen im Restaurant.<\/li>\n<\/ul>\n<p><strong>Privater Ausflug von Soma bay nach Luxor und Kairo<\/strong> <strong>Einzelheiten:<\/strong><\/p>\n<ul>\n<li>Verf\u00fcgbarkeit der Tour: Jeden Tag.<\/li>\n<li>Art der Tour: Privat mit Auto oder Minivan.<\/li>\n<li>Abholzeit: Ab 01:00 Uhr nachts.<\/li>\n<li>Asking Hotel erhalten Sie Ihr Fr\u00fchst\u00fcck Tasche mit Ihnen Morgen.<\/li>\n<li>Abholzeit: 19:30 Uhr.<\/li>\n<li>F\u00fcr Rollstuhlfahrer zug\u00e4nglich.<\/li>\n<li>Dauer: 2 Tage und 1 Nacht.<\/li>\n<\/ul>\n<p><strong>Jetzt reservieren und sp\u00e4ter bezahlen:<\/strong><\/p>\n<ul>\n<li>Bargeld vor Ort zu f\u00fchren.<\/li>\n<li>Zahlung in \u00e4gyptischen Pfund, $, \u20ac oder \u00a3.<\/li>\n<\/ul>\n<p><strong>Stornierungsbedingungen:<\/strong><\/p>\n<ul>\n<li>Sie k\u00f6nnen bis zu 24 Stunden im Voraus stornieren.<\/li>\n<li>Wenn jemand aus Ihrer Familie den Vormittag absagt, zahlen Sie 50 % der Kosten.<\/li>\n<\/ul>\n<p><strong>Was ist ein Privater Ausflug von Soma bay nach Luxor und Kairo<\/strong>\u00a0<strong>Enthalten?<\/strong><\/p>\n<ul>\n<li>Transfer von Soma Bay Hotels &#8220;Hotel abholen und zur\u00fcckbringen&#8221;.<\/li>\n<li>Alle Steuern, Eintrittsgelder und Bearbeitungsgeb\u00fchren.<\/li>\n<li>Flugticket Kairo \/ Luxor.<\/li>\n<li>\u00dcberweisungen.<\/li>\n<li>Reiseleiter.<\/li>\n<li>Eine Nacht im Hotel in Luxor.<\/li>\n<li>Die Getr\u00e4nke.<\/li>\n<li>Mittagessen im Restaurant.<\/li>\n<\/ul>\n<p><strong>Ausnahmen?<\/strong><\/p>\n<ul>\n<li>Trinkgeld.<\/li>\n<li>Feluccatour &#8220;Bootsfahrt&#8221; F\u00fcr 35 min= 10$.<\/li>\n<li>Pferdekutsche in der N\u00e4he der Pyramiden.<\/li>\n<li>Eintrittskarte f\u00fcr die Gro\u00dfe Pyramide des Cheops.<\/li>\n<li>Alle nicht erw\u00e4hnten Extras.<\/li>\n<\/ul>\n<p><strong>Preise:<\/strong><\/p>\n<ul>\n<li><strong>Preis f\u00fcr Erwachsene = ab<\/strong><strong>520$ pro Person<\/strong>.<\/li>\n<li>Preis f\u00fcr Kinder &#8220;5-12\u2033= 50%.<\/li>\n<li>f\u00fcr Kinder &#8220;0-5\u2033= Kostenlos.<\/li>\n<\/ul>\n<p><strong>Bewertungen:<\/strong><\/p>\n<p>\u00fcberpr\u00fcfen Sie unsere Google Map Bewertungen als bester <a href=\"https:\/\/g.page\/r\/CUeYvkngP3wkEBM\/review\">Reiseveranstalter in Hurghada<\/a> online in <a href=\"https:\/\/hurghadalovers.com\/\">Hurghada<\/a> \u00c4gypten.<\/p>\n<p><strong>Reservierung:<\/strong><\/p>\n<p>Senden Sie Hotel + Zimmernummer + Fotop\u00e4sse an WhatsApp: <strong>+201112596434<\/strong><\/p>\n<p>Wenn Sie aus \u00c4gypten Buchen Sie jetzt online und best\u00e4tigen Sie bei der Ankunft Hotel.<\/p>\n<p><span style=\"color: #ff9900;\">\u2014\u2014\u2013 | \u2014\u2014\u2014\u2014\u2014- | \u2014\u2014\u2014-<\/span><\/p>\n<p><strong>H\u00e4ufig gestellte Fragen (FAQ):<\/strong><\/p>\n<ul>\n<li><strong>Der Kairo-Ausflug ab Soma Bay <\/strong>Hotels ist etwas erm\u00fcdend, bringen Sie also unbedingt ein Schlafkissen mit.<\/li>\n<li>Die Kosten f\u00fcr den Eintritt in die Badezimmer \u201eWC\u201c (Toilette) im Rasthaus, im \u00c4gyptischen Museum und in den Pyramiden = 10 \u00e4gyptische Pfund pro Person. Stellen Sie sicher, dass Sie eine \u00e4gyptische 10-Pfund-M\u00fcnze mitbringen.<\/li>\n<li>Kaufen Sie nicht bei Stra\u00dfenh\u00e4ndlern rund um die Pyramide. Alles, was Sie sagen m\u00fcssen, ist Danke, &#8220;da sie Ihnen pharaonische Statuen und Papyrus zu einem g\u00fcnstigen Preis, aber von sehr schlechter Qualit\u00e4t anbieten.&#8221;<\/li>\n<li>Fragen Sie Ihr Hotel in Soma Bay oder Safaga nach einem Fr\u00fchst\u00fcckspaket, das Sie morgens vor dem Flug von der Lobby mitnehmen k\u00f6nnen.<\/li>\n<li>Sie k\u00f6nnen mit Ihrem Handy oder Ihrer Kamera rund um die Pyramiden, die Sphinx und das Museum herum fotografieren, zus\u00e4tzlich zu den Touristenattraktionen, w\u00e4hrend Sie auf der Stra\u00dfe spazieren gehen.<\/li>\n<\/ul>\n<p>pr\u00fcfen <a href=\"https:\/\/hurghadalovers.com\/de\/tour-category\/soma-bay-ausfluege\/\"><strong>Soma bay Ausfl\u00fcge<\/strong><\/a> &#8211; <a href=\"https:\/\/hurghadalovers.com\/de\/tour-category\/kairo-tagesausfluege-von-soma-bay\/\"><strong>Kairo Tagesausfl\u00fcge von Soma bay<\/strong><\/a>:<\/p>\n<ul>\n<li><a href=\"https:\/\/hurghadalovers.com\/de\/tours\/soma-bay-zu-pyramiden-tagesausflug-mit-dem-bus\/\">Tagesausflug von Soma bay zu den Pyramiden mit dem Bus<\/a><\/li>\n<li><a href=\"https:\/\/hurghadalovers.com\/de\/tours\/tagesausfluge-von-der-soma-bucht-zu-den-pyramiden-mit-dem-minivan\/\">Tagesausflug Von Soma bay Nach Kairo im Minivan<\/a><\/li>\n<li><a href=\"https:\/\/hurghadalovers.com\/de\/tours\/privat-tagesausflug-von-soma-bucht-nach-kairo\/\">Privater Ausflug nach Kairo von Soma bay<\/a><\/li>\n<li><a href=\"https:\/\/hurghadalovers.com\/de\/tours\/privat-soma-bay-taxi-transfers\/\">Privater Transfer von Soma bay<\/a><\/li>\n<li><a href=\"https:\/\/hurghadalovers.com\/de\/tours\/privat-kairo-alexandria-tour-ab-soma-bucht\/\">Privater Kairo und Alexandria von Soma bay<\/a> &#8211; 2 Tage<\/li>\n<li><a href=\"https:\/\/hurghadalovers.com\/de\/tours\/privat-tagesausflug-von-soma-bucht-nach-sakkara\/\">Privater Tagesausflug Soma bay Kairo<\/a> nach Sakkara Dahshur, Memphis, \u00c4gyptisches Museum<\/li>\n<li><a href=\"https:\/\/hurghadalovers.com\/de\/tours\/private-soma-bay-ausfluge-zu-pyramiden\/\">Privater Soma bay Pyramiden Ausflug<\/a> nach Pyramiden von Gizeh, El Rifai und der Sultan-Hassan-Moschee<\/li>\n<li><a href=\"https:\/\/hurghadalovers.com\/de\/tours\/privat-kairo-ubernachtungs-tour-ab-soma-bucht\/\">Privater Ausflug von Soma bay nach Kairo<\/a> &#8211; 2 Tage<\/li>\n<li><a href=\"https:\/\/hurghadalovers.com\/de\/tours\/privat-soma-bucht-zu-pyramiden-von-giza-saqqara-und-islamisches-kairo\/\">Privater Soma bay Pyramiden Tour<\/a> nach Sakkara, Sphinx und zum islamischen Kairo<\/li>\n<li><a href=\"https:\/\/hurghadalovers.com\/de\/tours\/privat-tagesausflug-zum-islamischen-kairo-von-soma-bay\/\">Privater Ausflug nach islamische Kairo Von Soma bay<\/a><\/li>\n<li><a href=\"https:\/\/hurghadalovers.com\/de\/tours\/privat-optisch-kairo-tagestour-ab-soma-bucht\/\">Privater Ausflug nach koptische Kairo Von Soma bay<\/a><\/li>\n<li>Privater Ausflug von Soma bay nach Luxor und Kairo &#8211; 2 Tage<\/li>\n<li><a href=\"https:\/\/hurghadalovers.com\/de\/tours\/privat-kairo-tour-von-der-soma-bucht-zur-besichtigung-der-giza-pyramiden\/\">Privater Ausflug Pyramiden \u00c4gypten Soma bay<\/a> nach Sphinx, Sakkara und Dahschur<\/li>\n<\/ul>\n","protected":false},"excerpt":{"rendered":"<p>Privater Ausflug von Soma bay nach Luxor und Kairo &#8211; 2 Tage mit privatem F\u00fchrer, Tickets und Mittagessen. entdecken Sie die Geheimnisse und die Geschichte und mehr&#8230;<\/p>\n","protected":false},"featured_media":394167,"template":"","meta":{"_joinchat":[]},"product_brand":[],"product_cat":[29817],"product_tag":[55880,56124,55886,56062,51883,56006,56011,56133,55892,55898,56014,56002,56018,56129],"class_list":{"0":"post-383650","1":"product","2":"type-product","3":"status-publish","4":"has-post-thumbnail","6":"product_cat-touren","7":"product_tag-aktivitaten-fur-2-jahrige-von-soma-bay","8":"product_tag-ausflugsziele-in-soma-bay","9":"product_tag-familienfreundliche-aktivitaten-in-soma-bay","10":"product_tag-indoor-aktivitaten-fur-paare-soma-bay","11":"product_tag-kairo-private-touren","12":"product_tag-kairo-tagesausflug-von-soma-bay","13":"product_tag-pyramiden-von-der-soma-bucht-aus","14":"product_tag-romantische-aktivitaten-fur-paare-in-soma-bay","15":"product_tag-soma-bay-kinderfreundliche-touren","16":"product_tag-soma-bay-aktivitaten-fur-kinder","17":"product_tag-soma-bay-reise-nach-kairo","18":"product_tag-soma-bay-zu-den-pyramiden","19":"product_tag-tagesausflug-von-soma-bay-zu-den-pyramiden","20":"product_tag-tagestouren-von-soma-bay-aus","21":"tour_category-kairo-tagesausfluege-von-soma-bay","22":"tour_category-soma-bay-ausfluege","24":"first","25":"instock","26":"sale","27":"shipping-taxable","28":"purchasable","29":"product-type-tour"},"yoast_head":"<!-- This site is optimized with the Yoast SEO Premium plugin v26.9 (Yoast SEO v27.2) - https:\/\/yoast.com\/product\/yoast-seo-premium-wordpress\/ -->\n<title>Privater Ausflug von Soma bay nach Luxor und Kairo<\/title>\n<meta name=\"description\" content=\"Privater Ausflug von Soma bay nach Luxor und Kairo - 2 Tage mit privatem F\u00fchrer, Tickets und Mittagessen. entdecken Sie die Geheimnisse und die Geschichte\" \/>\n<meta name=\"robots\" content=\"index, follow, max-snippet:-1, max-image-preview:large, max-video-preview:-1\" \/>\n<link rel=\"canonical\" href=\"https:\/\/hurghadalovers.com\/de\/tours\/private-tagesreise-von-soma-bucht-nach-kairo-luxor-2-tage\/\" \/>\n<meta property=\"og:locale\" content=\"de_DE\" \/>\n<meta property=\"og:type\" content=\"article\" \/>\n<meta property=\"og:title\" content=\"Privater Ausflug von Soma bay nach Luxor und Kairo - 2 Tage\" \/>\n<meta property=\"og:description\" content=\"Privater Ausflug von Soma bay nach Luxor und Kairo - 2 Tage mit privatem F\u00fchrer, Tickets und Mittagessen. entdecken Sie die Geheimnisse und die Geschichte\" \/>\n<meta property=\"og:url\" content=\"https:\/\/hurghadalovers.com\/de\/tours\/private-tagesreise-von-soma-bucht-nach-kairo-luxor-2-tage\/\" \/>\n<meta property=\"og:site_name\" content=\"Hurghada Excursions &amp; Day Trips | Booking Best Prices Tours\" \/>\n<meta property=\"article:publisher\" content=\"https:\/\/www.facebook.com\/Hurghadaloversegypt\" \/>\n<meta property=\"article:modified_time\" content=\"2026-02-09T12:53:06+00:00\" \/>\n<meta property=\"og:image\" content=\"https:\/\/hurghadalovers.com\/wp-content\/uploads\/2023\/09\/Private-Day-Trip-from-El-Gouna-to-Cairo.jpeg\" \/>\n\t<meta property=\"og:image:width\" content=\"1500\" \/>\n\t<meta property=\"og:image:height\" content=\"404\" \/>\n\t<meta property=\"og:image:type\" content=\"image\/jpeg\" \/>\n<meta name=\"twitter:card\" content=\"summary_large_image\" \/>\n<meta name=\"twitter:label1\" content=\"Price\" \/>\n\t<meta name=\"twitter:data1\" content=\"&euro;&nbsp;520\" \/>\n\t<meta name=\"twitter:label2\" content=\"Availability\" \/>\n\t<meta name=\"twitter:data2\" content=\"In stock\" \/>\n<script type=\"application\/ld+json\" class=\"yoast-schema-graph\">{\"@context\":\"https:\/\/schema.org\",\"@graph\":[{\"@type\":[\"WebPage\",\"ItemPage\"],\"@id\":\"https:\/\/hurghadalovers.com\/de\/tours\/private-tagesreise-von-soma-bucht-nach-kairo-luxor-2-tage\/\",\"url\":\"https:\/\/hurghadalovers.com\/de\/tours\/private-tagesreise-von-soma-bucht-nach-kairo-luxor-2-tage\/\",\"name\":\"Privater Ausflug von Soma bay nach Luxor und Kairo\",\"isPartOf\":{\"@id\":\"https:\/\/hurghadalovers.com\/de\/#website\"},\"primaryImageOfPage\":{\"@id\":\"https:\/\/hurghadalovers.com\/de\/tours\/private-tagesreise-von-soma-bucht-nach-kairo-luxor-2-tage\/#primaryimage\"},\"image\":{\"@id\":\"https:\/\/hurghadalovers.com\/de\/tours\/private-tagesreise-von-soma-bucht-nach-kairo-luxor-2-tage\/#primaryimage\"},\"thumbnailUrl\":\"https:\/\/hurghadalovers.com\/wp-content\/uploads\/2023\/09\/Private-Day-Trip-from-El-Gouna-to-Cairo.jpeg\",\"datePublished\":\"2023-08-26T12:07:58+00:00\",\"dateModified\":\"2026-02-09T12:53:06+00:00\",\"description\":\"Privater Ausflug von Soma bay nach Luxor und Kairo - 2 Tage mit privatem F\u00fchrer, Tickets und Mittagessen. entdecken Sie die Geheimnisse und die Geschichte\",\"breadcrumb\":{\"@id\":\"https:\/\/hurghadalovers.com\/de\/tours\/private-tagesreise-von-soma-bucht-nach-kairo-luxor-2-tage\/#breadcrumb\"},\"inLanguage\":\"de-DE\",\"potentialAction\":[{\"@type\":\"ReadAction\",\"target\":[\"https:\/\/hurghadalovers.com\/de\/tours\/private-tagesreise-von-soma-bucht-nach-kairo-luxor-2-tage\/\"]}]},{\"@type\":\"ImageObject\",\"inLanguage\":\"de-DE\",\"@id\":\"https:\/\/hurghadalovers.com\/de\/tours\/private-tagesreise-von-soma-bucht-nach-kairo-luxor-2-tage\/#primaryimage\",\"url\":\"https:\/\/hurghadalovers.com\/wp-content\/uploads\/2023\/09\/Private-Day-Trip-from-El-Gouna-to-Cairo.jpeg\",\"contentUrl\":\"https:\/\/hurghadalovers.com\/wp-content\/uploads\/2023\/09\/Private-Day-Trip-from-El-Gouna-to-Cairo.jpeg\",\"width\":1500,\"height\":404,\"caption\":\"Privater Tagesausflug von El Gouna nach Kairo\"},{\"@type\":\"BreadcrumbList\",\"@id\":\"https:\/\/hurghadalovers.com\/de\/tours\/private-tagesreise-von-soma-bucht-nach-kairo-luxor-2-tage\/#breadcrumb\",\"itemListElement\":[{\"@type\":\"ListItem\",\"position\":1,\"name\":\"Home\",\"item\":\"https:\/\/hurghadalovers.com\/de\/\"},{\"@type\":\"ListItem\",\"position\":2,\"name\":\"Shop\",\"item\":\"https:\/\/hurghadalovers.com\/shop\/\"},{\"@type\":\"ListItem\",\"position\":3,\"name\":\"Privater Ausflug von Soma bay nach Luxor und Kairo &#8211; 2 Tage\"}]},{\"@type\":\"WebSite\",\"@id\":\"https:\/\/hurghadalovers.com\/de\/#website\",\"url\":\"https:\/\/hurghadalovers.com\/de\/\",\"name\":\"Hurghada Excursions & Day Trips | Booking Best Prices Tours\",\"description\":\"Hurghada Lovers - Best Tour Operator - Excursions &amp; Things to do for Family Day Trips with kids and Couples Romantic. Unique .Hidden gems\",\"publisher\":{\"@id\":\"https:\/\/hurghadalovers.com\/de\/#organization\"},\"alternateName\":\"Hurghada Excursions\",\"potentialAction\":[{\"@type\":\"SearchAction\",\"target\":{\"@type\":\"EntryPoint\",\"urlTemplate\":\"https:\/\/hurghadalovers.com\/de\/?s={search_term_string}\"},\"query-input\":{\"@type\":\"PropertyValueSpecification\",\"valueRequired\":true,\"valueName\":\"search_term_string\"}}],\"inLanguage\":\"de-DE\"},{\"@type\":[\"Organization\",\"Place\",\"TravelAgency\"],\"@id\":\"https:\/\/hurghadalovers.com\/de\/#organization\",\"name\":\"Hurghada Excursions\",\"url\":\"https:\/\/hurghadalovers.com\/de\/\",\"logo\":{\"@id\":\"https:\/\/hurghadalovers.com\/de\/tours\/private-tagesreise-von-soma-bucht-nach-kairo-luxor-2-tage\/#local-main-organization-logo\"},\"image\":{\"@id\":\"https:\/\/hurghadalovers.com\/de\/tours\/private-tagesreise-von-soma-bucht-nach-kairo-luxor-2-tage\/#local-main-organization-logo\"},\"sameAs\":[\"https:\/\/www.facebook.com\/Hurghadaloversegypt\"],\"address\":{\"@id\":\"https:\/\/hurghadalovers.com\/de\/tours\/private-tagesreise-von-soma-bucht-nach-kairo-luxor-2-tage\/#local-main-place-address\"},\"telephone\":[\"00201112596434\"],\"contactPoint\":{\"@type\":\"ContactPoint\",\"telephone\":\"00201112596434\",\"email\":\"weyouface@gmail.com\"},\"openingHoursSpecification\":{\"@type\":\"OpeningHoursSpecification\",\"dayOfWeek\":[\"Monday\",\"Tuesday\",\"Wednesday\",\"Thursday\",\"Friday\",\"Saturday\",\"Sunday\"],\"opens\":\"00:00\",\"closes\":\"23:59\"},\"email\":\"weyouface@gmail.com\",\"areaServed\":\"Luxor, Hurghada, El Gouna, Aswan, Sharm El Sheikh, Giza, Alexandria, Marsa Alam, Quseir, Soma Bay, Sahl Hasheesh, Red Sea, Makadi Bay, Cairo\",\"priceRange\":\"$\",\"currenciesAccepted\":\"euro\",\"paymentAccepted\":\"cash on site\"},{\"@type\":\"PostalAddress\",\"@id\":\"https:\/\/hurghadalovers.com\/de\/tours\/private-tagesreise-von-soma-bucht-nach-kairo-luxor-2-tage\/#local-main-place-address\",\"streetAddress\":\"17 Banks street, Alkawther area, top nbk bank\",\"addressLocality\":\"hurghada\",\"postalCode\":\"84511\",\"addressRegion\":\"red sea\",\"addressCountry\":\"EG\"},{\"@type\":\"ImageObject\",\"inLanguage\":\"de-DE\",\"@id\":\"https:\/\/hurghadalovers.com\/de\/tours\/private-tagesreise-von-soma-bucht-nach-kairo-luxor-2-tage\/#local-main-organization-logo\",\"url\":\"https:\/\/hurghadalovers.com\/wp-content\/uploads\/2019\/10\/hurghada-excursions-logo.png\",\"contentUrl\":\"https:\/\/hurghadalovers.com\/wp-content\/uploads\/2019\/10\/hurghada-excursions-logo.png\",\"width\":272,\"height\":90,\"caption\":\"Hurghada Excursions\"}]}<\/script>\n<meta property=\"product:brand\" content=\"Kairo Tagesausfl\u00fcge von Soma bay\" \/>\n<meta property=\"product:price:amount\" content=\"520\" \/>\n<meta property=\"product:price:currency\" content=\"EUR\" \/>\n<meta property=\"og:availability\" content=\"instock\" \/>\n<meta property=\"product:availability\" content=\"instock\" \/>\n<meta property=\"product:retailer_item_id\" content=\"Somabay142024\" \/>\n<meta property=\"product:condition\" content=\"new\" \/>\n<meta name=\"geo.placename\" content=\"hurghada\" \/>\n<meta name=\"geo.region\" content=\"Egypt\" \/>\n<!-- \/ Yoast SEO Premium plugin. -->","yoast_head_json":{"title":"Privater Ausflug von Soma bay nach Luxor und Kairo","description":"Privater Ausflug von Soma bay nach Luxor und Kairo - 2 Tage mit privatem F\u00fchrer, Tickets und Mittagessen. entdecken Sie die Geheimnisse und die Geschichte","robots":{"index":"index","follow":"follow","max-snippet":"max-snippet:-1","max-image-preview":"max-image-preview:large","max-video-preview":"max-video-preview:-1"},"canonical":"https:\/\/hurghadalovers.com\/de\/tours\/private-tagesreise-von-soma-bucht-nach-kairo-luxor-2-tage\/","og_locale":"de_DE","og_type":"article","og_title":"Privater Ausflug von Soma bay nach Luxor und Kairo - 2 Tage","og_description":"Privater Ausflug von Soma bay nach Luxor und Kairo - 2 Tage mit privatem F\u00fchrer, Tickets und Mittagessen. entdecken Sie die Geheimnisse und die Geschichte","og_url":"https:\/\/hurghadalovers.com\/de\/tours\/private-tagesreise-von-soma-bucht-nach-kairo-luxor-2-tage\/","og_site_name":"Hurghada Excursions &amp; Day Trips | Booking Best Prices Tours","article_publisher":"https:\/\/www.facebook.com\/Hurghadaloversegypt","article_modified_time":"2026-02-09T12:53:06+00:00","og_image":[{"width":1500,"height":404,"url":"https:\/\/hurghadalovers.com\/wp-content\/uploads\/2023\/09\/Private-Day-Trip-from-El-Gouna-to-Cairo.jpeg","type":"image\/jpeg"}],"twitter_card":"summary_large_image","twitter_misc":{"Price":"&euro;&nbsp;520","Availability":"In stock"},"schema":{"@context":"https:\/\/schema.org","@graph":[{"@type":["WebPage","ItemPage"],"@id":"https:\/\/hurghadalovers.com\/de\/tours\/private-tagesreise-von-soma-bucht-nach-kairo-luxor-2-tage\/","url":"https:\/\/hurghadalovers.com\/de\/tours\/private-tagesreise-von-soma-bucht-nach-kairo-luxor-2-tage\/","name":"Privater Ausflug von Soma bay nach Luxor und Kairo","isPartOf":{"@id":"https:\/\/hurghadalovers.com\/de\/#website"},"primaryImageOfPage":{"@id":"https:\/\/hurghadalovers.com\/de\/tours\/private-tagesreise-von-soma-bucht-nach-kairo-luxor-2-tage\/#primaryimage"},"image":{"@id":"https:\/\/hurghadalovers.com\/de\/tours\/private-tagesreise-von-soma-bucht-nach-kairo-luxor-2-tage\/#primaryimage"},"thumbnailUrl":"https:\/\/hurghadalovers.com\/wp-content\/uploads\/2023\/09\/Private-Day-Trip-from-El-Gouna-to-Cairo.jpeg","datePublished":"2023-08-26T12:07:58+00:00","dateModified":"2026-02-09T12:53:06+00:00","description":"Privater Ausflug von Soma bay nach Luxor und Kairo - 2 Tage mit privatem F\u00fchrer, Tickets und Mittagessen. entdecken Sie die Geheimnisse und die Geschichte","breadcrumb":{"@id":"https:\/\/hurghadalovers.com\/de\/tours\/private-tagesreise-von-soma-bucht-nach-kairo-luxor-2-tage\/#breadcrumb"},"inLanguage":"de-DE","potentialAction":[{"@type":"ReadAction","target":["https:\/\/hurghadalovers.com\/de\/tours\/private-tagesreise-von-soma-bucht-nach-kairo-luxor-2-tage\/"]}]},{"@type":"ImageObject","inLanguage":"de-DE","@id":"https:\/\/hurghadalovers.com\/de\/tours\/private-tagesreise-von-soma-bucht-nach-kairo-luxor-2-tage\/#primaryimage","url":"https:\/\/hurghadalovers.com\/wp-content\/uploads\/2023\/09\/Private-Day-Trip-from-El-Gouna-to-Cairo.jpeg","contentUrl":"https:\/\/hurghadalovers.com\/wp-content\/uploads\/2023\/09\/Private-Day-Trip-from-El-Gouna-to-Cairo.jpeg","width":1500,"height":404,"caption":"Privater Tagesausflug von El Gouna nach Kairo"},{"@type":"BreadcrumbList","@id":"https:\/\/hurghadalovers.com\/de\/tours\/private-tagesreise-von-soma-bucht-nach-kairo-luxor-2-tage\/#breadcrumb","itemListElement":[{"@type":"ListItem","position":1,"name":"Home","item":"https:\/\/hurghadalovers.com\/de\/"},{"@type":"ListItem","position":2,"name":"Shop","item":"https:\/\/hurghadalovers.com\/shop\/"},{"@type":"ListItem","position":3,"name":"Privater Ausflug von Soma bay nach Luxor und Kairo &#8211; 2 Tage"}]},{"@type":"WebSite","@id":"https:\/\/hurghadalovers.com\/de\/#website","url":"https:\/\/hurghadalovers.com\/de\/","name":"Hurghada Excursions & Day Trips | Booking Best Prices Tours","description":"Hurghada Lovers - Best Tour Operator - Excursions &amp; Things to do for Family Day Trips with kids and Couples Romantic. Unique .Hidden gems","publisher":{"@id":"https:\/\/hurghadalovers.com\/de\/#organization"},"alternateName":"Hurghada Excursions","potentialAction":[{"@type":"SearchAction","target":{"@type":"EntryPoint","urlTemplate":"https:\/\/hurghadalovers.com\/de\/?s={search_term_string}"},"query-input":{"@type":"PropertyValueSpecification","valueRequired":true,"valueName":"search_term_string"}}],"inLanguage":"de-DE"},{"@type":["Organization","Place","TravelAgency"],"@id":"https:\/\/hurghadalovers.com\/de\/#organization","name":"Hurghada Excursions","url":"https:\/\/hurghadalovers.com\/de\/","logo":{"@id":"https:\/\/hurghadalovers.com\/de\/tours\/private-tagesreise-von-soma-bucht-nach-kairo-luxor-2-tage\/#local-main-organization-logo"},"image":{"@id":"https:\/\/hurghadalovers.com\/de\/tours\/private-tagesreise-von-soma-bucht-nach-kairo-luxor-2-tage\/#local-main-organization-logo"},"sameAs":["https:\/\/www.facebook.com\/Hurghadaloversegypt"],"address":{"@id":"https:\/\/hurghadalovers.com\/de\/tours\/private-tagesreise-von-soma-bucht-nach-kairo-luxor-2-tage\/#local-main-place-address"},"telephone":["00201112596434"],"contactPoint":{"@type":"ContactPoint","telephone":"00201112596434","email":"weyouface@gmail.com"},"openingHoursSpecification":{"@type":"OpeningHoursSpecification","dayOfWeek":["Monday","Tuesday","Wednesday","Thursday","Friday","Saturday","Sunday"],"opens":"00:00","closes":"23:59"},"email":"weyouface@gmail.com","areaServed":"Luxor, Hurghada, El Gouna, Aswan, Sharm El Sheikh, Giza, Alexandria, Marsa Alam, Quseir, Soma Bay, Sahl Hasheesh, Red Sea, Makadi Bay, Cairo","priceRange":"$","currenciesAccepted":"euro","paymentAccepted":"cash on site"},{"@type":"PostalAddress","@id":"https:\/\/hurghadalovers.com\/de\/tours\/private-tagesreise-von-soma-bucht-nach-kairo-luxor-2-tage\/#local-main-place-address","streetAddress":"17 Banks street, Alkawther area, top nbk bank","addressLocality":"hurghada","postalCode":"84511","addressRegion":"red sea","addressCountry":"EG"},{"@type":"ImageObject","inLanguage":"de-DE","@id":"https:\/\/hurghadalovers.com\/de\/tours\/private-tagesreise-von-soma-bucht-nach-kairo-luxor-2-tage\/#local-main-organization-logo","url":"https:\/\/hurghadalovers.com\/wp-content\/uploads\/2019\/10\/hurghada-excursions-logo.png","contentUrl":"https:\/\/hurghadalovers.com\/wp-content\/uploads\/2019\/10\/hurghada-excursions-logo.png","width":272,"height":90,"caption":"Hurghada Excursions"}]},"product_brand":"Kairo Tagesausfl\u00fcge von Soma bay","product_price_amount":"520","product_price_currency":"EUR","og_availability":"instock","product_availability":"instock","product_retailer_item_id":"Somabay142024","product_condition":"new","geo.placename":"hurghada","geo.region":"Egypt"},"_links":{"self":[{"href":"https:\/\/hurghadalovers.com\/de\/wp-json\/wp\/v2\/product\/383650","targetHints":{"allow":["GET"]}}],"collection":[{"href":"https:\/\/hurghadalovers.com\/de\/wp-json\/wp\/v2\/product"}],"about":[{"href":"https:\/\/hurghadalovers.com\/de\/wp-json\/wp\/v2\/types\/product"}],"wp:featuredmedia":[{"embeddable":true,"href":"https:\/\/hurghadalovers.com\/de\/wp-json\/wp\/v2\/media\/394167"}],"wp:attachment":[{"href":"https:\/\/hurghadalovers.com\/de\/wp-json\/wp\/v2\/media?parent=383650"}],"wp:term":[{"taxonomy":"product_brand","embeddable":true,"href":"https:\/\/hurghadalovers.com\/de\/wp-json\/wp\/v2\/product_brand?post=383650"},{"taxonomy":"product_cat","embeddable":true,"href":"https:\/\/hurghadalovers.com\/de\/wp-json\/wp\/v2\/product_cat?post=383650"},{"taxonomy":"product_tag","embeddable":true,"href":"https:\/\/hurghadalovers.com\/de\/wp-json\/wp\/v2\/product_tag?post=383650"}],"curies":[{"name":"wp","href":"https:\/\/api.w.org\/{rel}","templated":true}]}}