{"id":383455,"date":"2023-08-26T11:27:28","date_gmt":"2023-08-26T11:31:20","guid":{"rendered":"https:\/\/hurghadalovers.com\/shop\/unkategorisiert\/privater-tagesausflug-zum-islamischen-kairo-von-der-soma-bucht-aus\/"},"modified":"2026-01-23T00:41:05","modified_gmt":"2026-01-23T00:41:05","slug":"privat-tagesausflug-zum-islamischen-kairo-von-soma-bay","status":"publish","type":"product","link":"https:\/\/hurghadalovers.com\/de\/tours\/privat-tagesausflug-zum-islamischen-kairo-von-soma-bay\/","title":{"rendered":"Privater Ausflug nach islamische Kairo Von Soma bay"},"content":{"rendered":"<p><strong>Privater Ausflug nach islamische Kairo Von Soma bay <\/strong>mit privatem F\u00fchrer, Tickets und Mittagessen.<\/p>\n<p>Ein spezieller Tagesausflug zur Besichtigung der islamischen Denkm\u00e4ler in der Altstadt von Kairo und zum Kennenlernen der Geheimnisse des Baus der historischen Moscheen in \u00c4gypten.<\/p>\n<p>&nbsp;<\/p>\n<p><strong>H\u00f6hepunkte:<\/strong><\/p>\n<ul>\n<li>Khan Al-Khalili<\/li>\n<li>Zitadelle von Kairo &#8220;Zitadelle von Saladin&#8221;<\/li>\n<li>Moschee von Muhammad Ali.<\/li>\n<li>Moschee und Madrasa von Sultan Hassan.<\/li>\n<li>Al Rifai Moschee.<\/li>\n<li>Ibn-Tulun-Moschee<\/li>\n<li>Bab Zuweila.<\/li>\n<li>Mittagessen im Restaurant.<\/li>\n<\/ul>\n<p><strong>Privater Ausflug nach islamische Kairo Von Soma bay Einzelheiten:<\/strong><\/p>\n<ul>\n<li>Verf\u00fcgbarkeit der Tour: Jeden Tag.<\/li>\n<li>Art der Tour: Privat mit Auto oder Minivan.<\/li>\n<li>Abholzeit: Ab 01:30 Uhr.<\/li>\n<li>Asking Hotel erhalten Sie Ihr Fr\u00fchst\u00fcck Tasche mit Ihnen Morgen.<\/li>\n<li>Abholzeit: 21:30 Uhr.<\/li>\n<li>F\u00fcr Rollstuhlfahrer zug\u00e4nglich.<\/li>\n<li>Dauer: 22 Std.<\/li>\n<\/ul>\n<p><strong>Jetzt reservieren und sp\u00e4ter bezahlen:<\/strong><\/p>\n<ul>\n<li>Bargeld vor Ort zu f\u00fchren.<\/li>\n<li>Zahlung in \u00e4gyptischen Pfund, $, \u20ac oder \u00a3.<\/li>\n<\/ul>\n<p><strong>Stornierungsbedingungen:<\/strong><\/p>\n<ul>\n<li>Sie k\u00f6nnen bis zu 24 Stunden im Voraus stornieren.<\/li>\n<li>Wenn jemand aus Ihrer Familie den Vormittag absagt, zahlen Sie 50 % der Kosten.<\/li>\n<\/ul>\n<p><strong>Was ist inbegriffen?<\/strong><\/p>\n<ul>\n<li>Transfer von Soma Bay Hotels &#8220;Hotel abholen und zur\u00fcckbringen&#8221;.<\/li>\n<li>Alle Steuern, Eintrittsgelder und Bearbeitungsgeb\u00fchren.<\/li>\n<li>\u00dcberweisungen.<\/li>\n<li>Reiseleiter.<\/li>\n<li>Die Getr\u00e4nke.<\/li>\n<li>Mittagessen im Restaurant.<\/li>\n<\/ul>\n<p><strong>Ausnahmen?<\/strong><\/p>\n<ul>\n<li>Trinkgeld.<\/li>\n<li>Feluccatour &#8220;Bootsfahrt&#8221; F\u00fcr 35 min= 10$.<\/li>\n<li>Alle nicht erw\u00e4hnten Extras.<\/li>\n<\/ul>\n<p><strong>Preise:<\/strong><\/p>\n<ul>\n<li><strong>Preis f\u00fcr Erwachsene = ab<\/strong><strong>160$ pro Person<\/strong>.<\/li>\n<li>Preis f\u00fcr Kinder &#8220;5-12\u2033= 50%.<\/li>\n<li>f\u00fcr Kinder &#8220;0-5\u2033= Kostenlos.<\/li>\n<\/ul>\n<p><strong>Bewertungen:<\/strong><\/p>\n<p>\u00fcberpr\u00fcfen Sie unsere Google Map Bewertungen als bester <a href=\"https:\/\/g.page\/r\/CUeYvkngP3wkEBM\/review\">Reiseveranstalter in Hurghada<\/a> online in <a href=\"https:\/\/hurghadalovers.com\/\">Hurghada<\/a> \u00c4gypten.<\/p>\n<p>&nbsp;<\/p>\n<p><strong>Reservierung:<\/strong><\/p>\n<p>Senden Sie Hotel + Zimmernummer + Fotop\u00e4sse an WhatsApp: <strong>+201112596434<\/strong><\/p>\n<p>Wenn Sie aus \u00c4gypten Buchen Sie jetzt online und best\u00e4tigen Sie bei der Ankunft Hotel.<\/p>\n<p><span style=\"color: #ff9900;\">\u2014\u2014\u2013 | \u2014\u2014\u2014\u2014\u2014- | \u2014\u2014\u2014-<\/span><\/p>\n<p><strong>Vorteile der Buchung einer privaten Reise nach Kairo mit Hurghada Excursions Lovers:<\/strong><\/p>\n<ol>\n<li>Professionalit\u00e4t im Umgang, da wir Ihnen alle Details der Reise vor der Abreise und Nachbereitung online per WhatsApp zur Verf\u00fcgung stellen, angefangen von der Fahrt mit dem Auto bis zur R\u00fcckkehr ins Hotel.<\/li>\n<li>Bereitstellung moderner Modelle von <strong>Luxuslimousinen<\/strong> und 8-Sitzer-<strong>Minivans<\/strong>.<\/li>\n<li>Bereitstellung eines fachkundigen Reiseleiters mit der Geschichte und den Fakten der <strong>Pharaonen<\/strong>.<\/li>\n<\/ol>\n<p>pr\u00fcfen <a href=\"https:\/\/hurghadalovers.com\/de\/tour-category\/soma-bay-ausfluege\/\"><strong>Soma bay Ausfl\u00fcge<\/strong><\/a> &#8211; <a href=\"https:\/\/hurghadalovers.com\/de\/tour-category\/kairo-tagesausfluege-von-soma-bay\/\"><strong>Kairo Tagesausfl\u00fcge von Soma bay<\/strong><\/a>:<\/p>\n<ul>\n<li><a href=\"https:\/\/hurghadalovers.com\/de\/tours\/soma-bay-zu-pyramiden-tagesausflug-mit-dem-bus\/\">Tagesausflug von Soma bay zu den Pyramiden mit dem Bus<\/a><\/li>\n<li><a href=\"https:\/\/hurghadalovers.com\/de\/tours\/tagesausfluge-von-der-soma-bucht-zu-den-pyramiden-mit-dem-minivan\/\">Tagesausflug Von Soma bay Nach Kairo im Minivan<\/a><\/li>\n<li><a href=\"https:\/\/hurghadalovers.com\/de\/tours\/privat-tagesausflug-von-soma-bucht-nach-kairo\/\">Privater Ausflug nach Kairo von Soma bay<\/a><\/li>\n<li><a href=\"https:\/\/hurghadalovers.com\/de\/tours\/privat-soma-bay-taxi-transfers\/\">Privater Transfer von Soma bay<\/a><\/li>\n<li><a href=\"https:\/\/hurghadalovers.com\/de\/tours\/privat-kairo-alexandria-tour-ab-soma-bucht\/\">Privater Kairo und Alexandria von Soma bay<\/a> &#8211; 2 Tage<\/li>\n<li><a href=\"https:\/\/hurghadalovers.com\/de\/tours\/privat-tagesausflug-von-soma-bucht-nach-sakkara\/\">Privater Tagesausflug Soma bay Kairo<\/a> nach Sakkara Dahshur, Memphis, \u00c4gyptisches Museum<\/li>\n<li><a href=\"https:\/\/hurghadalovers.com\/de\/tours\/private-soma-bay-ausfluge-zu-pyramiden\/\">Privater Soma bay Pyramiden Ausflug<\/a> nach Pyramiden von Gizeh, El Rifai und der Sultan-Hassan-Moschee<\/li>\n<li><a href=\"https:\/\/hurghadalovers.com\/de\/tours\/privat-kairo-ubernachtungs-tour-ab-soma-bucht\/\">Privater Ausflug von Soma bay nach Kairo<\/a> &#8211; 2 Tage<\/li>\n<li><a href=\"https:\/\/hurghadalovers.com\/de\/tours\/privat-soma-bucht-zu-pyramiden-von-giza-saqqara-und-islamisches-kairo\/\">Privater Soma bay Pyramiden Tour<\/a> nach Sakkara, Sphinx und zum islamischen Kairo<\/li>\n<li>Privater Ausflug nach islamische Kairo Von Soma bay<\/li>\n<li><a href=\"https:\/\/hurghadalovers.com\/de\/tours\/privat-optisch-kairo-tagestour-ab-soma-bucht\/\">Privater Ausflug nach koptische Kairo Von Soma bay<\/a><\/li>\n<li><a href=\"https:\/\/hurghadalovers.com\/de\/tours\/private-tagesreise-von-soma-bucht-nach-kairo-luxor-2-tage\/\">Privater Ausflug von Soma bay nach Luxor und Kairo<\/a> &#8211; 2 Tage<\/li>\n<li><a href=\"https:\/\/hurghadalovers.com\/de\/tours\/privat-kairo-tour-von-der-soma-bucht-zur-besichtigung-der-giza-pyramiden\/\">Privater Ausflug Pyramiden \u00c4gypten Soma bay<\/a> nach Sphinx, Sakkara und Dahschur<\/li>\n<\/ul>\n<p>&nbsp;<\/p>\n","protected":false},"excerpt":{"rendered":"<p>Privater Ausflug nach islamische Kairo Von Soma bay mit privatem F\u00fchrer, Tickets und Mittagessen. Khan Al-Khalili. Zitadelle von Kairo. Moschee von Muhammad Ali&#8230;<\/p>\n","protected":false},"featured_media":393819,"template":"","meta":{"_joinchat":[]},"product_brand":[],"product_cat":[29817],"product_tag":[55867,49401,55861,55874,56006,56011,56014,56002,56018],"class_list":{"0":"post-383455","1":"product","2":"type-product","3":"status-publish","4":"has-post-thumbnail","6":"product_cat-touren","7":"product_tag-aktivitaten-mit-kleinkindern-ab-soma-bay","8":"product_tag-day-trips-from-soma-bay","9":"product_tag-familienfreundliche-orte-von-soma-bay","10":"product_tag-gunstige-familienausfluge-ab-soma-bay","11":"product_tag-kairo-tagesausflug-von-soma-bay","12":"product_tag-pyramiden-von-der-soma-bucht-aus","13":"product_tag-soma-bay-reise-nach-kairo","14":"product_tag-soma-bay-zu-den-pyramiden","15":"product_tag-tagesausflug-von-soma-bay-zu-den-pyramiden","16":"tour_category-kairo-tagesausfluege-von-soma-bay","17":"tour_category-soma-bay-ausfluege","19":"first","20":"instock","21":"sale","22":"shipping-taxable","23":"purchasable","24":"product-type-tour"},"yoast_head":"<!-- This site is optimized with the Yoast SEO Premium plugin v26.9 (Yoast SEO v27.2) - https:\/\/yoast.com\/product\/yoast-seo-premium-wordpress\/ -->\n<title>Privater Ausflug nach islamische Kairo Von Soma bay<\/title>\n<meta name=\"description\" content=\"Privater Ausflug nach islamische Kairo Von Soma bay mit privatem F\u00fchrer, Tickets und Mittagessen. Khan Al-Khalili. Zitadelle von Kairo. Moschee von\" \/>\n<meta name=\"robots\" content=\"index, follow, max-snippet:-1, max-image-preview:large, max-video-preview:-1\" \/>\n<link rel=\"canonical\" href=\"https:\/\/hurghadalovers.com\/de\/tours\/privat-tagesausflug-zum-islamischen-kairo-von-soma-bay\/\" \/>\n<meta property=\"og:locale\" content=\"de_DE\" \/>\n<meta property=\"og:type\" content=\"article\" \/>\n<meta property=\"og:title\" content=\"Privater Ausflug nach islamische Kairo Von Soma bay\" \/>\n<meta property=\"og:description\" content=\"Privater Ausflug nach islamische Kairo Von Soma bay mit privatem F\u00fchrer, Tickets und Mittagessen. Khan Al-Khalili. Zitadelle von Kairo. Moschee von\" \/>\n<meta property=\"og:url\" content=\"https:\/\/hurghadalovers.com\/de\/tours\/privat-tagesausflug-zum-islamischen-kairo-von-soma-bay\/\" \/>\n<meta property=\"og:site_name\" content=\"Hurghada Excursions &amp; Day Trips | Booking Best Prices Tours\" \/>\n<meta property=\"article:publisher\" content=\"https:\/\/www.facebook.com\/Hurghadaloversegypt\" \/>\n<meta property=\"article:modified_time\" content=\"2026-01-23T00:41:05+00:00\" \/>\n<meta property=\"og:image\" content=\"https:\/\/hurghadalovers.com\/wp-content\/uploads\/2023\/09\/El-Gouna-Private-Day-Trip-to-Islamic-Cairo.jpeg\" \/>\n\t<meta property=\"og:image:width\" content=\"1536\" \/>\n\t<meta property=\"og:image:height\" content=\"881\" \/>\n\t<meta property=\"og:image:type\" content=\"image\/jpeg\" \/>\n<meta name=\"twitter:card\" content=\"summary_large_image\" \/>\n<meta name=\"twitter:label1\" content=\"Price\" \/>\n\t<meta name=\"twitter:data1\" content=\"&euro;&nbsp;160\" \/>\n\t<meta name=\"twitter:label2\" content=\"Availability\" \/>\n\t<meta name=\"twitter:data2\" content=\"In stock\" \/>\n<script type=\"application\/ld+json\" class=\"yoast-schema-graph\">{\"@context\":\"https:\/\/schema.org\",\"@graph\":[{\"@type\":[\"WebPage\",\"ItemPage\"],\"@id\":\"https:\/\/hurghadalovers.com\/de\/tours\/privat-tagesausflug-zum-islamischen-kairo-von-soma-bay\/\",\"url\":\"https:\/\/hurghadalovers.com\/de\/tours\/privat-tagesausflug-zum-islamischen-kairo-von-soma-bay\/\",\"name\":\"Privater Ausflug nach islamische Kairo Von Soma bay\",\"isPartOf\":{\"@id\":\"https:\/\/hurghadalovers.com\/de\/#website\"},\"primaryImageOfPage\":{\"@id\":\"https:\/\/hurghadalovers.com\/de\/tours\/privat-tagesausflug-zum-islamischen-kairo-von-soma-bay\/#primaryimage\"},\"image\":{\"@id\":\"https:\/\/hurghadalovers.com\/de\/tours\/privat-tagesausflug-zum-islamischen-kairo-von-soma-bay\/#primaryimage\"},\"thumbnailUrl\":\"https:\/\/hurghadalovers.com\/wp-content\/uploads\/2023\/09\/El-Gouna-Private-Day-Trip-to-Islamic-Cairo.jpeg\",\"datePublished\":\"2023-08-26T11:31:20+00:00\",\"dateModified\":\"2026-01-23T00:41:05+00:00\",\"description\":\"Privater Ausflug nach islamische Kairo Von Soma bay mit privatem F\u00fchrer, Tickets und Mittagessen. Khan Al-Khalili. Zitadelle von Kairo. Moschee von\",\"breadcrumb\":{\"@id\":\"https:\/\/hurghadalovers.com\/de\/tours\/privat-tagesausflug-zum-islamischen-kairo-von-soma-bay\/#breadcrumb\"},\"inLanguage\":\"de-DE\",\"potentialAction\":[{\"@type\":\"ReadAction\",\"target\":[\"https:\/\/hurghadalovers.com\/de\/tours\/privat-tagesausflug-zum-islamischen-kairo-von-soma-bay\/\"]}]},{\"@type\":\"ImageObject\",\"inLanguage\":\"de-DE\",\"@id\":\"https:\/\/hurghadalovers.com\/de\/tours\/privat-tagesausflug-zum-islamischen-kairo-von-soma-bay\/#primaryimage\",\"url\":\"https:\/\/hurghadalovers.com\/wp-content\/uploads\/2023\/09\/El-Gouna-Private-Day-Trip-to-Islamic-Cairo.jpeg\",\"contentUrl\":\"https:\/\/hurghadalovers.com\/wp-content\/uploads\/2023\/09\/El-Gouna-Private-Day-Trip-to-Islamic-Cairo.jpeg\",\"width\":1536,\"height\":881,\"caption\":\"El Gouna Privater Tagesausflug zum islamischen Kairo\"},{\"@type\":\"BreadcrumbList\",\"@id\":\"https:\/\/hurghadalovers.com\/de\/tours\/privat-tagesausflug-zum-islamischen-kairo-von-soma-bay\/#breadcrumb\",\"itemListElement\":[{\"@type\":\"ListItem\",\"position\":1,\"name\":\"Home\",\"item\":\"https:\/\/hurghadalovers.com\/de\/\"},{\"@type\":\"ListItem\",\"position\":2,\"name\":\"Shop\",\"item\":\"https:\/\/hurghadalovers.com\/shop\/\"},{\"@type\":\"ListItem\",\"position\":3,\"name\":\"Privater Ausflug nach islamische Kairo Von Soma bay\"}]},{\"@type\":\"WebSite\",\"@id\":\"https:\/\/hurghadalovers.com\/de\/#website\",\"url\":\"https:\/\/hurghadalovers.com\/de\/\",\"name\":\"Hurghada Excursions & Day Trips | Booking Best Prices Tours\",\"description\":\"Hurghada Lovers - Best Tour Operator - Excursions &amp; Things to do for Family Day Trips with kids and Couples Romantic. Unique .Hidden gems\",\"publisher\":{\"@id\":\"https:\/\/hurghadalovers.com\/de\/#organization\"},\"alternateName\":\"Hurghada Excursions\",\"potentialAction\":[{\"@type\":\"SearchAction\",\"target\":{\"@type\":\"EntryPoint\",\"urlTemplate\":\"https:\/\/hurghadalovers.com\/de\/?s={search_term_string}\"},\"query-input\":{\"@type\":\"PropertyValueSpecification\",\"valueRequired\":true,\"valueName\":\"search_term_string\"}}],\"inLanguage\":\"de-DE\"},{\"@type\":[\"Organization\",\"Place\",\"TravelAgency\"],\"@id\":\"https:\/\/hurghadalovers.com\/de\/#organization\",\"name\":\"Hurghada Excursions\",\"url\":\"https:\/\/hurghadalovers.com\/de\/\",\"logo\":{\"@id\":\"https:\/\/hurghadalovers.com\/de\/tours\/privat-tagesausflug-zum-islamischen-kairo-von-soma-bay\/#local-main-organization-logo\"},\"image\":{\"@id\":\"https:\/\/hurghadalovers.com\/de\/tours\/privat-tagesausflug-zum-islamischen-kairo-von-soma-bay\/#local-main-organization-logo\"},\"sameAs\":[\"https:\/\/www.facebook.com\/Hurghadaloversegypt\"],\"address\":{\"@id\":\"https:\/\/hurghadalovers.com\/de\/tours\/privat-tagesausflug-zum-islamischen-kairo-von-soma-bay\/#local-main-place-address\"},\"telephone\":[\"00201112596434\"],\"contactPoint\":{\"@type\":\"ContactPoint\",\"telephone\":\"00201112596434\",\"email\":\"weyouface@gmail.com\"},\"openingHoursSpecification\":{\"@type\":\"OpeningHoursSpecification\",\"dayOfWeek\":[\"Monday\",\"Tuesday\",\"Wednesday\",\"Thursday\",\"Friday\",\"Saturday\",\"Sunday\"],\"opens\":\"00:00\",\"closes\":\"23:59\"},\"email\":\"weyouface@gmail.com\",\"areaServed\":\"Luxor, Hurghada, El Gouna, Aswan, Sharm El Sheikh, Giza, Alexandria, Marsa Alam, Quseir, Soma Bay, Sahl Hasheesh, Red Sea, Makadi Bay, Cairo\",\"priceRange\":\"$\",\"currenciesAccepted\":\"euro\",\"paymentAccepted\":\"cash on site\"},{\"@type\":\"PostalAddress\",\"@id\":\"https:\/\/hurghadalovers.com\/de\/tours\/privat-tagesausflug-zum-islamischen-kairo-von-soma-bay\/#local-main-place-address\",\"streetAddress\":\"17 Banks street, Alkawther area, top nbk bank\",\"addressLocality\":\"hurghada\",\"postalCode\":\"84511\",\"addressRegion\":\"red sea\",\"addressCountry\":\"EG\"},{\"@type\":\"ImageObject\",\"inLanguage\":\"de-DE\",\"@id\":\"https:\/\/hurghadalovers.com\/de\/tours\/privat-tagesausflug-zum-islamischen-kairo-von-soma-bay\/#local-main-organization-logo\",\"url\":\"https:\/\/hurghadalovers.com\/wp-content\/uploads\/2019\/10\/hurghada-excursions-logo.png\",\"contentUrl\":\"https:\/\/hurghadalovers.com\/wp-content\/uploads\/2019\/10\/hurghada-excursions-logo.png\",\"width\":272,\"height\":90,\"caption\":\"Hurghada Excursions\"}]}<\/script>\n<meta property=\"product:brand\" content=\"Kairo Tagesausfl\u00fcge von Soma bay\" \/>\n<meta property=\"product:price:amount\" content=\"160\" \/>\n<meta property=\"product:price:currency\" content=\"EUR\" \/>\n<meta property=\"og:availability\" content=\"instock\" \/>\n<meta property=\"product:availability\" content=\"instock\" \/>\n<meta property=\"product:retailer_item_id\" content=\"Somabay102024\" \/>\n<meta property=\"product:condition\" content=\"new\" \/>\n<meta name=\"geo.placename\" content=\"hurghada\" \/>\n<meta name=\"geo.region\" content=\"Egypt\" \/>\n<!-- \/ Yoast SEO Premium plugin. -->","yoast_head_json":{"title":"Privater Ausflug nach islamische Kairo Von Soma bay","description":"Privater Ausflug nach islamische Kairo Von Soma bay mit privatem F\u00fchrer, Tickets und Mittagessen. Khan Al-Khalili. Zitadelle von Kairo. Moschee von","robots":{"index":"index","follow":"follow","max-snippet":"max-snippet:-1","max-image-preview":"max-image-preview:large","max-video-preview":"max-video-preview:-1"},"canonical":"https:\/\/hurghadalovers.com\/de\/tours\/privat-tagesausflug-zum-islamischen-kairo-von-soma-bay\/","og_locale":"de_DE","og_type":"article","og_title":"Privater Ausflug nach islamische Kairo Von Soma bay","og_description":"Privater Ausflug nach islamische Kairo Von Soma bay mit privatem F\u00fchrer, Tickets und Mittagessen. Khan Al-Khalili. Zitadelle von Kairo. Moschee von","og_url":"https:\/\/hurghadalovers.com\/de\/tours\/privat-tagesausflug-zum-islamischen-kairo-von-soma-bay\/","og_site_name":"Hurghada Excursions &amp; Day Trips | Booking Best Prices Tours","article_publisher":"https:\/\/www.facebook.com\/Hurghadaloversegypt","article_modified_time":"2026-01-23T00:41:05+00:00","og_image":[{"width":1536,"height":881,"url":"https:\/\/hurghadalovers.com\/wp-content\/uploads\/2023\/09\/El-Gouna-Private-Day-Trip-to-Islamic-Cairo.jpeg","type":"image\/jpeg"}],"twitter_card":"summary_large_image","twitter_misc":{"Price":"&euro;&nbsp;160","Availability":"In stock"},"schema":{"@context":"https:\/\/schema.org","@graph":[{"@type":["WebPage","ItemPage"],"@id":"https:\/\/hurghadalovers.com\/de\/tours\/privat-tagesausflug-zum-islamischen-kairo-von-soma-bay\/","url":"https:\/\/hurghadalovers.com\/de\/tours\/privat-tagesausflug-zum-islamischen-kairo-von-soma-bay\/","name":"Privater Ausflug nach islamische Kairo Von Soma bay","isPartOf":{"@id":"https:\/\/hurghadalovers.com\/de\/#website"},"primaryImageOfPage":{"@id":"https:\/\/hurghadalovers.com\/de\/tours\/privat-tagesausflug-zum-islamischen-kairo-von-soma-bay\/#primaryimage"},"image":{"@id":"https:\/\/hurghadalovers.com\/de\/tours\/privat-tagesausflug-zum-islamischen-kairo-von-soma-bay\/#primaryimage"},"thumbnailUrl":"https:\/\/hurghadalovers.com\/wp-content\/uploads\/2023\/09\/El-Gouna-Private-Day-Trip-to-Islamic-Cairo.jpeg","datePublished":"2023-08-26T11:31:20+00:00","dateModified":"2026-01-23T00:41:05+00:00","description":"Privater Ausflug nach islamische Kairo Von Soma bay mit privatem F\u00fchrer, Tickets und Mittagessen. Khan Al-Khalili. Zitadelle von Kairo. Moschee von","breadcrumb":{"@id":"https:\/\/hurghadalovers.com\/de\/tours\/privat-tagesausflug-zum-islamischen-kairo-von-soma-bay\/#breadcrumb"},"inLanguage":"de-DE","potentialAction":[{"@type":"ReadAction","target":["https:\/\/hurghadalovers.com\/de\/tours\/privat-tagesausflug-zum-islamischen-kairo-von-soma-bay\/"]}]},{"@type":"ImageObject","inLanguage":"de-DE","@id":"https:\/\/hurghadalovers.com\/de\/tours\/privat-tagesausflug-zum-islamischen-kairo-von-soma-bay\/#primaryimage","url":"https:\/\/hurghadalovers.com\/wp-content\/uploads\/2023\/09\/El-Gouna-Private-Day-Trip-to-Islamic-Cairo.jpeg","contentUrl":"https:\/\/hurghadalovers.com\/wp-content\/uploads\/2023\/09\/El-Gouna-Private-Day-Trip-to-Islamic-Cairo.jpeg","width":1536,"height":881,"caption":"El Gouna Privater Tagesausflug zum islamischen Kairo"},{"@type":"BreadcrumbList","@id":"https:\/\/hurghadalovers.com\/de\/tours\/privat-tagesausflug-zum-islamischen-kairo-von-soma-bay\/#breadcrumb","itemListElement":[{"@type":"ListItem","position":1,"name":"Home","item":"https:\/\/hurghadalovers.com\/de\/"},{"@type":"ListItem","position":2,"name":"Shop","item":"https:\/\/hurghadalovers.com\/shop\/"},{"@type":"ListItem","position":3,"name":"Privater Ausflug nach islamische Kairo Von Soma bay"}]},{"@type":"WebSite","@id":"https:\/\/hurghadalovers.com\/de\/#website","url":"https:\/\/hurghadalovers.com\/de\/","name":"Hurghada Excursions & Day Trips | Booking Best Prices Tours","description":"Hurghada Lovers - Best Tour Operator - Excursions &amp; Things to do for Family Day Trips with kids and Couples Romantic. Unique .Hidden gems","publisher":{"@id":"https:\/\/hurghadalovers.com\/de\/#organization"},"alternateName":"Hurghada Excursions","potentialAction":[{"@type":"SearchAction","target":{"@type":"EntryPoint","urlTemplate":"https:\/\/hurghadalovers.com\/de\/?s={search_term_string}"},"query-input":{"@type":"PropertyValueSpecification","valueRequired":true,"valueName":"search_term_string"}}],"inLanguage":"de-DE"},{"@type":["Organization","Place","TravelAgency"],"@id":"https:\/\/hurghadalovers.com\/de\/#organization","name":"Hurghada Excursions","url":"https:\/\/hurghadalovers.com\/de\/","logo":{"@id":"https:\/\/hurghadalovers.com\/de\/tours\/privat-tagesausflug-zum-islamischen-kairo-von-soma-bay\/#local-main-organization-logo"},"image":{"@id":"https:\/\/hurghadalovers.com\/de\/tours\/privat-tagesausflug-zum-islamischen-kairo-von-soma-bay\/#local-main-organization-logo"},"sameAs":["https:\/\/www.facebook.com\/Hurghadaloversegypt"],"address":{"@id":"https:\/\/hurghadalovers.com\/de\/tours\/privat-tagesausflug-zum-islamischen-kairo-von-soma-bay\/#local-main-place-address"},"telephone":["00201112596434"],"contactPoint":{"@type":"ContactPoint","telephone":"00201112596434","email":"weyouface@gmail.com"},"openingHoursSpecification":{"@type":"OpeningHoursSpecification","dayOfWeek":["Monday","Tuesday","Wednesday","Thursday","Friday","Saturday","Sunday"],"opens":"00:00","closes":"23:59"},"email":"weyouface@gmail.com","areaServed":"Luxor, Hurghada, El Gouna, Aswan, Sharm El Sheikh, Giza, Alexandria, Marsa Alam, Quseir, Soma Bay, Sahl Hasheesh, Red Sea, Makadi Bay, Cairo","priceRange":"$","currenciesAccepted":"euro","paymentAccepted":"cash on site"},{"@type":"PostalAddress","@id":"https:\/\/hurghadalovers.com\/de\/tours\/privat-tagesausflug-zum-islamischen-kairo-von-soma-bay\/#local-main-place-address","streetAddress":"17 Banks street, Alkawther area, top nbk bank","addressLocality":"hurghada","postalCode":"84511","addressRegion":"red sea","addressCountry":"EG"},{"@type":"ImageObject","inLanguage":"de-DE","@id":"https:\/\/hurghadalovers.com\/de\/tours\/privat-tagesausflug-zum-islamischen-kairo-von-soma-bay\/#local-main-organization-logo","url":"https:\/\/hurghadalovers.com\/wp-content\/uploads\/2019\/10\/hurghada-excursions-logo.png","contentUrl":"https:\/\/hurghadalovers.com\/wp-content\/uploads\/2019\/10\/hurghada-excursions-logo.png","width":272,"height":90,"caption":"Hurghada Excursions"}]},"product_brand":"Kairo Tagesausfl\u00fcge von Soma bay","product_price_amount":"160","product_price_currency":"EUR","og_availability":"instock","product_availability":"instock","product_retailer_item_id":"Somabay102024","product_condition":"new","geo.placename":"hurghada","geo.region":"Egypt"},"_links":{"self":[{"href":"https:\/\/hurghadalovers.com\/de\/wp-json\/wp\/v2\/product\/383455","targetHints":{"allow":["GET"]}}],"collection":[{"href":"https:\/\/hurghadalovers.com\/de\/wp-json\/wp\/v2\/product"}],"about":[{"href":"https:\/\/hurghadalovers.com\/de\/wp-json\/wp\/v2\/types\/product"}],"wp:featuredmedia":[{"embeddable":true,"href":"https:\/\/hurghadalovers.com\/de\/wp-json\/wp\/v2\/media\/393819"}],"wp:attachment":[{"href":"https:\/\/hurghadalovers.com\/de\/wp-json\/wp\/v2\/media?parent=383455"}],"wp:term":[{"taxonomy":"product_brand","embeddable":true,"href":"https:\/\/hurghadalovers.com\/de\/wp-json\/wp\/v2\/product_brand?post=383455"},{"taxonomy":"product_cat","embeddable":true,"href":"https:\/\/hurghadalovers.com\/de\/wp-json\/wp\/v2\/product_cat?post=383455"},{"taxonomy":"product_tag","embeddable":true,"href":"https:\/\/hurghadalovers.com\/de\/wp-json\/wp\/v2\/product_tag?post=383455"}],"curies":[{"name":"wp","href":"https:\/\/api.w.org\/{rel}","templated":true}]}}