{"id":383239,"date":"2023-08-26T10:14:25","date_gmt":"2023-08-26T10:18:10","guid":{"rendered":"https:\/\/hurghadalovers.com\/shop\/unkategorisiert\/private-tagestour-von-der-soma-bucht-nach-sakkara-dahshur-memphis-aegyptisches-museum\/"},"modified":"2026-02-08T13:53:31","modified_gmt":"2026-02-08T13:53:31","slug":"privat-tagesausflug-von-soma-bucht-nach-sakkara","status":"publish","type":"product","link":"https:\/\/hurghadalovers.com\/de\/tours\/privat-tagesausflug-von-soma-bucht-nach-sakkara\/","title":{"rendered":"Privater Tagesausflug Soma bay Kairo nach Sakkara Dahshur, Memphis, \u00c4gyptisches Museum"},"content":{"rendered":"<p><strong>Privater Tagesausflug Soma bay Kairo<\/strong> nach Sakkara Dahshur, Memphis, \u00c4gyptisches Museum mit Auto, Minivan mit privatem F\u00fchrer.<\/p>\n<p style=\"text-align: center;\">\u00a0Entdecken Sie die Geheimnisse der <a href=\"https:\/\/hurghadalovers.com\/de\/pharaonen-koenige-aegypten\/\"><strong>Pharaonen<\/strong><\/a> im alten \u00c4gypten.<\/p>\n<p><strong>H\u00f6hepunkte:<\/strong><\/p>\n<ol>\n<li>Sakkara Dahshur <a href=\"https:\/\/hurghadalovers.com\/de\/djoser-pyramide-sakkara-kairo-aegypten\/\">Djoser-Pyramide<\/a>.<\/li>\n<li>Memphis.<\/li>\n<li>\u00c4gyptisches Museum<\/li>\n<li>Mittagessen im Restaurant &#8220;Vegetarisches Essen ist m\u00f6glich&#8221;.<\/li>\n<\/ol>\n<p><strong>Privater Tagesausflug Soma bay Kairo Details:<\/strong><\/p>\n<ul>\n<li>Verf\u00fcgbarkeit der Tour: Jeden Tag.<\/li>\n<li>Art der Tour: Privat mit Auto oder Minivan.<\/li>\n<li>Abholzeit: Ab 12:30 Uhr.<\/li>\n<li>Asking Hotel erhalten Sie Ihr Fr\u00fchst\u00fcck Tasche mit Ihnen Morgen.<\/li>\n<li>Abholzeit: 19:00 Uhr.<\/li>\n<li>F\u00fcr Rollstuhlfahrer zug\u00e4nglich.<\/li>\n<li>Dauer: 8 Std.<\/li>\n<\/ul>\n<p><strong>Jetzt reservieren und sp\u00e4ter bezahlen:<\/strong><\/p>\n<ul>\n<li>Bargeld vor Ort zu f\u00fchren.<\/li>\n<li>Zahlung in \u00e4gyptischen Pfund, $, \u20ac oder \u00a3.<\/li>\n<\/ul>\n<p><strong>Stornierungsbedingungen:<\/strong><\/p>\n<ul>\n<li>Sie k\u00f6nnen bis zu 24 Stunden im Voraus stornieren.<\/li>\n<li>Wenn jemand aus Ihrer Familie den Vormittag absagt, zahlen Sie 50 % der Kosten.<\/li>\n<\/ul>\n<p><strong>Was ist inbegriffen?<\/strong><\/p>\n<ul>\n<li>Transfer von Soma Bay Hotels &#8220;Hotel abholen und zur\u00fcckbringen&#8221;.<\/li>\n<li>Alle Steuern, Eintrittsgelder und Bearbeitungsgeb\u00fchren.<\/li>\n<li>\u00dcberweisungen.<\/li>\n<li>Reiseleiter.<\/li>\n<li>Die Getr\u00e4nke.<\/li>\n<li>Mittagessen im Restaurant.<\/li>\n<\/ul>\n<p><strong>Ausnahmen?<\/strong><\/p>\n<ul>\n<li>Trinkgeld.<\/li>\n<li>Feluccatour &#8220;Bootsfahrt&#8221; F\u00fcr 35 min= 10$.<\/li>\n<li>Alle nicht erw\u00e4hnten Extras.<\/li>\n<\/ul>\n<h4><strong>Preise:<\/strong><\/h4>\n<ul>\n<li><strong>Preis f\u00fcr Erwachsene = ab<\/strong><strong>240$ pro Person<\/strong>.<\/li>\n<li>Preis f\u00fcr Kinder &#8220;5-12\u2033= 50%.<\/li>\n<li>f\u00fcr Kinder &#8220;0-5\u2033= Kostenlos.<\/li>\n<\/ul>\n<p><strong>Bewertungen:<\/strong><\/p>\n<p>\u00fcberpr\u00fcfen Sie unsere Google Map Bewertungen als bester <a href=\"https:\/\/g.page\/r\/CUeYvkngP3wkEBM\/review\">Reiseveranstalter in Hurghada<\/a> online in <a href=\"https:\/\/hurghadalovers.com\/\">Hurghada<\/a> \u00c4gypten.<\/p>\n<p><strong>Reservierung:<\/strong><\/p>\n<p>Senden Sie Hotel + Zimmernummer + Fotop\u00e4sse an WhatsApp: <strong>+201112596434<\/strong><\/p>\n<p>Wenn Sie aus \u00c4gypten Buchen Sie jetzt online und best\u00e4tigen Sie bei der Ankunft Hotel.<\/p>\n<p><span style=\"color: #ff9900;\">\u2014\u2014\u2013 | \u2014\u2014\u2014\u2014\u2014- | \u2014\u2014\u2014-<\/span><\/p>\n<h4><strong>Das \u00c4gyptische Museum:<\/strong><\/h4>\n<p>Das Hotel liegt auf dem Tahrir-Platz in Kairo und welche Stationen hat es bisher durchlaufen. Erkl\u00e4ren Sie die Antiquit\u00e4ten und pharaonischen Sammlungen des Museums zus\u00e4tzlich zu den Ticketpreisen und den t\u00e4glichen Besuchsdaten und Entwicklungsstadien sowie der Innen- und Au\u00dfengestaltung des \u00c4gyptischen Museums, um Ihre Tour zu den sch\u00f6nsten Monumenten \u00c4gyptens zu beginnen.<\/p>\n<p>Das heutige \u00c4gyptische Museum befindet sich neben dem Tahrir-Platz im Norden, wo es urspr\u00fcnglich 1835 n. Chr. im Azbakia-Garten stand und dann pharaonische Antiquit\u00e4ten in eine spezielle Ausstellungshalle in der Zitadelle von Saladin verlegte.<\/p>\n<p>Die Idee, ein gro\u00dfes Museum zu bauen, das alle antiken \u00e4gyptischen Antiquit\u00e4ten beherbergt, entstand, als der franz\u00f6sische Arch\u00e4ologe Auguste Mariette daran dachte, ein Museum am Nil in der Bolaq-Region zu bauen, aber \u00c4gypten wurde von \u00dcberschwemmungen heimgesucht und die \u00e4gyptische Regierung beschloss damals, die Antiquit\u00e4ten dorthin zu verlegen ein Zimmer im Palast von Khedive Ismail im Gouvernement Gizeh.<\/p>\n<p>1902 n. Chr. wurde das \u00c4gyptische Museum w\u00e4hrend der Regierungszeit von Khedive Abbas Helmi II auf dem Tahrir-Platz unter dem ehrenwerten Arch\u00e4ologen Gaston Maspero er\u00f6ffnet.<\/p>\n<ul>\n<li>Das elektronische Leitger\u00e4t wird innerhalb des Museums nur f\u00fcr 25 \u00e4gyptische Pfund pro Ger\u00e4t von der Museumsleitung gemietet.<\/li>\n<li>Laut dem \u00e4gyptischen Ministerium f\u00fcr Altert\u00fcmer und Kultur ist an bestimmten Tagen kostenloses Filmen erlaubt, w\u00e4hrend der Preis f\u00fcr pers\u00f6nliche Fotos mit Ihrem Handy 50 \u00e4gyptische Pfund f\u00fcr \u00c4gypter und Touristen aller Nationalit\u00e4ten betr\u00e4gt.<\/li>\n<li>Es ist verboten, mit einem Handy oder Kameras in der K\u00f6niglichen Mumienhalle und\u00a0<strong>K\u00f6nig Tutanchamun\u00a0<\/strong>Schatzkammer zu filmen zur Aufbewahrung von Antiquit\u00e4ten.<\/li>\n<li>Die Verwendung von Kameras und Blitzen ist im \u00c4gyptischen Museum zur Erhaltung von Antiquit\u00e4ten vollst\u00e4ndig verboten.<\/li>\n<li>Sie k\u00f6nnen Tickets direkt am Ticketschalter am Eingang des Museums erhalten und der Ticketschalter schlie\u00dft um 16:30 Uhr und Sie k\u00f6nnen es zu einem g\u00fcnstigen Preis mitnehmen, wenn Sie den\u00a0<strong>Kairo-Tagesausflug von Hurghada<\/strong>\u00a0aus buchen.<\/li>\n<\/ul>\n<h4><strong>Khan al-Khalili-Viertel:<\/strong><\/h4>\n<p>Das ber\u00fchmte Viertel Khan al-Khalili liegt zwischen dem Ataba-Platz, der Al-Moezz-Stra\u00dfe und der Al-Moski-Stra\u00dfe, wo das Viertel in der Vergangenheit als Grabst\u00e4tte f\u00fcr die Fatimiden diente und nach dem Safranfriedhof benannt wurde, damals aber Sultan Barqouq verlegte die Gr\u00e4ber.<\/p>\n<p>Der Grund f\u00fcr die Benennung des Viertels Khan al-Khalili mit diesem Namen ist Prinz Al-Khalili zu verdanken, der ein gro\u00dfes Haus baute, in dem er Kaufleute und Reisende empfing, und er selbst die Verlegung von Friedh\u00f6fen an andere Orte beaufsichtigte, weshalb es nach ihm benannt wurde .<\/p>\n<p><strong>Das Viertel Khan al-Khalili\u00a0<\/strong>beherbergt die Moschee von Al-Hussein sowie mehr als 20 arch\u00e4ologische Moscheen im arch\u00e4ologischen Viertel und ber\u00fchmte Caf\u00e9s wie das Fishawi Caf\u00e9 und weitere Touren, wenn Sie den\u00a0<strong>Kairo-Tagesausflug ab Hurghada\u00a0buchen<\/strong>.<\/p>\n<p><strong>Vorteile des Kleingruppen-Ausflugs nach Kairo von Soma Bay im Minivan:<\/strong><\/p>\n<ol>\n<li><strong>Zeitersparnis:<\/strong> Sie k\u00f6nnen die Gesamtreisezeit von <strong>Soma Bay zu den Pyramiden<\/strong> um 120 Minuten verk\u00fcrzen, da einer der Nachteile der Pyramiden-Tagesausfl\u00fcge mit dem Bus die Zeit ist, die zum Abholen der Touristen von den Hotels ben\u00f6tigt wird.<\/li>\n<li><strong>Entspannung und Komfort:<\/strong> Wir bieten Ihnen moderne und unverwechselbare Minivan-Modelle f\u00fcr Ihren Komfort, Entspannung und freien Schlaf auf dem Weg nach Kairo, insbesondere f\u00fcr gro\u00dfe Menschen, die Ruhe f\u00fcr die R\u00fcckenwirbel ben\u00f6tigen.<\/li>\n<\/ol>\n<p>pr\u00fcfen <a href=\"https:\/\/hurghadalovers.com\/de\/tour-category\/soma-bay-ausfluege\/\"><strong>Soma bay Ausfl\u00fcge<\/strong><\/a> &#8211; <a href=\"https:\/\/hurghadalovers.com\/de\/tour-category\/kairo-tagesausfluege-von-soma-bay\/\"><strong>Kairo Tagesausfl\u00fcge von Soma bay<\/strong><\/a>:<\/p>\n<ul>\n<li><a href=\"https:\/\/hurghadalovers.com\/de\/tours\/soma-bay-zu-pyramiden-tagesausflug-mit-dem-bus\/\">Tagesausflug von Soma bay zu den Pyramiden mit dem Bus<\/a><\/li>\n<li><a href=\"https:\/\/hurghadalovers.com\/de\/tours\/tagesausfluge-von-der-soma-bucht-zu-den-pyramiden-mit-dem-minivan\/\">Tagesausflug Von Soma bay Nach Kairo im Minivan<\/a><\/li>\n<li><a href=\"https:\/\/hurghadalovers.com\/de\/tours\/privat-tagesausflug-von-soma-bucht-nach-kairo\/\">Privater Ausflug nach Kairo von Soma bay<\/a><\/li>\n<li><a href=\"https:\/\/hurghadalovers.com\/de\/tours\/privat-soma-bay-taxi-transfers\/\">Privater Transfer von Soma bay<\/a><\/li>\n<li><a href=\"https:\/\/hurghadalovers.com\/de\/tours\/privat-kairo-alexandria-tour-ab-soma-bucht\/\">Privater Kairo und Alexandria von Soma bay<\/a> &#8211; 2 Tage<\/li>\n<li>Privater Tagesausflug Soma bay Kairo nach Sakkara Dahshur, Memphis, \u00c4gyptisches Museum<\/li>\n<li><a href=\"https:\/\/hurghadalovers.com\/de\/tours\/private-soma-bay-ausfluge-zu-pyramiden\/\">Privater Soma bay Pyramiden Ausflug<\/a> nach Pyramiden von Gizeh, El Rifai und der Sultan-Hassan-Moschee<\/li>\n<li><a href=\"https:\/\/hurghadalovers.com\/de\/tours\/privat-kairo-ubernachtungs-tour-ab-soma-bucht\/\">Privater Ausflug von Soma bay nach Kairo<\/a> &#8211; 2 Tage<\/li>\n<li><a href=\"https:\/\/hurghadalovers.com\/de\/tours\/privat-soma-bucht-zu-pyramiden-von-giza-saqqara-und-islamisches-kairo\/\">Privater Soma bay Pyramiden Tour<\/a> nach Sakkara, Sphinx und zum islamischen Kairo<\/li>\n<li><a href=\"https:\/\/hurghadalovers.com\/de\/tours\/privat-tagesausflug-zum-islamischen-kairo-von-soma-bay\/\">Privater Ausflug nach islamische Kairo Von Soma bay<\/a><\/li>\n<li><a href=\"https:\/\/hurghadalovers.com\/de\/tours\/privat-optisch-kairo-tagestour-ab-soma-bucht\/\">Privater Ausflug nach koptische Kairo Von Soma bay<\/a><\/li>\n<li><a href=\"https:\/\/hurghadalovers.com\/de\/tours\/private-tagesreise-von-soma-bucht-nach-kairo-luxor-2-tage\/\">Privater Ausflug von Soma bay nach Luxor und Kairo<\/a> &#8211; 2 Tage<\/li>\n<li><a href=\"https:\/\/hurghadalovers.com\/de\/tours\/privat-kairo-tour-von-der-soma-bucht-zur-besichtigung-der-giza-pyramiden\/\">Privater Ausflug Pyramiden \u00c4gypten Soma bay<\/a> nach Sphinx, Sakkara und Dahschur<\/li>\n<\/ul>\n<p>&nbsp;<\/p>\n","protected":false},"excerpt":{"rendered":"<p>Privater Tagesausflug Soma bay Kairo <strong>nach Sakkara<\/strong> Dahshur, Memphis, \u00c4gyptisches Museum mit Auto, Minivan mit privatem F\u00fchrer.<\/p>\n<p style=\"text-align: center;\"><span style=\"color: #993300;\"><strong>Entdecken Sie historische Fakten \u00fcber die Zivilisation der Pharaonen im alten \u00c4gypten<\/strong><\/span><\/p>\n<p>&nbsp;<\/p>\n","protected":false},"featured_media":394131,"template":"","meta":{"_joinchat":[]},"product_brand":[],"product_cat":[29817],"product_tag":[],"class_list":{"0":"post-383239","1":"product","2":"type-product","3":"status-publish","4":"has-post-thumbnail","6":"product_cat-touren","7":"tour_category-kairo-tagesausfluege-von-soma-bay","8":"tour_category-soma-bay-ausfluege","10":"first","11":"instock","12":"sale","13":"shipping-taxable","14":"purchasable","15":"product-type-tour"},"yoast_head":"<!-- This site is optimized with the Yoast SEO Premium plugin v26.9 (Yoast SEO v27.2) - https:\/\/yoast.com\/product\/yoast-seo-premium-wordpress\/ -->\n<title>Privater Tagesausflug Soma bay Kairo nach Sakkara, Memphis<\/title>\n<meta name=\"description\" content=\"Privater Tagesausflug Soma bay Kairo nach Sakkara Dahshur, Memphis, \u00c4gyptisches Museum mit Auto, Minivan mit privatem F\u00fchrer. Historische Fakten entdecken\" \/>\n<meta name=\"robots\" content=\"index, follow, max-snippet:-1, max-image-preview:large, max-video-preview:-1\" \/>\n<link rel=\"canonical\" href=\"https:\/\/hurghadalovers.com\/de\/tours\/privat-tagesausflug-von-soma-bucht-nach-sakkara\/\" \/>\n<meta property=\"og:locale\" content=\"de_DE\" \/>\n<meta property=\"og:type\" content=\"article\" \/>\n<meta property=\"og:title\" content=\"Privater Tagesausflug Soma bay Kairo nach Sakkara Dahshur, Memphis, \u00c4gyptisches Museum\" \/>\n<meta property=\"og:description\" content=\"Privater Tagesausflug Soma bay Kairo nach Sakkara Dahshur, Memphis, \u00c4gyptisches Museum mit Auto, Minivan mit privatem F\u00fchrer. Historische Fakten entdecken\" \/>\n<meta property=\"og:url\" content=\"https:\/\/hurghadalovers.com\/de\/tours\/privat-tagesausflug-von-soma-bucht-nach-sakkara\/\" \/>\n<meta property=\"og:site_name\" content=\"Hurghada Excursions &amp; Day Trips | Booking Best Prices Tours\" \/>\n<meta property=\"article:publisher\" content=\"https:\/\/www.facebook.com\/Hurghadaloversegypt\" \/>\n<meta property=\"article:modified_time\" content=\"2026-02-08T13:53:31+00:00\" \/>\n<meta property=\"og:image\" content=\"https:\/\/hurghadalovers.com\/wp-content\/uploads\/2023\/09\/El-Gouna-Private-Day-Tour-to-Sakkara-Dahshur-Memphis-Egyptian-Museum.jpeg\" \/>\n\t<meta property=\"og:image:width\" content=\"1536\" \/>\n\t<meta property=\"og:image:height\" content=\"1024\" \/>\n\t<meta property=\"og:image:type\" content=\"image\/jpeg\" \/>\n<meta name=\"twitter:card\" content=\"summary_large_image\" \/>\n<meta name=\"twitter:label1\" content=\"Price\" \/>\n\t<meta name=\"twitter:data1\" content=\"&euro;&nbsp;150\" \/>\n\t<meta name=\"twitter:label2\" content=\"Availability\" \/>\n\t<meta name=\"twitter:data2\" content=\"In stock\" \/>\n<script type=\"application\/ld+json\" class=\"yoast-schema-graph\">{\"@context\":\"https:\/\/schema.org\",\"@graph\":[{\"@type\":[\"WebPage\",\"ItemPage\"],\"@id\":\"https:\/\/hurghadalovers.com\/de\/tours\/privat-tagesausflug-von-soma-bucht-nach-sakkara\/\",\"url\":\"https:\/\/hurghadalovers.com\/de\/tours\/privat-tagesausflug-von-soma-bucht-nach-sakkara\/\",\"name\":\"Privater Tagesausflug Soma bay Kairo nach Sakkara, Memphis\",\"isPartOf\":{\"@id\":\"https:\/\/hurghadalovers.com\/de\/#website\"},\"primaryImageOfPage\":{\"@id\":\"https:\/\/hurghadalovers.com\/de\/tours\/privat-tagesausflug-von-soma-bucht-nach-sakkara\/#primaryimage\"},\"image\":{\"@id\":\"https:\/\/hurghadalovers.com\/de\/tours\/privat-tagesausflug-von-soma-bucht-nach-sakkara\/#primaryimage\"},\"thumbnailUrl\":\"https:\/\/hurghadalovers.com\/wp-content\/uploads\/2023\/09\/El-Gouna-Private-Day-Tour-to-Sakkara-Dahshur-Memphis-Egyptian-Museum.jpeg\",\"datePublished\":\"2023-08-26T10:18:10+00:00\",\"dateModified\":\"2026-02-08T13:53:31+00:00\",\"description\":\"Privater Tagesausflug Soma bay Kairo nach Sakkara Dahshur, Memphis, \u00c4gyptisches Museum mit Auto, Minivan mit privatem F\u00fchrer. Historische Fakten entdecken\",\"breadcrumb\":{\"@id\":\"https:\/\/hurghadalovers.com\/de\/tours\/privat-tagesausflug-von-soma-bucht-nach-sakkara\/#breadcrumb\"},\"inLanguage\":\"de-DE\",\"potentialAction\":[{\"@type\":\"ReadAction\",\"target\":[\"https:\/\/hurghadalovers.com\/de\/tours\/privat-tagesausflug-von-soma-bucht-nach-sakkara\/\"]}]},{\"@type\":\"ImageObject\",\"inLanguage\":\"de-DE\",\"@id\":\"https:\/\/hurghadalovers.com\/de\/tours\/privat-tagesausflug-von-soma-bucht-nach-sakkara\/#primaryimage\",\"url\":\"https:\/\/hurghadalovers.com\/wp-content\/uploads\/2023\/09\/El-Gouna-Private-Day-Tour-to-Sakkara-Dahshur-Memphis-Egyptian-Museum.jpeg\",\"contentUrl\":\"https:\/\/hurghadalovers.com\/wp-content\/uploads\/2023\/09\/El-Gouna-Private-Day-Tour-to-Sakkara-Dahshur-Memphis-Egyptian-Museum.jpeg\",\"width\":1536,\"height\":1024,\"caption\":\"El Gouna Private Tagestour nach Sakkara Dahshur, Memphis, \u00c4gyptisches Museum\"},{\"@type\":\"BreadcrumbList\",\"@id\":\"https:\/\/hurghadalovers.com\/de\/tours\/privat-tagesausflug-von-soma-bucht-nach-sakkara\/#breadcrumb\",\"itemListElement\":[{\"@type\":\"ListItem\",\"position\":1,\"name\":\"Home\",\"item\":\"https:\/\/hurghadalovers.com\/de\/\"},{\"@type\":\"ListItem\",\"position\":2,\"name\":\"Shop\",\"item\":\"https:\/\/hurghadalovers.com\/shop\/\"},{\"@type\":\"ListItem\",\"position\":3,\"name\":\"Privater Tagesausflug Soma bay Kairo nach Sakkara Dahshur, Memphis, \u00c4gyptisches Museum\"}]},{\"@type\":\"WebSite\",\"@id\":\"https:\/\/hurghadalovers.com\/de\/#website\",\"url\":\"https:\/\/hurghadalovers.com\/de\/\",\"name\":\"Hurghada Excursions & Day Trips | Booking Best Prices Tours\",\"description\":\"Hurghada Lovers - Best Tour Operator - Excursions &amp; Things to do for Family Day Trips with kids and Couples Romantic. Unique .Hidden gems\",\"publisher\":{\"@id\":\"https:\/\/hurghadalovers.com\/de\/#organization\"},\"alternateName\":\"Hurghada Excursions\",\"potentialAction\":[{\"@type\":\"SearchAction\",\"target\":{\"@type\":\"EntryPoint\",\"urlTemplate\":\"https:\/\/hurghadalovers.com\/de\/?s={search_term_string}\"},\"query-input\":{\"@type\":\"PropertyValueSpecification\",\"valueRequired\":true,\"valueName\":\"search_term_string\"}}],\"inLanguage\":\"de-DE\"},{\"@type\":[\"Organization\",\"Place\",\"TravelAgency\"],\"@id\":\"https:\/\/hurghadalovers.com\/de\/#organization\",\"name\":\"Hurghada Excursions\",\"url\":\"https:\/\/hurghadalovers.com\/de\/\",\"logo\":{\"@id\":\"https:\/\/hurghadalovers.com\/de\/tours\/privat-tagesausflug-von-soma-bucht-nach-sakkara\/#local-main-organization-logo\"},\"image\":{\"@id\":\"https:\/\/hurghadalovers.com\/de\/tours\/privat-tagesausflug-von-soma-bucht-nach-sakkara\/#local-main-organization-logo\"},\"sameAs\":[\"https:\/\/www.facebook.com\/Hurghadaloversegypt\"],\"address\":{\"@id\":\"https:\/\/hurghadalovers.com\/de\/tours\/privat-tagesausflug-von-soma-bucht-nach-sakkara\/#local-main-place-address\"},\"telephone\":[\"00201112596434\"],\"contactPoint\":{\"@type\":\"ContactPoint\",\"telephone\":\"00201112596434\",\"email\":\"weyouface@gmail.com\"},\"openingHoursSpecification\":{\"@type\":\"OpeningHoursSpecification\",\"dayOfWeek\":[\"Monday\",\"Tuesday\",\"Wednesday\",\"Thursday\",\"Friday\",\"Saturday\",\"Sunday\"],\"opens\":\"00:00\",\"closes\":\"23:59\"},\"email\":\"weyouface@gmail.com\",\"areaServed\":\"Luxor, Hurghada, El Gouna, Aswan, Sharm El Sheikh, Giza, Alexandria, Marsa Alam, Quseir, Soma Bay, Sahl Hasheesh, Red Sea, Makadi Bay, Cairo\",\"priceRange\":\"$\",\"currenciesAccepted\":\"euro\",\"paymentAccepted\":\"cash on site\"},{\"@type\":\"PostalAddress\",\"@id\":\"https:\/\/hurghadalovers.com\/de\/tours\/privat-tagesausflug-von-soma-bucht-nach-sakkara\/#local-main-place-address\",\"streetAddress\":\"17 Banks street, Alkawther area, top nbk bank\",\"addressLocality\":\"hurghada\",\"postalCode\":\"84511\",\"addressRegion\":\"red sea\",\"addressCountry\":\"EG\"},{\"@type\":\"ImageObject\",\"inLanguage\":\"de-DE\",\"@id\":\"https:\/\/hurghadalovers.com\/de\/tours\/privat-tagesausflug-von-soma-bucht-nach-sakkara\/#local-main-organization-logo\",\"url\":\"https:\/\/hurghadalovers.com\/wp-content\/uploads\/2019\/10\/hurghada-excursions-logo.png\",\"contentUrl\":\"https:\/\/hurghadalovers.com\/wp-content\/uploads\/2019\/10\/hurghada-excursions-logo.png\",\"width\":272,\"height\":90,\"caption\":\"Hurghada Excursions\"}]}<\/script>\n<meta property=\"product:brand\" content=\"Kairo Tagesausfl\u00fcge von Soma bay\" \/>\n<meta property=\"product:price:amount\" content=\"150\" \/>\n<meta property=\"product:price:currency\" content=\"EUR\" \/>\n<meta property=\"og:availability\" content=\"instock\" \/>\n<meta property=\"product:availability\" content=\"instock\" \/>\n<meta property=\"product:retailer_item_id\" content=\"Somabay062024\" \/>\n<meta property=\"product:condition\" content=\"new\" \/>\n<meta name=\"geo.placename\" content=\"hurghada\" \/>\n<meta name=\"geo.region\" content=\"Egypt\" \/>\n<!-- \/ Yoast SEO Premium plugin. -->","yoast_head_json":{"title":"Privater Tagesausflug Soma bay Kairo nach Sakkara, Memphis","description":"Privater Tagesausflug Soma bay Kairo nach Sakkara Dahshur, Memphis, \u00c4gyptisches Museum mit Auto, Minivan mit privatem F\u00fchrer. Historische Fakten entdecken","robots":{"index":"index","follow":"follow","max-snippet":"max-snippet:-1","max-image-preview":"max-image-preview:large","max-video-preview":"max-video-preview:-1"},"canonical":"https:\/\/hurghadalovers.com\/de\/tours\/privat-tagesausflug-von-soma-bucht-nach-sakkara\/","og_locale":"de_DE","og_type":"article","og_title":"Privater Tagesausflug Soma bay Kairo nach Sakkara Dahshur, Memphis, \u00c4gyptisches Museum","og_description":"Privater Tagesausflug Soma bay Kairo nach Sakkara Dahshur, Memphis, \u00c4gyptisches Museum mit Auto, Minivan mit privatem F\u00fchrer. Historische Fakten entdecken","og_url":"https:\/\/hurghadalovers.com\/de\/tours\/privat-tagesausflug-von-soma-bucht-nach-sakkara\/","og_site_name":"Hurghada Excursions &amp; Day Trips | Booking Best Prices Tours","article_publisher":"https:\/\/www.facebook.com\/Hurghadaloversegypt","article_modified_time":"2026-02-08T13:53:31+00:00","og_image":[{"width":1536,"height":1024,"url":"https:\/\/hurghadalovers.com\/wp-content\/uploads\/2023\/09\/El-Gouna-Private-Day-Tour-to-Sakkara-Dahshur-Memphis-Egyptian-Museum.jpeg","type":"image\/jpeg"}],"twitter_card":"summary_large_image","twitter_misc":{"Price":"&euro;&nbsp;150","Availability":"In stock"},"schema":{"@context":"https:\/\/schema.org","@graph":[{"@type":["WebPage","ItemPage"],"@id":"https:\/\/hurghadalovers.com\/de\/tours\/privat-tagesausflug-von-soma-bucht-nach-sakkara\/","url":"https:\/\/hurghadalovers.com\/de\/tours\/privat-tagesausflug-von-soma-bucht-nach-sakkara\/","name":"Privater Tagesausflug Soma bay Kairo nach Sakkara, Memphis","isPartOf":{"@id":"https:\/\/hurghadalovers.com\/de\/#website"},"primaryImageOfPage":{"@id":"https:\/\/hurghadalovers.com\/de\/tours\/privat-tagesausflug-von-soma-bucht-nach-sakkara\/#primaryimage"},"image":{"@id":"https:\/\/hurghadalovers.com\/de\/tours\/privat-tagesausflug-von-soma-bucht-nach-sakkara\/#primaryimage"},"thumbnailUrl":"https:\/\/hurghadalovers.com\/wp-content\/uploads\/2023\/09\/El-Gouna-Private-Day-Tour-to-Sakkara-Dahshur-Memphis-Egyptian-Museum.jpeg","datePublished":"2023-08-26T10:18:10+00:00","dateModified":"2026-02-08T13:53:31+00:00","description":"Privater Tagesausflug Soma bay Kairo nach Sakkara Dahshur, Memphis, \u00c4gyptisches Museum mit Auto, Minivan mit privatem F\u00fchrer. Historische Fakten entdecken","breadcrumb":{"@id":"https:\/\/hurghadalovers.com\/de\/tours\/privat-tagesausflug-von-soma-bucht-nach-sakkara\/#breadcrumb"},"inLanguage":"de-DE","potentialAction":[{"@type":"ReadAction","target":["https:\/\/hurghadalovers.com\/de\/tours\/privat-tagesausflug-von-soma-bucht-nach-sakkara\/"]}]},{"@type":"ImageObject","inLanguage":"de-DE","@id":"https:\/\/hurghadalovers.com\/de\/tours\/privat-tagesausflug-von-soma-bucht-nach-sakkara\/#primaryimage","url":"https:\/\/hurghadalovers.com\/wp-content\/uploads\/2023\/09\/El-Gouna-Private-Day-Tour-to-Sakkara-Dahshur-Memphis-Egyptian-Museum.jpeg","contentUrl":"https:\/\/hurghadalovers.com\/wp-content\/uploads\/2023\/09\/El-Gouna-Private-Day-Tour-to-Sakkara-Dahshur-Memphis-Egyptian-Museum.jpeg","width":1536,"height":1024,"caption":"El Gouna Private Tagestour nach Sakkara Dahshur, Memphis, \u00c4gyptisches Museum"},{"@type":"BreadcrumbList","@id":"https:\/\/hurghadalovers.com\/de\/tours\/privat-tagesausflug-von-soma-bucht-nach-sakkara\/#breadcrumb","itemListElement":[{"@type":"ListItem","position":1,"name":"Home","item":"https:\/\/hurghadalovers.com\/de\/"},{"@type":"ListItem","position":2,"name":"Shop","item":"https:\/\/hurghadalovers.com\/shop\/"},{"@type":"ListItem","position":3,"name":"Privater Tagesausflug Soma bay Kairo nach Sakkara Dahshur, Memphis, \u00c4gyptisches Museum"}]},{"@type":"WebSite","@id":"https:\/\/hurghadalovers.com\/de\/#website","url":"https:\/\/hurghadalovers.com\/de\/","name":"Hurghada Excursions & Day Trips | Booking Best Prices Tours","description":"Hurghada Lovers - Best Tour Operator - Excursions &amp; Things to do for Family Day Trips with kids and Couples Romantic. Unique .Hidden gems","publisher":{"@id":"https:\/\/hurghadalovers.com\/de\/#organization"},"alternateName":"Hurghada Excursions","potentialAction":[{"@type":"SearchAction","target":{"@type":"EntryPoint","urlTemplate":"https:\/\/hurghadalovers.com\/de\/?s={search_term_string}"},"query-input":{"@type":"PropertyValueSpecification","valueRequired":true,"valueName":"search_term_string"}}],"inLanguage":"de-DE"},{"@type":["Organization","Place","TravelAgency"],"@id":"https:\/\/hurghadalovers.com\/de\/#organization","name":"Hurghada Excursions","url":"https:\/\/hurghadalovers.com\/de\/","logo":{"@id":"https:\/\/hurghadalovers.com\/de\/tours\/privat-tagesausflug-von-soma-bucht-nach-sakkara\/#local-main-organization-logo"},"image":{"@id":"https:\/\/hurghadalovers.com\/de\/tours\/privat-tagesausflug-von-soma-bucht-nach-sakkara\/#local-main-organization-logo"},"sameAs":["https:\/\/www.facebook.com\/Hurghadaloversegypt"],"address":{"@id":"https:\/\/hurghadalovers.com\/de\/tours\/privat-tagesausflug-von-soma-bucht-nach-sakkara\/#local-main-place-address"},"telephone":["00201112596434"],"contactPoint":{"@type":"ContactPoint","telephone":"00201112596434","email":"weyouface@gmail.com"},"openingHoursSpecification":{"@type":"OpeningHoursSpecification","dayOfWeek":["Monday","Tuesday","Wednesday","Thursday","Friday","Saturday","Sunday"],"opens":"00:00","closes":"23:59"},"email":"weyouface@gmail.com","areaServed":"Luxor, Hurghada, El Gouna, Aswan, Sharm El Sheikh, Giza, Alexandria, Marsa Alam, Quseir, Soma Bay, Sahl Hasheesh, Red Sea, Makadi Bay, Cairo","priceRange":"$","currenciesAccepted":"euro","paymentAccepted":"cash on site"},{"@type":"PostalAddress","@id":"https:\/\/hurghadalovers.com\/de\/tours\/privat-tagesausflug-von-soma-bucht-nach-sakkara\/#local-main-place-address","streetAddress":"17 Banks street, Alkawther area, top nbk bank","addressLocality":"hurghada","postalCode":"84511","addressRegion":"red sea","addressCountry":"EG"},{"@type":"ImageObject","inLanguage":"de-DE","@id":"https:\/\/hurghadalovers.com\/de\/tours\/privat-tagesausflug-von-soma-bucht-nach-sakkara\/#local-main-organization-logo","url":"https:\/\/hurghadalovers.com\/wp-content\/uploads\/2019\/10\/hurghada-excursions-logo.png","contentUrl":"https:\/\/hurghadalovers.com\/wp-content\/uploads\/2019\/10\/hurghada-excursions-logo.png","width":272,"height":90,"caption":"Hurghada Excursions"}]},"product_brand":"Kairo Tagesausfl\u00fcge von Soma bay","product_price_amount":"150","product_price_currency":"EUR","og_availability":"instock","product_availability":"instock","product_retailer_item_id":"Somabay062024","product_condition":"new","geo.placename":"hurghada","geo.region":"Egypt"},"_links":{"self":[{"href":"https:\/\/hurghadalovers.com\/de\/wp-json\/wp\/v2\/product\/383239","targetHints":{"allow":["GET"]}}],"collection":[{"href":"https:\/\/hurghadalovers.com\/de\/wp-json\/wp\/v2\/product"}],"about":[{"href":"https:\/\/hurghadalovers.com\/de\/wp-json\/wp\/v2\/types\/product"}],"wp:featuredmedia":[{"embeddable":true,"href":"https:\/\/hurghadalovers.com\/de\/wp-json\/wp\/v2\/media\/394131"}],"wp:attachment":[{"href":"https:\/\/hurghadalovers.com\/de\/wp-json\/wp\/v2\/media?parent=383239"}],"wp:term":[{"taxonomy":"product_brand","embeddable":true,"href":"https:\/\/hurghadalovers.com\/de\/wp-json\/wp\/v2\/product_brand?post=383239"},{"taxonomy":"product_cat","embeddable":true,"href":"https:\/\/hurghadalovers.com\/de\/wp-json\/wp\/v2\/product_cat?post=383239"},{"taxonomy":"product_tag","embeddable":true,"href":"https:\/\/hurghadalovers.com\/de\/wp-json\/wp\/v2\/product_tag?post=383239"}],"curies":[{"name":"wp","href":"https:\/\/api.w.org\/{rel}","templated":true}]}}