{"id":382333,"date":"2023-08-22T11:34:52","date_gmt":"2023-08-22T11:41:09","guid":{"rendered":"https:\/\/hurghadalovers.com\/shop\/unkategorisiert\/hurghada-bootscharter-zum-delphinhaus-mit-schnorcheln\/"},"modified":"2026-02-10T06:45:43","modified_gmt":"2026-02-10T06:45:43","slug":"hurghada-boat-charters-to-dolphin-house-mit-schnorcheln","status":"publish","type":"product","link":"https:\/\/hurghadalovers.com\/de\/tours\/hurghada-boat-charters-to-dolphin-house-mit-schnorcheln\/","title":{"rendered":"Hurghada Bootsverleih zur Schnorcheln mit delfinen | Privater Boot mieten"},"content":{"rendered":"<p><strong>Hurghada Bootsverleih zur Schnorcheln mit delfinen<\/strong> | Privater Boot mieten mit Schnorcheln, Wassersport und Mittagessen.<\/p>\n<p>Die sch\u00f6nsten Hurghada <strong>Familienfreundliche Aktivit\u00e4ten<\/strong>, <strong>Aktivit\u00e4ten mit Kindern<\/strong>, Senioren, <strong>Flitterwochen<\/strong> und <strong>Paare<\/strong>.<\/p>\n<p>Buchen Sie eine kleine <strong>Yachtcharter<\/strong> von 3 bis 6 Personen oder eine luxuri\u00f6se gro\u00dfe <strong>Bootsvermietung<\/strong> von 8 bis 35 Personen mit Transfer zum Schwimmen im besten <strong>Hausriffspot<\/strong> und Delphinhaus mit Schnorcheln&#8221;.<\/p>\n<p>&nbsp;<\/p>\n<p><strong>H\u00f6hepunkte:<\/strong><\/p>\n<ul>\n<li>2 Spots Schnorcheln Hausriff.<\/li>\n<li>One Spot Watch und Schnorcheln mit Delphinen.<\/li>\n<li>Wassersport &#8220;Banane und Quattro&#8221;.<\/li>\n<\/ul>\n<p><strong>Hurghada Bootsverleih zur Schnorcheln mit delfinen <\/strong><strong>Einzelheiten:<\/strong><\/p>\n<ul>\n<li>Verf\u00fcgbarkeit der Tour: Jeden Tag.<\/li>\n<li>Art der Tour: Privat.<\/li>\n<li>Abholzeit: Ab 08:00 Uhr morgens.<\/li>\n<li>Abholzeit: 16:00 Uhr.<\/li>\n<li>F\u00fcr Rollstuhlfahrer zug\u00e4nglich.<\/li>\n<li>Dauer: 6 Std.<\/li>\n<\/ul>\n<p><strong>Jetzt reservieren und sp\u00e4ter bezahlen:<\/strong><\/p>\n<ul>\n<li>Bargeld vor Ort zu f\u00fchren.<\/li>\n<li>Zahlung in \u00e4gyptischen Pfund, $, \u20ac oder \u00a3.<\/li>\n<\/ul>\n<p><strong>VIP Delfinschwimmen Hurghada Programm:<\/strong><\/p>\n<p><strong>07:00 bis 7:30 Uhr<\/strong> f\u00fcr den Transport vom Hotel oder Ihrer Residenz in Hurghada.<\/p>\n<p><strong>7:30 Uhr<\/strong> Startzeit Yacht Marine.<\/p>\n<p><strong>07:45 Uhr<\/strong> Beginn eines einzigartigen Fr\u00fchst\u00fccks mit einem offenen Buffet (Falafel &#8211; Bohnen &#8211; Auberginen &#8211; Salate &#8211; S\u00fc\u00dfe &#8211; Frischk\u00e4se &#8211; Spiegeleier &#8211; gekochte Eier &#8211; Brot &#8211; Erfrischungsgetr\u00e4nke &#8211; Mineralwasser).<\/p>\n<p><strong>08:00 bis 10:30 Uhr<\/strong> Genie\u00dfen Sie einen besonderen Ausflug, um die wundersch\u00f6ne Naturlandschaft der Region am Roten Meer zu genie\u00dfen. Beobachten Sie das blaue Wasser und den klaren Himmel.<\/p>\n<p><strong>10:30 bis 11:30<\/strong> Uhr Die erste Pause des Schnorchelns, um mit dem Delphin zu schwimmen und Korallenriffe und die riesigen seltenen bunten Fische zu sehen, die Sie zuvor noch nicht gesehen haben und die Sie nur im Wasser des Roten Meeres sehen.<\/p>\n<p><strong>11:45 Uhr<\/strong>, bewege dich zu den anderen Delfinen.<\/p>\n<p><strong>12:00 Uhr<\/strong> Beginn der zweiten markanten Schnorchelpause, in der Sie eine Gruppe von Delfinen sehen und schwimmen k\u00f6nnen. Au\u00dferdem k\u00f6nnen Sie das Seeboot zum Schwimmen anhalten und eine angesehene Gruppe seltener farbiger Fische beobachten.<\/p>\n<p><strong>12:30 Uhr<\/strong> Beginn eines besonderen Mittagessens mit einem sehr luxuri\u00f6sen offenen Buffet bestehend aus (gegrilltem H\u00fchnchen &#8211; Fliegenfisch &#8211; Nudeln &#8211; wei\u00dfer Reis &#8211; brauner Reis &#8211; 8 Arten spezieller Salate &#8211; Brot &#8211; alkoholfreie Getr\u00e4nke &#8211; Mineralwasser).<\/p>\n<p><strong>13:00 bis 15:30 Uhr<\/strong> Eine einzigartige Zeit, in der Sie sich entspannen und die Landschaften, Berge und Inseln des Roten Meeres beobachten k\u00f6nnen, w\u00e4hrend Sie eine frische Obstplatte aus Orangen und Bananen servieren.<\/p>\n<p><strong>15.45 Uhr<\/strong> Beginnend mit dem Bustransport, der Sie zum Wohnort in Ihrem Hotel oder zu einem beliebigen Ort bringt, den Sie morgens vom ersten Treffpunkt aus erreichen m\u00f6chten.<\/p>\n<p><strong>Stornierungsbedingungen:<\/strong><\/p>\n<ul>\n<li>Sie k\u00f6nnen bis zu 24 Stunden im Voraus stornieren.<\/li>\n<li>Wenn jemand aus Ihrer Familie den Vormittag absagt, zahlen Sie 50 % der Kosten.<\/li>\n<\/ul>\n<p><strong>Was ist inbegriffen?<\/strong><\/p>\n<ul>\n<li>Transfer von Hurghada Hotels &#8220;Hotel abholen und zur\u00fcckbringen&#8221;.<\/li>\n<li>Alle Steuern, Eintrittsgelder und Bearbeitungsgeb\u00fchren.<\/li>\n<li>Reiseleiter.<\/li>\n<li>Mineralwasser + Cola + Milch + Kaffee\/Tee.<\/li>\n<li>2 Schnorchelplatz.<\/li>\n<li>Schnorchelausr\u00fcstung &#8220;Masken und Schwimmflossen&#8221;.<\/li>\n<li>One Spot Watch und Schnorcheln mit Delphinen.<\/li>\n<li>VIP-Mittagsbuffet auf dem Schiff.<\/li>\n<li>Schwimmwesten.<\/li>\n<\/ul>\n<p><strong>Ausnahmen?<\/strong><\/p>\n<ul>\n<li>Trinkgeld.<\/li>\n<li>Fotografie &amp; Fotos f\u00fcr die Reise.<\/li>\n<li>Wir bieten Rent Badeanz\u00fcge &amp; Bademode f\u00fcr Frauen, M\u00e4nner, Kinder alle Gr\u00f6\u00dfe &#8221; 5$ pro ein&#8221;.<\/li>\n<li>Alle nicht erw\u00e4hnten Extras.<\/li>\n<\/ul>\n<p><strong>Preise:<\/strong><\/p>\n<p><strong>Kleine Yachtcharter von 3 bis 6 Personen = <\/strong><strong>von <\/strong><strong>400$<\/strong><\/p>\n<p><strong>Vermietung von Luxus-Gro\u00dfbooten von 8 bis 35 Personen = <\/strong><strong>von 700<\/strong><strong>$<\/strong><\/p>\n<p><strong> Bewertungen:<\/strong><\/p>\n<p>\u00fcberpr\u00fcfen Sie unsere Google Map Bewertungen als bester <a href=\"https:\/\/g.page\/r\/CUeYvkngP3wkEBM\/review\">Reiseveranstalter in Hurghada<\/a> online in <a href=\"https:\/\/hurghadalovers.com\/\">Hurghada<\/a> \u00c4gypten.<\/p>\n<p>&nbsp;<\/p>\n<p><strong>Anmerkung:<\/strong><\/p>\n<p>Wir machen auch Touren mit Transfer von Ihrem Hotel in El Goua, Soma Bucht, Makadi Bucht, Sahl Hasheesh, Safaga mit extra Kosten= 10$ pro Person.<\/p>\n<p>&nbsp;<\/p>\n<p><strong>Reservierung:<\/strong><\/p>\n<p>Senden Sie Hotel + Zimmernummer + Fotop\u00e4sse an WhatsApp: <strong>+201112596434<\/strong><\/p>\n<p>Wenn Sie aus \u00c4gypten Buchen Sie jetzt online und best\u00e4tigen Sie bei der Ankunft Hotel.<\/p>\n<p><span style=\"color: #00ccff;\">&#8212;&#8212;&#8212;&#8212;- | &#8212;&#8212;&#8212;&#8212;&#8211; | &#8212;&#8212;&#8212;&#8212;&#8212;<\/span><\/p>\n<p>&nbsp;<\/p>\n<p>Pr\u00fcfen <a href=\"https:\/\/hurghadalovers.com\/de\/tour-category\/hurghada-reisen\/\"><strong>Hurghada Ausfl\u00fcge<\/strong><\/a> &#8211; <a href=\"https:\/\/hurghadalovers.com\/de\/tour-category\/hurghada-snorkeling-trips-de\/\"><strong>Schnorcheln in Hurghada<\/strong><\/a>:<\/p>\n<ul>\n<li><a href=\"https:\/\/hurghadalovers.com\/de\/tours\/orange-bay-island-schnorchel-trip-von-hurghada\/\">Orange Bay Insel Hurghada Schnorcheln Ausflug<\/a><\/li>\n<li><a href=\"https:\/\/hurghadalovers.com\/de\/tours\/paradiesische-inseln-schnorcheln-reise-ab-hurghada\/\">Paradise Insel Hurghada Schnorcheln Ausflug<\/a><\/li>\n<li><a href=\"https:\/\/hurghadalovers.com\/de\/tours\/delfinhaus-schnorcheln-tagesausflug-von-hurghada\/\">Delfin Tour Hurghada<\/a> | Schnorcheln mit delfinen<\/li>\n<li><a href=\"https:\/\/hurghadalovers.com\/de\/tours\/luxus-elite-orange-bucht-insel-reise-von-hurghada\/\">Luxus-Bootsfahrt zur Orange Bay Insel von Hurghada<\/a> | VIP Elite Ausflug<\/li>\n<li><a href=\"https:\/\/hurghadalovers.com\/de\/tours\/piraten-segelboot-zur-orange-bucht-insel-von-hurghada\/\">Piraten-Segelboot zur Orangenbucht Insel von Hurghada Ausflug<\/a><\/li>\n<li><strong><a href=\"https:\/\/hurghadalovers.com\/de\/tours\/hurghada-boat-charters-to-orange-bay-island\/\">Hurghada Bootsverleih zur Orange Bay Insel<\/a><\/strong> | Privater Boot mieten<\/li>\n<li><a href=\"https:\/\/hurghadalovers.com\/de\/tours\/privat-hurghada-boot-charter-zur-paradies-insel\/\">Hurghada Bootsverleih zur Paradise Insel<\/a><\/li>\n<li>Hurghada Bootsverleih zur Schnorcheln mit delfinen<\/li>\n<li><strong><a href=\"https:\/\/hurghadalovers.com\/de\/tours\/privat-schnellboot-verleih-zur-orange-bay-insel-von-hurghada\/\">Hurghada Schnellbootverleih zur Orange Bay Insel<\/a><\/strong> | Privater Jetbootverleih &#8211; Speedboot-Abenteuer<\/li>\n<li><a href=\"https:\/\/hurghadalovers.com\/de\/tours\/privat-schnellboot-verleih-zur-paradies-insel\/\">Hurghada Schnellbootverleih zur Paradise Insel<\/a><\/li>\n<li><a href=\"https:\/\/hurghadalovers.com\/de\/tours\/privat-schnellboot-vermietung-zur-orange-bay-paradies-insel-von-hurghada\/\">Hurghada Schnellbootverleih zur Orange Bay &amp; Paradise Insel<\/a><\/li>\n<li><a href=\"https:\/\/hurghadalovers.com\/de\/tours\/privates-schnellboot-zum-delfinhaus-von-hurghada\/\">Hurghada Schnellbootverleih zur Schnorcheln mit delfinen<\/a><\/li>\n<li><a href=\"https:\/\/hurghadalovers.com\/de\/tours\/schnellboot-vermietung-zum-delfin-haus-orange-bay\/\">Hurghada Schnellbootverleih zur Orange bay Insel &amp; Schnorcheln mit delfinen<\/a><\/li>\n<li><a href=\"https:\/\/hurghadalovers.com\/de\/tours\/schnellboot-vermietung-zum-delfinhaus-paradies-auf-der-insel-von-hurghada\/\">Hurghada Schnellbootverleih zur Paradise Insel &amp; Schnorcheln mit delfinen<\/a><\/li>\n<li><a href=\"https:\/\/hurghadalovers.com\/de\/tours\/privat-schnellboot-vermietung-nach-eden-inseln-von-hurghada\/\">Hurghada Schnellbootverleih zur Eden Insel<\/a><\/li>\n<li><a href=\"https:\/\/hurghadalovers.com\/de\/tours\/schnorcheln-bootsausflug-von-hurghada\/\">Bootsfahrten und Schnorcheln von Hurghada<\/a><\/li>\n<li><a href=\"https:\/\/hurghadalovers.com\/de\/tours\/tauchen-bootsausflug-fur-anfanger-von-hurghada\/\">Tauchbootausflug f\u00fcr Anf\u00e4nger ab Hurghada<\/a><\/li>\n<li><a href=\"https:\/\/hurghadalovers.com\/de\/tours\/tages-tauchgang-bootsfahrt-von-hurghada\/\">T\u00e4gliche Tauchfahrten f\u00fcr Fortgeschrittene ab Hurghada<\/a><\/li>\n<li><a href=\"https:\/\/hurghadalovers.com\/de\/tours\/padi-offenwasser-taucher-kurs-in-hurghada\/\">Hurghada PADI Open Water Diver Kurs<\/a> | Kurse F\u00fcr das Tauchen<\/li>\n<\/ul>\n","protected":false},"excerpt":{"rendered":"<p>Hurghada Bootsverleih zur Schnorcheln mit delfinen | Privater Boot mieten mit Schnorcheln, Wassersport und Mittagessen. Das sch\u00f6nste Hurghada <strong>Familienfreundliche Aktivit\u00e4ten und mehr bei uns<\/strong>&#8230;<\/p>\n","protected":false},"featured_media":395436,"template":"","meta":{"_joinchat":[]},"product_brand":[],"product_cat":[29817],"product_tag":[],"class_list":{"0":"post-382333","1":"product","2":"type-product","3":"status-publish","4":"has-post-thumbnail","6":"product_cat-touren","7":"tour_category-hurghada-reisen","8":"tour_category-hurghada-snorkeling-trips-de","10":"first","11":"instock","12":"sale","13":"shipping-taxable","14":"purchasable","15":"product-type-tour"},"yoast_head":"<!-- This site is optimized with the Yoast SEO Premium plugin v26.9 (Yoast SEO v27.2) - https:\/\/yoast.com\/product\/yoast-seo-premium-wordpress\/ -->\n<title>Hurghada Bootsverleih zur Schnorcheln mit delfinen | Privater Boot<\/title>\n<meta name=\"description\" content=\"Hurghada Bootsverleih zur Schnorcheln mit delfinen | Privater Boot mieten mit Schnorcheln, Wassersport und Mittagessen | Die sch\u00f6nsten\" \/>\n<meta name=\"robots\" content=\"index, follow, max-snippet:-1, max-image-preview:large, max-video-preview:-1\" \/>\n<link rel=\"canonical\" href=\"https:\/\/hurghadalovers.com\/de\/tours\/hurghada-boat-charters-to-dolphin-house-mit-schnorcheln\/\" \/>\n<meta property=\"og:locale\" content=\"de_DE\" \/>\n<meta property=\"og:type\" content=\"article\" \/>\n<meta property=\"og:title\" content=\"Hurghada Bootsverleih zur Schnorcheln mit delfinen | Privater Boot mieten\" \/>\n<meta property=\"og:description\" content=\"Hurghada Bootsverleih zur Schnorcheln mit delfinen | Privater Boot mieten mit Schnorcheln, Wassersport und Mittagessen | Die sch\u00f6nsten\" \/>\n<meta property=\"og:url\" content=\"https:\/\/hurghadalovers.com\/de\/tours\/hurghada-boat-charters-to-dolphin-house-mit-schnorcheln\/\" \/>\n<meta property=\"og:site_name\" content=\"Hurghada Excursions &amp; Day Trips | Booking Best Prices Tours\" \/>\n<meta property=\"article:publisher\" content=\"https:\/\/www.facebook.com\/Hurghadaloversegypt\" \/>\n<meta property=\"article:modified_time\" content=\"2026-02-10T06:45:43+00:00\" \/>\n<meta property=\"og:image\" content=\"https:\/\/hurghadalovers.com\/wp-content\/uploads\/2023\/09\/El-Gouna-Boat-Charters-to-Dolphin-House.jpeg\" \/>\n\t<meta property=\"og:image:width\" content=\"1156\" \/>\n\t<meta property=\"og:image:height\" content=\"867\" \/>\n\t<meta property=\"og:image:type\" content=\"image\/jpeg\" \/>\n<meta name=\"twitter:card\" content=\"summary_large_image\" \/>\n<meta name=\"twitter:label1\" content=\"Price\" \/>\n\t<meta name=\"twitter:data1\" content=\"&euro;&nbsp;400\" \/>\n\t<meta name=\"twitter:label2\" content=\"Availability\" \/>\n\t<meta name=\"twitter:data2\" content=\"In stock\" \/>\n<script type=\"application\/ld+json\" class=\"yoast-schema-graph\">{\"@context\":\"https:\/\/schema.org\",\"@graph\":[{\"@type\":[\"WebPage\",\"ItemPage\"],\"@id\":\"https:\/\/hurghadalovers.com\/de\/tours\/hurghada-boat-charters-to-dolphin-house-mit-schnorcheln\/\",\"url\":\"https:\/\/hurghadalovers.com\/de\/tours\/hurghada-boat-charters-to-dolphin-house-mit-schnorcheln\/\",\"name\":\"Hurghada Bootsverleih zur Schnorcheln mit delfinen | Privater Boot\",\"isPartOf\":{\"@id\":\"https:\/\/hurghadalovers.com\/de\/#website\"},\"primaryImageOfPage\":{\"@id\":\"https:\/\/hurghadalovers.com\/de\/tours\/hurghada-boat-charters-to-dolphin-house-mit-schnorcheln\/#primaryimage\"},\"image\":{\"@id\":\"https:\/\/hurghadalovers.com\/de\/tours\/hurghada-boat-charters-to-dolphin-house-mit-schnorcheln\/#primaryimage\"},\"thumbnailUrl\":\"https:\/\/hurghadalovers.com\/wp-content\/uploads\/2023\/09\/El-Gouna-Boat-Charters-to-Dolphin-House.jpeg\",\"datePublished\":\"2023-08-22T11:41:09+00:00\",\"dateModified\":\"2026-02-10T06:45:43+00:00\",\"description\":\"Hurghada Bootsverleih zur Schnorcheln mit delfinen | Privater Boot mieten mit Schnorcheln, Wassersport und Mittagessen | Die sch\u00f6nsten\",\"breadcrumb\":{\"@id\":\"https:\/\/hurghadalovers.com\/de\/tours\/hurghada-boat-charters-to-dolphin-house-mit-schnorcheln\/#breadcrumb\"},\"inLanguage\":\"de-DE\",\"potentialAction\":[{\"@type\":\"ReadAction\",\"target\":[\"https:\/\/hurghadalovers.com\/de\/tours\/hurghada-boat-charters-to-dolphin-house-mit-schnorcheln\/\"]}]},{\"@type\":\"ImageObject\",\"inLanguage\":\"de-DE\",\"@id\":\"https:\/\/hurghadalovers.com\/de\/tours\/hurghada-boat-charters-to-dolphin-house-mit-schnorcheln\/#primaryimage\",\"url\":\"https:\/\/hurghadalovers.com\/wp-content\/uploads\/2023\/09\/El-Gouna-Boat-Charters-to-Dolphin-House.jpeg\",\"contentUrl\":\"https:\/\/hurghadalovers.com\/wp-content\/uploads\/2023\/09\/El-Gouna-Boat-Charters-to-Dolphin-House.jpeg\",\"width\":1156,\"height\":867,\"caption\":\"El Gouna Bootscharter zum Dolphin House\"},{\"@type\":\"BreadcrumbList\",\"@id\":\"https:\/\/hurghadalovers.com\/de\/tours\/hurghada-boat-charters-to-dolphin-house-mit-schnorcheln\/#breadcrumb\",\"itemListElement\":[{\"@type\":\"ListItem\",\"position\":1,\"name\":\"Home\",\"item\":\"https:\/\/hurghadalovers.com\/de\/\"},{\"@type\":\"ListItem\",\"position\":2,\"name\":\"Shop\",\"item\":\"https:\/\/hurghadalovers.com\/shop\/\"},{\"@type\":\"ListItem\",\"position\":3,\"name\":\"Hurghada Bootsverleih zur Schnorcheln mit delfinen | Privater Boot mieten\"}]},{\"@type\":\"WebSite\",\"@id\":\"https:\/\/hurghadalovers.com\/de\/#website\",\"url\":\"https:\/\/hurghadalovers.com\/de\/\",\"name\":\"Hurghada Excursions & Day Trips | Booking Best Prices Tours\",\"description\":\"Hurghada Lovers - Best Tour Operator - Excursions &amp; Things to do for Family Day Trips with kids and Couples Romantic. Unique .Hidden gems\",\"publisher\":{\"@id\":\"https:\/\/hurghadalovers.com\/de\/#organization\"},\"alternateName\":\"Hurghada Excursions\",\"potentialAction\":[{\"@type\":\"SearchAction\",\"target\":{\"@type\":\"EntryPoint\",\"urlTemplate\":\"https:\/\/hurghadalovers.com\/de\/?s={search_term_string}\"},\"query-input\":{\"@type\":\"PropertyValueSpecification\",\"valueRequired\":true,\"valueName\":\"search_term_string\"}}],\"inLanguage\":\"de-DE\"},{\"@type\":[\"Organization\",\"Place\",\"TravelAgency\"],\"@id\":\"https:\/\/hurghadalovers.com\/de\/#organization\",\"name\":\"Hurghada Excursions\",\"url\":\"https:\/\/hurghadalovers.com\/de\/\",\"logo\":{\"@id\":\"https:\/\/hurghadalovers.com\/de\/tours\/hurghada-boat-charters-to-dolphin-house-mit-schnorcheln\/#local-main-organization-logo\"},\"image\":{\"@id\":\"https:\/\/hurghadalovers.com\/de\/tours\/hurghada-boat-charters-to-dolphin-house-mit-schnorcheln\/#local-main-organization-logo\"},\"sameAs\":[\"https:\/\/www.facebook.com\/Hurghadaloversegypt\"],\"address\":{\"@id\":\"https:\/\/hurghadalovers.com\/de\/tours\/hurghada-boat-charters-to-dolphin-house-mit-schnorcheln\/#local-main-place-address\"},\"telephone\":[\"00201112596434\"],\"contactPoint\":{\"@type\":\"ContactPoint\",\"telephone\":\"00201112596434\",\"email\":\"weyouface@gmail.com\"},\"openingHoursSpecification\":{\"@type\":\"OpeningHoursSpecification\",\"dayOfWeek\":[\"Monday\",\"Tuesday\",\"Wednesday\",\"Thursday\",\"Friday\",\"Saturday\",\"Sunday\"],\"opens\":\"00:00\",\"closes\":\"23:59\"},\"email\":\"weyouface@gmail.com\",\"areaServed\":\"Luxor, Hurghada, El Gouna, Aswan, Sharm El Sheikh, Giza, Alexandria, Marsa Alam, Quseir, Soma Bay, Sahl Hasheesh, Red Sea, Makadi Bay, Cairo\",\"priceRange\":\"$\",\"currenciesAccepted\":\"euro\",\"paymentAccepted\":\"cash on site\"},{\"@type\":\"PostalAddress\",\"@id\":\"https:\/\/hurghadalovers.com\/de\/tours\/hurghada-boat-charters-to-dolphin-house-mit-schnorcheln\/#local-main-place-address\",\"streetAddress\":\"17 Banks street, Alkawther area, top nbk bank\",\"addressLocality\":\"hurghada\",\"postalCode\":\"84511\",\"addressRegion\":\"red sea\",\"addressCountry\":\"EG\"},{\"@type\":\"ImageObject\",\"inLanguage\":\"de-DE\",\"@id\":\"https:\/\/hurghadalovers.com\/de\/tours\/hurghada-boat-charters-to-dolphin-house-mit-schnorcheln\/#local-main-organization-logo\",\"url\":\"https:\/\/hurghadalovers.com\/wp-content\/uploads\/2019\/10\/hurghada-excursions-logo.png\",\"contentUrl\":\"https:\/\/hurghadalovers.com\/wp-content\/uploads\/2019\/10\/hurghada-excursions-logo.png\",\"width\":272,\"height\":90,\"caption\":\"Hurghada Excursions\"}]}<\/script>\n<meta property=\"product:brand\" content=\"Hurghada Ausfl\u00fcge\" \/>\n<meta property=\"product:price:amount\" content=\"400\" \/>\n<meta property=\"product:price:currency\" content=\"EUR\" \/>\n<meta property=\"og:availability\" content=\"instock\" \/>\n<meta property=\"product:availability\" content=\"instock\" \/>\n<meta property=\"product:retailer_item_id\" content=\"Private032024\" \/>\n<meta property=\"product:condition\" content=\"new\" \/>\n<meta name=\"geo.placename\" content=\"hurghada\" \/>\n<meta name=\"geo.region\" content=\"Egypt\" \/>\n<!-- \/ Yoast SEO Premium plugin. -->","yoast_head_json":{"title":"Hurghada Bootsverleih zur Schnorcheln mit delfinen | Privater Boot","description":"Hurghada Bootsverleih zur Schnorcheln mit delfinen | Privater Boot mieten mit Schnorcheln, Wassersport und Mittagessen | Die sch\u00f6nsten","robots":{"index":"index","follow":"follow","max-snippet":"max-snippet:-1","max-image-preview":"max-image-preview:large","max-video-preview":"max-video-preview:-1"},"canonical":"https:\/\/hurghadalovers.com\/de\/tours\/hurghada-boat-charters-to-dolphin-house-mit-schnorcheln\/","og_locale":"de_DE","og_type":"article","og_title":"Hurghada Bootsverleih zur Schnorcheln mit delfinen | Privater Boot mieten","og_description":"Hurghada Bootsverleih zur Schnorcheln mit delfinen | Privater Boot mieten mit Schnorcheln, Wassersport und Mittagessen | Die sch\u00f6nsten","og_url":"https:\/\/hurghadalovers.com\/de\/tours\/hurghada-boat-charters-to-dolphin-house-mit-schnorcheln\/","og_site_name":"Hurghada Excursions &amp; Day Trips | Booking Best Prices Tours","article_publisher":"https:\/\/www.facebook.com\/Hurghadaloversegypt","article_modified_time":"2026-02-10T06:45:43+00:00","og_image":[{"width":1156,"height":867,"url":"https:\/\/hurghadalovers.com\/wp-content\/uploads\/2023\/09\/El-Gouna-Boat-Charters-to-Dolphin-House.jpeg","type":"image\/jpeg"}],"twitter_card":"summary_large_image","twitter_misc":{"Price":"&euro;&nbsp;400","Availability":"In stock"},"schema":{"@context":"https:\/\/schema.org","@graph":[{"@type":["WebPage","ItemPage"],"@id":"https:\/\/hurghadalovers.com\/de\/tours\/hurghada-boat-charters-to-dolphin-house-mit-schnorcheln\/","url":"https:\/\/hurghadalovers.com\/de\/tours\/hurghada-boat-charters-to-dolphin-house-mit-schnorcheln\/","name":"Hurghada Bootsverleih zur Schnorcheln mit delfinen | Privater Boot","isPartOf":{"@id":"https:\/\/hurghadalovers.com\/de\/#website"},"primaryImageOfPage":{"@id":"https:\/\/hurghadalovers.com\/de\/tours\/hurghada-boat-charters-to-dolphin-house-mit-schnorcheln\/#primaryimage"},"image":{"@id":"https:\/\/hurghadalovers.com\/de\/tours\/hurghada-boat-charters-to-dolphin-house-mit-schnorcheln\/#primaryimage"},"thumbnailUrl":"https:\/\/hurghadalovers.com\/wp-content\/uploads\/2023\/09\/El-Gouna-Boat-Charters-to-Dolphin-House.jpeg","datePublished":"2023-08-22T11:41:09+00:00","dateModified":"2026-02-10T06:45:43+00:00","description":"Hurghada Bootsverleih zur Schnorcheln mit delfinen | Privater Boot mieten mit Schnorcheln, Wassersport und Mittagessen | Die sch\u00f6nsten","breadcrumb":{"@id":"https:\/\/hurghadalovers.com\/de\/tours\/hurghada-boat-charters-to-dolphin-house-mit-schnorcheln\/#breadcrumb"},"inLanguage":"de-DE","potentialAction":[{"@type":"ReadAction","target":["https:\/\/hurghadalovers.com\/de\/tours\/hurghada-boat-charters-to-dolphin-house-mit-schnorcheln\/"]}]},{"@type":"ImageObject","inLanguage":"de-DE","@id":"https:\/\/hurghadalovers.com\/de\/tours\/hurghada-boat-charters-to-dolphin-house-mit-schnorcheln\/#primaryimage","url":"https:\/\/hurghadalovers.com\/wp-content\/uploads\/2023\/09\/El-Gouna-Boat-Charters-to-Dolphin-House.jpeg","contentUrl":"https:\/\/hurghadalovers.com\/wp-content\/uploads\/2023\/09\/El-Gouna-Boat-Charters-to-Dolphin-House.jpeg","width":1156,"height":867,"caption":"El Gouna Bootscharter zum Dolphin House"},{"@type":"BreadcrumbList","@id":"https:\/\/hurghadalovers.com\/de\/tours\/hurghada-boat-charters-to-dolphin-house-mit-schnorcheln\/#breadcrumb","itemListElement":[{"@type":"ListItem","position":1,"name":"Home","item":"https:\/\/hurghadalovers.com\/de\/"},{"@type":"ListItem","position":2,"name":"Shop","item":"https:\/\/hurghadalovers.com\/shop\/"},{"@type":"ListItem","position":3,"name":"Hurghada Bootsverleih zur Schnorcheln mit delfinen | Privater Boot mieten"}]},{"@type":"WebSite","@id":"https:\/\/hurghadalovers.com\/de\/#website","url":"https:\/\/hurghadalovers.com\/de\/","name":"Hurghada Excursions & Day Trips | Booking Best Prices Tours","description":"Hurghada Lovers - Best Tour Operator - Excursions &amp; Things to do for Family Day Trips with kids and Couples Romantic. Unique .Hidden gems","publisher":{"@id":"https:\/\/hurghadalovers.com\/de\/#organization"},"alternateName":"Hurghada Excursions","potentialAction":[{"@type":"SearchAction","target":{"@type":"EntryPoint","urlTemplate":"https:\/\/hurghadalovers.com\/de\/?s={search_term_string}"},"query-input":{"@type":"PropertyValueSpecification","valueRequired":true,"valueName":"search_term_string"}}],"inLanguage":"de-DE"},{"@type":["Organization","Place","TravelAgency"],"@id":"https:\/\/hurghadalovers.com\/de\/#organization","name":"Hurghada Excursions","url":"https:\/\/hurghadalovers.com\/de\/","logo":{"@id":"https:\/\/hurghadalovers.com\/de\/tours\/hurghada-boat-charters-to-dolphin-house-mit-schnorcheln\/#local-main-organization-logo"},"image":{"@id":"https:\/\/hurghadalovers.com\/de\/tours\/hurghada-boat-charters-to-dolphin-house-mit-schnorcheln\/#local-main-organization-logo"},"sameAs":["https:\/\/www.facebook.com\/Hurghadaloversegypt"],"address":{"@id":"https:\/\/hurghadalovers.com\/de\/tours\/hurghada-boat-charters-to-dolphin-house-mit-schnorcheln\/#local-main-place-address"},"telephone":["00201112596434"],"contactPoint":{"@type":"ContactPoint","telephone":"00201112596434","email":"weyouface@gmail.com"},"openingHoursSpecification":{"@type":"OpeningHoursSpecification","dayOfWeek":["Monday","Tuesday","Wednesday","Thursday","Friday","Saturday","Sunday"],"opens":"00:00","closes":"23:59"},"email":"weyouface@gmail.com","areaServed":"Luxor, Hurghada, El Gouna, Aswan, Sharm El Sheikh, Giza, Alexandria, Marsa Alam, Quseir, Soma Bay, Sahl Hasheesh, Red Sea, Makadi Bay, Cairo","priceRange":"$","currenciesAccepted":"euro","paymentAccepted":"cash on site"},{"@type":"PostalAddress","@id":"https:\/\/hurghadalovers.com\/de\/tours\/hurghada-boat-charters-to-dolphin-house-mit-schnorcheln\/#local-main-place-address","streetAddress":"17 Banks street, Alkawther area, top nbk bank","addressLocality":"hurghada","postalCode":"84511","addressRegion":"red sea","addressCountry":"EG"},{"@type":"ImageObject","inLanguage":"de-DE","@id":"https:\/\/hurghadalovers.com\/de\/tours\/hurghada-boat-charters-to-dolphin-house-mit-schnorcheln\/#local-main-organization-logo","url":"https:\/\/hurghadalovers.com\/wp-content\/uploads\/2019\/10\/hurghada-excursions-logo.png","contentUrl":"https:\/\/hurghadalovers.com\/wp-content\/uploads\/2019\/10\/hurghada-excursions-logo.png","width":272,"height":90,"caption":"Hurghada Excursions"}]},"product_brand":"Hurghada Ausfl\u00fcge","product_price_amount":"400","product_price_currency":"EUR","og_availability":"instock","product_availability":"instock","product_retailer_item_id":"Private032024","product_condition":"new","geo.placename":"hurghada","geo.region":"Egypt"},"_links":{"self":[{"href":"https:\/\/hurghadalovers.com\/de\/wp-json\/wp\/v2\/product\/382333","targetHints":{"allow":["GET"]}}],"collection":[{"href":"https:\/\/hurghadalovers.com\/de\/wp-json\/wp\/v2\/product"}],"about":[{"href":"https:\/\/hurghadalovers.com\/de\/wp-json\/wp\/v2\/types\/product"}],"wp:featuredmedia":[{"embeddable":true,"href":"https:\/\/hurghadalovers.com\/de\/wp-json\/wp\/v2\/media\/395436"}],"wp:attachment":[{"href":"https:\/\/hurghadalovers.com\/de\/wp-json\/wp\/v2\/media?parent=382333"}],"wp:term":[{"taxonomy":"product_brand","embeddable":true,"href":"https:\/\/hurghadalovers.com\/de\/wp-json\/wp\/v2\/product_brand?post=382333"},{"taxonomy":"product_cat","embeddable":true,"href":"https:\/\/hurghadalovers.com\/de\/wp-json\/wp\/v2\/product_cat?post=382333"},{"taxonomy":"product_tag","embeddable":true,"href":"https:\/\/hurghadalovers.com\/de\/wp-json\/wp\/v2\/product_tag?post=382333"}],"curies":[{"name":"wp","href":"https:\/\/api.w.org\/{rel}","templated":true}]}}