{"id":380699,"date":"2025-09-30T12:00:56","date_gmt":"2025-09-30T12:00:56","guid":{"rendered":"https:\/\/hurghadalovers.com\/shop\/unkategorisiert\/schnorchel-bootsfahrt-von-hurghada-aus\/"},"modified":"2026-01-11T20:59:37","modified_gmt":"2026-01-11T20:59:37","slug":"schnorcheln-bootsausflug-von-hurghada","status":"publish","type":"product","link":"https:\/\/hurghadalovers.com\/de\/tours\/schnorcheln-bootsausflug-von-hurghada\/","title":{"rendered":"Bootsfahrten und Schnorcheln von Hurghada"},"content":{"rendered":"<p><strong>Bootsfahrten und Schnorcheln von Hurghada<\/strong> mit Wassersport und Mittagessen, Transfer.<\/p>\n<p style=\"text-align: center;\">Das sch\u00f6nste Hurghada <span style=\"color: #00ccff;\"><br \/>\n<strong>Familienfreundliche Aktivit\u00e4ten<\/strong><br \/>\n<\/span>, <span style=\"color: #00ccff;\"><br \/>\n<strong>Unternehmungen mit Kindern<\/strong><br \/>\n<\/span>Senioren, <span style=\"color: #993366;\"><br \/>\n<strong>Flitterwochen<\/strong><br \/>\n<\/span> und <span style=\"color: #993366;\"><br \/>\n<strong>Ehepaar<\/strong><\/span><\/p>\n<p><strong>H\u00f6hepunkte:<\/strong><\/p>\n<ul>\n<li>2 Spots Schnorcheln Hausriff.<\/li>\n<li>Wassersport &#8220;Banane und Quattro&#8221;.<\/li>\n<\/ul>\n<p><strong>Bootsfahrten und Schnorcheln von Hurghada Details:<\/strong><\/p>\n<ul>\n<li>Verf\u00fcgbarkeit der Tour: Jeden Tag.<\/li>\n<li>Tour-Typ: Gruppe.<\/li>\n<li>Abholzeit: Ab 08:00 Uhr morgens.<\/li>\n<li>Abholzeit: 17:00 Uhr.<\/li>\n<li>F\u00fcr Rollstuhlfahrer zug\u00e4nglich.<\/li>\n<li>Dauer: 8 Std.<\/li>\n<\/ul>\n<p><strong>Jetzt reservieren und sp\u00e4ter bezahlen:<\/strong><\/p>\n<ul>\n<li>Bargeld vor Ort zu f\u00fchren.<\/li>\n<li>Zahlung in \u00e4gyptischen Pfund, $, \u20ac oder \u00a3.<\/li>\n<\/ul>\n<p><strong>Stornierungsbedingungen:<\/strong><\/p>\n<ul>\n<li>Sie k\u00f6nnen bis zu 24 Stunden im Voraus stornieren.<\/li>\n<li>Wenn jemand aus Ihrer Familie den Vormittag absagt, zahlen Sie 50 % der Kosten.<\/li>\n<\/ul>\n<p><strong>Was ist inbegriffen?<\/strong><\/p>\n<ul>\n<li>Transfer von Hurghada Hotels &#8220;Hotel abholen und zur\u00fcckbringen&#8221;.<\/li>\n<li>Alle Steuern, Eintrittsgelder und Bearbeitungsgeb\u00fchren.<\/li>\n<li>Reiseleiter.<\/li>\n<li>Mineralwasser + Cola + Milch + Kaffee\/Tee.<\/li>\n<li>2 Schnorchelpl\u00e4tze<\/li>\n<li>Wassersport &#8220;Banane, Sofa-Boot&#8221;.<\/li>\n<li>Schnorchelausr\u00fcstung &#8220;Masken und Schwimmflossen&#8221;.<\/li>\n<li>Mittagsbuffet auf dem Schiff.<\/li>\n<li>Schwimmwesten.<\/li>\n<\/ul>\n<p><strong>Ausnahmen?<\/strong><\/p>\n<ul>\n<li>Trinkgeld.<\/li>\n<li>Fotografie &amp; Fotos f\u00fcr die Reise.<\/li>\n<li>Wir bieten Rent Badeanz\u00fcge &amp; Bademode f\u00fcr Frauen, M\u00e4nner, Kinder alle Gr\u00f6\u00dfe &#8221; 5$ pro ein&#8221;.<\/li>\n<li>Alle nicht erw\u00e4hnten Extras.<\/li>\n<\/ul>\n<p><strong>Bootsfahrten und Schnorcheln von Hurghada Preise:<\/strong><\/p>\n<ul>\n<li><strong>Preis f\u00fcr Erwachsene = <\/strong><strong>20$<\/strong><strong> pro Person<\/strong>.<\/li>\n<li>Preis f\u00fcr Kinder &#8220;5-12\u2033= 50%.<\/li>\n<li>f\u00fcr Kinder &#8220;0-5\u2033= Kostenlos.<\/li>\n<\/ul>\n<p><strong>Bewertungen:<\/strong><\/p>\n<p>\u00fcberpr\u00fcfen Sie unsere Google Map Bewertungen als bester <a href=\"https:\/\/g.page\/r\/CUeYvkngP3wkEBM\/review\">Reiseveranstalter in Hurghada<\/a> online in <a href=\"https:\/\/hurghadalovers.com\/\">Hurghada<\/a> \u00c4gypten.<\/p>\n<p>&nbsp;<\/p>\n<p><strong>Anmerkung: <\/strong><\/p>\n<p>Wir machen auch Touren mit Transfer von Ihrem Hotel in El Goua, Soma Bucht, Makadi Bucht, Sahl Hasheesh, Safaga mit extra Kosten= 10$ pro Person.<\/p>\n<p>&nbsp;<\/p>\n<p><strong>Reservierung:<\/strong><\/p>\n<p>Senden Sie Hotel + Zimmernummer + Fotop\u00e4sse an WhatsApp: <strong>+201112596434<\/strong><\/p>\n<p>Wenn Sie aus \u00c4gypten Buchen Sie jetzt online und best\u00e4tigen Sie bei der Ankunft Hotel.<\/p>\n<p><span style=\"color: #00ccff;\">&#8212;&#8212;&#8212;&#8212;- | &#8212;&#8212;&#8212;&#8212;&#8211; | &#8212;&#8212;&#8212;&#8212;&#8212;<\/span><\/p>\n<p>&nbsp;<\/p>\n<p>Pr\u00fcfen <a href=\"https:\/\/hurghadalovers.com\/de\/tour-category\/hurghada-reisen\/\"><strong>Hurghada Ausfl\u00fcge<\/strong><\/a> &#8211; <a href=\"https:\/\/hurghadalovers.com\/de\/tour-category\/hurghada-snorkeling-trips-de\/\"><strong>Schnorcheln in Hurghada<\/strong><\/a>:<\/p>\n<ul>\n<li><a href=\"https:\/\/hurghadalovers.com\/de\/tours\/orange-bay-island-schnorchel-trip-von-hurghada\/\">Orange Bay Insel Hurghada Schnorcheln Ausflug<\/a><\/li>\n<li><a href=\"https:\/\/hurghadalovers.com\/de\/tours\/paradiesische-inseln-schnorcheln-reise-ab-hurghada\/\">Paradise Insel Hurghada Schnorcheln Ausflug<\/a><\/li>\n<li><a href=\"https:\/\/hurghadalovers.com\/de\/tours\/delfinhaus-schnorcheln-tagesausflug-von-hurghada\/\">Delfin Tour Hurghada<\/a> | Schnorcheln mit delfinen<\/li>\n<li><a href=\"https:\/\/hurghadalovers.com\/de\/tours\/luxus-elite-orange-bucht-insel-reise-von-hurghada\/\">Luxus-Bootsfahrt zur Orange Bay Insel von Hurghada<\/a> | VIP Elite Ausflug<\/li>\n<li><a href=\"https:\/\/hurghadalovers.com\/de\/tours\/piraten-segelboot-zur-orange-bucht-insel-von-hurghada\/\">Piraten-Segelboot zur Orangenbucht Insel von Hurghada Ausflug<\/a><\/li>\n<li><strong><a href=\"https:\/\/hurghadalovers.com\/de\/tours\/hurghada-boat-charters-to-orange-bay-island\/\">Hurghada Bootsverleih zur Orange Bay Insel<\/a><\/strong> | Privater Boot mieten<\/li>\n<li><a href=\"https:\/\/hurghadalovers.com\/de\/tours\/privat-hurghada-boot-charter-zur-paradies-insel\/\">Hurghada Bootsverleih zur Paradise Insel<\/a><\/li>\n<li><a href=\"https:\/\/hurghadalovers.com\/de\/tours\/hurghada-boat-charters-to-dolphin-house-mit-schnorcheln\/\">Hurghada Bootsverleih zur Schnorcheln mit delfinen<\/a><\/li>\n<li><strong><a href=\"https:\/\/hurghadalovers.com\/de\/tours\/privat-schnellboot-verleih-zur-orange-bay-insel-von-hurghada\/\">Hurghada Schnellbootverleih zur Orange Bay Insel<\/a><\/strong> | Privater Jetbootverleih &#8211; Speedboot-Abenteuer<\/li>\n<li><a href=\"https:\/\/hurghadalovers.com\/de\/tours\/privat-schnellboot-verleih-zur-paradies-insel\/\">Hurghada Schnellbootverleih zur Paradise Insel<\/a><\/li>\n<li><a href=\"https:\/\/hurghadalovers.com\/de\/tours\/privat-schnellboot-vermietung-zur-orange-bay-paradies-insel-von-hurghada\/\">Hurghada Schnellbootverleih zur Orange Bay &amp; Paradise Insel<\/a><\/li>\n<li><a href=\"https:\/\/hurghadalovers.com\/de\/tours\/privates-schnellboot-zum-delfinhaus-von-hurghada\/\">Hurghada Schnellbootverleih zur Schnorcheln mit delfinen<\/a><\/li>\n<li><a href=\"https:\/\/hurghadalovers.com\/de\/tours\/schnellboot-vermietung-zum-delfin-haus-orange-bay\/\">Hurghada Schnellbootverleih zur Orange bay Insel &amp; Schnorcheln mit delfinen<\/a><\/li>\n<li><a href=\"https:\/\/hurghadalovers.com\/de\/tours\/schnellboot-vermietung-zum-delfinhaus-paradies-auf-der-insel-von-hurghada\/\">Hurghada Schnellbootverleih zur Paradise Insel &amp; Schnorcheln mit delfinen<\/a><\/li>\n<li><a href=\"https:\/\/hurghadalovers.com\/de\/tours\/privat-schnellboot-vermietung-nach-eden-inseln-von-hurghada\/\">Hurghada Schnellbootverleih zur Eden Insel<\/a><\/li>\n<li>Bootsfahrten und Schnorcheln von Hurghada<\/li>\n<li><a href=\"https:\/\/hurghadalovers.com\/de\/tours\/tauchen-bootsausflug-fur-anfanger-von-hurghada\/\">Tauchbootausflug f\u00fcr Anf\u00e4nger ab Hurghada<\/a><\/li>\n<li><a href=\"https:\/\/hurghadalovers.com\/de\/tours\/tages-tauchgang-bootsfahrt-von-hurghada\/\">T\u00e4gliche Tauchfahrten f\u00fcr Fortgeschrittene ab Hurghada<\/a><\/li>\n<li><a href=\"https:\/\/hurghadalovers.com\/de\/tours\/padi-offenwasser-taucher-kurs-in-hurghada\/\">Hurghada PADI Open Water Diver Kurs<\/a> | Kurse F\u00fcr das Tauchen<\/li>\n<\/ul>\n","protected":false},"excerpt":{"rendered":"<p>Bootsfahrten und Schnorcheln von Hurghada mit Wassersport und Mittagessen, Transfer | Sch\u00f6nste Hurghada Familienfreundliche Aktivit\u00e4ten, Dinge zu tun mit Kindern, Senioren, Flitterwochen und Paare.<\/p>\n","protected":false},"featured_media":395044,"template":"","meta":{"_joinchat":[]},"product_brand":[],"product_cat":[29817],"product_tag":[59401,59644,59405,59300,59330,59652,59648,59628,59660,59387,59419,59639,59636,59656,59520,59632,59294],"class_list":{"0":"post-380699","1":"product","2":"type-product","3":"status-publish","4":"has-post-thumbnail","6":"product_cat-touren","7":"product_tag-aktivitaten-fur-kleinkinder-in-hurghada","8":"product_tag-dolphin-house-hurghada-de","9":"product_tag-familienaktivitaten-von-hurghada-aus","10":"product_tag-familienausfluge-von-hurghada-aus","11":"product_tag-familienausfluge-von-hurghada-aus-de","12":"product_tag-giftun-insel-hurghada","13":"product_tag-hurghada-bootsausfluge","14":"product_tag-hurghada-schnorchelausfluge","15":"product_tag-indoor-spasaktivitaten-von-hurghada-aus","16":"product_tag-kinderaktivitaten-von-hurghada-aus","17":"product_tag-lustige-familienaktivitaten-von-hurghada-aus","18":"product_tag-orange-bay-insel-hurghada","19":"product_tag-paradiesinsel-hurghada","20":"product_tag-piratenschiff-hurghada","21":"product_tag-schwimmen-mit-delfinen-hurghada","22":"product_tag-tauchen-in-hurghada","23":"product_tag-unternehmungen-mit-kindern-von-hurghada-aus","24":"tour_category-hurghada-reisen","25":"tour_category-hurghada-snorkeling-trips-de","27":"first","28":"instock","29":"sale","30":"shipping-taxable","31":"purchasable","32":"product-type-tour"},"yoast_head":"<!-- This site is optimized with the Yoast SEO Premium plugin v26.9 (Yoast SEO v27.2) - https:\/\/yoast.com\/product\/yoast-seo-premium-wordpress\/ -->\n<title>Bootsfahrten und Schnorcheln von Hurghada<\/title>\n<meta name=\"description\" content=\"Bootsfahrten und Schnorcheln von Hurghada mit Wassersport und Mittagessen, Transfer | Familienfreundliche Aktivit\u00e4ten mit Kindern, Senioren\" \/>\n<meta name=\"robots\" content=\"index, follow, max-snippet:-1, max-image-preview:large, max-video-preview:-1\" \/>\n<link rel=\"canonical\" href=\"https:\/\/hurghadalovers.com\/de\/tours\/schnorcheln-bootsausflug-von-hurghada\/\" \/>\n<meta property=\"og:locale\" content=\"de_DE\" \/>\n<meta property=\"og:type\" content=\"article\" \/>\n<meta property=\"og:title\" content=\"Bootsfahrten und Schnorcheln von Hurghada\" \/>\n<meta property=\"og:description\" content=\"Bootsfahrten und Schnorcheln von Hurghada mit Wassersport und Mittagessen, Transfer | Familienfreundliche Aktivit\u00e4ten mit Kindern, Senioren\" \/>\n<meta property=\"og:url\" content=\"https:\/\/hurghadalovers.com\/de\/tours\/schnorcheln-bootsausflug-von-hurghada\/\" \/>\n<meta property=\"og:site_name\" content=\"Hurghada Excursions &amp; Day Trips | Booking Best Prices Tours\" \/>\n<meta property=\"article:publisher\" content=\"https:\/\/www.facebook.com\/Hurghadaloversegypt\" \/>\n<meta property=\"article:modified_time\" content=\"2026-01-11T20:59:37+00:00\" \/>\n<meta property=\"og:image\" content=\"https:\/\/hurghadalovers.com\/wp-content\/uploads\/2023\/09\/El-Gouna-Snorkeling-Boat-Trip.jpeg\" \/>\n\t<meta property=\"og:image:width\" content=\"1156\" \/>\n\t<meta property=\"og:image:height\" content=\"867\" \/>\n\t<meta property=\"og:image:type\" content=\"image\/jpeg\" \/>\n<meta name=\"twitter:card\" content=\"summary_large_image\" \/>\n<meta name=\"twitter:label1\" content=\"Price\" \/>\n\t<meta name=\"twitter:data1\" content=\"&euro;&nbsp;25\" \/>\n\t<meta name=\"twitter:label2\" content=\"Availability\" \/>\n\t<meta name=\"twitter:data2\" content=\"In stock\" \/>\n<script type=\"application\/ld+json\" class=\"yoast-schema-graph\">{\"@context\":\"https:\/\/schema.org\",\"@graph\":[{\"@type\":[\"WebPage\",\"ItemPage\"],\"@id\":\"https:\/\/hurghadalovers.com\/de\/tours\/schnorcheln-bootsausflug-von-hurghada\/\",\"url\":\"https:\/\/hurghadalovers.com\/de\/tours\/schnorcheln-bootsausflug-von-hurghada\/\",\"name\":\"Bootsfahrten und Schnorcheln von Hurghada\",\"isPartOf\":{\"@id\":\"https:\/\/hurghadalovers.com\/de\/#website\"},\"primaryImageOfPage\":{\"@id\":\"https:\/\/hurghadalovers.com\/de\/tours\/schnorcheln-bootsausflug-von-hurghada\/#primaryimage\"},\"image\":{\"@id\":\"https:\/\/hurghadalovers.com\/de\/tours\/schnorcheln-bootsausflug-von-hurghada\/#primaryimage\"},\"thumbnailUrl\":\"https:\/\/hurghadalovers.com\/wp-content\/uploads\/2023\/09\/El-Gouna-Snorkeling-Boat-Trip.jpeg\",\"datePublished\":\"2025-09-30T12:00:56+00:00\",\"dateModified\":\"2026-01-11T20:59:37+00:00\",\"description\":\"Bootsfahrten und Schnorcheln von Hurghada mit Wassersport und Mittagessen, Transfer | Familienfreundliche Aktivit\u00e4ten mit Kindern, Senioren\",\"breadcrumb\":{\"@id\":\"https:\/\/hurghadalovers.com\/de\/tours\/schnorcheln-bootsausflug-von-hurghada\/#breadcrumb\"},\"inLanguage\":\"de-DE\",\"potentialAction\":[{\"@type\":\"ReadAction\",\"target\":[\"https:\/\/hurghadalovers.com\/de\/tours\/schnorcheln-bootsausflug-von-hurghada\/\"]}]},{\"@type\":\"ImageObject\",\"inLanguage\":\"de-DE\",\"@id\":\"https:\/\/hurghadalovers.com\/de\/tours\/schnorcheln-bootsausflug-von-hurghada\/#primaryimage\",\"url\":\"https:\/\/hurghadalovers.com\/wp-content\/uploads\/2023\/09\/El-Gouna-Snorkeling-Boat-Trip.jpeg\",\"contentUrl\":\"https:\/\/hurghadalovers.com\/wp-content\/uploads\/2023\/09\/El-Gouna-Snorkeling-Boat-Trip.jpeg\",\"width\":1156,\"height\":867,\"caption\":\"El Gouna Schnorcheln Bootsfahrt\"},{\"@type\":\"BreadcrumbList\",\"@id\":\"https:\/\/hurghadalovers.com\/de\/tours\/schnorcheln-bootsausflug-von-hurghada\/#breadcrumb\",\"itemListElement\":[{\"@type\":\"ListItem\",\"position\":1,\"name\":\"Home\",\"item\":\"https:\/\/hurghadalovers.com\/de\/\"},{\"@type\":\"ListItem\",\"position\":2,\"name\":\"Shop\",\"item\":\"https:\/\/hurghadalovers.com\/shop\/\"},{\"@type\":\"ListItem\",\"position\":3,\"name\":\"Bootsfahrten und Schnorcheln von Hurghada\"}]},{\"@type\":\"WebSite\",\"@id\":\"https:\/\/hurghadalovers.com\/de\/#website\",\"url\":\"https:\/\/hurghadalovers.com\/de\/\",\"name\":\"Hurghada Excursions & Day Trips | Booking Best Prices Tours\",\"description\":\"Hurghada Lovers - Best Tour Operator - Excursions &amp; Things to do for Family Day Trips with kids and Couples Romantic. Unique .Hidden gems\",\"publisher\":{\"@id\":\"https:\/\/hurghadalovers.com\/de\/#organization\"},\"alternateName\":\"Hurghada Excursions\",\"potentialAction\":[{\"@type\":\"SearchAction\",\"target\":{\"@type\":\"EntryPoint\",\"urlTemplate\":\"https:\/\/hurghadalovers.com\/de\/?s={search_term_string}\"},\"query-input\":{\"@type\":\"PropertyValueSpecification\",\"valueRequired\":true,\"valueName\":\"search_term_string\"}}],\"inLanguage\":\"de-DE\"},{\"@type\":[\"Organization\",\"Place\",\"TravelAgency\"],\"@id\":\"https:\/\/hurghadalovers.com\/de\/#organization\",\"name\":\"Hurghada Excursions\",\"url\":\"https:\/\/hurghadalovers.com\/de\/\",\"logo\":{\"@id\":\"https:\/\/hurghadalovers.com\/de\/tours\/schnorcheln-bootsausflug-von-hurghada\/#local-main-organization-logo\"},\"image\":{\"@id\":\"https:\/\/hurghadalovers.com\/de\/tours\/schnorcheln-bootsausflug-von-hurghada\/#local-main-organization-logo\"},\"sameAs\":[\"https:\/\/www.facebook.com\/Hurghadaloversegypt\"],\"address\":{\"@id\":\"https:\/\/hurghadalovers.com\/de\/tours\/schnorcheln-bootsausflug-von-hurghada\/#local-main-place-address\"},\"telephone\":[\"00201112596434\"],\"contactPoint\":{\"@type\":\"ContactPoint\",\"telephone\":\"00201112596434\",\"email\":\"weyouface@gmail.com\"},\"openingHoursSpecification\":{\"@type\":\"OpeningHoursSpecification\",\"dayOfWeek\":[\"Monday\",\"Tuesday\",\"Wednesday\",\"Thursday\",\"Friday\",\"Saturday\",\"Sunday\"],\"opens\":\"00:00\",\"closes\":\"23:59\"},\"email\":\"weyouface@gmail.com\",\"areaServed\":\"Luxor, Hurghada, El Gouna, Aswan, Sharm El Sheikh, Giza, Alexandria, Marsa Alam, Quseir, Soma Bay, Sahl Hasheesh, Red Sea, Makadi Bay, Cairo\",\"priceRange\":\"$\",\"currenciesAccepted\":\"euro\",\"paymentAccepted\":\"cash on site\"},{\"@type\":\"PostalAddress\",\"@id\":\"https:\/\/hurghadalovers.com\/de\/tours\/schnorcheln-bootsausflug-von-hurghada\/#local-main-place-address\",\"streetAddress\":\"17 Banks street, Alkawther area, top nbk bank\",\"addressLocality\":\"hurghada\",\"postalCode\":\"84511\",\"addressRegion\":\"red sea\",\"addressCountry\":\"EG\"},{\"@type\":\"ImageObject\",\"inLanguage\":\"de-DE\",\"@id\":\"https:\/\/hurghadalovers.com\/de\/tours\/schnorcheln-bootsausflug-von-hurghada\/#local-main-organization-logo\",\"url\":\"https:\/\/hurghadalovers.com\/wp-content\/uploads\/2019\/10\/hurghada-excursions-logo.png\",\"contentUrl\":\"https:\/\/hurghadalovers.com\/wp-content\/uploads\/2019\/10\/hurghada-excursions-logo.png\",\"width\":272,\"height\":90,\"caption\":\"Hurghada Excursions\"}]}<\/script>\n<meta property=\"product:brand\" content=\"Hurghada Ausfl\u00fcge\" \/>\n<meta property=\"product:price:amount\" content=\"25\" \/>\n<meta property=\"product:price:currency\" content=\"EUR\" \/>\n<meta property=\"og:availability\" content=\"instock\" \/>\n<meta property=\"product:availability\" content=\"instock\" \/>\n<meta property=\"product:retailer_item_id\" content=\"Snorkeling062024\" \/>\n<meta property=\"product:condition\" content=\"new\" \/>\n<meta name=\"geo.placename\" content=\"hurghada\" \/>\n<meta name=\"geo.region\" content=\"Egypt\" \/>\n<!-- \/ Yoast SEO Premium plugin. -->","yoast_head_json":{"title":"Bootsfahrten und Schnorcheln von Hurghada","description":"Bootsfahrten und Schnorcheln von Hurghada mit Wassersport und Mittagessen, Transfer | Familienfreundliche Aktivit\u00e4ten mit Kindern, Senioren","robots":{"index":"index","follow":"follow","max-snippet":"max-snippet:-1","max-image-preview":"max-image-preview:large","max-video-preview":"max-video-preview:-1"},"canonical":"https:\/\/hurghadalovers.com\/de\/tours\/schnorcheln-bootsausflug-von-hurghada\/","og_locale":"de_DE","og_type":"article","og_title":"Bootsfahrten und Schnorcheln von Hurghada","og_description":"Bootsfahrten und Schnorcheln von Hurghada mit Wassersport und Mittagessen, Transfer | Familienfreundliche Aktivit\u00e4ten mit Kindern, Senioren","og_url":"https:\/\/hurghadalovers.com\/de\/tours\/schnorcheln-bootsausflug-von-hurghada\/","og_site_name":"Hurghada Excursions &amp; Day Trips | Booking Best Prices Tours","article_publisher":"https:\/\/www.facebook.com\/Hurghadaloversegypt","article_modified_time":"2026-01-11T20:59:37+00:00","og_image":[{"width":1156,"height":867,"url":"https:\/\/hurghadalovers.com\/wp-content\/uploads\/2023\/09\/El-Gouna-Snorkeling-Boat-Trip.jpeg","type":"image\/jpeg"}],"twitter_card":"summary_large_image","twitter_misc":{"Price":"&euro;&nbsp;25","Availability":"In stock"},"schema":{"@context":"https:\/\/schema.org","@graph":[{"@type":["WebPage","ItemPage"],"@id":"https:\/\/hurghadalovers.com\/de\/tours\/schnorcheln-bootsausflug-von-hurghada\/","url":"https:\/\/hurghadalovers.com\/de\/tours\/schnorcheln-bootsausflug-von-hurghada\/","name":"Bootsfahrten und Schnorcheln von Hurghada","isPartOf":{"@id":"https:\/\/hurghadalovers.com\/de\/#website"},"primaryImageOfPage":{"@id":"https:\/\/hurghadalovers.com\/de\/tours\/schnorcheln-bootsausflug-von-hurghada\/#primaryimage"},"image":{"@id":"https:\/\/hurghadalovers.com\/de\/tours\/schnorcheln-bootsausflug-von-hurghada\/#primaryimage"},"thumbnailUrl":"https:\/\/hurghadalovers.com\/wp-content\/uploads\/2023\/09\/El-Gouna-Snorkeling-Boat-Trip.jpeg","datePublished":"2025-09-30T12:00:56+00:00","dateModified":"2026-01-11T20:59:37+00:00","description":"Bootsfahrten und Schnorcheln von Hurghada mit Wassersport und Mittagessen, Transfer | Familienfreundliche Aktivit\u00e4ten mit Kindern, Senioren","breadcrumb":{"@id":"https:\/\/hurghadalovers.com\/de\/tours\/schnorcheln-bootsausflug-von-hurghada\/#breadcrumb"},"inLanguage":"de-DE","potentialAction":[{"@type":"ReadAction","target":["https:\/\/hurghadalovers.com\/de\/tours\/schnorcheln-bootsausflug-von-hurghada\/"]}]},{"@type":"ImageObject","inLanguage":"de-DE","@id":"https:\/\/hurghadalovers.com\/de\/tours\/schnorcheln-bootsausflug-von-hurghada\/#primaryimage","url":"https:\/\/hurghadalovers.com\/wp-content\/uploads\/2023\/09\/El-Gouna-Snorkeling-Boat-Trip.jpeg","contentUrl":"https:\/\/hurghadalovers.com\/wp-content\/uploads\/2023\/09\/El-Gouna-Snorkeling-Boat-Trip.jpeg","width":1156,"height":867,"caption":"El Gouna Schnorcheln Bootsfahrt"},{"@type":"BreadcrumbList","@id":"https:\/\/hurghadalovers.com\/de\/tours\/schnorcheln-bootsausflug-von-hurghada\/#breadcrumb","itemListElement":[{"@type":"ListItem","position":1,"name":"Home","item":"https:\/\/hurghadalovers.com\/de\/"},{"@type":"ListItem","position":2,"name":"Shop","item":"https:\/\/hurghadalovers.com\/shop\/"},{"@type":"ListItem","position":3,"name":"Bootsfahrten und Schnorcheln von Hurghada"}]},{"@type":"WebSite","@id":"https:\/\/hurghadalovers.com\/de\/#website","url":"https:\/\/hurghadalovers.com\/de\/","name":"Hurghada Excursions & Day Trips | Booking Best Prices Tours","description":"Hurghada Lovers - Best Tour Operator - Excursions &amp; Things to do for Family Day Trips with kids and Couples Romantic. Unique .Hidden gems","publisher":{"@id":"https:\/\/hurghadalovers.com\/de\/#organization"},"alternateName":"Hurghada Excursions","potentialAction":[{"@type":"SearchAction","target":{"@type":"EntryPoint","urlTemplate":"https:\/\/hurghadalovers.com\/de\/?s={search_term_string}"},"query-input":{"@type":"PropertyValueSpecification","valueRequired":true,"valueName":"search_term_string"}}],"inLanguage":"de-DE"},{"@type":["Organization","Place","TravelAgency"],"@id":"https:\/\/hurghadalovers.com\/de\/#organization","name":"Hurghada Excursions","url":"https:\/\/hurghadalovers.com\/de\/","logo":{"@id":"https:\/\/hurghadalovers.com\/de\/tours\/schnorcheln-bootsausflug-von-hurghada\/#local-main-organization-logo"},"image":{"@id":"https:\/\/hurghadalovers.com\/de\/tours\/schnorcheln-bootsausflug-von-hurghada\/#local-main-organization-logo"},"sameAs":["https:\/\/www.facebook.com\/Hurghadaloversegypt"],"address":{"@id":"https:\/\/hurghadalovers.com\/de\/tours\/schnorcheln-bootsausflug-von-hurghada\/#local-main-place-address"},"telephone":["00201112596434"],"contactPoint":{"@type":"ContactPoint","telephone":"00201112596434","email":"weyouface@gmail.com"},"openingHoursSpecification":{"@type":"OpeningHoursSpecification","dayOfWeek":["Monday","Tuesday","Wednesday","Thursday","Friday","Saturday","Sunday"],"opens":"00:00","closes":"23:59"},"email":"weyouface@gmail.com","areaServed":"Luxor, Hurghada, El Gouna, Aswan, Sharm El Sheikh, Giza, Alexandria, Marsa Alam, Quseir, Soma Bay, Sahl Hasheesh, Red Sea, Makadi Bay, Cairo","priceRange":"$","currenciesAccepted":"euro","paymentAccepted":"cash on site"},{"@type":"PostalAddress","@id":"https:\/\/hurghadalovers.com\/de\/tours\/schnorcheln-bootsausflug-von-hurghada\/#local-main-place-address","streetAddress":"17 Banks street, Alkawther area, top nbk bank","addressLocality":"hurghada","postalCode":"84511","addressRegion":"red sea","addressCountry":"EG"},{"@type":"ImageObject","inLanguage":"de-DE","@id":"https:\/\/hurghadalovers.com\/de\/tours\/schnorcheln-bootsausflug-von-hurghada\/#local-main-organization-logo","url":"https:\/\/hurghadalovers.com\/wp-content\/uploads\/2019\/10\/hurghada-excursions-logo.png","contentUrl":"https:\/\/hurghadalovers.com\/wp-content\/uploads\/2019\/10\/hurghada-excursions-logo.png","width":272,"height":90,"caption":"Hurghada Excursions"}]},"product_brand":"Hurghada Ausfl\u00fcge","product_price_amount":"25","product_price_currency":"EUR","og_availability":"instock","product_availability":"instock","product_retailer_item_id":"Snorkeling062024","product_condition":"new","geo.placename":"hurghada","geo.region":"Egypt"},"_links":{"self":[{"href":"https:\/\/hurghadalovers.com\/de\/wp-json\/wp\/v2\/product\/380699","targetHints":{"allow":["GET"]}}],"collection":[{"href":"https:\/\/hurghadalovers.com\/de\/wp-json\/wp\/v2\/product"}],"about":[{"href":"https:\/\/hurghadalovers.com\/de\/wp-json\/wp\/v2\/types\/product"}],"wp:featuredmedia":[{"embeddable":true,"href":"https:\/\/hurghadalovers.com\/de\/wp-json\/wp\/v2\/media\/395044"}],"wp:attachment":[{"href":"https:\/\/hurghadalovers.com\/de\/wp-json\/wp\/v2\/media?parent=380699"}],"wp:term":[{"taxonomy":"product_brand","embeddable":true,"href":"https:\/\/hurghadalovers.com\/de\/wp-json\/wp\/v2\/product_brand?post=380699"},{"taxonomy":"product_cat","embeddable":true,"href":"https:\/\/hurghadalovers.com\/de\/wp-json\/wp\/v2\/product_cat?post=380699"},{"taxonomy":"product_tag","embeddable":true,"href":"https:\/\/hurghadalovers.com\/de\/wp-json\/wp\/v2\/product_tag?post=380699"}],"curies":[{"name":"wp","href":"https:\/\/api.w.org\/{rel}","templated":true}]}}