{"id":380314,"date":"2023-08-14T12:00:52","date_gmt":"2023-08-14T12:18:29","guid":{"rendered":"https:\/\/hurghadalovers.com\/shop\/unkategorisiert\/private-super-jeep-safari-reise-von-hurghada\/"},"modified":"2026-02-10T03:48:49","modified_gmt":"2026-02-10T03:48:49","slug":"privat-super-jeep-safari-trip-von-hurghada","status":"publish","type":"product","link":"https:\/\/hurghadalovers.com\/de\/tours\/privat-super-jeep-safari-trip-von-hurghada\/","title":{"rendered":"Privater Hurghada Beduinendorf Ausflug"},"content":{"rendered":"<p><strong>Privater Hurghada Beduinendorf Ausflug &#8211;\u00a0 Super Jeep Safari von Hurghada<\/strong> mit ATV Quad, Spider Car und 4\u00d74 Auto zum Beduinendorf mit Kamelritt und anschlie\u00dfendem BBQ Dinner + traditionelle Show.<\/p>\n<p style=\"text-align: left;\"><span style=\"color: #ff9900;\">Die besten Aktivit\u00e4ten in Hurghada f\u00fcr <span style=\"color: #33cccc;\"><strong>Familienfreundlich mit Kindern <\/strong><\/span><strong>Senioren<\/strong> &amp; <span style=\"color: #993366;\"><strong>Romantisch <\/strong><\/span>und <span style=\"color: #993366;\"><strong>Paare Flitterwochen<\/strong><br \/>\n<\/span><\/span><\/p>\n<p>&nbsp;<\/p>\n<p><strong>H\u00f6hepunkte:<\/strong><\/p>\n<ol>\n<li>4\u00d74 Jeep Auto.<\/li>\n<li>Quad-Fahrt.<\/li>\n<li>Spinnenwagen.<\/li>\n<li>Kamelritt.<\/li>\n<li>Beduinendorf.<\/li>\n<li>BBQ Abendessen.<\/li>\n<li>Orientalische Ausstellung.<\/li>\n<\/ol>\n<p><strong>Einzelheiten:<\/strong><\/p>\n<ul>\n<li>Verf\u00fcgbarkeit der Tour: Jeden Tag.<\/li>\n<li>Art der Tour: Privat.<\/li>\n<li>Abholzeit: Ab 11:45 Uhr.<\/li>\n<li>Abholzeit: 19:00 Uhr.<\/li>\n<li>Dauer: 7 Std.<\/li>\n<\/ul>\n<p><strong>Jetzt reservieren und sp\u00e4ter bezahlen:<\/strong><\/p>\n<ul>\n<li>Bargeld vor Ort zu f\u00fchren.<\/li>\n<li>Zahlung in \u00e4gyptischen Pfund, $, \u20ac oder \u00a3.<\/li>\n<\/ul>\n<p><strong>Stornierungsbedingungen:<\/strong><\/p>\n<ul>\n<li>Sie k\u00f6nnen bis zu 24 Stunden im Voraus stornieren.<\/li>\n<li>Wenn jemand aus Ihrer Familie den Vormittag absagt, zahlen Sie 50 % der Kosten.<\/li>\n<\/ul>\n<p><strong>Was ist inbegriffen?<\/strong><\/p>\n<ul>\n<li>Transfer von Hurghada Hotels &#8220;Hotel abholen und zur\u00fcckbringen&#8221;.<\/li>\n<li>Alle Steuern, Eintrittsgelder und Bearbeitungsgeb\u00fchren.<\/li>\n<li>\u00dcberweisungen.<\/li>\n<li>Reiseleiter.<\/li>\n<li>Helm.<\/li>\n<\/ul>\n<p><strong>Ausnahmen?<\/strong><\/p>\n<ul>\n<li>Halstuch<\/li>\n<li>Schutzbrille<\/li>\n<li>Trinkgeld.<\/li>\n<li>Fotografie f\u00fcr die Reise.<\/li>\n<li>Alle nicht erw\u00e4hnten Extras.<\/li>\n<\/ul>\n<p><strong>Privater Hurghada Beduinendorf Ausflug Preise:<\/strong><\/p>\n<ul>\n<li><strong>Preis f\u00fcr Erwachsene = <\/strong><strong>45$<\/strong><strong> pro Person<\/strong>.<\/li>\n<li>Preis f\u00fcr Kinder &#8220;5-12\u2033= 50%.<\/li>\n<li>f\u00fcr Kinder &#8220;0-5\u2033= Kostenlos.<\/li>\n<\/ul>\n<p><strong>Bewertungen:<\/strong><\/p>\n<p>\u00fcberpr\u00fcfen Sie unsere Google Map Bewertungen als bester <a href=\"https:\/\/g.page\/r\/CUeYvkngP3wkEBM\/review\">Reiseveranstalter in Hurghada<\/a> online in <a href=\"https:\/\/hurghadalovers.com\/\">Hurghada<\/a> \u00c4gypten.<\/p>\n<p>&nbsp;<\/p>\n<p><strong>Anmerkung: <\/strong><\/p>\n<p>Wir machen auch Touren mit Transfer von Ihrem Hotel in El Goua, Soma Bucht, Makadi Bucht, Sahl Hasheesh, Safaga mit extra Kosten= 10$ pro Person.<\/p>\n<p>&nbsp;<\/p>\n<p><strong>Reservierung:<\/strong><\/p>\n<p>Senden Sie Hotel + Zimmernummer + Fotop\u00e4sse an WhatsApp: <strong>+201112596434<\/strong><\/p>\n<p>Wenn Sie aus \u00c4gypten Buchen Sie jetzt online und best\u00e4tigen Sie bei der Ankunft Hotel.<\/p>\n<p><span style=\"color: #ff6600;\">&#8212;&#8212;&#8211; | &#8212;&#8212;&#8212;&#8212;- | &#8212;&#8212;&#8212;-<\/span><\/p>\n<p><strong>\u00c4gypten Safari Tour<\/strong> | Beste Preis\u00a0Jeep 4&#215;4 Hurghada Kamelreiten zum Beduinendorf W\u00fcstentour Ausfl\u00fcge &amp; W\u00fcstenlandschaft mit ihren Sandd\u00fcnen. El Gouna Safaga El Quseir Soma Bay Sahl Hasheesh Makadi Bay.<\/p>\n<p><strong>H\u00f6hepunkte unserer Tour:<\/strong><\/p>\n<ul>\n<li><strong>Jeep 4&#215;4 Safari<\/strong> durch Hurghadas W\u00fcste zum <strong>Beduinendorf<\/strong><\/li>\n<li>Besichtigung des Beduinendorfes mit Einblick in die Lebensweise der Beduinen, den <strong>Nomaden der Sahara<\/strong><\/li>\n<li>Testen Sie als Erfrischungsgetr\u00e4nk einen <strong>Beduinentee<\/strong><\/li>\n<li><strong>Kamelreiten<\/strong> in der W\u00fcste<\/li>\n<li><strong>Barbecue<\/strong> Abendessen<\/li>\n<li><strong>Sonnenuntergang in der W\u00fcste<\/strong><\/li>\n<\/ul>\n<p><strong>\u00c4gypten Safari Tour Unser Programm:<\/strong><\/p>\n<p>Wir holen Sie mit unserem<strong> 4&#215;4 Off Road Jeep <\/strong>von Ihrem Hotel f\u00fcr unsere<strong> Hurghada Jeep Safari <\/strong>ab. Wir lassen Hurghada hinter uns und<strong> fahren mit dem Jeep durch die W\u00fcste <\/strong>bis zum Beduinendorf. Genie\u00dfen Sie die <strong>W\u00fcstenlandschaft<\/strong> mit ihren immer wieder anders erscheinenden Sandd\u00fcnen und die Aussicht auf die schroffen Konturen des Gebirges im Hintergrund. Im <strong>Beduinendorf<\/strong> angekommen, relaxen Sie mit einem <strong>Beduinentee<\/strong>, bevor Sie das Dorf erkunden und den <strong>Beduinenfrauen<\/strong> beim Brotbacken zusehen k\u00f6nnen. Mit etwas Gl\u00fcck wird gerade eins fertig zum Probieren. Einfach toll das frische auf Stein gebackene Brot!<\/p>\n<p>Bereit zum Ausritt? Ihr <strong>\u201eW\u00fcstenschiff\u201c<\/strong> steht klar. Keine Angst die <strong>Beduinen<\/strong> sind Ihnen beim Aufsitzen des Kamels behilflich. Langsam geht der Tag zur Neige und Sie sollten sich auf eine der nahegelegenen Anh\u00f6he begeben, um den einmalig sch\u00f6nen <strong>Sonnenuntergang <\/strong>zu bewundern.<\/p>\n<p>Zum romantischen Ausklang steht ein <strong>Barbecue <\/strong>Diner an, in Begleitung einer orientalischen Show mit unter anderem einer <strong>Bauchtanz<\/strong> Vorf\u00fchrung. Lassen Sie die einmalige Atmosph\u00e4re unterm klaren Sternenhimmel der W\u00fcste auf sich wirken, bevor wir unsere Heimfahrt zum Hotel antreten.<\/p>\n<p><strong>Unser Service:<\/strong><\/p>\n<ul>\n<li>Hin- und R\u00fccktransfer zum Hotel mit unserem Safari-Jeep<\/li>\n<li>Jeep 4&#215;4 Safari durch die W\u00fcste Hurghadas<\/li>\n<li>Besichtigung Beduinendorf Hurghada<\/li>\n<li>Kamelreiten<\/li>\n<li>Abendessen in Barbecue Form<\/li>\n<li>Alkoholfreies Erfrischungsgetr\u00e4nk<\/li>\n<li>orientalische Show<\/li>\n<\/ul>\n<p><strong>Buchung \u00c4gypten Safari Tour:<\/strong><\/p>\n<p>Ihre Buchung gilt als best\u00e4tigt mit Erhalt Ihrer Anzahlung<\/p>\n<p><strong>Jeep 4&#215;4 Safari Hurghada. Hurghada Safari Trip, <\/strong>das Abenteuererlebnis W\u00fcste<strong>. Mit dem Jeep durch die W\u00fcste <\/strong>zum<strong> Beduinendorf Hurghada. <\/strong>Die<strong> W\u00fcstenbewohner \u00c4gypten<\/strong>s hei\u00dfen Sie mit einem<strong> Beduinentee <\/strong>willkommen<strong>. Beduinenfrauen <\/strong>zeigen Ihnen die Kunst des Brotbackens<strong>. <\/strong>Schauen Sie sich im Dorfladen um, hier gibt es einheimische Produkte zukaufen.<\/p>\n<p>F\u00fcr alle<strong> Hurghada \u00c4gypten <\/strong>Urlauber: Fahren Sie<strong> mit dem Jeep durch die W\u00fcste! <\/strong>Steigen Sie um aufs<strong> W\u00fcstenschiff :-)) &#8211; Kamelreiten<\/strong> inbegriffen!<\/p>\n<p><strong>W\u00fcstentour Hurghada <\/strong>mit Jeep oder Quad! W\u00e4hlen Sie aus unserem Angebot! Wie w\u00e4re es zur Abwechslung mit einem<strong> U-Boot Ausflug? <\/strong>Buchen Sie einen Ausflug und lernen die<strong> Unterwasserwelt Hurghada <\/strong>kennen! Das<strong> Rote Meer <\/strong>l\u00e4dt zum Baden ein!<\/p>\n<p><strong>Jeep Safari Hurghada | Jeep 4&#215;4 Safari | Kamelreiten | Beduinendorf | W\u00fcstentour Hurghada<\/strong><\/p>\n<p>Quad Fahren Hurghada Bester Preis\u00a0Jeep 4&#215;4 Safari<\/p>\n<p>Begleiten Sie uns auf unseren<strong> Hurghada Safari Trip <\/strong>zu einem traditionellen<strong> Beduinendorf. <\/strong>Entdecken Sie die faszinierende<strong> W\u00fcstenlandschaft <\/strong>mit ihren<strong> Sandd\u00fcnen. Kamelreiten <\/strong>wie die<strong> Beduinen.<\/strong><\/p>\n<p><strong>Hurghada Jeep Safari-Desert Jeep Safari-Hurghada Safari Tour zum Beduinendorf. Buchung\u00a0 Ausfl\u00fcge Hurghada.<\/strong><\/p>\n<p>Pr\u00fcfen <a href=\"https:\/\/hurghadalovers.com\/de\/tour-category\/hurghada-reisen\/\"><strong>Hurghada Ausfl\u00fcge<\/strong><\/a>\u00a0&#8211; <a href=\"https:\/\/hurghadalovers.com\/de\/tour-category\/safari-hurghada-trips-de\/\"><strong>W\u00fcstensafari in Hurghada<\/strong><\/a>:<\/p>\n<ul>\n<li><a href=\"https:\/\/hurghadalovers.com\/de\/tours\/morgen-quad-radtour-von-hurghada\/\">Morgen Quad Touren Hurghada<\/a><\/li>\n<li><a href=\"https:\/\/hurghadalovers.com\/de\/tours\/sonnenuntergangs-quad-radtour-von-hurghada\/\">Sonnenuntergang Quad Fahren Hurghada<\/a><\/li>\n<li><a href=\"https:\/\/hurghadalovers.com\/de\/tours\/privat-quad-bike-tour-von-hurghada\/\">Privater Quad Touren hurghada<\/a><\/li>\n<li><a href=\"https:\/\/hurghadalovers.com\/de\/tours\/super-jeep-safari-trip-von-hurghada\/\">Hurghada Beduinendorf Ausflug<\/a><\/li>\n<li><a href=\"https:\/\/hurghadalovers.com\/de\/tours\/morgen-super-jeep-safari-trip-von-hurghada\/\">Morgen Hurghada Beduinendorf Ausflug<\/a><\/li>\n<li>Privater Hurghada Beduinendorf Ausflug<\/li>\n<li><a href=\"https:\/\/hurghadalovers.com\/de\/tours\/wusten-safaris-mit-kindern-aus-hurghada\/\">Hurghada W\u00fcstentour mit Kindern<\/a><\/li>\n<li><a href=\"https:\/\/hurghadalovers.com\/de\/tours\/morgen-buggy-tour-von-hurghada\/\">Morgen Buggy Fahren Hurghada<\/a><\/li>\n<li><a href=\"https:\/\/hurghadalovers.com\/de\/tours\/sonnenuntergangs-buggy-tour-ab-hurghada\/\">Sonnenuntergang Buggy Fahren Hurghada<\/a><\/li>\n<li><a href=\"https:\/\/hurghadalovers.com\/de\/tours\/billige-quad-biking-touren-in-hurghada\/\">G\u00fcnstige Hurghada Quad Mieten<\/a> &#8211; 2hr<\/li>\n<\/ul>\n","protected":false},"excerpt":{"rendered":"<p><strong>Privater Hurghada Beduinendorf Ausflug Privater Super Jeep Safari Trip von Hurghada<\/strong> mit ATV Quad Bike, Spider Car und 4\u00d74 Auto zum Beduinendorf mit Kamelritt und anschlie\u00dfendem BBQ Dinner + traditionelle Show.<\/p>\n","protected":false},"featured_media":396242,"template":"","meta":{"_joinchat":[]},"product_brand":[],"product_cat":[29817],"product_tag":[],"class_list":{"0":"post-380314","1":"product","2":"type-product","3":"status-publish","4":"has-post-thumbnail","6":"product_cat-touren","7":"tour_category-hurghada-reisen","8":"tour_category-safari-hurghada-trips-de","10":"first","11":"instock","12":"sale","13":"shipping-taxable","14":"purchasable","15":"product-type-tour"},"yoast_head":"<!-- This site is optimized with the Yoast SEO Premium plugin v26.9 (Yoast SEO v27.2) - https:\/\/yoast.com\/product\/yoast-seo-premium-wordpress\/ -->\n<title>Privater Hurghada Beduinendorf Ausflug mit Quad Bike<\/title>\n<meta name=\"description\" content=\"Privater Hurghada Beduinendorf Ausflug - Jeep Safari Trip mit ATV Bike, Spider Car und 4\u00d74 Car zum Beduinendorf mit Kamelritt und anschlie\u00dfendem BBQ\" \/>\n<meta name=\"robots\" content=\"index, follow, max-snippet:-1, max-image-preview:large, max-video-preview:-1\" \/>\n<link rel=\"canonical\" href=\"https:\/\/hurghadalovers.com\/de\/tours\/privat-super-jeep-safari-trip-von-hurghada\/\" \/>\n<meta property=\"og:locale\" content=\"de_DE\" \/>\n<meta property=\"og:type\" content=\"article\" \/>\n<meta property=\"og:title\" content=\"Privater Hurghada Beduinendorf Ausflug\" \/>\n<meta property=\"og:description\" content=\"Privater Hurghada Beduinendorf Ausflug - Jeep Safari Trip mit ATV Bike, Spider Car und 4\u00d74 Car zum Beduinendorf mit Kamelritt und anschlie\u00dfendem BBQ\" \/>\n<meta property=\"og:url\" content=\"https:\/\/hurghadalovers.com\/de\/tours\/privat-super-jeep-safari-trip-von-hurghada\/\" \/>\n<meta property=\"og:site_name\" content=\"Hurghada Excursions &amp; Day Trips | Booking Best Prices Tours\" \/>\n<meta property=\"article:publisher\" content=\"https:\/\/www.facebook.com\/Hurghadaloversegypt\" \/>\n<meta property=\"article:modified_time\" content=\"2026-02-10T03:48:49+00:00\" \/>\n<meta property=\"og:image\" content=\"https:\/\/hurghadalovers.com\/wp-content\/uploads\/2023\/09\/El-Gouna-Sunset-Quad-Biking-Tour.jpeg\" \/>\n\t<meta property=\"og:image:width\" content=\"867\" \/>\n\t<meta property=\"og:image:height\" content=\"1156\" \/>\n\t<meta property=\"og:image:type\" content=\"image\/jpeg\" \/>\n<meta name=\"twitter:card\" content=\"summary_large_image\" \/>\n<meta name=\"twitter:label1\" content=\"Price\" \/>\n\t<meta name=\"twitter:data1\" content=\"&euro;&nbsp;135\" \/>\n\t<meta name=\"twitter:label2\" content=\"Availability\" \/>\n\t<meta name=\"twitter:data2\" content=\"In stock\" \/>\n<script type=\"application\/ld+json\" class=\"yoast-schema-graph\">{\"@context\":\"https:\/\/schema.org\",\"@graph\":[{\"@type\":[\"WebPage\",\"ItemPage\"],\"@id\":\"https:\/\/hurghadalovers.com\/de\/tours\/privat-super-jeep-safari-trip-von-hurghada\/\",\"url\":\"https:\/\/hurghadalovers.com\/de\/tours\/privat-super-jeep-safari-trip-von-hurghada\/\",\"name\":\"Privater Hurghada Beduinendorf Ausflug mit Quad Bike\",\"isPartOf\":{\"@id\":\"https:\/\/hurghadalovers.com\/de\/#website\"},\"primaryImageOfPage\":{\"@id\":\"https:\/\/hurghadalovers.com\/de\/tours\/privat-super-jeep-safari-trip-von-hurghada\/#primaryimage\"},\"image\":{\"@id\":\"https:\/\/hurghadalovers.com\/de\/tours\/privat-super-jeep-safari-trip-von-hurghada\/#primaryimage\"},\"thumbnailUrl\":\"https:\/\/hurghadalovers.com\/wp-content\/uploads\/2023\/09\/El-Gouna-Sunset-Quad-Biking-Tour.jpeg\",\"datePublished\":\"2023-08-14T12:18:29+00:00\",\"dateModified\":\"2026-02-10T03:48:49+00:00\",\"description\":\"Privater Hurghada Beduinendorf Ausflug - Jeep Safari Trip mit ATV Bike, Spider Car und 4\u00d74 Car zum Beduinendorf mit Kamelritt und anschlie\u00dfendem BBQ\",\"breadcrumb\":{\"@id\":\"https:\/\/hurghadalovers.com\/de\/tours\/privat-super-jeep-safari-trip-von-hurghada\/#breadcrumb\"},\"inLanguage\":\"de-DE\",\"potentialAction\":[{\"@type\":\"ReadAction\",\"target\":[\"https:\/\/hurghadalovers.com\/de\/tours\/privat-super-jeep-safari-trip-von-hurghada\/\"]}]},{\"@type\":\"ImageObject\",\"inLanguage\":\"de-DE\",\"@id\":\"https:\/\/hurghadalovers.com\/de\/tours\/privat-super-jeep-safari-trip-von-hurghada\/#primaryimage\",\"url\":\"https:\/\/hurghadalovers.com\/wp-content\/uploads\/2023\/09\/El-Gouna-Sunset-Quad-Biking-Tour.jpeg\",\"contentUrl\":\"https:\/\/hurghadalovers.com\/wp-content\/uploads\/2023\/09\/El-Gouna-Sunset-Quad-Biking-Tour.jpeg\",\"width\":867,\"height\":1156,\"caption\":\"El Gouna Sonnenuntergang Quad-Biking Tour\"},{\"@type\":\"BreadcrumbList\",\"@id\":\"https:\/\/hurghadalovers.com\/de\/tours\/privat-super-jeep-safari-trip-von-hurghada\/#breadcrumb\",\"itemListElement\":[{\"@type\":\"ListItem\",\"position\":1,\"name\":\"Home\",\"item\":\"https:\/\/hurghadalovers.com\/de\/\"},{\"@type\":\"ListItem\",\"position\":2,\"name\":\"Shop\",\"item\":\"https:\/\/hurghadalovers.com\/shop\/\"},{\"@type\":\"ListItem\",\"position\":3,\"name\":\"Privater Hurghada Beduinendorf Ausflug\"}]},{\"@type\":\"WebSite\",\"@id\":\"https:\/\/hurghadalovers.com\/de\/#website\",\"url\":\"https:\/\/hurghadalovers.com\/de\/\",\"name\":\"Hurghada Excursions & Day Trips | Booking Best Prices Tours\",\"description\":\"Hurghada Lovers - Best Tour Operator - Excursions &amp; Things to do for Family Day Trips with kids and Couples Romantic. Unique .Hidden gems\",\"publisher\":{\"@id\":\"https:\/\/hurghadalovers.com\/de\/#organization\"},\"alternateName\":\"Hurghada Excursions\",\"potentialAction\":[{\"@type\":\"SearchAction\",\"target\":{\"@type\":\"EntryPoint\",\"urlTemplate\":\"https:\/\/hurghadalovers.com\/de\/?s={search_term_string}\"},\"query-input\":{\"@type\":\"PropertyValueSpecification\",\"valueRequired\":true,\"valueName\":\"search_term_string\"}}],\"inLanguage\":\"de-DE\"},{\"@type\":[\"Organization\",\"Place\",\"TravelAgency\"],\"@id\":\"https:\/\/hurghadalovers.com\/de\/#organization\",\"name\":\"Hurghada Excursions\",\"url\":\"https:\/\/hurghadalovers.com\/de\/\",\"logo\":{\"@id\":\"https:\/\/hurghadalovers.com\/de\/tours\/privat-super-jeep-safari-trip-von-hurghada\/#local-main-organization-logo\"},\"image\":{\"@id\":\"https:\/\/hurghadalovers.com\/de\/tours\/privat-super-jeep-safari-trip-von-hurghada\/#local-main-organization-logo\"},\"sameAs\":[\"https:\/\/www.facebook.com\/Hurghadaloversegypt\"],\"address\":{\"@id\":\"https:\/\/hurghadalovers.com\/de\/tours\/privat-super-jeep-safari-trip-von-hurghada\/#local-main-place-address\"},\"telephone\":[\"00201112596434\"],\"contactPoint\":{\"@type\":\"ContactPoint\",\"telephone\":\"00201112596434\",\"email\":\"weyouface@gmail.com\"},\"openingHoursSpecification\":{\"@type\":\"OpeningHoursSpecification\",\"dayOfWeek\":[\"Monday\",\"Tuesday\",\"Wednesday\",\"Thursday\",\"Friday\",\"Saturday\",\"Sunday\"],\"opens\":\"00:00\",\"closes\":\"23:59\"},\"email\":\"weyouface@gmail.com\",\"areaServed\":\"Luxor, Hurghada, El Gouna, Aswan, Sharm El Sheikh, Giza, Alexandria, Marsa Alam, Quseir, Soma Bay, Sahl Hasheesh, Red Sea, Makadi Bay, Cairo\",\"priceRange\":\"$\",\"currenciesAccepted\":\"euro\",\"paymentAccepted\":\"cash on site\"},{\"@type\":\"PostalAddress\",\"@id\":\"https:\/\/hurghadalovers.com\/de\/tours\/privat-super-jeep-safari-trip-von-hurghada\/#local-main-place-address\",\"streetAddress\":\"17 Banks street, Alkawther area, top nbk bank\",\"addressLocality\":\"hurghada\",\"postalCode\":\"84511\",\"addressRegion\":\"red sea\",\"addressCountry\":\"EG\"},{\"@type\":\"ImageObject\",\"inLanguage\":\"de-DE\",\"@id\":\"https:\/\/hurghadalovers.com\/de\/tours\/privat-super-jeep-safari-trip-von-hurghada\/#local-main-organization-logo\",\"url\":\"https:\/\/hurghadalovers.com\/wp-content\/uploads\/2019\/10\/hurghada-excursions-logo.png\",\"contentUrl\":\"https:\/\/hurghadalovers.com\/wp-content\/uploads\/2019\/10\/hurghada-excursions-logo.png\",\"width\":272,\"height\":90,\"caption\":\"Hurghada Excursions\"}]}<\/script>\n<meta property=\"product:brand\" content=\"Hurghada Ausfl\u00fcge\" \/>\n<meta property=\"product:price:amount\" content=\"135\" \/>\n<meta property=\"product:price:currency\" content=\"EUR\" \/>\n<meta property=\"og:availability\" content=\"instock\" \/>\n<meta property=\"product:availability\" content=\"instock\" \/>\n<meta property=\"product:retailer_item_id\" content=\"Safari072024\" \/>\n<meta property=\"product:condition\" content=\"new\" \/>\n<meta name=\"geo.placename\" content=\"hurghada\" \/>\n<meta name=\"geo.region\" content=\"Egypt\" \/>\n<!-- \/ Yoast SEO Premium plugin. -->","yoast_head_json":{"title":"Privater Hurghada Beduinendorf Ausflug mit Quad Bike","description":"Privater Hurghada Beduinendorf Ausflug - Jeep Safari Trip mit ATV Bike, Spider Car und 4\u00d74 Car zum Beduinendorf mit Kamelritt und anschlie\u00dfendem BBQ","robots":{"index":"index","follow":"follow","max-snippet":"max-snippet:-1","max-image-preview":"max-image-preview:large","max-video-preview":"max-video-preview:-1"},"canonical":"https:\/\/hurghadalovers.com\/de\/tours\/privat-super-jeep-safari-trip-von-hurghada\/","og_locale":"de_DE","og_type":"article","og_title":"Privater Hurghada Beduinendorf Ausflug","og_description":"Privater Hurghada Beduinendorf Ausflug - Jeep Safari Trip mit ATV Bike, Spider Car und 4\u00d74 Car zum Beduinendorf mit Kamelritt und anschlie\u00dfendem BBQ","og_url":"https:\/\/hurghadalovers.com\/de\/tours\/privat-super-jeep-safari-trip-von-hurghada\/","og_site_name":"Hurghada Excursions &amp; Day Trips | Booking Best Prices Tours","article_publisher":"https:\/\/www.facebook.com\/Hurghadaloversegypt","article_modified_time":"2026-02-10T03:48:49+00:00","og_image":[{"width":867,"height":1156,"url":"https:\/\/hurghadalovers.com\/wp-content\/uploads\/2023\/09\/El-Gouna-Sunset-Quad-Biking-Tour.jpeg","type":"image\/jpeg"}],"twitter_card":"summary_large_image","twitter_misc":{"Price":"&euro;&nbsp;135","Availability":"In stock"},"schema":{"@context":"https:\/\/schema.org","@graph":[{"@type":["WebPage","ItemPage"],"@id":"https:\/\/hurghadalovers.com\/de\/tours\/privat-super-jeep-safari-trip-von-hurghada\/","url":"https:\/\/hurghadalovers.com\/de\/tours\/privat-super-jeep-safari-trip-von-hurghada\/","name":"Privater Hurghada Beduinendorf Ausflug mit Quad Bike","isPartOf":{"@id":"https:\/\/hurghadalovers.com\/de\/#website"},"primaryImageOfPage":{"@id":"https:\/\/hurghadalovers.com\/de\/tours\/privat-super-jeep-safari-trip-von-hurghada\/#primaryimage"},"image":{"@id":"https:\/\/hurghadalovers.com\/de\/tours\/privat-super-jeep-safari-trip-von-hurghada\/#primaryimage"},"thumbnailUrl":"https:\/\/hurghadalovers.com\/wp-content\/uploads\/2023\/09\/El-Gouna-Sunset-Quad-Biking-Tour.jpeg","datePublished":"2023-08-14T12:18:29+00:00","dateModified":"2026-02-10T03:48:49+00:00","description":"Privater Hurghada Beduinendorf Ausflug - Jeep Safari Trip mit ATV Bike, Spider Car und 4\u00d74 Car zum Beduinendorf mit Kamelritt und anschlie\u00dfendem BBQ","breadcrumb":{"@id":"https:\/\/hurghadalovers.com\/de\/tours\/privat-super-jeep-safari-trip-von-hurghada\/#breadcrumb"},"inLanguage":"de-DE","potentialAction":[{"@type":"ReadAction","target":["https:\/\/hurghadalovers.com\/de\/tours\/privat-super-jeep-safari-trip-von-hurghada\/"]}]},{"@type":"ImageObject","inLanguage":"de-DE","@id":"https:\/\/hurghadalovers.com\/de\/tours\/privat-super-jeep-safari-trip-von-hurghada\/#primaryimage","url":"https:\/\/hurghadalovers.com\/wp-content\/uploads\/2023\/09\/El-Gouna-Sunset-Quad-Biking-Tour.jpeg","contentUrl":"https:\/\/hurghadalovers.com\/wp-content\/uploads\/2023\/09\/El-Gouna-Sunset-Quad-Biking-Tour.jpeg","width":867,"height":1156,"caption":"El Gouna Sonnenuntergang Quad-Biking Tour"},{"@type":"BreadcrumbList","@id":"https:\/\/hurghadalovers.com\/de\/tours\/privat-super-jeep-safari-trip-von-hurghada\/#breadcrumb","itemListElement":[{"@type":"ListItem","position":1,"name":"Home","item":"https:\/\/hurghadalovers.com\/de\/"},{"@type":"ListItem","position":2,"name":"Shop","item":"https:\/\/hurghadalovers.com\/shop\/"},{"@type":"ListItem","position":3,"name":"Privater Hurghada Beduinendorf Ausflug"}]},{"@type":"WebSite","@id":"https:\/\/hurghadalovers.com\/de\/#website","url":"https:\/\/hurghadalovers.com\/de\/","name":"Hurghada Excursions & Day Trips | Booking Best Prices Tours","description":"Hurghada Lovers - Best Tour Operator - Excursions &amp; Things to do for Family Day Trips with kids and Couples Romantic. Unique .Hidden gems","publisher":{"@id":"https:\/\/hurghadalovers.com\/de\/#organization"},"alternateName":"Hurghada Excursions","potentialAction":[{"@type":"SearchAction","target":{"@type":"EntryPoint","urlTemplate":"https:\/\/hurghadalovers.com\/de\/?s={search_term_string}"},"query-input":{"@type":"PropertyValueSpecification","valueRequired":true,"valueName":"search_term_string"}}],"inLanguage":"de-DE"},{"@type":["Organization","Place","TravelAgency"],"@id":"https:\/\/hurghadalovers.com\/de\/#organization","name":"Hurghada Excursions","url":"https:\/\/hurghadalovers.com\/de\/","logo":{"@id":"https:\/\/hurghadalovers.com\/de\/tours\/privat-super-jeep-safari-trip-von-hurghada\/#local-main-organization-logo"},"image":{"@id":"https:\/\/hurghadalovers.com\/de\/tours\/privat-super-jeep-safari-trip-von-hurghada\/#local-main-organization-logo"},"sameAs":["https:\/\/www.facebook.com\/Hurghadaloversegypt"],"address":{"@id":"https:\/\/hurghadalovers.com\/de\/tours\/privat-super-jeep-safari-trip-von-hurghada\/#local-main-place-address"},"telephone":["00201112596434"],"contactPoint":{"@type":"ContactPoint","telephone":"00201112596434","email":"weyouface@gmail.com"},"openingHoursSpecification":{"@type":"OpeningHoursSpecification","dayOfWeek":["Monday","Tuesday","Wednesday","Thursday","Friday","Saturday","Sunday"],"opens":"00:00","closes":"23:59"},"email":"weyouface@gmail.com","areaServed":"Luxor, Hurghada, El Gouna, Aswan, Sharm El Sheikh, Giza, Alexandria, Marsa Alam, Quseir, Soma Bay, Sahl Hasheesh, Red Sea, Makadi Bay, Cairo","priceRange":"$","currenciesAccepted":"euro","paymentAccepted":"cash on site"},{"@type":"PostalAddress","@id":"https:\/\/hurghadalovers.com\/de\/tours\/privat-super-jeep-safari-trip-von-hurghada\/#local-main-place-address","streetAddress":"17 Banks street, Alkawther area, top nbk bank","addressLocality":"hurghada","postalCode":"84511","addressRegion":"red sea","addressCountry":"EG"},{"@type":"ImageObject","inLanguage":"de-DE","@id":"https:\/\/hurghadalovers.com\/de\/tours\/privat-super-jeep-safari-trip-von-hurghada\/#local-main-organization-logo","url":"https:\/\/hurghadalovers.com\/wp-content\/uploads\/2019\/10\/hurghada-excursions-logo.png","contentUrl":"https:\/\/hurghadalovers.com\/wp-content\/uploads\/2019\/10\/hurghada-excursions-logo.png","width":272,"height":90,"caption":"Hurghada Excursions"}]},"product_brand":"Hurghada Ausfl\u00fcge","product_price_amount":"135","product_price_currency":"EUR","og_availability":"instock","product_availability":"instock","product_retailer_item_id":"Safari072024","product_condition":"new","geo.placename":"hurghada","geo.region":"Egypt"},"_links":{"self":[{"href":"https:\/\/hurghadalovers.com\/de\/wp-json\/wp\/v2\/product\/380314","targetHints":{"allow":["GET"]}}],"collection":[{"href":"https:\/\/hurghadalovers.com\/de\/wp-json\/wp\/v2\/product"}],"about":[{"href":"https:\/\/hurghadalovers.com\/de\/wp-json\/wp\/v2\/types\/product"}],"wp:featuredmedia":[{"embeddable":true,"href":"https:\/\/hurghadalovers.com\/de\/wp-json\/wp\/v2\/media\/396242"}],"wp:attachment":[{"href":"https:\/\/hurghadalovers.com\/de\/wp-json\/wp\/v2\/media?parent=380314"}],"wp:term":[{"taxonomy":"product_brand","embeddable":true,"href":"https:\/\/hurghadalovers.com\/de\/wp-json\/wp\/v2\/product_brand?post=380314"},{"taxonomy":"product_cat","embeddable":true,"href":"https:\/\/hurghadalovers.com\/de\/wp-json\/wp\/v2\/product_cat?post=380314"},{"taxonomy":"product_tag","embeddable":true,"href":"https:\/\/hurghadalovers.com\/de\/wp-json\/wp\/v2\/product_tag?post=380314"}],"curies":[{"name":"wp","href":"https:\/\/api.w.org\/{rel}","templated":true}]}}