{"id":379461,"date":"2023-08-12T08:38:05","date_gmt":"2023-08-12T08:39:04","guid":{"rendered":"https:\/\/hurghadalovers.com\/shop\/unkategorisiert\/privater-tagesausflug-von-hurghada-nach-kairo-und-luxor-2-tage\/"},"modified":"2026-02-07T18:25:47","modified_gmt":"2026-02-07T18:25:47","slug":"private-tagesreise-von-hurghada-nach-kairo-und-luxor-2-tage","status":"publish","type":"product","link":"https:\/\/hurghadalovers.com\/de\/tours\/private-tagesreise-von-hurghada-nach-kairo-und-luxor-2-tage\/","title":{"rendered":"Privater Ausflug von Hurghada nach Luxor und Kairo &#8211; 2 Tage"},"content":{"rendered":"<p><strong>Privater Ausflug von Hurghada nach Luxor und Kairo<\/strong> &#8211; 2 Tage mit privatem Reisef\u00fchrer, Tickets und Mittagessen.<\/p>\n<p>Eine einzigartige Tour, um die Geheimnisse und die Geschichte des Baus der <strong>Pyramiden<\/strong> und der Gro\u00dfen <strong>Sphinx<\/strong> zu entdecken und die Fakten \u00fcber die Tempel und K\u00f6nigsgr\u00e4ber in <strong>Luxor<\/strong> auf einer zweit\u00e4gigen Tour zu erfahren, die alles beinhaltet.<\/p>\n<p style=\"text-align: center;\">\u00a0Entdecken Sie die Geheimnisse der <a href=\"https:\/\/hurghadalovers.com\/de\/pharaonen-koenige-aegypten\/\"><strong>Pharaonen<\/strong><\/a> im alten \u00c4gypten.<\/p>\n<p><strong>H\u00f6hepunkte:<\/strong><\/p>\n<ul>\n<li><a href=\"https:\/\/hurghadalovers.com\/de\/pyramiden-von-gizeh-kairo\/\">Pyramiden von Gizeh<\/a>.<\/li>\n<li><a href=\"https:\/\/hurghadalovers.com\/de\/grosse-sphinx-gizeh-kairo-aegypten\/\">Gro\u00dfe Sphinx<\/a>.<\/li>\n<li>Tal-Tempel.<\/li>\n<li>Der alte Basar.<\/li>\n<li>\u00c4gyptisches Museum.<\/li>\n<li><a href=\"https:\/\/hurghadalovers.com\/de\/karnak-tempel-luxor-aegypten\/\">Karnak-Tempel<\/a>.<\/li>\n<li><a href=\"https:\/\/hurghadalovers.com\/de\/die-kolosse-von-memnon-luxor\/\">Die Kolosse von Memnon<\/a>.<\/li>\n<li><a href=\"https:\/\/hurghadalovers.com\/de\/totentempel-der-hatschepsut-luxor\/\">Totentempel der Hatschepsut<\/a>.<\/li>\n<li>3 Gr\u00e4ber im <a href=\"https:\/\/hurghadalovers.com\/de\/tal-der-koenige-luxor-aegypten\/\"><strong>Tal der K\u00f6nige<\/strong><\/a>.<\/li>\n<li>Mittagessen im Restaurant.<\/li>\n<\/ul>\n<p><strong>Privater Ausflug von Hurghada nach Luxor und Kairo &#8211; 2 Tage Details:<\/strong><\/p>\n<ul>\n<li>Verf\u00fcgbarkeit der Tour: Jeden Tag.<\/li>\n<li>Art der Tour: Privat mit Auto oder Minivan.<\/li>\n<li>Abholzeit: Ab 02:30 Uhr morgens.<\/li>\n<li>Asking Hotel erhalten Sie Ihr Fr\u00fchst\u00fcck Tasche mit Ihnen Morgen.<\/li>\n<li>Abholzeit: 19:30 Uhr.<\/li>\n<li>F\u00fcr Rollstuhlfahrer zug\u00e4nglich.<\/li>\n<li>Dauer: 2 Tage und 1 Nacht.<\/li>\n<\/ul>\n<p><strong>Jetzt reservieren und sp\u00e4ter bezahlen:<\/strong><\/p>\n<ul>\n<li>Bargeld vor Ort zu f\u00fchren.<\/li>\n<li>Zahlung in \u00e4gyptischen Pfund, $, \u20ac oder \u00a3.<\/li>\n<\/ul>\n<p><strong>Stornierungsbedingungen:<\/strong><\/p>\n<ul>\n<li>Sie k\u00f6nnen bis zu 24 Stunden im Voraus stornieren.<\/li>\n<li>Wenn jemand aus Ihrer Familie den Vormittag absagt, zahlen Sie 50 % der Kosten.<\/li>\n<\/ul>\n<p><strong>Was ist im privaten Tagesausflug von Hurghada enthalten?<\/strong><\/p>\n<ul>\n<li>Transfer von Hurghada Hotels &#8220;Hotel abholen und zur\u00fcckbringen&#8221;.<\/li>\n<li>Alle Steuern, Eintrittsgelder und Bearbeitungsgeb\u00fchren.<\/li>\n<li>Flugticket Kairo \/ Luxor.<\/li>\n<li>\u00dcberweisungen.<\/li>\n<li>Reiseleiter.<\/li>\n<li>Eine Nacht im Hotel in Luxor.<\/li>\n<li>Die Getr\u00e4nke.<\/li>\n<li>Mittagessen im Restaurant.<\/li>\n<\/ul>\n<p><strong>Ausnahmen?<\/strong><\/p>\n<ul>\n<li>Trinkgeld.<\/li>\n<li>Feluccatour &#8220;Bootsfahrt&#8221; F\u00fcr 35 min= 10$.<\/li>\n<li>Pferdekutsche in der N\u00e4he der Pyramiden.<\/li>\n<li>Eintrittskarte f\u00fcr die Gro\u00dfe Pyramide des Cheops.<\/li>\n<li>Alle nicht erw\u00e4hnten Extras.<\/li>\n<\/ul>\n<p><strong>Privater Ausflug von Hurghada nach Luxor und Kairo &#8211; 2 Tage Preise:<\/strong><\/p>\n<ul>\n<li><strong>Preis f\u00fcr Erwachsene = <\/strong><strong>ab 510$<\/strong><strong> pro Person<\/strong>.<\/li>\n<li>Preis f\u00fcr Kinder &#8220;5-12\u2033= 50%.<\/li>\n<li>f\u00fcr Kinder &#8220;0-5\u2033= Kostenlos.<\/li>\n<\/ul>\n<p><strong>Bewertungen:<\/strong><\/p>\n<p>\u00fcberpr\u00fcfen Sie unsere Google Map Bewertungen als bester <a href=\"https:\/\/g.page\/r\/CUeYvkngP3wkEBM\/review\">Reiseveranstalter in Hurghada<\/a> online in <a href=\"https:\/\/hurghadalovers.com\/\">Hurghada<\/a> \u00c4gypten.<\/p>\n<p>&nbsp;<\/p>\n<p><strong>Anmerkung: <\/strong><\/p>\n<p>Wir machen auch Touren mit Transfer von Ihrem Hotel in El Goua, Soma Bucht, Makadi Bucht, Sahl Hasheesh, Safaga mit extra Kosten= 10$ pro Person.<\/p>\n<p>&nbsp;<\/p>\n<p><strong>Reservierung:<\/strong><\/p>\n<p>Senden Sie Hotel + Zimmernummer + Fotop\u00e4sse an WhatsApp: <strong>+201112596434<\/strong><\/p>\n<p>Wenn Sie aus \u00c4gypten Buchen Sie jetzt online und best\u00e4tigen Sie bei der Ankunft Hotel.<\/p>\n<p><span style=\"color: #ff6600;\">&#8212;&#8212;&#8211; | &#8212;&#8212;&#8212;&#8212;&#8212;- | &#8212;&#8212;&#8212;-<\/span><\/p>\n<p>Suchen Sie nach Antworten dar\u00fcber, was sich im Inneren der Gro\u00dfen Pyramide befindet, wer die Pyramiden tats\u00e4chlich gebaut hat, welche pharaonischen Legenden aus der Astronomie der Pharaonen und modernen Theorien mit ihr verbunden sind, um das Geheimnis ihres bisherigen \u00dcberlebens zu kl\u00e4ren und wie lange der Bau gedauert hat , wie haben sie die Steine zu den Pyramiden gehoben, wie lange werden die Pyramiden halten, warum wurden die Pyramiden an diesem Ort \u00fcber dem <strong>Gizeh-Plateau<\/strong> gebaut, wer ist die Person am Fu\u00df der Pyramide, warum ist dort die Spitze der Pyramide? Wenn Sie so weit gekommen sind, warum die Pyramiden geschaffen wurden und was das Geheimnis ihrer Richtung zum Himmel ist, warum die Pyramiden nicht im Sand versinken, was Pyramidentexte sind und mehr, wird Ihnen der <strong>Reiseleiter <\/strong>eines \u00c4gyptologen alle Ihre Fragen beantworten.<\/p>\n<p>pr\u00fcfen <a href=\"https:\/\/hurghadalovers.com\/de\/tour-category\/hurghada-reisen\/\"><strong>Hurghada Ausfl\u00fcge<\/strong><\/a>\u00a0&#8211; <a href=\"https:\/\/hurghadalovers.com\/de\/tour-category\/hurghada-to-cairo-trips-de\/\"><strong>Kairo Tagesausfl\u00fcge von Hurghada<\/strong><\/a>:<\/p>\n<ul>\n<li><a href=\"https:\/\/hurghadalovers.com\/de\/tours\/hurghada-zu-pyramiden-tagesausflug-mit-dem-bus\/\"><strong>Tagesausflug von <\/strong><strong>Hurghada zu den Pyramiden<\/strong><\/a> mit dem Bus<\/li>\n<li><a href=\"https:\/\/hurghadalovers.com\/de\/tours\/tagesausfluge-von-hurghada-zu-pyramiden-mit-minivan\/\"><strong>Tagesausflug Von Hurghada Nach Kairo<\/strong><\/a> im Minivan<\/li>\n<li><a href=\"https:\/\/hurghadalovers.com\/de\/tours\/private-tagesfahrt-von-hurghada-nach-kairo\/\">Privater Ausflug nach Kairo von Hurghada<\/a><\/li>\n<li><a href=\"https:\/\/hurghadalovers.com\/de\/tours\/privat-hurghada-taxi-transfers\/\">Privater Transfer von Hurghada<\/a><\/li>\n<li><a href=\"https:\/\/hurghadalovers.com\/de\/tours\/privat-kairo-alexandria-tour-von-hurghada\/\"><strong>Privater Kairo und Alexandria von Hurghada<\/strong><\/a> &#8211; 2 Tage<\/li>\n<li><a href=\"https:\/\/hurghadalovers.com\/de\/tours\/privat-tagesausflug-von-hurghada-nach-sakkara\/\"><strong>Privater Tagesausflug Hurghada Kairo<\/strong><\/a> nach Sakkara Dahshur, Memphis, \u00c4gyptisches Museum<\/li>\n<li><a href=\"https:\/\/hurghadalovers.com\/de\/tours\/privat-hurghada-ausfluge-zu-pyramiden-el-rifai-sultan-hassan-moschee-von-hurghada\/\"><strong>Privater Hurghada Pyramiden Ausflug<\/strong><\/a> nach Pyramiden von Gizeh, El Rifai und der Sultan-Hassan-Moschee<\/li>\n<li><a href=\"https:\/\/hurghadalovers.com\/de\/tours\/privat-kairo-ubernachtungs-tour-ab-hurghada\/\">Privater Ausflug von Hurghada nach Kairo<\/a> &#8211; 2 Tage<\/li>\n<li><a href=\"https:\/\/hurghadalovers.com\/de\/tours\/privat-hurghada-zu-pyramiden-von-gizeh\/\"><strong>Privater Hurghada Pyramiden Tour<\/strong><\/a> nach Sakkara, Sphinx und zum islamischen Kairo<\/li>\n<li><a href=\"https:\/\/hurghadalovers.com\/de\/tours\/privat-tagesausflug-zum-islamischen-kairo-von-hurghada\/\">Privater Ausflug nach islamische Kairo Von Hurghada<\/a><\/li>\n<li><a href=\"https:\/\/hurghadalovers.com\/de\/tours\/privat-optisch-kairo-tagestour-ab-hurghada\/\">Privater Ausflug nach koptische Kairo Von Hurghada<\/a><\/li>\n<li>Privater Ausflug von Hurghada nach Luxor und Kairo &#8211; 2 Tage<\/li>\n<li><a href=\"https:\/\/hurghadalovers.com\/de\/tours\/privat-kairo-tour-ab-hurghada\/\"><strong>Privater Ausflug Pyramiden \u00c4gypten Hurghada<\/strong><\/a> nach Sphinx, Sakkara und Dahschur<\/li>\n<\/ul>\n","protected":false},"excerpt":{"rendered":"<p>Privater Tagesausflug von Hurghada nach Kairo und Luxor 2 TAGE mit privatem Reisef\u00fchrer, Tickets und Mittagessen. Eine einzigartige Tour, um die Geheimnisse und die Geschichte des Pyramidenbaus zu entdecken&#8230;<\/p>\n","protected":false},"featured_media":394167,"template":"","meta":{"_joinchat":[]},"product_brand":[],"product_cat":[29817],"product_tag":[51871,59288,59465,59471,59476,59271,59358,59337,51883,59344,59351,49320,59265,59426],"class_list":{"0":"post-379461","1":"product","2":"type-product","3":"status-publish","4":"has-post-thumbnail","6":"product_cat-touren","7":"product_tag-agypten-privatreisen","8":"product_tag-dinge-zu-tun-in-hurghada","9":"product_tag-familienfreundliche-aktivitaten-in-hurghada","10":"product_tag-hurghada-kinderfreundliche-touren","11":"product_tag-hurghada-aktivitaten-fur-kinder","12":"product_tag-hurghada-ausfluge","13":"product_tag-hurghada-reise-nach-kairo","14":"product_tag-hurghada-zu-den-pyramiden","15":"product_tag-kairo-private-touren","16":"product_tag-kairo-tagesausflug-von-hurghada","17":"product_tag-pyramiden-von-hurghada-aus","18":"product_tag-tagesausflug-nach-kairo","19":"product_tag-tagesausflug-von-hurghada-zu-den-pyramiden","20":"product_tag-tagestouren-von-hurghada-aus","21":"tour_category-hurghada-reisen","22":"tour_category-hurghada-to-cairo-trips-de","24":"first","25":"instock","26":"sale","27":"shipping-taxable","28":"purchasable","29":"product-type-tour"},"yoast_head":"<!-- This site is optimized with the Yoast SEO Premium plugin v26.9 (Yoast SEO v27.2) - https:\/\/yoast.com\/product\/yoast-seo-premium-wordpress\/ -->\n<title>Privater Ausflug von Hurghada nach Luxor und Kairo - 2 Tage<\/title>\n<meta name=\"description\" content=\"Privater Ausflug von Hurghada nach Luxor und Kairo - 2 Tage mit privatem Reisef\u00fchrer, Tickets und Mittagessen. Eine einzigartige Tour zur Entdeckung\" \/>\n<meta name=\"robots\" content=\"index, follow, max-snippet:-1, max-image-preview:large, max-video-preview:-1\" \/>\n<link rel=\"canonical\" href=\"https:\/\/hurghadalovers.com\/de\/tours\/private-tagesreise-von-hurghada-nach-kairo-und-luxor-2-tage\/\" \/>\n<meta property=\"og:locale\" content=\"de_DE\" \/>\n<meta property=\"og:type\" content=\"article\" \/>\n<meta property=\"og:title\" content=\"Privater Ausflug von Hurghada nach Luxor und Kairo - 2 Tage\" \/>\n<meta property=\"og:description\" content=\"Privater Ausflug von Hurghada nach Luxor und Kairo - 2 Tage mit privatem Reisef\u00fchrer, Tickets und Mittagessen. Eine einzigartige Tour zur Entdeckung\" \/>\n<meta property=\"og:url\" content=\"https:\/\/hurghadalovers.com\/de\/tours\/private-tagesreise-von-hurghada-nach-kairo-und-luxor-2-tage\/\" \/>\n<meta property=\"og:site_name\" content=\"Hurghada Excursions &amp; Day Trips | Booking Best Prices Tours\" \/>\n<meta property=\"article:publisher\" content=\"https:\/\/www.facebook.com\/Hurghadaloversegypt\" \/>\n<meta property=\"article:modified_time\" content=\"2026-02-07T18:25:47+00:00\" \/>\n<meta property=\"og:image\" content=\"https:\/\/hurghadalovers.com\/wp-content\/uploads\/2023\/09\/Private-Day-Trip-from-El-Gouna-to-Cairo.jpeg\" \/>\n\t<meta property=\"og:image:width\" content=\"1500\" \/>\n\t<meta property=\"og:image:height\" content=\"404\" \/>\n\t<meta property=\"og:image:type\" content=\"image\/jpeg\" \/>\n<meta name=\"twitter:card\" content=\"summary_large_image\" \/>\n<meta name=\"twitter:label1\" content=\"Price\" \/>\n\t<meta name=\"twitter:data1\" content=\"&euro;&nbsp;510\" \/>\n\t<meta name=\"twitter:label2\" content=\"Availability\" \/>\n\t<meta name=\"twitter:data2\" content=\"In stock\" \/>\n<script type=\"application\/ld+json\" class=\"yoast-schema-graph\">{\"@context\":\"https:\/\/schema.org\",\"@graph\":[{\"@type\":[\"WebPage\",\"ItemPage\"],\"@id\":\"https:\/\/hurghadalovers.com\/de\/tours\/private-tagesreise-von-hurghada-nach-kairo-und-luxor-2-tage\/\",\"url\":\"https:\/\/hurghadalovers.com\/de\/tours\/private-tagesreise-von-hurghada-nach-kairo-und-luxor-2-tage\/\",\"name\":\"Privater Ausflug von Hurghada nach Luxor und Kairo - 2 Tage\",\"isPartOf\":{\"@id\":\"https:\/\/hurghadalovers.com\/de\/#website\"},\"primaryImageOfPage\":{\"@id\":\"https:\/\/hurghadalovers.com\/de\/tours\/private-tagesreise-von-hurghada-nach-kairo-und-luxor-2-tage\/#primaryimage\"},\"image\":{\"@id\":\"https:\/\/hurghadalovers.com\/de\/tours\/private-tagesreise-von-hurghada-nach-kairo-und-luxor-2-tage\/#primaryimage\"},\"thumbnailUrl\":\"https:\/\/hurghadalovers.com\/wp-content\/uploads\/2023\/09\/Private-Day-Trip-from-El-Gouna-to-Cairo.jpeg\",\"datePublished\":\"2023-08-12T08:39:04+00:00\",\"dateModified\":\"2026-02-07T18:25:47+00:00\",\"description\":\"Privater Ausflug von Hurghada nach Luxor und Kairo - 2 Tage mit privatem Reisef\u00fchrer, Tickets und Mittagessen. Eine einzigartige Tour zur Entdeckung\",\"breadcrumb\":{\"@id\":\"https:\/\/hurghadalovers.com\/de\/tours\/private-tagesreise-von-hurghada-nach-kairo-und-luxor-2-tage\/#breadcrumb\"},\"inLanguage\":\"de-DE\",\"potentialAction\":[{\"@type\":\"ReadAction\",\"target\":[\"https:\/\/hurghadalovers.com\/de\/tours\/private-tagesreise-von-hurghada-nach-kairo-und-luxor-2-tage\/\"]}]},{\"@type\":\"ImageObject\",\"inLanguage\":\"de-DE\",\"@id\":\"https:\/\/hurghadalovers.com\/de\/tours\/private-tagesreise-von-hurghada-nach-kairo-und-luxor-2-tage\/#primaryimage\",\"url\":\"https:\/\/hurghadalovers.com\/wp-content\/uploads\/2023\/09\/Private-Day-Trip-from-El-Gouna-to-Cairo.jpeg\",\"contentUrl\":\"https:\/\/hurghadalovers.com\/wp-content\/uploads\/2023\/09\/Private-Day-Trip-from-El-Gouna-to-Cairo.jpeg\",\"width\":1500,\"height\":404,\"caption\":\"Privater Tagesausflug von El Gouna nach Kairo\"},{\"@type\":\"BreadcrumbList\",\"@id\":\"https:\/\/hurghadalovers.com\/de\/tours\/private-tagesreise-von-hurghada-nach-kairo-und-luxor-2-tage\/#breadcrumb\",\"itemListElement\":[{\"@type\":\"ListItem\",\"position\":1,\"name\":\"Home\",\"item\":\"https:\/\/hurghadalovers.com\/de\/\"},{\"@type\":\"ListItem\",\"position\":2,\"name\":\"Shop\",\"item\":\"https:\/\/hurghadalovers.com\/shop\/\"},{\"@type\":\"ListItem\",\"position\":3,\"name\":\"Privater Ausflug von Hurghada nach Luxor und Kairo &#8211; 2 Tage\"}]},{\"@type\":\"WebSite\",\"@id\":\"https:\/\/hurghadalovers.com\/de\/#website\",\"url\":\"https:\/\/hurghadalovers.com\/de\/\",\"name\":\"Hurghada Excursions & Day Trips | Booking Best Prices Tours\",\"description\":\"Hurghada Lovers - Best Tour Operator - Excursions &amp; Things to do for Family Day Trips with kids and Couples Romantic. Unique .Hidden gems\",\"publisher\":{\"@id\":\"https:\/\/hurghadalovers.com\/de\/#organization\"},\"alternateName\":\"Hurghada Excursions\",\"potentialAction\":[{\"@type\":\"SearchAction\",\"target\":{\"@type\":\"EntryPoint\",\"urlTemplate\":\"https:\/\/hurghadalovers.com\/de\/?s={search_term_string}\"},\"query-input\":{\"@type\":\"PropertyValueSpecification\",\"valueRequired\":true,\"valueName\":\"search_term_string\"}}],\"inLanguage\":\"de-DE\"},{\"@type\":[\"Organization\",\"Place\",\"TravelAgency\"],\"@id\":\"https:\/\/hurghadalovers.com\/de\/#organization\",\"name\":\"Hurghada Excursions\",\"url\":\"https:\/\/hurghadalovers.com\/de\/\",\"logo\":{\"@id\":\"https:\/\/hurghadalovers.com\/de\/tours\/private-tagesreise-von-hurghada-nach-kairo-und-luxor-2-tage\/#local-main-organization-logo\"},\"image\":{\"@id\":\"https:\/\/hurghadalovers.com\/de\/tours\/private-tagesreise-von-hurghada-nach-kairo-und-luxor-2-tage\/#local-main-organization-logo\"},\"sameAs\":[\"https:\/\/www.facebook.com\/Hurghadaloversegypt\"],\"address\":{\"@id\":\"https:\/\/hurghadalovers.com\/de\/tours\/private-tagesreise-von-hurghada-nach-kairo-und-luxor-2-tage\/#local-main-place-address\"},\"telephone\":[\"00201112596434\"],\"contactPoint\":{\"@type\":\"ContactPoint\",\"telephone\":\"00201112596434\",\"email\":\"weyouface@gmail.com\"},\"openingHoursSpecification\":{\"@type\":\"OpeningHoursSpecification\",\"dayOfWeek\":[\"Monday\",\"Tuesday\",\"Wednesday\",\"Thursday\",\"Friday\",\"Saturday\",\"Sunday\"],\"opens\":\"00:00\",\"closes\":\"23:59\"},\"email\":\"weyouface@gmail.com\",\"areaServed\":\"Luxor, Hurghada, El Gouna, Aswan, Sharm El Sheikh, Giza, Alexandria, Marsa Alam, Quseir, Soma Bay, Sahl Hasheesh, Red Sea, Makadi Bay, Cairo\",\"priceRange\":\"$\",\"currenciesAccepted\":\"euro\",\"paymentAccepted\":\"cash on site\"},{\"@type\":\"PostalAddress\",\"@id\":\"https:\/\/hurghadalovers.com\/de\/tours\/private-tagesreise-von-hurghada-nach-kairo-und-luxor-2-tage\/#local-main-place-address\",\"streetAddress\":\"17 Banks street, Alkawther area, top nbk bank\",\"addressLocality\":\"hurghada\",\"postalCode\":\"84511\",\"addressRegion\":\"red sea\",\"addressCountry\":\"EG\"},{\"@type\":\"ImageObject\",\"inLanguage\":\"de-DE\",\"@id\":\"https:\/\/hurghadalovers.com\/de\/tours\/private-tagesreise-von-hurghada-nach-kairo-und-luxor-2-tage\/#local-main-organization-logo\",\"url\":\"https:\/\/hurghadalovers.com\/wp-content\/uploads\/2019\/10\/hurghada-excursions-logo.png\",\"contentUrl\":\"https:\/\/hurghadalovers.com\/wp-content\/uploads\/2019\/10\/hurghada-excursions-logo.png\",\"width\":272,\"height\":90,\"caption\":\"Hurghada Excursions\"}]}<\/script>\n<meta property=\"product:brand\" content=\"Hurghada Ausfl\u00fcge\" \/>\n<meta property=\"product:price:amount\" content=\"510\" \/>\n<meta property=\"product:price:currency\" content=\"EUR\" \/>\n<meta property=\"og:availability\" content=\"instock\" \/>\n<meta property=\"product:availability\" content=\"instock\" \/>\n<meta property=\"product:retailer_item_id\" content=\"Private22024\" \/>\n<meta property=\"product:condition\" content=\"new\" \/>\n<meta name=\"geo.placename\" content=\"hurghada\" \/>\n<meta name=\"geo.region\" content=\"Egypt\" \/>\n<!-- \/ Yoast SEO Premium plugin. -->","yoast_head_json":{"title":"Privater Ausflug von Hurghada nach Luxor und Kairo - 2 Tage","description":"Privater Ausflug von Hurghada nach Luxor und Kairo - 2 Tage mit privatem Reisef\u00fchrer, Tickets und Mittagessen. Eine einzigartige Tour zur Entdeckung","robots":{"index":"index","follow":"follow","max-snippet":"max-snippet:-1","max-image-preview":"max-image-preview:large","max-video-preview":"max-video-preview:-1"},"canonical":"https:\/\/hurghadalovers.com\/de\/tours\/private-tagesreise-von-hurghada-nach-kairo-und-luxor-2-tage\/","og_locale":"de_DE","og_type":"article","og_title":"Privater Ausflug von Hurghada nach Luxor und Kairo - 2 Tage","og_description":"Privater Ausflug von Hurghada nach Luxor und Kairo - 2 Tage mit privatem Reisef\u00fchrer, Tickets und Mittagessen. Eine einzigartige Tour zur Entdeckung","og_url":"https:\/\/hurghadalovers.com\/de\/tours\/private-tagesreise-von-hurghada-nach-kairo-und-luxor-2-tage\/","og_site_name":"Hurghada Excursions &amp; Day Trips | Booking Best Prices Tours","article_publisher":"https:\/\/www.facebook.com\/Hurghadaloversegypt","article_modified_time":"2026-02-07T18:25:47+00:00","og_image":[{"width":1500,"height":404,"url":"https:\/\/hurghadalovers.com\/wp-content\/uploads\/2023\/09\/Private-Day-Trip-from-El-Gouna-to-Cairo.jpeg","type":"image\/jpeg"}],"twitter_card":"summary_large_image","twitter_misc":{"Price":"&euro;&nbsp;510","Availability":"In stock"},"schema":{"@context":"https:\/\/schema.org","@graph":[{"@type":["WebPage","ItemPage"],"@id":"https:\/\/hurghadalovers.com\/de\/tours\/private-tagesreise-von-hurghada-nach-kairo-und-luxor-2-tage\/","url":"https:\/\/hurghadalovers.com\/de\/tours\/private-tagesreise-von-hurghada-nach-kairo-und-luxor-2-tage\/","name":"Privater Ausflug von Hurghada nach Luxor und Kairo - 2 Tage","isPartOf":{"@id":"https:\/\/hurghadalovers.com\/de\/#website"},"primaryImageOfPage":{"@id":"https:\/\/hurghadalovers.com\/de\/tours\/private-tagesreise-von-hurghada-nach-kairo-und-luxor-2-tage\/#primaryimage"},"image":{"@id":"https:\/\/hurghadalovers.com\/de\/tours\/private-tagesreise-von-hurghada-nach-kairo-und-luxor-2-tage\/#primaryimage"},"thumbnailUrl":"https:\/\/hurghadalovers.com\/wp-content\/uploads\/2023\/09\/Private-Day-Trip-from-El-Gouna-to-Cairo.jpeg","datePublished":"2023-08-12T08:39:04+00:00","dateModified":"2026-02-07T18:25:47+00:00","description":"Privater Ausflug von Hurghada nach Luxor und Kairo - 2 Tage mit privatem Reisef\u00fchrer, Tickets und Mittagessen. Eine einzigartige Tour zur Entdeckung","breadcrumb":{"@id":"https:\/\/hurghadalovers.com\/de\/tours\/private-tagesreise-von-hurghada-nach-kairo-und-luxor-2-tage\/#breadcrumb"},"inLanguage":"de-DE","potentialAction":[{"@type":"ReadAction","target":["https:\/\/hurghadalovers.com\/de\/tours\/private-tagesreise-von-hurghada-nach-kairo-und-luxor-2-tage\/"]}]},{"@type":"ImageObject","inLanguage":"de-DE","@id":"https:\/\/hurghadalovers.com\/de\/tours\/private-tagesreise-von-hurghada-nach-kairo-und-luxor-2-tage\/#primaryimage","url":"https:\/\/hurghadalovers.com\/wp-content\/uploads\/2023\/09\/Private-Day-Trip-from-El-Gouna-to-Cairo.jpeg","contentUrl":"https:\/\/hurghadalovers.com\/wp-content\/uploads\/2023\/09\/Private-Day-Trip-from-El-Gouna-to-Cairo.jpeg","width":1500,"height":404,"caption":"Privater Tagesausflug von El Gouna nach Kairo"},{"@type":"BreadcrumbList","@id":"https:\/\/hurghadalovers.com\/de\/tours\/private-tagesreise-von-hurghada-nach-kairo-und-luxor-2-tage\/#breadcrumb","itemListElement":[{"@type":"ListItem","position":1,"name":"Home","item":"https:\/\/hurghadalovers.com\/de\/"},{"@type":"ListItem","position":2,"name":"Shop","item":"https:\/\/hurghadalovers.com\/shop\/"},{"@type":"ListItem","position":3,"name":"Privater Ausflug von Hurghada nach Luxor und Kairo &#8211; 2 Tage"}]},{"@type":"WebSite","@id":"https:\/\/hurghadalovers.com\/de\/#website","url":"https:\/\/hurghadalovers.com\/de\/","name":"Hurghada Excursions & Day Trips | Booking Best Prices Tours","description":"Hurghada Lovers - Best Tour Operator - Excursions &amp; Things to do for Family Day Trips with kids and Couples Romantic. Unique .Hidden gems","publisher":{"@id":"https:\/\/hurghadalovers.com\/de\/#organization"},"alternateName":"Hurghada Excursions","potentialAction":[{"@type":"SearchAction","target":{"@type":"EntryPoint","urlTemplate":"https:\/\/hurghadalovers.com\/de\/?s={search_term_string}"},"query-input":{"@type":"PropertyValueSpecification","valueRequired":true,"valueName":"search_term_string"}}],"inLanguage":"de-DE"},{"@type":["Organization","Place","TravelAgency"],"@id":"https:\/\/hurghadalovers.com\/de\/#organization","name":"Hurghada Excursions","url":"https:\/\/hurghadalovers.com\/de\/","logo":{"@id":"https:\/\/hurghadalovers.com\/de\/tours\/private-tagesreise-von-hurghada-nach-kairo-und-luxor-2-tage\/#local-main-organization-logo"},"image":{"@id":"https:\/\/hurghadalovers.com\/de\/tours\/private-tagesreise-von-hurghada-nach-kairo-und-luxor-2-tage\/#local-main-organization-logo"},"sameAs":["https:\/\/www.facebook.com\/Hurghadaloversegypt"],"address":{"@id":"https:\/\/hurghadalovers.com\/de\/tours\/private-tagesreise-von-hurghada-nach-kairo-und-luxor-2-tage\/#local-main-place-address"},"telephone":["00201112596434"],"contactPoint":{"@type":"ContactPoint","telephone":"00201112596434","email":"weyouface@gmail.com"},"openingHoursSpecification":{"@type":"OpeningHoursSpecification","dayOfWeek":["Monday","Tuesday","Wednesday","Thursday","Friday","Saturday","Sunday"],"opens":"00:00","closes":"23:59"},"email":"weyouface@gmail.com","areaServed":"Luxor, Hurghada, El Gouna, Aswan, Sharm El Sheikh, Giza, Alexandria, Marsa Alam, Quseir, Soma Bay, Sahl Hasheesh, Red Sea, Makadi Bay, Cairo","priceRange":"$","currenciesAccepted":"euro","paymentAccepted":"cash on site"},{"@type":"PostalAddress","@id":"https:\/\/hurghadalovers.com\/de\/tours\/private-tagesreise-von-hurghada-nach-kairo-und-luxor-2-tage\/#local-main-place-address","streetAddress":"17 Banks street, Alkawther area, top nbk bank","addressLocality":"hurghada","postalCode":"84511","addressRegion":"red sea","addressCountry":"EG"},{"@type":"ImageObject","inLanguage":"de-DE","@id":"https:\/\/hurghadalovers.com\/de\/tours\/private-tagesreise-von-hurghada-nach-kairo-und-luxor-2-tage\/#local-main-organization-logo","url":"https:\/\/hurghadalovers.com\/wp-content\/uploads\/2019\/10\/hurghada-excursions-logo.png","contentUrl":"https:\/\/hurghadalovers.com\/wp-content\/uploads\/2019\/10\/hurghada-excursions-logo.png","width":272,"height":90,"caption":"Hurghada Excursions"}]},"product_brand":"Hurghada Ausfl\u00fcge","product_price_amount":"510","product_price_currency":"EUR","og_availability":"instock","product_availability":"instock","product_retailer_item_id":"Private22024","product_condition":"new","geo.placename":"hurghada","geo.region":"Egypt"},"_links":{"self":[{"href":"https:\/\/hurghadalovers.com\/de\/wp-json\/wp\/v2\/product\/379461","targetHints":{"allow":["GET"]}}],"collection":[{"href":"https:\/\/hurghadalovers.com\/de\/wp-json\/wp\/v2\/product"}],"about":[{"href":"https:\/\/hurghadalovers.com\/de\/wp-json\/wp\/v2\/types\/product"}],"wp:featuredmedia":[{"embeddable":true,"href":"https:\/\/hurghadalovers.com\/de\/wp-json\/wp\/v2\/media\/394167"}],"wp:attachment":[{"href":"https:\/\/hurghadalovers.com\/de\/wp-json\/wp\/v2\/media?parent=379461"}],"wp:term":[{"taxonomy":"product_brand","embeddable":true,"href":"https:\/\/hurghadalovers.com\/de\/wp-json\/wp\/v2\/product_brand?post=379461"},{"taxonomy":"product_cat","embeddable":true,"href":"https:\/\/hurghadalovers.com\/de\/wp-json\/wp\/v2\/product_cat?post=379461"},{"taxonomy":"product_tag","embeddable":true,"href":"https:\/\/hurghadalovers.com\/de\/wp-json\/wp\/v2\/product_tag?post=379461"}],"curies":[{"name":"wp","href":"https:\/\/api.w.org\/{rel}","templated":true}]}}