{"id":392280,"date":"2023-09-01T20:53:12","date_gmt":"2023-09-01T20:54:39","guid":{"rendered":"https:\/\/hurghadalovers.com\/shop\/Ikke%20kategoriseret\/sahl-hasheesh-privat-tur-paa-quadbike\/"},"modified":"2026-02-08T22:48:57","modified_gmt":"2026-02-08T22:48:57","slug":"sahl-hasheesh-privat-quad-cykel-tur","status":"publish","type":"product","link":"https:\/\/hurghadalovers.com\/da\/tours\/sahl-hasheesh-privat-quad-cykel-tur\/","title":{"rendered":"Sahl Hasheesh privat tur p\u00e5 quadbike"},"content":{"rendered":"<p><strong>Sahl Hasheesh<\/strong> <strong>Private Quad Bike Tour<\/strong> \u00d8rkensafari til beduinlandsby med kamelridning.<\/p>\n<p>Er du p\u00e5 udkig efter <strong>privatliv<\/strong> og et unikt <strong>eventyr p\u00e5 quad-cykler<\/strong> i \u00f8rkenen? Tag med p\u00e5 de smukkeste <strong>safariture<\/strong> for familier og par, hvor du k\u00f8rer 25 km i \u00f8rkenen for at f\u00e5 <strong>adrenalinen<\/strong> ud, indtil du n\u00e5r <strong>beduinlandsbyen<\/strong>, <strong>rider p\u00e5 kamel<\/strong> og l\u00e6rer om beduinernes liv med hj\u00e6lp fra en <strong>privat safariguide<\/strong>, styrer din egen tid og f\u00e5r mere privatliv og <strong>luksus<\/strong>.<\/p>\n<p style=\"text-align: center;\"><span style=\"color: #993300;\">De bedste ting at lave i Sahl Hasheesh for <strong>familievenlige aktiviteter<\/strong> og <strong>romantiske<\/strong> <strong>par p\u00e5 bryllupsrejse<\/strong><\/span><\/p>\n<p>&nbsp;<\/p>\n<p><strong>H\u00f8jdepunkter:<\/strong><\/p>\n<ol>\n<li>Tur p\u00e5 quadbike.<\/li>\n<li>Kamelridning.<\/li>\n<li>Beduinlandsby.<\/li>\n<\/ol>\n<p><strong>Detaljer om privat quadbike-tur:<\/strong><\/p>\n<ul>\n<li>Turens tilg\u00e6ngelighed: Hver dag.<\/li>\n<li>Tur type: Gruppe.<\/li>\n<li>Afhentningstid: Start fra kl. 08.00 eller eftermiddag fra kl. 14.00.<\/li>\n<li>Tidspunkt for afhentning: 11:45. ELLER solnedgangstidspunkt.<\/li>\n<li>Varighed: 3 timer.<\/li>\n<\/ul>\n<p><strong>Reserver nu og betal senere:<\/strong><\/p>\n<ul>\n<li>Kontanter p\u00e5 stedet til guide.<\/li>\n<li>Betaling med egyptiske pund, $, \u20ac eller \u00a3.<\/li>\n<\/ul>\n<p><strong>Afbestillingsregler:<\/strong><\/p>\n<ul>\n<li>Du kan aflyse op til 24 timer i forvejen.<\/li>\n<li>N\u00e5r nogen fra din familie aflyser om morgenen, betaler du 50% af prisen.<\/li>\n<\/ul>\n<p><strong>Hvad er inkluderet?<\/strong><\/p>\n<ul>\n<li>Transfer fra Sahl Hasheesh Hotels &#8220;Hotel pick up and drop off&#8221;.<\/li>\n<li>Alle skatter, indgangsgebyrer og ekspeditionsgebyrer.<\/li>\n<li>Overf\u00f8rsler.<\/li>\n<li>Turleder.<\/li>\n<li>Hjelm.<\/li>\n<\/ul>\n<p><strong>Undtagelser?<\/strong><\/p>\n<ul>\n<li>T\u00f8rkl\u00e6de<\/li>\n<li>Beskyttelsesbriller<\/li>\n<li>Drikkepenge.<\/li>\n<li>Fotografering til turen.<\/li>\n<li>Eventuelt ekstraudstyr, der ikke er n\u00e6vnt.<\/li>\n<\/ul>\n<p><strong>Priser for privat quadbike-tur:<\/strong><\/p>\n<ul>\n<li><strong>Voksenpris = 40$ pr. person<\/strong>.<\/li>\n<\/ul>\n<p><strong>Anmeldelser:<\/strong><\/p>\n<p>Tjek vores Google Map-anmeldelser som bedste <a href=\"https:\/\/g.page\/r\/CUeYvkngP3wkEBM\/review\">rejsearrang\u00f8r i Hurghada<\/a> online i <a href=\"https:\/\/hurghadalovers.com\/\">Hurghada<\/a> Egypten.<\/p>\n<p><strong>Booking:<\/strong><\/p>\n<p>Send hotel + v\u00e6relsesnummer + fotopas til WhatsApp: <strong>+201112596434<\/strong><\/p>\n<p>Hvis du er i Egypten, booker du nu online og bekr\u00e6fter ved ankomst.<\/p>\n<p><span style=\"color: #ff0000;\">&#8212;&#8212; | &#8212;&#8212;&#8212;&#8212;&#8211; | &#8212;&#8212;&#8212;-<\/span><\/p>\n<p>&nbsp;<\/p>\n<p>Tjek vores <a href=\"https:\/\/hurghadalovers.com\/tour-category\/sahl-hasheesh-tours\/\"><strong>Sahl Hasheesh udflugter<\/strong><\/a> &#8211; <a href=\"https:\/\/hurghadalovers.com\/tour-category\/safari-sahl-hasheesh\/\"><strong>Quad-tur fra Sahl Hasheesh<\/strong><\/a>:<\/p>\n<ul>\n<li><a href=\"https:\/\/hurghadalovers.com\/tours\/sahl-hasheesh-morning-quad-biking-tour\/\">Sahl Hasheesh morgen quad biking-tur<\/a><\/li>\n<li><a href=\"https:\/\/hurghadalovers.com\/tours\/sahl-hasheesh-sunset-quad-biking-tour\/\">Sahl Hasheesh Sunset Quad Biking-tur<\/a><\/li>\n<li><a href=\"https:\/\/hurghadalovers.com\/tours\/sahl-hasheesh-super-jeep-safari-trip\/\">Sahl Hasheesh Super Jeep Safari-tur<\/a><\/li>\n<li><a href=\"https:\/\/hurghadalovers.com\/tours\/sahl-hasheesh-desert-safaris-with-kids\/\"><strong>Sahl Hasheesh \u00f8rkensafari med b\u00f8rn<\/strong><\/a><\/li>\n<li><a href=\"https:\/\/hurghadalovers.com\/tours\/cheap-quad-biking-tours-from-sahl-hasheesh-2hr\/\">Billige quad biking-ture fra Sahl Hasheesh<\/a> &#8211; 2 timer<\/li>\n<li><a href=\"https:\/\/hurghadalovers.com\/tours\/sunset-buggy-tour-from-sahl-hasheesh\/\">Buggy-tur ved solnedgang fra Sahl Hasheesh<\/a><\/li>\n<li><a href=\"https:\/\/hurghadalovers.com\/tours\/morning-buggy-tour-from-sahl-hasheesh\/\">Buggy-tur om morgenen fra Sahl Hasheesh<\/a><\/li>\n<li><a href=\"https:\/\/hurghadalovers.com\/tours\/morning-jeep-safari-trip-from-sahl-hasheesh\/\">Jeep-safari om morgenen fra Sahl Hasheesh<\/a><\/li>\n<li><a href=\"https:\/\/hurghadalovers.com\/tours\/sahl-hasheesh-private-jeep-safari-trip\/\">Sahl Hasheesh privat tur med jeep-safari<\/a><\/li>\n<li>Sahl Hasheesh privat tur p\u00e5 quadbike<\/li>\n<\/ul>\n<p><a href=\"https:\/\/hurghadalovers.com\/tour-category\/things-to-do-in-sahl-hasheesh\/\"><strong>Ting at lave i Sahl Hasheesh<\/strong><\/a><\/p>\n<p><a href=\"https:\/\/hurghadalovers.com\/tours\/parasailing-sahl-hasheesh\/\">Parasailing Sahl Hasheesh<\/a><\/p>\n","protected":false},"excerpt":{"rendered":"<p><strong>Sahl Hasheesh<\/strong> <strong>Private Quad Bike Tour<\/strong> \u00d8rkensafari til beduinlandsby med kamelridning. Er du p\u00e5 udkig efter <strong>privatliv<\/strong> og et unikt <strong>eventyr p\u00e5 quad-cykler<\/strong>?<\/p>\n","protected":false},"featured_media":935396,"template":"","meta":{"_joinchat":[]},"product_brand":[],"product_cat":[36661],"product_tag":[49619,49646,49658,49627,49665,49599,49608,49623,49615,49653,49631,49643,49612,49639,49650,49635,49603,49663],"class_list":{"0":"post-392280","1":"product","2":"type-product","3":"status-publish","4":"has-post-thumbnail","6":"product_cat-ture","7":"product_tag-aktiviteter-for-2-arige-fra-sahl-hasheesh","8":"product_tag-atv-sahl-hasheesh-da","9":"product_tag-beduinlandsbyen-sahl-hasheesh","10":"product_tag-bornevenlige-ture-i-sahl-hasheesh","11":"product_tag-buggy-tur-i-sahl-hasheesh","12":"product_tag-dagsture-fra-sahl-hasheesh","13":"product_tag-dagsture-fra-sahl-hasheesh-da","14":"product_tag-familievenlige-aktiviteter-i-sahl-hasheesh","15":"product_tag-indendors-aktiviteter-for-par-sahl-hasheesh","16":"product_tag-kamelridning-i-sahl-hasheesh","17":"product_tag-orkensafari-sahl-hasheesh","18":"product_tag-quad-cykling-i-sahl-hasheesh","19":"product_tag-romantiske-aktiviteter-for-par-i-sahl-hasheesh","20":"product_tag-safari-sahara-sahl-hasheesh-da","21":"product_tag-safaritur-til-sahl-hasheesh","22":"product_tag-sahl-hasheesh-buggy-safari-da","23":"product_tag-steder-at-besoge-i-sahl-hasheesh","24":"product_tag-stjernekiggeri-i-sahl-hasheesh","25":"tour_category-sahl-hasheesh-udflugter","26":"tour_category-quad-tur-fra-sahl-hasheesh","28":"first","29":"instock","30":"sale","31":"shipping-taxable","32":"purchasable","33":"product-type-tour"},"yoast_head":"<!-- This site is optimized with the Yoast SEO Premium plugin v26.9 (Yoast SEO v27.2) - https:\/\/yoast.com\/product\/yoast-seo-premium-wordpress\/ -->\n<title>Sahl Hasheesh privat tur p\u00e5 quadbike<\/title>\n<meta name=\"description\" content=\"Sahl Hasheesh Private Quad Bike Tour \u00d8rkensafari til beduinlandsby med kamelridning. Er du p\u00e5 udkig efter privatliv og et unikt eventyr?\" \/>\n<meta name=\"robots\" content=\"index, follow, max-snippet:-1, max-image-preview:large, max-video-preview:-1\" \/>\n<link rel=\"canonical\" href=\"https:\/\/hurghadalovers.com\/da\/tours\/sahl-hasheesh-privat-quad-cykel-tur\/\" \/>\n<meta property=\"og:locale\" content=\"da_DK\" \/>\n<meta property=\"og:type\" content=\"article\" \/>\n<meta property=\"og:title\" content=\"Sahl Hasheesh privat tur p\u00e5 quadbike\" \/>\n<meta property=\"og:description\" content=\"Sahl Hasheesh Private Quad Bike Tour \u00d8rkensafari til beduinlandsby med kamelridning. Er du p\u00e5 udkig efter privatliv og et unikt eventyr?\" \/>\n<meta property=\"og:url\" content=\"https:\/\/hurghadalovers.com\/da\/tours\/sahl-hasheesh-privat-quad-cykel-tur\/\" \/>\n<meta property=\"og:site_name\" content=\"Hurghada Excursions &amp; Day Trips | Booking Best Prices Tours\" \/>\n<meta property=\"article:publisher\" content=\"https:\/\/www.facebook.com\/Hurghadaloversegypt\" \/>\n<meta property=\"article:modified_time\" content=\"2026-02-08T22:48:57+00:00\" \/>\n<meta property=\"og:image\" content=\"https:\/\/hurghadalovers.com\/wp-content\/uploads\/2023\/08\/Super-Jeep-Safari-Trip-from-Soma-bay-2026.jpeg\" \/>\n\t<meta property=\"og:image:width\" content=\"1156\" \/>\n\t<meta property=\"og:image:height\" content=\"521\" \/>\n\t<meta property=\"og:image:type\" content=\"image\/jpeg\" \/>\n<meta name=\"twitter:card\" content=\"summary_large_image\" \/>\n<meta name=\"twitter:label1\" content=\"Pris\" \/>\n\t<meta name=\"twitter:data1\" content=\"&euro;&nbsp;40\" \/>\n\t<meta name=\"twitter:label2\" content=\"Tilg\u00e6ngelighed\" \/>\n\t<meta name=\"twitter:data2\" content=\"P\u00e5 lager\" \/>\n<script type=\"application\/ld+json\" class=\"yoast-schema-graph\">{\"@context\":\"https:\/\/schema.org\",\"@graph\":[{\"@type\":[\"WebPage\",\"ItemPage\"],\"@id\":\"https:\/\/hurghadalovers.com\/da\/tours\/sahl-hasheesh-privat-quad-cykel-tur\/\",\"url\":\"https:\/\/hurghadalovers.com\/da\/tours\/sahl-hasheesh-privat-quad-cykel-tur\/\",\"name\":\"Sahl Hasheesh privat tur p\u00e5 quadbike\",\"isPartOf\":{\"@id\":\"https:\/\/hurghadalovers.com\/da\/#website\"},\"primaryImageOfPage\":{\"@id\":\"https:\/\/hurghadalovers.com\/da\/tours\/sahl-hasheesh-privat-quad-cykel-tur\/#primaryimage\"},\"image\":{\"@id\":\"https:\/\/hurghadalovers.com\/da\/tours\/sahl-hasheesh-privat-quad-cykel-tur\/#primaryimage\"},\"thumbnailUrl\":\"https:\/\/hurghadalovers.com\/wp-content\/uploads\/2023\/08\/Super-Jeep-Safari-Trip-from-Soma-bay-2026.jpeg\",\"datePublished\":\"2023-09-01T20:54:39+00:00\",\"dateModified\":\"2026-02-08T22:48:57+00:00\",\"description\":\"Sahl Hasheesh Private Quad Bike Tour \u00d8rkensafari til beduinlandsby med kamelridning. Er du p\u00e5 udkig efter privatliv og et unikt eventyr?\",\"breadcrumb\":{\"@id\":\"https:\/\/hurghadalovers.com\/da\/tours\/sahl-hasheesh-privat-quad-cykel-tur\/#breadcrumb\"},\"inLanguage\":\"da-DK\",\"potentialAction\":[{\"@type\":\"ReadAction\",\"target\":[\"https:\/\/hurghadalovers.com\/da\/tours\/sahl-hasheesh-privat-quad-cykel-tur\/\"]}]},{\"@type\":\"ImageObject\",\"inLanguage\":\"da-DK\",\"@id\":\"https:\/\/hurghadalovers.com\/da\/tours\/sahl-hasheesh-privat-quad-cykel-tur\/#primaryimage\",\"url\":\"https:\/\/hurghadalovers.com\/wp-content\/uploads\/2023\/08\/Super-Jeep-Safari-Trip-from-Soma-bay-2026.jpeg\",\"contentUrl\":\"https:\/\/hurghadalovers.com\/wp-content\/uploads\/2023\/08\/Super-Jeep-Safari-Trip-from-Soma-bay-2026.jpeg\",\"width\":1156,\"height\":521,\"caption\":\"Private Soma bay Quad Bike Tour\"},{\"@type\":\"BreadcrumbList\",\"@id\":\"https:\/\/hurghadalovers.com\/da\/tours\/sahl-hasheesh-privat-quad-cykel-tur\/#breadcrumb\",\"itemListElement\":[{\"@type\":\"ListItem\",\"position\":1,\"name\":\"Home\",\"item\":\"https:\/\/hurghadalovers.com\/da\/\"},{\"@type\":\"ListItem\",\"position\":2,\"name\":\"Shop\",\"item\":\"https:\/\/hurghadalovers.com\/da\/shop-3\/\"},{\"@type\":\"ListItem\",\"position\":3,\"name\":\"Sahl Hasheesh privat tur p\u00e5 quadbike\"}]},{\"@type\":\"WebSite\",\"@id\":\"https:\/\/hurghadalovers.com\/da\/#website\",\"url\":\"https:\/\/hurghadalovers.com\/da\/\",\"name\":\"Hurghada Excursions & Day Trips | Booking Best Prices Tours\",\"description\":\"Hurghada Lovers - Best Tour Operator - Excursions &amp; Things to do for Family Day Trips with kids and Couples Romantic. Unique .Hidden gems\",\"publisher\":{\"@id\":\"https:\/\/hurghadalovers.com\/da\/#organization\"},\"alternateName\":\"Hurghada Excursions\",\"potentialAction\":[{\"@type\":\"SearchAction\",\"target\":{\"@type\":\"EntryPoint\",\"urlTemplate\":\"https:\/\/hurghadalovers.com\/da\/?s={search_term_string}\"},\"query-input\":{\"@type\":\"PropertyValueSpecification\",\"valueRequired\":true,\"valueName\":\"search_term_string\"}}],\"inLanguage\":\"da-DK\"},{\"@type\":[\"Organization\",\"Place\",\"TravelAgency\"],\"@id\":\"https:\/\/hurghadalovers.com\/da\/#organization\",\"name\":\"Hurghada Excursions\",\"url\":\"https:\/\/hurghadalovers.com\/da\/\",\"logo\":{\"@id\":\"https:\/\/hurghadalovers.com\/da\/tours\/sahl-hasheesh-privat-quad-cykel-tur\/#local-main-organization-logo\"},\"image\":{\"@id\":\"https:\/\/hurghadalovers.com\/da\/tours\/sahl-hasheesh-privat-quad-cykel-tur\/#local-main-organization-logo\"},\"sameAs\":[\"https:\/\/www.facebook.com\/Hurghadaloversegypt\"],\"address\":{\"@id\":\"https:\/\/hurghadalovers.com\/da\/tours\/sahl-hasheesh-privat-quad-cykel-tur\/#local-main-place-address\"},\"telephone\":[\"00201112596434\"],\"contactPoint\":{\"@type\":\"ContactPoint\",\"telephone\":\"00201112596434\",\"email\":\"weyouface@gmail.com\"},\"openingHoursSpecification\":{\"@type\":\"OpeningHoursSpecification\",\"dayOfWeek\":[\"Monday\",\"Tuesday\",\"Wednesday\",\"Thursday\",\"Friday\",\"Saturday\",\"Sunday\"],\"opens\":\"00:00\",\"closes\":\"23:59\"},\"email\":\"weyouface@gmail.com\",\"areaServed\":\"Luxor, Hurghada, El Gouna, Aswan, Sharm El Sheikh, Giza, Alexandria, Marsa Alam, Quseir, Soma Bay, Sahl Hasheesh, Red Sea, Makadi Bay, Cairo\",\"priceRange\":\"$\",\"currenciesAccepted\":\"euro\",\"paymentAccepted\":\"cash on site\"},{\"@type\":\"PostalAddress\",\"@id\":\"https:\/\/hurghadalovers.com\/da\/tours\/sahl-hasheesh-privat-quad-cykel-tur\/#local-main-place-address\",\"streetAddress\":\"17 Banks street, Alkawther area, top nbk bank\",\"addressLocality\":\"hurghada\",\"postalCode\":\"84511\",\"addressRegion\":\"red sea\",\"addressCountry\":\"EG\"},{\"@type\":\"ImageObject\",\"inLanguage\":\"da-DK\",\"@id\":\"https:\/\/hurghadalovers.com\/da\/tours\/sahl-hasheesh-privat-quad-cykel-tur\/#local-main-organization-logo\",\"url\":\"https:\/\/hurghadalovers.com\/wp-content\/uploads\/2019\/10\/hurghada-excursions-logo.png\",\"contentUrl\":\"https:\/\/hurghadalovers.com\/wp-content\/uploads\/2019\/10\/hurghada-excursions-logo.png\",\"width\":272,\"height\":90,\"caption\":\"Hurghada Excursions\"}]}<\/script>\n<meta property=\"product:brand\" content=\"Dagsture fra Sahl Hasheesh\" \/>\n<meta property=\"product:price:amount\" content=\"40\" \/>\n<meta property=\"product:price:currency\" content=\"EUR\" \/>\n<meta property=\"og:availability\" content=\"instock\" \/>\n<meta property=\"product:availability\" content=\"instock\" \/>\n<meta property=\"product:retailer_item_id\" content=\"SahlSafari062024\" \/>\n<meta property=\"product:condition\" content=\"new\" \/>\n<meta name=\"geo.placename\" content=\"hurghada\" \/>\n<meta name=\"geo.region\" content=\"Egypten\" \/>\n<!-- \/ Yoast SEO Premium plugin. -->","yoast_head_json":{"title":"Sahl Hasheesh privat tur p\u00e5 quadbike","description":"Sahl Hasheesh Private Quad Bike Tour \u00d8rkensafari til beduinlandsby med kamelridning. Er du p\u00e5 udkig efter privatliv og et unikt eventyr?","robots":{"index":"index","follow":"follow","max-snippet":"max-snippet:-1","max-image-preview":"max-image-preview:large","max-video-preview":"max-video-preview:-1"},"canonical":"https:\/\/hurghadalovers.com\/da\/tours\/sahl-hasheesh-privat-quad-cykel-tur\/","og_locale":"da_DK","og_type":"article","og_title":"Sahl Hasheesh privat tur p\u00e5 quadbike","og_description":"Sahl Hasheesh Private Quad Bike Tour \u00d8rkensafari til beduinlandsby med kamelridning. Er du p\u00e5 udkig efter privatliv og et unikt eventyr?","og_url":"https:\/\/hurghadalovers.com\/da\/tours\/sahl-hasheesh-privat-quad-cykel-tur\/","og_site_name":"Hurghada Excursions &amp; Day Trips | Booking Best Prices Tours","article_publisher":"https:\/\/www.facebook.com\/Hurghadaloversegypt","article_modified_time":"2026-02-08T22:48:57+00:00","og_image":[{"width":1156,"height":521,"url":"https:\/\/hurghadalovers.com\/wp-content\/uploads\/2023\/08\/Super-Jeep-Safari-Trip-from-Soma-bay-2026.jpeg","type":"image\/jpeg"}],"twitter_card":"summary_large_image","twitter_misc":{"Pris":"&euro;&nbsp;40","Tilg\u00e6ngelighed":"P\u00e5 lager"},"schema":{"@context":"https:\/\/schema.org","@graph":[{"@type":["WebPage","ItemPage"],"@id":"https:\/\/hurghadalovers.com\/da\/tours\/sahl-hasheesh-privat-quad-cykel-tur\/","url":"https:\/\/hurghadalovers.com\/da\/tours\/sahl-hasheesh-privat-quad-cykel-tur\/","name":"Sahl Hasheesh privat tur p\u00e5 quadbike","isPartOf":{"@id":"https:\/\/hurghadalovers.com\/da\/#website"},"primaryImageOfPage":{"@id":"https:\/\/hurghadalovers.com\/da\/tours\/sahl-hasheesh-privat-quad-cykel-tur\/#primaryimage"},"image":{"@id":"https:\/\/hurghadalovers.com\/da\/tours\/sahl-hasheesh-privat-quad-cykel-tur\/#primaryimage"},"thumbnailUrl":"https:\/\/hurghadalovers.com\/wp-content\/uploads\/2023\/08\/Super-Jeep-Safari-Trip-from-Soma-bay-2026.jpeg","datePublished":"2023-09-01T20:54:39+00:00","dateModified":"2026-02-08T22:48:57+00:00","description":"Sahl Hasheesh Private Quad Bike Tour \u00d8rkensafari til beduinlandsby med kamelridning. Er du p\u00e5 udkig efter privatliv og et unikt eventyr?","breadcrumb":{"@id":"https:\/\/hurghadalovers.com\/da\/tours\/sahl-hasheesh-privat-quad-cykel-tur\/#breadcrumb"},"inLanguage":"da-DK","potentialAction":[{"@type":"ReadAction","target":["https:\/\/hurghadalovers.com\/da\/tours\/sahl-hasheesh-privat-quad-cykel-tur\/"]}]},{"@type":"ImageObject","inLanguage":"da-DK","@id":"https:\/\/hurghadalovers.com\/da\/tours\/sahl-hasheesh-privat-quad-cykel-tur\/#primaryimage","url":"https:\/\/hurghadalovers.com\/wp-content\/uploads\/2023\/08\/Super-Jeep-Safari-Trip-from-Soma-bay-2026.jpeg","contentUrl":"https:\/\/hurghadalovers.com\/wp-content\/uploads\/2023\/08\/Super-Jeep-Safari-Trip-from-Soma-bay-2026.jpeg","width":1156,"height":521,"caption":"Private Soma bay Quad Bike Tour"},{"@type":"BreadcrumbList","@id":"https:\/\/hurghadalovers.com\/da\/tours\/sahl-hasheesh-privat-quad-cykel-tur\/#breadcrumb","itemListElement":[{"@type":"ListItem","position":1,"name":"Home","item":"https:\/\/hurghadalovers.com\/da\/"},{"@type":"ListItem","position":2,"name":"Shop","item":"https:\/\/hurghadalovers.com\/da\/shop-3\/"},{"@type":"ListItem","position":3,"name":"Sahl Hasheesh privat tur p\u00e5 quadbike"}]},{"@type":"WebSite","@id":"https:\/\/hurghadalovers.com\/da\/#website","url":"https:\/\/hurghadalovers.com\/da\/","name":"Hurghada Excursions & Day Trips | Booking Best Prices Tours","description":"Hurghada Lovers - Best Tour Operator - Excursions &amp; Things to do for Family Day Trips with kids and Couples Romantic. Unique .Hidden gems","publisher":{"@id":"https:\/\/hurghadalovers.com\/da\/#organization"},"alternateName":"Hurghada Excursions","potentialAction":[{"@type":"SearchAction","target":{"@type":"EntryPoint","urlTemplate":"https:\/\/hurghadalovers.com\/da\/?s={search_term_string}"},"query-input":{"@type":"PropertyValueSpecification","valueRequired":true,"valueName":"search_term_string"}}],"inLanguage":"da-DK"},{"@type":["Organization","Place","TravelAgency"],"@id":"https:\/\/hurghadalovers.com\/da\/#organization","name":"Hurghada Excursions","url":"https:\/\/hurghadalovers.com\/da\/","logo":{"@id":"https:\/\/hurghadalovers.com\/da\/tours\/sahl-hasheesh-privat-quad-cykel-tur\/#local-main-organization-logo"},"image":{"@id":"https:\/\/hurghadalovers.com\/da\/tours\/sahl-hasheesh-privat-quad-cykel-tur\/#local-main-organization-logo"},"sameAs":["https:\/\/www.facebook.com\/Hurghadaloversegypt"],"address":{"@id":"https:\/\/hurghadalovers.com\/da\/tours\/sahl-hasheesh-privat-quad-cykel-tur\/#local-main-place-address"},"telephone":["00201112596434"],"contactPoint":{"@type":"ContactPoint","telephone":"00201112596434","email":"weyouface@gmail.com"},"openingHoursSpecification":{"@type":"OpeningHoursSpecification","dayOfWeek":["Monday","Tuesday","Wednesday","Thursday","Friday","Saturday","Sunday"],"opens":"00:00","closes":"23:59"},"email":"weyouface@gmail.com","areaServed":"Luxor, Hurghada, El Gouna, Aswan, Sharm El Sheikh, Giza, Alexandria, Marsa Alam, Quseir, Soma Bay, Sahl Hasheesh, Red Sea, Makadi Bay, Cairo","priceRange":"$","currenciesAccepted":"euro","paymentAccepted":"cash on site"},{"@type":"PostalAddress","@id":"https:\/\/hurghadalovers.com\/da\/tours\/sahl-hasheesh-privat-quad-cykel-tur\/#local-main-place-address","streetAddress":"17 Banks street, Alkawther area, top nbk bank","addressLocality":"hurghada","postalCode":"84511","addressRegion":"red sea","addressCountry":"EG"},{"@type":"ImageObject","inLanguage":"da-DK","@id":"https:\/\/hurghadalovers.com\/da\/tours\/sahl-hasheesh-privat-quad-cykel-tur\/#local-main-organization-logo","url":"https:\/\/hurghadalovers.com\/wp-content\/uploads\/2019\/10\/hurghada-excursions-logo.png","contentUrl":"https:\/\/hurghadalovers.com\/wp-content\/uploads\/2019\/10\/hurghada-excursions-logo.png","width":272,"height":90,"caption":"Hurghada Excursions"}]},"product_brand":"Dagsture fra Sahl Hasheesh","product_price_amount":"40","product_price_currency":"EUR","og_availability":"instock","product_availability":"instock","product_retailer_item_id":"SahlSafari062024","product_condition":"new","geo.placename":"hurghada","geo.region":"Egypten"},"_links":{"self":[{"href":"https:\/\/hurghadalovers.com\/da\/wp-json\/wp\/v2\/product\/392280","targetHints":{"allow":["GET"]}}],"collection":[{"href":"https:\/\/hurghadalovers.com\/da\/wp-json\/wp\/v2\/product"}],"about":[{"href":"https:\/\/hurghadalovers.com\/da\/wp-json\/wp\/v2\/types\/product"}],"wp:featuredmedia":[{"embeddable":true,"href":"https:\/\/hurghadalovers.com\/da\/wp-json\/wp\/v2\/media\/935396"}],"wp:attachment":[{"href":"https:\/\/hurghadalovers.com\/da\/wp-json\/wp\/v2\/media?parent=392280"}],"wp:term":[{"taxonomy":"product_brand","embeddable":true,"href":"https:\/\/hurghadalovers.com\/da\/wp-json\/wp\/v2\/product_brand?post=392280"},{"taxonomy":"product_cat","embeddable":true,"href":"https:\/\/hurghadalovers.com\/da\/wp-json\/wp\/v2\/product_cat?post=392280"},{"taxonomy":"product_tag","embeddable":true,"href":"https:\/\/hurghadalovers.com\/da\/wp-json\/wp\/v2\/product_tag?post=392280"}],"curies":[{"name":"wp","href":"https:\/\/api.w.org\/{rel}","templated":true}]}}