{"id":391354,"date":"2023-08-31T18:11:14","date_gmt":"2023-08-31T18:14:24","guid":{"rendered":"https:\/\/hurghadalovers.com\/shop\/Ikke%20kategoriseret\/sahl-hasheesh-baadcharter-til-paradisoeen\/"},"modified":"2026-01-13T15:45:48","modified_gmt":"2026-01-13T15:45:48","slug":"sahl-hasheesh-badcharter-til-paradise-oen","status":"publish","type":"product","link":"https:\/\/hurghadalovers.com\/da\/tours\/sahl-hasheesh-badcharter-til-paradise-oen\/","title":{"rendered":"Sahl Hasheesh B\u00e5dcharter til Paradis\u00f8en"},"content":{"rendered":"<p>Sahl Hasheesh Boat Charters til Paradise Island | Private luksusyachter med snorkling, vandsport, frokost og transfer.<\/p>\n<p style=\"text-align: center;\"><span style=\"color: #008080;\">Smukkeste Sahl Hasheesh <strong>Familievenlige aktiviteter<\/strong>, <strong>Ting at lave med b\u00f8rn<\/strong>, Seniorer, <strong>Bryllupsrejse<\/strong> og <strong>Par<\/strong>.<\/span><\/p>\n<p>Booking af lille <strong>yachtcharter<\/strong> fra 3 til 6 personer eller <strong>leje<\/strong> af stor <strong>luksusb\u00e5d<\/strong> fra 8 til 35 personer med transfer til goto Swimming in Best <strong>House reef Spot<\/strong> og Saty 2-4 timer p\u00e5 den bedste strand p\u00e5 <strong>Giftun Island<\/strong> &#8220;Paradise Beach&#8221;.<\/p>\n<p>&nbsp;<\/p>\n<p><strong>H\u00f8jdepunkter:<\/strong><\/p>\n<ul>\n<li>2 steder at snorkle p\u00e5 House Reef.<\/li>\n<li>2-4 timer p\u00e5 Paradise Island Beach.<\/li>\n<li>Vandsport &#8220;Banana og Quattro&#8221;.<\/li>\n<\/ul>\n<p><strong>Detaljer:<\/strong><\/p>\n<ul>\n<li>Turens tilg\u00e6ngelighed: Hver dag.<\/li>\n<li>Tur type: Privat.<\/li>\n<li>Afhentningstid: Start fra kl. 07.30.<\/li>\n<li>Tidspunkt for afhentning: 17:00.<\/li>\n<li>Tilg\u00e6ngelig for k\u00f8restolsbrugere.<\/li>\n<li>Varighed: 8 timer.<\/li>\n<\/ul>\n<p><strong>Reserver nu og betal senere:<\/strong><\/p>\n<ul>\n<li>Kontanter p\u00e5 stedet til guide.<\/li>\n<li>Betaling med egyptiske pund, $, \u20ac eller \u00a3.<\/li>\n<\/ul>\n<p><strong>Afbestillingsregler:<\/strong><\/p>\n<ul>\n<li>Du kan aflyse op til 24 timer i forvejen.<\/li>\n<li>N\u00e5r nogen fra din familie aflyser om morgenen, betaler du 50% af prisen.<\/li>\n<\/ul>\n<p><strong>Hvad er inkluderet?<\/strong><\/p>\n<ul>\n<li>Transfer fra Sahl Hasheesh Hotels &#8220;Hotel pick up and drop off&#8221;.<\/li>\n<li>Alle skatter, indgangsgebyrer og ekspeditionsgebyrer.<\/li>\n<li>Turleder.<\/li>\n<li>Mineralvand + Cola + M\u00e6lk + Kaffe\/te.<\/li>\n<li>2 Snorkelsted.<\/li>\n<li>Snorkeludstyr &#8220;Masker og sv\u00f8mmef\u00f8dder&#8221;.<\/li>\n<li>2-4 timer p\u00e5 <strong>Paradise Island<\/strong> <strong>Beach<\/strong>.<\/li>\n<li>VIP-frokostbuffet p\u00e5 b\u00e5den.<\/li>\n<li>Redningsveste.<\/li>\n<\/ul>\n<p><strong>Undtagelser?<\/strong><\/p>\n<ul>\n<li>Drikkepenge.<\/li>\n<li>Drinks i The Paradise Restaurant Island.<\/li>\n<li>Fotografering og fotos til turen.<\/li>\n<li>Vi tilbyder leje af badedragter og badet\u00f8j til kvinder, m\u00e6nd og b\u00f8rn i alle st\u00f8rrelser &#8220;5$ pr. stk.&#8221;.<\/li>\n<li>Eventuelt ekstraudstyr, der ikke er n\u00e6vnt.<\/li>\n<\/ul>\n<p><strong>Priser:<\/strong><\/p>\n<ul>\n<li><strong>Lille yachtcharter fra 3 til 6 personer = fra 420$.<\/strong><\/li>\n<li><strong>Luksus Big Boat Rental fra 8 til 35 personer = fra 770$.<\/strong><\/li>\n<\/ul>\n<p><strong>  Anmeldelser:<\/strong><\/p>\n<p>Tjek vores Google Map-anmeldelser som bedste <a href=\"https:\/\/g.page\/r\/CUeYvkngP3wkEBM\/review\">rejsearrang\u00f8r i Hurghada<\/a> online i <a href=\"https:\/\/hurghadalovers.com\/\">Hurghada<\/a> Egypten.<\/p>\n<p><strong>Booking:<\/strong><\/p>\n<p>Send hotel + v\u00e6relsesnummer + fotopas til WhatsApp: <strong>+201112596434<\/strong><\/p>\n<p>Hvis du er i Egypten, booker du nu online og bekr\u00e6fter ved ankomst.<\/p>\n<p>&nbsp;<\/p>\n<p>&nbsp;<\/p>\n","protected":false},"excerpt":{"rendered":"<p>Sahl Hasheesh Boat Charters til Paradise Island | Private luksusyachter med snorkling, vandsport, frokost og transfer.<\/p>\n<p style=\"text-align: center;\"><span style=\"color: #008080;\">Smukkeste Sahl Hasheesh <strong>Familievenlige aktiviteter<\/strong>, <strong>Ting at lave med b\u00f8rn<\/strong>, Seniorer, <strong>Bryllupsrejse<\/strong> og <strong>Par<\/strong>.<\/span><\/p>\n<p>&nbsp;<\/p>\n","protected":false},"featured_media":391127,"template":"","meta":{"_joinchat":[]},"product_brand":[],"product_cat":[36661],"product_tag":[49506],"class_list":{"0":"post-391354","1":"product","2":"type-product","3":"status-publish","4":"has-post-thumbnail","6":"product_cat-ture","7":"product_tag-sahl-hasheesh-private-boat-trip","8":"tour_category-snorkelture-i-sahl-hasheesh","9":"tour_category-sahl-hasheesh-udflugter","11":"first","12":"instock","13":"sale","14":"shipping-taxable","15":"purchasable","16":"product-type-tour"},"yoast_head":"<!-- This site is optimized with the Yoast SEO Premium plugin v26.9 (Yoast SEO v27.2) - https:\/\/yoast.com\/product\/yoast-seo-premium-wordpress\/ -->\n<title>Sahl Hasheesh B\u00e5dcharter til Paradis\u00f8en<\/title>\n<meta name=\"description\" content=\"Sahl Hasheesh Boat Charters til Paradise Island | Private luksusyachter med snorkling, vandsport, frokost og transfer. Familievenlige aktiviteter\" \/>\n<meta name=\"robots\" content=\"index, follow, max-snippet:-1, max-image-preview:large, max-video-preview:-1\" \/>\n<link rel=\"canonical\" href=\"https:\/\/hurghadalovers.com\/da\/tours\/sahl-hasheesh-badcharter-til-paradise-oen\/\" \/>\n<meta property=\"og:locale\" content=\"da_DK\" \/>\n<meta property=\"og:type\" content=\"article\" \/>\n<meta property=\"og:title\" content=\"Sahl Hasheesh B\u00e5dcharter til Paradis\u00f8en\" \/>\n<meta property=\"og:description\" content=\"Sahl Hasheesh Boat Charters til Paradise Island | Private luksusyachter med snorkling, vandsport, frokost og transfer. Familievenlige aktiviteter\" \/>\n<meta property=\"og:url\" content=\"https:\/\/hurghadalovers.com\/da\/tours\/sahl-hasheesh-badcharter-til-paradise-oen\/\" \/>\n<meta property=\"og:site_name\" content=\"Hurghada Excursions &amp; Day Trips | Booking Best Prices Tours\" \/>\n<meta property=\"article:publisher\" content=\"https:\/\/www.facebook.com\/Hurghadaloversegypt\" \/>\n<meta property=\"article:modified_time\" content=\"2026-01-13T15:45:48+00:00\" \/>\n<meta property=\"og:image\" content=\"https:\/\/hurghadalovers.com\/wp-content\/uploads\/2023\/08\/Sahl-Hasheesh-Boat-Charters-to-Paradise-Island.jpeg\" \/>\n\t<meta property=\"og:image:width\" content=\"1156\" \/>\n\t<meta property=\"og:image:height\" content=\"867\" \/>\n\t<meta property=\"og:image:type\" content=\"image\/jpeg\" \/>\n<meta name=\"twitter:card\" content=\"summary_large_image\" \/>\n<meta name=\"twitter:label1\" content=\"Pris\" \/>\n\t<meta name=\"twitter:data1\" content=\"&euro;&nbsp;420\" \/>\n\t<meta name=\"twitter:label2\" content=\"Tilg\u00e6ngelighed\" \/>\n\t<meta name=\"twitter:data2\" content=\"P\u00e5 lager\" \/>\n<script type=\"application\/ld+json\" class=\"yoast-schema-graph\">{\"@context\":\"https:\/\/schema.org\",\"@graph\":[{\"@type\":[\"WebPage\",\"ItemPage\"],\"@id\":\"https:\/\/hurghadalovers.com\/da\/tours\/sahl-hasheesh-badcharter-til-paradise-oen\/\",\"url\":\"https:\/\/hurghadalovers.com\/da\/tours\/sahl-hasheesh-badcharter-til-paradise-oen\/\",\"name\":\"Sahl Hasheesh B\u00e5dcharter til Paradis\u00f8en\",\"isPartOf\":{\"@id\":\"https:\/\/hurghadalovers.com\/da\/#website\"},\"primaryImageOfPage\":{\"@id\":\"https:\/\/hurghadalovers.com\/da\/tours\/sahl-hasheesh-badcharter-til-paradise-oen\/#primaryimage\"},\"image\":{\"@id\":\"https:\/\/hurghadalovers.com\/da\/tours\/sahl-hasheesh-badcharter-til-paradise-oen\/#primaryimage\"},\"thumbnailUrl\":\"https:\/\/hurghadalovers.com\/wp-content\/uploads\/2023\/08\/Sahl-Hasheesh-Boat-Charters-to-Paradise-Island.jpeg\",\"datePublished\":\"2023-08-31T18:14:24+00:00\",\"dateModified\":\"2026-01-13T15:45:48+00:00\",\"description\":\"Sahl Hasheesh Boat Charters til Paradise Island | Private luksusyachter med snorkling, vandsport, frokost og transfer. Familievenlige aktiviteter\",\"breadcrumb\":{\"@id\":\"https:\/\/hurghadalovers.com\/da\/tours\/sahl-hasheesh-badcharter-til-paradise-oen\/#breadcrumb\"},\"inLanguage\":\"da-DK\",\"potentialAction\":[{\"@type\":\"ReadAction\",\"target\":[\"https:\/\/hurghadalovers.com\/da\/tours\/sahl-hasheesh-badcharter-til-paradise-oen\/\"]}]},{\"@type\":\"ImageObject\",\"inLanguage\":\"da-DK\",\"@id\":\"https:\/\/hurghadalovers.com\/da\/tours\/sahl-hasheesh-badcharter-til-paradise-oen\/#primaryimage\",\"url\":\"https:\/\/hurghadalovers.com\/wp-content\/uploads\/2023\/08\/Sahl-Hasheesh-Boat-Charters-to-Paradise-Island.jpeg\",\"contentUrl\":\"https:\/\/hurghadalovers.com\/wp-content\/uploads\/2023\/08\/Sahl-Hasheesh-Boat-Charters-to-Paradise-Island.jpeg\",\"width\":1156,\"height\":867,\"caption\":\"Sahl Hasheesh B\u00e5dcharter til Paradis\u00f8en\"},{\"@type\":\"BreadcrumbList\",\"@id\":\"https:\/\/hurghadalovers.com\/da\/tours\/sahl-hasheesh-badcharter-til-paradise-oen\/#breadcrumb\",\"itemListElement\":[{\"@type\":\"ListItem\",\"position\":1,\"name\":\"Home\",\"item\":\"https:\/\/hurghadalovers.com\/da\/\"},{\"@type\":\"ListItem\",\"position\":2,\"name\":\"Shop\",\"item\":\"https:\/\/hurghadalovers.com\/da\/shop-3\/\"},{\"@type\":\"ListItem\",\"position\":3,\"name\":\"Sahl Hasheesh B\u00e5dcharter til Paradis\u00f8en\"}]},{\"@type\":\"WebSite\",\"@id\":\"https:\/\/hurghadalovers.com\/da\/#website\",\"url\":\"https:\/\/hurghadalovers.com\/da\/\",\"name\":\"Hurghada Excursions & Day Trips | Booking Best Prices Tours\",\"description\":\"Hurghada Lovers - Best Tour Operator - Excursions &amp; Things to do for Family Day Trips with kids and Couples Romantic. Unique .Hidden gems\",\"publisher\":{\"@id\":\"https:\/\/hurghadalovers.com\/da\/#organization\"},\"alternateName\":\"Hurghada Excursions\",\"potentialAction\":[{\"@type\":\"SearchAction\",\"target\":{\"@type\":\"EntryPoint\",\"urlTemplate\":\"https:\/\/hurghadalovers.com\/da\/?s={search_term_string}\"},\"query-input\":{\"@type\":\"PropertyValueSpecification\",\"valueRequired\":true,\"valueName\":\"search_term_string\"}}],\"inLanguage\":\"da-DK\"},{\"@type\":[\"Organization\",\"Place\",\"TravelAgency\"],\"@id\":\"https:\/\/hurghadalovers.com\/da\/#organization\",\"name\":\"Hurghada Excursions\",\"url\":\"https:\/\/hurghadalovers.com\/da\/\",\"logo\":{\"@id\":\"https:\/\/hurghadalovers.com\/da\/tours\/sahl-hasheesh-badcharter-til-paradise-oen\/#local-main-organization-logo\"},\"image\":{\"@id\":\"https:\/\/hurghadalovers.com\/da\/tours\/sahl-hasheesh-badcharter-til-paradise-oen\/#local-main-organization-logo\"},\"sameAs\":[\"https:\/\/www.facebook.com\/Hurghadaloversegypt\"],\"address\":{\"@id\":\"https:\/\/hurghadalovers.com\/da\/tours\/sahl-hasheesh-badcharter-til-paradise-oen\/#local-main-place-address\"},\"telephone\":[\"00201112596434\"],\"contactPoint\":{\"@type\":\"ContactPoint\",\"telephone\":\"00201112596434\",\"email\":\"weyouface@gmail.com\"},\"openingHoursSpecification\":{\"@type\":\"OpeningHoursSpecification\",\"dayOfWeek\":[\"Monday\",\"Tuesday\",\"Wednesday\",\"Thursday\",\"Friday\",\"Saturday\",\"Sunday\"],\"opens\":\"00:00\",\"closes\":\"23:59\"},\"email\":\"weyouface@gmail.com\",\"areaServed\":\"Luxor, Hurghada, El Gouna, Aswan, Sharm El Sheikh, Giza, Alexandria, Marsa Alam, Quseir, Soma Bay, Sahl Hasheesh, Red Sea, Makadi Bay, Cairo\",\"priceRange\":\"$\",\"currenciesAccepted\":\"euro\",\"paymentAccepted\":\"cash on site\"},{\"@type\":\"PostalAddress\",\"@id\":\"https:\/\/hurghadalovers.com\/da\/tours\/sahl-hasheesh-badcharter-til-paradise-oen\/#local-main-place-address\",\"streetAddress\":\"17 Banks street, Alkawther area, top nbk bank\",\"addressLocality\":\"hurghada\",\"postalCode\":\"84511\",\"addressRegion\":\"red sea\",\"addressCountry\":\"EG\"},{\"@type\":\"ImageObject\",\"inLanguage\":\"da-DK\",\"@id\":\"https:\/\/hurghadalovers.com\/da\/tours\/sahl-hasheesh-badcharter-til-paradise-oen\/#local-main-organization-logo\",\"url\":\"https:\/\/hurghadalovers.com\/wp-content\/uploads\/2019\/10\/hurghada-excursions-logo.png\",\"contentUrl\":\"https:\/\/hurghadalovers.com\/wp-content\/uploads\/2019\/10\/hurghada-excursions-logo.png\",\"width\":272,\"height\":90,\"caption\":\"Hurghada Excursions\"}]}<\/script>\n<meta property=\"product:brand\" content=\"Badtur fra Sahl Hasheesh\" \/>\n<meta property=\"product:price:amount\" content=\"420\" \/>\n<meta property=\"product:price:currency\" content=\"EUR\" \/>\n<meta property=\"og:availability\" content=\"instock\" \/>\n<meta property=\"product:availability\" content=\"instock\" \/>\n<meta property=\"product:retailer_item_id\" content=\"Sahl312024\" \/>\n<meta property=\"product:condition\" content=\"new\" \/>\n<meta name=\"geo.placename\" content=\"hurghada\" \/>\n<meta name=\"geo.region\" content=\"Egypten\" \/>\n<!-- \/ Yoast SEO Premium plugin. -->","yoast_head_json":{"title":"Sahl Hasheesh B\u00e5dcharter til Paradis\u00f8en","description":"Sahl Hasheesh Boat Charters til Paradise Island | Private luksusyachter med snorkling, vandsport, frokost og transfer. Familievenlige aktiviteter","robots":{"index":"index","follow":"follow","max-snippet":"max-snippet:-1","max-image-preview":"max-image-preview:large","max-video-preview":"max-video-preview:-1"},"canonical":"https:\/\/hurghadalovers.com\/da\/tours\/sahl-hasheesh-badcharter-til-paradise-oen\/","og_locale":"da_DK","og_type":"article","og_title":"Sahl Hasheesh B\u00e5dcharter til Paradis\u00f8en","og_description":"Sahl Hasheesh Boat Charters til Paradise Island | Private luksusyachter med snorkling, vandsport, frokost og transfer. Familievenlige aktiviteter","og_url":"https:\/\/hurghadalovers.com\/da\/tours\/sahl-hasheesh-badcharter-til-paradise-oen\/","og_site_name":"Hurghada Excursions &amp; Day Trips | Booking Best Prices Tours","article_publisher":"https:\/\/www.facebook.com\/Hurghadaloversegypt","article_modified_time":"2026-01-13T15:45:48+00:00","og_image":[{"width":1156,"height":867,"url":"https:\/\/hurghadalovers.com\/wp-content\/uploads\/2023\/08\/Sahl-Hasheesh-Boat-Charters-to-Paradise-Island.jpeg","type":"image\/jpeg"}],"twitter_card":"summary_large_image","twitter_misc":{"Pris":"&euro;&nbsp;420","Tilg\u00e6ngelighed":"P\u00e5 lager"},"schema":{"@context":"https:\/\/schema.org","@graph":[{"@type":["WebPage","ItemPage"],"@id":"https:\/\/hurghadalovers.com\/da\/tours\/sahl-hasheesh-badcharter-til-paradise-oen\/","url":"https:\/\/hurghadalovers.com\/da\/tours\/sahl-hasheesh-badcharter-til-paradise-oen\/","name":"Sahl Hasheesh B\u00e5dcharter til Paradis\u00f8en","isPartOf":{"@id":"https:\/\/hurghadalovers.com\/da\/#website"},"primaryImageOfPage":{"@id":"https:\/\/hurghadalovers.com\/da\/tours\/sahl-hasheesh-badcharter-til-paradise-oen\/#primaryimage"},"image":{"@id":"https:\/\/hurghadalovers.com\/da\/tours\/sahl-hasheesh-badcharter-til-paradise-oen\/#primaryimage"},"thumbnailUrl":"https:\/\/hurghadalovers.com\/wp-content\/uploads\/2023\/08\/Sahl-Hasheesh-Boat-Charters-to-Paradise-Island.jpeg","datePublished":"2023-08-31T18:14:24+00:00","dateModified":"2026-01-13T15:45:48+00:00","description":"Sahl Hasheesh Boat Charters til Paradise Island | Private luksusyachter med snorkling, vandsport, frokost og transfer. Familievenlige aktiviteter","breadcrumb":{"@id":"https:\/\/hurghadalovers.com\/da\/tours\/sahl-hasheesh-badcharter-til-paradise-oen\/#breadcrumb"},"inLanguage":"da-DK","potentialAction":[{"@type":"ReadAction","target":["https:\/\/hurghadalovers.com\/da\/tours\/sahl-hasheesh-badcharter-til-paradise-oen\/"]}]},{"@type":"ImageObject","inLanguage":"da-DK","@id":"https:\/\/hurghadalovers.com\/da\/tours\/sahl-hasheesh-badcharter-til-paradise-oen\/#primaryimage","url":"https:\/\/hurghadalovers.com\/wp-content\/uploads\/2023\/08\/Sahl-Hasheesh-Boat-Charters-to-Paradise-Island.jpeg","contentUrl":"https:\/\/hurghadalovers.com\/wp-content\/uploads\/2023\/08\/Sahl-Hasheesh-Boat-Charters-to-Paradise-Island.jpeg","width":1156,"height":867,"caption":"Sahl Hasheesh B\u00e5dcharter til Paradis\u00f8en"},{"@type":"BreadcrumbList","@id":"https:\/\/hurghadalovers.com\/da\/tours\/sahl-hasheesh-badcharter-til-paradise-oen\/#breadcrumb","itemListElement":[{"@type":"ListItem","position":1,"name":"Home","item":"https:\/\/hurghadalovers.com\/da\/"},{"@type":"ListItem","position":2,"name":"Shop","item":"https:\/\/hurghadalovers.com\/da\/shop-3\/"},{"@type":"ListItem","position":3,"name":"Sahl Hasheesh B\u00e5dcharter til Paradis\u00f8en"}]},{"@type":"WebSite","@id":"https:\/\/hurghadalovers.com\/da\/#website","url":"https:\/\/hurghadalovers.com\/da\/","name":"Hurghada Excursions & Day Trips | Booking Best Prices Tours","description":"Hurghada Lovers - Best Tour Operator - Excursions &amp; Things to do for Family Day Trips with kids and Couples Romantic. Unique .Hidden gems","publisher":{"@id":"https:\/\/hurghadalovers.com\/da\/#organization"},"alternateName":"Hurghada Excursions","potentialAction":[{"@type":"SearchAction","target":{"@type":"EntryPoint","urlTemplate":"https:\/\/hurghadalovers.com\/da\/?s={search_term_string}"},"query-input":{"@type":"PropertyValueSpecification","valueRequired":true,"valueName":"search_term_string"}}],"inLanguage":"da-DK"},{"@type":["Organization","Place","TravelAgency"],"@id":"https:\/\/hurghadalovers.com\/da\/#organization","name":"Hurghada Excursions","url":"https:\/\/hurghadalovers.com\/da\/","logo":{"@id":"https:\/\/hurghadalovers.com\/da\/tours\/sahl-hasheesh-badcharter-til-paradise-oen\/#local-main-organization-logo"},"image":{"@id":"https:\/\/hurghadalovers.com\/da\/tours\/sahl-hasheesh-badcharter-til-paradise-oen\/#local-main-organization-logo"},"sameAs":["https:\/\/www.facebook.com\/Hurghadaloversegypt"],"address":{"@id":"https:\/\/hurghadalovers.com\/da\/tours\/sahl-hasheesh-badcharter-til-paradise-oen\/#local-main-place-address"},"telephone":["00201112596434"],"contactPoint":{"@type":"ContactPoint","telephone":"00201112596434","email":"weyouface@gmail.com"},"openingHoursSpecification":{"@type":"OpeningHoursSpecification","dayOfWeek":["Monday","Tuesday","Wednesday","Thursday","Friday","Saturday","Sunday"],"opens":"00:00","closes":"23:59"},"email":"weyouface@gmail.com","areaServed":"Luxor, Hurghada, El Gouna, Aswan, Sharm El Sheikh, Giza, Alexandria, Marsa Alam, Quseir, Soma Bay, Sahl Hasheesh, Red Sea, Makadi Bay, Cairo","priceRange":"$","currenciesAccepted":"euro","paymentAccepted":"cash on site"},{"@type":"PostalAddress","@id":"https:\/\/hurghadalovers.com\/da\/tours\/sahl-hasheesh-badcharter-til-paradise-oen\/#local-main-place-address","streetAddress":"17 Banks street, Alkawther area, top nbk bank","addressLocality":"hurghada","postalCode":"84511","addressRegion":"red sea","addressCountry":"EG"},{"@type":"ImageObject","inLanguage":"da-DK","@id":"https:\/\/hurghadalovers.com\/da\/tours\/sahl-hasheesh-badcharter-til-paradise-oen\/#local-main-organization-logo","url":"https:\/\/hurghadalovers.com\/wp-content\/uploads\/2019\/10\/hurghada-excursions-logo.png","contentUrl":"https:\/\/hurghadalovers.com\/wp-content\/uploads\/2019\/10\/hurghada-excursions-logo.png","width":272,"height":90,"caption":"Hurghada Excursions"}]},"product_brand":"Badtur fra Sahl Hasheesh","product_price_amount":"420","product_price_currency":"EUR","og_availability":"instock","product_availability":"instock","product_retailer_item_id":"Sahl312024","product_condition":"new","geo.placename":"hurghada","geo.region":"Egypten"},"_links":{"self":[{"href":"https:\/\/hurghadalovers.com\/da\/wp-json\/wp\/v2\/product\/391354","targetHints":{"allow":["GET"]}}],"collection":[{"href":"https:\/\/hurghadalovers.com\/da\/wp-json\/wp\/v2\/product"}],"about":[{"href":"https:\/\/hurghadalovers.com\/da\/wp-json\/wp\/v2\/types\/product"}],"wp:featuredmedia":[{"embeddable":true,"href":"https:\/\/hurghadalovers.com\/da\/wp-json\/wp\/v2\/media\/391127"}],"wp:attachment":[{"href":"https:\/\/hurghadalovers.com\/da\/wp-json\/wp\/v2\/media?parent=391354"}],"wp:term":[{"taxonomy":"product_brand","embeddable":true,"href":"https:\/\/hurghadalovers.com\/da\/wp-json\/wp\/v2\/product_brand?post=391354"},{"taxonomy":"product_cat","embeddable":true,"href":"https:\/\/hurghadalovers.com\/da\/wp-json\/wp\/v2\/product_cat?post=391354"},{"taxonomy":"product_tag","embeddable":true,"href":"https:\/\/hurghadalovers.com\/da\/wp-json\/wp\/v2\/product_tag?post=391354"}],"curies":[{"name":"wp","href":"https:\/\/api.w.org\/{rel}","templated":true}]}}