{"id":385713,"date":"2023-08-27T20:16:06","date_gmt":"2023-08-27T20:16:06","guid":{"rendered":"https:\/\/hurghadalovers.com\/shop\/Ikke%20kategoriseret\/oerkensafari-med-boern-fra-soma-bay\/"},"modified":"2026-02-08T12:20:11","modified_gmt":"2026-02-08T12:20:11","slug":"orken-safari-med-born-fra-soma-bay","status":"publish","type":"product","link":"https:\/\/hurghadalovers.com\/da\/tours\/orken-safari-med-born-fra-soma-bay\/","title":{"rendered":"\u00d8rkensafari med b\u00f8rn fra Soma Bay"},"content":{"rendered":"<p><strong>\u00d8rkensafari med b\u00f8rn fra <\/strong><strong>Soma Bay<\/strong> Afternoon | <strong>Mega Safari<\/strong> Familievenlig og seniorer.<\/p>\n<p style=\"text-align: center;\"><span style=\"color: #ff6600;\">Bedste <strong>familievenlige aktiviteter<\/strong> i Soma Bay, <strong>ting at lave med b\u00f8rn<\/strong> op til 2 \u00e5r<\/span><\/p>\n<p>&nbsp;<\/p>\n<p><strong>H\u00f8jdepunkter:<\/strong><\/p>\n<ol>\n<li>45 minutter p\u00e5 ATV Quad Bike.<\/li>\n<li>20 min Spider Car.<\/li>\n<li>Show og BBQ-middag &#8220;Vegetarisk mad er tilg\u00e6ngelig&#8221;.<\/li>\n<\/ol>\n<p><strong>\u00d8rkensafari med b\u00f8rn fra <\/strong><strong>Soma Bay<\/strong> <strong>Detaljer:<\/strong><\/p>\n<ul>\n<li>Turens tilg\u00e6ngelighed: Hver dag.<\/li>\n<li>Tur type: Gruppe eller privat.<\/li>\n<li>Afhentningstid: Start fra kl. 15.00.<\/li>\n<li>Tidspunkt for afhentning: 19:30.<\/li>\n<li>Varighed: 4 timer.<\/li>\n<\/ul>\n<p><strong>Reserver nu og betal senere:<\/strong><\/p>\n<ul>\n<li>Kontanter p\u00e5 stedet til guide.<\/li>\n<li>Betaling med egyptiske pund, $, \u20ac eller \u00a3.<\/li>\n<\/ul>\n<p><strong>Afbestillingsregler:<\/strong><\/p>\n<ul>\n<li>Du kan aflyse op til 24 timer i forvejen.<\/li>\n<li>N\u00e5r nogen fra din familie aflyser om morgenen, betaler du 50% af prisen.<\/li>\n<\/ul>\n<p><strong>Hvad er inkluderet?<\/strong><\/p>\n<ul>\n<li>Transfer fra Soma Bay Hotels &#8220;Hotel pick up and drop off&#8221;.<\/li>\n<li>Alle skatter, indgangsgebyrer og ekspeditionsgebyrer.<\/li>\n<li>Overf\u00f8rsler.<\/li>\n<li>Turleder.<\/li>\n<li>Hjelm.<\/li>\n<\/ul>\n<p><strong>Undtagelser?<\/strong><\/p>\n<ul>\n<li>T\u00f8rkl\u00e6de<\/li>\n<li>Beskyttelsesbriller<\/li>\n<li>Drikkepenge.<\/li>\n<li>Fotografering til turen.<\/li>\n<li>Eventuelt ekstraudstyr, der ikke er n\u00e6vnt.<\/li>\n<\/ul>\n<p><strong>Priser:<\/strong><\/p>\n<ul>\n<li><strong>Voksenpris = <\/strong><strong>35$ pr. person<\/strong>.<\/li>\n<li>Pris for b\u00f8rn &#8220;5-12\u2033= 50%.<\/li>\n<li>for b\u00f8rn &#8220;0-5\u2033= Gratis.<\/li>\n<\/ul>\n<p><strong>Anmeldelser:<\/strong><\/p>\n<p>Tjek vores Google Map-anmeldelser som bedste <a href=\"https:\/\/g.page\/r\/CUeYvkngP3wkEBM\/review\">rejsearrang\u00f8r i Hurghada<\/a> online i <a href=\"https:\/\/hurghadalovers.com\/\">Hurghada<\/a> Egypten.<\/p>\n<p>&nbsp;<\/p>\n<p><strong>Booking:<\/strong><\/p>\n<p>Send hotel + v\u00e6relsesnummer + fotopas til WhatsApp: <strong>+201112596434<\/strong><\/p>\n<p>Hvis du er i Egypten, booker du nu online og bekr\u00e6fter ved ankomst.<\/p>\n<p>&nbsp;<\/p>\n<p>&nbsp;<\/p>\n","protected":false},"excerpt":{"rendered":"<p><strong>\u00d8rkensafari med b\u00f8rn fra <\/strong><strong>Soma Bay<\/strong> Afternoon | <strong>Mega Safari<\/strong> Familievenlig og seniorer.<\/p>\n<p style=\"text-align: center;\"><span style=\"color: #ff6600;\">Bedste <strong>familievenlige aktiviteter<\/strong> i Soma Bay, <strong>ting at lave med b\u00f8rn<\/strong> op til 2 \u00e5r<\/span><\/p>\n<p>&nbsp;<\/p>\n","protected":false},"featured_media":935234,"template":"","meta":{"_joinchat":[]},"product_brand":[],"product_cat":[36661],"product_tag":[56182,56190,56514,56490,56168,56180,56188,56177,56185,56170,56174,56509],"class_list":{"0":"post-385713","1":"product","2":"type-product","3":"status-publish","4":"has-post-thumbnail","6":"product_cat-ture","7":"product_tag-atv-soma-bay-da","8":"product_tag-beduinlandsby-soma-bay","9":"product_tag-buggy-tur-i-soma-bay","10":"product_tag-jeep-safari-i-soma-bugten","11":"product_tag-orkensafari-soma-bay","12":"product_tag-quad-cykling-i-soma-bay","13":"product_tag-ridning-pa-kamel-soma-bay","14":"product_tag-safari-sahara-soma-bay-da","15":"product_tag-safaritur-i-soma-bay","16":"product_tag-soma-bay-buggy-safari-da","17":"product_tag-stjernekiggeri-i-soma-bay","18":"product_tag-super-safari-soma-bay-da","19":"tour_category-udflugter-i-soma-bay","20":"tour_category-quad-tur-fra-soma-bay","22":"first","23":"instock","24":"sale","25":"shipping-taxable","26":"purchasable","27":"product-type-tour"},"yoast_head":"<!-- This site is optimized with the Yoast SEO Premium plugin v26.9 (Yoast SEO v27.2) - https:\/\/yoast.com\/product\/yoast-seo-premium-wordpress\/ -->\n<title>\u00d8rkensafari med b\u00f8rn fra Soma Bay | Mega Safari Family<\/title>\n<meta name=\"description\" content=\"\u00d8rkensafari med b\u00f8rn fra Soma bay Eftermiddag | Mega Safari Familievenlig &amp; Seniorer.bedste Soma bay Familievenlige aktiviteter, ting at lave med b\u00f8rn\" \/>\n<meta name=\"robots\" content=\"index, follow, max-snippet:-1, max-image-preview:large, max-video-preview:-1\" \/>\n<link rel=\"canonical\" href=\"https:\/\/hurghadalovers.com\/da\/tours\/orken-safari-med-born-fra-soma-bay\/\" \/>\n<meta property=\"og:locale\" content=\"da_DK\" \/>\n<meta property=\"og:type\" content=\"article\" \/>\n<meta property=\"og:title\" content=\"\u00d8rkensafari med b\u00f8rn fra Soma Bay\" \/>\n<meta property=\"og:description\" content=\"\u00d8rkensafari med b\u00f8rn fra Soma bay Eftermiddag | Mega Safari Familievenlig &amp; Seniorer.bedste Soma bay Familievenlige aktiviteter, ting at lave med b\u00f8rn\" \/>\n<meta property=\"og:url\" content=\"https:\/\/hurghadalovers.com\/da\/tours\/orken-safari-med-born-fra-soma-bay\/\" \/>\n<meta property=\"og:site_name\" content=\"Hurghada Excursions &amp; Day Trips | Booking Best Prices Tours\" \/>\n<meta property=\"article:publisher\" content=\"https:\/\/www.facebook.com\/Hurghadaloversegypt\" \/>\n<meta property=\"article:modified_time\" content=\"2026-02-08T12:20:11+00:00\" \/>\n<meta property=\"og:image\" content=\"https:\/\/hurghadalovers.com\/wp-content\/uploads\/2023\/08\/Soma-bay-Private-Quad-Bike-Tour-2025.jpeg\" \/>\n\t<meta property=\"og:image:width\" content=\"1156\" \/>\n\t<meta property=\"og:image:height\" content=\"521\" \/>\n\t<meta property=\"og:image:type\" content=\"image\/jpeg\" \/>\n<meta name=\"twitter:card\" content=\"summary_large_image\" \/>\n<meta name=\"twitter:label1\" content=\"Pris\" \/>\n\t<meta name=\"twitter:data1\" content=\"&euro;&nbsp;40\" \/>\n\t<meta name=\"twitter:label2\" content=\"Tilg\u00e6ngelighed\" \/>\n\t<meta name=\"twitter:data2\" content=\"P\u00e5 lager\" \/>\n<script type=\"application\/ld+json\" class=\"yoast-schema-graph\">{\"@context\":\"https:\/\/schema.org\",\"@graph\":[{\"@type\":[\"WebPage\",\"ItemPage\"],\"@id\":\"https:\/\/hurghadalovers.com\/da\/tours\/orken-safari-med-born-fra-soma-bay\/\",\"url\":\"https:\/\/hurghadalovers.com\/da\/tours\/orken-safari-med-born-fra-soma-bay\/\",\"name\":\"\u00d8rkensafari med b\u00f8rn fra Soma Bay | Mega Safari Family\",\"isPartOf\":{\"@id\":\"https:\/\/hurghadalovers.com\/da\/#website\"},\"primaryImageOfPage\":{\"@id\":\"https:\/\/hurghadalovers.com\/da\/tours\/orken-safari-med-born-fra-soma-bay\/#primaryimage\"},\"image\":{\"@id\":\"https:\/\/hurghadalovers.com\/da\/tours\/orken-safari-med-born-fra-soma-bay\/#primaryimage\"},\"thumbnailUrl\":\"https:\/\/hurghadalovers.com\/wp-content\/uploads\/2023\/08\/Soma-bay-Private-Quad-Bike-Tour-2025.jpeg\",\"datePublished\":\"2023-08-27T20:16:06+00:00\",\"dateModified\":\"2026-02-08T12:20:11+00:00\",\"description\":\"\u00d8rkensafari med b\u00f8rn fra Soma bay Eftermiddag | Mega Safari Familievenlig & Seniorer.bedste Soma bay Familievenlige aktiviteter, ting at lave med b\u00f8rn\",\"breadcrumb\":{\"@id\":\"https:\/\/hurghadalovers.com\/da\/tours\/orken-safari-med-born-fra-soma-bay\/#breadcrumb\"},\"inLanguage\":\"da-DK\",\"potentialAction\":[{\"@type\":\"ReadAction\",\"target\":[\"https:\/\/hurghadalovers.com\/da\/tours\/orken-safari-med-born-fra-soma-bay\/\"]}]},{\"@type\":\"ImageObject\",\"inLanguage\":\"da-DK\",\"@id\":\"https:\/\/hurghadalovers.com\/da\/tours\/orken-safari-med-born-fra-soma-bay\/#primaryimage\",\"url\":\"https:\/\/hurghadalovers.com\/wp-content\/uploads\/2023\/08\/Soma-bay-Private-Quad-Bike-Tour-2025.jpeg\",\"contentUrl\":\"https:\/\/hurghadalovers.com\/wp-content\/uploads\/2023\/08\/Soma-bay-Private-Quad-Bike-Tour-2025.jpeg\",\"width\":1156,\"height\":521,\"caption\":\"Soma bay Private Quad Bike Tour 2025\"},{\"@type\":\"BreadcrumbList\",\"@id\":\"https:\/\/hurghadalovers.com\/da\/tours\/orken-safari-med-born-fra-soma-bay\/#breadcrumb\",\"itemListElement\":[{\"@type\":\"ListItem\",\"position\":1,\"name\":\"Home\",\"item\":\"https:\/\/hurghadalovers.com\/da\/\"},{\"@type\":\"ListItem\",\"position\":2,\"name\":\"Shop\",\"item\":\"https:\/\/hurghadalovers.com\/da\/shop-3\/\"},{\"@type\":\"ListItem\",\"position\":3,\"name\":\"\u00d8rkensafari med b\u00f8rn fra Soma Bay\"}]},{\"@type\":\"WebSite\",\"@id\":\"https:\/\/hurghadalovers.com\/da\/#website\",\"url\":\"https:\/\/hurghadalovers.com\/da\/\",\"name\":\"Hurghada Excursions & Day Trips | Booking Best Prices Tours\",\"description\":\"Hurghada Lovers - Best Tour Operator - Excursions &amp; Things to do for Family Day Trips with kids and Couples Romantic. Unique .Hidden gems\",\"publisher\":{\"@id\":\"https:\/\/hurghadalovers.com\/da\/#organization\"},\"alternateName\":\"Hurghada Excursions\",\"potentialAction\":[{\"@type\":\"SearchAction\",\"target\":{\"@type\":\"EntryPoint\",\"urlTemplate\":\"https:\/\/hurghadalovers.com\/da\/?s={search_term_string}\"},\"query-input\":{\"@type\":\"PropertyValueSpecification\",\"valueRequired\":true,\"valueName\":\"search_term_string\"}}],\"inLanguage\":\"da-DK\"},{\"@type\":[\"Organization\",\"Place\",\"TravelAgency\"],\"@id\":\"https:\/\/hurghadalovers.com\/da\/#organization\",\"name\":\"Hurghada Excursions\",\"url\":\"https:\/\/hurghadalovers.com\/da\/\",\"logo\":{\"@id\":\"https:\/\/hurghadalovers.com\/da\/tours\/orken-safari-med-born-fra-soma-bay\/#local-main-organization-logo\"},\"image\":{\"@id\":\"https:\/\/hurghadalovers.com\/da\/tours\/orken-safari-med-born-fra-soma-bay\/#local-main-organization-logo\"},\"sameAs\":[\"https:\/\/www.facebook.com\/Hurghadaloversegypt\"],\"address\":{\"@id\":\"https:\/\/hurghadalovers.com\/da\/tours\/orken-safari-med-born-fra-soma-bay\/#local-main-place-address\"},\"telephone\":[\"00201112596434\"],\"contactPoint\":{\"@type\":\"ContactPoint\",\"telephone\":\"00201112596434\",\"email\":\"weyouface@gmail.com\"},\"openingHoursSpecification\":{\"@type\":\"OpeningHoursSpecification\",\"dayOfWeek\":[\"Monday\",\"Tuesday\",\"Wednesday\",\"Thursday\",\"Friday\",\"Saturday\",\"Sunday\"],\"opens\":\"00:00\",\"closes\":\"23:59\"},\"email\":\"weyouface@gmail.com\",\"areaServed\":\"Luxor, Hurghada, El Gouna, Aswan, Sharm El Sheikh, Giza, Alexandria, Marsa Alam, Quseir, Soma Bay, Sahl Hasheesh, Red Sea, Makadi Bay, Cairo\",\"priceRange\":\"$\",\"currenciesAccepted\":\"euro\",\"paymentAccepted\":\"cash on site\"},{\"@type\":\"PostalAddress\",\"@id\":\"https:\/\/hurghadalovers.com\/da\/tours\/orken-safari-med-born-fra-soma-bay\/#local-main-place-address\",\"streetAddress\":\"17 Banks street, Alkawther area, top nbk bank\",\"addressLocality\":\"hurghada\",\"postalCode\":\"84511\",\"addressRegion\":\"red sea\",\"addressCountry\":\"EG\"},{\"@type\":\"ImageObject\",\"inLanguage\":\"da-DK\",\"@id\":\"https:\/\/hurghadalovers.com\/da\/tours\/orken-safari-med-born-fra-soma-bay\/#local-main-organization-logo\",\"url\":\"https:\/\/hurghadalovers.com\/wp-content\/uploads\/2019\/10\/hurghada-excursions-logo.png\",\"contentUrl\":\"https:\/\/hurghadalovers.com\/wp-content\/uploads\/2019\/10\/hurghada-excursions-logo.png\",\"width\":272,\"height\":90,\"caption\":\"Hurghada Excursions\"}]}<\/script>\n<meta property=\"product:brand\" content=\"Dagsture fra Soma Bay\" \/>\n<meta property=\"product:price:amount\" content=\"40\" \/>\n<meta property=\"product:price:currency\" content=\"EUR\" \/>\n<meta property=\"og:availability\" content=\"instock\" \/>\n<meta property=\"product:availability\" content=\"instock\" \/>\n<meta property=\"product:retailer_item_id\" content=\"Soma202402\" \/>\n<meta property=\"product:condition\" content=\"new\" \/>\n<meta name=\"geo.placename\" content=\"hurghada\" \/>\n<meta name=\"geo.region\" content=\"Egypten\" \/>\n<!-- \/ Yoast SEO Premium plugin. -->","yoast_head_json":{"title":"\u00d8rkensafari med b\u00f8rn fra Soma Bay | Mega Safari Family","description":"\u00d8rkensafari med b\u00f8rn fra Soma bay Eftermiddag | Mega Safari Familievenlig & Seniorer.bedste Soma bay Familievenlige aktiviteter, ting at lave med b\u00f8rn","robots":{"index":"index","follow":"follow","max-snippet":"max-snippet:-1","max-image-preview":"max-image-preview:large","max-video-preview":"max-video-preview:-1"},"canonical":"https:\/\/hurghadalovers.com\/da\/tours\/orken-safari-med-born-fra-soma-bay\/","og_locale":"da_DK","og_type":"article","og_title":"\u00d8rkensafari med b\u00f8rn fra Soma Bay","og_description":"\u00d8rkensafari med b\u00f8rn fra Soma bay Eftermiddag | Mega Safari Familievenlig & Seniorer.bedste Soma bay Familievenlige aktiviteter, ting at lave med b\u00f8rn","og_url":"https:\/\/hurghadalovers.com\/da\/tours\/orken-safari-med-born-fra-soma-bay\/","og_site_name":"Hurghada Excursions &amp; Day Trips | Booking Best Prices Tours","article_publisher":"https:\/\/www.facebook.com\/Hurghadaloversegypt","article_modified_time":"2026-02-08T12:20:11+00:00","og_image":[{"width":1156,"height":521,"url":"https:\/\/hurghadalovers.com\/wp-content\/uploads\/2023\/08\/Soma-bay-Private-Quad-Bike-Tour-2025.jpeg","type":"image\/jpeg"}],"twitter_card":"summary_large_image","twitter_misc":{"Pris":"&euro;&nbsp;40","Tilg\u00e6ngelighed":"P\u00e5 lager"},"schema":{"@context":"https:\/\/schema.org","@graph":[{"@type":["WebPage","ItemPage"],"@id":"https:\/\/hurghadalovers.com\/da\/tours\/orken-safari-med-born-fra-soma-bay\/","url":"https:\/\/hurghadalovers.com\/da\/tours\/orken-safari-med-born-fra-soma-bay\/","name":"\u00d8rkensafari med b\u00f8rn fra Soma Bay | Mega Safari Family","isPartOf":{"@id":"https:\/\/hurghadalovers.com\/da\/#website"},"primaryImageOfPage":{"@id":"https:\/\/hurghadalovers.com\/da\/tours\/orken-safari-med-born-fra-soma-bay\/#primaryimage"},"image":{"@id":"https:\/\/hurghadalovers.com\/da\/tours\/orken-safari-med-born-fra-soma-bay\/#primaryimage"},"thumbnailUrl":"https:\/\/hurghadalovers.com\/wp-content\/uploads\/2023\/08\/Soma-bay-Private-Quad-Bike-Tour-2025.jpeg","datePublished":"2023-08-27T20:16:06+00:00","dateModified":"2026-02-08T12:20:11+00:00","description":"\u00d8rkensafari med b\u00f8rn fra Soma bay Eftermiddag | Mega Safari Familievenlig & Seniorer.bedste Soma bay Familievenlige aktiviteter, ting at lave med b\u00f8rn","breadcrumb":{"@id":"https:\/\/hurghadalovers.com\/da\/tours\/orken-safari-med-born-fra-soma-bay\/#breadcrumb"},"inLanguage":"da-DK","potentialAction":[{"@type":"ReadAction","target":["https:\/\/hurghadalovers.com\/da\/tours\/orken-safari-med-born-fra-soma-bay\/"]}]},{"@type":"ImageObject","inLanguage":"da-DK","@id":"https:\/\/hurghadalovers.com\/da\/tours\/orken-safari-med-born-fra-soma-bay\/#primaryimage","url":"https:\/\/hurghadalovers.com\/wp-content\/uploads\/2023\/08\/Soma-bay-Private-Quad-Bike-Tour-2025.jpeg","contentUrl":"https:\/\/hurghadalovers.com\/wp-content\/uploads\/2023\/08\/Soma-bay-Private-Quad-Bike-Tour-2025.jpeg","width":1156,"height":521,"caption":"Soma bay Private Quad Bike Tour 2025"},{"@type":"BreadcrumbList","@id":"https:\/\/hurghadalovers.com\/da\/tours\/orken-safari-med-born-fra-soma-bay\/#breadcrumb","itemListElement":[{"@type":"ListItem","position":1,"name":"Home","item":"https:\/\/hurghadalovers.com\/da\/"},{"@type":"ListItem","position":2,"name":"Shop","item":"https:\/\/hurghadalovers.com\/da\/shop-3\/"},{"@type":"ListItem","position":3,"name":"\u00d8rkensafari med b\u00f8rn fra Soma Bay"}]},{"@type":"WebSite","@id":"https:\/\/hurghadalovers.com\/da\/#website","url":"https:\/\/hurghadalovers.com\/da\/","name":"Hurghada Excursions & Day Trips | Booking Best Prices Tours","description":"Hurghada Lovers - Best Tour Operator - Excursions &amp; Things to do for Family Day Trips with kids and Couples Romantic. Unique .Hidden gems","publisher":{"@id":"https:\/\/hurghadalovers.com\/da\/#organization"},"alternateName":"Hurghada Excursions","potentialAction":[{"@type":"SearchAction","target":{"@type":"EntryPoint","urlTemplate":"https:\/\/hurghadalovers.com\/da\/?s={search_term_string}"},"query-input":{"@type":"PropertyValueSpecification","valueRequired":true,"valueName":"search_term_string"}}],"inLanguage":"da-DK"},{"@type":["Organization","Place","TravelAgency"],"@id":"https:\/\/hurghadalovers.com\/da\/#organization","name":"Hurghada Excursions","url":"https:\/\/hurghadalovers.com\/da\/","logo":{"@id":"https:\/\/hurghadalovers.com\/da\/tours\/orken-safari-med-born-fra-soma-bay\/#local-main-organization-logo"},"image":{"@id":"https:\/\/hurghadalovers.com\/da\/tours\/orken-safari-med-born-fra-soma-bay\/#local-main-organization-logo"},"sameAs":["https:\/\/www.facebook.com\/Hurghadaloversegypt"],"address":{"@id":"https:\/\/hurghadalovers.com\/da\/tours\/orken-safari-med-born-fra-soma-bay\/#local-main-place-address"},"telephone":["00201112596434"],"contactPoint":{"@type":"ContactPoint","telephone":"00201112596434","email":"weyouface@gmail.com"},"openingHoursSpecification":{"@type":"OpeningHoursSpecification","dayOfWeek":["Monday","Tuesday","Wednesday","Thursday","Friday","Saturday","Sunday"],"opens":"00:00","closes":"23:59"},"email":"weyouface@gmail.com","areaServed":"Luxor, Hurghada, El Gouna, Aswan, Sharm El Sheikh, Giza, Alexandria, Marsa Alam, Quseir, Soma Bay, Sahl Hasheesh, Red Sea, Makadi Bay, Cairo","priceRange":"$","currenciesAccepted":"euro","paymentAccepted":"cash on site"},{"@type":"PostalAddress","@id":"https:\/\/hurghadalovers.com\/da\/tours\/orken-safari-med-born-fra-soma-bay\/#local-main-place-address","streetAddress":"17 Banks street, Alkawther area, top nbk bank","addressLocality":"hurghada","postalCode":"84511","addressRegion":"red sea","addressCountry":"EG"},{"@type":"ImageObject","inLanguage":"da-DK","@id":"https:\/\/hurghadalovers.com\/da\/tours\/orken-safari-med-born-fra-soma-bay\/#local-main-organization-logo","url":"https:\/\/hurghadalovers.com\/wp-content\/uploads\/2019\/10\/hurghada-excursions-logo.png","contentUrl":"https:\/\/hurghadalovers.com\/wp-content\/uploads\/2019\/10\/hurghada-excursions-logo.png","width":272,"height":90,"caption":"Hurghada Excursions"}]},"product_brand":"Dagsture fra Soma Bay","product_price_amount":"40","product_price_currency":"EUR","og_availability":"instock","product_availability":"instock","product_retailer_item_id":"Soma202402","product_condition":"new","geo.placename":"hurghada","geo.region":"Egypten"},"_links":{"self":[{"href":"https:\/\/hurghadalovers.com\/da\/wp-json\/wp\/v2\/product\/385713","targetHints":{"allow":["GET"]}}],"collection":[{"href":"https:\/\/hurghadalovers.com\/da\/wp-json\/wp\/v2\/product"}],"about":[{"href":"https:\/\/hurghadalovers.com\/da\/wp-json\/wp\/v2\/types\/product"}],"wp:featuredmedia":[{"embeddable":true,"href":"https:\/\/hurghadalovers.com\/da\/wp-json\/wp\/v2\/media\/935234"}],"wp:attachment":[{"href":"https:\/\/hurghadalovers.com\/da\/wp-json\/wp\/v2\/media?parent=385713"}],"wp:term":[{"taxonomy":"product_brand","embeddable":true,"href":"https:\/\/hurghadalovers.com\/da\/wp-json\/wp\/v2\/product_brand?post=385713"},{"taxonomy":"product_cat","embeddable":true,"href":"https:\/\/hurghadalovers.com\/da\/wp-json\/wp\/v2\/product_cat?post=385713"},{"taxonomy":"product_tag","embeddable":true,"href":"https:\/\/hurghadalovers.com\/da\/wp-json\/wp\/v2\/product_tag?post=385713"}],"curies":[{"name":"wp","href":"https:\/\/api.w.org\/{rel}","templated":true}]}}