{"id":385257,"date":"2023-08-27T11:46:25","date_gmt":"2023-08-27T11:46:25","guid":{"rendered":"https:\/\/hurghadalovers.com\/shop\/Ikke kategoriseret\/luksustur-til-orange-bay-fra-soma-bay-vip-yachts-services\/"},"modified":"2026-02-07T17:14:53","modified_gmt":"2026-02-07T17:14:53","slug":"luksus-orange-bay-o-tur-fra-soma-bay","status":"publish","type":"product","link":"https:\/\/hurghadalovers.com\/da\/tours\/luksus-orange-bay-o-tur-fra-soma-bay\/","title":{"rendered":"Luksustur til Orange Bay fra Soma Bay | VIP Yachts &amp; Services"},"content":{"rendered":"<p><strong>Luksus Orange Bay Island Trip fra <\/strong><strong>Soma Bay<\/strong> med VIP-frokost og s\u00e6rlige steder for familier, mere privatliv og luksuri\u00f8s luksus til at tilbringe kvalitetstid p\u00e5 de smukkeste strande p\u00e5 <strong>Giftun Island<\/strong> og et af de bedste steder med husrev.<\/p>\n<p>&nbsp;<\/p>\n<p><strong>H\u00f8jdepunkter:<\/strong><\/p>\n<ul>\n<li>One Spot Snorkeling House Reef.<\/li>\n<li>1 time p\u00e5 Orange Bay Island Beach.<\/li>\n<li>Luksus Elite Yacht.<\/li>\n<\/ul>\n<p><strong>Detaljer:<\/strong><\/p>\n<ul>\n<li>Turens tilg\u00e6ngelighed: Hver dag.<\/li>\n<li>Tur type: Gruppe.<\/li>\n<li>Afhentningstid: Start fra kl. 07.30.<\/li>\n<li>Tidspunkt for afhentning: 17:00.<\/li>\n<li>Tilg\u00e6ngelig for k\u00f8restolsbrugere.<\/li>\n<li>Varighed: 8 timer.<\/li>\n<\/ul>\n<p><strong>Reserver nu og betal senere:<\/strong><\/p>\n<ul>\n<li>Kontanter p\u00e5 stedet til guide.<\/li>\n<li>Betaling med egyptiske pund, $, \u20ac eller \u00a3.<\/li>\n<\/ul>\n<p><strong>Afbestillingsregler:<\/strong><\/p>\n<ul>\n<li>Du kan aflyse op til 24 timer i forvejen.<\/li>\n<li>N\u00e5r nogen fra din familie aflyser om morgenen, betaler du 50% af prisen.<\/li>\n<\/ul>\n<p><strong>Hvad er inkluderet?<\/strong><\/p>\n<ul>\n<li>Transfer fra Soma Bay Hotels &#8220;Hotel pick up and drop off&#8221;.<\/li>\n<li>Alle skatter, indgangsgebyrer og ekspeditionsgebyrer.<\/li>\n<li>Turleder.<\/li>\n<li>Mineralvand + Cola + M\u00e6lk + Kaffe\/te.<\/li>\n<li>1 Snorkelsted.<\/li>\n<li>Snorkeludstyr &#8220;Masker og sv\u00f8mmef\u00f8dder&#8221;.<\/li>\n<li>1 time p\u00e5 <strong>Orange Bay Island<\/strong> <strong>Beach<\/strong>.<\/li>\n<li>VIP-frokostbuffet p\u00e5 b\u00e5den.<\/li>\n<li>Redningsveste.<\/li>\n<\/ul>\n<p><strong>Undtagelser?<\/strong><\/p>\n<ul>\n<li>Drikkepenge.<\/li>\n<li>Drinks i The Orange Bay Restaurant Island.<\/li>\n<li>Fotografering og fotos til turen.<\/li>\n<li>Vi tilbyder leje af badedragter og badet\u00f8j til kvinder, m\u00e6nd og b\u00f8rn i alle st\u00f8rrelser &#8220;5$ pr. stk.&#8221;.<\/li>\n<li>Eventuelt ekstraudstyr, der ikke er n\u00e6vnt.<\/li>\n<\/ul>\n<p><strong>Priser:<\/strong><\/p>\n<ul>\n<li><strong>Voksenpris = <\/strong><strong>50$<\/strong><strong> pr. person.<\/strong><\/li>\n<li>Pris for b\u00f8rn &#8220;3-10\u2033= 50%.<\/li>\n<li>for b\u00f8rn &#8220;0-3\u2033= Gratis.<\/li>\n<\/ul>\n<p><strong>Anmeldelser:<\/strong><\/p>\n<p>Tjek vores Google Map-anmeldelser som bedste <a href=\"https:\/\/g.page\/r\/CUeYvkngP3wkEBM\/review\">rejsearrang\u00f8r i Hurghada<\/a> online i <a href=\"https:\/\/hurghadalovers.com\/\">Hurghada<\/a> Egypten.<\/p>\n<p><strong>Booking:<\/strong><\/p>\n<p>Send hotel + v\u00e6relsesnummer + fotopas til WhatsApp: <strong>+201112596434<\/strong><\/p>\n<p>Hvis du er i Egypten, booker du nu online og bekr\u00e6fter ved ankomst.<\/p>\n<p>&nbsp;<\/p>\n<p>&nbsp;<\/p>\n","protected":false},"excerpt":{"rendered":"<p>Luksus Orange Bay Island Trip fra Soma Bay med VIP-frokost og s\u00e6rlige steder for familier, mere privatliv og luksus. smukke strande p\u00e5 \u00f8en Giftun<\/p>\n","protected":false},"featured_media":934225,"template":"","meta":{"_joinchat":[]},"product_brand":[],"product_cat":[36661],"product_tag":[56504,56030,56048,56146,56055,56027,56036,56165,56063,56060,56057,56045,56051,56486,56499,56024,56042,56142,56039,56033],"class_list":{"0":"post-385257","1":"product","2":"type-product","3":"status-publish","4":"has-post-thumbnail","6":"product_cat-ture","7":"product_tag-aktiviteter-for-teenagere-fra-soma-bay","8":"product_tag-badture-i-soma-bugten","9":"product_tag-badudlejning-soma-bay","10":"product_tag-dagsture-i-soma-bugten-da","11":"product_tag-dolphin-house-soma-bay-da","12":"product_tag-dykning-i-soma-bay","13":"product_tag-giftun-island-soma-bay-da","14":"product_tag-indendors-aktiviteter-for-par-soma-bay","15":"product_tag-orange-bay-island-soma-bay-da","16":"product_tag-paradise-island-soma-bay-da","17":"product_tag-piratbad-soma-bay","18":"product_tag-privat-bad-soma-bay","19":"product_tag-privat-badtur-i-soma-bugten","20":"product_tag-romantiske-aktiviteter-for-par-i-soma-bay","21":"product_tag-sjove-familieaktiviteter-fra-soma-bay","22":"product_tag-snorkelture-i-soma-bugten","23":"product_tag-soma-bay-badcharter","24":"product_tag-soma-bay-hvad-skal-man-lave","25":"product_tag-speedbad-soma-bay","26":"product_tag-svom-med-delfiner-i-soma-bay","27":"tour_category-snorkling-i-soma-bay","28":"tour_category-udflugter-i-soma-bay","30":"first","31":"instock","32":"sale","33":"shipping-taxable","34":"purchasable","35":"product-type-tour"},"yoast_head":"<!-- This site is optimized with the Yoast SEO Premium plugin v26.9 (Yoast SEO v27.2) - https:\/\/yoast.com\/product\/yoast-seo-premium-wordpress\/ -->\n<title>Luksustur til Orange Bay fra Soma Bay | VIP Yachts<\/title>\n<meta name=\"description\" content=\"Luksus Orange Bay Island Trip fra Soma Bay med VIP-frokost og s\u00e6rlige steder for familier, mere privatliv og luksus. smukke strande p\u00e5 \u00f8en Giftun\" \/>\n<meta name=\"robots\" content=\"index, follow, max-snippet:-1, max-image-preview:large, max-video-preview:-1\" \/>\n<link rel=\"canonical\" href=\"https:\/\/hurghadalovers.com\/da\/tours\/luksus-orange-bay-o-tur-fra-soma-bay\/\" \/>\n<meta property=\"og:locale\" content=\"da_DK\" \/>\n<meta property=\"og:type\" content=\"article\" \/>\n<meta property=\"og:title\" content=\"Luksustur til Orange Bay fra Soma Bay | VIP Yachts &amp; Services\" \/>\n<meta property=\"og:description\" content=\"Luksus Orange Bay Island Trip fra Soma Bay med VIP-frokost og s\u00e6rlige steder for familier, mere privatliv og luksus. smukke strande p\u00e5 \u00f8en Giftun\" \/>\n<meta property=\"og:url\" content=\"https:\/\/hurghadalovers.com\/da\/tours\/luksus-orange-bay-o-tur-fra-soma-bay\/\" \/>\n<meta property=\"og:site_name\" content=\"Hurghada Excursions &amp; Day Trips | Booking Best Prices Tours\" \/>\n<meta property=\"article:publisher\" content=\"https:\/\/www.facebook.com\/Hurghadaloversegypt\" \/>\n<meta property=\"article:modified_time\" content=\"2026-02-07T17:14:53+00:00\" \/>\n<meta property=\"og:image\" content=\"https:\/\/hurghadalovers.com\/wp-content\/uploads\/2023\/08\/Soma-bay-Luxury-Yacht-Cruise-to-Orange-bay-2026.jpeg\" \/>\n\t<meta property=\"og:image:width\" content=\"1156\" \/>\n\t<meta property=\"og:image:height\" content=\"521\" \/>\n\t<meta property=\"og:image:type\" content=\"image\/jpeg\" \/>\n<meta name=\"twitter:card\" content=\"summary_large_image\" \/>\n<meta name=\"twitter:label1\" content=\"Pris\" \/>\n\t<meta name=\"twitter:data1\" content=\"&euro;&nbsp;55\" \/>\n\t<meta name=\"twitter:label2\" content=\"Tilg\u00e6ngelighed\" \/>\n\t<meta name=\"twitter:data2\" content=\"P\u00e5 lager\" \/>\n<script type=\"application\/ld+json\" class=\"yoast-schema-graph\">{\"@context\":\"https:\/\/schema.org\",\"@graph\":[{\"@type\":[\"WebPage\",\"ItemPage\"],\"@id\":\"https:\/\/hurghadalovers.com\/da\/tours\/luksus-orange-bay-o-tur-fra-soma-bay\/\",\"url\":\"https:\/\/hurghadalovers.com\/da\/tours\/luksus-orange-bay-o-tur-fra-soma-bay\/\",\"name\":\"Luksustur til Orange Bay fra Soma Bay | VIP Yachts\",\"isPartOf\":{\"@id\":\"https:\/\/hurghadalovers.com\/da\/#website\"},\"primaryImageOfPage\":{\"@id\":\"https:\/\/hurghadalovers.com\/da\/tours\/luksus-orange-bay-o-tur-fra-soma-bay\/#primaryimage\"},\"image\":{\"@id\":\"https:\/\/hurghadalovers.com\/da\/tours\/luksus-orange-bay-o-tur-fra-soma-bay\/#primaryimage\"},\"thumbnailUrl\":\"https:\/\/hurghadalovers.com\/wp-content\/uploads\/2023\/08\/Soma-bay-Luxury-Yacht-Cruise-to-Orange-bay-2026.jpeg\",\"datePublished\":\"2023-08-27T11:46:25+00:00\",\"dateModified\":\"2026-02-07T17:14:53+00:00\",\"description\":\"Luksus Orange Bay Island Trip fra Soma Bay med VIP-frokost og s\u00e6rlige steder for familier, mere privatliv og luksus. smukke strande p\u00e5 \u00f8en Giftun\",\"breadcrumb\":{\"@id\":\"https:\/\/hurghadalovers.com\/da\/tours\/luksus-orange-bay-o-tur-fra-soma-bay\/#breadcrumb\"},\"inLanguage\":\"da-DK\",\"potentialAction\":[{\"@type\":\"ReadAction\",\"target\":[\"https:\/\/hurghadalovers.com\/da\/tours\/luksus-orange-bay-o-tur-fra-soma-bay\/\"]}]},{\"@type\":\"ImageObject\",\"inLanguage\":\"da-DK\",\"@id\":\"https:\/\/hurghadalovers.com\/da\/tours\/luksus-orange-bay-o-tur-fra-soma-bay\/#primaryimage\",\"url\":\"https:\/\/hurghadalovers.com\/wp-content\/uploads\/2023\/08\/Soma-bay-Luxury-Yacht-Cruise-to-Orange-bay-2026.jpeg\",\"contentUrl\":\"https:\/\/hurghadalovers.com\/wp-content\/uploads\/2023\/08\/Soma-bay-Luxury-Yacht-Cruise-to-Orange-bay-2026.jpeg\",\"width\":1156,\"height\":521,\"caption\":\"Soma bay Luxury Yacht Cruise to Orange bay 2026\"},{\"@type\":\"BreadcrumbList\",\"@id\":\"https:\/\/hurghadalovers.com\/da\/tours\/luksus-orange-bay-o-tur-fra-soma-bay\/#breadcrumb\",\"itemListElement\":[{\"@type\":\"ListItem\",\"position\":1,\"name\":\"Home\",\"item\":\"https:\/\/hurghadalovers.com\/da\/\"},{\"@type\":\"ListItem\",\"position\":2,\"name\":\"Shop\",\"item\":\"https:\/\/hurghadalovers.com\/da\/shop-3\/\"},{\"@type\":\"ListItem\",\"position\":3,\"name\":\"Luksustur til Orange Bay fra Soma Bay | VIP Yachts &amp; Services\"}]},{\"@type\":\"WebSite\",\"@id\":\"https:\/\/hurghadalovers.com\/da\/#website\",\"url\":\"https:\/\/hurghadalovers.com\/da\/\",\"name\":\"Hurghada Excursions & Day Trips | Booking Best Prices Tours\",\"description\":\"Hurghada Lovers - Best Tour Operator - Excursions &amp; Things to do for Family Day Trips with kids and Couples Romantic. Unique .Hidden gems\",\"publisher\":{\"@id\":\"https:\/\/hurghadalovers.com\/da\/#organization\"},\"alternateName\":\"Hurghada Excursions\",\"potentialAction\":[{\"@type\":\"SearchAction\",\"target\":{\"@type\":\"EntryPoint\",\"urlTemplate\":\"https:\/\/hurghadalovers.com\/da\/?s={search_term_string}\"},\"query-input\":{\"@type\":\"PropertyValueSpecification\",\"valueRequired\":true,\"valueName\":\"search_term_string\"}}],\"inLanguage\":\"da-DK\"},{\"@type\":[\"Organization\",\"Place\",\"TravelAgency\"],\"@id\":\"https:\/\/hurghadalovers.com\/da\/#organization\",\"name\":\"Hurghada Excursions\",\"url\":\"https:\/\/hurghadalovers.com\/da\/\",\"logo\":{\"@id\":\"https:\/\/hurghadalovers.com\/da\/tours\/luksus-orange-bay-o-tur-fra-soma-bay\/#local-main-organization-logo\"},\"image\":{\"@id\":\"https:\/\/hurghadalovers.com\/da\/tours\/luksus-orange-bay-o-tur-fra-soma-bay\/#local-main-organization-logo\"},\"sameAs\":[\"https:\/\/www.facebook.com\/Hurghadaloversegypt\"],\"address\":{\"@id\":\"https:\/\/hurghadalovers.com\/da\/tours\/luksus-orange-bay-o-tur-fra-soma-bay\/#local-main-place-address\"},\"telephone\":[\"00201112596434\"],\"contactPoint\":{\"@type\":\"ContactPoint\",\"telephone\":\"00201112596434\",\"email\":\"weyouface@gmail.com\"},\"openingHoursSpecification\":{\"@type\":\"OpeningHoursSpecification\",\"dayOfWeek\":[\"Monday\",\"Tuesday\",\"Wednesday\",\"Thursday\",\"Friday\",\"Saturday\",\"Sunday\"],\"opens\":\"00:00\",\"closes\":\"23:59\"},\"email\":\"weyouface@gmail.com\",\"areaServed\":\"Luxor, Hurghada, El Gouna, Aswan, Sharm El Sheikh, Giza, Alexandria, Marsa Alam, Quseir, Soma Bay, Sahl Hasheesh, Red Sea, Makadi Bay, Cairo\",\"priceRange\":\"$\",\"currenciesAccepted\":\"euro\",\"paymentAccepted\":\"cash on site\"},{\"@type\":\"PostalAddress\",\"@id\":\"https:\/\/hurghadalovers.com\/da\/tours\/luksus-orange-bay-o-tur-fra-soma-bay\/#local-main-place-address\",\"streetAddress\":\"17 Banks street, Alkawther area, top nbk bank\",\"addressLocality\":\"hurghada\",\"postalCode\":\"84511\",\"addressRegion\":\"red sea\",\"addressCountry\":\"EG\"},{\"@type\":\"ImageObject\",\"inLanguage\":\"da-DK\",\"@id\":\"https:\/\/hurghadalovers.com\/da\/tours\/luksus-orange-bay-o-tur-fra-soma-bay\/#local-main-organization-logo\",\"url\":\"https:\/\/hurghadalovers.com\/wp-content\/uploads\/2019\/10\/hurghada-excursions-logo.png\",\"contentUrl\":\"https:\/\/hurghadalovers.com\/wp-content\/uploads\/2019\/10\/hurghada-excursions-logo.png\",\"width\":272,\"height\":90,\"caption\":\"Hurghada Excursions\"}]}<\/script>\n<meta property=\"product:brand\" content=\"Badtur fra Soma Bay\" \/>\n<meta property=\"product:price:amount\" content=\"55\" \/>\n<meta property=\"product:price:currency\" content=\"EUR\" \/>\n<meta property=\"og:availability\" content=\"instock\" \/>\n<meta property=\"product:availability\" content=\"instock\" \/>\n<meta property=\"product:retailer_item_id\" content=\"PrivateSoma152024\" \/>\n<meta property=\"product:condition\" content=\"new\" \/>\n<meta name=\"geo.placename\" content=\"hurghada\" \/>\n<meta name=\"geo.region\" content=\"Egypten\" \/>\n<!-- \/ Yoast SEO Premium plugin. -->","yoast_head_json":{"title":"Luksustur til Orange Bay fra Soma Bay | VIP Yachts","description":"Luksus Orange Bay Island Trip fra Soma Bay med VIP-frokost og s\u00e6rlige steder for familier, mere privatliv og luksus. smukke strande p\u00e5 \u00f8en Giftun","robots":{"index":"index","follow":"follow","max-snippet":"max-snippet:-1","max-image-preview":"max-image-preview:large","max-video-preview":"max-video-preview:-1"},"canonical":"https:\/\/hurghadalovers.com\/da\/tours\/luksus-orange-bay-o-tur-fra-soma-bay\/","og_locale":"da_DK","og_type":"article","og_title":"Luksustur til Orange Bay fra Soma Bay | VIP Yachts &amp; Services","og_description":"Luksus Orange Bay Island Trip fra Soma Bay med VIP-frokost og s\u00e6rlige steder for familier, mere privatliv og luksus. smukke strande p\u00e5 \u00f8en Giftun","og_url":"https:\/\/hurghadalovers.com\/da\/tours\/luksus-orange-bay-o-tur-fra-soma-bay\/","og_site_name":"Hurghada Excursions &amp; Day Trips | Booking Best Prices Tours","article_publisher":"https:\/\/www.facebook.com\/Hurghadaloversegypt","article_modified_time":"2026-02-07T17:14:53+00:00","og_image":[{"width":1156,"height":521,"url":"https:\/\/hurghadalovers.com\/wp-content\/uploads\/2023\/08\/Soma-bay-Luxury-Yacht-Cruise-to-Orange-bay-2026.jpeg","type":"image\/jpeg"}],"twitter_card":"summary_large_image","twitter_misc":{"Pris":"&euro;&nbsp;55","Tilg\u00e6ngelighed":"P\u00e5 lager"},"schema":{"@context":"https:\/\/schema.org","@graph":[{"@type":["WebPage","ItemPage"],"@id":"https:\/\/hurghadalovers.com\/da\/tours\/luksus-orange-bay-o-tur-fra-soma-bay\/","url":"https:\/\/hurghadalovers.com\/da\/tours\/luksus-orange-bay-o-tur-fra-soma-bay\/","name":"Luksustur til Orange Bay fra Soma Bay | VIP Yachts","isPartOf":{"@id":"https:\/\/hurghadalovers.com\/da\/#website"},"primaryImageOfPage":{"@id":"https:\/\/hurghadalovers.com\/da\/tours\/luksus-orange-bay-o-tur-fra-soma-bay\/#primaryimage"},"image":{"@id":"https:\/\/hurghadalovers.com\/da\/tours\/luksus-orange-bay-o-tur-fra-soma-bay\/#primaryimage"},"thumbnailUrl":"https:\/\/hurghadalovers.com\/wp-content\/uploads\/2023\/08\/Soma-bay-Luxury-Yacht-Cruise-to-Orange-bay-2026.jpeg","datePublished":"2023-08-27T11:46:25+00:00","dateModified":"2026-02-07T17:14:53+00:00","description":"Luksus Orange Bay Island Trip fra Soma Bay med VIP-frokost og s\u00e6rlige steder for familier, mere privatliv og luksus. smukke strande p\u00e5 \u00f8en Giftun","breadcrumb":{"@id":"https:\/\/hurghadalovers.com\/da\/tours\/luksus-orange-bay-o-tur-fra-soma-bay\/#breadcrumb"},"inLanguage":"da-DK","potentialAction":[{"@type":"ReadAction","target":["https:\/\/hurghadalovers.com\/da\/tours\/luksus-orange-bay-o-tur-fra-soma-bay\/"]}]},{"@type":"ImageObject","inLanguage":"da-DK","@id":"https:\/\/hurghadalovers.com\/da\/tours\/luksus-orange-bay-o-tur-fra-soma-bay\/#primaryimage","url":"https:\/\/hurghadalovers.com\/wp-content\/uploads\/2023\/08\/Soma-bay-Luxury-Yacht-Cruise-to-Orange-bay-2026.jpeg","contentUrl":"https:\/\/hurghadalovers.com\/wp-content\/uploads\/2023\/08\/Soma-bay-Luxury-Yacht-Cruise-to-Orange-bay-2026.jpeg","width":1156,"height":521,"caption":"Soma bay Luxury Yacht Cruise to Orange bay 2026"},{"@type":"BreadcrumbList","@id":"https:\/\/hurghadalovers.com\/da\/tours\/luksus-orange-bay-o-tur-fra-soma-bay\/#breadcrumb","itemListElement":[{"@type":"ListItem","position":1,"name":"Home","item":"https:\/\/hurghadalovers.com\/da\/"},{"@type":"ListItem","position":2,"name":"Shop","item":"https:\/\/hurghadalovers.com\/da\/shop-3\/"},{"@type":"ListItem","position":3,"name":"Luksustur til Orange Bay fra Soma Bay | VIP Yachts &amp; Services"}]},{"@type":"WebSite","@id":"https:\/\/hurghadalovers.com\/da\/#website","url":"https:\/\/hurghadalovers.com\/da\/","name":"Hurghada Excursions & Day Trips | Booking Best Prices Tours","description":"Hurghada Lovers - Best Tour Operator - Excursions &amp; Things to do for Family Day Trips with kids and Couples Romantic. Unique .Hidden gems","publisher":{"@id":"https:\/\/hurghadalovers.com\/da\/#organization"},"alternateName":"Hurghada Excursions","potentialAction":[{"@type":"SearchAction","target":{"@type":"EntryPoint","urlTemplate":"https:\/\/hurghadalovers.com\/da\/?s={search_term_string}"},"query-input":{"@type":"PropertyValueSpecification","valueRequired":true,"valueName":"search_term_string"}}],"inLanguage":"da-DK"},{"@type":["Organization","Place","TravelAgency"],"@id":"https:\/\/hurghadalovers.com\/da\/#organization","name":"Hurghada Excursions","url":"https:\/\/hurghadalovers.com\/da\/","logo":{"@id":"https:\/\/hurghadalovers.com\/da\/tours\/luksus-orange-bay-o-tur-fra-soma-bay\/#local-main-organization-logo"},"image":{"@id":"https:\/\/hurghadalovers.com\/da\/tours\/luksus-orange-bay-o-tur-fra-soma-bay\/#local-main-organization-logo"},"sameAs":["https:\/\/www.facebook.com\/Hurghadaloversegypt"],"address":{"@id":"https:\/\/hurghadalovers.com\/da\/tours\/luksus-orange-bay-o-tur-fra-soma-bay\/#local-main-place-address"},"telephone":["00201112596434"],"contactPoint":{"@type":"ContactPoint","telephone":"00201112596434","email":"weyouface@gmail.com"},"openingHoursSpecification":{"@type":"OpeningHoursSpecification","dayOfWeek":["Monday","Tuesday","Wednesday","Thursday","Friday","Saturday","Sunday"],"opens":"00:00","closes":"23:59"},"email":"weyouface@gmail.com","areaServed":"Luxor, Hurghada, El Gouna, Aswan, Sharm El Sheikh, Giza, Alexandria, Marsa Alam, Quseir, Soma Bay, Sahl Hasheesh, Red Sea, Makadi Bay, Cairo","priceRange":"$","currenciesAccepted":"euro","paymentAccepted":"cash on site"},{"@type":"PostalAddress","@id":"https:\/\/hurghadalovers.com\/da\/tours\/luksus-orange-bay-o-tur-fra-soma-bay\/#local-main-place-address","streetAddress":"17 Banks street, Alkawther area, top nbk bank","addressLocality":"hurghada","postalCode":"84511","addressRegion":"red sea","addressCountry":"EG"},{"@type":"ImageObject","inLanguage":"da-DK","@id":"https:\/\/hurghadalovers.com\/da\/tours\/luksus-orange-bay-o-tur-fra-soma-bay\/#local-main-organization-logo","url":"https:\/\/hurghadalovers.com\/wp-content\/uploads\/2019\/10\/hurghada-excursions-logo.png","contentUrl":"https:\/\/hurghadalovers.com\/wp-content\/uploads\/2019\/10\/hurghada-excursions-logo.png","width":272,"height":90,"caption":"Hurghada Excursions"}]},"product_brand":"Badtur fra Soma Bay","product_price_amount":"55","product_price_currency":"EUR","og_availability":"instock","product_availability":"instock","product_retailer_item_id":"PrivateSoma152024","product_condition":"new","geo.placename":"hurghada","geo.region":"Egypten"},"_links":{"self":[{"href":"https:\/\/hurghadalovers.com\/da\/wp-json\/wp\/v2\/product\/385257","targetHints":{"allow":["GET"]}}],"collection":[{"href":"https:\/\/hurghadalovers.com\/da\/wp-json\/wp\/v2\/product"}],"about":[{"href":"https:\/\/hurghadalovers.com\/da\/wp-json\/wp\/v2\/types\/product"}],"wp:featuredmedia":[{"embeddable":true,"href":"https:\/\/hurghadalovers.com\/da\/wp-json\/wp\/v2\/media\/934225"}],"wp:attachment":[{"href":"https:\/\/hurghadalovers.com\/da\/wp-json\/wp\/v2\/media?parent=385257"}],"wp:term":[{"taxonomy":"product_brand","embeddable":true,"href":"https:\/\/hurghadalovers.com\/da\/wp-json\/wp\/v2\/product_brand?post=385257"},{"taxonomy":"product_cat","embeddable":true,"href":"https:\/\/hurghadalovers.com\/da\/wp-json\/wp\/v2\/product_cat?post=385257"},{"taxonomy":"product_tag","embeddable":true,"href":"https:\/\/hurghadalovers.com\/da\/wp-json\/wp\/v2\/product_tag?post=385257"}],"curies":[{"name":"wp","href":"https:\/\/api.w.org\/{rel}","templated":true}]}}