{"id":384394,"date":"2023-08-27T08:39:44","date_gmt":"2023-08-27T08:45:29","guid":{"rendered":"https:\/\/hurghadalovers.com\/shop\/Ikke%20kategoriseret\/padi-open-water-diver-kursus-i-soma-bay-3-dage\/"},"modified":"2026-02-08T01:34:53","modified_gmt":"2026-02-08T01:34:53","slug":"padi-abent-vand-dykkerkursus-i-soma-bugten","status":"publish","type":"product","link":"https:\/\/hurghadalovers.com\/da\/tours\/padi-abent-vand-dykkerkursus-i-soma-bugten\/","title":{"rendered":"PADI Open Water Diver-kursus i Soma Bay &#8211; 3 dage"},"content":{"rendered":"<p><strong>PADI Open Water Diver Course i <\/strong><strong>Soma Bay<\/strong> &#8211; 3 dage | med frokost, drikkevarer, dykkerudstyr og transfer.<\/p>\n<p style=\"text-align: center;\"><span style=\"color: #00ccff;\"><strong>Luksusb\u00e5d | Professionel dykkerinstrukt\u00f8r<\/strong><\/span><\/p>\n<p><strong>H\u00f8jdepunkter:<\/strong><\/p>\n<ul>\n<li>L\u00e6r det grundl\u00e6ggende om dykning<\/li>\n<li>L\u00e6r dykkerudstyr og -teknikker<\/li>\n<li>Tr\u00e6ningssessioner i \u00e5bent vand<\/li>\n<li>Maksimal dybde p\u00e5 18 m.<\/li>\n<li>Minimumsalderen er 12 \u00e5r.<\/li>\n<\/ul>\n<p><strong> <\/strong><\/p>\n<p><strong>Detaljer:<\/strong><\/p>\n<ul>\n<li>Turens tilg\u00e6ngelighed: Hver dag.<\/li>\n<li>Tur type: Gruppe eller privat.<\/li>\n<li>Afhentningstid: Start fra kl. 07.30.<\/li>\n<li>Tidspunkt for afhentning: 16:00.<\/li>\n<li>Tilg\u00e6ngelig for k\u00f8restolsbrugere.<\/li>\n<li>Varighed: 3 dage.<\/li>\n<\/ul>\n<p><strong>Reserver nu og betal senere:<\/strong><\/p>\n<ul>\n<li>Kontanter p\u00e5 stedet til guide.<\/li>\n<li>Betaling med egyptiske pund, $, \u20ac eller \u00a3.<\/li>\n<\/ul>\n<p><strong>Afbestillingsregler:<\/strong><\/p>\n<ul>\n<li>Du kan aflyse op til 24 timer i forvejen.<\/li>\n<li>N\u00e5r nogen fra din familie aflyser om morgenen, betaler du 50% af prisen.<\/li>\n<\/ul>\n<p><strong>Hvad er inkluderet?<\/strong><\/p>\n<ul>\n<li>Transfer fra Soma Bay Hotels &#8220;Hotel pick up and drop off&#8221;.<\/li>\n<li>Alle skatter, indgangsgebyrer og ekspeditionsgebyrer.<\/li>\n<li>Mineralvand + cola.<\/li>\n<li>Professionel dykkerinstrukt\u00f8r.<\/li>\n<li>Dykkerudstyr &amp; snorkeludstyr &#8220;Masker og sv\u00f8mmef\u00f8dder&#8221;.<\/li>\n<li>VIP-frokostbuffet p\u00e5 b\u00e5den.<\/li>\n<li>Redningsveste.<\/li>\n<\/ul>\n<p><strong>Undtagelser?<\/strong><\/p>\n<ul>\n<li>Drikkepenge.<\/li>\n<li>Fotografering og fotos til turen.<\/li>\n<li>Vi tilbyder leje af badedragter og badet\u00f8j til kvinder, m\u00e6nd og b\u00f8rn i alle st\u00f8rrelser &#8220;5$ pr. stk.&#8221;.<\/li>\n<li>Eventuelt ekstraudstyr, der ikke er n\u00e6vnt.<\/li>\n<li>PADI-h\u00e5ndbog = 55$<\/li>\n<li>PADI online-certificering = 55$<\/li>\n<li>Manual + online certificering = 100$.<\/li>\n<\/ul>\n<p><strong>Priser:<\/strong><\/p>\n<ul>\n<li><strong>Voksenpris =<\/strong><strong>260$ pr. person<\/strong>.<\/li>\n<\/ul>\n<p><strong>Vi laver kurser:<\/strong><\/p>\n<ol>\n<li>PADI Scuba Diver-kursus 2 dage = 220$.<\/li>\n<li>PADI Bubblemaker-kursus for b\u00f8rn | Varighed: 1 time<br \/>\n= 80$<\/li>\n<li>PADI Advanced Open Water Diver-kursus 2 dage = 220$.<\/li>\n<li>PADI Rescue Diver-kursus 4 dage = 280 $.<\/li>\n<\/ol>\n<p><strong>Anmeldelser:<\/strong><\/p>\n<p>Tjek vores Google Map-anmeldelser som bedste <a href=\"https:\/\/g.page\/r\/CUeYvkngP3wkEBM\/review\">rejsearrang\u00f8r i Hurghada<\/a> online i <a href=\"https:\/\/hurghadalovers.com\/\">Hurghada<\/a> Egypten.<\/p>\n<p><strong>Booking:<\/strong><\/p>\n<p>Send hotel + v\u00e6relsesnummer + fotopas til WhatsApp: <strong>+201112596434<\/strong><\/p>\n<p>Hvis du er i Egypten, booker du nu online og bekr\u00e6fter ved ankomst.<\/p>\n<p>&nbsp;<\/p>\n<p>&nbsp;<\/p>\n","protected":false},"excerpt":{"rendered":"<p><strong>PADI Open Water Diver Course i <\/strong><strong>Soma Bay<\/strong> &#8211; 3 dage | med frokost, drikkevarer, dykkerudstyr og transfer.<\/p>\n<p style=\"text-align: center;\"><span style=\"color: #00ccff;\"><strong>Luksusb\u00e5d | Professionel dykkerinstrukt\u00f8r<\/strong><\/span><\/p>\n<p>&nbsp;<\/p>\n","protected":false},"featured_media":384341,"template":"","meta":{"_joinchat":[]},"product_brand":[],"product_cat":[36661],"product_tag":[49423],"class_list":{"0":"post-384394","1":"product","2":"type-product","3":"status-publish","4":"has-post-thumbnail","6":"product_cat-ture","7":"product_tag-orange-bay-island-soma-bay","8":"tour_category-snorkling-i-soma-bay","9":"tour_category-udflugter-i-soma-bay","11":"first","12":"instock","13":"sale","14":"shipping-taxable","15":"purchasable","16":"product-type-tour"},"yoast_head":"<!-- This site is optimized with the Yoast SEO Premium plugin v26.9 (Yoast SEO v27.2) - https:\/\/yoast.com\/product\/yoast-seo-premium-wordpress\/ -->\n<title>PADI Open Water Diver-kursus i Soma Bay - 3 dage<\/title>\n<meta name=\"description\" content=\"PADI Open Water Diver Course i Soma Bay - 3 dage | med frokost, drikkevarer, dykkerudstyr og transfer. Luksusb\u00e5d | Professionel dykkerinstrukt\u00f8r\" \/>\n<meta name=\"robots\" content=\"index, follow, max-snippet:-1, max-image-preview:large, max-video-preview:-1\" \/>\n<link rel=\"canonical\" href=\"https:\/\/hurghadalovers.com\/da\/tours\/padi-abent-vand-dykkerkursus-i-soma-bugten\/\" \/>\n<meta property=\"og:locale\" content=\"da_DK\" \/>\n<meta property=\"og:type\" content=\"article\" \/>\n<meta property=\"og:title\" content=\"PADI Open Water Diver-kursus i Soma Bay - 3 dage\" \/>\n<meta property=\"og:description\" content=\"PADI Open Water Diver Course i Soma Bay - 3 dage | med frokost, drikkevarer, dykkerudstyr og transfer. Luksusb\u00e5d | Professionel dykkerinstrukt\u00f8r\" \/>\n<meta property=\"og:url\" content=\"https:\/\/hurghadalovers.com\/da\/tours\/padi-abent-vand-dykkerkursus-i-soma-bugten\/\" \/>\n<meta property=\"og:site_name\" content=\"Hurghada Excursions &amp; Day Trips | Booking Best Prices Tours\" \/>\n<meta property=\"article:publisher\" content=\"https:\/\/www.facebook.com\/Hurghadaloversegypt\" \/>\n<meta property=\"article:modified_time\" content=\"2026-02-08T01:34:53+00:00\" \/>\n<meta property=\"og:image\" content=\"https:\/\/hurghadalovers.com\/wp-content\/uploads\/2023\/08\/PADI-Open-Water-Diver-Course-in-Soma-bay.jpeg\" \/>\n\t<meta property=\"og:image:width\" content=\"853\" \/>\n\t<meta property=\"og:image:height\" content=\"1280\" \/>\n\t<meta property=\"og:image:type\" content=\"image\/jpeg\" \/>\n<meta name=\"twitter:card\" content=\"summary_large_image\" \/>\n<meta name=\"twitter:label1\" content=\"Pris\" \/>\n\t<meta name=\"twitter:data1\" content=\"&euro;&nbsp;260\" \/>\n\t<meta name=\"twitter:label2\" content=\"Tilg\u00e6ngelighed\" \/>\n\t<meta name=\"twitter:data2\" content=\"P\u00e5 lager\" \/>\n<script type=\"application\/ld+json\" class=\"yoast-schema-graph\">{\"@context\":\"https:\/\/schema.org\",\"@graph\":[{\"@type\":[\"WebPage\",\"ItemPage\"],\"@id\":\"https:\/\/hurghadalovers.com\/da\/tours\/padi-abent-vand-dykkerkursus-i-soma-bugten\/\",\"url\":\"https:\/\/hurghadalovers.com\/da\/tours\/padi-abent-vand-dykkerkursus-i-soma-bugten\/\",\"name\":\"PADI Open Water Diver-kursus i Soma Bay - 3 dage\",\"isPartOf\":{\"@id\":\"https:\/\/hurghadalovers.com\/da\/#website\"},\"primaryImageOfPage\":{\"@id\":\"https:\/\/hurghadalovers.com\/da\/tours\/padi-abent-vand-dykkerkursus-i-soma-bugten\/#primaryimage\"},\"image\":{\"@id\":\"https:\/\/hurghadalovers.com\/da\/tours\/padi-abent-vand-dykkerkursus-i-soma-bugten\/#primaryimage\"},\"thumbnailUrl\":\"https:\/\/hurghadalovers.com\/wp-content\/uploads\/2023\/08\/PADI-Open-Water-Diver-Course-in-Soma-bay.jpeg\",\"datePublished\":\"2023-08-27T08:45:29+00:00\",\"dateModified\":\"2026-02-08T01:34:53+00:00\",\"description\":\"PADI Open Water Diver Course i Soma Bay - 3 dage | med frokost, drikkevarer, dykkerudstyr og transfer. Luksusb\u00e5d | Professionel dykkerinstrukt\u00f8r\",\"breadcrumb\":{\"@id\":\"https:\/\/hurghadalovers.com\/da\/tours\/padi-abent-vand-dykkerkursus-i-soma-bugten\/#breadcrumb\"},\"inLanguage\":\"da-DK\",\"potentialAction\":[{\"@type\":\"ReadAction\",\"target\":[\"https:\/\/hurghadalovers.com\/da\/tours\/padi-abent-vand-dykkerkursus-i-soma-bugten\/\"]}]},{\"@type\":\"ImageObject\",\"inLanguage\":\"da-DK\",\"@id\":\"https:\/\/hurghadalovers.com\/da\/tours\/padi-abent-vand-dykkerkursus-i-soma-bugten\/#primaryimage\",\"url\":\"https:\/\/hurghadalovers.com\/wp-content\/uploads\/2023\/08\/PADI-Open-Water-Diver-Course-in-Soma-bay.jpeg\",\"contentUrl\":\"https:\/\/hurghadalovers.com\/wp-content\/uploads\/2023\/08\/PADI-Open-Water-Diver-Course-in-Soma-bay.jpeg\",\"width\":853,\"height\":1280,\"caption\":\"PADI Open Water Diver Course in Soma bay\"},{\"@type\":\"BreadcrumbList\",\"@id\":\"https:\/\/hurghadalovers.com\/da\/tours\/padi-abent-vand-dykkerkursus-i-soma-bugten\/#breadcrumb\",\"itemListElement\":[{\"@type\":\"ListItem\",\"position\":1,\"name\":\"Home\",\"item\":\"https:\/\/hurghadalovers.com\/da\/\"},{\"@type\":\"ListItem\",\"position\":2,\"name\":\"Shop\",\"item\":\"https:\/\/hurghadalovers.com\/da\/shop-3\/\"},{\"@type\":\"ListItem\",\"position\":3,\"name\":\"PADI Open Water Diver-kursus i Soma Bay &#8211; 3 dage\"}]},{\"@type\":\"WebSite\",\"@id\":\"https:\/\/hurghadalovers.com\/da\/#website\",\"url\":\"https:\/\/hurghadalovers.com\/da\/\",\"name\":\"Hurghada Excursions & Day Trips | Booking Best Prices Tours\",\"description\":\"Hurghada Lovers - Best Tour Operator - Excursions &amp; Things to do for Family Day Trips with kids and Couples Romantic. Unique .Hidden gems\",\"publisher\":{\"@id\":\"https:\/\/hurghadalovers.com\/da\/#organization\"},\"alternateName\":\"Hurghada Excursions\",\"potentialAction\":[{\"@type\":\"SearchAction\",\"target\":{\"@type\":\"EntryPoint\",\"urlTemplate\":\"https:\/\/hurghadalovers.com\/da\/?s={search_term_string}\"},\"query-input\":{\"@type\":\"PropertyValueSpecification\",\"valueRequired\":true,\"valueName\":\"search_term_string\"}}],\"inLanguage\":\"da-DK\"},{\"@type\":[\"Organization\",\"Place\",\"TravelAgency\"],\"@id\":\"https:\/\/hurghadalovers.com\/da\/#organization\",\"name\":\"Hurghada Excursions\",\"url\":\"https:\/\/hurghadalovers.com\/da\/\",\"logo\":{\"@id\":\"https:\/\/hurghadalovers.com\/da\/tours\/padi-abent-vand-dykkerkursus-i-soma-bugten\/#local-main-organization-logo\"},\"image\":{\"@id\":\"https:\/\/hurghadalovers.com\/da\/tours\/padi-abent-vand-dykkerkursus-i-soma-bugten\/#local-main-organization-logo\"},\"sameAs\":[\"https:\/\/www.facebook.com\/Hurghadaloversegypt\"],\"address\":{\"@id\":\"https:\/\/hurghadalovers.com\/da\/tours\/padi-abent-vand-dykkerkursus-i-soma-bugten\/#local-main-place-address\"},\"telephone\":[\"00201112596434\"],\"contactPoint\":{\"@type\":\"ContactPoint\",\"telephone\":\"00201112596434\",\"email\":\"weyouface@gmail.com\"},\"openingHoursSpecification\":{\"@type\":\"OpeningHoursSpecification\",\"dayOfWeek\":[\"Monday\",\"Tuesday\",\"Wednesday\",\"Thursday\",\"Friday\",\"Saturday\",\"Sunday\"],\"opens\":\"00:00\",\"closes\":\"23:59\"},\"email\":\"weyouface@gmail.com\",\"areaServed\":\"Luxor, Hurghada, El Gouna, Aswan, Sharm El Sheikh, Giza, Alexandria, Marsa Alam, Quseir, Soma Bay, Sahl Hasheesh, Red Sea, Makadi Bay, Cairo\",\"priceRange\":\"$\",\"currenciesAccepted\":\"euro\",\"paymentAccepted\":\"cash on site\"},{\"@type\":\"PostalAddress\",\"@id\":\"https:\/\/hurghadalovers.com\/da\/tours\/padi-abent-vand-dykkerkursus-i-soma-bugten\/#local-main-place-address\",\"streetAddress\":\"17 Banks street, Alkawther area, top nbk bank\",\"addressLocality\":\"hurghada\",\"postalCode\":\"84511\",\"addressRegion\":\"red sea\",\"addressCountry\":\"EG\"},{\"@type\":\"ImageObject\",\"inLanguage\":\"da-DK\",\"@id\":\"https:\/\/hurghadalovers.com\/da\/tours\/padi-abent-vand-dykkerkursus-i-soma-bugten\/#local-main-organization-logo\",\"url\":\"https:\/\/hurghadalovers.com\/wp-content\/uploads\/2019\/10\/hurghada-excursions-logo.png\",\"contentUrl\":\"https:\/\/hurghadalovers.com\/wp-content\/uploads\/2019\/10\/hurghada-excursions-logo.png\",\"width\":272,\"height\":90,\"caption\":\"Hurghada Excursions\"}]}<\/script>\n<meta property=\"product:brand\" content=\"Badtur fra Soma Bay\" \/>\n<meta property=\"product:price:amount\" content=\"260\" \/>\n<meta property=\"product:price:currency\" content=\"EUR\" \/>\n<meta property=\"og:availability\" content=\"instock\" \/>\n<meta property=\"product:availability\" content=\"instock\" \/>\n<meta property=\"product:retailer_item_id\" content=\"div3232332\" \/>\n<meta property=\"product:condition\" content=\"new\" \/>\n<meta name=\"geo.placename\" content=\"hurghada\" \/>\n<meta name=\"geo.region\" content=\"Egypten\" \/>\n<!-- \/ Yoast SEO Premium plugin. -->","yoast_head_json":{"title":"PADI Open Water Diver-kursus i Soma Bay - 3 dage","description":"PADI Open Water Diver Course i Soma Bay - 3 dage | med frokost, drikkevarer, dykkerudstyr og transfer. Luksusb\u00e5d | Professionel dykkerinstrukt\u00f8r","robots":{"index":"index","follow":"follow","max-snippet":"max-snippet:-1","max-image-preview":"max-image-preview:large","max-video-preview":"max-video-preview:-1"},"canonical":"https:\/\/hurghadalovers.com\/da\/tours\/padi-abent-vand-dykkerkursus-i-soma-bugten\/","og_locale":"da_DK","og_type":"article","og_title":"PADI Open Water Diver-kursus i Soma Bay - 3 dage","og_description":"PADI Open Water Diver Course i Soma Bay - 3 dage | med frokost, drikkevarer, dykkerudstyr og transfer. Luksusb\u00e5d | Professionel dykkerinstrukt\u00f8r","og_url":"https:\/\/hurghadalovers.com\/da\/tours\/padi-abent-vand-dykkerkursus-i-soma-bugten\/","og_site_name":"Hurghada Excursions &amp; Day Trips | Booking Best Prices Tours","article_publisher":"https:\/\/www.facebook.com\/Hurghadaloversegypt","article_modified_time":"2026-02-08T01:34:53+00:00","og_image":[{"width":853,"height":1280,"url":"https:\/\/hurghadalovers.com\/wp-content\/uploads\/2023\/08\/PADI-Open-Water-Diver-Course-in-Soma-bay.jpeg","type":"image\/jpeg"}],"twitter_card":"summary_large_image","twitter_misc":{"Pris":"&euro;&nbsp;260","Tilg\u00e6ngelighed":"P\u00e5 lager"},"schema":{"@context":"https:\/\/schema.org","@graph":[{"@type":["WebPage","ItemPage"],"@id":"https:\/\/hurghadalovers.com\/da\/tours\/padi-abent-vand-dykkerkursus-i-soma-bugten\/","url":"https:\/\/hurghadalovers.com\/da\/tours\/padi-abent-vand-dykkerkursus-i-soma-bugten\/","name":"PADI Open Water Diver-kursus i Soma Bay - 3 dage","isPartOf":{"@id":"https:\/\/hurghadalovers.com\/da\/#website"},"primaryImageOfPage":{"@id":"https:\/\/hurghadalovers.com\/da\/tours\/padi-abent-vand-dykkerkursus-i-soma-bugten\/#primaryimage"},"image":{"@id":"https:\/\/hurghadalovers.com\/da\/tours\/padi-abent-vand-dykkerkursus-i-soma-bugten\/#primaryimage"},"thumbnailUrl":"https:\/\/hurghadalovers.com\/wp-content\/uploads\/2023\/08\/PADI-Open-Water-Diver-Course-in-Soma-bay.jpeg","datePublished":"2023-08-27T08:45:29+00:00","dateModified":"2026-02-08T01:34:53+00:00","description":"PADI Open Water Diver Course i Soma Bay - 3 dage | med frokost, drikkevarer, dykkerudstyr og transfer. Luksusb\u00e5d | Professionel dykkerinstrukt\u00f8r","breadcrumb":{"@id":"https:\/\/hurghadalovers.com\/da\/tours\/padi-abent-vand-dykkerkursus-i-soma-bugten\/#breadcrumb"},"inLanguage":"da-DK","potentialAction":[{"@type":"ReadAction","target":["https:\/\/hurghadalovers.com\/da\/tours\/padi-abent-vand-dykkerkursus-i-soma-bugten\/"]}]},{"@type":"ImageObject","inLanguage":"da-DK","@id":"https:\/\/hurghadalovers.com\/da\/tours\/padi-abent-vand-dykkerkursus-i-soma-bugten\/#primaryimage","url":"https:\/\/hurghadalovers.com\/wp-content\/uploads\/2023\/08\/PADI-Open-Water-Diver-Course-in-Soma-bay.jpeg","contentUrl":"https:\/\/hurghadalovers.com\/wp-content\/uploads\/2023\/08\/PADI-Open-Water-Diver-Course-in-Soma-bay.jpeg","width":853,"height":1280,"caption":"PADI Open Water Diver Course in Soma bay"},{"@type":"BreadcrumbList","@id":"https:\/\/hurghadalovers.com\/da\/tours\/padi-abent-vand-dykkerkursus-i-soma-bugten\/#breadcrumb","itemListElement":[{"@type":"ListItem","position":1,"name":"Home","item":"https:\/\/hurghadalovers.com\/da\/"},{"@type":"ListItem","position":2,"name":"Shop","item":"https:\/\/hurghadalovers.com\/da\/shop-3\/"},{"@type":"ListItem","position":3,"name":"PADI Open Water Diver-kursus i Soma Bay &#8211; 3 dage"}]},{"@type":"WebSite","@id":"https:\/\/hurghadalovers.com\/da\/#website","url":"https:\/\/hurghadalovers.com\/da\/","name":"Hurghada Excursions & Day Trips | Booking Best Prices Tours","description":"Hurghada Lovers - Best Tour Operator - Excursions &amp; Things to do for Family Day Trips with kids and Couples Romantic. Unique .Hidden gems","publisher":{"@id":"https:\/\/hurghadalovers.com\/da\/#organization"},"alternateName":"Hurghada Excursions","potentialAction":[{"@type":"SearchAction","target":{"@type":"EntryPoint","urlTemplate":"https:\/\/hurghadalovers.com\/da\/?s={search_term_string}"},"query-input":{"@type":"PropertyValueSpecification","valueRequired":true,"valueName":"search_term_string"}}],"inLanguage":"da-DK"},{"@type":["Organization","Place","TravelAgency"],"@id":"https:\/\/hurghadalovers.com\/da\/#organization","name":"Hurghada Excursions","url":"https:\/\/hurghadalovers.com\/da\/","logo":{"@id":"https:\/\/hurghadalovers.com\/da\/tours\/padi-abent-vand-dykkerkursus-i-soma-bugten\/#local-main-organization-logo"},"image":{"@id":"https:\/\/hurghadalovers.com\/da\/tours\/padi-abent-vand-dykkerkursus-i-soma-bugten\/#local-main-organization-logo"},"sameAs":["https:\/\/www.facebook.com\/Hurghadaloversegypt"],"address":{"@id":"https:\/\/hurghadalovers.com\/da\/tours\/padi-abent-vand-dykkerkursus-i-soma-bugten\/#local-main-place-address"},"telephone":["00201112596434"],"contactPoint":{"@type":"ContactPoint","telephone":"00201112596434","email":"weyouface@gmail.com"},"openingHoursSpecification":{"@type":"OpeningHoursSpecification","dayOfWeek":["Monday","Tuesday","Wednesday","Thursday","Friday","Saturday","Sunday"],"opens":"00:00","closes":"23:59"},"email":"weyouface@gmail.com","areaServed":"Luxor, Hurghada, El Gouna, Aswan, Sharm El Sheikh, Giza, Alexandria, Marsa Alam, Quseir, Soma Bay, Sahl Hasheesh, Red Sea, Makadi Bay, Cairo","priceRange":"$","currenciesAccepted":"euro","paymentAccepted":"cash on site"},{"@type":"PostalAddress","@id":"https:\/\/hurghadalovers.com\/da\/tours\/padi-abent-vand-dykkerkursus-i-soma-bugten\/#local-main-place-address","streetAddress":"17 Banks street, Alkawther area, top nbk bank","addressLocality":"hurghada","postalCode":"84511","addressRegion":"red sea","addressCountry":"EG"},{"@type":"ImageObject","inLanguage":"da-DK","@id":"https:\/\/hurghadalovers.com\/da\/tours\/padi-abent-vand-dykkerkursus-i-soma-bugten\/#local-main-organization-logo","url":"https:\/\/hurghadalovers.com\/wp-content\/uploads\/2019\/10\/hurghada-excursions-logo.png","contentUrl":"https:\/\/hurghadalovers.com\/wp-content\/uploads\/2019\/10\/hurghada-excursions-logo.png","width":272,"height":90,"caption":"Hurghada Excursions"}]},"product_brand":"Badtur fra Soma Bay","product_price_amount":"260","product_price_currency":"EUR","og_availability":"instock","product_availability":"instock","product_retailer_item_id":"div3232332","product_condition":"new","geo.placename":"hurghada","geo.region":"Egypten"},"_links":{"self":[{"href":"https:\/\/hurghadalovers.com\/da\/wp-json\/wp\/v2\/product\/384394","targetHints":{"allow":["GET"]}}],"collection":[{"href":"https:\/\/hurghadalovers.com\/da\/wp-json\/wp\/v2\/product"}],"about":[{"href":"https:\/\/hurghadalovers.com\/da\/wp-json\/wp\/v2\/types\/product"}],"wp:featuredmedia":[{"embeddable":true,"href":"https:\/\/hurghadalovers.com\/da\/wp-json\/wp\/v2\/media\/384341"}],"wp:attachment":[{"href":"https:\/\/hurghadalovers.com\/da\/wp-json\/wp\/v2\/media?parent=384394"}],"wp:term":[{"taxonomy":"product_brand","embeddable":true,"href":"https:\/\/hurghadalovers.com\/da\/wp-json\/wp\/v2\/product_brand?post=384394"},{"taxonomy":"product_cat","embeddable":true,"href":"https:\/\/hurghadalovers.com\/da\/wp-json\/wp\/v2\/product_cat?post=384394"},{"taxonomy":"product_tag","embeddable":true,"href":"https:\/\/hurghadalovers.com\/da\/wp-json\/wp\/v2\/product_tag?post=384394"}],"curies":[{"name":"wp","href":"https:\/\/api.w.org\/{rel}","templated":true}]}}