{"id":384146,"date":"2023-08-26T20:21:41","date_gmt":"2023-08-26T20:21:41","guid":{"rendered":"https:\/\/hurghadalovers.com\/shop\/Ikke%20kategoriseret\/soma-bay-private-luxor-to-dages-tur-med-luftballontur\/"},"modified":"2026-02-09T05:55:23","modified_gmt":"2026-02-09T05:55:23","slug":"soma-bay-privat-luksus-eller-to-dage-tur-med-varm-luft-ballontur","status":"publish","type":"product","link":"https:\/\/hurghadalovers.com\/da\/tours\/soma-bay-privat-luksus-eller-to-dage-tur-med-varm-luft-ballontur\/","title":{"rendered":"Soma Bay Private Luxor To dages tur med luftballontur"},"content":{"rendered":"<p><strong>Privat todagestur til Luxor<\/strong> med luftballontur fra Soma Bay med privat guide, billetter og frokost.<\/p>\n<p>Oplev de faraoniske monumenter i byen Luxor fra oven, n\u00e5r du flyver i <strong>luftballon<\/strong> ved solopgang, og l\u00e6r om nye hemmeligheder om faraokongernes liv og hemmeligheden om <strong>kong Tutankhamon<\/strong> og meget mere p\u00e5 en s\u00e6rlig todages tur.<\/p>\n<p><strong>H\u00f8jdepunkter:<\/strong><\/p>\n<ol>\n<li>Karnak-templet.<\/li>\n<li>Luxor-templet.<\/li>\n<li>En nat p\u00e5 hotel.<\/li>\n<li>Tur i varmluftballon.<\/li>\n<li>Memnons kolosser.<\/li>\n<li>Hatshepsuts tempel.<\/li>\n<li>3 grave i Kongernes Dal.<\/li>\n<li>Frokost p\u00e5 restaurant &#8220;Vegetarisk mad er tilg\u00e6ngelig&#8221;.<\/li>\n<\/ol>\n<p><strong>Privat Luxor-tur p\u00e5 to dage Detaljer:<\/strong><\/p>\n<ul>\n<li>Turens tilg\u00e6ngelighed: Hver dag.<\/li>\n<li>Tur type: Privat med bil eller minivan.<\/li>\n<li>Afhentningstid: Fra kl. 05.00 om morgenen.<\/li>\n<li>Asking Hotel f\u00e5r din morgenmadspose med dig om morgenen.<\/li>\n<li>Tidspunkt for afhentning: 19:00.<\/li>\n<li>Tilg\u00e6ngelig for k\u00f8restolsbrugere.<\/li>\n<li>Varighed: 2 dage \/ 1 nat.<\/li>\n<\/ul>\n<p><strong>Reserver nu og betal senere:<\/strong><\/p>\n<ul>\n<li>Kontanter p\u00e5 stedet til guide.<\/li>\n<li>Betaling med egyptiske pund, $, \u20ac eller \u00a3.<\/li>\n<\/ul>\n<p><strong>Afbestillingsregler:<\/strong><\/p>\n<ul>\n<li>Du kan aflyse op til 24 timer i forvejen.<\/li>\n<li>N\u00e5r nogen fra din familie aflyser om morgenen, betaler du 50% af prisen.<\/li>\n<\/ul>\n<p><strong>Hvad er inkluderet?<\/strong><\/p>\n<ul>\n<li>Transfer fra Soma Bay Hotels &#8220;Hotel pick up and drop off&#8221;.<\/li>\n<li>Alle skatter, indgangsgebyrer og ekspeditionsgebyrer.<\/li>\n<li>Overf\u00f8rsler.<\/li>\n<li>Tur i varmluftsballon.<\/li>\n<li>Turleder.<\/li>\n<li>En nat p\u00e5 hotel med morgenmad.<\/li>\n<li>Drikkevarer.<\/li>\n<li>2 gange frokost i restaurant.<\/li>\n<\/ul>\n<p><strong>Undtagelser?<\/strong><\/p>\n<ul>\n<li>Drikkepenge.<\/li>\n<li>Felucca-tur &#8220;Boat cruise&#8221; i 35 min= 10$.<\/li>\n<li>Eventuelt ekstraudstyr, der ikke er n\u00e6vnt.<\/li>\n<\/ul>\n<p><strong> <\/strong><\/p>\n<p><strong>Du kan tilf\u00f8je den f\u00f8rste dag eller slappe af p\u00e5 hotellet:<\/strong><\/p>\n<ul>\n<li>Privat 30 minutters Felucca p\u00e5 Nilen.<\/li>\n<li>Mumificeringsmuseet.<\/li>\n<\/ul>\n<p><strong>kan du tilf\u00f8je Second Day:<\/strong><\/p>\n<ul>\n<li>Dronning Nefertiti i Dronningernes Dal.<\/li>\n<li>Shopping.<\/li>\n<\/ul>\n<p><strong> <\/strong><\/p>\n<p><strong>Priser:<\/strong><\/p>\n<ul>\n<li><strong>Voksenpris = fra<\/strong><strong>290$ pr. person<\/strong>.<\/li>\n<li>Pris for b\u00f8rn &#8220;5-12\u2033= 50%.<\/li>\n<li>for b\u00f8rn &#8220;0-5\u2033= Gratis.<\/li>\n<\/ul>\n<p><strong>Flere detaljer om turen p\u00e5 <a href=\"https:\/\/hurghadalovers.com\/tours\/private-two-day-trip-to-luxor-from-hurghada\/\">Private Overnight Luxor Tour<\/a>.<\/strong><\/p>\n<p><strong> <\/strong><\/p>\n<p><strong>Anmeldelser Privat Luxor-tur i to dage:<\/strong><\/p>\n<p>Tjek vores Google Map-anmeldelser som bedste <a href=\"https:\/\/g.page\/r\/CUeYvkngP3wkEBM\/review\">rejsearrang\u00f8r i Hurghada<\/a> online i <a href=\"https:\/\/hurghadalovers.com\/\">Hurghada<\/a> Egypten.<\/p>\n<p>&nbsp;<\/p>\n<p><strong>Booking:<\/strong><\/p>\n<p>Send hotel + v\u00e6relsesnummer + fotopas til WhatsApp: <strong>+201112596434<\/strong><\/p>\n<p>Hvis du er i Egypten, booker du nu online og bekr\u00e6fter ved ankomst.<\/p>\n<p>&nbsp;<\/p>\n<p>&nbsp;<\/p>\n","protected":false},"excerpt":{"rendered":"<p>Privat todagestur til Luxor med luftballontur fra Soma Bay med privat guide, billetter og frokost. Kong Tutankhamons hemmelighed og mere&#8230;<\/p>\n","protected":false},"featured_media":384065,"template":"","meta":{"_joinchat":[]},"product_brand":[],"product_cat":[36661],"product_tag":[56020,56066,56076,56482,56522,56467,56472,56082,56069,56089,56091,51899,56161,56494,56085,56072,56079,56477,56517,56096],"class_list":{"0":"post-384146","1":"product","2":"type-product","3":"status-publish","4":"has-post-thumbnail","6":"product_cat-ture","7":"product_tag-aktiviteter-for-born-i-soma-bay","8":"product_tag-dagstur-fra-soma-bay-til-luxor","9":"product_tag-dagstur-til-luxor-fra-soma-bay","10":"product_tag-dagsture-fra-soma-bay","11":"product_tag-dagsture-fra-soma-bay-da","12":"product_tag-familieaktiviteter-fra-soma-bay","13":"product_tag-familieudflugter-fra-soma-bay","14":"product_tag-luxor-tur-fra-soma-bay-da","15":"product_tag-luxor-tur-fra-soma-bay","16":"product_tag-overforsel-fra-luxor-til-soma-bay","17":"product_tag-privat-luxor-tur-fra-soma-bay","18":"product_tag-private-ture-i-luxor","19":"product_tag-romantiske-ting-at-lave-i-soma-bay","20":"product_tag-romantiske-ture-i-soma-bay","21":"product_tag-soma-bay-til-kongernes-dal","22":"product_tag-soma-bay-til-luxor-bus","23":"product_tag-soma-bay-ture-til-luxor","24":"product_tag-steder-at-besoge-i-soma-bay","25":"product_tag-ting-at-se-i-soma-bay","26":"product_tag-varmluftsballon-soma-bay","27":"tour_category-udflugter-i-soma-bay","28":"tour_category-ture-fra-soma-bay-til-luxor","30":"first","31":"instock","32":"sale","33":"shipping-taxable","34":"purchasable","35":"product-type-tour"},"yoast_head":"<!-- This site is optimized with the Yoast SEO Premium plugin v26.9 (Yoast SEO v27.2) - https:\/\/yoast.com\/product\/yoast-seo-premium-wordpress\/ -->\n<title>Soma Bay Private Luxor To dages tur med luftballontur<\/title>\n<meta name=\"description\" content=\"Privat todagestur til Luxor med luftballontur fra Soma Bay med privat guide, billetter og frokost. Kong Tutankhamons hemmelighed og meget mere\" \/>\n<meta name=\"robots\" content=\"index, follow, max-snippet:-1, max-image-preview:large, max-video-preview:-1\" \/>\n<link rel=\"canonical\" href=\"https:\/\/hurghadalovers.com\/da\/tours\/soma-bay-privat-luksus-eller-to-dage-tur-med-varm-luft-ballontur\/\" \/>\n<meta property=\"og:locale\" content=\"da_DK\" \/>\n<meta property=\"og:type\" content=\"article\" \/>\n<meta property=\"og:title\" content=\"Soma Bay Private Luxor To dages tur med luftballontur\" \/>\n<meta property=\"og:description\" content=\"Privat todagestur til Luxor med luftballontur fra Soma Bay med privat guide, billetter og frokost. Kong Tutankhamons hemmelighed og meget mere\" \/>\n<meta property=\"og:url\" content=\"https:\/\/hurghadalovers.com\/da\/tours\/soma-bay-privat-luksus-eller-to-dage-tur-med-varm-luft-ballontur\/\" \/>\n<meta property=\"og:site_name\" content=\"Hurghada Excursions &amp; Day Trips | Booking Best Prices Tours\" \/>\n<meta property=\"article:publisher\" content=\"https:\/\/www.facebook.com\/Hurghadaloversegypt\" \/>\n<meta property=\"article:modified_time\" content=\"2026-02-09T05:55:23+00:00\" \/>\n<meta property=\"og:image\" content=\"https:\/\/hurghadalovers.com\/wp-content\/uploads\/2023\/08\/Soma-bay-Private-Luxor-Two-Days-Trip-with-Hot-Air-Balloon-Ride.jpeg\" \/>\n\t<meta property=\"og:image:width\" content=\"1536\" \/>\n\t<meta property=\"og:image:height\" content=\"830\" \/>\n\t<meta property=\"og:image:type\" content=\"image\/jpeg\" \/>\n<meta name=\"twitter:card\" content=\"summary_large_image\" \/>\n<meta name=\"twitter:label1\" content=\"Pris\" \/>\n\t<meta name=\"twitter:data1\" content=\"&euro;&nbsp;390\" \/>\n\t<meta name=\"twitter:label2\" content=\"Tilg\u00e6ngelighed\" \/>\n\t<meta name=\"twitter:data2\" content=\"P\u00e5 lager\" \/>\n<script type=\"application\/ld+json\" class=\"yoast-schema-graph\">{\"@context\":\"https:\/\/schema.org\",\"@graph\":[{\"@type\":[\"WebPage\",\"ItemPage\"],\"@id\":\"https:\/\/hurghadalovers.com\/da\/tours\/soma-bay-privat-luksus-eller-to-dage-tur-med-varm-luft-ballontur\/\",\"url\":\"https:\/\/hurghadalovers.com\/da\/tours\/soma-bay-privat-luksus-eller-to-dage-tur-med-varm-luft-ballontur\/\",\"name\":\"Soma Bay Private Luxor To dages tur med luftballontur\",\"isPartOf\":{\"@id\":\"https:\/\/hurghadalovers.com\/da\/#website\"},\"primaryImageOfPage\":{\"@id\":\"https:\/\/hurghadalovers.com\/da\/tours\/soma-bay-privat-luksus-eller-to-dage-tur-med-varm-luft-ballontur\/#primaryimage\"},\"image\":{\"@id\":\"https:\/\/hurghadalovers.com\/da\/tours\/soma-bay-privat-luksus-eller-to-dage-tur-med-varm-luft-ballontur\/#primaryimage\"},\"thumbnailUrl\":\"https:\/\/hurghadalovers.com\/wp-content\/uploads\/2023\/08\/Soma-bay-Private-Luxor-Two-Days-Trip-with-Hot-Air-Balloon-Ride.jpeg\",\"datePublished\":\"2023-08-26T20:21:41+00:00\",\"dateModified\":\"2026-02-09T05:55:23+00:00\",\"description\":\"Privat todagestur til Luxor med luftballontur fra Soma Bay med privat guide, billetter og frokost. Kong Tutankhamons hemmelighed og meget mere\",\"breadcrumb\":{\"@id\":\"https:\/\/hurghadalovers.com\/da\/tours\/soma-bay-privat-luksus-eller-to-dage-tur-med-varm-luft-ballontur\/#breadcrumb\"},\"inLanguage\":\"da-DK\",\"potentialAction\":[{\"@type\":\"ReadAction\",\"target\":[\"https:\/\/hurghadalovers.com\/da\/tours\/soma-bay-privat-luksus-eller-to-dage-tur-med-varm-luft-ballontur\/\"]}]},{\"@type\":\"ImageObject\",\"inLanguage\":\"da-DK\",\"@id\":\"https:\/\/hurghadalovers.com\/da\/tours\/soma-bay-privat-luksus-eller-to-dage-tur-med-varm-luft-ballontur\/#primaryimage\",\"url\":\"https:\/\/hurghadalovers.com\/wp-content\/uploads\/2023\/08\/Soma-bay-Private-Luxor-Two-Days-Trip-with-Hot-Air-Balloon-Ride.jpeg\",\"contentUrl\":\"https:\/\/hurghadalovers.com\/wp-content\/uploads\/2023\/08\/Soma-bay-Private-Luxor-Two-Days-Trip-with-Hot-Air-Balloon-Ride.jpeg\",\"width\":1536,\"height\":830,\"caption\":\"Soma Bay Private Luxor To dages tur med luftballontur\"},{\"@type\":\"BreadcrumbList\",\"@id\":\"https:\/\/hurghadalovers.com\/da\/tours\/soma-bay-privat-luksus-eller-to-dage-tur-med-varm-luft-ballontur\/#breadcrumb\",\"itemListElement\":[{\"@type\":\"ListItem\",\"position\":1,\"name\":\"Home\",\"item\":\"https:\/\/hurghadalovers.com\/da\/\"},{\"@type\":\"ListItem\",\"position\":2,\"name\":\"Shop\",\"item\":\"https:\/\/hurghadalovers.com\/da\/shop-3\/\"},{\"@type\":\"ListItem\",\"position\":3,\"name\":\"Soma Bay Private Luxor To dages tur med luftballontur\"}]},{\"@type\":\"WebSite\",\"@id\":\"https:\/\/hurghadalovers.com\/da\/#website\",\"url\":\"https:\/\/hurghadalovers.com\/da\/\",\"name\":\"Hurghada Excursions & Day Trips | Booking Best Prices Tours\",\"description\":\"Hurghada Lovers - Best Tour Operator - Excursions &amp; Things to do for Family Day Trips with kids and Couples Romantic. Unique .Hidden gems\",\"publisher\":{\"@id\":\"https:\/\/hurghadalovers.com\/da\/#organization\"},\"alternateName\":\"Hurghada Excursions\",\"potentialAction\":[{\"@type\":\"SearchAction\",\"target\":{\"@type\":\"EntryPoint\",\"urlTemplate\":\"https:\/\/hurghadalovers.com\/da\/?s={search_term_string}\"},\"query-input\":{\"@type\":\"PropertyValueSpecification\",\"valueRequired\":true,\"valueName\":\"search_term_string\"}}],\"inLanguage\":\"da-DK\"},{\"@type\":[\"Organization\",\"Place\",\"TravelAgency\"],\"@id\":\"https:\/\/hurghadalovers.com\/da\/#organization\",\"name\":\"Hurghada Excursions\",\"url\":\"https:\/\/hurghadalovers.com\/da\/\",\"logo\":{\"@id\":\"https:\/\/hurghadalovers.com\/da\/tours\/soma-bay-privat-luksus-eller-to-dage-tur-med-varm-luft-ballontur\/#local-main-organization-logo\"},\"image\":{\"@id\":\"https:\/\/hurghadalovers.com\/da\/tours\/soma-bay-privat-luksus-eller-to-dage-tur-med-varm-luft-ballontur\/#local-main-organization-logo\"},\"sameAs\":[\"https:\/\/www.facebook.com\/Hurghadaloversegypt\"],\"address\":{\"@id\":\"https:\/\/hurghadalovers.com\/da\/tours\/soma-bay-privat-luksus-eller-to-dage-tur-med-varm-luft-ballontur\/#local-main-place-address\"},\"telephone\":[\"00201112596434\"],\"contactPoint\":{\"@type\":\"ContactPoint\",\"telephone\":\"00201112596434\",\"email\":\"weyouface@gmail.com\"},\"openingHoursSpecification\":{\"@type\":\"OpeningHoursSpecification\",\"dayOfWeek\":[\"Monday\",\"Tuesday\",\"Wednesday\",\"Thursday\",\"Friday\",\"Saturday\",\"Sunday\"],\"opens\":\"00:00\",\"closes\":\"23:59\"},\"email\":\"weyouface@gmail.com\",\"areaServed\":\"Luxor, Hurghada, El Gouna, Aswan, Sharm El Sheikh, Giza, Alexandria, Marsa Alam, Quseir, Soma Bay, Sahl Hasheesh, Red Sea, Makadi Bay, Cairo\",\"priceRange\":\"$\",\"currenciesAccepted\":\"euro\",\"paymentAccepted\":\"cash on site\"},{\"@type\":\"PostalAddress\",\"@id\":\"https:\/\/hurghadalovers.com\/da\/tours\/soma-bay-privat-luksus-eller-to-dage-tur-med-varm-luft-ballontur\/#local-main-place-address\",\"streetAddress\":\"17 Banks street, Alkawther area, top nbk bank\",\"addressLocality\":\"hurghada\",\"postalCode\":\"84511\",\"addressRegion\":\"red sea\",\"addressCountry\":\"EG\"},{\"@type\":\"ImageObject\",\"inLanguage\":\"da-DK\",\"@id\":\"https:\/\/hurghadalovers.com\/da\/tours\/soma-bay-privat-luksus-eller-to-dage-tur-med-varm-luft-ballontur\/#local-main-organization-logo\",\"url\":\"https:\/\/hurghadalovers.com\/wp-content\/uploads\/2019\/10\/hurghada-excursions-logo.png\",\"contentUrl\":\"https:\/\/hurghadalovers.com\/wp-content\/uploads\/2019\/10\/hurghada-excursions-logo.png\",\"width\":272,\"height\":90,\"caption\":\"Hurghada Excursions\"}]}<\/script>\n<meta property=\"product:brand\" content=\"Dagsture fra Soma Bay\" \/>\n<meta property=\"product:price:amount\" content=\"390\" \/>\n<meta property=\"product:price:currency\" content=\"EUR\" \/>\n<meta property=\"og:availability\" content=\"instock\" \/>\n<meta property=\"product:availability\" content=\"instock\" \/>\n<meta property=\"product:retailer_item_id\" content=\"PrivateSomabay322024\" \/>\n<meta property=\"product:condition\" content=\"new\" \/>\n<meta name=\"geo.placename\" content=\"hurghada\" \/>\n<meta name=\"geo.region\" content=\"Egypten\" \/>\n<!-- \/ Yoast SEO Premium plugin. -->","yoast_head_json":{"title":"Soma Bay Private Luxor To dages tur med luftballontur","description":"Privat todagestur til Luxor med luftballontur fra Soma Bay med privat guide, billetter og frokost. Kong Tutankhamons hemmelighed og meget mere","robots":{"index":"index","follow":"follow","max-snippet":"max-snippet:-1","max-image-preview":"max-image-preview:large","max-video-preview":"max-video-preview:-1"},"canonical":"https:\/\/hurghadalovers.com\/da\/tours\/soma-bay-privat-luksus-eller-to-dage-tur-med-varm-luft-ballontur\/","og_locale":"da_DK","og_type":"article","og_title":"Soma Bay Private Luxor To dages tur med luftballontur","og_description":"Privat todagestur til Luxor med luftballontur fra Soma Bay med privat guide, billetter og frokost. Kong Tutankhamons hemmelighed og meget mere","og_url":"https:\/\/hurghadalovers.com\/da\/tours\/soma-bay-privat-luksus-eller-to-dage-tur-med-varm-luft-ballontur\/","og_site_name":"Hurghada Excursions &amp; Day Trips | Booking Best Prices Tours","article_publisher":"https:\/\/www.facebook.com\/Hurghadaloversegypt","article_modified_time":"2026-02-09T05:55:23+00:00","og_image":[{"width":1536,"height":830,"url":"https:\/\/hurghadalovers.com\/wp-content\/uploads\/2023\/08\/Soma-bay-Private-Luxor-Two-Days-Trip-with-Hot-Air-Balloon-Ride.jpeg","type":"image\/jpeg"}],"twitter_card":"summary_large_image","twitter_misc":{"Pris":"&euro;&nbsp;390","Tilg\u00e6ngelighed":"P\u00e5 lager"},"schema":{"@context":"https:\/\/schema.org","@graph":[{"@type":["WebPage","ItemPage"],"@id":"https:\/\/hurghadalovers.com\/da\/tours\/soma-bay-privat-luksus-eller-to-dage-tur-med-varm-luft-ballontur\/","url":"https:\/\/hurghadalovers.com\/da\/tours\/soma-bay-privat-luksus-eller-to-dage-tur-med-varm-luft-ballontur\/","name":"Soma Bay Private Luxor To dages tur med luftballontur","isPartOf":{"@id":"https:\/\/hurghadalovers.com\/da\/#website"},"primaryImageOfPage":{"@id":"https:\/\/hurghadalovers.com\/da\/tours\/soma-bay-privat-luksus-eller-to-dage-tur-med-varm-luft-ballontur\/#primaryimage"},"image":{"@id":"https:\/\/hurghadalovers.com\/da\/tours\/soma-bay-privat-luksus-eller-to-dage-tur-med-varm-luft-ballontur\/#primaryimage"},"thumbnailUrl":"https:\/\/hurghadalovers.com\/wp-content\/uploads\/2023\/08\/Soma-bay-Private-Luxor-Two-Days-Trip-with-Hot-Air-Balloon-Ride.jpeg","datePublished":"2023-08-26T20:21:41+00:00","dateModified":"2026-02-09T05:55:23+00:00","description":"Privat todagestur til Luxor med luftballontur fra Soma Bay med privat guide, billetter og frokost. Kong Tutankhamons hemmelighed og meget mere","breadcrumb":{"@id":"https:\/\/hurghadalovers.com\/da\/tours\/soma-bay-privat-luksus-eller-to-dage-tur-med-varm-luft-ballontur\/#breadcrumb"},"inLanguage":"da-DK","potentialAction":[{"@type":"ReadAction","target":["https:\/\/hurghadalovers.com\/da\/tours\/soma-bay-privat-luksus-eller-to-dage-tur-med-varm-luft-ballontur\/"]}]},{"@type":"ImageObject","inLanguage":"da-DK","@id":"https:\/\/hurghadalovers.com\/da\/tours\/soma-bay-privat-luksus-eller-to-dage-tur-med-varm-luft-ballontur\/#primaryimage","url":"https:\/\/hurghadalovers.com\/wp-content\/uploads\/2023\/08\/Soma-bay-Private-Luxor-Two-Days-Trip-with-Hot-Air-Balloon-Ride.jpeg","contentUrl":"https:\/\/hurghadalovers.com\/wp-content\/uploads\/2023\/08\/Soma-bay-Private-Luxor-Two-Days-Trip-with-Hot-Air-Balloon-Ride.jpeg","width":1536,"height":830,"caption":"Soma Bay Private Luxor To dages tur med luftballontur"},{"@type":"BreadcrumbList","@id":"https:\/\/hurghadalovers.com\/da\/tours\/soma-bay-privat-luksus-eller-to-dage-tur-med-varm-luft-ballontur\/#breadcrumb","itemListElement":[{"@type":"ListItem","position":1,"name":"Home","item":"https:\/\/hurghadalovers.com\/da\/"},{"@type":"ListItem","position":2,"name":"Shop","item":"https:\/\/hurghadalovers.com\/da\/shop-3\/"},{"@type":"ListItem","position":3,"name":"Soma Bay Private Luxor To dages tur med luftballontur"}]},{"@type":"WebSite","@id":"https:\/\/hurghadalovers.com\/da\/#website","url":"https:\/\/hurghadalovers.com\/da\/","name":"Hurghada Excursions & Day Trips | Booking Best Prices Tours","description":"Hurghada Lovers - Best Tour Operator - Excursions &amp; Things to do for Family Day Trips with kids and Couples Romantic. Unique .Hidden gems","publisher":{"@id":"https:\/\/hurghadalovers.com\/da\/#organization"},"alternateName":"Hurghada Excursions","potentialAction":[{"@type":"SearchAction","target":{"@type":"EntryPoint","urlTemplate":"https:\/\/hurghadalovers.com\/da\/?s={search_term_string}"},"query-input":{"@type":"PropertyValueSpecification","valueRequired":true,"valueName":"search_term_string"}}],"inLanguage":"da-DK"},{"@type":["Organization","Place","TravelAgency"],"@id":"https:\/\/hurghadalovers.com\/da\/#organization","name":"Hurghada Excursions","url":"https:\/\/hurghadalovers.com\/da\/","logo":{"@id":"https:\/\/hurghadalovers.com\/da\/tours\/soma-bay-privat-luksus-eller-to-dage-tur-med-varm-luft-ballontur\/#local-main-organization-logo"},"image":{"@id":"https:\/\/hurghadalovers.com\/da\/tours\/soma-bay-privat-luksus-eller-to-dage-tur-med-varm-luft-ballontur\/#local-main-organization-logo"},"sameAs":["https:\/\/www.facebook.com\/Hurghadaloversegypt"],"address":{"@id":"https:\/\/hurghadalovers.com\/da\/tours\/soma-bay-privat-luksus-eller-to-dage-tur-med-varm-luft-ballontur\/#local-main-place-address"},"telephone":["00201112596434"],"contactPoint":{"@type":"ContactPoint","telephone":"00201112596434","email":"weyouface@gmail.com"},"openingHoursSpecification":{"@type":"OpeningHoursSpecification","dayOfWeek":["Monday","Tuesday","Wednesday","Thursday","Friday","Saturday","Sunday"],"opens":"00:00","closes":"23:59"},"email":"weyouface@gmail.com","areaServed":"Luxor, Hurghada, El Gouna, Aswan, Sharm El Sheikh, Giza, Alexandria, Marsa Alam, Quseir, Soma Bay, Sahl Hasheesh, Red Sea, Makadi Bay, Cairo","priceRange":"$","currenciesAccepted":"euro","paymentAccepted":"cash on site"},{"@type":"PostalAddress","@id":"https:\/\/hurghadalovers.com\/da\/tours\/soma-bay-privat-luksus-eller-to-dage-tur-med-varm-luft-ballontur\/#local-main-place-address","streetAddress":"17 Banks street, Alkawther area, top nbk bank","addressLocality":"hurghada","postalCode":"84511","addressRegion":"red sea","addressCountry":"EG"},{"@type":"ImageObject","inLanguage":"da-DK","@id":"https:\/\/hurghadalovers.com\/da\/tours\/soma-bay-privat-luksus-eller-to-dage-tur-med-varm-luft-ballontur\/#local-main-organization-logo","url":"https:\/\/hurghadalovers.com\/wp-content\/uploads\/2019\/10\/hurghada-excursions-logo.png","contentUrl":"https:\/\/hurghadalovers.com\/wp-content\/uploads\/2019\/10\/hurghada-excursions-logo.png","width":272,"height":90,"caption":"Hurghada Excursions"}]},"product_brand":"Dagsture fra Soma Bay","product_price_amount":"390","product_price_currency":"EUR","og_availability":"instock","product_availability":"instock","product_retailer_item_id":"PrivateSomabay322024","product_condition":"new","geo.placename":"hurghada","geo.region":"Egypten"},"_links":{"self":[{"href":"https:\/\/hurghadalovers.com\/da\/wp-json\/wp\/v2\/product\/384146","targetHints":{"allow":["GET"]}}],"collection":[{"href":"https:\/\/hurghadalovers.com\/da\/wp-json\/wp\/v2\/product"}],"about":[{"href":"https:\/\/hurghadalovers.com\/da\/wp-json\/wp\/v2\/types\/product"}],"wp:featuredmedia":[{"embeddable":true,"href":"https:\/\/hurghadalovers.com\/da\/wp-json\/wp\/v2\/media\/384065"}],"wp:attachment":[{"href":"https:\/\/hurghadalovers.com\/da\/wp-json\/wp\/v2\/media?parent=384146"}],"wp:term":[{"taxonomy":"product_brand","embeddable":true,"href":"https:\/\/hurghadalovers.com\/da\/wp-json\/wp\/v2\/product_brand?post=384146"},{"taxonomy":"product_cat","embeddable":true,"href":"https:\/\/hurghadalovers.com\/da\/wp-json\/wp\/v2\/product_cat?post=384146"},{"taxonomy":"product_tag","embeddable":true,"href":"https:\/\/hurghadalovers.com\/da\/wp-json\/wp\/v2\/product_tag?post=384146"}],"curies":[{"name":"wp","href":"https:\/\/api.w.org\/{rel}","templated":true}]}}