{"id":381250,"date":"2023-08-19T11:35:23","date_gmt":"2023-08-19T11:35:23","guid":{"rendered":"https:\/\/hurghadalovers.com\/shop\/Ikke kategoriseret\/privat-taxa-til-hurghada\/"},"modified":"2026-02-09T18:02:32","modified_gmt":"2026-02-09T18:02:32","slug":"private-hurghada-taxi-transfers","status":"publish","type":"product","link":"https:\/\/hurghadalovers.com\/da\/tours\/private-hurghada-taxi-transfers\/","title":{"rendered":"Privat taxa til Hurghada"},"content":{"rendered":"<p><strong>Private Hurghada Taxi Transfers<\/strong> to Luxor, Cairo | Booking Cheap Prices Tourist Service Transfer by Luxury Minivan and Vip Car to Marsa alam, Soma bay, EL Gouna, Makadi bay, Hurghada (HRG) Airport | Cash on site.<\/p>\n<p><strong>Detaljer:<\/strong><\/p>\n<ul>\n<li>Tur type: Luksus privat i bil eller minivan.<\/li>\n<li>Booking Taxa Bil, Minivan, Tilg\u00e6ngelighed: Hver dag.<\/li>\n<li>Tilg\u00e6ngelig for k\u00f8restolsbrugere.<\/li>\n<li>Afhentningstid fra Hurghada til Luxor: 04:30.<\/li>\n<li>Afhentningstid fra Hurghada til Kairo: 01:30.<\/li>\n<li>Afhentningstid fra Hurghada Hotels til Hurghada (HRG) Airport, Hurghada Marina: som du vil.<\/li>\n<li>\n<\/li>\n<\/ul>\n<p><strong>Reserver nu og betal senere:<\/strong><\/p>\n<ul>\n<li>Kontanter p\u00e5 stedet til guide.<\/li>\n<li>Betaling med egyptiske pund, $, \u20ac eller \u00a3.<\/li>\n<\/ul>\n<p><strong>Afbestillingsregler:<\/strong><\/p>\n<ul>\n<li>Du kan aflyse op til 24 timer i forvejen.<\/li>\n<li>N\u00e5r nogen fra din familie aflyser om morgenen, betaler du 50% af prisen.<\/li>\n<\/ul>\n<p><strong>Hvad er inkluderet?<\/strong><\/p>\n<ul>\n<li>Transfer fra Hurghada Hotels &#8220;Hotel pick up and drop off&#8221;.<\/li>\n<li>Alle skatter, indgangsgebyrer og ekspeditionsgebyrer.<\/li>\n<li>Overf\u00f8rsler.<\/li>\n<li>Drikkevarer.<\/li>\n<\/ul>\n<p><strong>Undtagelser?<\/strong><\/p>\n<ul>\n<li>Drikkepenge.<\/li>\n<\/ul>\n<p><strong>Privat transport fra Hurghada til Luxor:<\/strong><\/p>\n<p>Pris taxa\/bil &#8220;3 s\u00e6der&#8221; = 130$ Pris pr. privat bil.<\/p>\n<p>Pris Minivan &#8220;8 s\u00e6der&#8221; = 175$ Pris pr. privat minivan\/ minibus.<\/p>\n<p>Afstand mellem Hurghada og Luxor = 350 km<\/p>\n<p>Tid mellem Hurghada og Luxor = 4,30 timer.<\/p>\n<p>Der er 2 stop &#8220;20 minutters pause, 20 turistcheckpoints i Safaga&#8221;.<\/p>\n<p><strong> <\/strong><\/p>\n<p><strong>Privat transport fra Hurghada til Cairo, Giza-pyramiderne:<\/strong><\/p>\n<p>Pris taxa\/bil &#8220;3 s\u00e6der&#8221; = 140$ Pris pr. privat bil.<\/p>\n<p>Pris Minivan &#8220;8 s\u00e6der&#8221; = 200$ Pris pr. privat minivan\/minibus.<\/p>\n<p>Afstand mellem Hurghada og Cairo = 450 km<\/p>\n<p>Tid mellem Hurghada og Cairo = 6.30 timer<\/p>\n<p>Der er 3 stop &#8220;20 min pause i Saffron Ras Ghareb, 15-30 min turistkontrolpunkt&#8221;.<\/p>\n<p><strong>Privat transport Hurghada til eller fra Hurghada (HRG) lufthavn:<\/strong><\/p>\n<p>Pris taxa\/bil &#8221; 3 &#8211; 6 s\u00e6der&#8221; = 20$ Pris pr. privatbil.<\/p>\n<p>Pris Minivan &#8220;12 s\u00e6der&#8221; = 30$ Pris pr. privat minivan\/minibus.<\/p>\n<p><strong> <\/strong><\/p>\n<p><strong>Privat transport fra Hurghada til Hurghada Marina:<\/strong><\/p>\n<p>Pris Taxa\/bil &#8221; 3 &#8211; 6 s\u00e6der&#8221; 4 timer = 30$ Pris pr. privatbil.<\/p>\n<p>Pris Minivan &#8220;12 s\u00e6der&#8221; 4 timer = 50$ Pris pr. privat minivan\/minibus.<\/p>\n<p><strong> <\/strong><\/p>\n<p><strong>Privat transport fra Hurghada til El Gouna Hotels:<\/strong><\/p>\n<p>Pris taxa\/bil &#8221; 3 &#8211; 6 s\u00e6der&#8221; = 40$ Pris pr. privatbil.<\/p>\n<p>Pris Minivan &#8220;12 s\u00e6der&#8221; = 55$ Pris pr. privat minivan\/minibus.<\/p>\n<p>Afstand mellem Hurghada og El Gouna = 40 km<\/p>\n<p>Tid mellem Hurghada og El Gouna = 30 min.<\/p>\n<p><strong>Privat taxa til Hurghada fra Marsa Alam<\/strong><\/p>\n<p>Vi tilbyder biler og busser til at transportere dig eller din gruppe fra Marsa Alam til ethvert palads i R\u00f8dehavet i Egypten.<\/p>\n<p><strong>Privat transport til Cairo Lufthavn<\/strong><\/p>\n<p>Hvis du skal til Cairo Lufthavn og har brug for transport til turistbyer i Egypten, kan du stole p\u00e5, at vi giver dig luksus privatbiler, busser og limousineservice.<\/p>\n<p><strong>Taxa fra Hurghada til Sahl Hasheesh<\/strong><\/p>\n<p>Hvis du har brug for den bedste pris p\u00e5 privat transport af ethvert format til at overf\u00f8re dig fra Hurghada lufthavn til Sahl Hashe hoteller, eller du har brug for en overf\u00f8rsel fra hotellet til ethvert sted, kan du stole p\u00e5 os.<\/p>\n<p>1-3 personer (standardbil) = pris fra $ 10<\/p>\n<p>4-8 personer (minibus) = pris fra $ 23<\/p>\n<p><strong>Taxa fra Hurghada til Marsa Alam<\/strong><\/p>\n<p>Hvis du er ankommet til Hurghada lufthavn eller har brug for de bedste biler eller en bus til eller fra Mars Alam for at bes\u00f8ge Cairo eller Luxor, s\u00e5 ring til os lige nu.<\/p>\n<p>1-3 personer (individuel bil) = 84 $.<\/p>\n<p>4-8 personer (minibus) = 107 $.<\/p>\n<p><strong>Taxier fra Hurghada Lufthavn til Makadi Bay<\/strong><\/p>\n<p>Vi tilbyder de bedste transferpriser for dig alene eller for en gruppe af Makadi Bay-hoteller og bes\u00f8g pyramiderne i Cairo Giza, eller tag en tur til byen Luxor.<\/p>\n<p>1-3 personer (standardbil) = fra $ 10<\/p>\n<p>4-8 personer (minibus) = $ 23<\/p>\n<p><strong>Taxa fra Hurghada Lufthavn til Soma Bay<\/strong><\/p>\n<p>Hvis du har brug for luksuri\u00f8se privatbiler, busser eller en limousine til at transportere dig til Soma Bay-hoteller, eller n\u00e5r du har brug for at lave ture for at bes\u00f8ge turiststederne i Egypten, skal du booke hos os nu.<\/p>\n<p>1-3 personer (standardbil) = $ 35<\/p>\n<p>4-8 personer (minibus) = $ 40<\/p>\n<p>&nbsp;<\/p>\n<p>&nbsp;<\/p>\n<p><strong>Anmeldelser:<\/strong><\/p>\n<p>Tjek vores Google Map-anmeldelser som bedste <a href=\"https:\/\/g.page\/r\/CUeYvkngP3wkEBM\/review\">rejsearrang\u00f8r i Hurghada<\/a> online i <a href=\"https:\/\/hurghadalovers.com\/\">Hurghada<\/a> Egypten.<\/p>\n<p>&nbsp;<\/p>\n<p><strong>Bem\u00e6rk:  <\/strong><\/p>\n<p>Vi laver ogs\u00e5 ture med transfer fra dit hotel i El Goua, Soma Bay, Makadi Bay, Sahl Hasheesh, Safaga med ekstra omkostninger = 10$ per person.<\/p>\n<p>&nbsp;<\/p>\n<p><strong>Booking:<\/strong><\/p>\n<p>Send hotel + v\u00e6relsesnummer + fotopas til WhatsApp: <strong>+201112596434<\/strong><\/p>\n<p>Hvis du er i Egypten, booker du nu online og bekr\u00e6fter ved ankomst.<\/p>\n","protected":false},"excerpt":{"rendered":"<p>Private Hurghada Taxi Transfers to Luxor, Cairo | Booking Cheap Prices Tourist Service Transfer by Luxury Minivan and Vip Car to Marsa alam, Soma bay, EL Gouna, Makadi bay, Hurghada (HRG) Airport | Cash on site.<\/p>\n","protected":false},"featured_media":931095,"template":"","meta":{"_joinchat":[]},"product_brand":[],"product_cat":[36661],"product_tag":[],"class_list":{"0":"post-381250","1":"product","2":"type-product","3":"status-publish","4":"has-post-thumbnail","6":"product_cat-ture","7":"tour_category-hurghada-excursions-da","8":"tour_category-hurghada-to-luxor-trips-danish","10":"first","11":"instock","12":"sale","13":"shipping-taxable","14":"purchasable","15":"product-type-tour"},"yoast_head":"<!-- This site is optimized with the Yoast SEO Premium plugin v26.9 (Yoast SEO v27.2) - https:\/\/yoast.com\/product\/yoast-seo-premium-wordpress\/ -->\n<title>Privat Hurghada-taxatransport til Luxor, Kairo<\/title>\n<meta name=\"description\" content=\"Private Hurghada Taxi Transfers til Luxor, Cairo | Booking Billige Priser Turist Service Transfer med Luksus Minivan og Vip Car til Marsa alam, Soma bay...\" \/>\n<meta name=\"robots\" content=\"index, follow, max-snippet:-1, max-image-preview:large, max-video-preview:-1\" \/>\n<link rel=\"canonical\" href=\"https:\/\/hurghadalovers.com\/da\/tours\/private-hurghada-taxi-transfers\/\" \/>\n<meta property=\"og:locale\" content=\"da_DK\" \/>\n<meta property=\"og:type\" content=\"article\" \/>\n<meta property=\"og:title\" content=\"Privat taxa til Hurghada\" \/>\n<meta property=\"og:description\" content=\"Private Hurghada Taxi Transfers til Luxor, Cairo | Booking Billige Priser Turist Service Transfer med Luksus Minivan og Vip Car til Marsa alam, Soma bay...\" \/>\n<meta property=\"og:url\" content=\"https:\/\/hurghadalovers.com\/da\/tours\/private-hurghada-taxi-transfers\/\" \/>\n<meta property=\"og:site_name\" content=\"Hurghada Excursions &amp; Day Trips | Booking Best Prices Tours\" \/>\n<meta property=\"article:publisher\" content=\"https:\/\/www.facebook.com\/Hurghadaloversegypt\" \/>\n<meta property=\"article:modified_time\" content=\"2026-02-09T18:02:32+00:00\" \/>\n<meta property=\"og:image\" content=\"https:\/\/hurghadalovers.com\/wp-content\/uploads\/2023\/08\/Private-Hurghada-Taxi-Transfers.jpeg\" \/>\n\t<meta property=\"og:image:width\" content=\"1600\" \/>\n\t<meta property=\"og:image:height\" content=\"1204\" \/>\n\t<meta property=\"og:image:type\" content=\"image\/jpeg\" \/>\n<meta name=\"twitter:card\" content=\"summary_large_image\" \/>\n<meta name=\"twitter:label1\" content=\"Pris\" \/>\n\t<meta name=\"twitter:data1\" content=\"&euro;&nbsp;20\" \/>\n\t<meta name=\"twitter:label2\" content=\"Tilg\u00e6ngelighed\" \/>\n\t<meta name=\"twitter:data2\" content=\"P\u00e5 lager\" \/>\n<script type=\"application\/ld+json\" class=\"yoast-schema-graph\">{\"@context\":\"https:\/\/schema.org\",\"@graph\":[{\"@type\":[\"WebPage\",\"ItemPage\"],\"@id\":\"https:\/\/hurghadalovers.com\/da\/tours\/private-hurghada-taxi-transfers\/\",\"url\":\"https:\/\/hurghadalovers.com\/da\/tours\/private-hurghada-taxi-transfers\/\",\"name\":\"Privat Hurghada-taxatransport til Luxor, Kairo\",\"isPartOf\":{\"@id\":\"https:\/\/hurghadalovers.com\/da\/#website\"},\"primaryImageOfPage\":{\"@id\":\"https:\/\/hurghadalovers.com\/da\/tours\/private-hurghada-taxi-transfers\/#primaryimage\"},\"image\":{\"@id\":\"https:\/\/hurghadalovers.com\/da\/tours\/private-hurghada-taxi-transfers\/#primaryimage\"},\"thumbnailUrl\":\"https:\/\/hurghadalovers.com\/wp-content\/uploads\/2023\/08\/Private-Hurghada-Taxi-Transfers.jpeg\",\"datePublished\":\"2023-08-19T11:35:23+00:00\",\"dateModified\":\"2026-02-09T18:02:32+00:00\",\"description\":\"Private Hurghada Taxi Transfers til Luxor, Cairo | Booking Billige Priser Turist Service Transfer med Luksus Minivan og Vip Car til Marsa alam, Soma bay...\",\"breadcrumb\":{\"@id\":\"https:\/\/hurghadalovers.com\/da\/tours\/private-hurghada-taxi-transfers\/#breadcrumb\"},\"inLanguage\":\"da-DK\",\"potentialAction\":[{\"@type\":\"ReadAction\",\"target\":[\"https:\/\/hurghadalovers.com\/da\/tours\/private-hurghada-taxi-transfers\/\"]}]},{\"@type\":\"ImageObject\",\"inLanguage\":\"da-DK\",\"@id\":\"https:\/\/hurghadalovers.com\/da\/tours\/private-hurghada-taxi-transfers\/#primaryimage\",\"url\":\"https:\/\/hurghadalovers.com\/wp-content\/uploads\/2023\/08\/Private-Hurghada-Taxi-Transfers.jpeg\",\"contentUrl\":\"https:\/\/hurghadalovers.com\/wp-content\/uploads\/2023\/08\/Private-Hurghada-Taxi-Transfers.jpeg\",\"width\":1600,\"height\":1204,\"caption\":\"Private Hurghada Taxi Transfers\"},{\"@type\":\"BreadcrumbList\",\"@id\":\"https:\/\/hurghadalovers.com\/da\/tours\/private-hurghada-taxi-transfers\/#breadcrumb\",\"itemListElement\":[{\"@type\":\"ListItem\",\"position\":1,\"name\":\"Home\",\"item\":\"https:\/\/hurghadalovers.com\/da\/\"},{\"@type\":\"ListItem\",\"position\":2,\"name\":\"Shop\",\"item\":\"https:\/\/hurghadalovers.com\/da\/shop-3\/\"},{\"@type\":\"ListItem\",\"position\":3,\"name\":\"Privat taxa til Hurghada\"}]},{\"@type\":\"WebSite\",\"@id\":\"https:\/\/hurghadalovers.com\/da\/#website\",\"url\":\"https:\/\/hurghadalovers.com\/da\/\",\"name\":\"Hurghada Excursions & Day Trips | Booking Best Prices Tours\",\"description\":\"Hurghada Lovers - Best Tour Operator - Excursions &amp; Things to do for Family Day Trips with kids and Couples Romantic. Unique .Hidden gems\",\"publisher\":{\"@id\":\"https:\/\/hurghadalovers.com\/da\/#organization\"},\"alternateName\":\"Hurghada Excursions\",\"potentialAction\":[{\"@type\":\"SearchAction\",\"target\":{\"@type\":\"EntryPoint\",\"urlTemplate\":\"https:\/\/hurghadalovers.com\/da\/?s={search_term_string}\"},\"query-input\":{\"@type\":\"PropertyValueSpecification\",\"valueRequired\":true,\"valueName\":\"search_term_string\"}}],\"inLanguage\":\"da-DK\"},{\"@type\":[\"Organization\",\"Place\",\"TravelAgency\"],\"@id\":\"https:\/\/hurghadalovers.com\/da\/#organization\",\"name\":\"Hurghada Excursions\",\"url\":\"https:\/\/hurghadalovers.com\/da\/\",\"logo\":{\"@id\":\"https:\/\/hurghadalovers.com\/da\/tours\/private-hurghada-taxi-transfers\/#local-main-organization-logo\"},\"image\":{\"@id\":\"https:\/\/hurghadalovers.com\/da\/tours\/private-hurghada-taxi-transfers\/#local-main-organization-logo\"},\"sameAs\":[\"https:\/\/www.facebook.com\/Hurghadaloversegypt\"],\"address\":{\"@id\":\"https:\/\/hurghadalovers.com\/da\/tours\/private-hurghada-taxi-transfers\/#local-main-place-address\"},\"telephone\":[\"00201112596434\"],\"contactPoint\":{\"@type\":\"ContactPoint\",\"telephone\":\"00201112596434\",\"email\":\"weyouface@gmail.com\"},\"openingHoursSpecification\":{\"@type\":\"OpeningHoursSpecification\",\"dayOfWeek\":[\"Monday\",\"Tuesday\",\"Wednesday\",\"Thursday\",\"Friday\",\"Saturday\",\"Sunday\"],\"opens\":\"00:00\",\"closes\":\"23:59\"},\"email\":\"weyouface@gmail.com\",\"areaServed\":\"Luxor, Hurghada, El Gouna, Aswan, Sharm El Sheikh, Giza, Alexandria, Marsa Alam, Quseir, Soma Bay, Sahl Hasheesh, Red Sea, Makadi Bay, Cairo\",\"priceRange\":\"$\",\"currenciesAccepted\":\"euro\",\"paymentAccepted\":\"cash on site\"},{\"@type\":\"PostalAddress\",\"@id\":\"https:\/\/hurghadalovers.com\/da\/tours\/private-hurghada-taxi-transfers\/#local-main-place-address\",\"streetAddress\":\"17 Banks street, Alkawther area, top nbk bank\",\"addressLocality\":\"hurghada\",\"postalCode\":\"84511\",\"addressRegion\":\"red sea\",\"addressCountry\":\"EG\"},{\"@type\":\"ImageObject\",\"inLanguage\":\"da-DK\",\"@id\":\"https:\/\/hurghadalovers.com\/da\/tours\/private-hurghada-taxi-transfers\/#local-main-organization-logo\",\"url\":\"https:\/\/hurghadalovers.com\/wp-content\/uploads\/2019\/10\/hurghada-excursions-logo.png\",\"contentUrl\":\"https:\/\/hurghadalovers.com\/wp-content\/uploads\/2019\/10\/hurghada-excursions-logo.png\",\"width\":272,\"height\":90,\"caption\":\"Hurghada Excursions\"}]}<\/script>\n<meta property=\"product:brand\" content=\"Dagsture fra Hurghada\" \/>\n<meta property=\"product:price:amount\" content=\"20\" \/>\n<meta property=\"product:price:currency\" content=\"EUR\" \/>\n<meta property=\"og:availability\" content=\"instock\" \/>\n<meta property=\"product:availability\" content=\"instock\" \/>\n<meta property=\"product:retailer_item_id\" content=\"Transfers012024\" \/>\n<meta property=\"product:condition\" content=\"new\" \/>\n<meta name=\"geo.placename\" content=\"hurghada\" \/>\n<meta name=\"geo.region\" content=\"Egypten\" \/>\n<!-- \/ Yoast SEO Premium plugin. -->","yoast_head_json":{"title":"Privat Hurghada-taxatransport til Luxor, Kairo","description":"Private Hurghada Taxi Transfers til Luxor, Cairo | Booking Billige Priser Turist Service Transfer med Luksus Minivan og Vip Car til Marsa alam, Soma bay...","robots":{"index":"index","follow":"follow","max-snippet":"max-snippet:-1","max-image-preview":"max-image-preview:large","max-video-preview":"max-video-preview:-1"},"canonical":"https:\/\/hurghadalovers.com\/da\/tours\/private-hurghada-taxi-transfers\/","og_locale":"da_DK","og_type":"article","og_title":"Privat taxa til Hurghada","og_description":"Private Hurghada Taxi Transfers til Luxor, Cairo | Booking Billige Priser Turist Service Transfer med Luksus Minivan og Vip Car til Marsa alam, Soma bay...","og_url":"https:\/\/hurghadalovers.com\/da\/tours\/private-hurghada-taxi-transfers\/","og_site_name":"Hurghada Excursions &amp; Day Trips | Booking Best Prices Tours","article_publisher":"https:\/\/www.facebook.com\/Hurghadaloversegypt","article_modified_time":"2026-02-09T18:02:32+00:00","og_image":[{"width":1600,"height":1204,"url":"https:\/\/hurghadalovers.com\/wp-content\/uploads\/2023\/08\/Private-Hurghada-Taxi-Transfers.jpeg","type":"image\/jpeg"}],"twitter_card":"summary_large_image","twitter_misc":{"Pris":"&euro;&nbsp;20","Tilg\u00e6ngelighed":"P\u00e5 lager"},"schema":{"@context":"https:\/\/schema.org","@graph":[{"@type":["WebPage","ItemPage"],"@id":"https:\/\/hurghadalovers.com\/da\/tours\/private-hurghada-taxi-transfers\/","url":"https:\/\/hurghadalovers.com\/da\/tours\/private-hurghada-taxi-transfers\/","name":"Privat Hurghada-taxatransport til Luxor, Kairo","isPartOf":{"@id":"https:\/\/hurghadalovers.com\/da\/#website"},"primaryImageOfPage":{"@id":"https:\/\/hurghadalovers.com\/da\/tours\/private-hurghada-taxi-transfers\/#primaryimage"},"image":{"@id":"https:\/\/hurghadalovers.com\/da\/tours\/private-hurghada-taxi-transfers\/#primaryimage"},"thumbnailUrl":"https:\/\/hurghadalovers.com\/wp-content\/uploads\/2023\/08\/Private-Hurghada-Taxi-Transfers.jpeg","datePublished":"2023-08-19T11:35:23+00:00","dateModified":"2026-02-09T18:02:32+00:00","description":"Private Hurghada Taxi Transfers til Luxor, Cairo | Booking Billige Priser Turist Service Transfer med Luksus Minivan og Vip Car til Marsa alam, Soma bay...","breadcrumb":{"@id":"https:\/\/hurghadalovers.com\/da\/tours\/private-hurghada-taxi-transfers\/#breadcrumb"},"inLanguage":"da-DK","potentialAction":[{"@type":"ReadAction","target":["https:\/\/hurghadalovers.com\/da\/tours\/private-hurghada-taxi-transfers\/"]}]},{"@type":"ImageObject","inLanguage":"da-DK","@id":"https:\/\/hurghadalovers.com\/da\/tours\/private-hurghada-taxi-transfers\/#primaryimage","url":"https:\/\/hurghadalovers.com\/wp-content\/uploads\/2023\/08\/Private-Hurghada-Taxi-Transfers.jpeg","contentUrl":"https:\/\/hurghadalovers.com\/wp-content\/uploads\/2023\/08\/Private-Hurghada-Taxi-Transfers.jpeg","width":1600,"height":1204,"caption":"Private Hurghada Taxi Transfers"},{"@type":"BreadcrumbList","@id":"https:\/\/hurghadalovers.com\/da\/tours\/private-hurghada-taxi-transfers\/#breadcrumb","itemListElement":[{"@type":"ListItem","position":1,"name":"Home","item":"https:\/\/hurghadalovers.com\/da\/"},{"@type":"ListItem","position":2,"name":"Shop","item":"https:\/\/hurghadalovers.com\/da\/shop-3\/"},{"@type":"ListItem","position":3,"name":"Privat taxa til Hurghada"}]},{"@type":"WebSite","@id":"https:\/\/hurghadalovers.com\/da\/#website","url":"https:\/\/hurghadalovers.com\/da\/","name":"Hurghada Excursions & Day Trips | Booking Best Prices Tours","description":"Hurghada Lovers - Best Tour Operator - Excursions &amp; Things to do for Family Day Trips with kids and Couples Romantic. Unique .Hidden gems","publisher":{"@id":"https:\/\/hurghadalovers.com\/da\/#organization"},"alternateName":"Hurghada Excursions","potentialAction":[{"@type":"SearchAction","target":{"@type":"EntryPoint","urlTemplate":"https:\/\/hurghadalovers.com\/da\/?s={search_term_string}"},"query-input":{"@type":"PropertyValueSpecification","valueRequired":true,"valueName":"search_term_string"}}],"inLanguage":"da-DK"},{"@type":["Organization","Place","TravelAgency"],"@id":"https:\/\/hurghadalovers.com\/da\/#organization","name":"Hurghada Excursions","url":"https:\/\/hurghadalovers.com\/da\/","logo":{"@id":"https:\/\/hurghadalovers.com\/da\/tours\/private-hurghada-taxi-transfers\/#local-main-organization-logo"},"image":{"@id":"https:\/\/hurghadalovers.com\/da\/tours\/private-hurghada-taxi-transfers\/#local-main-organization-logo"},"sameAs":["https:\/\/www.facebook.com\/Hurghadaloversegypt"],"address":{"@id":"https:\/\/hurghadalovers.com\/da\/tours\/private-hurghada-taxi-transfers\/#local-main-place-address"},"telephone":["00201112596434"],"contactPoint":{"@type":"ContactPoint","telephone":"00201112596434","email":"weyouface@gmail.com"},"openingHoursSpecification":{"@type":"OpeningHoursSpecification","dayOfWeek":["Monday","Tuesday","Wednesday","Thursday","Friday","Saturday","Sunday"],"opens":"00:00","closes":"23:59"},"email":"weyouface@gmail.com","areaServed":"Luxor, Hurghada, El Gouna, Aswan, Sharm El Sheikh, Giza, Alexandria, Marsa Alam, Quseir, Soma Bay, Sahl Hasheesh, Red Sea, Makadi Bay, Cairo","priceRange":"$","currenciesAccepted":"euro","paymentAccepted":"cash on site"},{"@type":"PostalAddress","@id":"https:\/\/hurghadalovers.com\/da\/tours\/private-hurghada-taxi-transfers\/#local-main-place-address","streetAddress":"17 Banks street, Alkawther area, top nbk bank","addressLocality":"hurghada","postalCode":"84511","addressRegion":"red sea","addressCountry":"EG"},{"@type":"ImageObject","inLanguage":"da-DK","@id":"https:\/\/hurghadalovers.com\/da\/tours\/private-hurghada-taxi-transfers\/#local-main-organization-logo","url":"https:\/\/hurghadalovers.com\/wp-content\/uploads\/2019\/10\/hurghada-excursions-logo.png","contentUrl":"https:\/\/hurghadalovers.com\/wp-content\/uploads\/2019\/10\/hurghada-excursions-logo.png","width":272,"height":90,"caption":"Hurghada Excursions"}]},"product_brand":"Dagsture fra Hurghada","product_price_amount":"20","product_price_currency":"EUR","og_availability":"instock","product_availability":"instock","product_retailer_item_id":"Transfers012024","product_condition":"new","geo.placename":"hurghada","geo.region":"Egypten"},"_links":{"self":[{"href":"https:\/\/hurghadalovers.com\/da\/wp-json\/wp\/v2\/product\/381250","targetHints":{"allow":["GET"]}}],"collection":[{"href":"https:\/\/hurghadalovers.com\/da\/wp-json\/wp\/v2\/product"}],"about":[{"href":"https:\/\/hurghadalovers.com\/da\/wp-json\/wp\/v2\/types\/product"}],"wp:featuredmedia":[{"embeddable":true,"href":"https:\/\/hurghadalovers.com\/da\/wp-json\/wp\/v2\/media\/931095"}],"wp:attachment":[{"href":"https:\/\/hurghadalovers.com\/da\/wp-json\/wp\/v2\/media?parent=381250"}],"wp:term":[{"taxonomy":"product_brand","embeddable":true,"href":"https:\/\/hurghadalovers.com\/da\/wp-json\/wp\/v2\/product_brand?post=381250"},{"taxonomy":"product_cat","embeddable":true,"href":"https:\/\/hurghadalovers.com\/da\/wp-json\/wp\/v2\/product_cat?post=381250"},{"taxonomy":"product_tag","embeddable":true,"href":"https:\/\/hurghadalovers.com\/da\/wp-json\/wp\/v2\/product_tag?post=381250"}],"curies":[{"name":"wp","href":"https:\/\/api.w.org\/{rel}","templated":true}]}}