{"id":395725,"date":"2023-09-03T20:24:49","date_gmt":"2023-09-03T20:24:49","guid":{"rendered":"https:\/\/hurghadalovers.com\/shop\/nezarazene\/kurz-potapeni-padi-open-water-v-el-gouna\/"},"modified":"2026-02-07T20:23:10","modified_gmt":"2026-02-07T20:23:10","slug":"padi-open-water-diver-course-in-el-gouna","status":"publish","type":"product","link":"https:\/\/hurghadalovers.com\/cs\/tours\/padi-open-water-diver-course-in-el-gouna\/","title":{"rendered":"Kurz pot\u00e1p\u011bn\u00ed PADI Open Water v El Gouna"},"content":{"rendered":"<p><strong>Kurz pot\u00e1p\u011bn\u00ed PADI Open Water <\/strong> v<strong>El Gouna<\/strong> &#8211; 3 dny | s ob\u011bdem, n\u00e1poji, pot\u00e1p\u011b\u010dsk\u00fdm vybaven\u00edm a transferem.<\/p>\n<p style=\"text-align: center;\"><span style=\"color: #00ccff;\"><strong>Luxusn\u00ed lo\u010f | Profesion\u00e1ln\u00ed instruktor pot\u00e1p\u011bn\u00ed<\/strong><\/span><\/p>\n<p><strong>Nejd\u016fle\u017eit\u011bj\u0161\u00ed informace:<\/strong><\/p>\n<ul>\n<li>Nau\u010dte se z\u00e1klady pot\u00e1p\u011bn\u00ed<\/li>\n<li>Nau\u010dte se pot\u00e1p\u011b\u010dsk\u00e9 vybaven\u00ed a techniky<\/li>\n<li>Tr\u00e9ninky na otev\u0159en\u00e9 vod\u011b<\/li>\n<li>Maxim\u00e1ln\u00ed hloubka 18 m.<\/li>\n<li>Minim\u00e1ln\u00ed v\u011bk je 12 let.<\/li>\n<\/ul>\n<p><strong> <\/strong><\/p>\n<p><strong>Podrobnosti:<\/strong><\/p>\n<ul>\n<li>Dostupnost prohl\u00eddky: Ka\u017ed\u00fd den.<\/li>\n<li>Typ z\u00e1jezdu: Soukrom\u00fd nebo skupinov\u00fd.<\/li>\n<li>\u010cas vyzvednut\u00ed: Od 07:30 hodin.<\/li>\n<li>\u010cas vyzvednut\u00ed: 16:00.<\/li>\n<li>Bezbari\u00e9rov\u00fd p\u0159\u00edstup.<\/li>\n<li>Doba trv\u00e1n\u00ed: 3 dny.<\/li>\n<\/ul>\n<p><strong>Rezervujte nyn\u00ed a zapla\u0165te pozd\u011bji:<\/strong><\/p>\n<ul>\n<li>Hotovost na m\u00edst\u011b pro pr\u016fvodce.<\/li>\n<li>Platba egyptsk\u00fdmi librami, $, \u20ac nebo \u00a3.<\/li>\n<\/ul>\n<p><strong>Storno podm\u00ednky:<\/strong><\/p>\n<ul>\n<li>Zru\u0161it a\u017e 24 hodin p\u0159edem.<\/li>\n<li>Kdy\u017e n\u011bkdo z va\u0161\u00ed rodiny zru\u0161\u00ed dopoledne, zaplat\u00ed 50 % n\u00e1klad\u016f.<\/li>\n<\/ul>\n<p><strong>Co je v cen\u011b?<\/strong><\/p>\n<ul>\n<li>Transfer z hotel\u016f El Gouna &#8222;Hotel pick up and drop off&#8220;.<\/li>\n<li>V\u0161echny dan\u011b, vstupn\u00ed poplatky a manipula\u010dn\u00ed poplatky.<\/li>\n<li>Miner\u00e1ln\u00ed voda + Cola.<\/li>\n<li>Profesion\u00e1ln\u00ed instruktor pot\u00e1p\u011bn\u00ed.<\/li>\n<li>Pot\u00e1p\u011b\u010dsk\u00e9 vybaven\u00ed a vybaven\u00ed pro \u0161norchlov\u00e1n\u00ed &#8222;Masky a ploutve&#8220;.<\/li>\n<li>VIP ob\u011bd formou bufetu na lodi.<\/li>\n<li>Z\u00e1chrann\u00e9 vesty.<\/li>\n<\/ul>\n<p><strong>V\u00fdjimky?<\/strong><\/p>\n<ul>\n<li>Spropitn\u00e9.<\/li>\n<li>Fotografov\u00e1n\u00ed a fotografie na cestu.<\/li>\n<li>Nab\u00edz\u00edme P\u016fj\u010dovna plavky &amp; plavky pro \u017eeny, mu\u017ee, d\u011bti v\u0161echny velikosti &#8220; 5$ za jeden&#8220;.<\/li>\n<li>P\u0159\u00edplatky, kter\u00e9 nebyly zm\u00edn\u011bny.<\/li>\n<li>P\u0159\u00edru\u010dka PADI = 55$<\/li>\n<li>Online certifikace PADI = 55$<\/li>\n<li>P\u0159\u00edru\u010dka + online certifikace = 100$.<\/li>\n<\/ul>\n<p><strong>Ceny:<\/strong><\/p>\n<ul>\n<li><strong>Cena pro dosp\u011bl\u00e9 = 260 USD za osobu<\/strong>.<\/li>\n<\/ul>\n<p><strong>Vytv\u00e1\u0159\u00edme kurzy:<\/strong><\/p>\n<ol>\n<li>Kurz pot\u00e1p\u011bn\u00ed PADI 2 dny = 220$<\/li>\n<li>Kurz PADI Bubblemaker pro d\u011bti | Doba trv\u00e1n\u00ed: Doba trv\u00e1n\u00ed: 1 hodina<br \/>\n= 80$<\/li>\n<li>Kurz pot\u00e1p\u011bn\u00ed PADI Advanced Open Water 2 dny = 220$<\/li>\n<li>Kurz z\u00e1chrann\u00e9ho pot\u00e1p\u011bn\u00ed PADI na 4 dny = 280$<\/li>\n<\/ol>\n<p><strong>Recenze:<\/strong><\/p>\n<p>pod\u00edvejte se na na\u0161e recenze na Google Map jako nejlep\u0161\u00ed <a href=\"https:\/\/g.page\/r\/CUeYvkngP3wkEBM\/review\">cestovn\u00ed kancel\u00e1\u0159 v Hurghad\u011b<\/a> online v <a href=\"https:\/\/hurghadalovers.com\/\">Hurghad\u011b<\/a> Egypt.<\/p>\n<p><strong>Rezervace:<\/strong><\/p>\n<p>Odeslat hotel + \u010d\u00edslo pokoje + foto pas\u016f na WhatsApp: <strong>+201112596434<\/strong><\/p>\n<p>Pokud jste z Egypta Rezervace nyn\u00ed on-line a potvrdit p\u0159i p\u0159\u00edjezdu Hotel.<\/p>\n<p>&nbsp;<\/p>\n<p>&nbsp;<\/p>\n","protected":false},"excerpt":{"rendered":"<p><strong>Kurz pot\u00e1p\u011bn\u00ed PADI Open Water <\/strong> v<strong>El Gouna<\/strong> &#8211; 3 dny | s ob\u011bdem, n\u00e1poji, pot\u00e1p\u011b\u010dsk\u00fdm vybaven\u00edm a transferem.<\/p>\n<p style=\"text-align: center;\"><span style=\"color: #00ccff;\"><strong>Luxusn\u00ed lo\u010f | Profesion\u00e1ln\u00ed instruktor pot\u00e1p\u011bn\u00ed<\/strong><\/span><\/p>\n<p>&nbsp;<\/p>\n","protected":false},"featured_media":931876,"template":"","meta":{"_joinchat":[]},"product_brand":[],"product_cat":[29708],"product_tag":[],"class_list":{"0":"post-395725","1":"product","2":"type-product","3":"status-publish","4":"has-post-thumbnail","6":"product_cat-egypt-tours-cs","7":"tour_category-el-gouna-tours-cs","8":"tour_category-el-gouna-snorkeling-cs","10":"first","11":"instock","12":"sale","13":"shipping-taxable","14":"purchasable","15":"product-type-tour"},"yoast_head":"<!-- This site is optimized with the Yoast SEO Premium plugin v26.9 (Yoast SEO v27.2) - https:\/\/yoast.com\/product\/yoast-seo-premium-wordpress\/ -->\n<title>Kurz pot\u00e1p\u011bn\u00ed PADI Open Water v El Gouna<\/title>\n<meta name=\"description\" content=\"Kurz pot\u00e1p\u011bn\u00ed PADI Open Water v El Gouna - 3 dny | s ob\u011bdem, n\u00e1poji, pot\u00e1p\u011b\u010dsk\u00fdm vybaven\u00edm a transferem. Luxusn\u00ed lo\u010f | Profesion\u00e1ln\u00ed instruktor pot\u00e1p\u011bn\u00ed\" \/>\n<meta name=\"robots\" content=\"index, follow, max-snippet:-1, max-image-preview:large, max-video-preview:-1\" \/>\n<link rel=\"canonical\" href=\"https:\/\/hurghadalovers.com\/cs\/tours\/padi-open-water-diver-course-in-el-gouna\/\" \/>\n<meta property=\"og:locale\" content=\"cs_CZ\" \/>\n<meta property=\"og:type\" content=\"article\" \/>\n<meta property=\"og:title\" content=\"Kurz pot\u00e1p\u011bn\u00ed PADI Open Water v El Gouna\" \/>\n<meta property=\"og:description\" content=\"Kurz pot\u00e1p\u011bn\u00ed PADI Open Water v El Gouna - 3 dny | s ob\u011bdem, n\u00e1poji, pot\u00e1p\u011b\u010dsk\u00fdm vybaven\u00edm a transferem. Luxusn\u00ed lo\u010f | Profesion\u00e1ln\u00ed instruktor pot\u00e1p\u011bn\u00ed\" \/>\n<meta property=\"og:url\" content=\"https:\/\/hurghadalovers.com\/cs\/tours\/padi-open-water-diver-course-in-el-gouna\/\" \/>\n<meta property=\"og:site_name\" content=\"Hurghada Excursions &amp; Day Trips | Booking Best Prices Tours\" \/>\n<meta property=\"article:publisher\" content=\"https:\/\/www.facebook.com\/Hurghadaloversegypt\" \/>\n<meta property=\"article:modified_time\" content=\"2026-02-07T20:23:10+00:00\" \/>\n<meta property=\"og:image\" content=\"https:\/\/hurghadalovers.com\/wp-content\/uploads\/2023\/08\/PADI-Open-Water-Diver-Course-in-Hurghada.jpeg\" \/>\n\t<meta property=\"og:image:width\" content=\"1555\" \/>\n\t<meta property=\"og:image:height\" content=\"1038\" \/>\n\t<meta property=\"og:image:type\" content=\"image\/jpeg\" \/>\n<meta name=\"twitter:card\" content=\"summary_large_image\" \/>\n<meta name=\"twitter:label1\" content=\"Cena\" \/>\n\t<meta name=\"twitter:data1\" content=\"&euro;&nbsp;260\" \/>\n\t<meta name=\"twitter:label2\" content=\"Dostupnost\" \/>\n\t<meta name=\"twitter:data2\" content=\"Skladem\" \/>\n<script type=\"application\/ld+json\" class=\"yoast-schema-graph\">{\"@context\":\"https:\/\/schema.org\",\"@graph\":[{\"@type\":[\"WebPage\",\"ItemPage\"],\"@id\":\"https:\/\/hurghadalovers.com\/cs\/tours\/padi-open-water-diver-course-in-el-gouna\/\",\"url\":\"https:\/\/hurghadalovers.com\/cs\/tours\/padi-open-water-diver-course-in-el-gouna\/\",\"name\":\"Kurz pot\u00e1p\u011bn\u00ed PADI Open Water v El Gouna\",\"isPartOf\":{\"@id\":\"https:\/\/hurghadalovers.com\/cs\/#website\"},\"primaryImageOfPage\":{\"@id\":\"https:\/\/hurghadalovers.com\/cs\/tours\/padi-open-water-diver-course-in-el-gouna\/#primaryimage\"},\"image\":{\"@id\":\"https:\/\/hurghadalovers.com\/cs\/tours\/padi-open-water-diver-course-in-el-gouna\/#primaryimage\"},\"thumbnailUrl\":\"https:\/\/hurghadalovers.com\/wp-content\/uploads\/2023\/08\/PADI-Open-Water-Diver-Course-in-Hurghada.jpeg\",\"datePublished\":\"2023-09-03T20:24:49+00:00\",\"dateModified\":\"2026-02-07T20:23:10+00:00\",\"description\":\"Kurz pot\u00e1p\u011bn\u00ed PADI Open Water v El Gouna - 3 dny | s ob\u011bdem, n\u00e1poji, pot\u00e1p\u011b\u010dsk\u00fdm vybaven\u00edm a transferem. Luxusn\u00ed lo\u010f | Profesion\u00e1ln\u00ed instruktor pot\u00e1p\u011bn\u00ed\",\"breadcrumb\":{\"@id\":\"https:\/\/hurghadalovers.com\/cs\/tours\/padi-open-water-diver-course-in-el-gouna\/#breadcrumb\"},\"inLanguage\":\"cs\",\"potentialAction\":[{\"@type\":\"ReadAction\",\"target\":[\"https:\/\/hurghadalovers.com\/cs\/tours\/padi-open-water-diver-course-in-el-gouna\/\"]}]},{\"@type\":\"ImageObject\",\"inLanguage\":\"cs\",\"@id\":\"https:\/\/hurghadalovers.com\/cs\/tours\/padi-open-water-diver-course-in-el-gouna\/#primaryimage\",\"url\":\"https:\/\/hurghadalovers.com\/wp-content\/uploads\/2023\/08\/PADI-Open-Water-Diver-Course-in-Hurghada.jpeg\",\"contentUrl\":\"https:\/\/hurghadalovers.com\/wp-content\/uploads\/2023\/08\/PADI-Open-Water-Diver-Course-in-Hurghada.jpeg\",\"width\":1555,\"height\":1038,\"caption\":\"PADI Open Water Diver Course in Hurghada\"},{\"@type\":\"BreadcrumbList\",\"@id\":\"https:\/\/hurghadalovers.com\/cs\/tours\/padi-open-water-diver-course-in-el-gouna\/#breadcrumb\",\"itemListElement\":[{\"@type\":\"ListItem\",\"position\":1,\"name\":\"Home\",\"item\":\"https:\/\/hurghadalovers.com\/cs\/\"},{\"@type\":\"ListItem\",\"position\":2,\"name\":\"Shop\",\"item\":\"https:\/\/hurghadalovers.com\/shop\/\"},{\"@type\":\"ListItem\",\"position\":3,\"name\":\"Kurz pot\u00e1p\u011bn\u00ed PADI Open Water v El Gouna\"}]},{\"@type\":\"WebSite\",\"@id\":\"https:\/\/hurghadalovers.com\/cs\/#website\",\"url\":\"https:\/\/hurghadalovers.com\/cs\/\",\"name\":\"Hurghada Excursions & Day Trips | Booking Best Prices Tours\",\"description\":\"Hurghada Lovers - Best Tour Operator - Excursions &amp; Things to do for Family Day Trips with kids and Couples Romantic. Unique .Hidden gems\",\"publisher\":{\"@id\":\"https:\/\/hurghadalovers.com\/cs\/#organization\"},\"alternateName\":\"Hurghada Excursions\",\"potentialAction\":[{\"@type\":\"SearchAction\",\"target\":{\"@type\":\"EntryPoint\",\"urlTemplate\":\"https:\/\/hurghadalovers.com\/cs\/?s={search_term_string}\"},\"query-input\":{\"@type\":\"PropertyValueSpecification\",\"valueRequired\":true,\"valueName\":\"search_term_string\"}}],\"inLanguage\":\"cs\"},{\"@type\":[\"Organization\",\"Place\",\"TravelAgency\"],\"@id\":\"https:\/\/hurghadalovers.com\/cs\/#organization\",\"name\":\"Hurghada Excursions\",\"url\":\"https:\/\/hurghadalovers.com\/cs\/\",\"logo\":{\"@id\":\"https:\/\/hurghadalovers.com\/cs\/tours\/padi-open-water-diver-course-in-el-gouna\/#local-main-organization-logo\"},\"image\":{\"@id\":\"https:\/\/hurghadalovers.com\/cs\/tours\/padi-open-water-diver-course-in-el-gouna\/#local-main-organization-logo\"},\"sameAs\":[\"https:\/\/www.facebook.com\/Hurghadaloversegypt\"],\"address\":{\"@id\":\"https:\/\/hurghadalovers.com\/cs\/tours\/padi-open-water-diver-course-in-el-gouna\/#local-main-place-address\"},\"telephone\":[\"00201112596434\"],\"contactPoint\":{\"@type\":\"ContactPoint\",\"telephone\":\"00201112596434\",\"email\":\"weyouface@gmail.com\"},\"openingHoursSpecification\":{\"@type\":\"OpeningHoursSpecification\",\"dayOfWeek\":[\"Monday\",\"Tuesday\",\"Wednesday\",\"Thursday\",\"Friday\",\"Saturday\",\"Sunday\"],\"opens\":\"00:00\",\"closes\":\"23:59\"},\"email\":\"weyouface@gmail.com\",\"areaServed\":\"Luxor, Hurghada, El Gouna, Aswan, Sharm El Sheikh, Giza, Alexandria, Marsa Alam, Quseir, Soma Bay, Sahl Hasheesh, Red Sea, Makadi Bay, Cairo\",\"priceRange\":\"$\",\"currenciesAccepted\":\"euro\",\"paymentAccepted\":\"cash on site\"},{\"@type\":\"PostalAddress\",\"@id\":\"https:\/\/hurghadalovers.com\/cs\/tours\/padi-open-water-diver-course-in-el-gouna\/#local-main-place-address\",\"streetAddress\":\"17 Banks street, Alkawther area, top nbk bank\",\"addressLocality\":\"hurghada\",\"postalCode\":\"84511\",\"addressRegion\":\"red sea\",\"addressCountry\":\"EG\"},{\"@type\":\"ImageObject\",\"inLanguage\":\"cs\",\"@id\":\"https:\/\/hurghadalovers.com\/cs\/tours\/padi-open-water-diver-course-in-el-gouna\/#local-main-organization-logo\",\"url\":\"https:\/\/hurghadalovers.com\/wp-content\/uploads\/2019\/10\/hurghada-excursions-logo.png\",\"contentUrl\":\"https:\/\/hurghadalovers.com\/wp-content\/uploads\/2019\/10\/hurghada-excursions-logo.png\",\"width\":272,\"height\":90,\"caption\":\"Hurghada Excursions\"}]}<\/script>\n<meta property=\"product:brand\" content=\"V\u00fdlety EL Gouna\" \/>\n<meta property=\"product:price:amount\" content=\"260\" \/>\n<meta property=\"product:price:currency\" content=\"EUR\" \/>\n<meta property=\"og:availability\" content=\"instock\" \/>\n<meta property=\"product:availability\" content=\"instock\" \/>\n<meta property=\"product:retailer_item_id\" content=\"Gouna802024\" \/>\n<meta property=\"product:condition\" content=\"new\" \/>\n<meta name=\"geo.placename\" content=\"hurghada\" \/>\n<meta name=\"geo.region\" content=\"Egypt\" \/>\n<!-- \/ Yoast SEO Premium plugin. -->","yoast_head_json":{"title":"Kurz pot\u00e1p\u011bn\u00ed PADI Open Water v El Gouna","description":"Kurz pot\u00e1p\u011bn\u00ed PADI Open Water v El Gouna - 3 dny | s ob\u011bdem, n\u00e1poji, pot\u00e1p\u011b\u010dsk\u00fdm vybaven\u00edm a transferem. Luxusn\u00ed lo\u010f | Profesion\u00e1ln\u00ed instruktor pot\u00e1p\u011bn\u00ed","robots":{"index":"index","follow":"follow","max-snippet":"max-snippet:-1","max-image-preview":"max-image-preview:large","max-video-preview":"max-video-preview:-1"},"canonical":"https:\/\/hurghadalovers.com\/cs\/tours\/padi-open-water-diver-course-in-el-gouna\/","og_locale":"cs_CZ","og_type":"article","og_title":"Kurz pot\u00e1p\u011bn\u00ed PADI Open Water v El Gouna","og_description":"Kurz pot\u00e1p\u011bn\u00ed PADI Open Water v El Gouna - 3 dny | s ob\u011bdem, n\u00e1poji, pot\u00e1p\u011b\u010dsk\u00fdm vybaven\u00edm a transferem. Luxusn\u00ed lo\u010f | Profesion\u00e1ln\u00ed instruktor pot\u00e1p\u011bn\u00ed","og_url":"https:\/\/hurghadalovers.com\/cs\/tours\/padi-open-water-diver-course-in-el-gouna\/","og_site_name":"Hurghada Excursions &amp; Day Trips | Booking Best Prices Tours","article_publisher":"https:\/\/www.facebook.com\/Hurghadaloversegypt","article_modified_time":"2026-02-07T20:23:10+00:00","og_image":[{"width":1555,"height":1038,"url":"https:\/\/hurghadalovers.com\/wp-content\/uploads\/2023\/08\/PADI-Open-Water-Diver-Course-in-Hurghada.jpeg","type":"image\/jpeg"}],"twitter_card":"summary_large_image","twitter_misc":{"Cena":"&euro;&nbsp;260","Dostupnost":"Skladem"},"schema":{"@context":"https:\/\/schema.org","@graph":[{"@type":["WebPage","ItemPage"],"@id":"https:\/\/hurghadalovers.com\/cs\/tours\/padi-open-water-diver-course-in-el-gouna\/","url":"https:\/\/hurghadalovers.com\/cs\/tours\/padi-open-water-diver-course-in-el-gouna\/","name":"Kurz pot\u00e1p\u011bn\u00ed PADI Open Water v El Gouna","isPartOf":{"@id":"https:\/\/hurghadalovers.com\/cs\/#website"},"primaryImageOfPage":{"@id":"https:\/\/hurghadalovers.com\/cs\/tours\/padi-open-water-diver-course-in-el-gouna\/#primaryimage"},"image":{"@id":"https:\/\/hurghadalovers.com\/cs\/tours\/padi-open-water-diver-course-in-el-gouna\/#primaryimage"},"thumbnailUrl":"https:\/\/hurghadalovers.com\/wp-content\/uploads\/2023\/08\/PADI-Open-Water-Diver-Course-in-Hurghada.jpeg","datePublished":"2023-09-03T20:24:49+00:00","dateModified":"2026-02-07T20:23:10+00:00","description":"Kurz pot\u00e1p\u011bn\u00ed PADI Open Water v El Gouna - 3 dny | s ob\u011bdem, n\u00e1poji, pot\u00e1p\u011b\u010dsk\u00fdm vybaven\u00edm a transferem. Luxusn\u00ed lo\u010f | Profesion\u00e1ln\u00ed instruktor pot\u00e1p\u011bn\u00ed","breadcrumb":{"@id":"https:\/\/hurghadalovers.com\/cs\/tours\/padi-open-water-diver-course-in-el-gouna\/#breadcrumb"},"inLanguage":"cs","potentialAction":[{"@type":"ReadAction","target":["https:\/\/hurghadalovers.com\/cs\/tours\/padi-open-water-diver-course-in-el-gouna\/"]}]},{"@type":"ImageObject","inLanguage":"cs","@id":"https:\/\/hurghadalovers.com\/cs\/tours\/padi-open-water-diver-course-in-el-gouna\/#primaryimage","url":"https:\/\/hurghadalovers.com\/wp-content\/uploads\/2023\/08\/PADI-Open-Water-Diver-Course-in-Hurghada.jpeg","contentUrl":"https:\/\/hurghadalovers.com\/wp-content\/uploads\/2023\/08\/PADI-Open-Water-Diver-Course-in-Hurghada.jpeg","width":1555,"height":1038,"caption":"PADI Open Water Diver Course in Hurghada"},{"@type":"BreadcrumbList","@id":"https:\/\/hurghadalovers.com\/cs\/tours\/padi-open-water-diver-course-in-el-gouna\/#breadcrumb","itemListElement":[{"@type":"ListItem","position":1,"name":"Home","item":"https:\/\/hurghadalovers.com\/cs\/"},{"@type":"ListItem","position":2,"name":"Shop","item":"https:\/\/hurghadalovers.com\/shop\/"},{"@type":"ListItem","position":3,"name":"Kurz pot\u00e1p\u011bn\u00ed PADI Open Water v El Gouna"}]},{"@type":"WebSite","@id":"https:\/\/hurghadalovers.com\/cs\/#website","url":"https:\/\/hurghadalovers.com\/cs\/","name":"Hurghada Excursions & Day Trips | Booking Best Prices Tours","description":"Hurghada Lovers - Best Tour Operator - Excursions &amp; Things to do for Family Day Trips with kids and Couples Romantic. Unique .Hidden gems","publisher":{"@id":"https:\/\/hurghadalovers.com\/cs\/#organization"},"alternateName":"Hurghada Excursions","potentialAction":[{"@type":"SearchAction","target":{"@type":"EntryPoint","urlTemplate":"https:\/\/hurghadalovers.com\/cs\/?s={search_term_string}"},"query-input":{"@type":"PropertyValueSpecification","valueRequired":true,"valueName":"search_term_string"}}],"inLanguage":"cs"},{"@type":["Organization","Place","TravelAgency"],"@id":"https:\/\/hurghadalovers.com\/cs\/#organization","name":"Hurghada Excursions","url":"https:\/\/hurghadalovers.com\/cs\/","logo":{"@id":"https:\/\/hurghadalovers.com\/cs\/tours\/padi-open-water-diver-course-in-el-gouna\/#local-main-organization-logo"},"image":{"@id":"https:\/\/hurghadalovers.com\/cs\/tours\/padi-open-water-diver-course-in-el-gouna\/#local-main-organization-logo"},"sameAs":["https:\/\/www.facebook.com\/Hurghadaloversegypt"],"address":{"@id":"https:\/\/hurghadalovers.com\/cs\/tours\/padi-open-water-diver-course-in-el-gouna\/#local-main-place-address"},"telephone":["00201112596434"],"contactPoint":{"@type":"ContactPoint","telephone":"00201112596434","email":"weyouface@gmail.com"},"openingHoursSpecification":{"@type":"OpeningHoursSpecification","dayOfWeek":["Monday","Tuesday","Wednesday","Thursday","Friday","Saturday","Sunday"],"opens":"00:00","closes":"23:59"},"email":"weyouface@gmail.com","areaServed":"Luxor, Hurghada, El Gouna, Aswan, Sharm El Sheikh, Giza, Alexandria, Marsa Alam, Quseir, Soma Bay, Sahl Hasheesh, Red Sea, Makadi Bay, Cairo","priceRange":"$","currenciesAccepted":"euro","paymentAccepted":"cash on site"},{"@type":"PostalAddress","@id":"https:\/\/hurghadalovers.com\/cs\/tours\/padi-open-water-diver-course-in-el-gouna\/#local-main-place-address","streetAddress":"17 Banks street, Alkawther area, top nbk bank","addressLocality":"hurghada","postalCode":"84511","addressRegion":"red sea","addressCountry":"EG"},{"@type":"ImageObject","inLanguage":"cs","@id":"https:\/\/hurghadalovers.com\/cs\/tours\/padi-open-water-diver-course-in-el-gouna\/#local-main-organization-logo","url":"https:\/\/hurghadalovers.com\/wp-content\/uploads\/2019\/10\/hurghada-excursions-logo.png","contentUrl":"https:\/\/hurghadalovers.com\/wp-content\/uploads\/2019\/10\/hurghada-excursions-logo.png","width":272,"height":90,"caption":"Hurghada Excursions"}]},"product_brand":"V\u00fdlety EL Gouna","product_price_amount":"260","product_price_currency":"EUR","og_availability":"instock","product_availability":"instock","product_retailer_item_id":"Gouna802024","product_condition":"new","geo.placename":"hurghada","geo.region":"Egypt"},"_links":{"self":[{"href":"https:\/\/hurghadalovers.com\/cs\/wp-json\/wp\/v2\/product\/395725","targetHints":{"allow":["GET"]}}],"collection":[{"href":"https:\/\/hurghadalovers.com\/cs\/wp-json\/wp\/v2\/product"}],"about":[{"href":"https:\/\/hurghadalovers.com\/cs\/wp-json\/wp\/v2\/types\/product"}],"wp:featuredmedia":[{"embeddable":true,"href":"https:\/\/hurghadalovers.com\/cs\/wp-json\/wp\/v2\/media\/931876"}],"wp:attachment":[{"href":"https:\/\/hurghadalovers.com\/cs\/wp-json\/wp\/v2\/media?parent=395725"}],"wp:term":[{"taxonomy":"product_brand","embeddable":true,"href":"https:\/\/hurghadalovers.com\/cs\/wp-json\/wp\/v2\/product_brand?post=395725"},{"taxonomy":"product_cat","embeddable":true,"href":"https:\/\/hurghadalovers.com\/cs\/wp-json\/wp\/v2\/product_cat?post=395725"},{"taxonomy":"product_tag","embeddable":true,"href":"https:\/\/hurghadalovers.com\/cs\/wp-json\/wp\/v2\/product_tag?post=395725"}],"curies":[{"name":"wp","href":"https:\/\/api.w.org\/{rel}","templated":true}]}}