{"id":395547,"date":"2023-09-03T15:26:37","date_gmt":"2023-09-03T15:28:47","guid":{"rendered":"https:\/\/hurghadalovers.com\/shop\/nezarazene\/pujcovna-rychlych-clunu-el-gouna-do-orange-bay-paradise-island\/"},"modified":"2026-02-10T02:49:30","modified_gmt":"2026-02-10T02:49:30","slug":"el-gouna-pujcovna-rychlych-clunu-do-oranzoveho-zatoky-paradise-ostrova","status":"publish","type":"product","link":"https:\/\/hurghadalovers.com\/cs\/tours\/el-gouna-pujcovna-rychlych-clunu-do-oranzoveho-zatoky-paradise-ostrova\/","title":{"rendered":"P\u016fj\u010dovna rychl\u00fdch \u010dlun\u016f El Gouna do Orange Bay &amp; Paradise Island"},"content":{"rendered":"<p><strong>P\u016fj\u010dovna rychl\u00fdch \u010dlun\u016f<\/strong> <strong>El Gouna<\/strong> <strong>do Orange Bay a na Rajsk\u00fd ostrov<\/strong> | Soukrom\u00e9 luxusn\u00ed rychl\u00e9 \u010dluny se vstupenkami, \u0161norchlov\u00e1n\u00edm a transferem.<\/p>\n<p style=\"text-align: center;\"><span style=\"color: #00ccff;\">Nejkr\u00e1sn\u011bj\u0161\u00ed El Gouna <strong>Aktivity vhodn\u00e9 pro rodiny s<\/strong> <strong>d\u011btmi<\/strong>, seniory, <strong>l\u00edb\u00e1nky<\/strong> a <strong>p\u00e1ry<\/strong>.<\/span><\/p>\n<p>U\u017eijte si v\u00fdjime\u010dn\u00fd den a jedine\u010dn\u00fd z\u00e1\u017eitek s v\u011bt\u0161\u00edm <strong>soukrom\u00edm<\/strong> a <strong>luxusem<\/strong> a vydejte se s rodinou a p\u0159\u00e1teli na nejkr\u00e1sn\u011bj\u0161\u00ed pl\u00e1\u017ee <strong>ostrova Giftun<\/strong> a zaplavte si na nejkr\u00e1sn\u011bj\u0161\u00edch m\u00edstech <strong>kor\u00e1lov\u00fdch \u00fates\u016f<\/strong>.<\/p>\n<p>Poskytujeme rezervace pouze soukrom\u00fd pron\u00e1jem motorov\u00e9ho \u010dlunu do <strong>Orange bay &amp; Paradise Island <\/strong>se vstupenkami a u\u017eijte si pl\u00e1\u017e na 4-5 hodin a zp\u011bt.<\/p>\n<p>&nbsp;<\/p>\n<p><strong>Nejd\u016fle\u017eit\u011bj\u0161\u00ed informace:<\/strong><\/p>\n<ul>\n<li>jedno m\u00edsto \u0160norchlov\u00e1n\u00ed House Reef.<\/li>\n<li>1 hodina na pl\u00e1\u017ei Paradise Island.<\/li>\n<li>1 hodina na pl\u00e1\u017ei Orange bay Island Beach.<\/li>\n<\/ul>\n<p><strong>Podrobnosti:<\/strong><\/p>\n<ul>\n<li>Dostupnost prohl\u00eddky: Ka\u017ed\u00fd den.<\/li>\n<li>Typ z\u00e1jezdu: Soukrom\u00fd.<\/li>\n<li>\u010cas vyzvednut\u00ed: Od 07:30 nebo od 12:30.<\/li>\n<li>\u010cas vyzvednut\u00ed: 13:00 nebo 18:00.<\/li>\n<li>Bezbari\u00e9rov\u00fd p\u0159\u00edstup.<\/li>\n<li>Doba trv\u00e1n\u00ed: Doba trv\u00e1n\u00ed: 4-5 hod.<\/li>\n<\/ul>\n<p><strong>Rezervujte nyn\u00ed a zapla\u0165te pozd\u011bji:<\/strong><\/p>\n<ul>\n<li>Hotovost na m\u00edst\u011b pro pr\u016fvodce.<\/li>\n<li>Platba egyptsk\u00fdmi librami, $, \u20ac nebo \u00a3.<\/li>\n<\/ul>\n<p><strong>Storno podm\u00ednky:<\/strong><\/p>\n<ul>\n<li>Zru\u0161it a\u017e 24 hodin p\u0159edem.<\/li>\n<li>Kdy\u017e n\u011bkdo z va\u0161\u00ed rodiny zru\u0161\u00ed dopoledne, zaplat\u00ed 50 % n\u00e1klad\u016f.<\/li>\n<\/ul>\n<p><strong>Co je v cen\u011b?<\/strong><\/p>\n<ul>\n<li>Transfer z hotel\u016f El Gouna &#8222;Hotel pick up and drop off&#8220;.<\/li>\n<li>V\u0161echny dan\u011b, vstupn\u00ed poplatky a manipula\u010dn\u00ed poplatky.<\/li>\n<li>Miner\u00e1ln\u00ed voda + Cola.<\/li>\n<li>jedno m\u00edsto pro \u0161norchlov\u00e1n\u00ed.<\/li>\n<li>\u0160norchlovac\u00ed vybaven\u00ed &#8222;Masky a ploutve&#8220;.<\/li>\n<li>1 hodina na pl\u00e1\u017ei Paradise Island.<\/li>\n<li>1 hodina na pl\u00e1\u017ei Orange bay Island Beach.<\/li>\n<\/ul>\n<p><strong>V\u00fdjimky?<\/strong><\/p>\n<ul>\n<li>Spropitn\u00e9.<\/li>\n<li>N\u00e1poje v restauraci Paradise Island.<\/li>\n<li>P\u0159\u00edplatky, kter\u00e9 nebyly zm\u00edn\u011bny.<\/li>\n<\/ul>\n<p><strong>Ceny:<\/strong><\/p>\n<ul>\n<li>Pron\u00e1jem rychl\u00e9ho \u010dlunu na Rajsk\u00fd ostrov se vstupenkami &#8222;2 osoby&#8220; a transferem = 240$<\/li>\n<li>Pron\u00e1jem rychl\u00e9ho \u010dlunu na Rajsk\u00fd ostrov se vstupenkami &#8222;2 osoby&#8220;, \u0161norchlov\u00e1n\u00edm a transferem = 300$<\/li>\n<li><strong>A\u017e 2 osoby Vstupenka nav\u00edc = 5 USD na osobu.<\/strong><\/li>\n<\/ul>\n<p><strong>Recenze:<\/strong><\/p>\n<p>pod\u00edvejte se na na\u0161e recenze na Google Map jako nejlep\u0161\u00ed <a href=\"https:\/\/g.page\/r\/CUeYvkngP3wkEBM\/review\">cestovn\u00ed kancel\u00e1\u0159 v Hurghad\u011b<\/a> online v <a href=\"https:\/\/hurghadalovers.com\/\">Hurghad\u011b<\/a> Egypt.<\/p>\n<p>&nbsp;<\/p>\n<p><strong>Rezervace:<\/strong><\/p>\n<p>Odeslat hotel + \u010d\u00edslo pokoje + foto pas\u016f na WhatsApp: <strong>+201112596434<\/strong><\/p>\n<p>Pokud jste z Egypta Rezervace nyn\u00ed on-line a potvrdit p\u0159i p\u0159\u00edjezdu Hotel.<\/p>\n<p>&nbsp;<\/p>\n<p>&nbsp;<\/p>\n","protected":false},"excerpt":{"rendered":"<p><strong>P\u016fj\u010dovna rychl\u00fdch \u010dlun\u016f<\/strong> <strong>El Gouna<\/strong> <strong>do Orange Bay a na Rajsk\u00fd ostrov<\/strong> | Soukrom\u00e9 luxusn\u00ed rychl\u00e9 \u010dluny se vstupenkami, \u0161norchlov\u00e1n\u00edm a transferem. a dal\u0161\u00ed pro d\u011bti a rodinu&#8230;<\/p>\n","protected":false},"featured_media":395353,"template":"","meta":{"_joinchat":[]},"product_brand":[],"product_cat":[29708],"product_tag":[],"class_list":{"0":"post-395547","1":"product","2":"type-product","3":"status-publish","4":"has-post-thumbnail","6":"product_cat-egypt-tours-cs","7":"tour_category-el-gouna-tours-cs","8":"tour_category-el-gouna-snorkeling-cs","10":"first","11":"instock","12":"sale","13":"shipping-taxable","14":"purchasable","15":"product-type-tour"},"yoast_head":"<!-- This site is optimized with the Yoast SEO Premium plugin v26.9 (Yoast SEO v27.2) - https:\/\/yoast.com\/product\/yoast-seo-premium-wordpress\/ -->\n<title>P\u016fj\u010dovna rychl\u00fdch \u010dlun\u016f El Gouna do Orange Bay &amp; Paradise Island<\/title>\n<meta name=\"description\" content=\"P\u016fj\u010dovna rychl\u00fdch \u010dlun\u016f El Gouna do Orange Bay a na Rajsk\u00fd ostrov | Soukrom\u00e9 luxusn\u00ed rychl\u00e9 \u010dluny se vstupenkami, \u0161norchlov\u00e1n\u00edm a transferem.\" \/>\n<meta name=\"robots\" content=\"index, follow, max-snippet:-1, max-image-preview:large, max-video-preview:-1\" \/>\n<link rel=\"canonical\" href=\"https:\/\/hurghadalovers.com\/cs\/tours\/el-gouna-pujcovna-rychlych-clunu-do-oranzoveho-zatoky-paradise-ostrova\/\" \/>\n<meta property=\"og:locale\" content=\"cs_CZ\" \/>\n<meta property=\"og:type\" content=\"article\" \/>\n<meta property=\"og:title\" content=\"P\u016fj\u010dovna rychl\u00fdch \u010dlun\u016f El Gouna do Orange Bay &amp; Paradise Island\" \/>\n<meta property=\"og:description\" content=\"P\u016fj\u010dovna rychl\u00fdch \u010dlun\u016f El Gouna do Orange Bay a na Rajsk\u00fd ostrov | Soukrom\u00e9 luxusn\u00ed rychl\u00e9 \u010dluny se vstupenkami, \u0161norchlov\u00e1n\u00edm a transferem.\" \/>\n<meta property=\"og:url\" content=\"https:\/\/hurghadalovers.com\/cs\/tours\/el-gouna-pujcovna-rychlych-clunu-do-oranzoveho-zatoky-paradise-ostrova\/\" \/>\n<meta property=\"og:site_name\" content=\"Hurghada Excursions &amp; Day Trips | Booking Best Prices Tours\" \/>\n<meta property=\"article:publisher\" content=\"https:\/\/www.facebook.com\/Hurghadaloversegypt\" \/>\n<meta property=\"article:modified_time\" content=\"2026-02-10T02:49:30+00:00\" \/>\n<meta property=\"og:image\" content=\"https:\/\/hurghadalovers.com\/wp-content\/uploads\/2023\/09\/El-Gouna-Speedboat-Rental-to-Orange-bay-Paradise-Island.jpeg\" \/>\n\t<meta property=\"og:image:width\" content=\"1156\" \/>\n\t<meta property=\"og:image:height\" content=\"867\" \/>\n\t<meta property=\"og:image:type\" content=\"image\/jpeg\" \/>\n<meta name=\"twitter:card\" content=\"summary_large_image\" \/>\n<meta name=\"twitter:label1\" content=\"Cena\" \/>\n\t<meta name=\"twitter:data1\" content=\"&euro;&nbsp;240\" \/>\n\t<meta name=\"twitter:label2\" content=\"Dostupnost\" \/>\n\t<meta name=\"twitter:data2\" content=\"Skladem\" \/>\n<script type=\"application\/ld+json\" class=\"yoast-schema-graph\">{\"@context\":\"https:\/\/schema.org\",\"@graph\":[{\"@type\":[\"WebPage\",\"ItemPage\"],\"@id\":\"https:\/\/hurghadalovers.com\/cs\/tours\/el-gouna-pujcovna-rychlych-clunu-do-oranzoveho-zatoky-paradise-ostrova\/\",\"url\":\"https:\/\/hurghadalovers.com\/cs\/tours\/el-gouna-pujcovna-rychlych-clunu-do-oranzoveho-zatoky-paradise-ostrova\/\",\"name\":\"P\u016fj\u010dovna rychl\u00fdch \u010dlun\u016f El Gouna do Orange Bay & Paradise Island\",\"isPartOf\":{\"@id\":\"https:\/\/hurghadalovers.com\/cs\/#website\"},\"primaryImageOfPage\":{\"@id\":\"https:\/\/hurghadalovers.com\/cs\/tours\/el-gouna-pujcovna-rychlych-clunu-do-oranzoveho-zatoky-paradise-ostrova\/#primaryimage\"},\"image\":{\"@id\":\"https:\/\/hurghadalovers.com\/cs\/tours\/el-gouna-pujcovna-rychlych-clunu-do-oranzoveho-zatoky-paradise-ostrova\/#primaryimage\"},\"thumbnailUrl\":\"https:\/\/hurghadalovers.com\/wp-content\/uploads\/2023\/09\/El-Gouna-Speedboat-Rental-to-Orange-bay-Paradise-Island.jpeg\",\"datePublished\":\"2023-09-03T15:28:47+00:00\",\"dateModified\":\"2026-02-10T02:49:30+00:00\",\"description\":\"P\u016fj\u010dovna rychl\u00fdch \u010dlun\u016f El Gouna do Orange Bay a na Rajsk\u00fd ostrov | Soukrom\u00e9 luxusn\u00ed rychl\u00e9 \u010dluny se vstupenkami, \u0161norchlov\u00e1n\u00edm a transferem.\",\"breadcrumb\":{\"@id\":\"https:\/\/hurghadalovers.com\/cs\/tours\/el-gouna-pujcovna-rychlych-clunu-do-oranzoveho-zatoky-paradise-ostrova\/#breadcrumb\"},\"inLanguage\":\"cs\",\"potentialAction\":[{\"@type\":\"ReadAction\",\"target\":[\"https:\/\/hurghadalovers.com\/cs\/tours\/el-gouna-pujcovna-rychlych-clunu-do-oranzoveho-zatoky-paradise-ostrova\/\"]}]},{\"@type\":\"ImageObject\",\"inLanguage\":\"cs\",\"@id\":\"https:\/\/hurghadalovers.com\/cs\/tours\/el-gouna-pujcovna-rychlych-clunu-do-oranzoveho-zatoky-paradise-ostrova\/#primaryimage\",\"url\":\"https:\/\/hurghadalovers.com\/wp-content\/uploads\/2023\/09\/El-Gouna-Speedboat-Rental-to-Orange-bay-Paradise-Island.jpeg\",\"contentUrl\":\"https:\/\/hurghadalovers.com\/wp-content\/uploads\/2023\/09\/El-Gouna-Speedboat-Rental-to-Orange-bay-Paradise-Island.jpeg\",\"width\":1156,\"height\":867,\"caption\":\"P\u016fj\u010dovna rychl\u00fdch \u010dlun\u016f El Gouna do Orange Bay &amp; Paradise Island\"},{\"@type\":\"BreadcrumbList\",\"@id\":\"https:\/\/hurghadalovers.com\/cs\/tours\/el-gouna-pujcovna-rychlych-clunu-do-oranzoveho-zatoky-paradise-ostrova\/#breadcrumb\",\"itemListElement\":[{\"@type\":\"ListItem\",\"position\":1,\"name\":\"Home\",\"item\":\"https:\/\/hurghadalovers.com\/cs\/\"},{\"@type\":\"ListItem\",\"position\":2,\"name\":\"Shop\",\"item\":\"https:\/\/hurghadalovers.com\/shop\/\"},{\"@type\":\"ListItem\",\"position\":3,\"name\":\"P\u016fj\u010dovna rychl\u00fdch \u010dlun\u016f El Gouna do Orange Bay &amp; Paradise Island\"}]},{\"@type\":\"WebSite\",\"@id\":\"https:\/\/hurghadalovers.com\/cs\/#website\",\"url\":\"https:\/\/hurghadalovers.com\/cs\/\",\"name\":\"Hurghada Excursions & Day Trips | Booking Best Prices Tours\",\"description\":\"Hurghada Lovers - Best Tour Operator - Excursions &amp; Things to do for Family Day Trips with kids and Couples Romantic. Unique .Hidden gems\",\"publisher\":{\"@id\":\"https:\/\/hurghadalovers.com\/cs\/#organization\"},\"alternateName\":\"Hurghada Excursions\",\"potentialAction\":[{\"@type\":\"SearchAction\",\"target\":{\"@type\":\"EntryPoint\",\"urlTemplate\":\"https:\/\/hurghadalovers.com\/cs\/?s={search_term_string}\"},\"query-input\":{\"@type\":\"PropertyValueSpecification\",\"valueRequired\":true,\"valueName\":\"search_term_string\"}}],\"inLanguage\":\"cs\"},{\"@type\":[\"Organization\",\"Place\",\"TravelAgency\"],\"@id\":\"https:\/\/hurghadalovers.com\/cs\/#organization\",\"name\":\"Hurghada Excursions\",\"url\":\"https:\/\/hurghadalovers.com\/cs\/\",\"logo\":{\"@id\":\"https:\/\/hurghadalovers.com\/cs\/tours\/el-gouna-pujcovna-rychlych-clunu-do-oranzoveho-zatoky-paradise-ostrova\/#local-main-organization-logo\"},\"image\":{\"@id\":\"https:\/\/hurghadalovers.com\/cs\/tours\/el-gouna-pujcovna-rychlych-clunu-do-oranzoveho-zatoky-paradise-ostrova\/#local-main-organization-logo\"},\"sameAs\":[\"https:\/\/www.facebook.com\/Hurghadaloversegypt\"],\"address\":{\"@id\":\"https:\/\/hurghadalovers.com\/cs\/tours\/el-gouna-pujcovna-rychlych-clunu-do-oranzoveho-zatoky-paradise-ostrova\/#local-main-place-address\"},\"telephone\":[\"00201112596434\"],\"contactPoint\":{\"@type\":\"ContactPoint\",\"telephone\":\"00201112596434\",\"email\":\"weyouface@gmail.com\"},\"openingHoursSpecification\":{\"@type\":\"OpeningHoursSpecification\",\"dayOfWeek\":[\"Monday\",\"Tuesday\",\"Wednesday\",\"Thursday\",\"Friday\",\"Saturday\",\"Sunday\"],\"opens\":\"00:00\",\"closes\":\"23:59\"},\"email\":\"weyouface@gmail.com\",\"areaServed\":\"Luxor, Hurghada, El Gouna, Aswan, Sharm El Sheikh, Giza, Alexandria, Marsa Alam, Quseir, Soma Bay, Sahl Hasheesh, Red Sea, Makadi Bay, Cairo\",\"priceRange\":\"$\",\"currenciesAccepted\":\"euro\",\"paymentAccepted\":\"cash on site\"},{\"@type\":\"PostalAddress\",\"@id\":\"https:\/\/hurghadalovers.com\/cs\/tours\/el-gouna-pujcovna-rychlych-clunu-do-oranzoveho-zatoky-paradise-ostrova\/#local-main-place-address\",\"streetAddress\":\"17 Banks street, Alkawther area, top nbk bank\",\"addressLocality\":\"hurghada\",\"postalCode\":\"84511\",\"addressRegion\":\"red sea\",\"addressCountry\":\"EG\"},{\"@type\":\"ImageObject\",\"inLanguage\":\"cs\",\"@id\":\"https:\/\/hurghadalovers.com\/cs\/tours\/el-gouna-pujcovna-rychlych-clunu-do-oranzoveho-zatoky-paradise-ostrova\/#local-main-organization-logo\",\"url\":\"https:\/\/hurghadalovers.com\/wp-content\/uploads\/2019\/10\/hurghada-excursions-logo.png\",\"contentUrl\":\"https:\/\/hurghadalovers.com\/wp-content\/uploads\/2019\/10\/hurghada-excursions-logo.png\",\"width\":272,\"height\":90,\"caption\":\"Hurghada Excursions\"}]}<\/script>\n<meta property=\"product:brand\" content=\"V\u00fdlety EL Gouna\" \/>\n<meta property=\"product:price:amount\" content=\"240\" \/>\n<meta property=\"product:price:currency\" content=\"EUR\" \/>\n<meta property=\"og:availability\" content=\"instock\" \/>\n<meta property=\"product:availability\" content=\"instock\" \/>\n<meta property=\"product:retailer_item_id\" content=\"Gouna73024\" \/>\n<meta property=\"product:condition\" content=\"new\" \/>\n<meta name=\"geo.placename\" content=\"hurghada\" \/>\n<meta name=\"geo.region\" content=\"Egypt\" \/>\n<!-- \/ Yoast SEO Premium plugin. -->","yoast_head_json":{"title":"P\u016fj\u010dovna rychl\u00fdch \u010dlun\u016f El Gouna do Orange Bay & Paradise Island","description":"P\u016fj\u010dovna rychl\u00fdch \u010dlun\u016f El Gouna do Orange Bay a na Rajsk\u00fd ostrov | Soukrom\u00e9 luxusn\u00ed rychl\u00e9 \u010dluny se vstupenkami, \u0161norchlov\u00e1n\u00edm a transferem.","robots":{"index":"index","follow":"follow","max-snippet":"max-snippet:-1","max-image-preview":"max-image-preview:large","max-video-preview":"max-video-preview:-1"},"canonical":"https:\/\/hurghadalovers.com\/cs\/tours\/el-gouna-pujcovna-rychlych-clunu-do-oranzoveho-zatoky-paradise-ostrova\/","og_locale":"cs_CZ","og_type":"article","og_title":"P\u016fj\u010dovna rychl\u00fdch \u010dlun\u016f El Gouna do Orange Bay &amp; Paradise Island","og_description":"P\u016fj\u010dovna rychl\u00fdch \u010dlun\u016f El Gouna do Orange Bay a na Rajsk\u00fd ostrov | Soukrom\u00e9 luxusn\u00ed rychl\u00e9 \u010dluny se vstupenkami, \u0161norchlov\u00e1n\u00edm a transferem.","og_url":"https:\/\/hurghadalovers.com\/cs\/tours\/el-gouna-pujcovna-rychlych-clunu-do-oranzoveho-zatoky-paradise-ostrova\/","og_site_name":"Hurghada Excursions &amp; Day Trips | Booking Best Prices Tours","article_publisher":"https:\/\/www.facebook.com\/Hurghadaloversegypt","article_modified_time":"2026-02-10T02:49:30+00:00","og_image":[{"width":1156,"height":867,"url":"https:\/\/hurghadalovers.com\/wp-content\/uploads\/2023\/09\/El-Gouna-Speedboat-Rental-to-Orange-bay-Paradise-Island.jpeg","type":"image\/jpeg"}],"twitter_card":"summary_large_image","twitter_misc":{"Cena":"&euro;&nbsp;240","Dostupnost":"Skladem"},"schema":{"@context":"https:\/\/schema.org","@graph":[{"@type":["WebPage","ItemPage"],"@id":"https:\/\/hurghadalovers.com\/cs\/tours\/el-gouna-pujcovna-rychlych-clunu-do-oranzoveho-zatoky-paradise-ostrova\/","url":"https:\/\/hurghadalovers.com\/cs\/tours\/el-gouna-pujcovna-rychlych-clunu-do-oranzoveho-zatoky-paradise-ostrova\/","name":"P\u016fj\u010dovna rychl\u00fdch \u010dlun\u016f El Gouna do Orange Bay & Paradise Island","isPartOf":{"@id":"https:\/\/hurghadalovers.com\/cs\/#website"},"primaryImageOfPage":{"@id":"https:\/\/hurghadalovers.com\/cs\/tours\/el-gouna-pujcovna-rychlych-clunu-do-oranzoveho-zatoky-paradise-ostrova\/#primaryimage"},"image":{"@id":"https:\/\/hurghadalovers.com\/cs\/tours\/el-gouna-pujcovna-rychlych-clunu-do-oranzoveho-zatoky-paradise-ostrova\/#primaryimage"},"thumbnailUrl":"https:\/\/hurghadalovers.com\/wp-content\/uploads\/2023\/09\/El-Gouna-Speedboat-Rental-to-Orange-bay-Paradise-Island.jpeg","datePublished":"2023-09-03T15:28:47+00:00","dateModified":"2026-02-10T02:49:30+00:00","description":"P\u016fj\u010dovna rychl\u00fdch \u010dlun\u016f El Gouna do Orange Bay a na Rajsk\u00fd ostrov | Soukrom\u00e9 luxusn\u00ed rychl\u00e9 \u010dluny se vstupenkami, \u0161norchlov\u00e1n\u00edm a transferem.","breadcrumb":{"@id":"https:\/\/hurghadalovers.com\/cs\/tours\/el-gouna-pujcovna-rychlych-clunu-do-oranzoveho-zatoky-paradise-ostrova\/#breadcrumb"},"inLanguage":"cs","potentialAction":[{"@type":"ReadAction","target":["https:\/\/hurghadalovers.com\/cs\/tours\/el-gouna-pujcovna-rychlych-clunu-do-oranzoveho-zatoky-paradise-ostrova\/"]}]},{"@type":"ImageObject","inLanguage":"cs","@id":"https:\/\/hurghadalovers.com\/cs\/tours\/el-gouna-pujcovna-rychlych-clunu-do-oranzoveho-zatoky-paradise-ostrova\/#primaryimage","url":"https:\/\/hurghadalovers.com\/wp-content\/uploads\/2023\/09\/El-Gouna-Speedboat-Rental-to-Orange-bay-Paradise-Island.jpeg","contentUrl":"https:\/\/hurghadalovers.com\/wp-content\/uploads\/2023\/09\/El-Gouna-Speedboat-Rental-to-Orange-bay-Paradise-Island.jpeg","width":1156,"height":867,"caption":"P\u016fj\u010dovna rychl\u00fdch \u010dlun\u016f El Gouna do Orange Bay &amp; Paradise Island"},{"@type":"BreadcrumbList","@id":"https:\/\/hurghadalovers.com\/cs\/tours\/el-gouna-pujcovna-rychlych-clunu-do-oranzoveho-zatoky-paradise-ostrova\/#breadcrumb","itemListElement":[{"@type":"ListItem","position":1,"name":"Home","item":"https:\/\/hurghadalovers.com\/cs\/"},{"@type":"ListItem","position":2,"name":"Shop","item":"https:\/\/hurghadalovers.com\/shop\/"},{"@type":"ListItem","position":3,"name":"P\u016fj\u010dovna rychl\u00fdch \u010dlun\u016f El Gouna do Orange Bay &amp; Paradise Island"}]},{"@type":"WebSite","@id":"https:\/\/hurghadalovers.com\/cs\/#website","url":"https:\/\/hurghadalovers.com\/cs\/","name":"Hurghada Excursions & Day Trips | Booking Best Prices Tours","description":"Hurghada Lovers - Best Tour Operator - Excursions &amp; Things to do for Family Day Trips with kids and Couples Romantic. Unique .Hidden gems","publisher":{"@id":"https:\/\/hurghadalovers.com\/cs\/#organization"},"alternateName":"Hurghada Excursions","potentialAction":[{"@type":"SearchAction","target":{"@type":"EntryPoint","urlTemplate":"https:\/\/hurghadalovers.com\/cs\/?s={search_term_string}"},"query-input":{"@type":"PropertyValueSpecification","valueRequired":true,"valueName":"search_term_string"}}],"inLanguage":"cs"},{"@type":["Organization","Place","TravelAgency"],"@id":"https:\/\/hurghadalovers.com\/cs\/#organization","name":"Hurghada Excursions","url":"https:\/\/hurghadalovers.com\/cs\/","logo":{"@id":"https:\/\/hurghadalovers.com\/cs\/tours\/el-gouna-pujcovna-rychlych-clunu-do-oranzoveho-zatoky-paradise-ostrova\/#local-main-organization-logo"},"image":{"@id":"https:\/\/hurghadalovers.com\/cs\/tours\/el-gouna-pujcovna-rychlych-clunu-do-oranzoveho-zatoky-paradise-ostrova\/#local-main-organization-logo"},"sameAs":["https:\/\/www.facebook.com\/Hurghadaloversegypt"],"address":{"@id":"https:\/\/hurghadalovers.com\/cs\/tours\/el-gouna-pujcovna-rychlych-clunu-do-oranzoveho-zatoky-paradise-ostrova\/#local-main-place-address"},"telephone":["00201112596434"],"contactPoint":{"@type":"ContactPoint","telephone":"00201112596434","email":"weyouface@gmail.com"},"openingHoursSpecification":{"@type":"OpeningHoursSpecification","dayOfWeek":["Monday","Tuesday","Wednesday","Thursday","Friday","Saturday","Sunday"],"opens":"00:00","closes":"23:59"},"email":"weyouface@gmail.com","areaServed":"Luxor, Hurghada, El Gouna, Aswan, Sharm El Sheikh, Giza, Alexandria, Marsa Alam, Quseir, Soma Bay, Sahl Hasheesh, Red Sea, Makadi Bay, Cairo","priceRange":"$","currenciesAccepted":"euro","paymentAccepted":"cash on site"},{"@type":"PostalAddress","@id":"https:\/\/hurghadalovers.com\/cs\/tours\/el-gouna-pujcovna-rychlych-clunu-do-oranzoveho-zatoky-paradise-ostrova\/#local-main-place-address","streetAddress":"17 Banks street, Alkawther area, top nbk bank","addressLocality":"hurghada","postalCode":"84511","addressRegion":"red sea","addressCountry":"EG"},{"@type":"ImageObject","inLanguage":"cs","@id":"https:\/\/hurghadalovers.com\/cs\/tours\/el-gouna-pujcovna-rychlych-clunu-do-oranzoveho-zatoky-paradise-ostrova\/#local-main-organization-logo","url":"https:\/\/hurghadalovers.com\/wp-content\/uploads\/2019\/10\/hurghada-excursions-logo.png","contentUrl":"https:\/\/hurghadalovers.com\/wp-content\/uploads\/2019\/10\/hurghada-excursions-logo.png","width":272,"height":90,"caption":"Hurghada Excursions"}]},"product_brand":"V\u00fdlety EL Gouna","product_price_amount":"240","product_price_currency":"EUR","og_availability":"instock","product_availability":"instock","product_retailer_item_id":"Gouna73024","product_condition":"new","geo.placename":"hurghada","geo.region":"Egypt"},"_links":{"self":[{"href":"https:\/\/hurghadalovers.com\/cs\/wp-json\/wp\/v2\/product\/395547","targetHints":{"allow":["GET"]}}],"collection":[{"href":"https:\/\/hurghadalovers.com\/cs\/wp-json\/wp\/v2\/product"}],"about":[{"href":"https:\/\/hurghadalovers.com\/cs\/wp-json\/wp\/v2\/types\/product"}],"wp:featuredmedia":[{"embeddable":true,"href":"https:\/\/hurghadalovers.com\/cs\/wp-json\/wp\/v2\/media\/395353"}],"wp:attachment":[{"href":"https:\/\/hurghadalovers.com\/cs\/wp-json\/wp\/v2\/media?parent=395547"}],"wp:term":[{"taxonomy":"product_brand","embeddable":true,"href":"https:\/\/hurghadalovers.com\/cs\/wp-json\/wp\/v2\/product_brand?post=395547"},{"taxonomy":"product_cat","embeddable":true,"href":"https:\/\/hurghadalovers.com\/cs\/wp-json\/wp\/v2\/product_cat?post=395547"},{"taxonomy":"product_tag","embeddable":true,"href":"https:\/\/hurghadalovers.com\/cs\/wp-json\/wp\/v2\/product_tag?post=395547"}],"curies":[{"name":"wp","href":"https:\/\/api.w.org\/{rel}","templated":true}]}}