{"id":395197,"date":"2023-09-03T14:16:32","date_gmt":"2023-09-03T14:16:32","guid":{"rendered":"https:\/\/hurghadalovers.com\/shop\/nezarazene\/el-gouna-charterove-lode-na-ostrov-orange-bay-island\/"},"modified":"2026-02-08T04:59:04","modified_gmt":"2026-02-08T04:59:04","slug":"el-gouna-clun-chartery-na-orange-bay-island","status":"publish","type":"product","link":"https:\/\/hurghadalovers.com\/cs\/tours\/el-gouna-clun-chartery-na-orange-bay-island\/","title":{"rendered":"El Gouna &#8211; charterov\u00e9 lod\u011b na ostrov Orange bay Island"},"content":{"rendered":"<p><strong>El Gouna<\/strong> <strong>Lodn\u00ed charter na ostrov Orange Bay se<\/strong> \u0161norchlov\u00e1n\u00edm, vodn\u00edmi sporty a ob\u011bdem.<\/p>\n<p>Rezervace mal\u00e9 <strong>jachty<\/strong> od 3 do 6 osob nebo <strong>pron\u00e1jem<\/strong> luxusn\u00ed velk\u00e9 <strong>lodi<\/strong> od 8 do 35 osob s transferem do goto plav\u00e1n\u00ed v nejlep\u0161\u00edm <strong>dom\u011b \u00fatesu Spot<\/strong> a pobyt 2-4 hodin v nejlep\u0161\u00ed pl\u00e1\u017ei <strong>Giftun Island<\/strong> &#8222;Orange Bay Beach&#8220;.<\/p>\n<p>&nbsp;<\/p>\n<p><strong>Nejd\u016fle\u017eit\u011bj\u0161\u00ed informace:<\/strong><\/p>\n<ul>\n<li>2 m\u00edsta \u0160norchlov\u00e1n\u00ed House Reef.<\/li>\n<li>2-4 hodiny na pl\u00e1\u017ei Orange Bay Island.<\/li>\n<li>Vodn\u00ed sporty &#8222;Ban\u00e1n a Quattro&#8220;.<\/li>\n<\/ul>\n<p><strong>El Gouna<\/strong> <strong>Lodn\u00ed chartery na ostrov Orange Bay Podrobnosti:<\/strong><\/p>\n<ul>\n<li>Dostupnost prohl\u00eddky: Ka\u017ed\u00fd den.<\/li>\n<li>Typ z\u00e1jezdu: Soukrom\u00fd.<\/li>\n<li>\u010cas vyzvednut\u00ed: Od 07:30 hodin.<\/li>\n<li>\u010cas vyzvednut\u00ed: 17:00.<\/li>\n<li>Bezbari\u00e9rov\u00fd p\u0159\u00edstup.<\/li>\n<li>D\u00e9lka trv\u00e1n\u00ed: 8 hod.<\/li>\n<\/ul>\n<p><strong>Rezervujte nyn\u00ed a zapla\u0165te pozd\u011bji:<\/strong><\/p>\n<ul>\n<li>Hotovost na m\u00edst\u011b pro pr\u016fvodce.<\/li>\n<li>Platba egyptsk\u00fdmi librami, $, \u20ac nebo \u00a3.<\/li>\n<\/ul>\n<p><strong>Storno podm\u00ednky:<\/strong><\/p>\n<ul>\n<li>Zru\u0161it a\u017e 24 hodin p\u0159edem.<\/li>\n<li>Kdy\u017e n\u011bkdo z va\u0161\u00ed rodiny zru\u0161\u00ed dopoledne, zaplat\u00ed 50 % n\u00e1klad\u016f.<\/li>\n<\/ul>\n<p><strong>Co je v cen\u011b?<\/strong><\/p>\n<ul>\n<li>Transfer z hotel\u016f El Gouna &#8222;Hotel pick up and drop off&#8220;.<\/li>\n<li>V\u0161echny dan\u011b, vstupn\u00ed poplatky a manipula\u010dn\u00ed poplatky.<\/li>\n<li>Pr\u016fvodce.<\/li>\n<li>Miner\u00e1ln\u00ed voda + Cola + Ml\u00e9ko + K\u00e1va\/\u010caj.<\/li>\n<li>2 M\u00edsto pro \u0161norchlov\u00e1n\u00ed.<\/li>\n<li>\u0160norchlovac\u00ed vybaven\u00ed &#8222;Masky a ploutve&#8220;.<\/li>\n<li>2-4 hodiny na <strong>pl\u00e1\u017ei<\/strong> <strong>Orange Bay Island<\/strong>.<\/li>\n<li>VIP ob\u011bd formou bufetu na lodi.<\/li>\n<li>Z\u00e1chrann\u00e9 vesty.<\/li>\n<\/ul>\n<p><strong>V\u00fdjimky?<\/strong><\/p>\n<ul>\n<li>Spropitn\u00e9.<\/li>\n<li>N\u00e1poje v restauraci Orange Bay Island.<\/li>\n<li>Fotografov\u00e1n\u00ed a fotografie na cestu.<\/li>\n<li>Nab\u00edz\u00edme P\u016fj\u010dovna plavky &amp; plavky pro \u017eeny, mu\u017ee, d\u011bti v\u0161echny velikosti &#8220; 5$ za jeden&#8220;.<\/li>\n<li>P\u0159\u00edplatky, kter\u00e9 nebyly zm\u00edn\u011bny.<\/li>\n<\/ul>\n<p><strong>Ceny:<\/strong><\/p>\n<p><strong>Pron\u00e1jem mal\u00e9 jachty od 3 do 6 osob = 420$<\/strong><\/p>\n<p><strong>Pron\u00e1jem luxusn\u00ed velk\u00e9 lodi od 8 do 35 osob = 770$<\/strong><\/p>\n<p><strong>Recenze:<\/strong><\/p>\n<p>pod\u00edvejte se na na\u0161e recenze na Google Map jako nejlep\u0161\u00ed <a href=\"https:\/\/g.page\/r\/CUeYvkngP3wkEBM\/review\">cestovn\u00ed kancel\u00e1\u0159 v Hurghad\u011b<\/a> online v <a href=\"https:\/\/hurghadalovers.com\/\">Hurghad\u011b<\/a> Egypt.<\/p>\n<p><strong>Rezervace:<\/strong><\/p>\n<p>Odeslat hotel + \u010d\u00edslo pokoje + foto pas\u016f na WhatsApp: <strong>+201112596434<\/strong><\/p>\n<p>Pokud jste z Egypta Rezervace nyn\u00ed on-line a potvrdit p\u0159i p\u0159\u00edjezdu Hotel.<\/p>\n<p>&nbsp;<\/p>\n<p>&nbsp;<\/p>\n","protected":false},"excerpt":{"rendered":"<p><strong>El Gouna<\/strong> <strong>Lodn\u00ed charter na ostrov Orange Bay se<\/strong> \u0161norchlov\u00e1n\u00edm, vodn\u00edmi sporty a ob\u011bdem. Rezervace <strong>pron\u00e1jmu<\/strong> mal\u00e9 <strong>jachty<\/strong> od 3 do 6 osob nebo <strong>pron\u00e1jmu<\/strong> luxusn\u00ed velk\u00e9 <strong>lodi<\/strong> od 8 do 35 osob<\/p>\n","protected":false},"featured_media":934603,"template":"","meta":{"_joinchat":[]},"product_brand":[],"product_cat":[29708],"product_tag":[58259,58276,58252,58269,58284],"class_list":{"0":"post-395197","1":"product","2":"type-product","3":"status-publish","4":"has-post-thumbnail","6":"product_cat-egypt-tours-cs","7":"product_tag-charty-lodi-el-gouna","8":"product_tag-pujcovna-lodi-el-gouna","9":"product_tag-rychlostni-clun-el-gouna","10":"product_tag-soukroma-lod-el-gouna","11":"product_tag-soukromy-vylet-lodi-el-gouna","12":"tour_category-el-gouna-tours-cs","13":"tour_category-el-gouna-snorkeling-cs","15":"first","16":"instock","17":"sale","18":"shipping-taxable","19":"purchasable","20":"product-type-tour"},"yoast_head":"<!-- This site is optimized with the Yoast SEO Premium plugin v26.9 (Yoast SEO v27.2) - https:\/\/yoast.com\/product\/yoast-seo-premium-wordpress\/ -->\n<title>El Gouna Lodn\u00ed charter na ostrov Orange bay se \u0161norchlov\u00e1n\u00edm<\/title>\n<meta name=\"description\" content=\"El Gouna Lodn\u00ed charter na ostrov Orange Bay se \u0161norchlov\u00e1n\u00edm, vodn\u00edmi sporty a ob\u011bdem. Rezervace mal\u00e9 jachty od 3 do 6 osob nebo luxusn\u00ed velk\u00e9 jachty\" \/>\n<meta name=\"robots\" content=\"index, follow, max-snippet:-1, max-image-preview:large, max-video-preview:-1\" \/>\n<link rel=\"canonical\" href=\"https:\/\/hurghadalovers.com\/cs\/tours\/el-gouna-clun-chartery-na-orange-bay-island\/\" \/>\n<meta property=\"og:locale\" content=\"cs_CZ\" \/>\n<meta property=\"og:type\" content=\"article\" \/>\n<meta property=\"og:title\" content=\"El Gouna - charterov\u00e9 lod\u011b na ostrov Orange bay Island\" \/>\n<meta property=\"og:description\" content=\"El Gouna Lodn\u00ed charter na ostrov Orange Bay se \u0161norchlov\u00e1n\u00edm, vodn\u00edmi sporty a ob\u011bdem. Rezervace mal\u00e9 jachty od 3 do 6 osob nebo luxusn\u00ed velk\u00e9 jachty\" \/>\n<meta property=\"og:url\" content=\"https:\/\/hurghadalovers.com\/cs\/tours\/el-gouna-clun-chartery-na-orange-bay-island\/\" \/>\n<meta property=\"og:site_name\" content=\"Hurghada Excursions &amp; Day Trips | Booking Best Prices Tours\" \/>\n<meta property=\"article:publisher\" content=\"https:\/\/www.facebook.com\/Hurghadaloversegypt\" \/>\n<meta property=\"article:modified_time\" content=\"2026-02-08T04:59:04+00:00\" \/>\n<meta property=\"og:image\" content=\"https:\/\/hurghadalovers.com\/wp-content\/uploads\/2023\/08\/Private-Soma-bay-Speed-boat-Rides-Half-Full-Day-Day-Cruises-All-Inclusive-2026.jpeg\" \/>\n\t<meta property=\"og:image:width\" content=\"1040\" \/>\n\t<meta property=\"og:image:height\" content=\"694\" \/>\n\t<meta property=\"og:image:type\" content=\"image\/jpeg\" \/>\n<meta name=\"twitter:card\" content=\"summary_large_image\" \/>\n<meta name=\"twitter:label1\" content=\"Cena\" \/>\n\t<meta name=\"twitter:data1\" content=\"&euro;&nbsp;430\" \/>\n\t<meta name=\"twitter:label2\" content=\"Dostupnost\" \/>\n\t<meta name=\"twitter:data2\" content=\"Skladem\" \/>\n<script type=\"application\/ld+json\" class=\"yoast-schema-graph\">{\"@context\":\"https:\/\/schema.org\",\"@graph\":[{\"@type\":[\"WebPage\",\"ItemPage\"],\"@id\":\"https:\/\/hurghadalovers.com\/cs\/tours\/el-gouna-clun-chartery-na-orange-bay-island\/\",\"url\":\"https:\/\/hurghadalovers.com\/cs\/tours\/el-gouna-clun-chartery-na-orange-bay-island\/\",\"name\":\"El Gouna Lodn\u00ed charter na ostrov Orange bay se \u0161norchlov\u00e1n\u00edm\",\"isPartOf\":{\"@id\":\"https:\/\/hurghadalovers.com\/cs\/#website\"},\"primaryImageOfPage\":{\"@id\":\"https:\/\/hurghadalovers.com\/cs\/tours\/el-gouna-clun-chartery-na-orange-bay-island\/#primaryimage\"},\"image\":{\"@id\":\"https:\/\/hurghadalovers.com\/cs\/tours\/el-gouna-clun-chartery-na-orange-bay-island\/#primaryimage\"},\"thumbnailUrl\":\"https:\/\/hurghadalovers.com\/wp-content\/uploads\/2023\/08\/Private-Soma-bay-Speed-boat-Rides-Half-Full-Day-Day-Cruises-All-Inclusive-2026.jpeg\",\"datePublished\":\"2023-09-03T14:16:32+00:00\",\"dateModified\":\"2026-02-08T04:59:04+00:00\",\"description\":\"El Gouna Lodn\u00ed charter na ostrov Orange Bay se \u0161norchlov\u00e1n\u00edm, vodn\u00edmi sporty a ob\u011bdem. Rezervace mal\u00e9 jachty od 3 do 6 osob nebo luxusn\u00ed velk\u00e9 jachty\",\"breadcrumb\":{\"@id\":\"https:\/\/hurghadalovers.com\/cs\/tours\/el-gouna-clun-chartery-na-orange-bay-island\/#breadcrumb\"},\"inLanguage\":\"cs\",\"potentialAction\":[{\"@type\":\"ReadAction\",\"target\":[\"https:\/\/hurghadalovers.com\/cs\/tours\/el-gouna-clun-chartery-na-orange-bay-island\/\"]}]},{\"@type\":\"ImageObject\",\"inLanguage\":\"cs\",\"@id\":\"https:\/\/hurghadalovers.com\/cs\/tours\/el-gouna-clun-chartery-na-orange-bay-island\/#primaryimage\",\"url\":\"https:\/\/hurghadalovers.com\/wp-content\/uploads\/2023\/08\/Private-Soma-bay-Speed-boat-Rides-Half-Full-Day-Day-Cruises-All-Inclusive-2026.jpeg\",\"contentUrl\":\"https:\/\/hurghadalovers.com\/wp-content\/uploads\/2023\/08\/Private-Soma-bay-Speed-boat-Rides-Half-Full-Day-Day-Cruises-All-Inclusive-2026.jpeg\",\"width\":1040,\"height\":694,\"caption\":\"Private Soma bay Speed boat Rides Half : Full Day Day Cruises All Inclusive 2026\"},{\"@type\":\"BreadcrumbList\",\"@id\":\"https:\/\/hurghadalovers.com\/cs\/tours\/el-gouna-clun-chartery-na-orange-bay-island\/#breadcrumb\",\"itemListElement\":[{\"@type\":\"ListItem\",\"position\":1,\"name\":\"Home\",\"item\":\"https:\/\/hurghadalovers.com\/cs\/\"},{\"@type\":\"ListItem\",\"position\":2,\"name\":\"Shop\",\"item\":\"https:\/\/hurghadalovers.com\/shop\/\"},{\"@type\":\"ListItem\",\"position\":3,\"name\":\"El Gouna &#8211; charterov\u00e9 lod\u011b na ostrov Orange bay Island\"}]},{\"@type\":\"WebSite\",\"@id\":\"https:\/\/hurghadalovers.com\/cs\/#website\",\"url\":\"https:\/\/hurghadalovers.com\/cs\/\",\"name\":\"Hurghada Excursions & Day Trips | Booking Best Prices Tours\",\"description\":\"Hurghada Lovers - Best Tour Operator - Excursions &amp; Things to do for Family Day Trips with kids and Couples Romantic. Unique .Hidden gems\",\"publisher\":{\"@id\":\"https:\/\/hurghadalovers.com\/cs\/#organization\"},\"alternateName\":\"Hurghada Excursions\",\"potentialAction\":[{\"@type\":\"SearchAction\",\"target\":{\"@type\":\"EntryPoint\",\"urlTemplate\":\"https:\/\/hurghadalovers.com\/cs\/?s={search_term_string}\"},\"query-input\":{\"@type\":\"PropertyValueSpecification\",\"valueRequired\":true,\"valueName\":\"search_term_string\"}}],\"inLanguage\":\"cs\"},{\"@type\":[\"Organization\",\"Place\",\"TravelAgency\"],\"@id\":\"https:\/\/hurghadalovers.com\/cs\/#organization\",\"name\":\"Hurghada Excursions\",\"url\":\"https:\/\/hurghadalovers.com\/cs\/\",\"logo\":{\"@id\":\"https:\/\/hurghadalovers.com\/cs\/tours\/el-gouna-clun-chartery-na-orange-bay-island\/#local-main-organization-logo\"},\"image\":{\"@id\":\"https:\/\/hurghadalovers.com\/cs\/tours\/el-gouna-clun-chartery-na-orange-bay-island\/#local-main-organization-logo\"},\"sameAs\":[\"https:\/\/www.facebook.com\/Hurghadaloversegypt\"],\"address\":{\"@id\":\"https:\/\/hurghadalovers.com\/cs\/tours\/el-gouna-clun-chartery-na-orange-bay-island\/#local-main-place-address\"},\"telephone\":[\"00201112596434\"],\"contactPoint\":{\"@type\":\"ContactPoint\",\"telephone\":\"00201112596434\",\"email\":\"weyouface@gmail.com\"},\"openingHoursSpecification\":{\"@type\":\"OpeningHoursSpecification\",\"dayOfWeek\":[\"Monday\",\"Tuesday\",\"Wednesday\",\"Thursday\",\"Friday\",\"Saturday\",\"Sunday\"],\"opens\":\"00:00\",\"closes\":\"23:59\"},\"email\":\"weyouface@gmail.com\",\"areaServed\":\"Luxor, Hurghada, El Gouna, Aswan, Sharm El Sheikh, Giza, Alexandria, Marsa Alam, Quseir, Soma Bay, Sahl Hasheesh, Red Sea, Makadi Bay, Cairo\",\"priceRange\":\"$\",\"currenciesAccepted\":\"euro\",\"paymentAccepted\":\"cash on site\"},{\"@type\":\"PostalAddress\",\"@id\":\"https:\/\/hurghadalovers.com\/cs\/tours\/el-gouna-clun-chartery-na-orange-bay-island\/#local-main-place-address\",\"streetAddress\":\"17 Banks street, Alkawther area, top nbk bank\",\"addressLocality\":\"hurghada\",\"postalCode\":\"84511\",\"addressRegion\":\"red sea\",\"addressCountry\":\"EG\"},{\"@type\":\"ImageObject\",\"inLanguage\":\"cs\",\"@id\":\"https:\/\/hurghadalovers.com\/cs\/tours\/el-gouna-clun-chartery-na-orange-bay-island\/#local-main-organization-logo\",\"url\":\"https:\/\/hurghadalovers.com\/wp-content\/uploads\/2019\/10\/hurghada-excursions-logo.png\",\"contentUrl\":\"https:\/\/hurghadalovers.com\/wp-content\/uploads\/2019\/10\/hurghada-excursions-logo.png\",\"width\":272,\"height\":90,\"caption\":\"Hurghada Excursions\"}]}<\/script>\n<meta property=\"product:brand\" content=\"V\u00fdlety EL Gouna\" \/>\n<meta property=\"product:price:amount\" content=\"430\" \/>\n<meta property=\"product:price:currency\" content=\"EUR\" \/>\n<meta property=\"og:availability\" content=\"instock\" \/>\n<meta property=\"product:availability\" content=\"instock\" \/>\n<meta property=\"product:retailer_item_id\" content=\"Gouna602024\" \/>\n<meta property=\"product:condition\" content=\"new\" \/>\n<meta name=\"geo.placename\" content=\"hurghada\" \/>\n<meta name=\"geo.region\" content=\"Egypt\" \/>\n<!-- \/ Yoast SEO Premium plugin. -->","yoast_head_json":{"title":"El Gouna Lodn\u00ed charter na ostrov Orange bay se \u0161norchlov\u00e1n\u00edm","description":"El Gouna Lodn\u00ed charter na ostrov Orange Bay se \u0161norchlov\u00e1n\u00edm, vodn\u00edmi sporty a ob\u011bdem. Rezervace mal\u00e9 jachty od 3 do 6 osob nebo luxusn\u00ed velk\u00e9 jachty","robots":{"index":"index","follow":"follow","max-snippet":"max-snippet:-1","max-image-preview":"max-image-preview:large","max-video-preview":"max-video-preview:-1"},"canonical":"https:\/\/hurghadalovers.com\/cs\/tours\/el-gouna-clun-chartery-na-orange-bay-island\/","og_locale":"cs_CZ","og_type":"article","og_title":"El Gouna - charterov\u00e9 lod\u011b na ostrov Orange bay Island","og_description":"El Gouna Lodn\u00ed charter na ostrov Orange Bay se \u0161norchlov\u00e1n\u00edm, vodn\u00edmi sporty a ob\u011bdem. Rezervace mal\u00e9 jachty od 3 do 6 osob nebo luxusn\u00ed velk\u00e9 jachty","og_url":"https:\/\/hurghadalovers.com\/cs\/tours\/el-gouna-clun-chartery-na-orange-bay-island\/","og_site_name":"Hurghada Excursions &amp; Day Trips | Booking Best Prices Tours","article_publisher":"https:\/\/www.facebook.com\/Hurghadaloversegypt","article_modified_time":"2026-02-08T04:59:04+00:00","og_image":[{"width":1040,"height":694,"url":"https:\/\/hurghadalovers.com\/wp-content\/uploads\/2023\/08\/Private-Soma-bay-Speed-boat-Rides-Half-Full-Day-Day-Cruises-All-Inclusive-2026.jpeg","type":"image\/jpeg"}],"twitter_card":"summary_large_image","twitter_misc":{"Cena":"&euro;&nbsp;430","Dostupnost":"Skladem"},"schema":{"@context":"https:\/\/schema.org","@graph":[{"@type":["WebPage","ItemPage"],"@id":"https:\/\/hurghadalovers.com\/cs\/tours\/el-gouna-clun-chartery-na-orange-bay-island\/","url":"https:\/\/hurghadalovers.com\/cs\/tours\/el-gouna-clun-chartery-na-orange-bay-island\/","name":"El Gouna Lodn\u00ed charter na ostrov Orange bay se \u0161norchlov\u00e1n\u00edm","isPartOf":{"@id":"https:\/\/hurghadalovers.com\/cs\/#website"},"primaryImageOfPage":{"@id":"https:\/\/hurghadalovers.com\/cs\/tours\/el-gouna-clun-chartery-na-orange-bay-island\/#primaryimage"},"image":{"@id":"https:\/\/hurghadalovers.com\/cs\/tours\/el-gouna-clun-chartery-na-orange-bay-island\/#primaryimage"},"thumbnailUrl":"https:\/\/hurghadalovers.com\/wp-content\/uploads\/2023\/08\/Private-Soma-bay-Speed-boat-Rides-Half-Full-Day-Day-Cruises-All-Inclusive-2026.jpeg","datePublished":"2023-09-03T14:16:32+00:00","dateModified":"2026-02-08T04:59:04+00:00","description":"El Gouna Lodn\u00ed charter na ostrov Orange Bay se \u0161norchlov\u00e1n\u00edm, vodn\u00edmi sporty a ob\u011bdem. Rezervace mal\u00e9 jachty od 3 do 6 osob nebo luxusn\u00ed velk\u00e9 jachty","breadcrumb":{"@id":"https:\/\/hurghadalovers.com\/cs\/tours\/el-gouna-clun-chartery-na-orange-bay-island\/#breadcrumb"},"inLanguage":"cs","potentialAction":[{"@type":"ReadAction","target":["https:\/\/hurghadalovers.com\/cs\/tours\/el-gouna-clun-chartery-na-orange-bay-island\/"]}]},{"@type":"ImageObject","inLanguage":"cs","@id":"https:\/\/hurghadalovers.com\/cs\/tours\/el-gouna-clun-chartery-na-orange-bay-island\/#primaryimage","url":"https:\/\/hurghadalovers.com\/wp-content\/uploads\/2023\/08\/Private-Soma-bay-Speed-boat-Rides-Half-Full-Day-Day-Cruises-All-Inclusive-2026.jpeg","contentUrl":"https:\/\/hurghadalovers.com\/wp-content\/uploads\/2023\/08\/Private-Soma-bay-Speed-boat-Rides-Half-Full-Day-Day-Cruises-All-Inclusive-2026.jpeg","width":1040,"height":694,"caption":"Private Soma bay Speed boat Rides Half : Full Day Day Cruises All Inclusive 2026"},{"@type":"BreadcrumbList","@id":"https:\/\/hurghadalovers.com\/cs\/tours\/el-gouna-clun-chartery-na-orange-bay-island\/#breadcrumb","itemListElement":[{"@type":"ListItem","position":1,"name":"Home","item":"https:\/\/hurghadalovers.com\/cs\/"},{"@type":"ListItem","position":2,"name":"Shop","item":"https:\/\/hurghadalovers.com\/shop\/"},{"@type":"ListItem","position":3,"name":"El Gouna &#8211; charterov\u00e9 lod\u011b na ostrov Orange bay Island"}]},{"@type":"WebSite","@id":"https:\/\/hurghadalovers.com\/cs\/#website","url":"https:\/\/hurghadalovers.com\/cs\/","name":"Hurghada Excursions & Day Trips | Booking Best Prices Tours","description":"Hurghada Lovers - Best Tour Operator - Excursions &amp; Things to do for Family Day Trips with kids and Couples Romantic. Unique .Hidden gems","publisher":{"@id":"https:\/\/hurghadalovers.com\/cs\/#organization"},"alternateName":"Hurghada Excursions","potentialAction":[{"@type":"SearchAction","target":{"@type":"EntryPoint","urlTemplate":"https:\/\/hurghadalovers.com\/cs\/?s={search_term_string}"},"query-input":{"@type":"PropertyValueSpecification","valueRequired":true,"valueName":"search_term_string"}}],"inLanguage":"cs"},{"@type":["Organization","Place","TravelAgency"],"@id":"https:\/\/hurghadalovers.com\/cs\/#organization","name":"Hurghada Excursions","url":"https:\/\/hurghadalovers.com\/cs\/","logo":{"@id":"https:\/\/hurghadalovers.com\/cs\/tours\/el-gouna-clun-chartery-na-orange-bay-island\/#local-main-organization-logo"},"image":{"@id":"https:\/\/hurghadalovers.com\/cs\/tours\/el-gouna-clun-chartery-na-orange-bay-island\/#local-main-organization-logo"},"sameAs":["https:\/\/www.facebook.com\/Hurghadaloversegypt"],"address":{"@id":"https:\/\/hurghadalovers.com\/cs\/tours\/el-gouna-clun-chartery-na-orange-bay-island\/#local-main-place-address"},"telephone":["00201112596434"],"contactPoint":{"@type":"ContactPoint","telephone":"00201112596434","email":"weyouface@gmail.com"},"openingHoursSpecification":{"@type":"OpeningHoursSpecification","dayOfWeek":["Monday","Tuesday","Wednesday","Thursday","Friday","Saturday","Sunday"],"opens":"00:00","closes":"23:59"},"email":"weyouface@gmail.com","areaServed":"Luxor, Hurghada, El Gouna, Aswan, Sharm El Sheikh, Giza, Alexandria, Marsa Alam, Quseir, Soma Bay, Sahl Hasheesh, Red Sea, Makadi Bay, Cairo","priceRange":"$","currenciesAccepted":"euro","paymentAccepted":"cash on site"},{"@type":"PostalAddress","@id":"https:\/\/hurghadalovers.com\/cs\/tours\/el-gouna-clun-chartery-na-orange-bay-island\/#local-main-place-address","streetAddress":"17 Banks street, Alkawther area, top nbk bank","addressLocality":"hurghada","postalCode":"84511","addressRegion":"red sea","addressCountry":"EG"},{"@type":"ImageObject","inLanguage":"cs","@id":"https:\/\/hurghadalovers.com\/cs\/tours\/el-gouna-clun-chartery-na-orange-bay-island\/#local-main-organization-logo","url":"https:\/\/hurghadalovers.com\/wp-content\/uploads\/2019\/10\/hurghada-excursions-logo.png","contentUrl":"https:\/\/hurghadalovers.com\/wp-content\/uploads\/2019\/10\/hurghada-excursions-logo.png","width":272,"height":90,"caption":"Hurghada Excursions"}]},"product_brand":"V\u00fdlety EL Gouna","product_price_amount":"430","product_price_currency":"EUR","og_availability":"instock","product_availability":"instock","product_retailer_item_id":"Gouna602024","product_condition":"new","geo.placename":"hurghada","geo.region":"Egypt"},"_links":{"self":[{"href":"https:\/\/hurghadalovers.com\/cs\/wp-json\/wp\/v2\/product\/395197","targetHints":{"allow":["GET"]}}],"collection":[{"href":"https:\/\/hurghadalovers.com\/cs\/wp-json\/wp\/v2\/product"}],"about":[{"href":"https:\/\/hurghadalovers.com\/cs\/wp-json\/wp\/v2\/types\/product"}],"wp:featuredmedia":[{"embeddable":true,"href":"https:\/\/hurghadalovers.com\/cs\/wp-json\/wp\/v2\/media\/934603"}],"wp:attachment":[{"href":"https:\/\/hurghadalovers.com\/cs\/wp-json\/wp\/v2\/media?parent=395197"}],"wp:term":[{"taxonomy":"product_brand","embeddable":true,"href":"https:\/\/hurghadalovers.com\/cs\/wp-json\/wp\/v2\/product_brand?post=395197"},{"taxonomy":"product_cat","embeddable":true,"href":"https:\/\/hurghadalovers.com\/cs\/wp-json\/wp\/v2\/product_cat?post=395197"},{"taxonomy":"product_tag","embeddable":true,"href":"https:\/\/hurghadalovers.com\/cs\/wp-json\/wp\/v2\/product_tag?post=395197"}],"curies":[{"name":"wp","href":"https:\/\/api.w.org\/{rel}","templated":true}]}}