{"id":393326,"date":"2023-09-02T09:24:16","date_gmt":"2023-09-02T09:24:16","guid":{"rendered":"https:\/\/hurghadalovers.com\/shop\/nezarazene\/sahl-hasheesh-delfini-dum-snorchlovani-celodenni-vylet\/"},"modified":"2026-02-08T15:45:26","modified_gmt":"2026-02-08T15:45:26","slug":"sahl-hasheesh-dolphin-house-snorkeling-day-tour","status":"publish","type":"product","link":"https:\/\/hurghadalovers.com\/cs\/tours\/sahl-hasheesh-dolphin-house-snorkeling-day-tour\/","title":{"rendered":"Sahl Hasheesh Delf\u00edn\u00ed d\u016fm \u0160norchlov\u00e1n\u00ed Celodenn\u00ed v\u00fdlet"},"content":{"rendered":"<p><strong>Sahl Hasheesh<\/strong> <strong>Dolphin House Snorkeling Day Tour<\/strong> | Pozorov\u00e1n\u00ed a plav\u00e1n\u00ed s delf\u00edny s ob\u011bdem, vodn\u00edmi sporty a transferem.<\/p>\n<p style=\"text-align: center;\"><span style=\"color: #808000;\">Nejkr\u00e1sn\u011bj\u0161\u00ed Sahl Hasheesh <strong>Aktivity vhodn\u00e9 pro rodiny s<\/strong> <strong>d\u011btmi<\/strong>, seniory, <strong>l\u00edb\u00e1nky<\/strong> a <strong>p\u00e1ry<\/strong>.<\/span><\/p>\n<p><strong>Nejd\u016fle\u017eit\u011bj\u0161\u00ed informace:<\/strong><\/p>\n<ul>\n<li>2 m\u00edsta \u0160norchlov\u00e1n\u00ed House Reef.<\/li>\n<li>\u0160norchlov\u00e1n\u00ed a pozorov\u00e1n\u00ed delf\u00edn\u016f na jednom m\u00edst\u011b.<\/li>\n<li>Ob\u011bd na luxusn\u00ed jacht\u011b.<\/li>\n<li>Vodn\u00ed sporty &#8222;Ban\u00e1n a Quattro&#8220;.<\/li>\n<\/ul>\n<p><strong>Delf\u00edn\u00ed d\u016fm \u0160norchlov\u00e1n\u00ed Celodenn\u00ed v\u00fdlet od <\/strong><strong>Sahl Hasheesh<\/strong> <strong>Podrobnosti:<\/strong><\/p>\n<ul>\n<li>Dostupnost prohl\u00eddky: Ka\u017ed\u00fd den.<\/li>\n<li>Typ z\u00e1jezdu: Skupina: Z\u00e1jezd pro skupinu.<\/li>\n<li>\u010cas vyzvednut\u00ed: Od 07:30 hodin.<\/li>\n<li>\u010cas vyzvednut\u00ed: 16:00.<\/li>\n<li>Bezbari\u00e9rov\u00fd p\u0159\u00edstup.<\/li>\n<li>Doba trv\u00e1n\u00ed: Doba trv\u00e1n\u00ed: 6 hod.<\/li>\n<\/ul>\n<p><strong>Rezervujte nyn\u00ed a zapla\u0165te pozd\u011bji:<\/strong><\/p>\n<ul>\n<li>Hotovost na m\u00edst\u011b pro pr\u016fvodce.<\/li>\n<li>Platba egyptsk\u00fdmi librami, $, \u20ac nebo \u00a3.<\/li>\n<\/ul>\n<p><strong>Storno podm\u00ednky:<\/strong><\/p>\n<ul>\n<li>Zru\u0161it a\u017e 24 hodin p\u0159edem.<\/li>\n<li>Kdy\u017e n\u011bkdo z va\u0161\u00ed rodiny zru\u0161\u00ed dopoledne, zaplat\u00ed 50 % n\u00e1klad\u016f.<\/li>\n<\/ul>\n<p><strong>Co je v cen\u011b?<\/strong><\/p>\n<ul>\n<li>Transfer z hotel\u016f Sahl Hasheesh &#8222;Hotel pick up and drop off&#8220;.<\/li>\n<li>V\u0161echny dan\u011b, vstupn\u00ed poplatky a manipula\u010dn\u00ed poplatky.<\/li>\n<li>Pr\u016fvodce.<\/li>\n<li>Miner\u00e1ln\u00ed voda + Cola + Ml\u00e9ko + K\u00e1va\/\u010caj.<\/li>\n<li>2 m\u00edsta pro \u0161norchlov\u00e1n\u00ed<\/li>\n<li>Vodn\u00ed sporty &#8222;Ban\u00e1n, Sofa boat&#8220;.<\/li>\n<li>\u0160norchlovac\u00ed vybaven\u00ed &#8222;Masky a ploutve&#8220;.<\/li>\n<li>\u0160norchlov\u00e1n\u00ed a pozorov\u00e1n\u00ed delf\u00edn\u016f v Dolphin House Spot.<\/li>\n<li>ob\u011bd formou bufetu na lodi.<\/li>\n<li>Z\u00e1chrann\u00e9 vesty.<\/li>\n<\/ul>\n<p><strong>V\u00fdjimky?<\/strong><\/p>\n<ul>\n<li>Spropitn\u00e9.<\/li>\n<li>Fotografov\u00e1n\u00ed a fotografie na cestu.<\/li>\n<li>Nab\u00edz\u00edme P\u016fj\u010dovna plavky &amp; plavky pro \u017eeny, mu\u017ee, d\u011bti v\u0161echny velikosti &#8220; 5$ za jeden&#8220;.<\/li>\n<li>P\u0159\u00edplatky, kter\u00e9 nebyly zm\u00edn\u011bny.<\/li>\n<\/ul>\n<p><strong>Ceny:<\/strong><\/p>\n<ul>\n<li><strong>Cena pro dosp\u011bl\u00e9 = 30 USD za osobu<\/strong>.<\/li>\n<li>Cena pro d\u011bti &#8222;3-10&#8220; = 50%.<\/li>\n<li>pro d\u011bti &#8222;0-3&#8220; = zdarma.<\/li>\n<\/ul>\n<p><strong>Recenze:<\/strong><\/p>\n<p>pod\u00edvejte se na na\u0161e recenze na Google Map jako nejlep\u0161\u00ed <a href=\"https:\/\/g.page\/r\/CUeYvkngP3wkEBM\/review\">cestovn\u00ed kancel\u00e1\u0159 v Hurghad\u011b<\/a> online v <a href=\"https:\/\/hurghadalovers.com\/\">Hurghad\u011b<\/a> Egypt.<\/p>\n<p>&nbsp;<\/p>\n<p><strong>Rezervace:<\/strong><\/p>\n<p>Odeslat hotel + \u010d\u00edslo pokoje + foto pas\u016f na WhatsApp: <strong>+201112596434<\/strong><\/p>\n<p>Pokud jste z Egypta Rezervace nyn\u00ed on-line a potvrdit p\u0159i p\u0159\u00edjezdu Hotel.<\/p>\n<p>&nbsp;<\/p>\n<p>&nbsp;<\/p>\n","protected":false},"excerpt":{"rendered":"<p><strong>Sahl Hasheesh<\/strong> <strong>Dolphin House Snorkeling Day Tour<\/strong> | Pozorov\u00e1n\u00ed a plav\u00e1n\u00ed s delf\u00edny s ob\u011bdem, vodn\u00edmi sporty a transferem.<\/p>\n<p style=\"text-align: center;\"><span style=\"color: #808000;\">Nejkr\u00e1sn\u011bj\u0161\u00ed <strong>aktivity pro rodiny s d\u011btmi<\/strong> Sahl Hasheesh<\/span><\/p>\n","protected":false},"featured_media":393182,"template":"","meta":{"_joinchat":[]},"product_brand":[],"product_cat":[29708],"product_tag":[54264,54336,54206,54183,54202,54324,54330,54322,54332,54328,54318,54340,54320,54194,54334,54186,54198,54178,54338,54342,54326,54316],"class_list":{"0":"post-393326","1":"product","2":"type-product","3":"status-publish","4":"has-post-thumbnail","6":"product_cat-egypt-tours-cs","7":"product_tag-aktivity-pro-deti-ze-sahl-hasheesh","8":"product_tag-cary-lodi-sahl-hasheesh","9":"product_tag-co-delat-s-detmi-ze-sahl-hasheesh","10":"product_tag-co-delat-v-sahl-hasheesh","11":"product_tag-co-delat-v-sahl-hasheesh-pro-pary","12":"product_tag-dolphin-house-sahl-hasheesh-cs","13":"product_tag-ostrov-giftun-sahl-hasheesh-cs","14":"product_tag-ostrov-orange-bay-sahl-hasheesh-cs","15":"product_tag-piratska-lod-sahl-hasheesh-cs","16":"product_tag-plavani-s-delfiny-sahl-hasheesh","17":"product_tag-potapeni-sahl-hasheesh","18":"product_tag-pujcovna-lodi-sahl-hasheesh","19":"product_tag-rajsky-ostrov-sahl-hasheesh-cs","20":"product_tag-romanticke-aktivity-ze-sahl-hasheesh","21":"product_tag-rychlostni-clun-sahl-hasheesh","22":"product_tag-sahl-hasheesh-aktivity-cs","23":"product_tag-sahl-hasheesh-aktivity-pro-pary","24":"product_tag-sahl-hasheesh-vylety-cs","25":"product_tag-soukroma-lod-sahl-hasheesh","26":"product_tag-soukromy-vylet-lodi-sahl-hasheesh","27":"product_tag-vylety-lodi-sahl-hasheesh","28":"product_tag-vylety-za-snorchlovanim-sahl-hasheesh-cs","29":"tour_category-sahl-hasheesh-tours-cs","30":"tour_category-sahl-hasheesh-snorkeling-cs","32":"first","33":"instock","34":"sale","35":"shipping-taxable","36":"purchasable","37":"product-type-tour"},"yoast_head":"<!-- This site is optimized with the Yoast SEO Premium plugin v26.9 (Yoast SEO v27.2) - https:\/\/yoast.com\/product\/yoast-seo-premium-wordpress\/ -->\n<title>Sahl Hasheesh Delf\u00edn\u00ed d\u016fm \u0160norchlov\u00e1n\u00ed Celodenn\u00ed v\u00fdlet<\/title>\n<meta name=\"description\" content=\"Sahl Hasheesh Dolphin House Snorkeling Day Tour | Pozorov\u00e1n\u00ed a plav\u00e1n\u00ed s delf\u00edny s ob\u011bdem, vodn\u00edmi sporty a transferem. Aktivity pro rodiny\" \/>\n<meta name=\"robots\" content=\"index, follow, max-snippet:-1, max-image-preview:large, max-video-preview:-1\" \/>\n<link rel=\"canonical\" href=\"https:\/\/hurghadalovers.com\/cs\/tours\/sahl-hasheesh-dolphin-house-snorkeling-day-tour\/\" \/>\n<meta property=\"og:locale\" content=\"cs_CZ\" \/>\n<meta property=\"og:type\" content=\"article\" \/>\n<meta property=\"og:title\" content=\"Sahl Hasheesh Delf\u00edn\u00ed d\u016fm \u0160norchlov\u00e1n\u00ed Celodenn\u00ed v\u00fdlet\" \/>\n<meta property=\"og:description\" content=\"Sahl Hasheesh Dolphin House Snorkeling Day Tour | Pozorov\u00e1n\u00ed a plav\u00e1n\u00ed s delf\u00edny s ob\u011bdem, vodn\u00edmi sporty a transferem. Aktivity pro rodiny\" \/>\n<meta property=\"og:url\" content=\"https:\/\/hurghadalovers.com\/cs\/tours\/sahl-hasheesh-dolphin-house-snorkeling-day-tour\/\" \/>\n<meta property=\"og:site_name\" content=\"Hurghada Excursions &amp; Day Trips | Booking Best Prices Tours\" \/>\n<meta property=\"article:publisher\" content=\"https:\/\/www.facebook.com\/Hurghadaloversegypt\" \/>\n<meta property=\"article:modified_time\" content=\"2026-02-08T15:45:26+00:00\" \/>\n<meta property=\"og:image\" content=\"https:\/\/hurghadalovers.com\/wp-content\/uploads\/2023\/09\/Sahl-Hasheesh-Dolphin-House-Snorkeling-Day-Tour.jpeg\" \/>\n\t<meta property=\"og:image:width\" content=\"1536\" \/>\n\t<meta property=\"og:image:height\" content=\"1024\" \/>\n\t<meta property=\"og:image:type\" content=\"image\/jpeg\" \/>\n<meta name=\"twitter:card\" content=\"summary_large_image\" \/>\n<meta name=\"twitter:label1\" content=\"Cena\" \/>\n\t<meta name=\"twitter:data1\" content=\"&euro;&nbsp;40\" \/>\n\t<meta name=\"twitter:label2\" content=\"Dostupnost\" \/>\n\t<meta name=\"twitter:data2\" content=\"Skladem\" \/>\n<script type=\"application\/ld+json\" class=\"yoast-schema-graph\">{\"@context\":\"https:\/\/schema.org\",\"@graph\":[{\"@type\":[\"WebPage\",\"ItemPage\"],\"@id\":\"https:\/\/hurghadalovers.com\/cs\/tours\/sahl-hasheesh-dolphin-house-snorkeling-day-tour\/\",\"url\":\"https:\/\/hurghadalovers.com\/cs\/tours\/sahl-hasheesh-dolphin-house-snorkeling-day-tour\/\",\"name\":\"Sahl Hasheesh Delf\u00edn\u00ed d\u016fm \u0160norchlov\u00e1n\u00ed Celodenn\u00ed v\u00fdlet\",\"isPartOf\":{\"@id\":\"https:\/\/hurghadalovers.com\/cs\/#website\"},\"primaryImageOfPage\":{\"@id\":\"https:\/\/hurghadalovers.com\/cs\/tours\/sahl-hasheesh-dolphin-house-snorkeling-day-tour\/#primaryimage\"},\"image\":{\"@id\":\"https:\/\/hurghadalovers.com\/cs\/tours\/sahl-hasheesh-dolphin-house-snorkeling-day-tour\/#primaryimage\"},\"thumbnailUrl\":\"https:\/\/hurghadalovers.com\/wp-content\/uploads\/2023\/09\/Sahl-Hasheesh-Dolphin-House-Snorkeling-Day-Tour.jpeg\",\"datePublished\":\"2023-09-02T09:24:16+00:00\",\"dateModified\":\"2026-02-08T15:45:26+00:00\",\"description\":\"Sahl Hasheesh Dolphin House Snorkeling Day Tour | Pozorov\u00e1n\u00ed a plav\u00e1n\u00ed s delf\u00edny s ob\u011bdem, vodn\u00edmi sporty a transferem. Aktivity pro rodiny\",\"breadcrumb\":{\"@id\":\"https:\/\/hurghadalovers.com\/cs\/tours\/sahl-hasheesh-dolphin-house-snorkeling-day-tour\/#breadcrumb\"},\"inLanguage\":\"cs\",\"potentialAction\":[{\"@type\":\"ReadAction\",\"target\":[\"https:\/\/hurghadalovers.com\/cs\/tours\/sahl-hasheesh-dolphin-house-snorkeling-day-tour\/\"]}]},{\"@type\":\"ImageObject\",\"inLanguage\":\"cs\",\"@id\":\"https:\/\/hurghadalovers.com\/cs\/tours\/sahl-hasheesh-dolphin-house-snorkeling-day-tour\/#primaryimage\",\"url\":\"https:\/\/hurghadalovers.com\/wp-content\/uploads\/2023\/09\/Sahl-Hasheesh-Dolphin-House-Snorkeling-Day-Tour.jpeg\",\"contentUrl\":\"https:\/\/hurghadalovers.com\/wp-content\/uploads\/2023\/09\/Sahl-Hasheesh-Dolphin-House-Snorkeling-Day-Tour.jpeg\",\"width\":1536,\"height\":1024,\"caption\":\"Sahl Hasheesh Delf\u00edn\u00ed d\u016fm \u0160norchlov\u00e1n\u00ed Celodenn\u00ed v\u00fdlet\"},{\"@type\":\"BreadcrumbList\",\"@id\":\"https:\/\/hurghadalovers.com\/cs\/tours\/sahl-hasheesh-dolphin-house-snorkeling-day-tour\/#breadcrumb\",\"itemListElement\":[{\"@type\":\"ListItem\",\"position\":1,\"name\":\"Home\",\"item\":\"https:\/\/hurghadalovers.com\/cs\/\"},{\"@type\":\"ListItem\",\"position\":2,\"name\":\"Shop\",\"item\":\"https:\/\/hurghadalovers.com\/shop\/\"},{\"@type\":\"ListItem\",\"position\":3,\"name\":\"Sahl Hasheesh Delf\u00edn\u00ed d\u016fm \u0160norchlov\u00e1n\u00ed Celodenn\u00ed v\u00fdlet\"}]},{\"@type\":\"WebSite\",\"@id\":\"https:\/\/hurghadalovers.com\/cs\/#website\",\"url\":\"https:\/\/hurghadalovers.com\/cs\/\",\"name\":\"Hurghada Excursions & Day Trips | Booking Best Prices Tours\",\"description\":\"Hurghada Lovers - Best Tour Operator - Excursions &amp; Things to do for Family Day Trips with kids and Couples Romantic. Unique .Hidden gems\",\"publisher\":{\"@id\":\"https:\/\/hurghadalovers.com\/cs\/#organization\"},\"alternateName\":\"Hurghada Excursions\",\"potentialAction\":[{\"@type\":\"SearchAction\",\"target\":{\"@type\":\"EntryPoint\",\"urlTemplate\":\"https:\/\/hurghadalovers.com\/cs\/?s={search_term_string}\"},\"query-input\":{\"@type\":\"PropertyValueSpecification\",\"valueRequired\":true,\"valueName\":\"search_term_string\"}}],\"inLanguage\":\"cs\"},{\"@type\":[\"Organization\",\"Place\",\"TravelAgency\"],\"@id\":\"https:\/\/hurghadalovers.com\/cs\/#organization\",\"name\":\"Hurghada Excursions\",\"url\":\"https:\/\/hurghadalovers.com\/cs\/\",\"logo\":{\"@id\":\"https:\/\/hurghadalovers.com\/cs\/tours\/sahl-hasheesh-dolphin-house-snorkeling-day-tour\/#local-main-organization-logo\"},\"image\":{\"@id\":\"https:\/\/hurghadalovers.com\/cs\/tours\/sahl-hasheesh-dolphin-house-snorkeling-day-tour\/#local-main-organization-logo\"},\"sameAs\":[\"https:\/\/www.facebook.com\/Hurghadaloversegypt\"],\"address\":{\"@id\":\"https:\/\/hurghadalovers.com\/cs\/tours\/sahl-hasheesh-dolphin-house-snorkeling-day-tour\/#local-main-place-address\"},\"telephone\":[\"00201112596434\"],\"contactPoint\":{\"@type\":\"ContactPoint\",\"telephone\":\"00201112596434\",\"email\":\"weyouface@gmail.com\"},\"openingHoursSpecification\":{\"@type\":\"OpeningHoursSpecification\",\"dayOfWeek\":[\"Monday\",\"Tuesday\",\"Wednesday\",\"Thursday\",\"Friday\",\"Saturday\",\"Sunday\"],\"opens\":\"00:00\",\"closes\":\"23:59\"},\"email\":\"weyouface@gmail.com\",\"areaServed\":\"Luxor, Hurghada, El Gouna, Aswan, Sharm El Sheikh, Giza, Alexandria, Marsa Alam, Quseir, Soma Bay, Sahl Hasheesh, Red Sea, Makadi Bay, Cairo\",\"priceRange\":\"$\",\"currenciesAccepted\":\"euro\",\"paymentAccepted\":\"cash on site\"},{\"@type\":\"PostalAddress\",\"@id\":\"https:\/\/hurghadalovers.com\/cs\/tours\/sahl-hasheesh-dolphin-house-snorkeling-day-tour\/#local-main-place-address\",\"streetAddress\":\"17 Banks street, Alkawther area, top nbk bank\",\"addressLocality\":\"hurghada\",\"postalCode\":\"84511\",\"addressRegion\":\"red sea\",\"addressCountry\":\"EG\"},{\"@type\":\"ImageObject\",\"inLanguage\":\"cs\",\"@id\":\"https:\/\/hurghadalovers.com\/cs\/tours\/sahl-hasheesh-dolphin-house-snorkeling-day-tour\/#local-main-organization-logo\",\"url\":\"https:\/\/hurghadalovers.com\/wp-content\/uploads\/2019\/10\/hurghada-excursions-logo.png\",\"contentUrl\":\"https:\/\/hurghadalovers.com\/wp-content\/uploads\/2019\/10\/hurghada-excursions-logo.png\",\"width\":272,\"height\":90,\"caption\":\"Hurghada Excursions\"}]}<\/script>\n<meta property=\"product:brand\" content=\"V\u00fdlety Sahl Hasheesh\" \/>\n<meta property=\"product:price:amount\" content=\"40\" \/>\n<meta property=\"product:price:currency\" content=\"EUR\" \/>\n<meta property=\"og:availability\" content=\"instock\" \/>\n<meta property=\"product:availability\" content=\"instock\" \/>\n<meta property=\"product:retailer_item_id\" content=\"dive88843434\" \/>\n<meta property=\"product:condition\" content=\"new\" \/>\n<meta name=\"geo.placename\" content=\"hurghada\" \/>\n<meta name=\"geo.region\" content=\"Egypt\" \/>\n<!-- \/ Yoast SEO Premium plugin. -->","yoast_head_json":{"title":"Sahl Hasheesh Delf\u00edn\u00ed d\u016fm \u0160norchlov\u00e1n\u00ed Celodenn\u00ed v\u00fdlet","description":"Sahl Hasheesh Dolphin House Snorkeling Day Tour | Pozorov\u00e1n\u00ed a plav\u00e1n\u00ed s delf\u00edny s ob\u011bdem, vodn\u00edmi sporty a transferem. Aktivity pro rodiny","robots":{"index":"index","follow":"follow","max-snippet":"max-snippet:-1","max-image-preview":"max-image-preview:large","max-video-preview":"max-video-preview:-1"},"canonical":"https:\/\/hurghadalovers.com\/cs\/tours\/sahl-hasheesh-dolphin-house-snorkeling-day-tour\/","og_locale":"cs_CZ","og_type":"article","og_title":"Sahl Hasheesh Delf\u00edn\u00ed d\u016fm \u0160norchlov\u00e1n\u00ed Celodenn\u00ed v\u00fdlet","og_description":"Sahl Hasheesh Dolphin House Snorkeling Day Tour | Pozorov\u00e1n\u00ed a plav\u00e1n\u00ed s delf\u00edny s ob\u011bdem, vodn\u00edmi sporty a transferem. Aktivity pro rodiny","og_url":"https:\/\/hurghadalovers.com\/cs\/tours\/sahl-hasheesh-dolphin-house-snorkeling-day-tour\/","og_site_name":"Hurghada Excursions &amp; Day Trips | Booking Best Prices Tours","article_publisher":"https:\/\/www.facebook.com\/Hurghadaloversegypt","article_modified_time":"2026-02-08T15:45:26+00:00","og_image":[{"width":1536,"height":1024,"url":"https:\/\/hurghadalovers.com\/wp-content\/uploads\/2023\/09\/Sahl-Hasheesh-Dolphin-House-Snorkeling-Day-Tour.jpeg","type":"image\/jpeg"}],"twitter_card":"summary_large_image","twitter_misc":{"Cena":"&euro;&nbsp;40","Dostupnost":"Skladem"},"schema":{"@context":"https:\/\/schema.org","@graph":[{"@type":["WebPage","ItemPage"],"@id":"https:\/\/hurghadalovers.com\/cs\/tours\/sahl-hasheesh-dolphin-house-snorkeling-day-tour\/","url":"https:\/\/hurghadalovers.com\/cs\/tours\/sahl-hasheesh-dolphin-house-snorkeling-day-tour\/","name":"Sahl Hasheesh Delf\u00edn\u00ed d\u016fm \u0160norchlov\u00e1n\u00ed Celodenn\u00ed v\u00fdlet","isPartOf":{"@id":"https:\/\/hurghadalovers.com\/cs\/#website"},"primaryImageOfPage":{"@id":"https:\/\/hurghadalovers.com\/cs\/tours\/sahl-hasheesh-dolphin-house-snorkeling-day-tour\/#primaryimage"},"image":{"@id":"https:\/\/hurghadalovers.com\/cs\/tours\/sahl-hasheesh-dolphin-house-snorkeling-day-tour\/#primaryimage"},"thumbnailUrl":"https:\/\/hurghadalovers.com\/wp-content\/uploads\/2023\/09\/Sahl-Hasheesh-Dolphin-House-Snorkeling-Day-Tour.jpeg","datePublished":"2023-09-02T09:24:16+00:00","dateModified":"2026-02-08T15:45:26+00:00","description":"Sahl Hasheesh Dolphin House Snorkeling Day Tour | Pozorov\u00e1n\u00ed a plav\u00e1n\u00ed s delf\u00edny s ob\u011bdem, vodn\u00edmi sporty a transferem. Aktivity pro rodiny","breadcrumb":{"@id":"https:\/\/hurghadalovers.com\/cs\/tours\/sahl-hasheesh-dolphin-house-snorkeling-day-tour\/#breadcrumb"},"inLanguage":"cs","potentialAction":[{"@type":"ReadAction","target":["https:\/\/hurghadalovers.com\/cs\/tours\/sahl-hasheesh-dolphin-house-snorkeling-day-tour\/"]}]},{"@type":"ImageObject","inLanguage":"cs","@id":"https:\/\/hurghadalovers.com\/cs\/tours\/sahl-hasheesh-dolphin-house-snorkeling-day-tour\/#primaryimage","url":"https:\/\/hurghadalovers.com\/wp-content\/uploads\/2023\/09\/Sahl-Hasheesh-Dolphin-House-Snorkeling-Day-Tour.jpeg","contentUrl":"https:\/\/hurghadalovers.com\/wp-content\/uploads\/2023\/09\/Sahl-Hasheesh-Dolphin-House-Snorkeling-Day-Tour.jpeg","width":1536,"height":1024,"caption":"Sahl Hasheesh Delf\u00edn\u00ed d\u016fm \u0160norchlov\u00e1n\u00ed Celodenn\u00ed v\u00fdlet"},{"@type":"BreadcrumbList","@id":"https:\/\/hurghadalovers.com\/cs\/tours\/sahl-hasheesh-dolphin-house-snorkeling-day-tour\/#breadcrumb","itemListElement":[{"@type":"ListItem","position":1,"name":"Home","item":"https:\/\/hurghadalovers.com\/cs\/"},{"@type":"ListItem","position":2,"name":"Shop","item":"https:\/\/hurghadalovers.com\/shop\/"},{"@type":"ListItem","position":3,"name":"Sahl Hasheesh Delf\u00edn\u00ed d\u016fm \u0160norchlov\u00e1n\u00ed Celodenn\u00ed v\u00fdlet"}]},{"@type":"WebSite","@id":"https:\/\/hurghadalovers.com\/cs\/#website","url":"https:\/\/hurghadalovers.com\/cs\/","name":"Hurghada Excursions & Day Trips | Booking Best Prices Tours","description":"Hurghada Lovers - Best Tour Operator - Excursions &amp; Things to do for Family Day Trips with kids and Couples Romantic. Unique .Hidden gems","publisher":{"@id":"https:\/\/hurghadalovers.com\/cs\/#organization"},"alternateName":"Hurghada Excursions","potentialAction":[{"@type":"SearchAction","target":{"@type":"EntryPoint","urlTemplate":"https:\/\/hurghadalovers.com\/cs\/?s={search_term_string}"},"query-input":{"@type":"PropertyValueSpecification","valueRequired":true,"valueName":"search_term_string"}}],"inLanguage":"cs"},{"@type":["Organization","Place","TravelAgency"],"@id":"https:\/\/hurghadalovers.com\/cs\/#organization","name":"Hurghada Excursions","url":"https:\/\/hurghadalovers.com\/cs\/","logo":{"@id":"https:\/\/hurghadalovers.com\/cs\/tours\/sahl-hasheesh-dolphin-house-snorkeling-day-tour\/#local-main-organization-logo"},"image":{"@id":"https:\/\/hurghadalovers.com\/cs\/tours\/sahl-hasheesh-dolphin-house-snorkeling-day-tour\/#local-main-organization-logo"},"sameAs":["https:\/\/www.facebook.com\/Hurghadaloversegypt"],"address":{"@id":"https:\/\/hurghadalovers.com\/cs\/tours\/sahl-hasheesh-dolphin-house-snorkeling-day-tour\/#local-main-place-address"},"telephone":["00201112596434"],"contactPoint":{"@type":"ContactPoint","telephone":"00201112596434","email":"weyouface@gmail.com"},"openingHoursSpecification":{"@type":"OpeningHoursSpecification","dayOfWeek":["Monday","Tuesday","Wednesday","Thursday","Friday","Saturday","Sunday"],"opens":"00:00","closes":"23:59"},"email":"weyouface@gmail.com","areaServed":"Luxor, Hurghada, El Gouna, Aswan, Sharm El Sheikh, Giza, Alexandria, Marsa Alam, Quseir, Soma Bay, Sahl Hasheesh, Red Sea, Makadi Bay, Cairo","priceRange":"$","currenciesAccepted":"euro","paymentAccepted":"cash on site"},{"@type":"PostalAddress","@id":"https:\/\/hurghadalovers.com\/cs\/tours\/sahl-hasheesh-dolphin-house-snorkeling-day-tour\/#local-main-place-address","streetAddress":"17 Banks street, Alkawther area, top nbk bank","addressLocality":"hurghada","postalCode":"84511","addressRegion":"red sea","addressCountry":"EG"},{"@type":"ImageObject","inLanguage":"cs","@id":"https:\/\/hurghadalovers.com\/cs\/tours\/sahl-hasheesh-dolphin-house-snorkeling-day-tour\/#local-main-organization-logo","url":"https:\/\/hurghadalovers.com\/wp-content\/uploads\/2019\/10\/hurghada-excursions-logo.png","contentUrl":"https:\/\/hurghadalovers.com\/wp-content\/uploads\/2019\/10\/hurghada-excursions-logo.png","width":272,"height":90,"caption":"Hurghada Excursions"}]},"product_brand":"V\u00fdlety Sahl Hasheesh","product_price_amount":"40","product_price_currency":"EUR","og_availability":"instock","product_availability":"instock","product_retailer_item_id":"dive88843434","product_condition":"new","geo.placename":"hurghada","geo.region":"Egypt"},"_links":{"self":[{"href":"https:\/\/hurghadalovers.com\/cs\/wp-json\/wp\/v2\/product\/393326","targetHints":{"allow":["GET"]}}],"collection":[{"href":"https:\/\/hurghadalovers.com\/cs\/wp-json\/wp\/v2\/product"}],"about":[{"href":"https:\/\/hurghadalovers.com\/cs\/wp-json\/wp\/v2\/types\/product"}],"wp:featuredmedia":[{"embeddable":true,"href":"https:\/\/hurghadalovers.com\/cs\/wp-json\/wp\/v2\/media\/393182"}],"wp:attachment":[{"href":"https:\/\/hurghadalovers.com\/cs\/wp-json\/wp\/v2\/media?parent=393326"}],"wp:term":[{"taxonomy":"product_brand","embeddable":true,"href":"https:\/\/hurghadalovers.com\/cs\/wp-json\/wp\/v2\/product_brand?post=393326"},{"taxonomy":"product_cat","embeddable":true,"href":"https:\/\/hurghadalovers.com\/cs\/wp-json\/wp\/v2\/product_cat?post=393326"},{"taxonomy":"product_tag","embeddable":true,"href":"https:\/\/hurghadalovers.com\/cs\/wp-json\/wp\/v2\/product_tag?post=393326"}],"curies":[{"name":"wp","href":"https:\/\/api.w.org\/{rel}","templated":true}]}}