{"id":392302,"date":"2023-09-01T20:53:12","date_gmt":"2023-09-01T20:57:06","guid":{"rendered":"https:\/\/hurghadalovers.com\/shop\/nezarazene\/soukroma-prohlidka-na-ctyrkolkach-sahl-hasheesh\/"},"modified":"2026-02-08T22:48:56","modified_gmt":"2026-02-08T22:48:56","slug":"sahl-hasheesh-private-quad-bike-tour","status":"publish","type":"product","link":"https:\/\/hurghadalovers.com\/cs\/tours\/sahl-hasheesh-private-quad-bike-tour\/","title":{"rendered":"Soukrom\u00e1 prohl\u00eddka na \u010dty\u0159kolk\u00e1ch Sahl Hasheesh"},"content":{"rendered":"<p><strong>Sahl Hasheesh<\/strong> <strong>Private Quad Bike Tour<\/strong> Desert Safari do bedu\u00ednsk\u00e9 vesnice s proj\u00ed\u017e\u010fkou na velbloudech.<\/p>\n<p>Hled\u00e1te <strong>soukrom\u00ed<\/strong> a vyd\u00e1v\u00e1te se na jedine\u010dn\u00e9 <strong>dobrodru\u017estv\u00ed na \u010dty\u0159kolk\u00e1ch<\/strong> v pou\u0161ti? P\u0159ipojte se k nejkr\u00e1sn\u011bj\u0161\u00edm <strong>safari v\u00fdlet\u016fm<\/strong> pro rodiny s d\u011btmi a p\u00e1ry, p\u0159i kter\u00fdch ujedete 25 km v pou\u0161ti, abyste se dostali z <strong>adrenalinu<\/strong> a\u017e do <strong>bedu\u00ednsk\u00e9 vesnice<\/strong>, pak <strong>si zajezd\u00edte na velbloudu<\/strong> a pozn\u00e1te \u017eivot bedu\u00edn\u016f s pomoc\u00ed <strong>soukrom\u00e9ho safari pr\u016fvodce<\/strong>, budete m\u00edt pod kontrolou sv\u016fj vlastn\u00ed \u010das a v\u00edce soukrom\u00ed a <strong>luxusu<\/strong>.<\/p>\n<p style=\"text-align: center;\"><span style=\"color: #993300;\">Nejlep\u0161\u00ed aktivity v Sahl Hasheesh pro <strong>rodiny s d\u011bt<\/strong> mi a <strong>romantick\u00e9<\/strong> a <strong>p\u00e1rov\u00e9 l\u00edb\u00e1nky<\/strong><\/span><\/p>\n<p>&nbsp;<\/p>\n<p><strong>Nejd\u016fle\u017eit\u011bj\u0161\u00ed informace:<\/strong><\/p>\n<ol>\n<li>J\u00edzda na \u010dty\u0159kolce.<\/li>\n<li>J\u00edzda na velbloudu.<\/li>\n<li>Bedu\u00ednsk\u00e1 vesnice.<\/li>\n<\/ol>\n<p><strong>Soukrom\u00e1 j\u00edzda na \u010dty\u0159kolce Podrobnosti:<\/strong><\/p>\n<ul>\n<li>Dostupnost prohl\u00eddky: Ka\u017ed\u00fd den.<\/li>\n<li>Typ z\u00e1jezdu: Skupina: Z\u00e1jezd pro skupinu.<\/li>\n<li>\u010cas vyzvednut\u00ed: Od 8:00 nebo odpoledne od 14:00.<\/li>\n<li>\u010cas vyzvednut\u00ed: 11:45 hod. NEBO \u010cas z\u00e1padu slunce.<\/li>\n<li>Doba trv\u00e1n\u00ed: Doba trv\u00e1n\u00ed: 3 hod.<\/li>\n<\/ul>\n<p><strong>Rezervujte nyn\u00ed a zapla\u0165te pozd\u011bji:<\/strong><\/p>\n<ul>\n<li>Hotovost na m\u00edst\u011b pro pr\u016fvodce.<\/li>\n<li>Platba egyptsk\u00fdmi librami, $, \u20ac nebo \u00a3.<\/li>\n<\/ul>\n<p><strong>Storno podm\u00ednky:<\/strong><\/p>\n<ul>\n<li>Zru\u0161it a\u017e 24 hodin p\u0159edem.<\/li>\n<li>Kdy\u017e n\u011bkdo z va\u0161\u00ed rodiny zru\u0161\u00ed dopoledne, zaplat\u00ed 50 % n\u00e1klad\u016f.<\/li>\n<\/ul>\n<p><strong>Co je v cen\u011b?<\/strong><\/p>\n<ul>\n<li>Transfer z hotel\u016f Sahl Hasheesh &#8222;Hotel pick up and drop off&#8220;.<\/li>\n<li>V\u0161echny dan\u011b, vstupn\u00ed poplatky a manipula\u010dn\u00ed poplatky.<\/li>\n<li>P\u0159estupy.<\/li>\n<li>Pr\u016fvodce.<\/li>\n<li>P\u0159ilba.<\/li>\n<\/ul>\n<p><strong>V\u00fdjimky?<\/strong><\/p>\n<ul>\n<li>\u0160\u00e1tek<\/li>\n<li>Ochrann\u00e9 br\u00fdle<\/li>\n<li>Spropitn\u00e9.<\/li>\n<li>Fotografie na cestu.<\/li>\n<li>P\u0159\u00edplatky, kter\u00e9 nebyly zm\u00edn\u011bny.<\/li>\n<\/ul>\n<p><strong>Soukrom\u00e1 j\u00edzda na \u010dty\u0159kolce Ceny:<\/strong><\/p>\n<ul>\n<li><strong>Cena pro dosp\u011bl\u00e9 = 40 USD za osobu<\/strong>.<\/li>\n<\/ul>\n<p><strong>Recenze:<\/strong><\/p>\n<p>pod\u00edvejte se na na\u0161e recenze na Google Map jako nejlep\u0161\u00ed <a href=\"https:\/\/g.page\/r\/CUeYvkngP3wkEBM\/review\">cestovn\u00ed kancel\u00e1\u0159 v Hurghad\u011b<\/a> online v <a href=\"https:\/\/hurghadalovers.com\/\">Hurghad\u011b<\/a> Egypt.<\/p>\n<p><strong>Rezervace:<\/strong><\/p>\n<p>Odeslat hotel + \u010d\u00edslo pokoje + foto pas\u016f na WhatsApp: <strong>+201112596434<\/strong><\/p>\n<p>Pokud jste z Egypta Rezervace nyn\u00ed on-line a potvrdit p\u0159i p\u0159\u00edjezdu Hotel.<\/p>\n<p><span style=\"color: #ff0000;\">&#8212;&#8212; | &#8212;&#8212;&#8212;&#8212;&#8211; | &#8212;&#8212;&#8212;-<\/span><\/p>\n<p>&nbsp;<\/p>\n<p>Pod\u00edvejte se na na\u0161e <a href=\"https:\/\/hurghadalovers.com\/tour-category\/sahl-hasheesh-tours\/\"><strong>V\u00fdlety do Sahl Hasheesh<\/strong><\/a> &#8211; <a href=\"https:\/\/hurghadalovers.com\/tour-category\/safari-sahl-hasheesh\/\"><strong>V\u00fdlet na \u010dty\u0159kolk\u00e1ch ze Sahl Hasheesh<\/strong><\/a>:<\/p>\n<ul>\n<li><a href=\"https:\/\/hurghadalovers.com\/tours\/sahl-hasheesh-morning-quad-biking-tour\/\">Sahl Hasheesh Rann\u00ed v\u00fdlet na \u010dty\u0159kolk\u00e1ch<\/a><\/li>\n<li><a href=\"https:\/\/hurghadalovers.com\/tours\/sahl-hasheesh-sunset-quad-biking-tour\/\">Sahl Hasheesh V\u00fdlet na \u010dty\u0159kolk\u00e1ch p\u0159i z\u00e1padu slunce<\/a><\/li>\n<li><a href=\"https:\/\/hurghadalovers.com\/tours\/sahl-hasheesh-super-jeep-safari-trip\/\">Sahl Hasheesh Super Jeep Safari Trip<\/a><\/li>\n<li><a href=\"https:\/\/hurghadalovers.com\/tours\/sahl-hasheesh-desert-safaris-with-kids\/\"><strong>Safari v pou\u0161ti Sahl Hasheesh s d\u011btmi<\/strong><\/a><\/li>\n<li><a href=\"https:\/\/hurghadalovers.com\/tours\/cheap-quad-biking-tours-from-sahl-hasheesh-2hr\/\">Levn\u00e9 v\u00fdlety na \u010dty\u0159kolk\u00e1ch ze Sahl Hasheesh<\/a> &#8211; 2hodiny<\/li>\n<li><a href=\"https:\/\/hurghadalovers.com\/tours\/sunset-buggy-tour-from-sahl-hasheesh\/\">V\u00fdlet s buginou p\u0159i z\u00e1padu slunce ze Sahl Hasheesh<\/a><\/li>\n<li><a href=\"https:\/\/hurghadalovers.com\/tours\/morning-buggy-tour-from-sahl-hasheesh\/\">Rann\u00ed v\u00fdlet buginou ze Sahl Hasheesh<\/a><\/li>\n<li><a href=\"https:\/\/hurghadalovers.com\/tours\/morning-jeep-safari-trip-from-sahl-hasheesh\/\">Rann\u00ed safari v\u00fdlet d\u017e\u00edpem ze Sahl Hasheesh<\/a><\/li>\n<li><a href=\"https:\/\/hurghadalovers.com\/tours\/sahl-hasheesh-private-jeep-safari-trip\/\">Soukrom\u00fd safari v\u00fdlet d\u017e\u00edpem Sahl Hasheesh<\/a><\/li>\n<li>Soukrom\u00e1 prohl\u00eddka na \u010dty\u0159kolk\u00e1ch Sahl Hasheesh<\/li>\n<\/ul>\n<p><a href=\"https:\/\/hurghadalovers.com\/tour-category\/things-to-do-in-sahl-hasheesh\/\"><strong>Co d\u011blat v Sahl Hasheesh<\/strong><\/a><\/p>\n<p><a href=\"https:\/\/hurghadalovers.com\/tours\/parasailing-sahl-hasheesh\/\">Parasailing Sahl Hasheesh<\/a><\/p>\n","protected":false},"excerpt":{"rendered":"<p><strong>Sahl Hasheesh<\/strong> <strong>Private Quad Bike Tour<\/strong> Desert Safari do bedu\u00ednsk\u00e9 vesnice s proj\u00ed\u017e\u010fkou na velbloudech. Hled\u00e1te <strong>soukrom\u00ed<\/strong> a vyd\u00e1v\u00e1te se za jedine\u010dn\u00fdm <strong>dobrodru\u017estv\u00edm na \u010dty\u0159kolk\u00e1ch<\/strong>?<\/p>\n","protected":false},"featured_media":935396,"template":"","meta":{"_joinchat":[]},"product_brand":[],"product_cat":[29708],"product_tag":[49709,49704,49713,49737,49750,49757,49693,49683,49734,49748,49688,49723,49755,49698,49727,49729,49744,49717],"class_list":{"0":"post-392302","1":"product","2":"type-product","3":"status-publish","4":"has-post-thumbnail","6":"product_cat-egypt-tours-cs","7":"product_tag-aktivity-pro-dvoulete-deti-od-sahl-hasheesh","8":"product_tag-aktivity-pro-pary-pod-strechou-sahl-hasheesh","9":"product_tag-aktivity-pro-rodiny-s-detmi-v-sahl-hasheesh","10":"product_tag-atv-sahl-hasheesh-cs","11":"product_tag-beduinska-vesnice-sahl-hasheesh","12":"product_tag-buggy-tour-sahl-hasheesh-cs","13":"product_tag-celodenni-vylety-ze-sahl-hasheesh","14":"product_tag-jednodenni-vylety-ze-sahl-hasheesh","15":"product_tag-jizda-na-ctyrkolkach-sahl-hasheesh","16":"product_tag-jizda-na-velbloudech-sahl-hasheesh","17":"product_tag-mista-k-navsteve-v-sahl-hasheesh","18":"product_tag-poustni-safari-sahl-hasheesh","19":"product_tag-pozorovani-hvezd-sahl-hasheesh","20":"product_tag-romanticke-aktivity-pro-pary-v-sahl-hasheesh","21":"product_tag-safari-s-buginami-sahl-hasheesh","22":"product_tag-safari-sahara-sahl-hasheesh-cs","23":"product_tag-safari-tour-sahl-hasheesh-cs","24":"product_tag-sahl-hasheesh-vylety-pro-deti","25":"tour_category-safari-from-sahl-hasheesh","26":"tour_category-sahl-hasheesh-tours-cs","28":"first","29":"instock","30":"sale","31":"shipping-taxable","32":"purchasable","33":"product-type-tour"},"yoast_head":"<!-- This site is optimized with the Yoast SEO Premium plugin v26.9 (Yoast SEO v27.2) - https:\/\/yoast.com\/product\/yoast-seo-premium-wordpress\/ -->\n<title>Soukrom\u00e1 prohl\u00eddka na \u010dty\u0159kolk\u00e1ch Sahl Hasheesh<\/title>\n<meta name=\"description\" content=\"Sahl Hasheesh Private Quad Bike Tour Desert Safari do bedu\u00ednsk\u00e9 vesnice s proj\u00ed\u017e\u010fkou na velbloudech. Hled\u00e1te soukrom\u00ed a vyd\u00e1v\u00e1te se na jedine\u010dn\u00e9 dobrodru\u017estv\u00ed\" \/>\n<meta name=\"robots\" content=\"index, follow, max-snippet:-1, max-image-preview:large, max-video-preview:-1\" \/>\n<link rel=\"canonical\" href=\"https:\/\/hurghadalovers.com\/cs\/tours\/sahl-hasheesh-private-quad-bike-tour\/\" \/>\n<meta property=\"og:locale\" content=\"cs_CZ\" \/>\n<meta property=\"og:type\" content=\"article\" \/>\n<meta property=\"og:title\" content=\"Soukrom\u00e1 prohl\u00eddka na \u010dty\u0159kolk\u00e1ch Sahl Hasheesh\" \/>\n<meta property=\"og:description\" content=\"Sahl Hasheesh Private Quad Bike Tour Desert Safari do bedu\u00ednsk\u00e9 vesnice s proj\u00ed\u017e\u010fkou na velbloudech. Hled\u00e1te soukrom\u00ed a vyd\u00e1v\u00e1te se na jedine\u010dn\u00e9 dobrodru\u017estv\u00ed\" \/>\n<meta property=\"og:url\" content=\"https:\/\/hurghadalovers.com\/cs\/tours\/sahl-hasheesh-private-quad-bike-tour\/\" \/>\n<meta property=\"og:site_name\" content=\"Hurghada Excursions &amp; Day Trips | Booking Best Prices Tours\" \/>\n<meta property=\"article:publisher\" content=\"https:\/\/www.facebook.com\/Hurghadaloversegypt\" \/>\n<meta property=\"article:modified_time\" content=\"2026-02-08T22:48:56+00:00\" \/>\n<meta property=\"og:image\" content=\"https:\/\/hurghadalovers.com\/wp-content\/uploads\/2023\/08\/Super-Jeep-Safari-Trip-from-Soma-bay-2026.jpeg\" \/>\n\t<meta property=\"og:image:width\" content=\"1156\" \/>\n\t<meta property=\"og:image:height\" content=\"521\" \/>\n\t<meta property=\"og:image:type\" content=\"image\/jpeg\" \/>\n<meta name=\"twitter:card\" content=\"summary_large_image\" \/>\n<meta name=\"twitter:label1\" content=\"Cena\" \/>\n\t<meta name=\"twitter:data1\" content=\"&euro;&nbsp;40\" \/>\n\t<meta name=\"twitter:label2\" content=\"Dostupnost\" \/>\n\t<meta name=\"twitter:data2\" content=\"Skladem\" \/>\n<script type=\"application\/ld+json\" class=\"yoast-schema-graph\">{\"@context\":\"https:\/\/schema.org\",\"@graph\":[{\"@type\":[\"WebPage\",\"ItemPage\"],\"@id\":\"https:\/\/hurghadalovers.com\/cs\/tours\/sahl-hasheesh-private-quad-bike-tour\/\",\"url\":\"https:\/\/hurghadalovers.com\/cs\/tours\/sahl-hasheesh-private-quad-bike-tour\/\",\"name\":\"Soukrom\u00e1 prohl\u00eddka na \u010dty\u0159kolk\u00e1ch Sahl Hasheesh\",\"isPartOf\":{\"@id\":\"https:\/\/hurghadalovers.com\/cs\/#website\"},\"primaryImageOfPage\":{\"@id\":\"https:\/\/hurghadalovers.com\/cs\/tours\/sahl-hasheesh-private-quad-bike-tour\/#primaryimage\"},\"image\":{\"@id\":\"https:\/\/hurghadalovers.com\/cs\/tours\/sahl-hasheesh-private-quad-bike-tour\/#primaryimage\"},\"thumbnailUrl\":\"https:\/\/hurghadalovers.com\/wp-content\/uploads\/2023\/08\/Super-Jeep-Safari-Trip-from-Soma-bay-2026.jpeg\",\"datePublished\":\"2023-09-01T20:57:06+00:00\",\"dateModified\":\"2026-02-08T22:48:56+00:00\",\"description\":\"Sahl Hasheesh Private Quad Bike Tour Desert Safari do bedu\u00ednsk\u00e9 vesnice s proj\u00ed\u017e\u010fkou na velbloudech. Hled\u00e1te soukrom\u00ed a vyd\u00e1v\u00e1te se na jedine\u010dn\u00e9 dobrodru\u017estv\u00ed\",\"breadcrumb\":{\"@id\":\"https:\/\/hurghadalovers.com\/cs\/tours\/sahl-hasheesh-private-quad-bike-tour\/#breadcrumb\"},\"inLanguage\":\"cs\",\"potentialAction\":[{\"@type\":\"ReadAction\",\"target\":[\"https:\/\/hurghadalovers.com\/cs\/tours\/sahl-hasheesh-private-quad-bike-tour\/\"]}]},{\"@type\":\"ImageObject\",\"inLanguage\":\"cs\",\"@id\":\"https:\/\/hurghadalovers.com\/cs\/tours\/sahl-hasheesh-private-quad-bike-tour\/#primaryimage\",\"url\":\"https:\/\/hurghadalovers.com\/wp-content\/uploads\/2023\/08\/Super-Jeep-Safari-Trip-from-Soma-bay-2026.jpeg\",\"contentUrl\":\"https:\/\/hurghadalovers.com\/wp-content\/uploads\/2023\/08\/Super-Jeep-Safari-Trip-from-Soma-bay-2026.jpeg\",\"width\":1156,\"height\":521,\"caption\":\"Private Soma bay Quad Bike Tour\"},{\"@type\":\"BreadcrumbList\",\"@id\":\"https:\/\/hurghadalovers.com\/cs\/tours\/sahl-hasheesh-private-quad-bike-tour\/#breadcrumb\",\"itemListElement\":[{\"@type\":\"ListItem\",\"position\":1,\"name\":\"Home\",\"item\":\"https:\/\/hurghadalovers.com\/cs\/\"},{\"@type\":\"ListItem\",\"position\":2,\"name\":\"Shop\",\"item\":\"https:\/\/hurghadalovers.com\/shop\/\"},{\"@type\":\"ListItem\",\"position\":3,\"name\":\"Soukrom\u00e1 prohl\u00eddka na \u010dty\u0159kolk\u00e1ch Sahl Hasheesh\"}]},{\"@type\":\"WebSite\",\"@id\":\"https:\/\/hurghadalovers.com\/cs\/#website\",\"url\":\"https:\/\/hurghadalovers.com\/cs\/\",\"name\":\"Hurghada Excursions & Day Trips | Booking Best Prices Tours\",\"description\":\"Hurghada Lovers - Best Tour Operator - Excursions &amp; Things to do for Family Day Trips with kids and Couples Romantic. Unique .Hidden gems\",\"publisher\":{\"@id\":\"https:\/\/hurghadalovers.com\/cs\/#organization\"},\"alternateName\":\"Hurghada Excursions\",\"potentialAction\":[{\"@type\":\"SearchAction\",\"target\":{\"@type\":\"EntryPoint\",\"urlTemplate\":\"https:\/\/hurghadalovers.com\/cs\/?s={search_term_string}\"},\"query-input\":{\"@type\":\"PropertyValueSpecification\",\"valueRequired\":true,\"valueName\":\"search_term_string\"}}],\"inLanguage\":\"cs\"},{\"@type\":[\"Organization\",\"Place\",\"TravelAgency\"],\"@id\":\"https:\/\/hurghadalovers.com\/cs\/#organization\",\"name\":\"Hurghada Excursions\",\"url\":\"https:\/\/hurghadalovers.com\/cs\/\",\"logo\":{\"@id\":\"https:\/\/hurghadalovers.com\/cs\/tours\/sahl-hasheesh-private-quad-bike-tour\/#local-main-organization-logo\"},\"image\":{\"@id\":\"https:\/\/hurghadalovers.com\/cs\/tours\/sahl-hasheesh-private-quad-bike-tour\/#local-main-organization-logo\"},\"sameAs\":[\"https:\/\/www.facebook.com\/Hurghadaloversegypt\"],\"address\":{\"@id\":\"https:\/\/hurghadalovers.com\/cs\/tours\/sahl-hasheesh-private-quad-bike-tour\/#local-main-place-address\"},\"telephone\":[\"00201112596434\"],\"contactPoint\":{\"@type\":\"ContactPoint\",\"telephone\":\"00201112596434\",\"email\":\"weyouface@gmail.com\"},\"openingHoursSpecification\":{\"@type\":\"OpeningHoursSpecification\",\"dayOfWeek\":[\"Monday\",\"Tuesday\",\"Wednesday\",\"Thursday\",\"Friday\",\"Saturday\",\"Sunday\"],\"opens\":\"00:00\",\"closes\":\"23:59\"},\"email\":\"weyouface@gmail.com\",\"areaServed\":\"Luxor, Hurghada, El Gouna, Aswan, Sharm El Sheikh, Giza, Alexandria, Marsa Alam, Quseir, Soma Bay, Sahl Hasheesh, Red Sea, Makadi Bay, Cairo\",\"priceRange\":\"$\",\"currenciesAccepted\":\"euro\",\"paymentAccepted\":\"cash on site\"},{\"@type\":\"PostalAddress\",\"@id\":\"https:\/\/hurghadalovers.com\/cs\/tours\/sahl-hasheesh-private-quad-bike-tour\/#local-main-place-address\",\"streetAddress\":\"17 Banks street, Alkawther area, top nbk bank\",\"addressLocality\":\"hurghada\",\"postalCode\":\"84511\",\"addressRegion\":\"red sea\",\"addressCountry\":\"EG\"},{\"@type\":\"ImageObject\",\"inLanguage\":\"cs\",\"@id\":\"https:\/\/hurghadalovers.com\/cs\/tours\/sahl-hasheesh-private-quad-bike-tour\/#local-main-organization-logo\",\"url\":\"https:\/\/hurghadalovers.com\/wp-content\/uploads\/2019\/10\/hurghada-excursions-logo.png\",\"contentUrl\":\"https:\/\/hurghadalovers.com\/wp-content\/uploads\/2019\/10\/hurghada-excursions-logo.png\",\"width\":272,\"height\":90,\"caption\":\"Hurghada Excursions\"}]}<\/script>\n<meta property=\"product:brand\" content=\"Pou\u0161tn\u00ed safari v Sahl Hasheesh\" \/>\n<meta property=\"product:price:amount\" content=\"40\" \/>\n<meta property=\"product:price:currency\" content=\"EUR\" \/>\n<meta property=\"og:availability\" content=\"instock\" \/>\n<meta property=\"product:availability\" content=\"instock\" \/>\n<meta property=\"product:retailer_item_id\" content=\"SahlSafari062024\" \/>\n<meta property=\"product:condition\" content=\"new\" \/>\n<meta name=\"geo.placename\" content=\"hurghada\" \/>\n<meta name=\"geo.region\" content=\"Egypt\" \/>\n<!-- \/ Yoast SEO Premium plugin. -->","yoast_head_json":{"title":"Soukrom\u00e1 prohl\u00eddka na \u010dty\u0159kolk\u00e1ch Sahl Hasheesh","description":"Sahl Hasheesh Private Quad Bike Tour Desert Safari do bedu\u00ednsk\u00e9 vesnice s proj\u00ed\u017e\u010fkou na velbloudech. Hled\u00e1te soukrom\u00ed a vyd\u00e1v\u00e1te se na jedine\u010dn\u00e9 dobrodru\u017estv\u00ed","robots":{"index":"index","follow":"follow","max-snippet":"max-snippet:-1","max-image-preview":"max-image-preview:large","max-video-preview":"max-video-preview:-1"},"canonical":"https:\/\/hurghadalovers.com\/cs\/tours\/sahl-hasheesh-private-quad-bike-tour\/","og_locale":"cs_CZ","og_type":"article","og_title":"Soukrom\u00e1 prohl\u00eddka na \u010dty\u0159kolk\u00e1ch Sahl Hasheesh","og_description":"Sahl Hasheesh Private Quad Bike Tour Desert Safari do bedu\u00ednsk\u00e9 vesnice s proj\u00ed\u017e\u010fkou na velbloudech. Hled\u00e1te soukrom\u00ed a vyd\u00e1v\u00e1te se na jedine\u010dn\u00e9 dobrodru\u017estv\u00ed","og_url":"https:\/\/hurghadalovers.com\/cs\/tours\/sahl-hasheesh-private-quad-bike-tour\/","og_site_name":"Hurghada Excursions &amp; Day Trips | Booking Best Prices Tours","article_publisher":"https:\/\/www.facebook.com\/Hurghadaloversegypt","article_modified_time":"2026-02-08T22:48:56+00:00","og_image":[{"width":1156,"height":521,"url":"https:\/\/hurghadalovers.com\/wp-content\/uploads\/2023\/08\/Super-Jeep-Safari-Trip-from-Soma-bay-2026.jpeg","type":"image\/jpeg"}],"twitter_card":"summary_large_image","twitter_misc":{"Cena":"&euro;&nbsp;40","Dostupnost":"Skladem"},"schema":{"@context":"https:\/\/schema.org","@graph":[{"@type":["WebPage","ItemPage"],"@id":"https:\/\/hurghadalovers.com\/cs\/tours\/sahl-hasheesh-private-quad-bike-tour\/","url":"https:\/\/hurghadalovers.com\/cs\/tours\/sahl-hasheesh-private-quad-bike-tour\/","name":"Soukrom\u00e1 prohl\u00eddka na \u010dty\u0159kolk\u00e1ch Sahl Hasheesh","isPartOf":{"@id":"https:\/\/hurghadalovers.com\/cs\/#website"},"primaryImageOfPage":{"@id":"https:\/\/hurghadalovers.com\/cs\/tours\/sahl-hasheesh-private-quad-bike-tour\/#primaryimage"},"image":{"@id":"https:\/\/hurghadalovers.com\/cs\/tours\/sahl-hasheesh-private-quad-bike-tour\/#primaryimage"},"thumbnailUrl":"https:\/\/hurghadalovers.com\/wp-content\/uploads\/2023\/08\/Super-Jeep-Safari-Trip-from-Soma-bay-2026.jpeg","datePublished":"2023-09-01T20:57:06+00:00","dateModified":"2026-02-08T22:48:56+00:00","description":"Sahl Hasheesh Private Quad Bike Tour Desert Safari do bedu\u00ednsk\u00e9 vesnice s proj\u00ed\u017e\u010fkou na velbloudech. Hled\u00e1te soukrom\u00ed a vyd\u00e1v\u00e1te se na jedine\u010dn\u00e9 dobrodru\u017estv\u00ed","breadcrumb":{"@id":"https:\/\/hurghadalovers.com\/cs\/tours\/sahl-hasheesh-private-quad-bike-tour\/#breadcrumb"},"inLanguage":"cs","potentialAction":[{"@type":"ReadAction","target":["https:\/\/hurghadalovers.com\/cs\/tours\/sahl-hasheesh-private-quad-bike-tour\/"]}]},{"@type":"ImageObject","inLanguage":"cs","@id":"https:\/\/hurghadalovers.com\/cs\/tours\/sahl-hasheesh-private-quad-bike-tour\/#primaryimage","url":"https:\/\/hurghadalovers.com\/wp-content\/uploads\/2023\/08\/Super-Jeep-Safari-Trip-from-Soma-bay-2026.jpeg","contentUrl":"https:\/\/hurghadalovers.com\/wp-content\/uploads\/2023\/08\/Super-Jeep-Safari-Trip-from-Soma-bay-2026.jpeg","width":1156,"height":521,"caption":"Private Soma bay Quad Bike Tour"},{"@type":"BreadcrumbList","@id":"https:\/\/hurghadalovers.com\/cs\/tours\/sahl-hasheesh-private-quad-bike-tour\/#breadcrumb","itemListElement":[{"@type":"ListItem","position":1,"name":"Home","item":"https:\/\/hurghadalovers.com\/cs\/"},{"@type":"ListItem","position":2,"name":"Shop","item":"https:\/\/hurghadalovers.com\/shop\/"},{"@type":"ListItem","position":3,"name":"Soukrom\u00e1 prohl\u00eddka na \u010dty\u0159kolk\u00e1ch Sahl Hasheesh"}]},{"@type":"WebSite","@id":"https:\/\/hurghadalovers.com\/cs\/#website","url":"https:\/\/hurghadalovers.com\/cs\/","name":"Hurghada Excursions & Day Trips | Booking Best Prices Tours","description":"Hurghada Lovers - Best Tour Operator - Excursions &amp; Things to do for Family Day Trips with kids and Couples Romantic. Unique .Hidden gems","publisher":{"@id":"https:\/\/hurghadalovers.com\/cs\/#organization"},"alternateName":"Hurghada Excursions","potentialAction":[{"@type":"SearchAction","target":{"@type":"EntryPoint","urlTemplate":"https:\/\/hurghadalovers.com\/cs\/?s={search_term_string}"},"query-input":{"@type":"PropertyValueSpecification","valueRequired":true,"valueName":"search_term_string"}}],"inLanguage":"cs"},{"@type":["Organization","Place","TravelAgency"],"@id":"https:\/\/hurghadalovers.com\/cs\/#organization","name":"Hurghada Excursions","url":"https:\/\/hurghadalovers.com\/cs\/","logo":{"@id":"https:\/\/hurghadalovers.com\/cs\/tours\/sahl-hasheesh-private-quad-bike-tour\/#local-main-organization-logo"},"image":{"@id":"https:\/\/hurghadalovers.com\/cs\/tours\/sahl-hasheesh-private-quad-bike-tour\/#local-main-organization-logo"},"sameAs":["https:\/\/www.facebook.com\/Hurghadaloversegypt"],"address":{"@id":"https:\/\/hurghadalovers.com\/cs\/tours\/sahl-hasheesh-private-quad-bike-tour\/#local-main-place-address"},"telephone":["00201112596434"],"contactPoint":{"@type":"ContactPoint","telephone":"00201112596434","email":"weyouface@gmail.com"},"openingHoursSpecification":{"@type":"OpeningHoursSpecification","dayOfWeek":["Monday","Tuesday","Wednesday","Thursday","Friday","Saturday","Sunday"],"opens":"00:00","closes":"23:59"},"email":"weyouface@gmail.com","areaServed":"Luxor, Hurghada, El Gouna, Aswan, Sharm El Sheikh, Giza, Alexandria, Marsa Alam, Quseir, Soma Bay, Sahl Hasheesh, Red Sea, Makadi Bay, Cairo","priceRange":"$","currenciesAccepted":"euro","paymentAccepted":"cash on site"},{"@type":"PostalAddress","@id":"https:\/\/hurghadalovers.com\/cs\/tours\/sahl-hasheesh-private-quad-bike-tour\/#local-main-place-address","streetAddress":"17 Banks street, Alkawther area, top nbk bank","addressLocality":"hurghada","postalCode":"84511","addressRegion":"red sea","addressCountry":"EG"},{"@type":"ImageObject","inLanguage":"cs","@id":"https:\/\/hurghadalovers.com\/cs\/tours\/sahl-hasheesh-private-quad-bike-tour\/#local-main-organization-logo","url":"https:\/\/hurghadalovers.com\/wp-content\/uploads\/2019\/10\/hurghada-excursions-logo.png","contentUrl":"https:\/\/hurghadalovers.com\/wp-content\/uploads\/2019\/10\/hurghada-excursions-logo.png","width":272,"height":90,"caption":"Hurghada Excursions"}]},"product_brand":"Pou\u0161tn\u00ed safari v Sahl Hasheesh","product_price_amount":"40","product_price_currency":"EUR","og_availability":"instock","product_availability":"instock","product_retailer_item_id":"SahlSafari062024","product_condition":"new","geo.placename":"hurghada","geo.region":"Egypt"},"_links":{"self":[{"href":"https:\/\/hurghadalovers.com\/cs\/wp-json\/wp\/v2\/product\/392302","targetHints":{"allow":["GET"]}}],"collection":[{"href":"https:\/\/hurghadalovers.com\/cs\/wp-json\/wp\/v2\/product"}],"about":[{"href":"https:\/\/hurghadalovers.com\/cs\/wp-json\/wp\/v2\/types\/product"}],"wp:featuredmedia":[{"embeddable":true,"href":"https:\/\/hurghadalovers.com\/cs\/wp-json\/wp\/v2\/media\/935396"}],"wp:attachment":[{"href":"https:\/\/hurghadalovers.com\/cs\/wp-json\/wp\/v2\/media?parent=392302"}],"wp:term":[{"taxonomy":"product_brand","embeddable":true,"href":"https:\/\/hurghadalovers.com\/cs\/wp-json\/wp\/v2\/product_brand?post=392302"},{"taxonomy":"product_cat","embeddable":true,"href":"https:\/\/hurghadalovers.com\/cs\/wp-json\/wp\/v2\/product_cat?post=392302"},{"taxonomy":"product_tag","embeddable":true,"href":"https:\/\/hurghadalovers.com\/cs\/wp-json\/wp\/v2\/product_tag?post=392302"}],"curies":[{"name":"wp","href":"https:\/\/api.w.org\/{rel}","templated":true}]}}