{"id":392152,"date":"2023-09-01T20:33:42","date_gmt":"2023-09-01T20:33:42","guid":{"rendered":"https:\/\/hurghadalovers.com\/shop\/nezarazene\/vylet-s-buginou-pri-zapadu-slunce-ze-sahl-hasheesh\/"},"modified":"2026-02-07T18:07:38","modified_gmt":"2026-02-07T18:07:38","slug":"sunset-buggy-tour-from-sahl-hasheesh","status":"publish","type":"product","link":"https:\/\/hurghadalovers.com\/cs\/tours\/sunset-buggy-tour-from-sahl-hasheesh\/","title":{"rendered":"V\u00fdlet s buginou p\u0159i z\u00e1padu slunce ze Sahl Hasheesh"},"content":{"rendered":"<p><strong>Z\u00e1pad slunce v bugin\u00e1ch ze <\/strong><strong>Sahl Hasheesh<\/strong> do bedu\u00ednsk\u00e9 vesnice a proj\u00ed\u017e\u010fka na velbloudech | <strong>Luxusn\u00ed dobrodru\u017en\u00e9 pou\u0161tn\u00ed safari<\/strong> pro rodiny s d\u011btmi, p\u00e1ry a seniory se soukrom\u00fdm transferem | J\u00edzda na Polaris RZR.<\/p>\n<p>&nbsp;<\/p>\n<p><strong>Nejd\u016fle\u017eit\u011bj\u0161\u00ed informace:<\/strong><\/p>\n<ol>\n<li>J\u00edzda v dunov\u00e9 bugin\u011b.<\/li>\n<li>J\u00edzda na velbloudu.<\/li>\n<li>Bedu\u00ednsk\u00e1 vesnice.<\/li>\n<\/ol>\n<p><strong>Z\u00e1pad slunce Buggy Tour od <\/strong><strong>Sahl Hasheesh<\/strong> <strong>Podrobnosti:<\/strong><\/p>\n<ul>\n<li>Dostupnost prohl\u00eddky: Ka\u017ed\u00fd den.<\/li>\n<li>Typ z\u00e1jezdu: Soukrom\u00fd nebo skupinov\u00fd.<\/li>\n<li>\u010cas vyzvednut\u00ed: Od 14:00.<\/li>\n<li>\u010cas vyzvednut\u00ed: od 19:00.<\/li>\n<li>Doba trv\u00e1n\u00ed: Doba trv\u00e1n\u00ed: 3 hod.<\/li>\n<\/ul>\n<p><strong>Rezervujte nyn\u00ed a zapla\u0165te pozd\u011bji:<\/strong><\/p>\n<ul>\n<li>Hotovost na m\u00edst\u011b pro pr\u016fvodce.<\/li>\n<li>Platba egyptsk\u00fdmi librami, $, \u20ac nebo \u00a3.<\/li>\n<\/ul>\n<p><strong>Storno podm\u00ednky:<\/strong><\/p>\n<ul>\n<li>Zru\u0161it a\u017e 24 hodin p\u0159edem.<\/li>\n<li>Kdy\u017e n\u011bkdo z va\u0161\u00ed rodiny zru\u0161\u00ed dopoledne, zaplat\u00ed 50 % n\u00e1klad\u016f.<\/li>\n<\/ul>\n<p><strong>Co je v cen\u011b?<\/strong><\/p>\n<ul>\n<li>Transfer z hotel\u016f Sahl Hasheesh &#8222;Hotel pick up and drop off&#8220;.<\/li>\n<li>V\u0161echny dan\u011b, vstupn\u00ed poplatky a manipula\u010dn\u00ed poplatky.<\/li>\n<li>P\u0159estupy.<\/li>\n<li>Pr\u016fvodce.<\/li>\n<li>P\u0159ilba.<\/li>\n<\/ul>\n<p><strong>V\u00fdjimky?<\/strong><\/p>\n<ul>\n<li>\u0160\u00e1tek<\/li>\n<li>Ochrann\u00e9 br\u00fdle<\/li>\n<li>Spropitn\u00e9.<\/li>\n<li>Fotografie na cestu.<\/li>\n<li>P\u0159\u00edplatky, kter\u00e9 nebyly zm\u00edn\u011bny.<\/li>\n<\/ul>\n<p><strong>Ceny:<\/strong><\/p>\n<p><strong>Cena = 90 USD za osobu<\/strong>.<\/p>\n<p><strong>Recenze:<\/strong><\/p>\n<p>pod\u00edvejte se na na\u0161e recenze na Google Map jako nejlep\u0161\u00ed <a href=\"https:\/\/g.page\/r\/CUeYvkngP3wkEBM\/review\">cestovn\u00ed kancel\u00e1\u0159 v Hurghad\u011b<\/a> online v <a href=\"https:\/\/hurghadalovers.com\/\">Hurghad\u011b<\/a> Egypt.<\/p>\n<p>&nbsp;<\/p>\n<p><strong>Rezervace:<\/strong><\/p>\n<p>Odeslat hotel + \u010d\u00edslo pokoje + foto pas\u016f na WhatsApp: <strong>+201112596434<\/strong><\/p>\n<p>Pokud jste z Egypta Rezervace nyn\u00ed on-line a potvrdit p\u0159i p\u0159\u00edjezdu Hotel.<\/p>\n<p>&nbsp;<\/p>\n<p>&nbsp;<\/p>\n","protected":false},"excerpt":{"rendered":"<p><strong>Z\u00e1pad slunce v bugin\u00e1ch ze <\/strong><strong>Sahl Hasheesh<\/strong> do bedu\u00ednsk\u00e9 vesnice a proj\u00ed\u017e\u010fka na velbloudech | <strong>Luxusn\u00ed dobrodru\u017en\u00e9 pou\u0161tn\u00ed safari<\/strong> pro rodiny s d\u011btmi, p\u00e1ry a seniory se soukrom\u00fdm transferem | J\u00edzda na Polaris RZR.<\/p>\n","protected":false},"featured_media":953121,"template":"","meta":{"_joinchat":[]},"product_brand":[],"product_cat":[29708],"product_tag":[49737,49750,49757,54276,54190,54274,49734,49748,49723,49755,54137,54280,49727,49729,49744,54272,54174,54278],"class_list":{"0":"post-392152","1":"product","2":"type-product","3":"status-publish","4":"has-post-thumbnail","6":"product_cat-egypt-tours-cs","7":"product_tag-atv-sahl-hasheesh-cs","8":"product_tag-beduinska-vesnice-sahl-hasheesh","9":"product_tag-buggy-tour-sahl-hasheesh-cs","10":"product_tag-co-videt-v-sahl-hasheesh","11":"product_tag-jednodenni-vylety-do-sahl-hasheesh","12":"product_tag-jednodenni-vylety-do-sahl-hasheesh-cs","13":"product_tag-jizda-na-ctyrkolkach-sahl-hasheesh","14":"product_tag-jizda-na-velbloudech-sahl-hasheesh","15":"product_tag-poustni-safari-sahl-hasheesh","16":"product_tag-pozorovani-hvezd-sahl-hasheesh","17":"product_tag-rodinne-aktivity-z-mesta-sahl-hasheesh","18":"product_tag-romanticke-aktivity-v-sahl-hasheesh-cs","19":"product_tag-safari-s-buginami-sahl-hasheesh","20":"product_tag-safari-sahara-sahl-hasheesh-cs","21":"product_tag-safari-tour-sahl-hasheesh-cs","22":"product_tag-sahl-hasheesh-co-delat","23":"product_tag-sahl-hasheesh-levne-vylety-pro-rodiny-s-detmi","24":"product_tag-sahl-hasheesh-romanticke-vylety-cs","25":"tour_category-safari-from-sahl-hasheesh","26":"tour_category-sahl-hasheesh-tours-cs","28":"first","29":"instock","30":"sale","31":"shipping-taxable","32":"purchasable","33":"product-type-tour"},"yoast_head":"<!-- This site is optimized with the Yoast SEO Premium plugin v26.9 (Yoast SEO v27.2) - https:\/\/yoast.com\/product\/yoast-seo-premium-wordpress\/ -->\n<title>V\u00fdlet s buginou p\u0159i z\u00e1padu slunce ze Sahl Hasheesh<\/title>\n<meta name=\"description\" content=\"Z\u00e1pad slunce v bugin\u00e1ch ze Sahl Hasheesh do bedu\u00ednsk\u00e9 vesnice a proj\u00ed\u017e\u010fka na velbloudech | Luxusn\u00ed dobrodru\u017en\u00e9 pou\u0161tn\u00ed safari pro rodiny s d\u011btmi, p\u00e1ry a seniory\" \/>\n<meta name=\"robots\" content=\"index, follow, max-snippet:-1, max-image-preview:large, max-video-preview:-1\" \/>\n<link rel=\"canonical\" href=\"https:\/\/hurghadalovers.com\/cs\/tours\/sunset-buggy-tour-from-sahl-hasheesh\/\" \/>\n<meta property=\"og:locale\" content=\"cs_CZ\" \/>\n<meta property=\"og:type\" content=\"article\" \/>\n<meta property=\"og:title\" content=\"V\u00fdlet s buginou p\u0159i z\u00e1padu slunce ze Sahl Hasheesh\" \/>\n<meta property=\"og:description\" content=\"Z\u00e1pad slunce v bugin\u00e1ch ze Sahl Hasheesh do bedu\u00ednsk\u00e9 vesnice a proj\u00ed\u017e\u010fka na velbloudech | Luxusn\u00ed dobrodru\u017en\u00e9 pou\u0161tn\u00ed safari pro rodiny s d\u011btmi, p\u00e1ry a seniory\" \/>\n<meta property=\"og:url\" content=\"https:\/\/hurghadalovers.com\/cs\/tours\/sunset-buggy-tour-from-sahl-hasheesh\/\" \/>\n<meta property=\"og:site_name\" content=\"Hurghada Excursions &amp; Day Trips | Booking Best Prices Tours\" \/>\n<meta property=\"article:publisher\" content=\"https:\/\/www.facebook.com\/Hurghadaloversegypt\" \/>\n<meta property=\"article:modified_time\" content=\"2026-02-07T18:07:38+00:00\" \/>\n<meta property=\"og:image\" content=\"https:\/\/hurghadalovers.com\/wp-content\/uploads\/2023\/09\/buggy-tour-with-kids.jpeg\" \/>\n\t<meta property=\"og:image:width\" content=\"1156\" \/>\n\t<meta property=\"og:image:height\" content=\"521\" \/>\n\t<meta property=\"og:image:type\" content=\"image\/jpeg\" \/>\n<meta name=\"twitter:card\" content=\"summary_large_image\" \/>\n<meta name=\"twitter:label1\" content=\"Cena\" \/>\n\t<meta name=\"twitter:data1\" content=\"&euro;&nbsp;105\" \/>\n\t<meta name=\"twitter:label2\" content=\"Dostupnost\" \/>\n\t<meta name=\"twitter:data2\" content=\"Skladem\" \/>\n<script type=\"application\/ld+json\" class=\"yoast-schema-graph\">{\"@context\":\"https:\/\/schema.org\",\"@graph\":[{\"@type\":[\"WebPage\",\"ItemPage\"],\"@id\":\"https:\/\/hurghadalovers.com\/cs\/tours\/sunset-buggy-tour-from-sahl-hasheesh\/\",\"url\":\"https:\/\/hurghadalovers.com\/cs\/tours\/sunset-buggy-tour-from-sahl-hasheesh\/\",\"name\":\"V\u00fdlet s buginou p\u0159i z\u00e1padu slunce ze Sahl Hasheesh\",\"isPartOf\":{\"@id\":\"https:\/\/hurghadalovers.com\/cs\/#website\"},\"primaryImageOfPage\":{\"@id\":\"https:\/\/hurghadalovers.com\/cs\/tours\/sunset-buggy-tour-from-sahl-hasheesh\/#primaryimage\"},\"image\":{\"@id\":\"https:\/\/hurghadalovers.com\/cs\/tours\/sunset-buggy-tour-from-sahl-hasheesh\/#primaryimage\"},\"thumbnailUrl\":\"https:\/\/hurghadalovers.com\/wp-content\/uploads\/2023\/09\/buggy-tour-with-kids.jpeg\",\"datePublished\":\"2023-09-01T20:33:42+00:00\",\"dateModified\":\"2026-02-07T18:07:38+00:00\",\"description\":\"Z\u00e1pad slunce v bugin\u00e1ch ze Sahl Hasheesh do bedu\u00ednsk\u00e9 vesnice a proj\u00ed\u017e\u010fka na velbloudech | Luxusn\u00ed dobrodru\u017en\u00e9 pou\u0161tn\u00ed safari pro rodiny s d\u011btmi, p\u00e1ry a seniory\",\"breadcrumb\":{\"@id\":\"https:\/\/hurghadalovers.com\/cs\/tours\/sunset-buggy-tour-from-sahl-hasheesh\/#breadcrumb\"},\"inLanguage\":\"cs\",\"potentialAction\":[{\"@type\":\"ReadAction\",\"target\":[\"https:\/\/hurghadalovers.com\/cs\/tours\/sunset-buggy-tour-from-sahl-hasheesh\/\"]}]},{\"@type\":\"ImageObject\",\"inLanguage\":\"cs\",\"@id\":\"https:\/\/hurghadalovers.com\/cs\/tours\/sunset-buggy-tour-from-sahl-hasheesh\/#primaryimage\",\"url\":\"https:\/\/hurghadalovers.com\/wp-content\/uploads\/2023\/09\/buggy-tour-with-kids.jpeg\",\"contentUrl\":\"https:\/\/hurghadalovers.com\/wp-content\/uploads\/2023\/09\/buggy-tour-with-kids.jpeg\",\"width\":1156,\"height\":521,\"caption\":\"buggy tour with kids\"},{\"@type\":\"BreadcrumbList\",\"@id\":\"https:\/\/hurghadalovers.com\/cs\/tours\/sunset-buggy-tour-from-sahl-hasheesh\/#breadcrumb\",\"itemListElement\":[{\"@type\":\"ListItem\",\"position\":1,\"name\":\"Home\",\"item\":\"https:\/\/hurghadalovers.com\/cs\/\"},{\"@type\":\"ListItem\",\"position\":2,\"name\":\"Shop\",\"item\":\"https:\/\/hurghadalovers.com\/shop\/\"},{\"@type\":\"ListItem\",\"position\":3,\"name\":\"V\u00fdlet s buginou p\u0159i z\u00e1padu slunce ze Sahl Hasheesh\"}]},{\"@type\":\"WebSite\",\"@id\":\"https:\/\/hurghadalovers.com\/cs\/#website\",\"url\":\"https:\/\/hurghadalovers.com\/cs\/\",\"name\":\"Hurghada Excursions & Day Trips | Booking Best Prices Tours\",\"description\":\"Hurghada Lovers - Best Tour Operator - Excursions &amp; Things to do for Family Day Trips with kids and Couples Romantic. Unique .Hidden gems\",\"publisher\":{\"@id\":\"https:\/\/hurghadalovers.com\/cs\/#organization\"},\"alternateName\":\"Hurghada Excursions\",\"potentialAction\":[{\"@type\":\"SearchAction\",\"target\":{\"@type\":\"EntryPoint\",\"urlTemplate\":\"https:\/\/hurghadalovers.com\/cs\/?s={search_term_string}\"},\"query-input\":{\"@type\":\"PropertyValueSpecification\",\"valueRequired\":true,\"valueName\":\"search_term_string\"}}],\"inLanguage\":\"cs\"},{\"@type\":[\"Organization\",\"Place\",\"TravelAgency\"],\"@id\":\"https:\/\/hurghadalovers.com\/cs\/#organization\",\"name\":\"Hurghada Excursions\",\"url\":\"https:\/\/hurghadalovers.com\/cs\/\",\"logo\":{\"@id\":\"https:\/\/hurghadalovers.com\/cs\/tours\/sunset-buggy-tour-from-sahl-hasheesh\/#local-main-organization-logo\"},\"image\":{\"@id\":\"https:\/\/hurghadalovers.com\/cs\/tours\/sunset-buggy-tour-from-sahl-hasheesh\/#local-main-organization-logo\"},\"sameAs\":[\"https:\/\/www.facebook.com\/Hurghadaloversegypt\"],\"address\":{\"@id\":\"https:\/\/hurghadalovers.com\/cs\/tours\/sunset-buggy-tour-from-sahl-hasheesh\/#local-main-place-address\"},\"telephone\":[\"00201112596434\"],\"contactPoint\":{\"@type\":\"ContactPoint\",\"telephone\":\"00201112596434\",\"email\":\"weyouface@gmail.com\"},\"openingHoursSpecification\":{\"@type\":\"OpeningHoursSpecification\",\"dayOfWeek\":[\"Monday\",\"Tuesday\",\"Wednesday\",\"Thursday\",\"Friday\",\"Saturday\",\"Sunday\"],\"opens\":\"00:00\",\"closes\":\"23:59\"},\"email\":\"weyouface@gmail.com\",\"areaServed\":\"Luxor, Hurghada, El Gouna, Aswan, Sharm El Sheikh, Giza, Alexandria, Marsa Alam, Quseir, Soma Bay, Sahl Hasheesh, Red Sea, Makadi Bay, Cairo\",\"priceRange\":\"$\",\"currenciesAccepted\":\"euro\",\"paymentAccepted\":\"cash on site\"},{\"@type\":\"PostalAddress\",\"@id\":\"https:\/\/hurghadalovers.com\/cs\/tours\/sunset-buggy-tour-from-sahl-hasheesh\/#local-main-place-address\",\"streetAddress\":\"17 Banks street, Alkawther area, top nbk bank\",\"addressLocality\":\"hurghada\",\"postalCode\":\"84511\",\"addressRegion\":\"red sea\",\"addressCountry\":\"EG\"},{\"@type\":\"ImageObject\",\"inLanguage\":\"cs\",\"@id\":\"https:\/\/hurghadalovers.com\/cs\/tours\/sunset-buggy-tour-from-sahl-hasheesh\/#local-main-organization-logo\",\"url\":\"https:\/\/hurghadalovers.com\/wp-content\/uploads\/2019\/10\/hurghada-excursions-logo.png\",\"contentUrl\":\"https:\/\/hurghadalovers.com\/wp-content\/uploads\/2019\/10\/hurghada-excursions-logo.png\",\"width\":272,\"height\":90,\"caption\":\"Hurghada Excursions\"}]}<\/script>\n<meta property=\"product:brand\" content=\"Pou\u0161tn\u00ed safari v Sahl Hasheesh\" \/>\n<meta property=\"product:price:amount\" content=\"105\" \/>\n<meta property=\"product:price:currency\" content=\"EUR\" \/>\n<meta property=\"og:availability\" content=\"instock\" \/>\n<meta property=\"product:availability\" content=\"instock\" \/>\n<meta property=\"product:retailer_item_id\" content=\"SahlSafari022024\" \/>\n<meta property=\"product:condition\" content=\"new\" \/>\n<meta name=\"geo.placename\" content=\"hurghada\" \/>\n<meta name=\"geo.region\" content=\"Egypt\" \/>\n<!-- \/ Yoast SEO Premium plugin. -->","yoast_head_json":{"title":"V\u00fdlet s buginou p\u0159i z\u00e1padu slunce ze Sahl Hasheesh","description":"Z\u00e1pad slunce v bugin\u00e1ch ze Sahl Hasheesh do bedu\u00ednsk\u00e9 vesnice a proj\u00ed\u017e\u010fka na velbloudech | Luxusn\u00ed dobrodru\u017en\u00e9 pou\u0161tn\u00ed safari pro rodiny s d\u011btmi, p\u00e1ry a seniory","robots":{"index":"index","follow":"follow","max-snippet":"max-snippet:-1","max-image-preview":"max-image-preview:large","max-video-preview":"max-video-preview:-1"},"canonical":"https:\/\/hurghadalovers.com\/cs\/tours\/sunset-buggy-tour-from-sahl-hasheesh\/","og_locale":"cs_CZ","og_type":"article","og_title":"V\u00fdlet s buginou p\u0159i z\u00e1padu slunce ze Sahl Hasheesh","og_description":"Z\u00e1pad slunce v bugin\u00e1ch ze Sahl Hasheesh do bedu\u00ednsk\u00e9 vesnice a proj\u00ed\u017e\u010fka na velbloudech | Luxusn\u00ed dobrodru\u017en\u00e9 pou\u0161tn\u00ed safari pro rodiny s d\u011btmi, p\u00e1ry a seniory","og_url":"https:\/\/hurghadalovers.com\/cs\/tours\/sunset-buggy-tour-from-sahl-hasheesh\/","og_site_name":"Hurghada Excursions &amp; Day Trips | Booking Best Prices Tours","article_publisher":"https:\/\/www.facebook.com\/Hurghadaloversegypt","article_modified_time":"2026-02-07T18:07:38+00:00","og_image":[{"width":1156,"height":521,"url":"https:\/\/hurghadalovers.com\/wp-content\/uploads\/2023\/09\/buggy-tour-with-kids.jpeg","type":"image\/jpeg"}],"twitter_card":"summary_large_image","twitter_misc":{"Cena":"&euro;&nbsp;105","Dostupnost":"Skladem"},"schema":{"@context":"https:\/\/schema.org","@graph":[{"@type":["WebPage","ItemPage"],"@id":"https:\/\/hurghadalovers.com\/cs\/tours\/sunset-buggy-tour-from-sahl-hasheesh\/","url":"https:\/\/hurghadalovers.com\/cs\/tours\/sunset-buggy-tour-from-sahl-hasheesh\/","name":"V\u00fdlet s buginou p\u0159i z\u00e1padu slunce ze Sahl Hasheesh","isPartOf":{"@id":"https:\/\/hurghadalovers.com\/cs\/#website"},"primaryImageOfPage":{"@id":"https:\/\/hurghadalovers.com\/cs\/tours\/sunset-buggy-tour-from-sahl-hasheesh\/#primaryimage"},"image":{"@id":"https:\/\/hurghadalovers.com\/cs\/tours\/sunset-buggy-tour-from-sahl-hasheesh\/#primaryimage"},"thumbnailUrl":"https:\/\/hurghadalovers.com\/wp-content\/uploads\/2023\/09\/buggy-tour-with-kids.jpeg","datePublished":"2023-09-01T20:33:42+00:00","dateModified":"2026-02-07T18:07:38+00:00","description":"Z\u00e1pad slunce v bugin\u00e1ch ze Sahl Hasheesh do bedu\u00ednsk\u00e9 vesnice a proj\u00ed\u017e\u010fka na velbloudech | Luxusn\u00ed dobrodru\u017en\u00e9 pou\u0161tn\u00ed safari pro rodiny s d\u011btmi, p\u00e1ry a seniory","breadcrumb":{"@id":"https:\/\/hurghadalovers.com\/cs\/tours\/sunset-buggy-tour-from-sahl-hasheesh\/#breadcrumb"},"inLanguage":"cs","potentialAction":[{"@type":"ReadAction","target":["https:\/\/hurghadalovers.com\/cs\/tours\/sunset-buggy-tour-from-sahl-hasheesh\/"]}]},{"@type":"ImageObject","inLanguage":"cs","@id":"https:\/\/hurghadalovers.com\/cs\/tours\/sunset-buggy-tour-from-sahl-hasheesh\/#primaryimage","url":"https:\/\/hurghadalovers.com\/wp-content\/uploads\/2023\/09\/buggy-tour-with-kids.jpeg","contentUrl":"https:\/\/hurghadalovers.com\/wp-content\/uploads\/2023\/09\/buggy-tour-with-kids.jpeg","width":1156,"height":521,"caption":"buggy tour with kids"},{"@type":"BreadcrumbList","@id":"https:\/\/hurghadalovers.com\/cs\/tours\/sunset-buggy-tour-from-sahl-hasheesh\/#breadcrumb","itemListElement":[{"@type":"ListItem","position":1,"name":"Home","item":"https:\/\/hurghadalovers.com\/cs\/"},{"@type":"ListItem","position":2,"name":"Shop","item":"https:\/\/hurghadalovers.com\/shop\/"},{"@type":"ListItem","position":3,"name":"V\u00fdlet s buginou p\u0159i z\u00e1padu slunce ze Sahl Hasheesh"}]},{"@type":"WebSite","@id":"https:\/\/hurghadalovers.com\/cs\/#website","url":"https:\/\/hurghadalovers.com\/cs\/","name":"Hurghada Excursions & Day Trips | Booking Best Prices Tours","description":"Hurghada Lovers - Best Tour Operator - Excursions &amp; Things to do for Family Day Trips with kids and Couples Romantic. Unique .Hidden gems","publisher":{"@id":"https:\/\/hurghadalovers.com\/cs\/#organization"},"alternateName":"Hurghada Excursions","potentialAction":[{"@type":"SearchAction","target":{"@type":"EntryPoint","urlTemplate":"https:\/\/hurghadalovers.com\/cs\/?s={search_term_string}"},"query-input":{"@type":"PropertyValueSpecification","valueRequired":true,"valueName":"search_term_string"}}],"inLanguage":"cs"},{"@type":["Organization","Place","TravelAgency"],"@id":"https:\/\/hurghadalovers.com\/cs\/#organization","name":"Hurghada Excursions","url":"https:\/\/hurghadalovers.com\/cs\/","logo":{"@id":"https:\/\/hurghadalovers.com\/cs\/tours\/sunset-buggy-tour-from-sahl-hasheesh\/#local-main-organization-logo"},"image":{"@id":"https:\/\/hurghadalovers.com\/cs\/tours\/sunset-buggy-tour-from-sahl-hasheesh\/#local-main-organization-logo"},"sameAs":["https:\/\/www.facebook.com\/Hurghadaloversegypt"],"address":{"@id":"https:\/\/hurghadalovers.com\/cs\/tours\/sunset-buggy-tour-from-sahl-hasheesh\/#local-main-place-address"},"telephone":["00201112596434"],"contactPoint":{"@type":"ContactPoint","telephone":"00201112596434","email":"weyouface@gmail.com"},"openingHoursSpecification":{"@type":"OpeningHoursSpecification","dayOfWeek":["Monday","Tuesday","Wednesday","Thursday","Friday","Saturday","Sunday"],"opens":"00:00","closes":"23:59"},"email":"weyouface@gmail.com","areaServed":"Luxor, Hurghada, El Gouna, Aswan, Sharm El Sheikh, Giza, Alexandria, Marsa Alam, Quseir, Soma Bay, Sahl Hasheesh, Red Sea, Makadi Bay, Cairo","priceRange":"$","currenciesAccepted":"euro","paymentAccepted":"cash on site"},{"@type":"PostalAddress","@id":"https:\/\/hurghadalovers.com\/cs\/tours\/sunset-buggy-tour-from-sahl-hasheesh\/#local-main-place-address","streetAddress":"17 Banks street, Alkawther area, top nbk bank","addressLocality":"hurghada","postalCode":"84511","addressRegion":"red sea","addressCountry":"EG"},{"@type":"ImageObject","inLanguage":"cs","@id":"https:\/\/hurghadalovers.com\/cs\/tours\/sunset-buggy-tour-from-sahl-hasheesh\/#local-main-organization-logo","url":"https:\/\/hurghadalovers.com\/wp-content\/uploads\/2019\/10\/hurghada-excursions-logo.png","contentUrl":"https:\/\/hurghadalovers.com\/wp-content\/uploads\/2019\/10\/hurghada-excursions-logo.png","width":272,"height":90,"caption":"Hurghada Excursions"}]},"product_brand":"Pou\u0161tn\u00ed safari v Sahl Hasheesh","product_price_amount":"105","product_price_currency":"EUR","og_availability":"instock","product_availability":"instock","product_retailer_item_id":"SahlSafari022024","product_condition":"new","geo.placename":"hurghada","geo.region":"Egypt"},"_links":{"self":[{"href":"https:\/\/hurghadalovers.com\/cs\/wp-json\/wp\/v2\/product\/392152","targetHints":{"allow":["GET"]}}],"collection":[{"href":"https:\/\/hurghadalovers.com\/cs\/wp-json\/wp\/v2\/product"}],"about":[{"href":"https:\/\/hurghadalovers.com\/cs\/wp-json\/wp\/v2\/types\/product"}],"wp:featuredmedia":[{"embeddable":true,"href":"https:\/\/hurghadalovers.com\/cs\/wp-json\/wp\/v2\/media\/953121"}],"wp:attachment":[{"href":"https:\/\/hurghadalovers.com\/cs\/wp-json\/wp\/v2\/media?parent=392152"}],"wp:term":[{"taxonomy":"product_brand","embeddable":true,"href":"https:\/\/hurghadalovers.com\/cs\/wp-json\/wp\/v2\/product_brand?post=392152"},{"taxonomy":"product_cat","embeddable":true,"href":"https:\/\/hurghadalovers.com\/cs\/wp-json\/wp\/v2\/product_cat?post=392152"},{"taxonomy":"product_tag","embeddable":true,"href":"https:\/\/hurghadalovers.com\/cs\/wp-json\/wp\/v2\/product_tag?post=392152"}],"curies":[{"name":"wp","href":"https:\/\/api.w.org\/{rel}","templated":true}]}}