{"id":392137,"date":"2023-09-01T20:27:06","date_gmt":"2023-09-01T20:34:39","guid":{"rendered":"https:\/\/hurghadalovers.com\/shop\/nezarazene\/levne-vylety-na-ctyrkolkach-ze-sahl-hasheesh-2hodiny\/"},"modified":"2026-02-07T18:04:26","modified_gmt":"2026-02-07T18:04:26","slug":"levne-ctyrkolove-vylety-z-sahl-hasheesh-2hod","status":"publish","type":"product","link":"https:\/\/hurghadalovers.com\/cs\/tours\/levne-ctyrkolove-vylety-z-sahl-hasheesh-2hod\/","title":{"rendered":"Levn\u00e9 v\u00fdlety na \u010dty\u0159kolk\u00e1ch ze Sahl Hasheesh &#8211; 2hodiny"},"content":{"rendered":"<p><strong>Levn\u00e9 v\u00fdlety na \u010dty\u0159kolk\u00e1ch ze <\/strong><strong>Sahl Hasheesh<\/strong> s transferem | 2 hodiny rann\u00ed 4WD, ATV nebo Quad Bike Safari odpoledne v pou\u0161ti.<\/p>\n<p style=\"text-align: center;\"><span style=\"color: #993300;\">Nejlep\u0161\u00ed aktivity v Sahl Hasheesh pro <strong>romantick\u00e9<\/strong> a <strong>p\u00e1rov\u00e9 l\u00edb\u00e1nky | <\/strong>Pou\u0161tn\u00ed <strong>safari s d\u011btmi<\/strong> a <strong>pro rodiny s<\/strong> d\u011btmi a seniory.<\/span><\/p>\n<p>&nbsp;<\/p>\n<p><strong>Nejd\u016fle\u017eit\u011bj\u0161\u00ed informace:<\/strong><\/p>\n<ol>\n<li>60 minut j\u00edzdy na \u010dty\u0159kolce v pou\u0161ti.<\/li>\n<\/ol>\n<p><strong>Levn\u00e9 v\u00fdlety na \u010dty\u0159kolk\u00e1ch v <\/strong><strong>Sahl Hasheesh<\/strong> <strong>Podrobnosti:<\/strong><\/p>\n<ul>\n<li>Dostupnost prohl\u00eddky: Ka\u017ed\u00fd den.<\/li>\n<li>Typ z\u00e1jezdu: Soukrom\u00fd nebo skupinov\u00fd.<\/li>\n<li>\u010cas vyzvednut\u00ed: Od 08:00 &#8222;Vyberte si \u010das&#8220;.<\/li>\n<li>\u010cas vyzvednut\u00ed: od 19:00.<\/li>\n<li>Doba trv\u00e1n\u00ed: 2 hod.<\/li>\n<\/ul>\n<p><strong>Rezervujte nyn\u00ed a zapla\u0165te pozd\u011bji:<\/strong><\/p>\n<ul>\n<li>Hotovost na m\u00edst\u011b pro pr\u016fvodce.<\/li>\n<li>Platba egyptsk\u00fdmi librami, $, \u20ac nebo \u00a3.<\/li>\n<\/ul>\n<p><strong>Storno podm\u00ednky:<\/strong><\/p>\n<ul>\n<li>Zru\u0161it a\u017e 24 hodin p\u0159edem.<\/li>\n<li>Kdy\u017e n\u011bkdo z va\u0161\u00ed rodiny zru\u0161\u00ed dopoledne, zaplat\u00ed 50 % n\u00e1klad\u016f.<\/li>\n<\/ul>\n<p><strong>Co je v cen\u011b?<\/strong><\/p>\n<ul>\n<li>Transfer z hotel\u016f Sahl Hasheesh &#8222;Hotel pick up and drop off&#8220;.<\/li>\n<li>V\u0161echny dan\u011b, vstupn\u00ed poplatky a manipula\u010dn\u00ed poplatky.<\/li>\n<li>P\u0159estupy.<\/li>\n<li>Pr\u016fvodce.<\/li>\n<li>P\u0159ilba.<\/li>\n<\/ul>\n<p><strong>V\u00fdjimky?<\/strong><\/p>\n<ul>\n<li>\u0160\u00e1tek<\/li>\n<li>Ochrann\u00e9 br\u00fdle<\/li>\n<li>Spropitn\u00e9.<\/li>\n<li>Fotografie na cestu.<\/li>\n<li>P\u0159\u00edplatky, kter\u00e9 nebyly zm\u00edn\u011bny.<\/li>\n<\/ul>\n<p><strong>Ceny:<\/strong><\/p>\n<ul>\n<li><strong>Cena pro dosp\u011bl\u00e9 = 25 USD za osobu \/ 1 hod.<\/strong><\/li>\n<li>Cena pro d\u011bti &#8222;5-12&#8220; = 50%.<\/li>\n<li>pro d\u011bti &#8222;0-5&#8220; = zdarma.<\/li>\n<\/ul>\n<p><strong>Recenze:<\/strong><\/p>\n<p>pod\u00edvejte se na na\u0161e recenze na Google Map jako nejlep\u0161\u00ed <a href=\"https:\/\/g.page\/r\/CUeYvkngP3wkEBM\/review\">cestovn\u00ed kancel\u00e1\u0159 v Hurghad\u011b<\/a> online v <a href=\"https:\/\/hurghadalovers.com\/\">Hurghad\u011b<\/a> Egypt.<\/p>\n<p><strong>Rezervace:<\/strong><\/p>\n<p>Odeslat hotel + \u010d\u00edslo pokoje + foto pas\u016f na WhatsApp: <strong>+201112596434<\/strong><\/p>\n<p>Pokud jste z Egypta Rezervace nyn\u00ed on-line a potvrdit p\u0159i p\u0159\u00edjezdu Hotel.<\/p>\n<p>&nbsp;<\/p>\n<p>&nbsp;<\/p>\n","protected":false},"excerpt":{"rendered":"<p><strong>Levn\u00e9 v\u00fdlety na \u010dty\u0159kolk\u00e1ch ze <\/strong><strong>Sahl Hasheesh<\/strong> s transferem | 2 hodiny rann\u00ed 4WD, ATV nebo Quad Bike Safari odpoledne v pou\u0161ti.<\/p>\n<p style=\"text-align: center;\"><span style=\"color: #993300;\">Nejlep\u0161\u00ed aktivity v Sahl Hasheesh pro <strong>romantick\u00e9<\/strong> a <strong>p\u00e1rov\u00e9 l\u00edb\u00e1nky<\/strong><\/span><\/p>\n","protected":false},"featured_media":391971,"template":"","meta":{"_joinchat":[]},"product_brand":[],"product_cat":[29708],"product_tag":[49737,54276,54274,54190,49734,49723,54137,54280,49727,49729,49744,54272,54174,54278],"class_list":{"0":"post-392137","1":"product","2":"type-product","3":"status-publish","4":"has-post-thumbnail","6":"product_cat-egypt-tours-cs","7":"product_tag-atv-sahl-hasheesh-cs","8":"product_tag-co-videt-v-sahl-hasheesh","9":"product_tag-jednodenni-vylety-do-sahl-hasheesh-cs","10":"product_tag-jednodenni-vylety-do-sahl-hasheesh","11":"product_tag-jizda-na-ctyrkolkach-sahl-hasheesh","12":"product_tag-poustni-safari-sahl-hasheesh","13":"product_tag-rodinne-aktivity-z-mesta-sahl-hasheesh","14":"product_tag-romanticke-aktivity-v-sahl-hasheesh-cs","15":"product_tag-safari-s-buginami-sahl-hasheesh","16":"product_tag-safari-sahara-sahl-hasheesh-cs","17":"product_tag-safari-tour-sahl-hasheesh-cs","18":"product_tag-sahl-hasheesh-co-delat","19":"product_tag-sahl-hasheesh-levne-vylety-pro-rodiny-s-detmi","20":"product_tag-sahl-hasheesh-romanticke-vylety-cs","21":"tour_category-safari-from-sahl-hasheesh","22":"tour_category-sahl-hasheesh-tours-cs","24":"first","25":"instock","26":"sale","27":"shipping-taxable","28":"purchasable","29":"product-type-tour"},"yoast_head":"<!-- This site is optimized with the Yoast SEO Premium plugin v26.9 (Yoast SEO v27.2) - https:\/\/yoast.com\/product\/yoast-seo-premium-wordpress\/ -->\n<title>Levn\u00e9 v\u00fdlety na \u010dty\u0159kolk\u00e1ch ze Sahl Hasheesh - 2hodiny<\/title>\n<meta name=\"description\" content=\"Levn\u00e9 v\u00fdlety na \u010dty\u0159kolk\u00e1ch ze Sahl Hasheesh s transferem | 2 hodiny rann\u00ed 4WD, ATV nebo Quad Bike Safari odpoledne v pou\u0161ti. Nejlep\u0161\u00ed v\u011bci, kter\u00e9 m\u016f\u017eete d\u011blat\" \/>\n<meta name=\"robots\" content=\"index, follow, max-snippet:-1, max-image-preview:large, max-video-preview:-1\" \/>\n<link rel=\"canonical\" href=\"https:\/\/hurghadalovers.com\/cs\/tours\/levne-ctyrkolove-vylety-z-sahl-hasheesh-2hod\/\" \/>\n<meta property=\"og:locale\" content=\"cs_CZ\" \/>\n<meta property=\"og:type\" content=\"article\" \/>\n<meta property=\"og:title\" content=\"Levn\u00e9 v\u00fdlety na \u010dty\u0159kolk\u00e1ch ze Sahl Hasheesh - 2hodiny\" \/>\n<meta property=\"og:description\" content=\"Levn\u00e9 v\u00fdlety na \u010dty\u0159kolk\u00e1ch ze Sahl Hasheesh s transferem | 2 hodiny rann\u00ed 4WD, ATV nebo Quad Bike Safari odpoledne v pou\u0161ti. Nejlep\u0161\u00ed v\u011bci, kter\u00e9 m\u016f\u017eete d\u011blat\" \/>\n<meta property=\"og:url\" content=\"https:\/\/hurghadalovers.com\/cs\/tours\/levne-ctyrkolove-vylety-z-sahl-hasheesh-2hod\/\" \/>\n<meta property=\"og:site_name\" content=\"Hurghada Excursions &amp; Day Trips | Booking Best Prices Tours\" \/>\n<meta property=\"article:publisher\" content=\"https:\/\/www.facebook.com\/Hurghadaloversegypt\" \/>\n<meta property=\"article:modified_time\" content=\"2026-02-07T18:04:26+00:00\" \/>\n<meta property=\"og:image\" content=\"https:\/\/hurghadalovers.com\/wp-content\/uploads\/2023\/09\/Cheap-Quad-Biking-Tours-from-Sahl-Hasheesh.jpeg\" \/>\n\t<meta property=\"og:image:width\" content=\"899\" \/>\n\t<meta property=\"og:image:height\" content=\"1599\" \/>\n\t<meta property=\"og:image:type\" content=\"image\/jpeg\" \/>\n<meta name=\"twitter:card\" content=\"summary_large_image\" \/>\n<meta name=\"twitter:label1\" content=\"Cena\" \/>\n\t<meta name=\"twitter:data1\" content=\"&euro;&nbsp;25\" \/>\n\t<meta name=\"twitter:label2\" content=\"Dostupnost\" \/>\n\t<meta name=\"twitter:data2\" content=\"Skladem\" \/>\n<script type=\"application\/ld+json\" class=\"yoast-schema-graph\">{\"@context\":\"https:\/\/schema.org\",\"@graph\":[{\"@type\":[\"WebPage\",\"ItemPage\"],\"@id\":\"https:\/\/hurghadalovers.com\/cs\/tours\/levne-ctyrkolove-vylety-z-sahl-hasheesh-2hod\/\",\"url\":\"https:\/\/hurghadalovers.com\/cs\/tours\/levne-ctyrkolove-vylety-z-sahl-hasheesh-2hod\/\",\"name\":\"Levn\u00e9 v\u00fdlety na \u010dty\u0159kolk\u00e1ch ze Sahl Hasheesh - 2hodiny\",\"isPartOf\":{\"@id\":\"https:\/\/hurghadalovers.com\/cs\/#website\"},\"primaryImageOfPage\":{\"@id\":\"https:\/\/hurghadalovers.com\/cs\/tours\/levne-ctyrkolove-vylety-z-sahl-hasheesh-2hod\/#primaryimage\"},\"image\":{\"@id\":\"https:\/\/hurghadalovers.com\/cs\/tours\/levne-ctyrkolove-vylety-z-sahl-hasheesh-2hod\/#primaryimage\"},\"thumbnailUrl\":\"https:\/\/hurghadalovers.com\/wp-content\/uploads\/2023\/09\/Cheap-Quad-Biking-Tours-from-Sahl-Hasheesh.jpeg\",\"datePublished\":\"2023-09-01T20:34:39+00:00\",\"dateModified\":\"2026-02-07T18:04:26+00:00\",\"description\":\"Levn\u00e9 v\u00fdlety na \u010dty\u0159kolk\u00e1ch ze Sahl Hasheesh s transferem | 2 hodiny rann\u00ed 4WD, ATV nebo Quad Bike Safari odpoledne v pou\u0161ti. Nejlep\u0161\u00ed v\u011bci, kter\u00e9 m\u016f\u017eete d\u011blat\",\"breadcrumb\":{\"@id\":\"https:\/\/hurghadalovers.com\/cs\/tours\/levne-ctyrkolove-vylety-z-sahl-hasheesh-2hod\/#breadcrumb\"},\"inLanguage\":\"cs\",\"potentialAction\":[{\"@type\":\"ReadAction\",\"target\":[\"https:\/\/hurghadalovers.com\/cs\/tours\/levne-ctyrkolove-vylety-z-sahl-hasheesh-2hod\/\"]}]},{\"@type\":\"ImageObject\",\"inLanguage\":\"cs\",\"@id\":\"https:\/\/hurghadalovers.com\/cs\/tours\/levne-ctyrkolove-vylety-z-sahl-hasheesh-2hod\/#primaryimage\",\"url\":\"https:\/\/hurghadalovers.com\/wp-content\/uploads\/2023\/09\/Cheap-Quad-Biking-Tours-from-Sahl-Hasheesh.jpeg\",\"contentUrl\":\"https:\/\/hurghadalovers.com\/wp-content\/uploads\/2023\/09\/Cheap-Quad-Biking-Tours-from-Sahl-Hasheesh.jpeg\",\"width\":899,\"height\":1599,\"caption\":\"Levn\u00e9 v\u00fdlety na \u010dty\u0159kolk\u00e1ch ze Sahl Hasheesh\"},{\"@type\":\"BreadcrumbList\",\"@id\":\"https:\/\/hurghadalovers.com\/cs\/tours\/levne-ctyrkolove-vylety-z-sahl-hasheesh-2hod\/#breadcrumb\",\"itemListElement\":[{\"@type\":\"ListItem\",\"position\":1,\"name\":\"Home\",\"item\":\"https:\/\/hurghadalovers.com\/cs\/\"},{\"@type\":\"ListItem\",\"position\":2,\"name\":\"Shop\",\"item\":\"https:\/\/hurghadalovers.com\/shop\/\"},{\"@type\":\"ListItem\",\"position\":3,\"name\":\"Levn\u00e9 v\u00fdlety na \u010dty\u0159kolk\u00e1ch ze Sahl Hasheesh &#8211; 2hodiny\"}]},{\"@type\":\"WebSite\",\"@id\":\"https:\/\/hurghadalovers.com\/cs\/#website\",\"url\":\"https:\/\/hurghadalovers.com\/cs\/\",\"name\":\"Hurghada Excursions & Day Trips | Booking Best Prices Tours\",\"description\":\"Hurghada Lovers - Best Tour Operator - Excursions &amp; Things to do for Family Day Trips with kids and Couples Romantic. Unique .Hidden gems\",\"publisher\":{\"@id\":\"https:\/\/hurghadalovers.com\/cs\/#organization\"},\"alternateName\":\"Hurghada Excursions\",\"potentialAction\":[{\"@type\":\"SearchAction\",\"target\":{\"@type\":\"EntryPoint\",\"urlTemplate\":\"https:\/\/hurghadalovers.com\/cs\/?s={search_term_string}\"},\"query-input\":{\"@type\":\"PropertyValueSpecification\",\"valueRequired\":true,\"valueName\":\"search_term_string\"}}],\"inLanguage\":\"cs\"},{\"@type\":[\"Organization\",\"Place\",\"TravelAgency\"],\"@id\":\"https:\/\/hurghadalovers.com\/cs\/#organization\",\"name\":\"Hurghada Excursions\",\"url\":\"https:\/\/hurghadalovers.com\/cs\/\",\"logo\":{\"@id\":\"https:\/\/hurghadalovers.com\/cs\/tours\/levne-ctyrkolove-vylety-z-sahl-hasheesh-2hod\/#local-main-organization-logo\"},\"image\":{\"@id\":\"https:\/\/hurghadalovers.com\/cs\/tours\/levne-ctyrkolove-vylety-z-sahl-hasheesh-2hod\/#local-main-organization-logo\"},\"sameAs\":[\"https:\/\/www.facebook.com\/Hurghadaloversegypt\"],\"address\":{\"@id\":\"https:\/\/hurghadalovers.com\/cs\/tours\/levne-ctyrkolove-vylety-z-sahl-hasheesh-2hod\/#local-main-place-address\"},\"telephone\":[\"00201112596434\"],\"contactPoint\":{\"@type\":\"ContactPoint\",\"telephone\":\"00201112596434\",\"email\":\"weyouface@gmail.com\"},\"openingHoursSpecification\":{\"@type\":\"OpeningHoursSpecification\",\"dayOfWeek\":[\"Monday\",\"Tuesday\",\"Wednesday\",\"Thursday\",\"Friday\",\"Saturday\",\"Sunday\"],\"opens\":\"00:00\",\"closes\":\"23:59\"},\"email\":\"weyouface@gmail.com\",\"areaServed\":\"Luxor, Hurghada, El Gouna, Aswan, Sharm El Sheikh, Giza, Alexandria, Marsa Alam, Quseir, Soma Bay, Sahl Hasheesh, Red Sea, Makadi Bay, Cairo\",\"priceRange\":\"$\",\"currenciesAccepted\":\"euro\",\"paymentAccepted\":\"cash on site\"},{\"@type\":\"PostalAddress\",\"@id\":\"https:\/\/hurghadalovers.com\/cs\/tours\/levne-ctyrkolove-vylety-z-sahl-hasheesh-2hod\/#local-main-place-address\",\"streetAddress\":\"17 Banks street, Alkawther area, top nbk bank\",\"addressLocality\":\"hurghada\",\"postalCode\":\"84511\",\"addressRegion\":\"red sea\",\"addressCountry\":\"EG\"},{\"@type\":\"ImageObject\",\"inLanguage\":\"cs\",\"@id\":\"https:\/\/hurghadalovers.com\/cs\/tours\/levne-ctyrkolove-vylety-z-sahl-hasheesh-2hod\/#local-main-organization-logo\",\"url\":\"https:\/\/hurghadalovers.com\/wp-content\/uploads\/2019\/10\/hurghada-excursions-logo.png\",\"contentUrl\":\"https:\/\/hurghadalovers.com\/wp-content\/uploads\/2019\/10\/hurghada-excursions-logo.png\",\"width\":272,\"height\":90,\"caption\":\"Hurghada Excursions\"}]}<\/script>\n<meta property=\"product:brand\" content=\"Pou\u0161tn\u00ed safari v Sahl Hasheesh\" \/>\n<meta property=\"product:price:amount\" content=\"25\" \/>\n<meta property=\"product:price:currency\" content=\"EUR\" \/>\n<meta property=\"og:availability\" content=\"instock\" \/>\n<meta property=\"product:availability\" content=\"instock\" \/>\n<meta property=\"product:retailer_item_id\" content=\"SahlSafari012024\" \/>\n<meta property=\"product:condition\" content=\"new\" \/>\n<meta name=\"geo.placename\" content=\"hurghada\" \/>\n<meta name=\"geo.region\" content=\"Egypt\" \/>\n<!-- \/ Yoast SEO Premium plugin. -->","yoast_head_json":{"title":"Levn\u00e9 v\u00fdlety na \u010dty\u0159kolk\u00e1ch ze Sahl Hasheesh - 2hodiny","description":"Levn\u00e9 v\u00fdlety na \u010dty\u0159kolk\u00e1ch ze Sahl Hasheesh s transferem | 2 hodiny rann\u00ed 4WD, ATV nebo Quad Bike Safari odpoledne v pou\u0161ti. Nejlep\u0161\u00ed v\u011bci, kter\u00e9 m\u016f\u017eete d\u011blat","robots":{"index":"index","follow":"follow","max-snippet":"max-snippet:-1","max-image-preview":"max-image-preview:large","max-video-preview":"max-video-preview:-1"},"canonical":"https:\/\/hurghadalovers.com\/cs\/tours\/levne-ctyrkolove-vylety-z-sahl-hasheesh-2hod\/","og_locale":"cs_CZ","og_type":"article","og_title":"Levn\u00e9 v\u00fdlety na \u010dty\u0159kolk\u00e1ch ze Sahl Hasheesh - 2hodiny","og_description":"Levn\u00e9 v\u00fdlety na \u010dty\u0159kolk\u00e1ch ze Sahl Hasheesh s transferem | 2 hodiny rann\u00ed 4WD, ATV nebo Quad Bike Safari odpoledne v pou\u0161ti. Nejlep\u0161\u00ed v\u011bci, kter\u00e9 m\u016f\u017eete d\u011blat","og_url":"https:\/\/hurghadalovers.com\/cs\/tours\/levne-ctyrkolove-vylety-z-sahl-hasheesh-2hod\/","og_site_name":"Hurghada Excursions &amp; Day Trips | Booking Best Prices Tours","article_publisher":"https:\/\/www.facebook.com\/Hurghadaloversegypt","article_modified_time":"2026-02-07T18:04:26+00:00","og_image":[{"width":899,"height":1599,"url":"https:\/\/hurghadalovers.com\/wp-content\/uploads\/2023\/09\/Cheap-Quad-Biking-Tours-from-Sahl-Hasheesh.jpeg","type":"image\/jpeg"}],"twitter_card":"summary_large_image","twitter_misc":{"Cena":"&euro;&nbsp;25","Dostupnost":"Skladem"},"schema":{"@context":"https:\/\/schema.org","@graph":[{"@type":["WebPage","ItemPage"],"@id":"https:\/\/hurghadalovers.com\/cs\/tours\/levne-ctyrkolove-vylety-z-sahl-hasheesh-2hod\/","url":"https:\/\/hurghadalovers.com\/cs\/tours\/levne-ctyrkolove-vylety-z-sahl-hasheesh-2hod\/","name":"Levn\u00e9 v\u00fdlety na \u010dty\u0159kolk\u00e1ch ze Sahl Hasheesh - 2hodiny","isPartOf":{"@id":"https:\/\/hurghadalovers.com\/cs\/#website"},"primaryImageOfPage":{"@id":"https:\/\/hurghadalovers.com\/cs\/tours\/levne-ctyrkolove-vylety-z-sahl-hasheesh-2hod\/#primaryimage"},"image":{"@id":"https:\/\/hurghadalovers.com\/cs\/tours\/levne-ctyrkolove-vylety-z-sahl-hasheesh-2hod\/#primaryimage"},"thumbnailUrl":"https:\/\/hurghadalovers.com\/wp-content\/uploads\/2023\/09\/Cheap-Quad-Biking-Tours-from-Sahl-Hasheesh.jpeg","datePublished":"2023-09-01T20:34:39+00:00","dateModified":"2026-02-07T18:04:26+00:00","description":"Levn\u00e9 v\u00fdlety na \u010dty\u0159kolk\u00e1ch ze Sahl Hasheesh s transferem | 2 hodiny rann\u00ed 4WD, ATV nebo Quad Bike Safari odpoledne v pou\u0161ti. Nejlep\u0161\u00ed v\u011bci, kter\u00e9 m\u016f\u017eete d\u011blat","breadcrumb":{"@id":"https:\/\/hurghadalovers.com\/cs\/tours\/levne-ctyrkolove-vylety-z-sahl-hasheesh-2hod\/#breadcrumb"},"inLanguage":"cs","potentialAction":[{"@type":"ReadAction","target":["https:\/\/hurghadalovers.com\/cs\/tours\/levne-ctyrkolove-vylety-z-sahl-hasheesh-2hod\/"]}]},{"@type":"ImageObject","inLanguage":"cs","@id":"https:\/\/hurghadalovers.com\/cs\/tours\/levne-ctyrkolove-vylety-z-sahl-hasheesh-2hod\/#primaryimage","url":"https:\/\/hurghadalovers.com\/wp-content\/uploads\/2023\/09\/Cheap-Quad-Biking-Tours-from-Sahl-Hasheesh.jpeg","contentUrl":"https:\/\/hurghadalovers.com\/wp-content\/uploads\/2023\/09\/Cheap-Quad-Biking-Tours-from-Sahl-Hasheesh.jpeg","width":899,"height":1599,"caption":"Levn\u00e9 v\u00fdlety na \u010dty\u0159kolk\u00e1ch ze Sahl Hasheesh"},{"@type":"BreadcrumbList","@id":"https:\/\/hurghadalovers.com\/cs\/tours\/levne-ctyrkolove-vylety-z-sahl-hasheesh-2hod\/#breadcrumb","itemListElement":[{"@type":"ListItem","position":1,"name":"Home","item":"https:\/\/hurghadalovers.com\/cs\/"},{"@type":"ListItem","position":2,"name":"Shop","item":"https:\/\/hurghadalovers.com\/shop\/"},{"@type":"ListItem","position":3,"name":"Levn\u00e9 v\u00fdlety na \u010dty\u0159kolk\u00e1ch ze Sahl Hasheesh &#8211; 2hodiny"}]},{"@type":"WebSite","@id":"https:\/\/hurghadalovers.com\/cs\/#website","url":"https:\/\/hurghadalovers.com\/cs\/","name":"Hurghada Excursions & Day Trips | Booking Best Prices Tours","description":"Hurghada Lovers - Best Tour Operator - Excursions &amp; Things to do for Family Day Trips with kids and Couples Romantic. Unique .Hidden gems","publisher":{"@id":"https:\/\/hurghadalovers.com\/cs\/#organization"},"alternateName":"Hurghada Excursions","potentialAction":[{"@type":"SearchAction","target":{"@type":"EntryPoint","urlTemplate":"https:\/\/hurghadalovers.com\/cs\/?s={search_term_string}"},"query-input":{"@type":"PropertyValueSpecification","valueRequired":true,"valueName":"search_term_string"}}],"inLanguage":"cs"},{"@type":["Organization","Place","TravelAgency"],"@id":"https:\/\/hurghadalovers.com\/cs\/#organization","name":"Hurghada Excursions","url":"https:\/\/hurghadalovers.com\/cs\/","logo":{"@id":"https:\/\/hurghadalovers.com\/cs\/tours\/levne-ctyrkolove-vylety-z-sahl-hasheesh-2hod\/#local-main-organization-logo"},"image":{"@id":"https:\/\/hurghadalovers.com\/cs\/tours\/levne-ctyrkolove-vylety-z-sahl-hasheesh-2hod\/#local-main-organization-logo"},"sameAs":["https:\/\/www.facebook.com\/Hurghadaloversegypt"],"address":{"@id":"https:\/\/hurghadalovers.com\/cs\/tours\/levne-ctyrkolove-vylety-z-sahl-hasheesh-2hod\/#local-main-place-address"},"telephone":["00201112596434"],"contactPoint":{"@type":"ContactPoint","telephone":"00201112596434","email":"weyouface@gmail.com"},"openingHoursSpecification":{"@type":"OpeningHoursSpecification","dayOfWeek":["Monday","Tuesday","Wednesday","Thursday","Friday","Saturday","Sunday"],"opens":"00:00","closes":"23:59"},"email":"weyouface@gmail.com","areaServed":"Luxor, Hurghada, El Gouna, Aswan, Sharm El Sheikh, Giza, Alexandria, Marsa Alam, Quseir, Soma Bay, Sahl Hasheesh, Red Sea, Makadi Bay, Cairo","priceRange":"$","currenciesAccepted":"euro","paymentAccepted":"cash on site"},{"@type":"PostalAddress","@id":"https:\/\/hurghadalovers.com\/cs\/tours\/levne-ctyrkolove-vylety-z-sahl-hasheesh-2hod\/#local-main-place-address","streetAddress":"17 Banks street, Alkawther area, top nbk bank","addressLocality":"hurghada","postalCode":"84511","addressRegion":"red sea","addressCountry":"EG"},{"@type":"ImageObject","inLanguage":"cs","@id":"https:\/\/hurghadalovers.com\/cs\/tours\/levne-ctyrkolove-vylety-z-sahl-hasheesh-2hod\/#local-main-organization-logo","url":"https:\/\/hurghadalovers.com\/wp-content\/uploads\/2019\/10\/hurghada-excursions-logo.png","contentUrl":"https:\/\/hurghadalovers.com\/wp-content\/uploads\/2019\/10\/hurghada-excursions-logo.png","width":272,"height":90,"caption":"Hurghada Excursions"}]},"product_brand":"Pou\u0161tn\u00ed safari v Sahl Hasheesh","product_price_amount":"25","product_price_currency":"EUR","og_availability":"instock","product_availability":"instock","product_retailer_item_id":"SahlSafari012024","product_condition":"new","geo.placename":"hurghada","geo.region":"Egypt"},"_links":{"self":[{"href":"https:\/\/hurghadalovers.com\/cs\/wp-json\/wp\/v2\/product\/392137","targetHints":{"allow":["GET"]}}],"collection":[{"href":"https:\/\/hurghadalovers.com\/cs\/wp-json\/wp\/v2\/product"}],"about":[{"href":"https:\/\/hurghadalovers.com\/cs\/wp-json\/wp\/v2\/types\/product"}],"wp:featuredmedia":[{"embeddable":true,"href":"https:\/\/hurghadalovers.com\/cs\/wp-json\/wp\/v2\/media\/391971"}],"wp:attachment":[{"href":"https:\/\/hurghadalovers.com\/cs\/wp-json\/wp\/v2\/media?parent=392137"}],"wp:term":[{"taxonomy":"product_brand","embeddable":true,"href":"https:\/\/hurghadalovers.com\/cs\/wp-json\/wp\/v2\/product_brand?post=392137"},{"taxonomy":"product_cat","embeddable":true,"href":"https:\/\/hurghadalovers.com\/cs\/wp-json\/wp\/v2\/product_cat?post=392137"},{"taxonomy":"product_tag","embeddable":true,"href":"https:\/\/hurghadalovers.com\/cs\/wp-json\/wp\/v2\/product_tag?post=392137"}],"curies":[{"name":"wp","href":"https:\/\/api.w.org\/{rel}","templated":true}]}}