{"id":391450,"date":"2023-08-31T18:22:55","date_gmt":"2023-08-31T18:22:55","guid":{"rendered":"https:\/\/hurghadalovers.com\/shop\/nezarazene\/luxusni-vylet-na-ostrov-orange-bay-ze-sahl-hasheesh\/"},"modified":"2026-02-09T03:55:33","modified_gmt":"2026-02-09T03:55:33","slug":"luxusni-vylet-na-oranzovy-ostrov-od-sahl-hasheesh","status":"publish","type":"product","link":"https:\/\/hurghadalovers.com\/cs\/tours\/luxusni-vylet-na-oranzovy-ostrov-od-sahl-hasheesh\/","title":{"rendered":"Luxusn\u00ed v\u00fdlet na ostrov Orange Bay ze Sahl Hasheesh"},"content":{"rendered":"<p><strong>Luxusn\u00ed v\u00fdlet na ostrov Orange Bay ze <\/strong><strong>Sahl Hasheesh<\/strong> s VIP ob\u011bdem a speci\u00e1ln\u00edmi m\u00edsty pro rodiny s d\u011btmi, v\u00edce soukrom\u00ed a luxusn\u00ed luxus, abyste mohli str\u00e1vit kvalitn\u00ed \u010das na nejkr\u00e1sn\u011bj\u0161\u00edch pl\u00e1\u017e\u00edch <strong>ostrova Giftun<\/strong> a na jednom z nejlep\u0161\u00edch m\u00edst na \u00fatesech.<\/p>\n<p>&nbsp;<\/p>\n<p><strong>Nejd\u016fle\u017eit\u011bj\u0161\u00ed informace:<\/strong><\/p>\n<ul>\n<li>Jeden bod \u0160norchlov\u00e1n\u00ed House Reef.<\/li>\n<li>1 hodina na pl\u00e1\u017ei Orange Bay Island.<\/li>\n<li>Luxusn\u00ed jachta.<\/li>\n<\/ul>\n<p><strong>Podrobnosti:<\/strong><\/p>\n<ul>\n<li>Dostupnost prohl\u00eddky: Ka\u017ed\u00fd den.<\/li>\n<li>Typ z\u00e1jezdu: Skupina: Z\u00e1jezd pro skupinu.<\/li>\n<li>\u010cas vyzvednut\u00ed: Od 07:30 hodin.<\/li>\n<li>\u010cas vyzvednut\u00ed: 17:00.<\/li>\n<li>Bezbari\u00e9rov\u00fd p\u0159\u00edstup.<\/li>\n<li>D\u00e9lka trv\u00e1n\u00ed: 8 hod.<\/li>\n<\/ul>\n<p><strong>Rezervujte nyn\u00ed a zapla\u0165te pozd\u011bji:<\/strong><\/p>\n<ul>\n<li>Hotovost na m\u00edst\u011b pro pr\u016fvodce.<\/li>\n<li>Platba egyptsk\u00fdmi librami, $, \u20ac nebo \u00a3.<\/li>\n<\/ul>\n<p><strong>Storno podm\u00ednky:<\/strong><\/p>\n<ul>\n<li>Zru\u0161it a\u017e 24 hodin p\u0159edem.<\/li>\n<li>Kdy\u017e n\u011bkdo z va\u0161\u00ed rodiny zru\u0161\u00ed dopoledne, zaplat\u00ed 50 % n\u00e1klad\u016f.<\/li>\n<\/ul>\n<p><strong>Co je v cen\u011b?<\/strong><\/p>\n<ul>\n<li>Transfer z hotel\u016f Sahl Hasheesh &#8222;Hotel pick up and drop off&#8220;.<\/li>\n<li>V\u0161echny dan\u011b, vstupn\u00ed poplatky a manipula\u010dn\u00ed poplatky.<\/li>\n<li>Pr\u016fvodce.<\/li>\n<li>Miner\u00e1ln\u00ed voda + Cola + Ml\u00e9ko + K\u00e1va\/\u010caj.<\/li>\n<li>1 M\u00edsto pro \u0161norchlov\u00e1n\u00ed.<\/li>\n<li>\u0160norchlovac\u00ed vybaven\u00ed &#8222;Masky a ploutve&#8220;.<\/li>\n<li>1 hodina na <strong>pl\u00e1\u017ei<\/strong> <strong>Orange Bay Island<\/strong>.<\/li>\n<li>VIP ob\u011bd formou bufetu na lodi.<\/li>\n<li>Z\u00e1chrann\u00e9 vesty.<\/li>\n<\/ul>\n<p><strong>V\u00fdjimky?<\/strong><\/p>\n<ul>\n<li>Spropitn\u00e9.<\/li>\n<li>N\u00e1poje v restauraci Orange Bay Island.<\/li>\n<li>Fotografov\u00e1n\u00ed a fotografie na cestu.<\/li>\n<li>Nab\u00edz\u00edme P\u016fj\u010dovna plavky &amp; plavky pro \u017eeny, mu\u017ee, d\u011bti v\u0161echny velikosti &#8220; 5$ za jeden&#8220;.<\/li>\n<li>P\u0159\u00edplatky, kter\u00e9 nebyly zm\u00edn\u011bny.<\/li>\n<\/ul>\n<p><strong>Ceny:<\/strong><\/p>\n<ul>\n<li><strong>Cena pro dosp\u011bl\u00e9 = 50 USD za osobu<\/strong>.<\/li>\n<li>Cena pro d\u011bti &#8222;3-10&#8220; = 50%.<\/li>\n<li>pro d\u011bti &#8222;0-3&#8220; = zdarma.<\/li>\n<\/ul>\n<p><strong>Recenze:<\/strong><\/p>\n<p>pod\u00edvejte se na na\u0161e recenze na Google Map jako nejlep\u0161\u00ed <a href=\"https:\/\/g.page\/r\/CUeYvkngP3wkEBM\/review\">cestovn\u00ed kancel\u00e1\u0159 v Hurghad\u011b<\/a> online v <a href=\"https:\/\/hurghadalovers.com\/\">Hurghad\u011b<\/a> Egypt.<\/p>\n<p><strong>Rezervace:<\/strong><\/p>\n<p>Odeslat hotel + \u010d\u00edslo pokoje + foto pas\u016f na WhatsApp: <strong>+201112596434<\/strong><\/p>\n<p>Pokud jste z Egypta Rezervace nyn\u00ed on-line a potvrdit p\u0159i p\u0159\u00edjezdu Hotel.<\/p>\n<p>&nbsp;<\/p>\n<p>&nbsp;<\/p>\n","protected":false},"excerpt":{"rendered":"<p><strong>Luxusn\u00ed v\u00fdlet na ostrov Orange Bay ze <\/strong><strong>Sahl Hasheeshe<\/strong> s VIP ob\u011bdem a speci\u00e1ln\u00edmi m\u00edsty pro rodiny, v\u00edce soukrom\u00ed a luxusn\u00ed luxus pro str\u00e1ven\u00ed kvalitn\u00edho \u010dasu na nejkr\u00e1sn\u011bj\u0161\u00edch pl\u00e1\u017e\u00edch <strong>ostrova Giftun<\/strong><\/p>\n","protected":false},"featured_media":391235,"template":"","meta":{"_joinchat":[]},"product_brand":[],"product_cat":[29708],"product_tag":[49709,49704,54336,49693,54324,49683,54294,49688,54330,54322,54332,54328,54318,54340,54320,54137,54334,54338,54342,54326,54316],"class_list":{"0":"post-391450","1":"product","2":"type-product","3":"status-publish","4":"has-post-thumbnail","6":"product_cat-egypt-tours-cs","7":"product_tag-aktivity-pro-dvoulete-deti-od-sahl-hasheesh","8":"product_tag-aktivity-pro-pary-pod-strechou-sahl-hasheesh","9":"product_tag-cary-lodi-sahl-hasheesh","10":"product_tag-celodenni-vylety-ze-sahl-hasheesh","11":"product_tag-dolphin-house-sahl-hasheesh-cs","12":"product_tag-jednodenni-vylety-ze-sahl-hasheesh","13":"product_tag-levne-rodinne-vylety-z-sahl-hasheesh","14":"product_tag-mista-k-navsteve-v-sahl-hasheesh","15":"product_tag-ostrov-giftun-sahl-hasheesh-cs","16":"product_tag-ostrov-orange-bay-sahl-hasheesh-cs","17":"product_tag-piratska-lod-sahl-hasheesh-cs","18":"product_tag-plavani-s-delfiny-sahl-hasheesh","19":"product_tag-potapeni-sahl-hasheesh","20":"product_tag-pujcovna-lodi-sahl-hasheesh","21":"product_tag-rajsky-ostrov-sahl-hasheesh-cs","22":"product_tag-rodinne-aktivity-z-mesta-sahl-hasheesh","23":"product_tag-rychlostni-clun-sahl-hasheesh","24":"product_tag-soukroma-lod-sahl-hasheesh","25":"product_tag-soukromy-vylet-lodi-sahl-hasheesh","26":"product_tag-vylety-lodi-sahl-hasheesh","27":"product_tag-vylety-za-snorchlovanim-sahl-hasheesh-cs","28":"tour_category-sahl-hasheesh-tours-cs","29":"tour_category-sahl-hasheesh-snorkeling-cs","31":"first","32":"instock","33":"sale","34":"shipping-taxable","35":"purchasable","36":"product-type-tour"},"yoast_head":"<!-- This site is optimized with the Yoast SEO Premium plugin v26.9 (Yoast SEO v27.2) - https:\/\/yoast.com\/product\/yoast-seo-premium-wordpress\/ -->\n<title>Luxusn\u00ed v\u00fdlet na ostrov Orange Bay ze Sahl Hasheesh<\/title>\n<meta name=\"description\" content=\"Luxusn\u00ed v\u00fdlet na ostrov Orange Bay ze Sahl Hasheeshe s VIP ob\u011bdem a speci\u00e1ln\u00edmi m\u00edsty pro rodiny, v\u00edce soukrom\u00ed a luxusn\u00ed prost\u0159ed\u00ed pro str\u00e1ven\u00ed kvalitn\u00edho \u010dasu\" \/>\n<meta name=\"robots\" content=\"index, follow, max-snippet:-1, max-image-preview:large, max-video-preview:-1\" \/>\n<link rel=\"canonical\" href=\"https:\/\/hurghadalovers.com\/cs\/tours\/luxusni-vylet-na-oranzovy-ostrov-od-sahl-hasheesh\/\" \/>\n<meta property=\"og:locale\" content=\"cs_CZ\" \/>\n<meta property=\"og:type\" content=\"article\" \/>\n<meta property=\"og:title\" content=\"Luxusn\u00ed v\u00fdlet na ostrov Orange Bay ze Sahl Hasheesh\" \/>\n<meta property=\"og:description\" content=\"Luxusn\u00ed v\u00fdlet na ostrov Orange Bay ze Sahl Hasheeshe s VIP ob\u011bdem a speci\u00e1ln\u00edmi m\u00edsty pro rodiny, v\u00edce soukrom\u00ed a luxusn\u00ed prost\u0159ed\u00ed pro str\u00e1ven\u00ed kvalitn\u00edho \u010dasu\" \/>\n<meta property=\"og:url\" content=\"https:\/\/hurghadalovers.com\/cs\/tours\/luxusni-vylet-na-oranzovy-ostrov-od-sahl-hasheesh\/\" \/>\n<meta property=\"og:site_name\" content=\"Hurghada Excursions &amp; Day Trips | Booking Best Prices Tours\" \/>\n<meta property=\"article:publisher\" content=\"https:\/\/www.facebook.com\/Hurghadaloversegypt\" \/>\n<meta property=\"article:modified_time\" content=\"2026-02-09T03:55:33+00:00\" \/>\n<meta property=\"og:image\" content=\"https:\/\/hurghadalovers.com\/wp-content\/uploads\/2023\/08\/Luxury-Orange-Bay-Island-Trip-from-Sahl-Hasheesh.jpeg\" \/>\n\t<meta property=\"og:image:width\" content=\"1156\" \/>\n\t<meta property=\"og:image:height\" content=\"867\" \/>\n\t<meta property=\"og:image:type\" content=\"image\/jpeg\" \/>\n<meta name=\"twitter:card\" content=\"summary_large_image\" \/>\n<meta name=\"twitter:label1\" content=\"Cena\" \/>\n\t<meta name=\"twitter:data1\" content=\"&euro;&nbsp;55\" \/>\n\t<meta name=\"twitter:label2\" content=\"Dostupnost\" \/>\n\t<meta name=\"twitter:data2\" content=\"Skladem\" \/>\n<script type=\"application\/ld+json\" class=\"yoast-schema-graph\">{\"@context\":\"https:\/\/schema.org\",\"@graph\":[{\"@type\":[\"WebPage\",\"ItemPage\"],\"@id\":\"https:\/\/hurghadalovers.com\/cs\/tours\/luxusni-vylet-na-oranzovy-ostrov-od-sahl-hasheesh\/\",\"url\":\"https:\/\/hurghadalovers.com\/cs\/tours\/luxusni-vylet-na-oranzovy-ostrov-od-sahl-hasheesh\/\",\"name\":\"Luxusn\u00ed v\u00fdlet na ostrov Orange Bay ze Sahl Hasheesh\",\"isPartOf\":{\"@id\":\"https:\/\/hurghadalovers.com\/cs\/#website\"},\"primaryImageOfPage\":{\"@id\":\"https:\/\/hurghadalovers.com\/cs\/tours\/luxusni-vylet-na-oranzovy-ostrov-od-sahl-hasheesh\/#primaryimage\"},\"image\":{\"@id\":\"https:\/\/hurghadalovers.com\/cs\/tours\/luxusni-vylet-na-oranzovy-ostrov-od-sahl-hasheesh\/#primaryimage\"},\"thumbnailUrl\":\"https:\/\/hurghadalovers.com\/wp-content\/uploads\/2023\/08\/Luxury-Orange-Bay-Island-Trip-from-Sahl-Hasheesh.jpeg\",\"datePublished\":\"2023-08-31T18:22:55+00:00\",\"dateModified\":\"2026-02-09T03:55:33+00:00\",\"description\":\"Luxusn\u00ed v\u00fdlet na ostrov Orange Bay ze Sahl Hasheeshe s VIP ob\u011bdem a speci\u00e1ln\u00edmi m\u00edsty pro rodiny, v\u00edce soukrom\u00ed a luxusn\u00ed prost\u0159ed\u00ed pro str\u00e1ven\u00ed kvalitn\u00edho \u010dasu\",\"breadcrumb\":{\"@id\":\"https:\/\/hurghadalovers.com\/cs\/tours\/luxusni-vylet-na-oranzovy-ostrov-od-sahl-hasheesh\/#breadcrumb\"},\"inLanguage\":\"cs\",\"potentialAction\":[{\"@type\":\"ReadAction\",\"target\":[\"https:\/\/hurghadalovers.com\/cs\/tours\/luxusni-vylet-na-oranzovy-ostrov-od-sahl-hasheesh\/\"]}]},{\"@type\":\"ImageObject\",\"inLanguage\":\"cs\",\"@id\":\"https:\/\/hurghadalovers.com\/cs\/tours\/luxusni-vylet-na-oranzovy-ostrov-od-sahl-hasheesh\/#primaryimage\",\"url\":\"https:\/\/hurghadalovers.com\/wp-content\/uploads\/2023\/08\/Luxury-Orange-Bay-Island-Trip-from-Sahl-Hasheesh.jpeg\",\"contentUrl\":\"https:\/\/hurghadalovers.com\/wp-content\/uploads\/2023\/08\/Luxury-Orange-Bay-Island-Trip-from-Sahl-Hasheesh.jpeg\",\"width\":1156,\"height\":867,\"caption\":\"Luxusn\u00ed v\u00fdlet na ostrov Orange Bay ze Sahl Hasheesh\"},{\"@type\":\"BreadcrumbList\",\"@id\":\"https:\/\/hurghadalovers.com\/cs\/tours\/luxusni-vylet-na-oranzovy-ostrov-od-sahl-hasheesh\/#breadcrumb\",\"itemListElement\":[{\"@type\":\"ListItem\",\"position\":1,\"name\":\"Home\",\"item\":\"https:\/\/hurghadalovers.com\/cs\/\"},{\"@type\":\"ListItem\",\"position\":2,\"name\":\"Shop\",\"item\":\"https:\/\/hurghadalovers.com\/shop\/\"},{\"@type\":\"ListItem\",\"position\":3,\"name\":\"Luxusn\u00ed v\u00fdlet na ostrov Orange Bay ze Sahl Hasheesh\"}]},{\"@type\":\"WebSite\",\"@id\":\"https:\/\/hurghadalovers.com\/cs\/#website\",\"url\":\"https:\/\/hurghadalovers.com\/cs\/\",\"name\":\"Hurghada Excursions & Day Trips | Booking Best Prices Tours\",\"description\":\"Hurghada Lovers - Best Tour Operator - Excursions &amp; Things to do for Family Day Trips with kids and Couples Romantic. Unique .Hidden gems\",\"publisher\":{\"@id\":\"https:\/\/hurghadalovers.com\/cs\/#organization\"},\"alternateName\":\"Hurghada Excursions\",\"potentialAction\":[{\"@type\":\"SearchAction\",\"target\":{\"@type\":\"EntryPoint\",\"urlTemplate\":\"https:\/\/hurghadalovers.com\/cs\/?s={search_term_string}\"},\"query-input\":{\"@type\":\"PropertyValueSpecification\",\"valueRequired\":true,\"valueName\":\"search_term_string\"}}],\"inLanguage\":\"cs\"},{\"@type\":[\"Organization\",\"Place\",\"TravelAgency\"],\"@id\":\"https:\/\/hurghadalovers.com\/cs\/#organization\",\"name\":\"Hurghada Excursions\",\"url\":\"https:\/\/hurghadalovers.com\/cs\/\",\"logo\":{\"@id\":\"https:\/\/hurghadalovers.com\/cs\/tours\/luxusni-vylet-na-oranzovy-ostrov-od-sahl-hasheesh\/#local-main-organization-logo\"},\"image\":{\"@id\":\"https:\/\/hurghadalovers.com\/cs\/tours\/luxusni-vylet-na-oranzovy-ostrov-od-sahl-hasheesh\/#local-main-organization-logo\"},\"sameAs\":[\"https:\/\/www.facebook.com\/Hurghadaloversegypt\"],\"address\":{\"@id\":\"https:\/\/hurghadalovers.com\/cs\/tours\/luxusni-vylet-na-oranzovy-ostrov-od-sahl-hasheesh\/#local-main-place-address\"},\"telephone\":[\"00201112596434\"],\"contactPoint\":{\"@type\":\"ContactPoint\",\"telephone\":\"00201112596434\",\"email\":\"weyouface@gmail.com\"},\"openingHoursSpecification\":{\"@type\":\"OpeningHoursSpecification\",\"dayOfWeek\":[\"Monday\",\"Tuesday\",\"Wednesday\",\"Thursday\",\"Friday\",\"Saturday\",\"Sunday\"],\"opens\":\"00:00\",\"closes\":\"23:59\"},\"email\":\"weyouface@gmail.com\",\"areaServed\":\"Luxor, Hurghada, El Gouna, Aswan, Sharm El Sheikh, Giza, Alexandria, Marsa Alam, Quseir, Soma Bay, Sahl Hasheesh, Red Sea, Makadi Bay, Cairo\",\"priceRange\":\"$\",\"currenciesAccepted\":\"euro\",\"paymentAccepted\":\"cash on site\"},{\"@type\":\"PostalAddress\",\"@id\":\"https:\/\/hurghadalovers.com\/cs\/tours\/luxusni-vylet-na-oranzovy-ostrov-od-sahl-hasheesh\/#local-main-place-address\",\"streetAddress\":\"17 Banks street, Alkawther area, top nbk bank\",\"addressLocality\":\"hurghada\",\"postalCode\":\"84511\",\"addressRegion\":\"red sea\",\"addressCountry\":\"EG\"},{\"@type\":\"ImageObject\",\"inLanguage\":\"cs\",\"@id\":\"https:\/\/hurghadalovers.com\/cs\/tours\/luxusni-vylet-na-oranzovy-ostrov-od-sahl-hasheesh\/#local-main-organization-logo\",\"url\":\"https:\/\/hurghadalovers.com\/wp-content\/uploads\/2019\/10\/hurghada-excursions-logo.png\",\"contentUrl\":\"https:\/\/hurghadalovers.com\/wp-content\/uploads\/2019\/10\/hurghada-excursions-logo.png\",\"width\":272,\"height\":90,\"caption\":\"Hurghada Excursions\"}]}<\/script>\n<meta property=\"product:brand\" content=\"V\u00fdlety Sahl Hasheesh\" \/>\n<meta property=\"product:price:amount\" content=\"55\" \/>\n<meta property=\"product:price:currency\" content=\"EUR\" \/>\n<meta property=\"og:availability\" content=\"instock\" \/>\n<meta property=\"product:availability\" content=\"instock\" \/>\n<meta property=\"product:retailer_item_id\" content=\"Sahl352024\" \/>\n<meta property=\"product:condition\" content=\"new\" \/>\n<meta name=\"geo.placename\" content=\"hurghada\" \/>\n<meta name=\"geo.region\" content=\"Egypt\" \/>\n<!-- \/ Yoast SEO Premium plugin. -->","yoast_head_json":{"title":"Luxusn\u00ed v\u00fdlet na ostrov Orange Bay ze Sahl Hasheesh","description":"Luxusn\u00ed v\u00fdlet na ostrov Orange Bay ze Sahl Hasheeshe s VIP ob\u011bdem a speci\u00e1ln\u00edmi m\u00edsty pro rodiny, v\u00edce soukrom\u00ed a luxusn\u00ed prost\u0159ed\u00ed pro str\u00e1ven\u00ed kvalitn\u00edho \u010dasu","robots":{"index":"index","follow":"follow","max-snippet":"max-snippet:-1","max-image-preview":"max-image-preview:large","max-video-preview":"max-video-preview:-1"},"canonical":"https:\/\/hurghadalovers.com\/cs\/tours\/luxusni-vylet-na-oranzovy-ostrov-od-sahl-hasheesh\/","og_locale":"cs_CZ","og_type":"article","og_title":"Luxusn\u00ed v\u00fdlet na ostrov Orange Bay ze Sahl Hasheesh","og_description":"Luxusn\u00ed v\u00fdlet na ostrov Orange Bay ze Sahl Hasheeshe s VIP ob\u011bdem a speci\u00e1ln\u00edmi m\u00edsty pro rodiny, v\u00edce soukrom\u00ed a luxusn\u00ed prost\u0159ed\u00ed pro str\u00e1ven\u00ed kvalitn\u00edho \u010dasu","og_url":"https:\/\/hurghadalovers.com\/cs\/tours\/luxusni-vylet-na-oranzovy-ostrov-od-sahl-hasheesh\/","og_site_name":"Hurghada Excursions &amp; Day Trips | Booking Best Prices Tours","article_publisher":"https:\/\/www.facebook.com\/Hurghadaloversegypt","article_modified_time":"2026-02-09T03:55:33+00:00","og_image":[{"width":1156,"height":867,"url":"https:\/\/hurghadalovers.com\/wp-content\/uploads\/2023\/08\/Luxury-Orange-Bay-Island-Trip-from-Sahl-Hasheesh.jpeg","type":"image\/jpeg"}],"twitter_card":"summary_large_image","twitter_misc":{"Cena":"&euro;&nbsp;55","Dostupnost":"Skladem"},"schema":{"@context":"https:\/\/schema.org","@graph":[{"@type":["WebPage","ItemPage"],"@id":"https:\/\/hurghadalovers.com\/cs\/tours\/luxusni-vylet-na-oranzovy-ostrov-od-sahl-hasheesh\/","url":"https:\/\/hurghadalovers.com\/cs\/tours\/luxusni-vylet-na-oranzovy-ostrov-od-sahl-hasheesh\/","name":"Luxusn\u00ed v\u00fdlet na ostrov Orange Bay ze Sahl Hasheesh","isPartOf":{"@id":"https:\/\/hurghadalovers.com\/cs\/#website"},"primaryImageOfPage":{"@id":"https:\/\/hurghadalovers.com\/cs\/tours\/luxusni-vylet-na-oranzovy-ostrov-od-sahl-hasheesh\/#primaryimage"},"image":{"@id":"https:\/\/hurghadalovers.com\/cs\/tours\/luxusni-vylet-na-oranzovy-ostrov-od-sahl-hasheesh\/#primaryimage"},"thumbnailUrl":"https:\/\/hurghadalovers.com\/wp-content\/uploads\/2023\/08\/Luxury-Orange-Bay-Island-Trip-from-Sahl-Hasheesh.jpeg","datePublished":"2023-08-31T18:22:55+00:00","dateModified":"2026-02-09T03:55:33+00:00","description":"Luxusn\u00ed v\u00fdlet na ostrov Orange Bay ze Sahl Hasheeshe s VIP ob\u011bdem a speci\u00e1ln\u00edmi m\u00edsty pro rodiny, v\u00edce soukrom\u00ed a luxusn\u00ed prost\u0159ed\u00ed pro str\u00e1ven\u00ed kvalitn\u00edho \u010dasu","breadcrumb":{"@id":"https:\/\/hurghadalovers.com\/cs\/tours\/luxusni-vylet-na-oranzovy-ostrov-od-sahl-hasheesh\/#breadcrumb"},"inLanguage":"cs","potentialAction":[{"@type":"ReadAction","target":["https:\/\/hurghadalovers.com\/cs\/tours\/luxusni-vylet-na-oranzovy-ostrov-od-sahl-hasheesh\/"]}]},{"@type":"ImageObject","inLanguage":"cs","@id":"https:\/\/hurghadalovers.com\/cs\/tours\/luxusni-vylet-na-oranzovy-ostrov-od-sahl-hasheesh\/#primaryimage","url":"https:\/\/hurghadalovers.com\/wp-content\/uploads\/2023\/08\/Luxury-Orange-Bay-Island-Trip-from-Sahl-Hasheesh.jpeg","contentUrl":"https:\/\/hurghadalovers.com\/wp-content\/uploads\/2023\/08\/Luxury-Orange-Bay-Island-Trip-from-Sahl-Hasheesh.jpeg","width":1156,"height":867,"caption":"Luxusn\u00ed v\u00fdlet na ostrov Orange Bay ze Sahl Hasheesh"},{"@type":"BreadcrumbList","@id":"https:\/\/hurghadalovers.com\/cs\/tours\/luxusni-vylet-na-oranzovy-ostrov-od-sahl-hasheesh\/#breadcrumb","itemListElement":[{"@type":"ListItem","position":1,"name":"Home","item":"https:\/\/hurghadalovers.com\/cs\/"},{"@type":"ListItem","position":2,"name":"Shop","item":"https:\/\/hurghadalovers.com\/shop\/"},{"@type":"ListItem","position":3,"name":"Luxusn\u00ed v\u00fdlet na ostrov Orange Bay ze Sahl Hasheesh"}]},{"@type":"WebSite","@id":"https:\/\/hurghadalovers.com\/cs\/#website","url":"https:\/\/hurghadalovers.com\/cs\/","name":"Hurghada Excursions & Day Trips | Booking Best Prices Tours","description":"Hurghada Lovers - Best Tour Operator - Excursions &amp; Things to do for Family Day Trips with kids and Couples Romantic. Unique .Hidden gems","publisher":{"@id":"https:\/\/hurghadalovers.com\/cs\/#organization"},"alternateName":"Hurghada Excursions","potentialAction":[{"@type":"SearchAction","target":{"@type":"EntryPoint","urlTemplate":"https:\/\/hurghadalovers.com\/cs\/?s={search_term_string}"},"query-input":{"@type":"PropertyValueSpecification","valueRequired":true,"valueName":"search_term_string"}}],"inLanguage":"cs"},{"@type":["Organization","Place","TravelAgency"],"@id":"https:\/\/hurghadalovers.com\/cs\/#organization","name":"Hurghada Excursions","url":"https:\/\/hurghadalovers.com\/cs\/","logo":{"@id":"https:\/\/hurghadalovers.com\/cs\/tours\/luxusni-vylet-na-oranzovy-ostrov-od-sahl-hasheesh\/#local-main-organization-logo"},"image":{"@id":"https:\/\/hurghadalovers.com\/cs\/tours\/luxusni-vylet-na-oranzovy-ostrov-od-sahl-hasheesh\/#local-main-organization-logo"},"sameAs":["https:\/\/www.facebook.com\/Hurghadaloversegypt"],"address":{"@id":"https:\/\/hurghadalovers.com\/cs\/tours\/luxusni-vylet-na-oranzovy-ostrov-od-sahl-hasheesh\/#local-main-place-address"},"telephone":["00201112596434"],"contactPoint":{"@type":"ContactPoint","telephone":"00201112596434","email":"weyouface@gmail.com"},"openingHoursSpecification":{"@type":"OpeningHoursSpecification","dayOfWeek":["Monday","Tuesday","Wednesday","Thursday","Friday","Saturday","Sunday"],"opens":"00:00","closes":"23:59"},"email":"weyouface@gmail.com","areaServed":"Luxor, Hurghada, El Gouna, Aswan, Sharm El Sheikh, Giza, Alexandria, Marsa Alam, Quseir, Soma Bay, Sahl Hasheesh, Red Sea, Makadi Bay, Cairo","priceRange":"$","currenciesAccepted":"euro","paymentAccepted":"cash on site"},{"@type":"PostalAddress","@id":"https:\/\/hurghadalovers.com\/cs\/tours\/luxusni-vylet-na-oranzovy-ostrov-od-sahl-hasheesh\/#local-main-place-address","streetAddress":"17 Banks street, Alkawther area, top nbk bank","addressLocality":"hurghada","postalCode":"84511","addressRegion":"red sea","addressCountry":"EG"},{"@type":"ImageObject","inLanguage":"cs","@id":"https:\/\/hurghadalovers.com\/cs\/tours\/luxusni-vylet-na-oranzovy-ostrov-od-sahl-hasheesh\/#local-main-organization-logo","url":"https:\/\/hurghadalovers.com\/wp-content\/uploads\/2019\/10\/hurghada-excursions-logo.png","contentUrl":"https:\/\/hurghadalovers.com\/wp-content\/uploads\/2019\/10\/hurghada-excursions-logo.png","width":272,"height":90,"caption":"Hurghada Excursions"}]},"product_brand":"V\u00fdlety Sahl Hasheesh","product_price_amount":"55","product_price_currency":"EUR","og_availability":"instock","product_availability":"instock","product_retailer_item_id":"Sahl352024","product_condition":"new","geo.placename":"hurghada","geo.region":"Egypt"},"_links":{"self":[{"href":"https:\/\/hurghadalovers.com\/cs\/wp-json\/wp\/v2\/product\/391450","targetHints":{"allow":["GET"]}}],"collection":[{"href":"https:\/\/hurghadalovers.com\/cs\/wp-json\/wp\/v2\/product"}],"about":[{"href":"https:\/\/hurghadalovers.com\/cs\/wp-json\/wp\/v2\/types\/product"}],"wp:featuredmedia":[{"embeddable":true,"href":"https:\/\/hurghadalovers.com\/cs\/wp-json\/wp\/v2\/media\/391235"}],"wp:attachment":[{"href":"https:\/\/hurghadalovers.com\/cs\/wp-json\/wp\/v2\/media?parent=391450"}],"wp:term":[{"taxonomy":"product_brand","embeddable":true,"href":"https:\/\/hurghadalovers.com\/cs\/wp-json\/wp\/v2\/product_brand?post=391450"},{"taxonomy":"product_cat","embeddable":true,"href":"https:\/\/hurghadalovers.com\/cs\/wp-json\/wp\/v2\/product_cat?post=391450"},{"taxonomy":"product_tag","embeddable":true,"href":"https:\/\/hurghadalovers.com\/cs\/wp-json\/wp\/v2\/product_tag?post=391450"}],"curies":[{"name":"wp","href":"https:\/\/api.w.org\/{rel}","templated":true}]}}