{"id":390858,"date":"2023-08-31T13:58:07","date_gmt":"2023-08-31T14:03:40","guid":{"rendered":"https:\/\/hurghadalovers.com\/shop\/nezarazene\/levne-jednodenni-vylety-autobusem-z-mesta-sahl-hasheesh-do-luxoru-a-navsteva-chramu-v-karnaku\/"},"modified":"2026-02-08T12:47:14","modified_gmt":"2026-02-08T12:47:14","slug":"levne-vylety-autobusem-do-chramu-v-karnaku","status":"publish","type":"product","link":"https:\/\/hurghadalovers.com\/cs\/tours\/levne-vylety-autobusem-do-chramu-v-karnaku\/","title":{"rendered":"Levn\u00e9 jednodenn\u00ed v\u00fdlety autobusem z m\u011bsta Sahl Hasheesh do Luxoru a n\u00e1v\u0161t\u011bva chr\u00e1mu v Karnaku"},"content":{"rendered":"<p><strong>Levn\u00e9 <\/strong><strong> jednodenn\u00ed v\u00fdlety autobusem<\/strong> z m\u011bsta<strong>Sahl Hasheesh<\/strong><strong> do Luxoru<\/strong> s n\u00e1v\u0161t\u011bvou chr\u00e1mu v Karnaku, Hat\u0161epsutina chr\u00e1mu a Memnonov\u00fdch kolos\u016f se soukrom\u00fdm pr\u016fvodcem, ob\u011bdem, vstupenkami a transferem.<\/p>\n<p style=\"text-align: center;\"><span style=\"color: #808000;\"><strong>Objevte tajemstv\u00ed faraonsk\u00e9 civilizace<\/strong><\/span><\/p>\n<p>&nbsp;<\/p>\n<p><strong>Nejd\u016fle\u017eit\u011bj\u0161\u00ed informace:<\/strong><\/p>\n<ol>\n<li>Chr\u00e1m v Karnaku.<\/li>\n<li>Ob\u011bd v restauraci &#8222;Vegetarians Food is available&#8220;.<\/li>\n<li>5min Felucca na \u0159ece Nil.<\/li>\n<li>Memnonovy kolosy.<\/li>\n<li>Hat\u0161epsutin poh\u0159ebn\u00ed chr\u00e1m.<\/li>\n<\/ol>\n<p><strong>Levn\u00e9 <\/strong><strong>Sahl Hasheesh<\/strong><strong> Do Luxoru Jednodenn\u00ed v\u00fdlety autobusem Podrobnosti:<\/strong><\/p>\n<ul>\n<li>Dostupnost prohl\u00eddky: Ka\u017ed\u00fd den.<\/li>\n<li>Typ z\u00e1jezdu: Skupina: Z\u00e1jezd pro skupinu.<\/li>\n<li>\u010cas vyzvednut\u00ed: Od 05:00 hodin.<\/li>\n<li>\u017d\u00e1dost o hotel Z\u00edskejte sn\u00edda\u0148ovou ta\u0161ku s v\u00e1mi R\u00e1no.<\/li>\n<li>\u010cas vyzvednut\u00ed: 19:30.<\/li>\n<li>Bezbari\u00e9rov\u00fd p\u0159\u00edstup.<\/li>\n<li>D\u00e9lka trv\u00e1n\u00ed: 20 hod.<\/li>\n<\/ul>\n<p><strong>Rezervujte nyn\u00ed a zapla\u0165te pozd\u011bji:<\/strong><\/p>\n<ul>\n<li>Hotovost na m\u00edst\u011b pro pr\u016fvodce.<\/li>\n<li>Platba egyptsk\u00fdmi librami, $, \u20ac nebo \u00a3.<\/li>\n<\/ul>\n<p><strong>Storno podm\u00ednky:<\/strong><\/p>\n<ul>\n<li>Zru\u0161it a\u017e 24 hodin p\u0159edem.<\/li>\n<li>Kdy\u017e n\u011bkdo z va\u0161\u00ed rodiny zru\u0161\u00ed dopoledne, zaplat\u00ed 50 % n\u00e1klad\u016f.<\/li>\n<\/ul>\n<p><strong>Co je v cen\u011b?<\/strong><\/p>\n<ul>\n<li>Transfer z hotel\u016f Sahl Hasheesh &#8222;Hotel pick up and drop off&#8220;.<\/li>\n<li>V\u0161echny dan\u011b, vstupenky, vstupn\u00ed poplatky a manipula\u010dn\u00ed poplatky.<\/li>\n<li>P\u0159estupy.<\/li>\n<li>Pr\u016fvodce.<\/li>\n<li>Ob\u011bd v restauraci.<\/li>\n<\/ul>\n<p><strong>V\u00fdjimky?<\/strong><\/p>\n<ul>\n<li>Spropitn\u00e9.<\/li>\n<li>V\u00fdlet na Felucce &#8222;Plavba lod\u00ed&#8220; Za 35 min= 10$.<\/li>\n<li>P\u0159\u00edplatky, kter\u00e9 nebyly zm\u00edn\u011bny.<\/li>\n<\/ul>\n<p><strong>Ceny:<\/strong><\/p>\n<ul>\n<li><strong>Cena pro dosp\u011bl\u00e9 = 55 USD za osobu<\/strong>.<\/li>\n<li>Cena pro d\u011bti &#8222;5-12&#8220; = 50%.<\/li>\n<li>pro d\u011bti &#8222;0-5&#8220; = zdarma.<\/li>\n<\/ul>\n<p>&nbsp;<\/p>\n<p><strong>Recenze:<\/strong><\/p>\n<p>pod\u00edvejte se na na\u0161e recenze na Google Map jako nejlep\u0161\u00ed <a href=\"https:\/\/g.page\/r\/CUeYvkngP3wkEBM\/review\">cestovn\u00ed kancel\u00e1\u0159 v Hurghad\u011b<\/a> online v <a href=\"https:\/\/hurghadalovers.com\/\">Hurghad\u011b<\/a> Egypt.<\/p>\n<p>&nbsp;<\/p>\n<p><strong>Rezervace:<\/strong><\/p>\n<p>Odeslat hotel + \u010d\u00edslo pokoje + foto pas\u016f na WhatsApp: <strong>+201112596434<\/strong><\/p>\n<p>Pokud jste z Egypta Rezervace nyn\u00ed on-line a potvrdit p\u0159i p\u0159\u00edjezdu Hotel.<\/p>\n<p>&nbsp;<\/p>\n<p>&nbsp;<\/p>\n","protected":false},"excerpt":{"rendered":"<p><strong>Levn\u00e9 <\/strong><strong> jednodenn\u00ed v\u00fdlety autobusem<\/strong> z m\u011bsta<strong>Sahl Hasheesh<\/strong><strong> do Luxoru<\/strong> s n\u00e1v\u0161t\u011bvou chr\u00e1mu v Karnaku, Hat\u0161epsutina chr\u00e1mu a Memnonov\u00fdch kolos\u016f se soukrom\u00fdm pr\u016fvodcem, ob\u011bdem, vstupenkami a transferem.<\/p>\n","protected":false},"featured_media":390657,"template":"","meta":{"_joinchat":[]},"product_brand":[],"product_cat":[29708],"product_tag":[49704,54302,54296,54274,54270,54167,49698,54272,54300,54310,54308,54298,54133,54304],"class_list":{"0":"post-390858","1":"product","2":"type-product","3":"status-publish","4":"has-post-thumbnail","6":"product_cat-egypt-tours-cs","7":"product_tag-aktivity-pro-pary-pod-strechou-sahl-hasheesh","8":"product_tag-celodenni-prohlidka-luxoru-ze-sahl-hasheesh","9":"product_tag-celodenni-vylet-z-mesta-sahl-hasheesh-do-luxoru","10":"product_tag-jednodenni-vylety-do-sahl-hasheesh-cs","11":"product_tag-rodinne-aktivity-ze-sahl-hasheesh","12":"product_tag-rodinne-dny-ze-sahl-hasheesh","13":"product_tag-romanticke-aktivity-pro-pary-v-sahl-hasheesh","14":"product_tag-sahl-hasheesh-co-delat","15":"product_tag-sahl-hasheesh-do-luxoru-autobus","16":"product_tag-sahl-hasheesh-do-udoli-kralu","17":"product_tag-transfer-z-luxor-do-sahl-hasheesh-cs","18":"product_tag-vylet-do-luxoru-ze-sahl-hasheesh","19":"product_tag-zabavna-mista-kam-se-vydat-s-rodinou-z-sahl-hasheesh","20":"product_tag-zajezdy-ze-sahl-hasheesh-do-luxoru","21":"tour_category-luxor-from-sahl-hasheesh-cs","22":"tour_category-sahl-hasheesh-tours-cs","24":"first","25":"instock","26":"sale","27":"shipping-taxable","28":"purchasable","29":"product-type-tour"},"yoast_head":"<!-- This site is optimized with the Yoast SEO Premium plugin v26.9 (Yoast SEO v27.2) - https:\/\/yoast.com\/product\/yoast-seo-premium-wordpress\/ -->\n<title>Levn\u00e9 jednodenn\u00ed v\u00fdlety autobusem ze Sahl Hasheesh do Luxoru<\/title>\n<meta name=\"description\" content=\"Levn\u00e9 jednodenn\u00ed v\u00fdlety autobusem z Sahl Hasheesh do Luxoru s n\u00e1v\u0161t\u011bvou chr\u00e1mu v Karnaku, Hat\u0161epsutina chr\u00e1mu a Memnonov\u00fdch kolos\u016f se soukrom\u00fdm pr\u016fvodcem, ob\u011bdem, vstupenkami a transferem\" \/>\n<meta name=\"robots\" content=\"index, follow, max-snippet:-1, max-image-preview:large, max-video-preview:-1\" \/>\n<link rel=\"canonical\" href=\"https:\/\/hurghadalovers.com\/cs\/tours\/levne-vylety-autobusem-do-chramu-v-karnaku\/\" \/>\n<meta property=\"og:locale\" content=\"cs_CZ\" \/>\n<meta property=\"og:type\" content=\"article\" \/>\n<meta property=\"og:title\" content=\"Levn\u00e9 jednodenn\u00ed v\u00fdlety autobusem z m\u011bsta Sahl Hasheesh do Luxoru a n\u00e1v\u0161t\u011bva chr\u00e1mu v Karnaku\" \/>\n<meta property=\"og:description\" content=\"Levn\u00e9 jednodenn\u00ed v\u00fdlety autobusem z Sahl Hasheesh do Luxoru s n\u00e1v\u0161t\u011bvou chr\u00e1mu v Karnaku, Hat\u0161epsutina chr\u00e1mu a Memnonov\u00fdch kolos\u016f se soukrom\u00fdm pr\u016fvodcem, ob\u011bdem, vstupenkami a transferem\" \/>\n<meta property=\"og:url\" content=\"https:\/\/hurghadalovers.com\/cs\/tours\/levne-vylety-autobusem-do-chramu-v-karnaku\/\" \/>\n<meta property=\"og:site_name\" content=\"Hurghada Excursions &amp; Day Trips | Booking Best Prices Tours\" \/>\n<meta property=\"article:publisher\" content=\"https:\/\/www.facebook.com\/Hurghadaloversegypt\" \/>\n<meta property=\"article:modified_time\" content=\"2026-02-08T12:47:14+00:00\" \/>\n<meta property=\"og:image\" content=\"https:\/\/hurghadalovers.com\/wp-content\/uploads\/2023\/08\/Cheap-Sahl-Hasheesh-to-Luxor-Day-Trips-by-Bus.jpeg\" \/>\n\t<meta property=\"og:image:width\" content=\"1536\" \/>\n\t<meta property=\"og:image:height\" content=\"1154\" \/>\n\t<meta property=\"og:image:type\" content=\"image\/jpeg\" \/>\n<meta name=\"twitter:card\" content=\"summary_large_image\" \/>\n<meta name=\"twitter:label1\" content=\"Cena\" \/>\n\t<meta name=\"twitter:data1\" content=\"&euro;&nbsp;55\" \/>\n\t<meta name=\"twitter:label2\" content=\"Dostupnost\" \/>\n\t<meta name=\"twitter:data2\" content=\"Skladem\" \/>\n<script type=\"application\/ld+json\" class=\"yoast-schema-graph\">{\"@context\":\"https:\/\/schema.org\",\"@graph\":[{\"@type\":[\"WebPage\",\"ItemPage\"],\"@id\":\"https:\/\/hurghadalovers.com\/cs\/tours\/levne-vylety-autobusem-do-chramu-v-karnaku\/\",\"url\":\"https:\/\/hurghadalovers.com\/cs\/tours\/levne-vylety-autobusem-do-chramu-v-karnaku\/\",\"name\":\"Levn\u00e9 jednodenn\u00ed v\u00fdlety autobusem ze Sahl Hasheesh do Luxoru\",\"isPartOf\":{\"@id\":\"https:\/\/hurghadalovers.com\/cs\/#website\"},\"primaryImageOfPage\":{\"@id\":\"https:\/\/hurghadalovers.com\/cs\/tours\/levne-vylety-autobusem-do-chramu-v-karnaku\/#primaryimage\"},\"image\":{\"@id\":\"https:\/\/hurghadalovers.com\/cs\/tours\/levne-vylety-autobusem-do-chramu-v-karnaku\/#primaryimage\"},\"thumbnailUrl\":\"https:\/\/hurghadalovers.com\/wp-content\/uploads\/2023\/08\/Cheap-Sahl-Hasheesh-to-Luxor-Day-Trips-by-Bus.jpeg\",\"datePublished\":\"2023-08-31T14:03:40+00:00\",\"dateModified\":\"2026-02-08T12:47:14+00:00\",\"description\":\"Levn\u00e9 jednodenn\u00ed v\u00fdlety autobusem z Sahl Hasheesh do Luxoru s n\u00e1v\u0161t\u011bvou chr\u00e1mu v Karnaku, Hat\u0161epsutina chr\u00e1mu a Memnonov\u00fdch kolos\u016f se soukrom\u00fdm pr\u016fvodcem, ob\u011bdem, vstupenkami a transferem\",\"breadcrumb\":{\"@id\":\"https:\/\/hurghadalovers.com\/cs\/tours\/levne-vylety-autobusem-do-chramu-v-karnaku\/#breadcrumb\"},\"inLanguage\":\"cs\",\"potentialAction\":[{\"@type\":\"ReadAction\",\"target\":[\"https:\/\/hurghadalovers.com\/cs\/tours\/levne-vylety-autobusem-do-chramu-v-karnaku\/\"]}]},{\"@type\":\"ImageObject\",\"inLanguage\":\"cs\",\"@id\":\"https:\/\/hurghadalovers.com\/cs\/tours\/levne-vylety-autobusem-do-chramu-v-karnaku\/#primaryimage\",\"url\":\"https:\/\/hurghadalovers.com\/wp-content\/uploads\/2023\/08\/Cheap-Sahl-Hasheesh-to-Luxor-Day-Trips-by-Bus.jpeg\",\"contentUrl\":\"https:\/\/hurghadalovers.com\/wp-content\/uploads\/2023\/08\/Cheap-Sahl-Hasheesh-to-Luxor-Day-Trips-by-Bus.jpeg\",\"width\":1536,\"height\":1154,\"caption\":\"Levn\u00e9 jednodenn\u00ed v\u00fdlety autobusem z m\u011bsta Sahl Hasheesh do Luxoru\"},{\"@type\":\"BreadcrumbList\",\"@id\":\"https:\/\/hurghadalovers.com\/cs\/tours\/levne-vylety-autobusem-do-chramu-v-karnaku\/#breadcrumb\",\"itemListElement\":[{\"@type\":\"ListItem\",\"position\":1,\"name\":\"Home\",\"item\":\"https:\/\/hurghadalovers.com\/cs\/\"},{\"@type\":\"ListItem\",\"position\":2,\"name\":\"Shop\",\"item\":\"https:\/\/hurghadalovers.com\/shop\/\"},{\"@type\":\"ListItem\",\"position\":3,\"name\":\"Levn\u00e9 jednodenn\u00ed v\u00fdlety autobusem z m\u011bsta Sahl Hasheesh do Luxoru a n\u00e1v\u0161t\u011bva chr\u00e1mu v Karnaku\"}]},{\"@type\":\"WebSite\",\"@id\":\"https:\/\/hurghadalovers.com\/cs\/#website\",\"url\":\"https:\/\/hurghadalovers.com\/cs\/\",\"name\":\"Hurghada Excursions & Day Trips | Booking Best Prices Tours\",\"description\":\"Hurghada Lovers - Best Tour Operator - Excursions &amp; Things to do for Family Day Trips with kids and Couples Romantic. Unique .Hidden gems\",\"publisher\":{\"@id\":\"https:\/\/hurghadalovers.com\/cs\/#organization\"},\"alternateName\":\"Hurghada Excursions\",\"potentialAction\":[{\"@type\":\"SearchAction\",\"target\":{\"@type\":\"EntryPoint\",\"urlTemplate\":\"https:\/\/hurghadalovers.com\/cs\/?s={search_term_string}\"},\"query-input\":{\"@type\":\"PropertyValueSpecification\",\"valueRequired\":true,\"valueName\":\"search_term_string\"}}],\"inLanguage\":\"cs\"},{\"@type\":[\"Organization\",\"Place\",\"TravelAgency\"],\"@id\":\"https:\/\/hurghadalovers.com\/cs\/#organization\",\"name\":\"Hurghada Excursions\",\"url\":\"https:\/\/hurghadalovers.com\/cs\/\",\"logo\":{\"@id\":\"https:\/\/hurghadalovers.com\/cs\/tours\/levne-vylety-autobusem-do-chramu-v-karnaku\/#local-main-organization-logo\"},\"image\":{\"@id\":\"https:\/\/hurghadalovers.com\/cs\/tours\/levne-vylety-autobusem-do-chramu-v-karnaku\/#local-main-organization-logo\"},\"sameAs\":[\"https:\/\/www.facebook.com\/Hurghadaloversegypt\"],\"address\":{\"@id\":\"https:\/\/hurghadalovers.com\/cs\/tours\/levne-vylety-autobusem-do-chramu-v-karnaku\/#local-main-place-address\"},\"telephone\":[\"00201112596434\"],\"contactPoint\":{\"@type\":\"ContactPoint\",\"telephone\":\"00201112596434\",\"email\":\"weyouface@gmail.com\"},\"openingHoursSpecification\":{\"@type\":\"OpeningHoursSpecification\",\"dayOfWeek\":[\"Monday\",\"Tuesday\",\"Wednesday\",\"Thursday\",\"Friday\",\"Saturday\",\"Sunday\"],\"opens\":\"00:00\",\"closes\":\"23:59\"},\"email\":\"weyouface@gmail.com\",\"areaServed\":\"Luxor, Hurghada, El Gouna, Aswan, Sharm El Sheikh, Giza, Alexandria, Marsa Alam, Quseir, Soma Bay, Sahl Hasheesh, Red Sea, Makadi Bay, Cairo\",\"priceRange\":\"$\",\"currenciesAccepted\":\"euro\",\"paymentAccepted\":\"cash on site\"},{\"@type\":\"PostalAddress\",\"@id\":\"https:\/\/hurghadalovers.com\/cs\/tours\/levne-vylety-autobusem-do-chramu-v-karnaku\/#local-main-place-address\",\"streetAddress\":\"17 Banks street, Alkawther area, top nbk bank\",\"addressLocality\":\"hurghada\",\"postalCode\":\"84511\",\"addressRegion\":\"red sea\",\"addressCountry\":\"EG\"},{\"@type\":\"ImageObject\",\"inLanguage\":\"cs\",\"@id\":\"https:\/\/hurghadalovers.com\/cs\/tours\/levne-vylety-autobusem-do-chramu-v-karnaku\/#local-main-organization-logo\",\"url\":\"https:\/\/hurghadalovers.com\/wp-content\/uploads\/2019\/10\/hurghada-excursions-logo.png\",\"contentUrl\":\"https:\/\/hurghadalovers.com\/wp-content\/uploads\/2019\/10\/hurghada-excursions-logo.png\",\"width\":272,\"height\":90,\"caption\":\"Hurghada Excursions\"}]}<\/script>\n<meta property=\"product:brand\" content=\"V\u00fdlety do Luxoru z Sahl Hasheesh\" \/>\n<meta property=\"product:price:amount\" content=\"55\" \/>\n<meta property=\"product:price:currency\" content=\"EUR\" \/>\n<meta property=\"og:availability\" content=\"instock\" \/>\n<meta property=\"product:availability\" content=\"instock\" \/>\n<meta property=\"product:retailer_item_id\" content=\"Sahl152024\" \/>\n<meta property=\"product:condition\" content=\"new\" \/>\n<meta name=\"geo.placename\" content=\"hurghada\" \/>\n<meta name=\"geo.region\" content=\"Egypt\" \/>\n<!-- \/ Yoast SEO Premium plugin. -->","yoast_head_json":{"title":"Levn\u00e9 jednodenn\u00ed v\u00fdlety autobusem ze Sahl Hasheesh do Luxoru","description":"Levn\u00e9 jednodenn\u00ed v\u00fdlety autobusem z Sahl Hasheesh do Luxoru s n\u00e1v\u0161t\u011bvou chr\u00e1mu v Karnaku, Hat\u0161epsutina chr\u00e1mu a Memnonov\u00fdch kolos\u016f se soukrom\u00fdm pr\u016fvodcem, ob\u011bdem, vstupenkami a transferem","robots":{"index":"index","follow":"follow","max-snippet":"max-snippet:-1","max-image-preview":"max-image-preview:large","max-video-preview":"max-video-preview:-1"},"canonical":"https:\/\/hurghadalovers.com\/cs\/tours\/levne-vylety-autobusem-do-chramu-v-karnaku\/","og_locale":"cs_CZ","og_type":"article","og_title":"Levn\u00e9 jednodenn\u00ed v\u00fdlety autobusem z m\u011bsta Sahl Hasheesh do Luxoru a n\u00e1v\u0161t\u011bva chr\u00e1mu v Karnaku","og_description":"Levn\u00e9 jednodenn\u00ed v\u00fdlety autobusem z Sahl Hasheesh do Luxoru s n\u00e1v\u0161t\u011bvou chr\u00e1mu v Karnaku, Hat\u0161epsutina chr\u00e1mu a Memnonov\u00fdch kolos\u016f se soukrom\u00fdm pr\u016fvodcem, ob\u011bdem, vstupenkami a transferem","og_url":"https:\/\/hurghadalovers.com\/cs\/tours\/levne-vylety-autobusem-do-chramu-v-karnaku\/","og_site_name":"Hurghada Excursions &amp; Day Trips | Booking Best Prices Tours","article_publisher":"https:\/\/www.facebook.com\/Hurghadaloversegypt","article_modified_time":"2026-02-08T12:47:14+00:00","og_image":[{"width":1536,"height":1154,"url":"https:\/\/hurghadalovers.com\/wp-content\/uploads\/2023\/08\/Cheap-Sahl-Hasheesh-to-Luxor-Day-Trips-by-Bus.jpeg","type":"image\/jpeg"}],"twitter_card":"summary_large_image","twitter_misc":{"Cena":"&euro;&nbsp;55","Dostupnost":"Skladem"},"schema":{"@context":"https:\/\/schema.org","@graph":[{"@type":["WebPage","ItemPage"],"@id":"https:\/\/hurghadalovers.com\/cs\/tours\/levne-vylety-autobusem-do-chramu-v-karnaku\/","url":"https:\/\/hurghadalovers.com\/cs\/tours\/levne-vylety-autobusem-do-chramu-v-karnaku\/","name":"Levn\u00e9 jednodenn\u00ed v\u00fdlety autobusem ze Sahl Hasheesh do Luxoru","isPartOf":{"@id":"https:\/\/hurghadalovers.com\/cs\/#website"},"primaryImageOfPage":{"@id":"https:\/\/hurghadalovers.com\/cs\/tours\/levne-vylety-autobusem-do-chramu-v-karnaku\/#primaryimage"},"image":{"@id":"https:\/\/hurghadalovers.com\/cs\/tours\/levne-vylety-autobusem-do-chramu-v-karnaku\/#primaryimage"},"thumbnailUrl":"https:\/\/hurghadalovers.com\/wp-content\/uploads\/2023\/08\/Cheap-Sahl-Hasheesh-to-Luxor-Day-Trips-by-Bus.jpeg","datePublished":"2023-08-31T14:03:40+00:00","dateModified":"2026-02-08T12:47:14+00:00","description":"Levn\u00e9 jednodenn\u00ed v\u00fdlety autobusem z Sahl Hasheesh do Luxoru s n\u00e1v\u0161t\u011bvou chr\u00e1mu v Karnaku, Hat\u0161epsutina chr\u00e1mu a Memnonov\u00fdch kolos\u016f se soukrom\u00fdm pr\u016fvodcem, ob\u011bdem, vstupenkami a transferem","breadcrumb":{"@id":"https:\/\/hurghadalovers.com\/cs\/tours\/levne-vylety-autobusem-do-chramu-v-karnaku\/#breadcrumb"},"inLanguage":"cs","potentialAction":[{"@type":"ReadAction","target":["https:\/\/hurghadalovers.com\/cs\/tours\/levne-vylety-autobusem-do-chramu-v-karnaku\/"]}]},{"@type":"ImageObject","inLanguage":"cs","@id":"https:\/\/hurghadalovers.com\/cs\/tours\/levne-vylety-autobusem-do-chramu-v-karnaku\/#primaryimage","url":"https:\/\/hurghadalovers.com\/wp-content\/uploads\/2023\/08\/Cheap-Sahl-Hasheesh-to-Luxor-Day-Trips-by-Bus.jpeg","contentUrl":"https:\/\/hurghadalovers.com\/wp-content\/uploads\/2023\/08\/Cheap-Sahl-Hasheesh-to-Luxor-Day-Trips-by-Bus.jpeg","width":1536,"height":1154,"caption":"Levn\u00e9 jednodenn\u00ed v\u00fdlety autobusem z m\u011bsta Sahl Hasheesh do Luxoru"},{"@type":"BreadcrumbList","@id":"https:\/\/hurghadalovers.com\/cs\/tours\/levne-vylety-autobusem-do-chramu-v-karnaku\/#breadcrumb","itemListElement":[{"@type":"ListItem","position":1,"name":"Home","item":"https:\/\/hurghadalovers.com\/cs\/"},{"@type":"ListItem","position":2,"name":"Shop","item":"https:\/\/hurghadalovers.com\/shop\/"},{"@type":"ListItem","position":3,"name":"Levn\u00e9 jednodenn\u00ed v\u00fdlety autobusem z m\u011bsta Sahl Hasheesh do Luxoru a n\u00e1v\u0161t\u011bva chr\u00e1mu v Karnaku"}]},{"@type":"WebSite","@id":"https:\/\/hurghadalovers.com\/cs\/#website","url":"https:\/\/hurghadalovers.com\/cs\/","name":"Hurghada Excursions & Day Trips | Booking Best Prices Tours","description":"Hurghada Lovers - Best Tour Operator - Excursions &amp; Things to do for Family Day Trips with kids and Couples Romantic. Unique .Hidden gems","publisher":{"@id":"https:\/\/hurghadalovers.com\/cs\/#organization"},"alternateName":"Hurghada Excursions","potentialAction":[{"@type":"SearchAction","target":{"@type":"EntryPoint","urlTemplate":"https:\/\/hurghadalovers.com\/cs\/?s={search_term_string}"},"query-input":{"@type":"PropertyValueSpecification","valueRequired":true,"valueName":"search_term_string"}}],"inLanguage":"cs"},{"@type":["Organization","Place","TravelAgency"],"@id":"https:\/\/hurghadalovers.com\/cs\/#organization","name":"Hurghada Excursions","url":"https:\/\/hurghadalovers.com\/cs\/","logo":{"@id":"https:\/\/hurghadalovers.com\/cs\/tours\/levne-vylety-autobusem-do-chramu-v-karnaku\/#local-main-organization-logo"},"image":{"@id":"https:\/\/hurghadalovers.com\/cs\/tours\/levne-vylety-autobusem-do-chramu-v-karnaku\/#local-main-organization-logo"},"sameAs":["https:\/\/www.facebook.com\/Hurghadaloversegypt"],"address":{"@id":"https:\/\/hurghadalovers.com\/cs\/tours\/levne-vylety-autobusem-do-chramu-v-karnaku\/#local-main-place-address"},"telephone":["00201112596434"],"contactPoint":{"@type":"ContactPoint","telephone":"00201112596434","email":"weyouface@gmail.com"},"openingHoursSpecification":{"@type":"OpeningHoursSpecification","dayOfWeek":["Monday","Tuesday","Wednesday","Thursday","Friday","Saturday","Sunday"],"opens":"00:00","closes":"23:59"},"email":"weyouface@gmail.com","areaServed":"Luxor, Hurghada, El Gouna, Aswan, Sharm El Sheikh, Giza, Alexandria, Marsa Alam, Quseir, Soma Bay, Sahl Hasheesh, Red Sea, Makadi Bay, Cairo","priceRange":"$","currenciesAccepted":"euro","paymentAccepted":"cash on site"},{"@type":"PostalAddress","@id":"https:\/\/hurghadalovers.com\/cs\/tours\/levne-vylety-autobusem-do-chramu-v-karnaku\/#local-main-place-address","streetAddress":"17 Banks street, Alkawther area, top nbk bank","addressLocality":"hurghada","postalCode":"84511","addressRegion":"red sea","addressCountry":"EG"},{"@type":"ImageObject","inLanguage":"cs","@id":"https:\/\/hurghadalovers.com\/cs\/tours\/levne-vylety-autobusem-do-chramu-v-karnaku\/#local-main-organization-logo","url":"https:\/\/hurghadalovers.com\/wp-content\/uploads\/2019\/10\/hurghada-excursions-logo.png","contentUrl":"https:\/\/hurghadalovers.com\/wp-content\/uploads\/2019\/10\/hurghada-excursions-logo.png","width":272,"height":90,"caption":"Hurghada Excursions"}]},"product_brand":"V\u00fdlety do Luxoru z Sahl Hasheesh","product_price_amount":"55","product_price_currency":"EUR","og_availability":"instock","product_availability":"instock","product_retailer_item_id":"Sahl152024","product_condition":"new","geo.placename":"hurghada","geo.region":"Egypt"},"_links":{"self":[{"href":"https:\/\/hurghadalovers.com\/cs\/wp-json\/wp\/v2\/product\/390858","targetHints":{"allow":["GET"]}}],"collection":[{"href":"https:\/\/hurghadalovers.com\/cs\/wp-json\/wp\/v2\/product"}],"about":[{"href":"https:\/\/hurghadalovers.com\/cs\/wp-json\/wp\/v2\/types\/product"}],"wp:featuredmedia":[{"embeddable":true,"href":"https:\/\/hurghadalovers.com\/cs\/wp-json\/wp\/v2\/media\/390657"}],"wp:attachment":[{"href":"https:\/\/hurghadalovers.com\/cs\/wp-json\/wp\/v2\/media?parent=390858"}],"wp:term":[{"taxonomy":"product_brand","embeddable":true,"href":"https:\/\/hurghadalovers.com\/cs\/wp-json\/wp\/v2\/product_brand?post=390858"},{"taxonomy":"product_cat","embeddable":true,"href":"https:\/\/hurghadalovers.com\/cs\/wp-json\/wp\/v2\/product_cat?post=390858"},{"taxonomy":"product_tag","embeddable":true,"href":"https:\/\/hurghadalovers.com\/cs\/wp-json\/wp\/v2\/product_tag?post=390858"}],"curies":[{"name":"wp","href":"https:\/\/api.w.org\/{rel}","templated":true}]}}