{"id":390473,"date":"2023-08-31T12:32:25","date_gmt":"2023-08-31T12:39:02","guid":{"rendered":"https:\/\/hurghadalovers.com\/shop\/nezarazene\/soukrome-taxisluzby-sahl-hasheesh\/"},"modified":"2026-02-08T18:24:40","modified_gmt":"2026-02-08T18:24:40","slug":"soukrome-transfery-sahl-hasheesh-taxi","status":"publish","type":"product","link":"https:\/\/hurghadalovers.com\/cs\/tours\/soukrome-transfery-sahl-hasheesh-taxi\/","title":{"rendered":"Soukrom\u00e9 taxislu\u017eby Sahl Hasheesh"},"content":{"rendered":"<p><strong>Private <\/strong><strong>Sahl Hasheesh<\/strong> <strong>Taxi Transfers<\/strong> to Luxor, Cairo | Rezervace levn\u00e9 ceny Tourist Service Transfer by Luxury Minivan and Vip Car to Marsa alam, EL Gouna, Soma bay, Hurghada (HRG) Airport | Cash on site.<\/p>\n<p><strong>Podrobnosti:<\/strong><\/p>\n<ul>\n<li>Typ z\u00e1jezdu: Luxusn\u00ed soukrom\u00e1 cesta autem nebo minivanem.<\/li>\n<li>Rezervace Taxi Car, Minivan, Dostupnost: Ka\u017ed\u00fd den.<\/li>\n<li>Bezbari\u00e9rov\u00fd p\u0159\u00edstup.<\/li>\n<li>\u010cas vyzvednut\u00ed ze Sahl Hasheesh do Luxoru: 05:00 hod.<\/li>\n<li>\u010cas vyzvednut\u00ed ze Sahl Hasheesh do K\u00e1hiry: 12:30 hod.<\/li>\n<li>\u010cas vyzvednut\u00ed z hotel\u016f Sahl Hasheesh na leti\u0161t\u011b Hurghada (HRG), Hurghada Marina: podle va\u0161eho p\u0159\u00e1n\u00ed.<\/li>\n<\/ul>\n<p><strong>Rezervujte nyn\u00ed a zapla\u0165te pozd\u011bji:<\/strong><\/p>\n<ul>\n<li>Hotovost na m\u00edst\u011b pro pr\u016fvodce.<\/li>\n<li>Platba egyptsk\u00fdmi librami, $, \u20ac nebo \u00a3.<\/li>\n<\/ul>\n<p><strong>Storno podm\u00ednky:<\/strong><\/p>\n<ul>\n<li>Zru\u0161it a\u017e 24 hodin p\u0159edem.<\/li>\n<li>Kdy\u017e n\u011bkdo z va\u0161\u00ed rodiny zru\u0161\u00ed dopoledne, zaplat\u00ed 50 % n\u00e1klad\u016f.<\/li>\n<\/ul>\n<p><strong>Co je v cen\u011b?<\/strong><\/p>\n<ul>\n<li>Transfer z hotel\u016f Sahl Hasheesh &#8222;Hotel pick up and drop off&#8220;.<\/li>\n<li>V\u0161echny dan\u011b, vstupn\u00ed poplatky a manipula\u010dn\u00ed poplatky.<\/li>\n<li>P\u0159estupy.<\/li>\n<li>N\u00e1poje.<\/li>\n<\/ul>\n<p><strong>V\u00fdjimky?<\/strong><\/p>\n<ul>\n<li>Spropitn\u00e9.<\/li>\n<\/ul>\n<p><strong>Soukrom\u00fd transfer <\/strong><strong>Sahl Hasheesh<\/strong> <strong>do Luxoru:<\/strong><\/p>\n<p>Cena Taxi\/ Auto &#8222;3 m\u00edsta&#8220; = 170$ Cena za soukrom\u00e9 auto.<\/p>\n<p>Cena Minivan &#8222;8 m\u00edst&#8220; = 200$ Cena za soukrom\u00fd minivan\/minibus.<\/p>\n<p>Vzd\u00e1lenost mezi Sahl Hasheesh a Luxor = 300 km<\/p>\n<p>Doba j\u00edzdy z Sahl Hasheesh do Luxoru = 4 hod.<\/p>\n<p>Tam 2 Zast\u00e1vky &#8220; 20 min p\u0159est\u00e1vka, 20 Turistick\u00e9 kontroln\u00ed body v Safaga&#8220;.<\/p>\n<p><strong> <\/strong><\/p>\n<p><strong>Soukrom\u00fd transfer <\/strong><strong>Sahl Hasheesh<\/strong> <strong>do K\u00e1hiry, pyramid v G\u00edze:<\/strong><\/p>\n<p>Cena Taxi\/ Auto &#8222;3 m\u00edsta&#8220; = 180$ Cena za soukrom\u00e9 auto.<\/p>\n<p>Cena Minivan &#8222;8 m\u00edst&#8220; = 220$ Cena za soukrom\u00fd minivan\/minibus.<\/p>\n<p>Vzd\u00e1lenost mezi Sahl Hasheesh a K\u00e1hirou = 380 km<\/p>\n<p>\u010cas mezi Sahl Hasheesh a K\u00e1hirou = 7.30 hod.<\/p>\n<p>3 zast\u00e1vky &#8220; 20 min p\u0159est\u00e1vka v \u0161afr\u00e1nu Ras Ghareb, 15-30 min turistick\u00fd checkpoint&#8220;<\/p>\n<p><strong>Soukrom\u00fd transfer <\/strong><strong>Sahl Hasheesh<\/strong> <strong>na leti\u0161t\u011b Hurghada (HRG) nebo z n\u011bj:<\/strong><\/p>\n<p>Cena Taxi\/ Auto &#8222;3 &#8211; 6 m\u00edst&#8220; = 30$ Cena za soukrom\u00e9 auto.<\/p>\n<p>Cena Minivan &#8222;12 m\u00edst&#8220; = 40$ Cena za soukrom\u00fd minivan\/minibus.<\/p>\n<p><strong> <\/strong><\/p>\n<p><strong>Soukrom\u00fd transfer <\/strong><strong>Sahl Hasheesh<\/strong> <strong>do Hurghada Marina:<\/strong><\/p>\n<p>Cena Taxi \/ auto &#8220; 3 &#8211; 6 m\u00edst&#8220; 4hod = 45$ Cena za soukrom\u00e9 auto.<\/p>\n<p>Cena Minivan &#8222;12 m\u00edst&#8220; 4hod = 75$ Cena za soukrom\u00fd minivan\/minibus.<\/p>\n<p><strong> <\/strong><\/p>\n<p><strong>Soukrom\u00fd transfer <\/strong><strong>Sahl Hasheesh<\/strong> <strong>do hotel\u016f El Gouna:<\/strong><\/p>\n<p>Cena Taxi\/ Auto &#8222;3 &#8211; 6 m\u00edst&#8220; = 55$ Cena za soukrom\u00e9 auto.<\/p>\n<p>Cena Minivan &#8222;12 m\u00edst&#8220; = 70$ Cena za soukrom\u00fd minivan\/minibus.<\/p>\n<p>Vzd\u00e1lenost mezi Sahl Hasheesh a El Gouna = 70 km<\/p>\n<p>Doba j\u00edzdy z Sahl Hasheesh do El Gouna = 70 min.<\/p>\n<p><strong>Soukrom\u00e9 transfery na leti\u0161t\u011b v K\u00e1hi\u0159e<\/strong><\/p>\n<p>pokud pot\u0159ebujete j\u00edt K\u00e1hira leti\u0161t\u011b a pot\u0159ebujete transfer do turistick\u00fdch m\u011bst Egypt, m\u016f\u017ee d\u016fv\u011b\u0159ovat n\u00e1m, aby v\u00e1m luxusn\u00ed soukrom\u00e9 vozy Autobusy Limousine Service.<\/p>\n<p><strong>Taxi z <\/strong><strong>Sahl Hasheesh<\/strong> <strong>do Marsa Alam<\/strong><\/p>\n<p>Pokud jste p\u0159ijeli na leti\u0161t\u011b Hurghada nebo z m\u00edsta, kde pot\u0159ebujete nejlep\u0161\u00ed auta nebo autobus do nebo z Mars Alam k n\u00e1v\u0161t\u011bv\u011b K\u00e1hiry nebo Luxoru, zavolejte n\u00e1m pr\u00e1v\u011b te\u010f.<\/p>\n<p>1-3 osoby (individu\u00e1ln\u00ed v\u016fz) = 90 $<\/p>\n<p>4-8 osob (minibus) = 120 $<\/p>\n<p><strong>Recenze:<\/strong><\/p>\n<p>pod\u00edvejte se na na\u0161e recenze na Google Map jako nejlep\u0161\u00ed <a href=\"https:\/\/g.page\/r\/CUeYvkngP3wkEBM\/review\">cestovn\u00ed kancel\u00e1\u0159 v Hurghad\u011b<\/a> online v <a href=\"https:\/\/hurghadalovers.com\/\">Hurghad\u011b<\/a> Egypt.<\/p>\n<p><strong>Rezervace:<\/strong><\/p>\n<p>Odeslat hotel + \u010d\u00edslo pokoje + foto pas\u016f na WhatsApp: <strong>+201112596434<\/strong><\/p>\n<p>Pokud jste z Egypta Rezervace nyn\u00ed on-line a potvrdit p\u0159i p\u0159\u00edjezdu Hotel.<\/p>\n<p>&nbsp;<\/p>\n<p>&nbsp;<\/p>\n","protected":false},"excerpt":{"rendered":"<p><strong>Private <\/strong><strong>Sahl Hasheesh<\/strong> <strong>Taxi Transfers<\/strong> to Luxor, Cairo | Rezervace levn\u00e9 ceny Tourist Service Transfer by Luxury Minivan and Vip Car to Marsa alam, EL Gouna, Soma bay, Hurghada (HRG) Airport | Cash on site.<\/p>\n","protected":false},"featured_media":390322,"template":"","meta":{"_joinchat":[]},"product_brand":[],"product_cat":[29708],"product_tag":[54268,54147,54164,54202,54276,54274,54150,54270,54280,54194,54198,54272,54143,54278,54160,52023],"class_list":{"0":"post-390473","1":"product","2":"type-product","3":"status-publish","4":"has-post-thumbnail","6":"product_cat-egypt-tours-cs","7":"product_tag-aktivity-pro-batolata-ze-sahl-hasheesh","8":"product_tag-celodenni-vylet-do-kahiry-ze-sahl-hasheesh","9":"product_tag-celodenni-vylet-z-mesta-sahl-hasheesh-k-pyramidam-cs","10":"product_tag-co-delat-v-sahl-hasheesh-pro-pary","11":"product_tag-co-videt-v-sahl-hasheesh","12":"product_tag-jednodenni-vylety-do-sahl-hasheesh-cs","13":"product_tag-pyramidy-ze-sahl-hasheesh","14":"product_tag-rodinne-aktivity-ze-sahl-hasheesh","15":"product_tag-romanticke-aktivity-v-sahl-hasheesh-cs","16":"product_tag-romanticke-aktivity-ze-sahl-hasheesh","17":"product_tag-sahl-hasheesh-aktivity-pro-pary","18":"product_tag-sahl-hasheesh-co-delat","19":"product_tag-sahl-hasheesh-k-pyramidam-cs","20":"product_tag-sahl-hasheesh-romanticke-vylety-cs","21":"product_tag-sahl-hasheesh-vylet-do-kahiry-cs-2","22":"product_tag-soukrome-prohlidky-kahiry","23":"tour_category-cairo-from-sahl-hasheesh-cs","24":"tour_category-luxor-from-sahl-hasheesh-cs","25":"tour_category-sahl-hasheesh-tours-cs","27":"first","28":"instock","29":"sale","30":"shipping-taxable","31":"purchasable","32":"product-type-tour"},"yoast_head":"<!-- This site is optimized with the Yoast SEO Premium plugin v26.9 (Yoast SEO v27.2) - https:\/\/yoast.com\/product\/yoast-seo-premium-wordpress\/ -->\n<title>Soukrom\u00e9 taxi Sahl Hasheesh do Luxoru, K\u00e1hiry<\/title>\n<meta name=\"description\" content=\"Private Sahl Hasheesh Taxi Transfers to Luxor, Cairo | Rezervace levn\u00e9 ceny Tourist Service Transfer by Luxury Minivan and Vip Car to Marsa alam, EL Gouna\" \/>\n<meta name=\"robots\" content=\"index, follow, max-snippet:-1, max-image-preview:large, max-video-preview:-1\" \/>\n<link rel=\"canonical\" href=\"https:\/\/hurghadalovers.com\/cs\/tours\/soukrome-transfery-sahl-hasheesh-taxi\/\" \/>\n<meta property=\"og:locale\" content=\"cs_CZ\" \/>\n<meta property=\"og:type\" content=\"article\" \/>\n<meta property=\"og:title\" content=\"Soukrom\u00e9 taxislu\u017eby Sahl Hasheesh\" \/>\n<meta property=\"og:description\" content=\"Private Sahl Hasheesh Taxi Transfers to Luxor, Cairo | Rezervace levn\u00e9 ceny Tourist Service Transfer by Luxury Minivan and Vip Car to Marsa alam, EL Gouna\" \/>\n<meta property=\"og:url\" content=\"https:\/\/hurghadalovers.com\/cs\/tours\/soukrome-transfery-sahl-hasheesh-taxi\/\" \/>\n<meta property=\"og:site_name\" content=\"Hurghada Excursions &amp; Day Trips | Booking Best Prices Tours\" \/>\n<meta property=\"article:publisher\" content=\"https:\/\/www.facebook.com\/Hurghadaloversegypt\" \/>\n<meta property=\"article:modified_time\" content=\"2026-02-08T18:24:40+00:00\" \/>\n<meta property=\"og:image\" content=\"https:\/\/hurghadalovers.com\/wp-content\/uploads\/2023\/08\/Private-Sahl-Hasheesh-Taxi-Transfers.jpeg\" \/>\n\t<meta property=\"og:image:width\" content=\"1536\" \/>\n\t<meta property=\"og:image:height\" content=\"1195\" \/>\n\t<meta property=\"og:image:type\" content=\"image\/jpeg\" \/>\n<meta name=\"twitter:card\" content=\"summary_large_image\" \/>\n<meta name=\"twitter:label1\" content=\"Cena\" \/>\n\t<meta name=\"twitter:data1\" content=\"&euro;&nbsp;30\" \/>\n\t<meta name=\"twitter:label2\" content=\"Dostupnost\" \/>\n\t<meta name=\"twitter:data2\" content=\"Skladem\" \/>\n<script type=\"application\/ld+json\" class=\"yoast-schema-graph\">{\"@context\":\"https:\/\/schema.org\",\"@graph\":[{\"@type\":[\"WebPage\",\"ItemPage\"],\"@id\":\"https:\/\/hurghadalovers.com\/cs\/tours\/soukrome-transfery-sahl-hasheesh-taxi\/\",\"url\":\"https:\/\/hurghadalovers.com\/cs\/tours\/soukrome-transfery-sahl-hasheesh-taxi\/\",\"name\":\"Soukrom\u00e9 taxi Sahl Hasheesh do Luxoru, K\u00e1hiry\",\"isPartOf\":{\"@id\":\"https:\/\/hurghadalovers.com\/cs\/#website\"},\"primaryImageOfPage\":{\"@id\":\"https:\/\/hurghadalovers.com\/cs\/tours\/soukrome-transfery-sahl-hasheesh-taxi\/#primaryimage\"},\"image\":{\"@id\":\"https:\/\/hurghadalovers.com\/cs\/tours\/soukrome-transfery-sahl-hasheesh-taxi\/#primaryimage\"},\"thumbnailUrl\":\"https:\/\/hurghadalovers.com\/wp-content\/uploads\/2023\/08\/Private-Sahl-Hasheesh-Taxi-Transfers.jpeg\",\"datePublished\":\"2023-08-31T12:39:02+00:00\",\"dateModified\":\"2026-02-08T18:24:40+00:00\",\"description\":\"Private Sahl Hasheesh Taxi Transfers to Luxor, Cairo | Rezervace levn\u00e9 ceny Tourist Service Transfer by Luxury Minivan and Vip Car to Marsa alam, EL Gouna\",\"breadcrumb\":{\"@id\":\"https:\/\/hurghadalovers.com\/cs\/tours\/soukrome-transfery-sahl-hasheesh-taxi\/#breadcrumb\"},\"inLanguage\":\"cs\",\"potentialAction\":[{\"@type\":\"ReadAction\",\"target\":[\"https:\/\/hurghadalovers.com\/cs\/tours\/soukrome-transfery-sahl-hasheesh-taxi\/\"]}]},{\"@type\":\"ImageObject\",\"inLanguage\":\"cs\",\"@id\":\"https:\/\/hurghadalovers.com\/cs\/tours\/soukrome-transfery-sahl-hasheesh-taxi\/#primaryimage\",\"url\":\"https:\/\/hurghadalovers.com\/wp-content\/uploads\/2023\/08\/Private-Sahl-Hasheesh-Taxi-Transfers.jpeg\",\"contentUrl\":\"https:\/\/hurghadalovers.com\/wp-content\/uploads\/2023\/08\/Private-Sahl-Hasheesh-Taxi-Transfers.jpeg\",\"width\":1536,\"height\":1195,\"caption\":\"Private\u00a0Sahl Hasheesh Taxi Transfers\u00a0to Luxor, Cairo\"},{\"@type\":\"BreadcrumbList\",\"@id\":\"https:\/\/hurghadalovers.com\/cs\/tours\/soukrome-transfery-sahl-hasheesh-taxi\/#breadcrumb\",\"itemListElement\":[{\"@type\":\"ListItem\",\"position\":1,\"name\":\"Home\",\"item\":\"https:\/\/hurghadalovers.com\/cs\/\"},{\"@type\":\"ListItem\",\"position\":2,\"name\":\"Shop\",\"item\":\"https:\/\/hurghadalovers.com\/shop\/\"},{\"@type\":\"ListItem\",\"position\":3,\"name\":\"Soukrom\u00e9 taxislu\u017eby Sahl Hasheesh\"}]},{\"@type\":\"WebSite\",\"@id\":\"https:\/\/hurghadalovers.com\/cs\/#website\",\"url\":\"https:\/\/hurghadalovers.com\/cs\/\",\"name\":\"Hurghada Excursions & Day Trips | Booking Best Prices Tours\",\"description\":\"Hurghada Lovers - Best Tour Operator - Excursions &amp; Things to do for Family Day Trips with kids and Couples Romantic. Unique .Hidden gems\",\"publisher\":{\"@id\":\"https:\/\/hurghadalovers.com\/cs\/#organization\"},\"alternateName\":\"Hurghada Excursions\",\"potentialAction\":[{\"@type\":\"SearchAction\",\"target\":{\"@type\":\"EntryPoint\",\"urlTemplate\":\"https:\/\/hurghadalovers.com\/cs\/?s={search_term_string}\"},\"query-input\":{\"@type\":\"PropertyValueSpecification\",\"valueRequired\":true,\"valueName\":\"search_term_string\"}}],\"inLanguage\":\"cs\"},{\"@type\":[\"Organization\",\"Place\",\"TravelAgency\"],\"@id\":\"https:\/\/hurghadalovers.com\/cs\/#organization\",\"name\":\"Hurghada Excursions\",\"url\":\"https:\/\/hurghadalovers.com\/cs\/\",\"logo\":{\"@id\":\"https:\/\/hurghadalovers.com\/cs\/tours\/soukrome-transfery-sahl-hasheesh-taxi\/#local-main-organization-logo\"},\"image\":{\"@id\":\"https:\/\/hurghadalovers.com\/cs\/tours\/soukrome-transfery-sahl-hasheesh-taxi\/#local-main-organization-logo\"},\"sameAs\":[\"https:\/\/www.facebook.com\/Hurghadaloversegypt\"],\"address\":{\"@id\":\"https:\/\/hurghadalovers.com\/cs\/tours\/soukrome-transfery-sahl-hasheesh-taxi\/#local-main-place-address\"},\"telephone\":[\"00201112596434\"],\"contactPoint\":{\"@type\":\"ContactPoint\",\"telephone\":\"00201112596434\",\"email\":\"weyouface@gmail.com\"},\"openingHoursSpecification\":{\"@type\":\"OpeningHoursSpecification\",\"dayOfWeek\":[\"Monday\",\"Tuesday\",\"Wednesday\",\"Thursday\",\"Friday\",\"Saturday\",\"Sunday\"],\"opens\":\"00:00\",\"closes\":\"23:59\"},\"email\":\"weyouface@gmail.com\",\"areaServed\":\"Luxor, Hurghada, El Gouna, Aswan, Sharm El Sheikh, Giza, Alexandria, Marsa Alam, Quseir, Soma Bay, Sahl Hasheesh, Red Sea, Makadi Bay, Cairo\",\"priceRange\":\"$\",\"currenciesAccepted\":\"euro\",\"paymentAccepted\":\"cash on site\"},{\"@type\":\"PostalAddress\",\"@id\":\"https:\/\/hurghadalovers.com\/cs\/tours\/soukrome-transfery-sahl-hasheesh-taxi\/#local-main-place-address\",\"streetAddress\":\"17 Banks street, Alkawther area, top nbk bank\",\"addressLocality\":\"hurghada\",\"postalCode\":\"84511\",\"addressRegion\":\"red sea\",\"addressCountry\":\"EG\"},{\"@type\":\"ImageObject\",\"inLanguage\":\"cs\",\"@id\":\"https:\/\/hurghadalovers.com\/cs\/tours\/soukrome-transfery-sahl-hasheesh-taxi\/#local-main-organization-logo\",\"url\":\"https:\/\/hurghadalovers.com\/wp-content\/uploads\/2019\/10\/hurghada-excursions-logo.png\",\"contentUrl\":\"https:\/\/hurghadalovers.com\/wp-content\/uploads\/2019\/10\/hurghada-excursions-logo.png\",\"width\":272,\"height\":90,\"caption\":\"Hurghada Excursions\"}]}<\/script>\n<meta property=\"product:brand\" content=\"V\u00fdlety do Kahira z Sahl Hasheesh\" \/>\n<meta property=\"product:price:amount\" content=\"30\" \/>\n<meta property=\"product:price:currency\" content=\"EUR\" \/>\n<meta property=\"og:availability\" content=\"instock\" \/>\n<meta property=\"product:availability\" content=\"instock\" \/>\n<meta property=\"product:retailer_item_id\" content=\"Sahl072024\" \/>\n<meta property=\"product:condition\" content=\"new\" \/>\n<meta name=\"geo.placename\" content=\"hurghada\" \/>\n<meta name=\"geo.region\" content=\"Egypt\" \/>\n<!-- \/ Yoast SEO Premium plugin. -->","yoast_head_json":{"title":"Soukrom\u00e9 taxi Sahl Hasheesh do Luxoru, K\u00e1hiry","description":"Private Sahl Hasheesh Taxi Transfers to Luxor, Cairo | Rezervace levn\u00e9 ceny Tourist Service Transfer by Luxury Minivan and Vip Car to Marsa alam, EL Gouna","robots":{"index":"index","follow":"follow","max-snippet":"max-snippet:-1","max-image-preview":"max-image-preview:large","max-video-preview":"max-video-preview:-1"},"canonical":"https:\/\/hurghadalovers.com\/cs\/tours\/soukrome-transfery-sahl-hasheesh-taxi\/","og_locale":"cs_CZ","og_type":"article","og_title":"Soukrom\u00e9 taxislu\u017eby Sahl Hasheesh","og_description":"Private Sahl Hasheesh Taxi Transfers to Luxor, Cairo | Rezervace levn\u00e9 ceny Tourist Service Transfer by Luxury Minivan and Vip Car to Marsa alam, EL Gouna","og_url":"https:\/\/hurghadalovers.com\/cs\/tours\/soukrome-transfery-sahl-hasheesh-taxi\/","og_site_name":"Hurghada Excursions &amp; Day Trips | Booking Best Prices Tours","article_publisher":"https:\/\/www.facebook.com\/Hurghadaloversegypt","article_modified_time":"2026-02-08T18:24:40+00:00","og_image":[{"width":1536,"height":1195,"url":"https:\/\/hurghadalovers.com\/wp-content\/uploads\/2023\/08\/Private-Sahl-Hasheesh-Taxi-Transfers.jpeg","type":"image\/jpeg"}],"twitter_card":"summary_large_image","twitter_misc":{"Cena":"&euro;&nbsp;30","Dostupnost":"Skladem"},"schema":{"@context":"https:\/\/schema.org","@graph":[{"@type":["WebPage","ItemPage"],"@id":"https:\/\/hurghadalovers.com\/cs\/tours\/soukrome-transfery-sahl-hasheesh-taxi\/","url":"https:\/\/hurghadalovers.com\/cs\/tours\/soukrome-transfery-sahl-hasheesh-taxi\/","name":"Soukrom\u00e9 taxi Sahl Hasheesh do Luxoru, K\u00e1hiry","isPartOf":{"@id":"https:\/\/hurghadalovers.com\/cs\/#website"},"primaryImageOfPage":{"@id":"https:\/\/hurghadalovers.com\/cs\/tours\/soukrome-transfery-sahl-hasheesh-taxi\/#primaryimage"},"image":{"@id":"https:\/\/hurghadalovers.com\/cs\/tours\/soukrome-transfery-sahl-hasheesh-taxi\/#primaryimage"},"thumbnailUrl":"https:\/\/hurghadalovers.com\/wp-content\/uploads\/2023\/08\/Private-Sahl-Hasheesh-Taxi-Transfers.jpeg","datePublished":"2023-08-31T12:39:02+00:00","dateModified":"2026-02-08T18:24:40+00:00","description":"Private Sahl Hasheesh Taxi Transfers to Luxor, Cairo | Rezervace levn\u00e9 ceny Tourist Service Transfer by Luxury Minivan and Vip Car to Marsa alam, EL Gouna","breadcrumb":{"@id":"https:\/\/hurghadalovers.com\/cs\/tours\/soukrome-transfery-sahl-hasheesh-taxi\/#breadcrumb"},"inLanguage":"cs","potentialAction":[{"@type":"ReadAction","target":["https:\/\/hurghadalovers.com\/cs\/tours\/soukrome-transfery-sahl-hasheesh-taxi\/"]}]},{"@type":"ImageObject","inLanguage":"cs","@id":"https:\/\/hurghadalovers.com\/cs\/tours\/soukrome-transfery-sahl-hasheesh-taxi\/#primaryimage","url":"https:\/\/hurghadalovers.com\/wp-content\/uploads\/2023\/08\/Private-Sahl-Hasheesh-Taxi-Transfers.jpeg","contentUrl":"https:\/\/hurghadalovers.com\/wp-content\/uploads\/2023\/08\/Private-Sahl-Hasheesh-Taxi-Transfers.jpeg","width":1536,"height":1195,"caption":"Private\u00a0Sahl Hasheesh Taxi Transfers\u00a0to Luxor, Cairo"},{"@type":"BreadcrumbList","@id":"https:\/\/hurghadalovers.com\/cs\/tours\/soukrome-transfery-sahl-hasheesh-taxi\/#breadcrumb","itemListElement":[{"@type":"ListItem","position":1,"name":"Home","item":"https:\/\/hurghadalovers.com\/cs\/"},{"@type":"ListItem","position":2,"name":"Shop","item":"https:\/\/hurghadalovers.com\/shop\/"},{"@type":"ListItem","position":3,"name":"Soukrom\u00e9 taxislu\u017eby Sahl Hasheesh"}]},{"@type":"WebSite","@id":"https:\/\/hurghadalovers.com\/cs\/#website","url":"https:\/\/hurghadalovers.com\/cs\/","name":"Hurghada Excursions & Day Trips | Booking Best Prices Tours","description":"Hurghada Lovers - Best Tour Operator - Excursions &amp; Things to do for Family Day Trips with kids and Couples Romantic. Unique .Hidden gems","publisher":{"@id":"https:\/\/hurghadalovers.com\/cs\/#organization"},"alternateName":"Hurghada Excursions","potentialAction":[{"@type":"SearchAction","target":{"@type":"EntryPoint","urlTemplate":"https:\/\/hurghadalovers.com\/cs\/?s={search_term_string}"},"query-input":{"@type":"PropertyValueSpecification","valueRequired":true,"valueName":"search_term_string"}}],"inLanguage":"cs"},{"@type":["Organization","Place","TravelAgency"],"@id":"https:\/\/hurghadalovers.com\/cs\/#organization","name":"Hurghada Excursions","url":"https:\/\/hurghadalovers.com\/cs\/","logo":{"@id":"https:\/\/hurghadalovers.com\/cs\/tours\/soukrome-transfery-sahl-hasheesh-taxi\/#local-main-organization-logo"},"image":{"@id":"https:\/\/hurghadalovers.com\/cs\/tours\/soukrome-transfery-sahl-hasheesh-taxi\/#local-main-organization-logo"},"sameAs":["https:\/\/www.facebook.com\/Hurghadaloversegypt"],"address":{"@id":"https:\/\/hurghadalovers.com\/cs\/tours\/soukrome-transfery-sahl-hasheesh-taxi\/#local-main-place-address"},"telephone":["00201112596434"],"contactPoint":{"@type":"ContactPoint","telephone":"00201112596434","email":"weyouface@gmail.com"},"openingHoursSpecification":{"@type":"OpeningHoursSpecification","dayOfWeek":["Monday","Tuesday","Wednesday","Thursday","Friday","Saturday","Sunday"],"opens":"00:00","closes":"23:59"},"email":"weyouface@gmail.com","areaServed":"Luxor, Hurghada, El Gouna, Aswan, Sharm El Sheikh, Giza, Alexandria, Marsa Alam, Quseir, Soma Bay, Sahl Hasheesh, Red Sea, Makadi Bay, Cairo","priceRange":"$","currenciesAccepted":"euro","paymentAccepted":"cash on site"},{"@type":"PostalAddress","@id":"https:\/\/hurghadalovers.com\/cs\/tours\/soukrome-transfery-sahl-hasheesh-taxi\/#local-main-place-address","streetAddress":"17 Banks street, Alkawther area, top nbk bank","addressLocality":"hurghada","postalCode":"84511","addressRegion":"red sea","addressCountry":"EG"},{"@type":"ImageObject","inLanguage":"cs","@id":"https:\/\/hurghadalovers.com\/cs\/tours\/soukrome-transfery-sahl-hasheesh-taxi\/#local-main-organization-logo","url":"https:\/\/hurghadalovers.com\/wp-content\/uploads\/2019\/10\/hurghada-excursions-logo.png","contentUrl":"https:\/\/hurghadalovers.com\/wp-content\/uploads\/2019\/10\/hurghada-excursions-logo.png","width":272,"height":90,"caption":"Hurghada Excursions"}]},"product_brand":"V\u00fdlety do Kahira z Sahl Hasheesh","product_price_amount":"30","product_price_currency":"EUR","og_availability":"instock","product_availability":"instock","product_retailer_item_id":"Sahl072024","product_condition":"new","geo.placename":"hurghada","geo.region":"Egypt"},"_links":{"self":[{"href":"https:\/\/hurghadalovers.com\/cs\/wp-json\/wp\/v2\/product\/390473","targetHints":{"allow":["GET"]}}],"collection":[{"href":"https:\/\/hurghadalovers.com\/cs\/wp-json\/wp\/v2\/product"}],"about":[{"href":"https:\/\/hurghadalovers.com\/cs\/wp-json\/wp\/v2\/types\/product"}],"wp:featuredmedia":[{"embeddable":true,"href":"https:\/\/hurghadalovers.com\/cs\/wp-json\/wp\/v2\/media\/390322"}],"wp:attachment":[{"href":"https:\/\/hurghadalovers.com\/cs\/wp-json\/wp\/v2\/media?parent=390473"}],"wp:term":[{"taxonomy":"product_brand","embeddable":true,"href":"https:\/\/hurghadalovers.com\/cs\/wp-json\/wp\/v2\/product_brand?post=390473"},{"taxonomy":"product_cat","embeddable":true,"href":"https:\/\/hurghadalovers.com\/cs\/wp-json\/wp\/v2\/product_cat?post=390473"},{"taxonomy":"product_tag","embeddable":true,"href":"https:\/\/hurghadalovers.com\/cs\/wp-json\/wp\/v2\/product_tag?post=390473"}],"curies":[{"name":"wp","href":"https:\/\/api.w.org\/{rel}","templated":true}]}}