{"id":385531,"date":"2023-08-27T14:18:06","date_gmt":"2023-08-27T14:22:23","guid":{"rendered":"https:\/\/hurghadalovers.com\/shop\/nezarazene\/soukromy-vylet-super-jeep-safari-ze-zatoky-soma\/"},"modified":"2026-02-09T20:48:29","modified_gmt":"2026-02-09T20:48:29","slug":"soukromy-super-jeep-safari-vylet-z-soma-bay","status":"publish","type":"product","link":"https:\/\/hurghadalovers.com\/cs\/tours\/soukromy-super-jeep-safari-vylet-z-soma-bay\/","title":{"rendered":"Soukrom\u00fd v\u00fdlet Super Jeep Safari ze z\u00e1toky Soma"},"content":{"rendered":"<p><strong>Soukrom\u00fd v\u00fdlet Super Jeep Safari ze <\/strong><strong>z\u00e1toky Soma<\/strong> se \u010dty\u0159kolkou ATV, autem Spider Car a autem 4\u00d74 do bedu\u00ednsk\u00e9 vesnice s proj\u00ed\u017e\u010fkou na velbloudech a n\u00e1slednou BBQ ve\u010de\u0159\u00ed + tradi\u010dn\u00ed show.<\/p>\n<p style=\"text-align: center;\"><span style=\"color: #ff6600;\">Nejlep\u0161\u00ed aktivity v z\u00e1toce Soma pro <strong>rodiny s d\u011btmi<\/strong>, <strong>seniory<\/strong> a <strong>romantick\u00e9<\/strong> <strong>p\u00e1ry na l\u00edb\u00e1nk\u00e1ch<\/strong><\/span><\/p>\n<p>&nbsp;<\/p>\n<p><strong>Nejd\u016fle\u017eit\u011bj\u0161\u00ed informace:<\/strong><\/p>\n<ol>\n<li>Jeep 4\u00d74 Car.<\/li>\n<li>J\u00edzda na \u010dty\u0159kolce.<\/li>\n<li>Auto Spider.<\/li>\n<li>J\u00edzda na velbloudu.<\/li>\n<li>Bedu\u00ednsk\u00e1 vesnice.<\/li>\n<li>Ve\u010de\u0159e s grilov\u00e1n\u00edm.<\/li>\n<li>Orient\u00e1ln\u00ed v\u00fdstava.<\/li>\n<\/ol>\n<p><strong>Podrobnosti:<\/strong><\/p>\n<ul>\n<li>Dostupnost prohl\u00eddky: Ka\u017ed\u00fd den.<\/li>\n<li>Typ z\u00e1jezdu: Soukrom\u00fd.<\/li>\n<li>\u010cas vyzvednut\u00ed: Od 11:45..<\/li>\n<li>\u010cas vyzvednut\u00ed: 19:00.<\/li>\n<li>Doba trv\u00e1n\u00ed: Doba trv\u00e1n\u00ed: 7 hod.<\/li>\n<\/ul>\n<p><strong>Rezervujte nyn\u00ed a zapla\u0165te pozd\u011bji:<\/strong><\/p>\n<ul>\n<li>Hotovost na m\u00edst\u011b pro pr\u016fvodce.<\/li>\n<li>Platba egyptsk\u00fdmi librami, $, \u20ac nebo \u00a3.<\/li>\n<\/ul>\n<p><strong>Storno podm\u00ednky:<\/strong><\/p>\n<ul>\n<li>Zru\u0161it a\u017e 24 hodin p\u0159edem.<\/li>\n<li>Kdy\u017e n\u011bkdo z va\u0161\u00ed rodiny zru\u0161\u00ed dopoledne, zaplat\u00ed 50 % n\u00e1klad\u016f.<\/li>\n<\/ul>\n<p><strong>Co je v cen\u011b?<\/strong><\/p>\n<ul>\n<li>Transfer z hotel\u016f Soma bay &#8222;Hotel pick up and drop off&#8220;.<\/li>\n<li>V\u0161echny dan\u011b, vstupn\u00ed poplatky a manipula\u010dn\u00ed poplatky.<\/li>\n<li>P\u0159estupy.<\/li>\n<li>Pr\u016fvodce.<\/li>\n<li>P\u0159ilba.<\/li>\n<\/ul>\n<p><strong>V\u00fdjimky?<\/strong><\/p>\n<ul>\n<li>\u0160\u00e1tek<\/li>\n<li>Ochrann\u00e9 br\u00fdle<\/li>\n<li>Spropitn\u00e9.<\/li>\n<li>Fotografie na cestu.<\/li>\n<li>P\u0159\u00edplatky, kter\u00e9 nebyly zm\u00edn\u011bny.<\/li>\n<\/ul>\n<p><strong>Ceny:<\/strong><\/p>\n<ul>\n<li><strong>Cena pro dosp\u011bl\u00e9 = <\/strong><strong>55 USD za osobu<\/strong>.<\/li>\n<li>Cena pro d\u011bti &#8222;5-12&#8220; = 50%.<\/li>\n<li>pro d\u011bti &#8222;0-5&#8220; = zdarma.<\/li>\n<\/ul>\n<p><strong>Recenze:<\/strong><\/p>\n<p>pod\u00edvejte se na na\u0161e recenze na Google Map jako nejlep\u0161\u00ed <a href=\"https:\/\/g.page\/r\/CUeYvkngP3wkEBM\/review\">cestovn\u00ed kancel\u00e1\u0159 v Hurghad\u011b<\/a> online v <a href=\"https:\/\/hurghadalovers.com\/\">Hurghad\u011b<\/a> Egypt.<\/p>\n<p><strong>Rezervace:<\/strong><\/p>\n<p>Odeslat hotel + \u010d\u00edslo pokoje + foto pas\u016f na WhatsApp: <strong>+201112596434<\/strong><\/p>\n<p>Pokud jste z Egypta Rezervace nyn\u00ed on-line a potvrdit p\u0159i p\u0159\u00edjezdu Hotel.<\/p>\n<p>&nbsp;<\/p>\n<p>&nbsp;<\/p>\n","protected":false},"excerpt":{"rendered":"<p><strong>Soukrom\u00fd v\u00fdlet Super Jeep Safari ze <\/strong><strong>z\u00e1toky Soma<\/strong> se \u010dty\u0159kolkou ATV, autem Spider Car a autem 4\u00d74 do bedu\u00ednsk\u00e9 vesnice s proj\u00ed\u017e\u010fkou na velbloudech a n\u00e1slednou BBQ ve\u010de\u0159\u00ed + tradi\u010dn\u00ed show.<\/p>\n","protected":false},"featured_media":953148,"template":"","meta":{"_joinchat":[]},"product_brand":[],"product_cat":[29708],"product_tag":[56225,56216,56219,56375,56384,56442,49365,56346,56447,56418,56372,56381,56357,56213,56360,56366,56438,56222,56415,56378,56363,56344,56434],"class_list":{"0":"post-385531","1":"product","2":"type-product","3":"status-publish","4":"has-post-thumbnail","6":"product_cat-egypt-tours-cs","7":"product_tag-aktivity-pro-deti-v-zatoce-soma-bay","8":"product_tag-aktivity-pro-dvoulete-deti-ze-soma-bay","9":"product_tag-aktivity-pro-rodiny-v-zatoce-soma-bay","10":"product_tag-atv-soma-bay-cs","11":"product_tag-beduinska-vesnice-soma-bay","12":"product_tag-co-videt-v-zatoce-soma-bay","13":"product_tag-indoor-couples-activities-soma-bay","14":"product_tag-jednodenni-vylety-do-zatoky-soma-cs","15":"product_tag-jednodenni-vylety-ze-zatoky-soma-bay","16":"product_tag-jeep-safari-soma-bay-cs","17":"product_tag-jizda-na-ctyrkolkach-soma-bay","18":"product_tag-jizda-na-velbloudech-soma-bay","19":"product_tag-kryte-aktivity-pro-pary-soma-bay","20":"product_tag-levne-rodinne-dny-ze-soma-bay","21":"product_tag-poustni-safari-soma-bay","22":"product_tag-pozorovani-hvezd-soma-bay","23":"product_tag-prohlidka-zatoky-soma-s-buggy","24":"product_tag-prohlidky-pro-deti-v-zatoce-soma-bay","25":"product_tag-romanticke-aktivity-pro-pary-v-soma-bay","26":"product_tag-safari-tour-soma-bay-cs","27":"product_tag-soma-bay-buggy-safari-cs","28":"product_tag-soma-bay-co-delat","29":"product_tag-super-safari-soma-bay-cs","30":"tour_category-safari-from-soma-bay","31":"tour_category-soma-bay-tours-cs","33":"first","34":"instock","35":"sale","36":"shipping-taxable","37":"purchasable","38":"product-type-tour"},"yoast_head":"<!-- This site is optimized with the Yoast SEO Premium plugin v26.9 (Yoast SEO v27.2) - https:\/\/yoast.com\/product\/yoast-seo-premium-wordpress\/ -->\n<title>Soukrom\u00fd v\u00fdlet super d\u017e\u00edpem ze z\u00e1toky Soma se \u010dty\u0159kolkou<\/title>\n<meta name=\"description\" content=\"Soukrom\u00fd v\u00fdlet Super Jeep Safari ze z\u00e1toky Soma s ATV Quad Bike, Spider Car a 4\u00d74 Car do bedu\u00ednsk\u00e9 vesnice s proj\u00ed\u017e\u010fkou na velbloudech a n\u00e1slednou BBQ ve\u010de\u0159\u00ed + show.\" \/>\n<meta name=\"robots\" content=\"index, follow, max-snippet:-1, max-image-preview:large, max-video-preview:-1\" \/>\n<link rel=\"canonical\" href=\"https:\/\/hurghadalovers.com\/cs\/tours\/soukromy-super-jeep-safari-vylet-z-soma-bay\/\" \/>\n<meta property=\"og:locale\" content=\"cs_CZ\" \/>\n<meta property=\"og:type\" content=\"article\" \/>\n<meta property=\"og:title\" content=\"Soukrom\u00fd v\u00fdlet Super Jeep Safari ze z\u00e1toky Soma\" \/>\n<meta property=\"og:description\" content=\"Soukrom\u00fd v\u00fdlet Super Jeep Safari ze z\u00e1toky Soma s ATV Quad Bike, Spider Car a 4\u00d74 Car do bedu\u00ednsk\u00e9 vesnice s proj\u00ed\u017e\u010fkou na velbloudech a n\u00e1slednou BBQ ve\u010de\u0159\u00ed + show.\" \/>\n<meta property=\"og:url\" content=\"https:\/\/hurghadalovers.com\/cs\/tours\/soukromy-super-jeep-safari-vylet-z-soma-bay\/\" \/>\n<meta property=\"og:site_name\" content=\"Hurghada Excursions &amp; Day Trips | Booking Best Prices Tours\" \/>\n<meta property=\"article:publisher\" content=\"https:\/\/www.facebook.com\/Hurghadaloversegypt\" \/>\n<meta property=\"article:modified_time\" content=\"2026-02-09T20:48:29+00:00\" \/>\n<meta property=\"og:image\" content=\"https:\/\/hurghadalovers.com\/wp-content\/uploads\/2023\/09\/EL-Gouna-Safari-Sahara-Jeep-Tour-2025.jpeg\" \/>\n\t<meta property=\"og:image:width\" content=\"1156\" \/>\n\t<meta property=\"og:image:height\" content=\"521\" \/>\n\t<meta property=\"og:image:type\" content=\"image\/jpeg\" \/>\n<meta name=\"twitter:card\" content=\"summary_large_image\" \/>\n<meta name=\"twitter:label1\" content=\"Cena\" \/>\n\t<meta name=\"twitter:data1\" content=\"&euro;&nbsp;160\" \/>\n\t<meta name=\"twitter:label2\" content=\"Dostupnost\" \/>\n\t<meta name=\"twitter:data2\" content=\"Skladem\" \/>\n<script type=\"application\/ld+json\" class=\"yoast-schema-graph\">{\"@context\":\"https:\/\/schema.org\",\"@graph\":[{\"@type\":[\"WebPage\",\"ItemPage\"],\"@id\":\"https:\/\/hurghadalovers.com\/cs\/tours\/soukromy-super-jeep-safari-vylet-z-soma-bay\/\",\"url\":\"https:\/\/hurghadalovers.com\/cs\/tours\/soukromy-super-jeep-safari-vylet-z-soma-bay\/\",\"name\":\"Soukrom\u00fd v\u00fdlet super d\u017e\u00edpem ze z\u00e1toky Soma se \u010dty\u0159kolkou\",\"isPartOf\":{\"@id\":\"https:\/\/hurghadalovers.com\/cs\/#website\"},\"primaryImageOfPage\":{\"@id\":\"https:\/\/hurghadalovers.com\/cs\/tours\/soukromy-super-jeep-safari-vylet-z-soma-bay\/#primaryimage\"},\"image\":{\"@id\":\"https:\/\/hurghadalovers.com\/cs\/tours\/soukromy-super-jeep-safari-vylet-z-soma-bay\/#primaryimage\"},\"thumbnailUrl\":\"https:\/\/hurghadalovers.com\/wp-content\/uploads\/2023\/09\/EL-Gouna-Safari-Sahara-Jeep-Tour-2025.jpeg\",\"datePublished\":\"2023-08-27T14:22:23+00:00\",\"dateModified\":\"2026-02-09T20:48:29+00:00\",\"description\":\"Soukrom\u00fd v\u00fdlet Super Jeep Safari ze z\u00e1toky Soma s ATV Quad Bike, Spider Car a 4\u00d74 Car do bedu\u00ednsk\u00e9 vesnice s proj\u00ed\u017e\u010fkou na velbloudech a n\u00e1slednou BBQ ve\u010de\u0159\u00ed + show.\",\"breadcrumb\":{\"@id\":\"https:\/\/hurghadalovers.com\/cs\/tours\/soukromy-super-jeep-safari-vylet-z-soma-bay\/#breadcrumb\"},\"inLanguage\":\"cs\",\"potentialAction\":[{\"@type\":\"ReadAction\",\"target\":[\"https:\/\/hurghadalovers.com\/cs\/tours\/soukromy-super-jeep-safari-vylet-z-soma-bay\/\"]}]},{\"@type\":\"ImageObject\",\"inLanguage\":\"cs\",\"@id\":\"https:\/\/hurghadalovers.com\/cs\/tours\/soukromy-super-jeep-safari-vylet-z-soma-bay\/#primaryimage\",\"url\":\"https:\/\/hurghadalovers.com\/wp-content\/uploads\/2023\/09\/EL-Gouna-Safari-Sahara-Jeep-Tour-2025.jpeg\",\"contentUrl\":\"https:\/\/hurghadalovers.com\/wp-content\/uploads\/2023\/09\/EL-Gouna-Safari-Sahara-Jeep-Tour-2025.jpeg\",\"width\":1156,\"height\":521,\"caption\":\"EL Gouna Safari Sahara Jeep Tour 2025\"},{\"@type\":\"BreadcrumbList\",\"@id\":\"https:\/\/hurghadalovers.com\/cs\/tours\/soukromy-super-jeep-safari-vylet-z-soma-bay\/#breadcrumb\",\"itemListElement\":[{\"@type\":\"ListItem\",\"position\":1,\"name\":\"Home\",\"item\":\"https:\/\/hurghadalovers.com\/cs\/\"},{\"@type\":\"ListItem\",\"position\":2,\"name\":\"Shop\",\"item\":\"https:\/\/hurghadalovers.com\/shop\/\"},{\"@type\":\"ListItem\",\"position\":3,\"name\":\"Soukrom\u00fd v\u00fdlet Super Jeep Safari ze z\u00e1toky Soma\"}]},{\"@type\":\"WebSite\",\"@id\":\"https:\/\/hurghadalovers.com\/cs\/#website\",\"url\":\"https:\/\/hurghadalovers.com\/cs\/\",\"name\":\"Hurghada Excursions & Day Trips | Booking Best Prices Tours\",\"description\":\"Hurghada Lovers - Best Tour Operator - Excursions &amp; Things to do for Family Day Trips with kids and Couples Romantic. Unique .Hidden gems\",\"publisher\":{\"@id\":\"https:\/\/hurghadalovers.com\/cs\/#organization\"},\"alternateName\":\"Hurghada Excursions\",\"potentialAction\":[{\"@type\":\"SearchAction\",\"target\":{\"@type\":\"EntryPoint\",\"urlTemplate\":\"https:\/\/hurghadalovers.com\/cs\/?s={search_term_string}\"},\"query-input\":{\"@type\":\"PropertyValueSpecification\",\"valueRequired\":true,\"valueName\":\"search_term_string\"}}],\"inLanguage\":\"cs\"},{\"@type\":[\"Organization\",\"Place\",\"TravelAgency\"],\"@id\":\"https:\/\/hurghadalovers.com\/cs\/#organization\",\"name\":\"Hurghada Excursions\",\"url\":\"https:\/\/hurghadalovers.com\/cs\/\",\"logo\":{\"@id\":\"https:\/\/hurghadalovers.com\/cs\/tours\/soukromy-super-jeep-safari-vylet-z-soma-bay\/#local-main-organization-logo\"},\"image\":{\"@id\":\"https:\/\/hurghadalovers.com\/cs\/tours\/soukromy-super-jeep-safari-vylet-z-soma-bay\/#local-main-organization-logo\"},\"sameAs\":[\"https:\/\/www.facebook.com\/Hurghadaloversegypt\"],\"address\":{\"@id\":\"https:\/\/hurghadalovers.com\/cs\/tours\/soukromy-super-jeep-safari-vylet-z-soma-bay\/#local-main-place-address\"},\"telephone\":[\"00201112596434\"],\"contactPoint\":{\"@type\":\"ContactPoint\",\"telephone\":\"00201112596434\",\"email\":\"weyouface@gmail.com\"},\"openingHoursSpecification\":{\"@type\":\"OpeningHoursSpecification\",\"dayOfWeek\":[\"Monday\",\"Tuesday\",\"Wednesday\",\"Thursday\",\"Friday\",\"Saturday\",\"Sunday\"],\"opens\":\"00:00\",\"closes\":\"23:59\"},\"email\":\"weyouface@gmail.com\",\"areaServed\":\"Luxor, Hurghada, El Gouna, Aswan, Sharm El Sheikh, Giza, Alexandria, Marsa Alam, Quseir, Soma Bay, Sahl Hasheesh, Red Sea, Makadi Bay, Cairo\",\"priceRange\":\"$\",\"currenciesAccepted\":\"euro\",\"paymentAccepted\":\"cash on site\"},{\"@type\":\"PostalAddress\",\"@id\":\"https:\/\/hurghadalovers.com\/cs\/tours\/soukromy-super-jeep-safari-vylet-z-soma-bay\/#local-main-place-address\",\"streetAddress\":\"17 Banks street, Alkawther area, top nbk bank\",\"addressLocality\":\"hurghada\",\"postalCode\":\"84511\",\"addressRegion\":\"red sea\",\"addressCountry\":\"EG\"},{\"@type\":\"ImageObject\",\"inLanguage\":\"cs\",\"@id\":\"https:\/\/hurghadalovers.com\/cs\/tours\/soukromy-super-jeep-safari-vylet-z-soma-bay\/#local-main-organization-logo\",\"url\":\"https:\/\/hurghadalovers.com\/wp-content\/uploads\/2019\/10\/hurghada-excursions-logo.png\",\"contentUrl\":\"https:\/\/hurghadalovers.com\/wp-content\/uploads\/2019\/10\/hurghada-excursions-logo.png\",\"width\":272,\"height\":90,\"caption\":\"Hurghada Excursions\"}]}<\/script>\n<meta property=\"product:brand\" content=\"Pou\u0161tn\u00ed safari v Soma bay\" \/>\n<meta property=\"product:price:amount\" content=\"160\" \/>\n<meta property=\"product:price:currency\" content=\"EUR\" \/>\n<meta property=\"og:availability\" content=\"instock\" \/>\n<meta property=\"product:availability\" content=\"instock\" \/>\n<meta property=\"product:retailer_item_id\" content=\"SafariSomabay062024\" \/>\n<meta property=\"product:condition\" content=\"new\" \/>\n<meta name=\"geo.placename\" content=\"hurghada\" \/>\n<meta name=\"geo.region\" content=\"Egypt\" \/>\n<!-- \/ Yoast SEO Premium plugin. -->","yoast_head_json":{"title":"Soukrom\u00fd v\u00fdlet super d\u017e\u00edpem ze z\u00e1toky Soma se \u010dty\u0159kolkou","description":"Soukrom\u00fd v\u00fdlet Super Jeep Safari ze z\u00e1toky Soma s ATV Quad Bike, Spider Car a 4\u00d74 Car do bedu\u00ednsk\u00e9 vesnice s proj\u00ed\u017e\u010fkou na velbloudech a n\u00e1slednou BBQ ve\u010de\u0159\u00ed + show.","robots":{"index":"index","follow":"follow","max-snippet":"max-snippet:-1","max-image-preview":"max-image-preview:large","max-video-preview":"max-video-preview:-1"},"canonical":"https:\/\/hurghadalovers.com\/cs\/tours\/soukromy-super-jeep-safari-vylet-z-soma-bay\/","og_locale":"cs_CZ","og_type":"article","og_title":"Soukrom\u00fd v\u00fdlet Super Jeep Safari ze z\u00e1toky Soma","og_description":"Soukrom\u00fd v\u00fdlet Super Jeep Safari ze z\u00e1toky Soma s ATV Quad Bike, Spider Car a 4\u00d74 Car do bedu\u00ednsk\u00e9 vesnice s proj\u00ed\u017e\u010fkou na velbloudech a n\u00e1slednou BBQ ve\u010de\u0159\u00ed + show.","og_url":"https:\/\/hurghadalovers.com\/cs\/tours\/soukromy-super-jeep-safari-vylet-z-soma-bay\/","og_site_name":"Hurghada Excursions &amp; Day Trips | Booking Best Prices Tours","article_publisher":"https:\/\/www.facebook.com\/Hurghadaloversegypt","article_modified_time":"2026-02-09T20:48:29+00:00","og_image":[{"width":1156,"height":521,"url":"https:\/\/hurghadalovers.com\/wp-content\/uploads\/2023\/09\/EL-Gouna-Safari-Sahara-Jeep-Tour-2025.jpeg","type":"image\/jpeg"}],"twitter_card":"summary_large_image","twitter_misc":{"Cena":"&euro;&nbsp;160","Dostupnost":"Skladem"},"schema":{"@context":"https:\/\/schema.org","@graph":[{"@type":["WebPage","ItemPage"],"@id":"https:\/\/hurghadalovers.com\/cs\/tours\/soukromy-super-jeep-safari-vylet-z-soma-bay\/","url":"https:\/\/hurghadalovers.com\/cs\/tours\/soukromy-super-jeep-safari-vylet-z-soma-bay\/","name":"Soukrom\u00fd v\u00fdlet super d\u017e\u00edpem ze z\u00e1toky Soma se \u010dty\u0159kolkou","isPartOf":{"@id":"https:\/\/hurghadalovers.com\/cs\/#website"},"primaryImageOfPage":{"@id":"https:\/\/hurghadalovers.com\/cs\/tours\/soukromy-super-jeep-safari-vylet-z-soma-bay\/#primaryimage"},"image":{"@id":"https:\/\/hurghadalovers.com\/cs\/tours\/soukromy-super-jeep-safari-vylet-z-soma-bay\/#primaryimage"},"thumbnailUrl":"https:\/\/hurghadalovers.com\/wp-content\/uploads\/2023\/09\/EL-Gouna-Safari-Sahara-Jeep-Tour-2025.jpeg","datePublished":"2023-08-27T14:22:23+00:00","dateModified":"2026-02-09T20:48:29+00:00","description":"Soukrom\u00fd v\u00fdlet Super Jeep Safari ze z\u00e1toky Soma s ATV Quad Bike, Spider Car a 4\u00d74 Car do bedu\u00ednsk\u00e9 vesnice s proj\u00ed\u017e\u010fkou na velbloudech a n\u00e1slednou BBQ ve\u010de\u0159\u00ed + show.","breadcrumb":{"@id":"https:\/\/hurghadalovers.com\/cs\/tours\/soukromy-super-jeep-safari-vylet-z-soma-bay\/#breadcrumb"},"inLanguage":"cs","potentialAction":[{"@type":"ReadAction","target":["https:\/\/hurghadalovers.com\/cs\/tours\/soukromy-super-jeep-safari-vylet-z-soma-bay\/"]}]},{"@type":"ImageObject","inLanguage":"cs","@id":"https:\/\/hurghadalovers.com\/cs\/tours\/soukromy-super-jeep-safari-vylet-z-soma-bay\/#primaryimage","url":"https:\/\/hurghadalovers.com\/wp-content\/uploads\/2023\/09\/EL-Gouna-Safari-Sahara-Jeep-Tour-2025.jpeg","contentUrl":"https:\/\/hurghadalovers.com\/wp-content\/uploads\/2023\/09\/EL-Gouna-Safari-Sahara-Jeep-Tour-2025.jpeg","width":1156,"height":521,"caption":"EL Gouna Safari Sahara Jeep Tour 2025"},{"@type":"BreadcrumbList","@id":"https:\/\/hurghadalovers.com\/cs\/tours\/soukromy-super-jeep-safari-vylet-z-soma-bay\/#breadcrumb","itemListElement":[{"@type":"ListItem","position":1,"name":"Home","item":"https:\/\/hurghadalovers.com\/cs\/"},{"@type":"ListItem","position":2,"name":"Shop","item":"https:\/\/hurghadalovers.com\/shop\/"},{"@type":"ListItem","position":3,"name":"Soukrom\u00fd v\u00fdlet Super Jeep Safari ze z\u00e1toky Soma"}]},{"@type":"WebSite","@id":"https:\/\/hurghadalovers.com\/cs\/#website","url":"https:\/\/hurghadalovers.com\/cs\/","name":"Hurghada Excursions & Day Trips | Booking Best Prices Tours","description":"Hurghada Lovers - Best Tour Operator - Excursions &amp; Things to do for Family Day Trips with kids and Couples Romantic. Unique .Hidden gems","publisher":{"@id":"https:\/\/hurghadalovers.com\/cs\/#organization"},"alternateName":"Hurghada Excursions","potentialAction":[{"@type":"SearchAction","target":{"@type":"EntryPoint","urlTemplate":"https:\/\/hurghadalovers.com\/cs\/?s={search_term_string}"},"query-input":{"@type":"PropertyValueSpecification","valueRequired":true,"valueName":"search_term_string"}}],"inLanguage":"cs"},{"@type":["Organization","Place","TravelAgency"],"@id":"https:\/\/hurghadalovers.com\/cs\/#organization","name":"Hurghada Excursions","url":"https:\/\/hurghadalovers.com\/cs\/","logo":{"@id":"https:\/\/hurghadalovers.com\/cs\/tours\/soukromy-super-jeep-safari-vylet-z-soma-bay\/#local-main-organization-logo"},"image":{"@id":"https:\/\/hurghadalovers.com\/cs\/tours\/soukromy-super-jeep-safari-vylet-z-soma-bay\/#local-main-organization-logo"},"sameAs":["https:\/\/www.facebook.com\/Hurghadaloversegypt"],"address":{"@id":"https:\/\/hurghadalovers.com\/cs\/tours\/soukromy-super-jeep-safari-vylet-z-soma-bay\/#local-main-place-address"},"telephone":["00201112596434"],"contactPoint":{"@type":"ContactPoint","telephone":"00201112596434","email":"weyouface@gmail.com"},"openingHoursSpecification":{"@type":"OpeningHoursSpecification","dayOfWeek":["Monday","Tuesday","Wednesday","Thursday","Friday","Saturday","Sunday"],"opens":"00:00","closes":"23:59"},"email":"weyouface@gmail.com","areaServed":"Luxor, Hurghada, El Gouna, Aswan, Sharm El Sheikh, Giza, Alexandria, Marsa Alam, Quseir, Soma Bay, Sahl Hasheesh, Red Sea, Makadi Bay, Cairo","priceRange":"$","currenciesAccepted":"euro","paymentAccepted":"cash on site"},{"@type":"PostalAddress","@id":"https:\/\/hurghadalovers.com\/cs\/tours\/soukromy-super-jeep-safari-vylet-z-soma-bay\/#local-main-place-address","streetAddress":"17 Banks street, Alkawther area, top nbk bank","addressLocality":"hurghada","postalCode":"84511","addressRegion":"red sea","addressCountry":"EG"},{"@type":"ImageObject","inLanguage":"cs","@id":"https:\/\/hurghadalovers.com\/cs\/tours\/soukromy-super-jeep-safari-vylet-z-soma-bay\/#local-main-organization-logo","url":"https:\/\/hurghadalovers.com\/wp-content\/uploads\/2019\/10\/hurghada-excursions-logo.png","contentUrl":"https:\/\/hurghadalovers.com\/wp-content\/uploads\/2019\/10\/hurghada-excursions-logo.png","width":272,"height":90,"caption":"Hurghada Excursions"}]},"product_brand":"Pou\u0161tn\u00ed safari v Soma bay","product_price_amount":"160","product_price_currency":"EUR","og_availability":"instock","product_availability":"instock","product_retailer_item_id":"SafariSomabay062024","product_condition":"new","geo.placename":"hurghada","geo.region":"Egypt"},"_links":{"self":[{"href":"https:\/\/hurghadalovers.com\/cs\/wp-json\/wp\/v2\/product\/385531","targetHints":{"allow":["GET"]}}],"collection":[{"href":"https:\/\/hurghadalovers.com\/cs\/wp-json\/wp\/v2\/product"}],"about":[{"href":"https:\/\/hurghadalovers.com\/cs\/wp-json\/wp\/v2\/types\/product"}],"wp:featuredmedia":[{"embeddable":true,"href":"https:\/\/hurghadalovers.com\/cs\/wp-json\/wp\/v2\/media\/953148"}],"wp:attachment":[{"href":"https:\/\/hurghadalovers.com\/cs\/wp-json\/wp\/v2\/media?parent=385531"}],"wp:term":[{"taxonomy":"product_brand","embeddable":true,"href":"https:\/\/hurghadalovers.com\/cs\/wp-json\/wp\/v2\/product_brand?post=385531"},{"taxonomy":"product_cat","embeddable":true,"href":"https:\/\/hurghadalovers.com\/cs\/wp-json\/wp\/v2\/product_cat?post=385531"},{"taxonomy":"product_tag","embeddable":true,"href":"https:\/\/hurghadalovers.com\/cs\/wp-json\/wp\/v2\/product_tag?post=385531"}],"curies":[{"name":"wp","href":"https:\/\/api.w.org\/{rel}","templated":true}]}}