{"id":384144,"date":"2023-08-26T20:21:41","date_gmt":"2023-08-26T20:21:41","guid":{"rendered":"https:\/\/hurghadalovers.com\/shop\/nezarazene\/soma-bay-soukromy-dvoudenni-vylet-do-luxoru-s-letem-horkovzdusnym-balonem\/"},"modified":"2026-02-09T05:55:23","modified_gmt":"2026-02-09T05:55:23","slug":"soma-zatoka-soukromy-luxusnebo-dvoudenni-vylet-s-horkym-vzduchem-balonem-jizda","status":"publish","type":"product","link":"https:\/\/hurghadalovers.com\/cs\/tours\/soma-zatoka-soukromy-luxusnebo-dvoudenni-vylet-s-horkym-vzduchem-balonem-jizda\/","title":{"rendered":"Soma bay Soukrom\u00fd dvoudenn\u00ed v\u00fdlet do Luxoru s letem horkovzdu\u0161n\u00fdm bal\u00f3nem"},"content":{"rendered":"<p><strong>Soukrom\u00fd dvoudenn\u00ed v\u00fdlet do Luxoru<\/strong> s letem horkovzdu\u0161n\u00fdm balonem ze z\u00e1toky Soma se soukrom\u00fdm pr\u016fvodcem, vstupenkami a ob\u011bdem.<\/p>\n<p>Objevte faraonsk\u00e9 pam\u00e1tky ve m\u011bst\u011b Luxor z v\u00fd\u0161ky p\u0159i j\u00edzd\u011b <strong>horkovzdu\u0161n\u00fdm balonem<\/strong> za v\u00fdchodu slunce a poznejte nov\u00e1 tajemstv\u00ed \u017eivota faraonsk\u00fdch kr\u00e1l\u016f a tajemstv\u00ed <strong>kr\u00e1le Tutanchamona<\/strong> a dal\u0161\u00ed zaj\u00edmavosti b\u011bhem speci\u00e1ln\u00ed dvoudenn\u00ed prohl\u00eddky.<\/p>\n<p><strong>Nejd\u016fle\u017eit\u011bj\u0161\u00ed informace:<\/strong><\/p>\n<ol>\n<li>Chr\u00e1m v Karnaku.<\/li>\n<li>Luxorsk\u00fd chr\u00e1m.<\/li>\n<li>Jedna noc v hotelu.<\/li>\n<li>J\u00edzda horkovzdu\u0161n\u00fdm bal\u00f3nem.<\/li>\n<li>Memnonovy kolosy.<\/li>\n<li>Hat\u0161epsutin chr\u00e1m.<\/li>\n<li>3 hrobky v \u00dadol\u00ed kr\u00e1l\u016f.<\/li>\n<li>Ob\u011bd v restauraci &#8222;Vegetarians Food is available&#8220;.<\/li>\n<\/ol>\n<p><strong>Soukrom\u00fd dvoudenn\u00ed v\u00fdlet do Luxoru Podrobnosti:<\/strong><\/p>\n<ul>\n<li>Dostupnost prohl\u00eddky: Ka\u017ed\u00fd den.<\/li>\n<li>Typ z\u00e1jezdu: Soukrom\u00e1 j\u00edzda autem nebo minivanem.<\/li>\n<li>\u010cas vyzvednut\u00ed: Od 05:00 hodin.<\/li>\n<li>\u017d\u00e1dost o hotel Z\u00edskejte sn\u00edda\u0148ovou ta\u0161ku s v\u00e1mi R\u00e1no.<\/li>\n<li>\u010cas vyzvednut\u00ed: 19:00.<\/li>\n<li>Bezbari\u00e9rov\u00fd p\u0159\u00edstup.<\/li>\n<li>Doba trv\u00e1n\u00ed: 2 dny \/ 1 noc.<\/li>\n<\/ul>\n<p><strong>Rezervujte nyn\u00ed a zapla\u0165te pozd\u011bji:<\/strong><\/p>\n<ul>\n<li>Hotovost na m\u00edst\u011b pro pr\u016fvodce.<\/li>\n<li>Platba egyptsk\u00fdmi librami, $, \u20ac nebo \u00a3.<\/li>\n<\/ul>\n<p><strong>Storno podm\u00ednky:<\/strong><\/p>\n<ul>\n<li>Zru\u0161it a\u017e 24 hodin p\u0159edem.<\/li>\n<li>Kdy\u017e n\u011bkdo z va\u0161\u00ed rodiny zru\u0161\u00ed dopoledne, zaplat\u00ed 50 % n\u00e1klad\u016f.<\/li>\n<\/ul>\n<p><strong>Co je v cen\u011b?<\/strong><\/p>\n<ul>\n<li>Transfer z hotel\u016f Soma bay &#8222;Hotel pick up and drop off&#8220;.<\/li>\n<li>V\u0161echny dan\u011b, vstupn\u00ed poplatky a manipula\u010dn\u00ed poplatky.<\/li>\n<li>P\u0159estupy.<\/li>\n<li>J\u00edzda horkovzdu\u0161n\u00fdm bal\u00f3nem.<\/li>\n<li>Pr\u016fvodce.<\/li>\n<li>Jedna noc v hotelu se sn\u00eddan\u00ed.<\/li>\n<li>N\u00e1poje.<\/li>\n<li>2 Ob\u011bd v restauraci.<\/li>\n<\/ul>\n<p><strong>V\u00fdjimky?<\/strong><\/p>\n<ul>\n<li>Spropitn\u00e9.<\/li>\n<li>V\u00fdlet na Felucce &#8222;Plavba lod\u00ed&#8220; Za 35 min= 10$.<\/li>\n<li>P\u0159\u00edplatky, kter\u00e9 nebyly zm\u00edn\u011bny.<\/li>\n<\/ul>\n<p><strong> <\/strong><\/p>\n<p><strong>m\u016f\u017eete p\u0159idat v prvn\u00ed den nebo m\u016f\u017eete relaxovat v hotelu:<\/strong><\/p>\n<ul>\n<li>Soukrom\u00e1 30minutov\u00e1 plavba felukou po Nilu.<\/li>\n<li>Muzeum mumifikace.<\/li>\n<\/ul>\n<p><strong>m\u016f\u017eete p\u0159idat druh\u00fd den:<\/strong><\/p>\n<ul>\n<li>Kr\u00e1lovna Nefertiti v \u00dadol\u00ed kr\u00e1loven.<\/li>\n<li>Nakupov\u00e1n\u00ed.<\/li>\n<\/ul>\n<p><strong> <\/strong><\/p>\n<p><strong>Ceny:<\/strong><\/p>\n<ul>\n<li><strong>Cena pro dosp\u011bl\u00e9 = od<\/strong><strong>290 USD za osobu<\/strong>.<\/li>\n<li>Cena pro d\u011bti &#8222;5-12&#8220; = 50%.<\/li>\n<li>pro d\u011bti &#8222;0-5&#8220; = zdarma.<\/li>\n<\/ul>\n<p><strong>V\u00edce informac\u00ed o prohl\u00eddce na str\u00e1nce <a href=\"https:\/\/hurghadalovers.com\/tours\/private-two-day-trip-to-luxor-from-hurghada\/\">Soukrom\u00e1 no\u010dn\u00ed prohl\u00eddka Luxoru<\/a>.<\/strong><\/p>\n<p><strong> <\/strong><\/p>\n<p><strong>Recenze Soukrom\u00fd dvoudenn\u00ed v\u00fdlet do Luxoru:<\/strong><\/p>\n<p>pod\u00edvejte se na na\u0161e recenze na Google Map jako nejlep\u0161\u00ed <a href=\"https:\/\/g.page\/r\/CUeYvkngP3wkEBM\/review\">cestovn\u00ed kancel\u00e1\u0159 v Hurghad\u011b<\/a> online v <a href=\"https:\/\/hurghadalovers.com\/\">Hurghad\u011b<\/a> Egypt.<\/p>\n<p>&nbsp;<\/p>\n<p><strong>Rezervace:<\/strong><\/p>\n<p>Odeslat hotel + \u010d\u00edslo pokoje + foto pas\u016f na WhatsApp: <strong>+201112596434<\/strong><\/p>\n<p>Pokud jste z Egypta Rezervace nyn\u00ed on-line a potvrdit p\u0159i p\u0159\u00edjezdu Hotel.<\/p>\n<p>&nbsp;<\/p>\n<p>&nbsp;<\/p>\n","protected":false},"excerpt":{"rendered":"<p>Soukrom\u00fd dvoudenn\u00ed v\u00fdlet do Luxoru s letem horkovzdu\u0161n\u00fdm balonem ze z\u00e1toky Soma se soukrom\u00fdm pr\u016fvodcem, vstupenkami a ob\u011bdem. tajemstv\u00ed kr\u00e1le Tutanchamona a dal\u0161\u00ed&#8230;<\/p>\n","protected":false},"featured_media":384065,"template":"","meta":{"_joinchat":[]},"product_brand":[],"product_cat":[29708],"product_tag":[56225,56296,56284,56412,56442,56313,56447,56410,56301,56406,56408,56354,56422,56292,56310,52003,56307,56288,56299,56304],"class_list":{"0":"post-384144","1":"product","2":"type-product","3":"status-publish","4":"has-post-thumbnail","6":"product_cat-egypt-tours-cs","7":"product_tag-aktivity-pro-deti-v-zatoce-soma-bay","8":"product_tag-celodenni-prohlidka-luxoru-ze-zatoky-soma-bay","9":"product_tag-celodenni-vylet-ze-zatoky-soma-do-luxoru","10":"product_tag-celodenni-vylety-ze-zatoky-soma","11":"product_tag-co-videt-v-zatoce-soma-bay","12":"product_tag-horkovzdusny-balon-soma-bay","13":"product_tag-jednodenni-vylety-ze-zatoky-soma-bay","14":"product_tag-mista-k-navsteve-v-soma-bay","15":"product_tag-prohlidka-luxoru-ze-zatoky-soma-bay","16":"product_tag-rodinne-aktivity-ze-zatoky-soma-bay","17":"product_tag-rodinne-dny-ze-soma-bay","18":"product_tag-romanticke-aktivity-v-soma-bay-cs","19":"product_tag-romanticke-vylety-v-zatoce-soma","20":"product_tag-soma-bay-do-luxoru-autobus","21":"product_tag-soukroma-prohlidka-luxoru-ze-soma-bay","22":"product_tag-soukrome-prohlidky-luxoru","23":"product_tag-transfer-z-luxor-do-soma-bay-cs","24":"product_tag-vylet-do-luxoru-ze-zatoky-soma-bay","25":"product_tag-zajezdy-do-zatoky-soma-do-luxoru","26":"product_tag-zatoka-soma-do-udoli-kralu","27":"tour_category-luxor-from-soma-bay-cs","28":"tour_category-soma-bay-tours-cs","30":"first","31":"instock","32":"sale","33":"shipping-taxable","34":"purchasable","35":"product-type-tour"},"yoast_head":"<!-- This site is optimized with the Yoast SEO Premium plugin v26.9 (Yoast SEO v27.2) - https:\/\/yoast.com\/product\/yoast-seo-premium-wordpress\/ -->\n<title>Soma bay Soukrom\u00fd dvoudenn\u00ed v\u00fdlet do Luxoru s letem horkovzdu\u0161n\u00fdm bal\u00f3nem<\/title>\n<meta name=\"description\" content=\"Soukrom\u00fd dvoudenn\u00ed v\u00fdlet do Luxoru s letem horkovzdu\u0161n\u00fdm balonem ze z\u00e1toky Soma se soukrom\u00fdm pr\u016fvodcem, vstupenkami a ob\u011bdem. tajemstv\u00ed kr\u00e1le Tutanchamona a dal\u0161\u00ed\" \/>\n<meta name=\"robots\" content=\"index, follow, max-snippet:-1, max-image-preview:large, max-video-preview:-1\" \/>\n<link rel=\"canonical\" href=\"https:\/\/hurghadalovers.com\/cs\/tours\/soma-zatoka-soukromy-luxusnebo-dvoudenni-vylet-s-horkym-vzduchem-balonem-jizda\/\" \/>\n<meta property=\"og:locale\" content=\"cs_CZ\" \/>\n<meta property=\"og:type\" content=\"article\" \/>\n<meta property=\"og:title\" content=\"Soma bay Soukrom\u00fd dvoudenn\u00ed v\u00fdlet do Luxoru s letem horkovzdu\u0161n\u00fdm bal\u00f3nem\" \/>\n<meta property=\"og:description\" content=\"Soukrom\u00fd dvoudenn\u00ed v\u00fdlet do Luxoru s letem horkovzdu\u0161n\u00fdm balonem ze z\u00e1toky Soma se soukrom\u00fdm pr\u016fvodcem, vstupenkami a ob\u011bdem. tajemstv\u00ed kr\u00e1le Tutanchamona a dal\u0161\u00ed\" \/>\n<meta property=\"og:url\" content=\"https:\/\/hurghadalovers.com\/cs\/tours\/soma-zatoka-soukromy-luxusnebo-dvoudenni-vylet-s-horkym-vzduchem-balonem-jizda\/\" \/>\n<meta property=\"og:site_name\" content=\"Hurghada Excursions &amp; Day Trips | Booking Best Prices Tours\" \/>\n<meta property=\"article:publisher\" content=\"https:\/\/www.facebook.com\/Hurghadaloversegypt\" \/>\n<meta property=\"article:modified_time\" content=\"2026-02-09T05:55:23+00:00\" \/>\n<meta property=\"og:image\" content=\"https:\/\/hurghadalovers.com\/wp-content\/uploads\/2023\/08\/Soma-bay-Private-Luxor-Two-Days-Trip-with-Hot-Air-Balloon-Ride.jpeg\" \/>\n\t<meta property=\"og:image:width\" content=\"1536\" \/>\n\t<meta property=\"og:image:height\" content=\"830\" \/>\n\t<meta property=\"og:image:type\" content=\"image\/jpeg\" \/>\n<meta name=\"twitter:card\" content=\"summary_large_image\" \/>\n<meta name=\"twitter:label1\" content=\"Cena\" \/>\n\t<meta name=\"twitter:data1\" content=\"&euro;&nbsp;390\" \/>\n\t<meta name=\"twitter:label2\" content=\"Dostupnost\" \/>\n\t<meta name=\"twitter:data2\" content=\"Skladem\" \/>\n<script type=\"application\/ld+json\" class=\"yoast-schema-graph\">{\"@context\":\"https:\/\/schema.org\",\"@graph\":[{\"@type\":[\"WebPage\",\"ItemPage\"],\"@id\":\"https:\/\/hurghadalovers.com\/cs\/tours\/soma-zatoka-soukromy-luxusnebo-dvoudenni-vylet-s-horkym-vzduchem-balonem-jizda\/\",\"url\":\"https:\/\/hurghadalovers.com\/cs\/tours\/soma-zatoka-soukromy-luxusnebo-dvoudenni-vylet-s-horkym-vzduchem-balonem-jizda\/\",\"name\":\"Soma bay Soukrom\u00fd dvoudenn\u00ed v\u00fdlet do Luxoru s letem horkovzdu\u0161n\u00fdm bal\u00f3nem\",\"isPartOf\":{\"@id\":\"https:\/\/hurghadalovers.com\/cs\/#website\"},\"primaryImageOfPage\":{\"@id\":\"https:\/\/hurghadalovers.com\/cs\/tours\/soma-zatoka-soukromy-luxusnebo-dvoudenni-vylet-s-horkym-vzduchem-balonem-jizda\/#primaryimage\"},\"image\":{\"@id\":\"https:\/\/hurghadalovers.com\/cs\/tours\/soma-zatoka-soukromy-luxusnebo-dvoudenni-vylet-s-horkym-vzduchem-balonem-jizda\/#primaryimage\"},\"thumbnailUrl\":\"https:\/\/hurghadalovers.com\/wp-content\/uploads\/2023\/08\/Soma-bay-Private-Luxor-Two-Days-Trip-with-Hot-Air-Balloon-Ride.jpeg\",\"datePublished\":\"2023-08-26T20:21:41+00:00\",\"dateModified\":\"2026-02-09T05:55:23+00:00\",\"description\":\"Soukrom\u00fd dvoudenn\u00ed v\u00fdlet do Luxoru s letem horkovzdu\u0161n\u00fdm balonem ze z\u00e1toky Soma se soukrom\u00fdm pr\u016fvodcem, vstupenkami a ob\u011bdem. tajemstv\u00ed kr\u00e1le Tutanchamona a dal\u0161\u00ed\",\"breadcrumb\":{\"@id\":\"https:\/\/hurghadalovers.com\/cs\/tours\/soma-zatoka-soukromy-luxusnebo-dvoudenni-vylet-s-horkym-vzduchem-balonem-jizda\/#breadcrumb\"},\"inLanguage\":\"cs\",\"potentialAction\":[{\"@type\":\"ReadAction\",\"target\":[\"https:\/\/hurghadalovers.com\/cs\/tours\/soma-zatoka-soukromy-luxusnebo-dvoudenni-vylet-s-horkym-vzduchem-balonem-jizda\/\"]}]},{\"@type\":\"ImageObject\",\"inLanguage\":\"cs\",\"@id\":\"https:\/\/hurghadalovers.com\/cs\/tours\/soma-zatoka-soukromy-luxusnebo-dvoudenni-vylet-s-horkym-vzduchem-balonem-jizda\/#primaryimage\",\"url\":\"https:\/\/hurghadalovers.com\/wp-content\/uploads\/2023\/08\/Soma-bay-Private-Luxor-Two-Days-Trip-with-Hot-Air-Balloon-Ride.jpeg\",\"contentUrl\":\"https:\/\/hurghadalovers.com\/wp-content\/uploads\/2023\/08\/Soma-bay-Private-Luxor-Two-Days-Trip-with-Hot-Air-Balloon-Ride.jpeg\",\"width\":1536,\"height\":830,\"caption\":\"Soma bay Soukrom\u00fd dvoudenn\u00ed v\u00fdlet do Luxoru s letem horkovzdu\u0161n\u00fdm bal\u00f3nem\"},{\"@type\":\"BreadcrumbList\",\"@id\":\"https:\/\/hurghadalovers.com\/cs\/tours\/soma-zatoka-soukromy-luxusnebo-dvoudenni-vylet-s-horkym-vzduchem-balonem-jizda\/#breadcrumb\",\"itemListElement\":[{\"@type\":\"ListItem\",\"position\":1,\"name\":\"Home\",\"item\":\"https:\/\/hurghadalovers.com\/cs\/\"},{\"@type\":\"ListItem\",\"position\":2,\"name\":\"Shop\",\"item\":\"https:\/\/hurghadalovers.com\/shop\/\"},{\"@type\":\"ListItem\",\"position\":3,\"name\":\"Soma bay Soukrom\u00fd dvoudenn\u00ed v\u00fdlet do Luxoru s letem horkovzdu\u0161n\u00fdm bal\u00f3nem\"}]},{\"@type\":\"WebSite\",\"@id\":\"https:\/\/hurghadalovers.com\/cs\/#website\",\"url\":\"https:\/\/hurghadalovers.com\/cs\/\",\"name\":\"Hurghada Excursions & Day Trips | Booking Best Prices Tours\",\"description\":\"Hurghada Lovers - Best Tour Operator - Excursions &amp; Things to do for Family Day Trips with kids and Couples Romantic. Unique .Hidden gems\",\"publisher\":{\"@id\":\"https:\/\/hurghadalovers.com\/cs\/#organization\"},\"alternateName\":\"Hurghada Excursions\",\"potentialAction\":[{\"@type\":\"SearchAction\",\"target\":{\"@type\":\"EntryPoint\",\"urlTemplate\":\"https:\/\/hurghadalovers.com\/cs\/?s={search_term_string}\"},\"query-input\":{\"@type\":\"PropertyValueSpecification\",\"valueRequired\":true,\"valueName\":\"search_term_string\"}}],\"inLanguage\":\"cs\"},{\"@type\":[\"Organization\",\"Place\",\"TravelAgency\"],\"@id\":\"https:\/\/hurghadalovers.com\/cs\/#organization\",\"name\":\"Hurghada Excursions\",\"url\":\"https:\/\/hurghadalovers.com\/cs\/\",\"logo\":{\"@id\":\"https:\/\/hurghadalovers.com\/cs\/tours\/soma-zatoka-soukromy-luxusnebo-dvoudenni-vylet-s-horkym-vzduchem-balonem-jizda\/#local-main-organization-logo\"},\"image\":{\"@id\":\"https:\/\/hurghadalovers.com\/cs\/tours\/soma-zatoka-soukromy-luxusnebo-dvoudenni-vylet-s-horkym-vzduchem-balonem-jizda\/#local-main-organization-logo\"},\"sameAs\":[\"https:\/\/www.facebook.com\/Hurghadaloversegypt\"],\"address\":{\"@id\":\"https:\/\/hurghadalovers.com\/cs\/tours\/soma-zatoka-soukromy-luxusnebo-dvoudenni-vylet-s-horkym-vzduchem-balonem-jizda\/#local-main-place-address\"},\"telephone\":[\"00201112596434\"],\"contactPoint\":{\"@type\":\"ContactPoint\",\"telephone\":\"00201112596434\",\"email\":\"weyouface@gmail.com\"},\"openingHoursSpecification\":{\"@type\":\"OpeningHoursSpecification\",\"dayOfWeek\":[\"Monday\",\"Tuesday\",\"Wednesday\",\"Thursday\",\"Friday\",\"Saturday\",\"Sunday\"],\"opens\":\"00:00\",\"closes\":\"23:59\"},\"email\":\"weyouface@gmail.com\",\"areaServed\":\"Luxor, Hurghada, El Gouna, Aswan, Sharm El Sheikh, Giza, Alexandria, Marsa Alam, Quseir, Soma Bay, Sahl Hasheesh, Red Sea, Makadi Bay, Cairo\",\"priceRange\":\"$\",\"currenciesAccepted\":\"euro\",\"paymentAccepted\":\"cash on site\"},{\"@type\":\"PostalAddress\",\"@id\":\"https:\/\/hurghadalovers.com\/cs\/tours\/soma-zatoka-soukromy-luxusnebo-dvoudenni-vylet-s-horkym-vzduchem-balonem-jizda\/#local-main-place-address\",\"streetAddress\":\"17 Banks street, Alkawther area, top nbk bank\",\"addressLocality\":\"hurghada\",\"postalCode\":\"84511\",\"addressRegion\":\"red sea\",\"addressCountry\":\"EG\"},{\"@type\":\"ImageObject\",\"inLanguage\":\"cs\",\"@id\":\"https:\/\/hurghadalovers.com\/cs\/tours\/soma-zatoka-soukromy-luxusnebo-dvoudenni-vylet-s-horkym-vzduchem-balonem-jizda\/#local-main-organization-logo\",\"url\":\"https:\/\/hurghadalovers.com\/wp-content\/uploads\/2019\/10\/hurghada-excursions-logo.png\",\"contentUrl\":\"https:\/\/hurghadalovers.com\/wp-content\/uploads\/2019\/10\/hurghada-excursions-logo.png\",\"width\":272,\"height\":90,\"caption\":\"Hurghada Excursions\"}]}<\/script>\n<meta property=\"product:brand\" content=\"V\u00fdlety do Luxoru z Soma bay\" \/>\n<meta property=\"product:price:amount\" content=\"390\" \/>\n<meta property=\"product:price:currency\" content=\"EUR\" \/>\n<meta property=\"og:availability\" content=\"instock\" \/>\n<meta property=\"product:availability\" content=\"instock\" \/>\n<meta property=\"product:retailer_item_id\" content=\"PrivateSomabay322024\" \/>\n<meta property=\"product:condition\" content=\"new\" \/>\n<meta name=\"geo.placename\" content=\"hurghada\" \/>\n<meta name=\"geo.region\" content=\"Egypt\" \/>\n<!-- \/ Yoast SEO Premium plugin. -->","yoast_head_json":{"title":"Soma bay Soukrom\u00fd dvoudenn\u00ed v\u00fdlet do Luxoru s letem horkovzdu\u0161n\u00fdm bal\u00f3nem","description":"Soukrom\u00fd dvoudenn\u00ed v\u00fdlet do Luxoru s letem horkovzdu\u0161n\u00fdm balonem ze z\u00e1toky Soma se soukrom\u00fdm pr\u016fvodcem, vstupenkami a ob\u011bdem. tajemstv\u00ed kr\u00e1le Tutanchamona a dal\u0161\u00ed","robots":{"index":"index","follow":"follow","max-snippet":"max-snippet:-1","max-image-preview":"max-image-preview:large","max-video-preview":"max-video-preview:-1"},"canonical":"https:\/\/hurghadalovers.com\/cs\/tours\/soma-zatoka-soukromy-luxusnebo-dvoudenni-vylet-s-horkym-vzduchem-balonem-jizda\/","og_locale":"cs_CZ","og_type":"article","og_title":"Soma bay Soukrom\u00fd dvoudenn\u00ed v\u00fdlet do Luxoru s letem horkovzdu\u0161n\u00fdm bal\u00f3nem","og_description":"Soukrom\u00fd dvoudenn\u00ed v\u00fdlet do Luxoru s letem horkovzdu\u0161n\u00fdm balonem ze z\u00e1toky Soma se soukrom\u00fdm pr\u016fvodcem, vstupenkami a ob\u011bdem. tajemstv\u00ed kr\u00e1le Tutanchamona a dal\u0161\u00ed","og_url":"https:\/\/hurghadalovers.com\/cs\/tours\/soma-zatoka-soukromy-luxusnebo-dvoudenni-vylet-s-horkym-vzduchem-balonem-jizda\/","og_site_name":"Hurghada Excursions &amp; Day Trips | Booking Best Prices Tours","article_publisher":"https:\/\/www.facebook.com\/Hurghadaloversegypt","article_modified_time":"2026-02-09T05:55:23+00:00","og_image":[{"width":1536,"height":830,"url":"https:\/\/hurghadalovers.com\/wp-content\/uploads\/2023\/08\/Soma-bay-Private-Luxor-Two-Days-Trip-with-Hot-Air-Balloon-Ride.jpeg","type":"image\/jpeg"}],"twitter_card":"summary_large_image","twitter_misc":{"Cena":"&euro;&nbsp;390","Dostupnost":"Skladem"},"schema":{"@context":"https:\/\/schema.org","@graph":[{"@type":["WebPage","ItemPage"],"@id":"https:\/\/hurghadalovers.com\/cs\/tours\/soma-zatoka-soukromy-luxusnebo-dvoudenni-vylet-s-horkym-vzduchem-balonem-jizda\/","url":"https:\/\/hurghadalovers.com\/cs\/tours\/soma-zatoka-soukromy-luxusnebo-dvoudenni-vylet-s-horkym-vzduchem-balonem-jizda\/","name":"Soma bay Soukrom\u00fd dvoudenn\u00ed v\u00fdlet do Luxoru s letem horkovzdu\u0161n\u00fdm bal\u00f3nem","isPartOf":{"@id":"https:\/\/hurghadalovers.com\/cs\/#website"},"primaryImageOfPage":{"@id":"https:\/\/hurghadalovers.com\/cs\/tours\/soma-zatoka-soukromy-luxusnebo-dvoudenni-vylet-s-horkym-vzduchem-balonem-jizda\/#primaryimage"},"image":{"@id":"https:\/\/hurghadalovers.com\/cs\/tours\/soma-zatoka-soukromy-luxusnebo-dvoudenni-vylet-s-horkym-vzduchem-balonem-jizda\/#primaryimage"},"thumbnailUrl":"https:\/\/hurghadalovers.com\/wp-content\/uploads\/2023\/08\/Soma-bay-Private-Luxor-Two-Days-Trip-with-Hot-Air-Balloon-Ride.jpeg","datePublished":"2023-08-26T20:21:41+00:00","dateModified":"2026-02-09T05:55:23+00:00","description":"Soukrom\u00fd dvoudenn\u00ed v\u00fdlet do Luxoru s letem horkovzdu\u0161n\u00fdm balonem ze z\u00e1toky Soma se soukrom\u00fdm pr\u016fvodcem, vstupenkami a ob\u011bdem. tajemstv\u00ed kr\u00e1le Tutanchamona a dal\u0161\u00ed","breadcrumb":{"@id":"https:\/\/hurghadalovers.com\/cs\/tours\/soma-zatoka-soukromy-luxusnebo-dvoudenni-vylet-s-horkym-vzduchem-balonem-jizda\/#breadcrumb"},"inLanguage":"cs","potentialAction":[{"@type":"ReadAction","target":["https:\/\/hurghadalovers.com\/cs\/tours\/soma-zatoka-soukromy-luxusnebo-dvoudenni-vylet-s-horkym-vzduchem-balonem-jizda\/"]}]},{"@type":"ImageObject","inLanguage":"cs","@id":"https:\/\/hurghadalovers.com\/cs\/tours\/soma-zatoka-soukromy-luxusnebo-dvoudenni-vylet-s-horkym-vzduchem-balonem-jizda\/#primaryimage","url":"https:\/\/hurghadalovers.com\/wp-content\/uploads\/2023\/08\/Soma-bay-Private-Luxor-Two-Days-Trip-with-Hot-Air-Balloon-Ride.jpeg","contentUrl":"https:\/\/hurghadalovers.com\/wp-content\/uploads\/2023\/08\/Soma-bay-Private-Luxor-Two-Days-Trip-with-Hot-Air-Balloon-Ride.jpeg","width":1536,"height":830,"caption":"Soma bay Soukrom\u00fd dvoudenn\u00ed v\u00fdlet do Luxoru s letem horkovzdu\u0161n\u00fdm bal\u00f3nem"},{"@type":"BreadcrumbList","@id":"https:\/\/hurghadalovers.com\/cs\/tours\/soma-zatoka-soukromy-luxusnebo-dvoudenni-vylet-s-horkym-vzduchem-balonem-jizda\/#breadcrumb","itemListElement":[{"@type":"ListItem","position":1,"name":"Home","item":"https:\/\/hurghadalovers.com\/cs\/"},{"@type":"ListItem","position":2,"name":"Shop","item":"https:\/\/hurghadalovers.com\/shop\/"},{"@type":"ListItem","position":3,"name":"Soma bay Soukrom\u00fd dvoudenn\u00ed v\u00fdlet do Luxoru s letem horkovzdu\u0161n\u00fdm bal\u00f3nem"}]},{"@type":"WebSite","@id":"https:\/\/hurghadalovers.com\/cs\/#website","url":"https:\/\/hurghadalovers.com\/cs\/","name":"Hurghada Excursions & Day Trips | Booking Best Prices Tours","description":"Hurghada Lovers - Best Tour Operator - Excursions &amp; Things to do for Family Day Trips with kids and Couples Romantic. Unique .Hidden gems","publisher":{"@id":"https:\/\/hurghadalovers.com\/cs\/#organization"},"alternateName":"Hurghada Excursions","potentialAction":[{"@type":"SearchAction","target":{"@type":"EntryPoint","urlTemplate":"https:\/\/hurghadalovers.com\/cs\/?s={search_term_string}"},"query-input":{"@type":"PropertyValueSpecification","valueRequired":true,"valueName":"search_term_string"}}],"inLanguage":"cs"},{"@type":["Organization","Place","TravelAgency"],"@id":"https:\/\/hurghadalovers.com\/cs\/#organization","name":"Hurghada Excursions","url":"https:\/\/hurghadalovers.com\/cs\/","logo":{"@id":"https:\/\/hurghadalovers.com\/cs\/tours\/soma-zatoka-soukromy-luxusnebo-dvoudenni-vylet-s-horkym-vzduchem-balonem-jizda\/#local-main-organization-logo"},"image":{"@id":"https:\/\/hurghadalovers.com\/cs\/tours\/soma-zatoka-soukromy-luxusnebo-dvoudenni-vylet-s-horkym-vzduchem-balonem-jizda\/#local-main-organization-logo"},"sameAs":["https:\/\/www.facebook.com\/Hurghadaloversegypt"],"address":{"@id":"https:\/\/hurghadalovers.com\/cs\/tours\/soma-zatoka-soukromy-luxusnebo-dvoudenni-vylet-s-horkym-vzduchem-balonem-jizda\/#local-main-place-address"},"telephone":["00201112596434"],"contactPoint":{"@type":"ContactPoint","telephone":"00201112596434","email":"weyouface@gmail.com"},"openingHoursSpecification":{"@type":"OpeningHoursSpecification","dayOfWeek":["Monday","Tuesday","Wednesday","Thursday","Friday","Saturday","Sunday"],"opens":"00:00","closes":"23:59"},"email":"weyouface@gmail.com","areaServed":"Luxor, Hurghada, El Gouna, Aswan, Sharm El Sheikh, Giza, Alexandria, Marsa Alam, Quseir, Soma Bay, Sahl Hasheesh, Red Sea, Makadi Bay, Cairo","priceRange":"$","currenciesAccepted":"euro","paymentAccepted":"cash on site"},{"@type":"PostalAddress","@id":"https:\/\/hurghadalovers.com\/cs\/tours\/soma-zatoka-soukromy-luxusnebo-dvoudenni-vylet-s-horkym-vzduchem-balonem-jizda\/#local-main-place-address","streetAddress":"17 Banks street, Alkawther area, top nbk bank","addressLocality":"hurghada","postalCode":"84511","addressRegion":"red sea","addressCountry":"EG"},{"@type":"ImageObject","inLanguage":"cs","@id":"https:\/\/hurghadalovers.com\/cs\/tours\/soma-zatoka-soukromy-luxusnebo-dvoudenni-vylet-s-horkym-vzduchem-balonem-jizda\/#local-main-organization-logo","url":"https:\/\/hurghadalovers.com\/wp-content\/uploads\/2019\/10\/hurghada-excursions-logo.png","contentUrl":"https:\/\/hurghadalovers.com\/wp-content\/uploads\/2019\/10\/hurghada-excursions-logo.png","width":272,"height":90,"caption":"Hurghada Excursions"}]},"product_brand":"V\u00fdlety do Luxoru z Soma bay","product_price_amount":"390","product_price_currency":"EUR","og_availability":"instock","product_availability":"instock","product_retailer_item_id":"PrivateSomabay322024","product_condition":"new","geo.placename":"hurghada","geo.region":"Egypt"},"_links":{"self":[{"href":"https:\/\/hurghadalovers.com\/cs\/wp-json\/wp\/v2\/product\/384144","targetHints":{"allow":["GET"]}}],"collection":[{"href":"https:\/\/hurghadalovers.com\/cs\/wp-json\/wp\/v2\/product"}],"about":[{"href":"https:\/\/hurghadalovers.com\/cs\/wp-json\/wp\/v2\/types\/product"}],"wp:featuredmedia":[{"embeddable":true,"href":"https:\/\/hurghadalovers.com\/cs\/wp-json\/wp\/v2\/media\/384065"}],"wp:attachment":[{"href":"https:\/\/hurghadalovers.com\/cs\/wp-json\/wp\/v2\/media?parent=384144"}],"wp:term":[{"taxonomy":"product_brand","embeddable":true,"href":"https:\/\/hurghadalovers.com\/cs\/wp-json\/wp\/v2\/product_brand?post=384144"},{"taxonomy":"product_cat","embeddable":true,"href":"https:\/\/hurghadalovers.com\/cs\/wp-json\/wp\/v2\/product_cat?post=384144"},{"taxonomy":"product_tag","embeddable":true,"href":"https:\/\/hurghadalovers.com\/cs\/wp-json\/wp\/v2\/product_tag?post=384144"}],"curies":[{"name":"wp","href":"https:\/\/api.w.org\/{rel}","templated":true}]}}