{"id":383712,"date":"2023-08-26T15:17:06","date_gmt":"2023-08-26T15:17:06","guid":{"rendered":"https:\/\/hurghadalovers.com\/shop\/nezarazene\/soukrome-zajezdy-do-zatoky-soma-v-luxoru-a-asuanu-3-dny\/"},"modified":"2026-02-09T08:40:29","modified_gmt":"2026-02-09T08:40:29","slug":"soukrome-vylety-do-zalivu-soma-luxor-aswan-3-denni","status":"publish","type":"product","link":"https:\/\/hurghadalovers.com\/cs\/tours\/soukrome-vylety-do-zalivu-soma-luxor-aswan-3-denni\/","title":{"rendered":"Soukrom\u00e9 z\u00e1jezdy do z\u00e1toky Soma v Luxoru a Asu\u00e1nu &#8211; 3 dny"},"content":{"rendered":"<p><strong>Soukrom\u00e9 <\/strong><strong>z\u00e1jezdy do<\/strong><strong>z\u00e1toky Soma <\/strong> v<strong>Luxoru<\/strong> a Asu\u00e1nu &#8211; 3 dny se soukrom\u00fdm pr\u016fvodcem, vstupenkami a ob\u011bdem.<\/p>\n<p>Speci\u00e1ln\u00ed t\u0159\u00eddenn\u00ed z\u00e1jezd pro v\u0161echny milovn\u00edky starov\u011bk\u00e9 egyptsk\u00e9 civilizace, b\u011bhem kter\u00e9ho se dozv\u00edte nov\u00e1 fakta a tajemstv\u00ed o faraonsk\u00fdch kr\u00e1l\u00edch a nav\u0161t\u00edv\u00edte nejv\u00fdznamn\u011bj\u0161\u00ed chr\u00e1my a kr\u00e1lovsk\u00e9 hrobky v Luxoru a Asu\u00e1nu a dal\u0161\u00ed.<\/p>\n<p>&nbsp;<\/p>\n<p><strong>Nejd\u016fle\u017eit\u011bj\u0161\u00ed informace:<\/strong><\/p>\n<ul>\n<li>Chr\u00e1m v Karnaku.<\/li>\n<li>Memnonovy kolosy.<\/li>\n<li>Hat\u0161epsutin poh\u0159ebn\u00ed chr\u00e1m.<\/li>\n<li>3 Hrobky v \u00dadol\u00ed kr\u00e1l\u016f .<\/li>\n<li>Chr\u00e1mov\u00fd komplex Philae.<\/li>\n<li>Nedokon\u010den\u00fd obelisk.<\/li>\n<li>Chr\u00e1m v Edfu.<\/li>\n<li>Chr\u00e1m Kom Ombo.<\/li>\n<li>Vysok\u00e1 p\u0159ehrada.<\/li>\n<li>Chr\u00e1my v Ab\u00fa Simbelu.<\/li>\n<li>Ob\u011bd v restauraci &#8222;Vegetarians Food is available&#8220;.<\/li>\n<\/ul>\n<p><strong>Soukrom\u00e9 <\/strong><strong>Z\u00e1toka Soma <\/strong><strong>Z\u00e1jezdy do Luxoru a Asu\u00e1nu Podrobnosti:<\/strong><\/p>\n<ul>\n<li>Dostupnost prohl\u00eddky: Ka\u017ed\u00fd den.<\/li>\n<li>Typ z\u00e1jezdu: Soukrom\u00e1 j\u00edzda autem nebo minivanem.<\/li>\n<li>\u010cas vyzvednut\u00ed: Od 05:30 hod.<\/li>\n<li>\u017d\u00e1dost o hotel Z\u00edskejte sn\u00edda\u0148ovou ta\u0161ku s v\u00e1mi R\u00e1no.<\/li>\n<li>\u010cas vyzvednut\u00ed: 19:00.<\/li>\n<li>Bezbari\u00e9rov\u00fd p\u0159\u00edstup.<\/li>\n<li>Doba trv\u00e1n\u00ed: 3 dny \/ 2 noci.<\/li>\n<\/ul>\n<p><strong>Rezervujte nyn\u00ed a zapla\u0165te pozd\u011bji:<\/strong><\/p>\n<ul>\n<li>Hotovost na m\u00edst\u011b pro pr\u016fvodce.<\/li>\n<li>Platba egyptsk\u00fdmi librami, $, \u20ac nebo \u00a3.<\/li>\n<\/ul>\n<p><strong>Storno podm\u00ednky:<\/strong><\/p>\n<ul>\n<li>Zru\u0161it a\u017e 24 hodin p\u0159edem.<\/li>\n<li>Kdy\u017e n\u011bkdo z va\u0161\u00ed rodiny zru\u0161\u00ed dopoledne, zaplat\u00ed 50 % n\u00e1klad\u016f.<\/li>\n<\/ul>\n<p><strong>Co je v cen\u011b?<\/strong><\/p>\n<ul>\n<li>Transfer z hotel\u016f Soma bay &#8222;Hotel pick up and drop off&#8220;.<\/li>\n<li>V\u0161echny dan\u011b, vstupn\u00ed poplatky a manipula\u010dn\u00ed poplatky.<\/li>\n<li>P\u0159estupy.<\/li>\n<li>Pr\u016fvodce.<\/li>\n<li>2 noci v hotelu se sn\u00eddan\u00ed.<\/li>\n<li>N\u00e1poje.<\/li>\n<li>3 Ob\u011bd v restauraci.<\/li>\n<\/ul>\n<p><strong>V\u00fdjimky?<\/strong><\/p>\n<ul>\n<li>Spropitn\u00e9.<\/li>\n<li>V\u00fdlet na Felucce &#8222;Plavba lod\u00ed&#8220; Za 35 min= 10$.<\/li>\n<li>P\u0159\u00edplatky, kter\u00e9 nebyly zm\u00edn\u011bny.<\/li>\n<\/ul>\n<p><strong>m\u016f\u017eete p\u0159idat v prvn\u00ed den nebo m\u016f\u017eete relaxovat v hotelu:<\/strong><\/p>\n<ul>\n<li>Soukrom\u00e1 30minutov\u00e1 plavba felukou po Nilu.<\/li>\n<li>Muzeum mumifikace.<\/li>\n<\/ul>\n<p><strong>m\u016f\u017eete p\u0159idat druh\u00fd den:<\/strong><\/p>\n<ul>\n<li>Kr\u00e1lovna Nefertiti v \u00dadol\u00ed kr\u00e1loven.<\/li>\n<li>Nakupov\u00e1n\u00ed.<\/li>\n<li>NEBO nav\u0161tivte chr\u00e1m Dendera<\/li>\n<li>J\u00edzda horkovzdu\u0161n\u00fdm bal\u00f3nem.<\/li>\n<\/ul>\n<p><strong>Ceny:<\/strong><\/p>\n<ul>\n<li><strong>Cena pro dosp\u011bl\u00e9 = od<\/strong><strong>520 USD za osobu<\/strong>.<\/li>\n<li>Cena pro d\u011bti &#8222;5-12&#8220; = 50%.<\/li>\n<li>pro d\u011bti &#8222;0-5&#8220; = zdarma.<\/li>\n<\/ul>\n<p><strong>Recenze:<\/strong><\/p>\n<p>pod\u00edvejte se na na\u0161e recenze na Google Map jako nejlep\u0161\u00ed <a href=\"https:\/\/g.page\/r\/CUeYvkngP3wkEBM\/review\">cestovn\u00ed kancel\u00e1\u0159 v Hurghad\u011b<\/a> online v <a href=\"https:\/\/hurghadalovers.com\/\">Hurghad\u011b<\/a> Egypt.<\/p>\n<p>&nbsp;<\/p>\n<p><strong>Rezervace:<\/strong><\/p>\n<p>Odeslat hotel + \u010d\u00edslo pokoje + foto pas\u016f na WhatsApp: <strong>+201112596434<\/strong><\/p>\n<p>Pokud jste z Egypta Rezervace nyn\u00ed on-line a potvrdit p\u0159i p\u0159\u00edjezdu Hotel.<\/p>\n<p>&nbsp;<\/p>\n<p>&nbsp;<\/p>\n","protected":false},"excerpt":{"rendered":"<p>Soukrom\u00e9 z\u00e1jezdy do z\u00e1toky Soma v Luxoru a Asu\u00e1nu &#8211; 3 dny se soukrom\u00fdm pr\u016fvodcem, vstupenkami a ob\u011bdem. objevte nov\u00e1 fakta a tajemstv\u00ed o faraonsk\u00fdch kr\u00e1l\u00edch.<\/p>\n","protected":false},"featured_media":132040,"template":"","meta":{"_joinchat":[]},"product_brand":[],"product_cat":[29708],"product_tag":[56430,56339,56393,56296,56284,56204,56387,56396,56313,56342,56207,56301,56390,56344,56292,56310,52003,56307,56288,56337,56299,56304],"class_list":{"0":"post-383712","1":"product","2":"type-product","3":"status-publish","4":"has-post-thumbnail","6":"product_cat-egypt-tours-cs","7":"product_tag-aktivity-pro-teenagery-ze-soma-bay","8":"product_tag-aktivity-v-zatoce-soma","9":"product_tag-aktivity-v-zatoce-soma-bay-pro-pary","10":"product_tag-celodenni-prohlidka-luxoru-ze-zatoky-soma-bay","11":"product_tag-celodenni-vylet-ze-zatoky-soma-do-luxoru","12":"product_tag-co-delat-s-rodinou-ze-soma-bay","13":"product_tag-co-delat-v-soma-bay","14":"product_tag-co-delat-v-soma-bay-pro-pary","15":"product_tag-horkovzdusny-balon-soma-bay","16":"product_tag-jednodenni-vylety-do-zatoky-soma","17":"product_tag-mista-pro-rodinnou-zabavu-ze-soma-bay","18":"product_tag-prohlidka-luxoru-ze-zatoky-soma-bay","19":"product_tag-romanticke-aktivity-v-zatoce-soma-bay","20":"product_tag-soma-bay-co-delat","21":"product_tag-soma-bay-do-luxoru-autobus","22":"product_tag-soukroma-prohlidka-luxoru-ze-soma-bay","23":"product_tag-soukrome-prohlidky-luxoru","24":"product_tag-transfer-z-luxor-do-soma-bay-cs","25":"product_tag-vylet-do-luxoru-ze-zatoky-soma-bay","26":"product_tag-vylety-do-zatoky-soma-cs","27":"product_tag-zajezdy-do-zatoky-soma-do-luxoru","28":"product_tag-zatoka-soma-do-udoli-kralu","29":"tour_category-luxor-from-soma-bay-cs","30":"tour_category-soma-bay-tours-cs","32":"first","33":"instock","34":"sale","35":"shipping-taxable","36":"purchasable","37":"product-type-tour"},"yoast_head":"<!-- This site is optimized with the Yoast SEO Premium plugin v26.9 (Yoast SEO v27.2) - https:\/\/yoast.com\/product\/yoast-seo-premium-wordpress\/ -->\n<title>Soukrom\u00e9 z\u00e1jezdy do z\u00e1toky Soma v Luxoru a Asu\u00e1nu - 3 dny<\/title>\n<meta name=\"description\" content=\"Soukrom\u00e9 z\u00e1jezdy do z\u00e1toky Soma v Luxoru a Asu\u00e1nu - 3 dny se soukrom\u00fdm pr\u016fvodcem, vstupenkami a ob\u011bdem. objevte nov\u00e1 fakta a tajemstv\u00ed o faraonsk\u00fdch kr\u00e1l\u00edch.\" \/>\n<meta name=\"robots\" content=\"index, follow, max-snippet:-1, max-image-preview:large, max-video-preview:-1\" \/>\n<link rel=\"canonical\" href=\"https:\/\/hurghadalovers.com\/cs\/tours\/soukrome-vylety-do-zalivu-soma-luxor-aswan-3-denni\/\" \/>\n<meta property=\"og:locale\" content=\"cs_CZ\" \/>\n<meta property=\"og:type\" content=\"article\" \/>\n<meta property=\"og:title\" content=\"Soukrom\u00e9 z\u00e1jezdy do z\u00e1toky Soma v Luxoru a Asu\u00e1nu - 3 dny\" \/>\n<meta property=\"og:description\" content=\"Soukrom\u00e9 z\u00e1jezdy do z\u00e1toky Soma v Luxoru a Asu\u00e1nu - 3 dny se soukrom\u00fdm pr\u016fvodcem, vstupenkami a ob\u011bdem. objevte nov\u00e1 fakta a tajemstv\u00ed o faraonsk\u00fdch kr\u00e1l\u00edch.\" \/>\n<meta property=\"og:url\" content=\"https:\/\/hurghadalovers.com\/cs\/tours\/soukrome-vylety-do-zalivu-soma-luxor-aswan-3-denni\/\" \/>\n<meta property=\"og:site_name\" content=\"Hurghada Excursions &amp; Day Trips | Booking Best Prices Tours\" \/>\n<meta property=\"article:publisher\" content=\"https:\/\/www.facebook.com\/Hurghadaloversegypt\" \/>\n<meta property=\"article:modified_time\" content=\"2026-02-09T08:40:29+00:00\" \/>\n<meta property=\"og:image\" content=\"https:\/\/hurghadalovers.com\/wp-content\/uploads\/2022\/07\/Dagtrips-Aswan-vanuit-Sahl-Hasheesh-Egypte-De-Beste-Excursies-Abu-Simbel-Luxe-prive\u0301-met-de-bus-met-Nederlandstalige-gids.jpeg\" \/>\n\t<meta property=\"og:image:width\" content=\"1555\" \/>\n\t<meta property=\"og:image:height\" content=\"893\" \/>\n\t<meta property=\"og:image:type\" content=\"image\/jpeg\" \/>\n<meta name=\"twitter:card\" content=\"summary_large_image\" \/>\n<meta name=\"twitter:label1\" content=\"Cena\" \/>\n\t<meta name=\"twitter:data1\" content=\"&euro;&nbsp;550\" \/>\n\t<meta name=\"twitter:label2\" content=\"Dostupnost\" \/>\n\t<meta name=\"twitter:data2\" content=\"Skladem\" \/>\n<script type=\"application\/ld+json\" class=\"yoast-schema-graph\">{\"@context\":\"https:\/\/schema.org\",\"@graph\":[{\"@type\":[\"WebPage\",\"ItemPage\"],\"@id\":\"https:\/\/hurghadalovers.com\/cs\/tours\/soukrome-vylety-do-zalivu-soma-luxor-aswan-3-denni\/\",\"url\":\"https:\/\/hurghadalovers.com\/cs\/tours\/soukrome-vylety-do-zalivu-soma-luxor-aswan-3-denni\/\",\"name\":\"Soukrom\u00e9 z\u00e1jezdy do z\u00e1toky Soma v Luxoru a Asu\u00e1nu - 3 dny\",\"isPartOf\":{\"@id\":\"https:\/\/hurghadalovers.com\/cs\/#website\"},\"primaryImageOfPage\":{\"@id\":\"https:\/\/hurghadalovers.com\/cs\/tours\/soukrome-vylety-do-zalivu-soma-luxor-aswan-3-denni\/#primaryimage\"},\"image\":{\"@id\":\"https:\/\/hurghadalovers.com\/cs\/tours\/soukrome-vylety-do-zalivu-soma-luxor-aswan-3-denni\/#primaryimage\"},\"thumbnailUrl\":\"https:\/\/hurghadalovers.com\/wp-content\/uploads\/2022\/07\/Dagtrips-Aswan-vanuit-Sahl-Hasheesh-Egypte-De-Beste-Excursies-Abu-Simbel-Luxe-prive\u0301-met-de-bus-met-Nederlandstalige-gids.jpeg\",\"datePublished\":\"2023-08-26T15:17:06+00:00\",\"dateModified\":\"2026-02-09T08:40:29+00:00\",\"description\":\"Soukrom\u00e9 z\u00e1jezdy do z\u00e1toky Soma v Luxoru a Asu\u00e1nu - 3 dny se soukrom\u00fdm pr\u016fvodcem, vstupenkami a ob\u011bdem. objevte nov\u00e1 fakta a tajemstv\u00ed o faraonsk\u00fdch kr\u00e1l\u00edch.\",\"breadcrumb\":{\"@id\":\"https:\/\/hurghadalovers.com\/cs\/tours\/soukrome-vylety-do-zalivu-soma-luxor-aswan-3-denni\/#breadcrumb\"},\"inLanguage\":\"cs\",\"potentialAction\":[{\"@type\":\"ReadAction\",\"target\":[\"https:\/\/hurghadalovers.com\/cs\/tours\/soukrome-vylety-do-zalivu-soma-luxor-aswan-3-denni\/\"]}]},{\"@type\":\"ImageObject\",\"inLanguage\":\"cs\",\"@id\":\"https:\/\/hurghadalovers.com\/cs\/tours\/soukrome-vylety-do-zalivu-soma-luxor-aswan-3-denni\/#primaryimage\",\"url\":\"https:\/\/hurghadalovers.com\/wp-content\/uploads\/2022\/07\/Dagtrips-Aswan-vanuit-Sahl-Hasheesh-Egypte-De-Beste-Excursies-Abu-Simbel-Luxe-prive\u0301-met-de-bus-met-Nederlandstalige-gids.jpeg\",\"contentUrl\":\"https:\/\/hurghadalovers.com\/wp-content\/uploads\/2022\/07\/Dagtrips-Aswan-vanuit-Sahl-Hasheesh-Egypte-De-Beste-Excursies-Abu-Simbel-Luxe-prive\u0301-met-de-bus-met-Nederlandstalige-gids.jpeg\",\"width\":1555,\"height\":893,\"caption\":\"Dagtrips Aswan vanuit Sahl Hasheesh Egypte | De Beste Excursies Abu Simbel Luxe priv\u00e9 \/ met de bus met Nederlandstalige gids.\"},{\"@type\":\"BreadcrumbList\",\"@id\":\"https:\/\/hurghadalovers.com\/cs\/tours\/soukrome-vylety-do-zalivu-soma-luxor-aswan-3-denni\/#breadcrumb\",\"itemListElement\":[{\"@type\":\"ListItem\",\"position\":1,\"name\":\"Home\",\"item\":\"https:\/\/hurghadalovers.com\/cs\/\"},{\"@type\":\"ListItem\",\"position\":2,\"name\":\"Shop\",\"item\":\"https:\/\/hurghadalovers.com\/shop\/\"},{\"@type\":\"ListItem\",\"position\":3,\"name\":\"Soukrom\u00e9 z\u00e1jezdy do z\u00e1toky Soma v Luxoru a Asu\u00e1nu &#8211; 3 dny\"}]},{\"@type\":\"WebSite\",\"@id\":\"https:\/\/hurghadalovers.com\/cs\/#website\",\"url\":\"https:\/\/hurghadalovers.com\/cs\/\",\"name\":\"Hurghada Excursions & Day Trips | Booking Best Prices Tours\",\"description\":\"Hurghada Lovers - Best Tour Operator - Excursions &amp; Things to do for Family Day Trips with kids and Couples Romantic. Unique .Hidden gems\",\"publisher\":{\"@id\":\"https:\/\/hurghadalovers.com\/cs\/#organization\"},\"alternateName\":\"Hurghada Excursions\",\"potentialAction\":[{\"@type\":\"SearchAction\",\"target\":{\"@type\":\"EntryPoint\",\"urlTemplate\":\"https:\/\/hurghadalovers.com\/cs\/?s={search_term_string}\"},\"query-input\":{\"@type\":\"PropertyValueSpecification\",\"valueRequired\":true,\"valueName\":\"search_term_string\"}}],\"inLanguage\":\"cs\"},{\"@type\":[\"Organization\",\"Place\",\"TravelAgency\"],\"@id\":\"https:\/\/hurghadalovers.com\/cs\/#organization\",\"name\":\"Hurghada Excursions\",\"url\":\"https:\/\/hurghadalovers.com\/cs\/\",\"logo\":{\"@id\":\"https:\/\/hurghadalovers.com\/cs\/tours\/soukrome-vylety-do-zalivu-soma-luxor-aswan-3-denni\/#local-main-organization-logo\"},\"image\":{\"@id\":\"https:\/\/hurghadalovers.com\/cs\/tours\/soukrome-vylety-do-zalivu-soma-luxor-aswan-3-denni\/#local-main-organization-logo\"},\"sameAs\":[\"https:\/\/www.facebook.com\/Hurghadaloversegypt\"],\"address\":{\"@id\":\"https:\/\/hurghadalovers.com\/cs\/tours\/soukrome-vylety-do-zalivu-soma-luxor-aswan-3-denni\/#local-main-place-address\"},\"telephone\":[\"00201112596434\"],\"contactPoint\":{\"@type\":\"ContactPoint\",\"telephone\":\"00201112596434\",\"email\":\"weyouface@gmail.com\"},\"openingHoursSpecification\":{\"@type\":\"OpeningHoursSpecification\",\"dayOfWeek\":[\"Monday\",\"Tuesday\",\"Wednesday\",\"Thursday\",\"Friday\",\"Saturday\",\"Sunday\"],\"opens\":\"00:00\",\"closes\":\"23:59\"},\"email\":\"weyouface@gmail.com\",\"areaServed\":\"Luxor, Hurghada, El Gouna, Aswan, Sharm El Sheikh, Giza, Alexandria, Marsa Alam, Quseir, Soma Bay, Sahl Hasheesh, Red Sea, Makadi Bay, Cairo\",\"priceRange\":\"$\",\"currenciesAccepted\":\"euro\",\"paymentAccepted\":\"cash on site\"},{\"@type\":\"PostalAddress\",\"@id\":\"https:\/\/hurghadalovers.com\/cs\/tours\/soukrome-vylety-do-zalivu-soma-luxor-aswan-3-denni\/#local-main-place-address\",\"streetAddress\":\"17 Banks street, Alkawther area, top nbk bank\",\"addressLocality\":\"hurghada\",\"postalCode\":\"84511\",\"addressRegion\":\"red sea\",\"addressCountry\":\"EG\"},{\"@type\":\"ImageObject\",\"inLanguage\":\"cs\",\"@id\":\"https:\/\/hurghadalovers.com\/cs\/tours\/soukrome-vylety-do-zalivu-soma-luxor-aswan-3-denni\/#local-main-organization-logo\",\"url\":\"https:\/\/hurghadalovers.com\/wp-content\/uploads\/2019\/10\/hurghada-excursions-logo.png\",\"contentUrl\":\"https:\/\/hurghadalovers.com\/wp-content\/uploads\/2019\/10\/hurghada-excursions-logo.png\",\"width\":272,\"height\":90,\"caption\":\"Hurghada Excursions\"}]}<\/script>\n<meta property=\"product:brand\" content=\"V\u00fdlety do Luxoru z Soma bay\" \/>\n<meta property=\"product:price:amount\" content=\"550\" \/>\n<meta property=\"product:price:currency\" content=\"EUR\" \/>\n<meta property=\"og:availability\" content=\"instock\" \/>\n<meta property=\"product:availability\" content=\"instock\" \/>\n<meta property=\"product:retailer_item_id\" content=\"PrivateSoma012024\" \/>\n<meta property=\"product:condition\" content=\"new\" \/>\n<meta name=\"geo.placename\" content=\"hurghada\" \/>\n<meta name=\"geo.region\" content=\"Egypt\" \/>\n<!-- \/ Yoast SEO Premium plugin. -->","yoast_head_json":{"title":"Soukrom\u00e9 z\u00e1jezdy do z\u00e1toky Soma v Luxoru a Asu\u00e1nu - 3 dny","description":"Soukrom\u00e9 z\u00e1jezdy do z\u00e1toky Soma v Luxoru a Asu\u00e1nu - 3 dny se soukrom\u00fdm pr\u016fvodcem, vstupenkami a ob\u011bdem. objevte nov\u00e1 fakta a tajemstv\u00ed o faraonsk\u00fdch kr\u00e1l\u00edch.","robots":{"index":"index","follow":"follow","max-snippet":"max-snippet:-1","max-image-preview":"max-image-preview:large","max-video-preview":"max-video-preview:-1"},"canonical":"https:\/\/hurghadalovers.com\/cs\/tours\/soukrome-vylety-do-zalivu-soma-luxor-aswan-3-denni\/","og_locale":"cs_CZ","og_type":"article","og_title":"Soukrom\u00e9 z\u00e1jezdy do z\u00e1toky Soma v Luxoru a Asu\u00e1nu - 3 dny","og_description":"Soukrom\u00e9 z\u00e1jezdy do z\u00e1toky Soma v Luxoru a Asu\u00e1nu - 3 dny se soukrom\u00fdm pr\u016fvodcem, vstupenkami a ob\u011bdem. objevte nov\u00e1 fakta a tajemstv\u00ed o faraonsk\u00fdch kr\u00e1l\u00edch.","og_url":"https:\/\/hurghadalovers.com\/cs\/tours\/soukrome-vylety-do-zalivu-soma-luxor-aswan-3-denni\/","og_site_name":"Hurghada Excursions &amp; Day Trips | Booking Best Prices Tours","article_publisher":"https:\/\/www.facebook.com\/Hurghadaloversegypt","article_modified_time":"2026-02-09T08:40:29+00:00","og_image":[{"width":1555,"height":893,"url":"https:\/\/hurghadalovers.com\/wp-content\/uploads\/2022\/07\/Dagtrips-Aswan-vanuit-Sahl-Hasheesh-Egypte-De-Beste-Excursies-Abu-Simbel-Luxe-prive\u0301-met-de-bus-met-Nederlandstalige-gids.jpeg","type":"image\/jpeg"}],"twitter_card":"summary_large_image","twitter_misc":{"Cena":"&euro;&nbsp;550","Dostupnost":"Skladem"},"schema":{"@context":"https:\/\/schema.org","@graph":[{"@type":["WebPage","ItemPage"],"@id":"https:\/\/hurghadalovers.com\/cs\/tours\/soukrome-vylety-do-zalivu-soma-luxor-aswan-3-denni\/","url":"https:\/\/hurghadalovers.com\/cs\/tours\/soukrome-vylety-do-zalivu-soma-luxor-aswan-3-denni\/","name":"Soukrom\u00e9 z\u00e1jezdy do z\u00e1toky Soma v Luxoru a Asu\u00e1nu - 3 dny","isPartOf":{"@id":"https:\/\/hurghadalovers.com\/cs\/#website"},"primaryImageOfPage":{"@id":"https:\/\/hurghadalovers.com\/cs\/tours\/soukrome-vylety-do-zalivu-soma-luxor-aswan-3-denni\/#primaryimage"},"image":{"@id":"https:\/\/hurghadalovers.com\/cs\/tours\/soukrome-vylety-do-zalivu-soma-luxor-aswan-3-denni\/#primaryimage"},"thumbnailUrl":"https:\/\/hurghadalovers.com\/wp-content\/uploads\/2022\/07\/Dagtrips-Aswan-vanuit-Sahl-Hasheesh-Egypte-De-Beste-Excursies-Abu-Simbel-Luxe-prive\u0301-met-de-bus-met-Nederlandstalige-gids.jpeg","datePublished":"2023-08-26T15:17:06+00:00","dateModified":"2026-02-09T08:40:29+00:00","description":"Soukrom\u00e9 z\u00e1jezdy do z\u00e1toky Soma v Luxoru a Asu\u00e1nu - 3 dny se soukrom\u00fdm pr\u016fvodcem, vstupenkami a ob\u011bdem. objevte nov\u00e1 fakta a tajemstv\u00ed o faraonsk\u00fdch kr\u00e1l\u00edch.","breadcrumb":{"@id":"https:\/\/hurghadalovers.com\/cs\/tours\/soukrome-vylety-do-zalivu-soma-luxor-aswan-3-denni\/#breadcrumb"},"inLanguage":"cs","potentialAction":[{"@type":"ReadAction","target":["https:\/\/hurghadalovers.com\/cs\/tours\/soukrome-vylety-do-zalivu-soma-luxor-aswan-3-denni\/"]}]},{"@type":"ImageObject","inLanguage":"cs","@id":"https:\/\/hurghadalovers.com\/cs\/tours\/soukrome-vylety-do-zalivu-soma-luxor-aswan-3-denni\/#primaryimage","url":"https:\/\/hurghadalovers.com\/wp-content\/uploads\/2022\/07\/Dagtrips-Aswan-vanuit-Sahl-Hasheesh-Egypte-De-Beste-Excursies-Abu-Simbel-Luxe-prive\u0301-met-de-bus-met-Nederlandstalige-gids.jpeg","contentUrl":"https:\/\/hurghadalovers.com\/wp-content\/uploads\/2022\/07\/Dagtrips-Aswan-vanuit-Sahl-Hasheesh-Egypte-De-Beste-Excursies-Abu-Simbel-Luxe-prive\u0301-met-de-bus-met-Nederlandstalige-gids.jpeg","width":1555,"height":893,"caption":"Dagtrips Aswan vanuit Sahl Hasheesh Egypte | De Beste Excursies Abu Simbel Luxe priv\u00e9 \/ met de bus met Nederlandstalige gids."},{"@type":"BreadcrumbList","@id":"https:\/\/hurghadalovers.com\/cs\/tours\/soukrome-vylety-do-zalivu-soma-luxor-aswan-3-denni\/#breadcrumb","itemListElement":[{"@type":"ListItem","position":1,"name":"Home","item":"https:\/\/hurghadalovers.com\/cs\/"},{"@type":"ListItem","position":2,"name":"Shop","item":"https:\/\/hurghadalovers.com\/shop\/"},{"@type":"ListItem","position":3,"name":"Soukrom\u00e9 z\u00e1jezdy do z\u00e1toky Soma v Luxoru a Asu\u00e1nu &#8211; 3 dny"}]},{"@type":"WebSite","@id":"https:\/\/hurghadalovers.com\/cs\/#website","url":"https:\/\/hurghadalovers.com\/cs\/","name":"Hurghada Excursions & Day Trips | Booking Best Prices Tours","description":"Hurghada Lovers - Best Tour Operator - Excursions &amp; Things to do for Family Day Trips with kids and Couples Romantic. Unique .Hidden gems","publisher":{"@id":"https:\/\/hurghadalovers.com\/cs\/#organization"},"alternateName":"Hurghada Excursions","potentialAction":[{"@type":"SearchAction","target":{"@type":"EntryPoint","urlTemplate":"https:\/\/hurghadalovers.com\/cs\/?s={search_term_string}"},"query-input":{"@type":"PropertyValueSpecification","valueRequired":true,"valueName":"search_term_string"}}],"inLanguage":"cs"},{"@type":["Organization","Place","TravelAgency"],"@id":"https:\/\/hurghadalovers.com\/cs\/#organization","name":"Hurghada Excursions","url":"https:\/\/hurghadalovers.com\/cs\/","logo":{"@id":"https:\/\/hurghadalovers.com\/cs\/tours\/soukrome-vylety-do-zalivu-soma-luxor-aswan-3-denni\/#local-main-organization-logo"},"image":{"@id":"https:\/\/hurghadalovers.com\/cs\/tours\/soukrome-vylety-do-zalivu-soma-luxor-aswan-3-denni\/#local-main-organization-logo"},"sameAs":["https:\/\/www.facebook.com\/Hurghadaloversegypt"],"address":{"@id":"https:\/\/hurghadalovers.com\/cs\/tours\/soukrome-vylety-do-zalivu-soma-luxor-aswan-3-denni\/#local-main-place-address"},"telephone":["00201112596434"],"contactPoint":{"@type":"ContactPoint","telephone":"00201112596434","email":"weyouface@gmail.com"},"openingHoursSpecification":{"@type":"OpeningHoursSpecification","dayOfWeek":["Monday","Tuesday","Wednesday","Thursday","Friday","Saturday","Sunday"],"opens":"00:00","closes":"23:59"},"email":"weyouface@gmail.com","areaServed":"Luxor, Hurghada, El Gouna, Aswan, Sharm El Sheikh, Giza, Alexandria, Marsa Alam, Quseir, Soma Bay, Sahl Hasheesh, Red Sea, Makadi Bay, Cairo","priceRange":"$","currenciesAccepted":"euro","paymentAccepted":"cash on site"},{"@type":"PostalAddress","@id":"https:\/\/hurghadalovers.com\/cs\/tours\/soukrome-vylety-do-zalivu-soma-luxor-aswan-3-denni\/#local-main-place-address","streetAddress":"17 Banks street, Alkawther area, top nbk bank","addressLocality":"hurghada","postalCode":"84511","addressRegion":"red sea","addressCountry":"EG"},{"@type":"ImageObject","inLanguage":"cs","@id":"https:\/\/hurghadalovers.com\/cs\/tours\/soukrome-vylety-do-zalivu-soma-luxor-aswan-3-denni\/#local-main-organization-logo","url":"https:\/\/hurghadalovers.com\/wp-content\/uploads\/2019\/10\/hurghada-excursions-logo.png","contentUrl":"https:\/\/hurghadalovers.com\/wp-content\/uploads\/2019\/10\/hurghada-excursions-logo.png","width":272,"height":90,"caption":"Hurghada Excursions"}]},"product_brand":"V\u00fdlety do Luxoru z Soma bay","product_price_amount":"550","product_price_currency":"EUR","og_availability":"instock","product_availability":"instock","product_retailer_item_id":"PrivateSoma012024","product_condition":"new","geo.placename":"hurghada","geo.region":"Egypt"},"_links":{"self":[{"href":"https:\/\/hurghadalovers.com\/cs\/wp-json\/wp\/v2\/product\/383712","targetHints":{"allow":["GET"]}}],"collection":[{"href":"https:\/\/hurghadalovers.com\/cs\/wp-json\/wp\/v2\/product"}],"about":[{"href":"https:\/\/hurghadalovers.com\/cs\/wp-json\/wp\/v2\/types\/product"}],"wp:featuredmedia":[{"embeddable":true,"href":"https:\/\/hurghadalovers.com\/cs\/wp-json\/wp\/v2\/media\/132040"}],"wp:attachment":[{"href":"https:\/\/hurghadalovers.com\/cs\/wp-json\/wp\/v2\/media?parent=383712"}],"wp:term":[{"taxonomy":"product_brand","embeddable":true,"href":"https:\/\/hurghadalovers.com\/cs\/wp-json\/wp\/v2\/product_brand?post=383712"},{"taxonomy":"product_cat","embeddable":true,"href":"https:\/\/hurghadalovers.com\/cs\/wp-json\/wp\/v2\/product_cat?post=383712"},{"taxonomy":"product_tag","embeddable":true,"href":"https:\/\/hurghadalovers.com\/cs\/wp-json\/wp\/v2\/product_tag?post=383712"}],"curies":[{"name":"wp","href":"https:\/\/api.w.org\/{rel}","templated":true}]}}