{"id":381248,"date":"2023-08-19T11:35:23","date_gmt":"2023-08-19T11:35:23","guid":{"rendered":"https:\/\/hurghadalovers.com\/shop\/nezarazene\/soukrome-taxisluzby-v-hurghade\/"},"modified":"2026-02-09T18:02:32","modified_gmt":"2026-02-09T18:02:32","slug":"soukrome-hurghada-taxi-prevozy","status":"publish","type":"product","link":"https:\/\/hurghadalovers.com\/cs\/tours\/soukrome-hurghada-taxi-prevozy\/","title":{"rendered":"Soukrom\u00e9 taxislu\u017eby v Hurghad\u011b"},"content":{"rendered":"<p><strong>Private Hurghada Taxi Transfers<\/strong> to Luxor, Cairo | Rezervace levn\u00e9 ceny Tourist Service Transfer by Luxury Minivan and Vip Car to Marsa alam, Soma bay, EL Gouna, Makadi bay, Hurghada (HRG) Airport | Cash on site.<\/p>\n<p><strong>Podrobnosti:<\/strong><\/p>\n<ul>\n<li>Typ z\u00e1jezdu: Luxusn\u00ed soukrom\u00e1 cesta autem nebo minivanem.<\/li>\n<li>Rezervace Taxi Car, Minivan, Dostupnost: Ka\u017ed\u00fd den.<\/li>\n<li>Bezbari\u00e9rov\u00fd p\u0159\u00edstup.<\/li>\n<li>\u010cas vyzvednut\u00ed z Hurghady do Luxoru: 04:30 hod.<\/li>\n<li>\u010cas vyzvednut\u00ed z Hurghady do K\u00e1hiry: 01:30 hod.<\/li>\n<li>\u010cas vyzvednut\u00ed z hotel\u016f v Hurghad\u011b na leti\u0161t\u011b Hurghada (HRG), Hurghada Marina: podle va\u0161eho p\u0159\u00e1n\u00ed.<\/li>\n<li>\n<\/li>\n<\/ul>\n<p><strong>Rezervujte nyn\u00ed a zapla\u0165te pozd\u011bji:<\/strong><\/p>\n<ul>\n<li>Hotovost na m\u00edst\u011b pro pr\u016fvodce.<\/li>\n<li>Platba egyptsk\u00fdmi librami, $, \u20ac nebo \u00a3.<\/li>\n<\/ul>\n<p><strong>Storno podm\u00ednky:<\/strong><\/p>\n<ul>\n<li>Zru\u0161it a\u017e 24 hodin p\u0159edem.<\/li>\n<li>Kdy\u017e n\u011bkdo z va\u0161\u00ed rodiny zru\u0161\u00ed dopoledne, zaplat\u00ed 50 % n\u00e1klad\u016f.<\/li>\n<\/ul>\n<p><strong>Co je v cen\u011b?<\/strong><\/p>\n<ul>\n<li>Transfer z hotel\u016f v Hurghad\u011b &#8222;Hotel pick up and drop off&#8220;.<\/li>\n<li>V\u0161echny dan\u011b, vstupn\u00ed poplatky a manipula\u010dn\u00ed poplatky.<\/li>\n<li>P\u0159estupy.<\/li>\n<li>N\u00e1poje.<\/li>\n<\/ul>\n<p><strong>V\u00fdjimky?<\/strong><\/p>\n<ul>\n<li>Spropitn\u00e9.<\/li>\n<\/ul>\n<p><strong>Soukrom\u00fd transfer z Hurghady do Luxoru:<\/strong><\/p>\n<p>Cena Taxi\/ Auto &#8222;3 m\u00edsta&#8220; = 130$ Cena za soukrom\u00e9 auto.<\/p>\n<p>Cena Minivan &#8222;8 m\u00edst&#8220; = 175$ Cena za soukrom\u00fd minivan\/minibus.<\/p>\n<p>Vzd\u00e1lenost mezi Hurghadou a Luxorem = 350 km<\/p>\n<p>\u010cas mezi Hurghadou a Luxorem = 4.30 hod.<\/p>\n<p>Tam 2 Zast\u00e1vky &#8220; 20 min p\u0159est\u00e1vka, 20 Turistick\u00e9 kontroln\u00ed body v Safaga&#8220;.<\/p>\n<p><strong> <\/strong><\/p>\n<p><strong>Soukrom\u00fd transfer Hurghada do K\u00e1hiry, pyramidy v G\u00edze:<\/strong><\/p>\n<p>Cena Taxi\/ Auto &#8222;3 m\u00edsta&#8220; = 140$ Cena za soukrom\u00e9 auto.<\/p>\n<p>Cena Minivan &#8222;8 m\u00edst&#8220; = 200$ Cena za soukrom\u00fd minivan\/minibus.<\/p>\n<p>Vzd\u00e1lenost mezi Hurghadou a K\u00e1hirou = 450 km<\/p>\n<p>\u010cas mezi Hurghadou a K\u00e1hirou = 6.30 hod.<\/p>\n<p>3 zast\u00e1vky &#8220; 20 min p\u0159est\u00e1vka v \u0161afr\u00e1nu Ras Ghareb, 15-30 min turistick\u00fd checkpoint&#8220;<\/p>\n<p><strong>Soukrom\u00fd transfer z leti\u0161t\u011b Hurghada (HRG) nebo na n\u011bj:<\/strong><\/p>\n<p>Cena Taxi\/ Auto &#8222;3 &#8211; 6 m\u00edst&#8220; = 20$ Cena za soukrom\u00e9 auto.<\/p>\n<p>Cena Minivan &#8222;12 m\u00edst&#8220; = 30$ Cena za soukrom\u00fd minivan\/minibus.<\/p>\n<p><strong> <\/strong><\/p>\n<p><strong>Soukrom\u00fd transfer z Hurghady do Hurghada Marina:<\/strong><\/p>\n<p>Cena Taxi \/ auto &#8220; 3 &#8211; 6 m\u00edst&#8220; 4hod = 30$ Cena za soukrom\u00e9 auto.<\/p>\n<p>Cena Minivan &#8222;12 m\u00edst&#8220; 4hod = 50$ Cena za soukrom\u00fd minivan\/minibus.<\/p>\n<p><strong> <\/strong><\/p>\n<p><strong>Soukrom\u00fd transfer z Hurghady do hotel\u016f El Gouna:<\/strong><\/p>\n<p>Cena Taxi\/ Auto &#8222;3 &#8211; 6 m\u00edst&#8220; = 40$ Cena za soukrom\u00e9 auto.<\/p>\n<p>Cena Minivan &#8222;12 m\u00edst&#8220; = 55$ Cena za soukrom\u00fd minivan\/minibus.<\/p>\n<p>Vzd\u00e1lenost mezi Hurghadou a El Gounou = 40 km<\/p>\n<p>Doba j\u00edzdy z Hurghady do El Gouny = 30 min.<\/p>\n<p><strong>Soukrom\u00e9 taxi Hurghada z Marsa Alam<\/strong><\/p>\n<p>Nab\u00edz\u00edme auta a autobusy pro p\u0159epravu v\u00e1s nebo va\u0161\u00ed skupiny z Marsa Alam do jak\u00e9hokoli pal\u00e1ce v Rud\u00e9m mo\u0159i v Egypt\u011b.<\/p>\n<p><strong>Soukrom\u00e9 transfery na leti\u0161t\u011b v K\u00e1hi\u0159e<\/strong><\/p>\n<p>pokud pot\u0159ebujete j\u00edt K\u00e1hira leti\u0161t\u011b a pot\u0159ebujete transfer do turistick\u00fdch m\u011bst Egypt, m\u016f\u017ee d\u016fv\u011b\u0159ovat n\u00e1m, aby v\u00e1m luxusn\u00ed soukrom\u00e9 vozy Autobusy Limousine Service.<\/p>\n<p><strong>Taxi z Hurghada do Sahl Hasheesh<\/strong><\/p>\n<p>Pot\u0159ebujete nejlep\u0161\u00ed cenu za soukromou dopravu jak\u00e9hokoli form\u00e1tu, kter\u00e1 v\u00e1s doprav\u00ed z leti\u0161t\u011b v Hurghad\u011b do hotel\u016f v Sahl Hashe nebo pot\u0159ebujete transfer z hotelu na jak\u00e9koli m\u00edsto, m\u016f\u017eete n\u00e1m d\u016fv\u011b\u0159ovat.<\/p>\n<p>1-3 osoby (standardn\u00ed v\u016fz) = cena od 10 USD<\/p>\n<p>4-8 osob (minibus) = cena od 23 USD<\/p>\n<p><strong>Taxi z Hurghada do Marsa Alam<\/strong><\/p>\n<p>Pokud jste p\u0159ijeli na leti\u0161t\u011b Hurghada nebo z m\u00edsta, kde pot\u0159ebujete nejlep\u0161\u00ed auta nebo autobus do nebo z Mars Alam k n\u00e1v\u0161t\u011bv\u011b K\u00e1hiry nebo Luxoru, zavolejte n\u00e1m pr\u00e1v\u011b te\u010f.<\/p>\n<p>1-3 osoby (individu\u00e1ln\u00ed v\u016fz) = 84 $<\/p>\n<p>4-8 osob (minibus) = 107 $<\/p>\n<p><strong>Taxi z leti\u0161t\u011b Hurghada do Makadi Bay<\/strong><\/p>\n<p>Nab\u00edz\u00edme nejlep\u0161\u00ed ceny transferu pro v\u00e1s samotn\u00e9 nebo pro skupinu hotel\u016f Makadi Bay a nav\u0161tivte pyramidy v K\u00e1hi\u0159e G\u00edze, nebo si ud\u011blejte v\u00fdlet do m\u011bsta Luxor.<\/p>\n<p>1-3 osoby (standardn\u00ed v\u016fz) = od 10 USD<\/p>\n<p>4-8 osob (minibus) = 23 USD<\/p>\n<p><strong>Taxi z Hurghada Airport do Soma Bay<\/strong><\/p>\n<p>Pokud pot\u0159ebujete luxusn\u00ed soukrom\u00e9 vozy, autobusy nebo limuz\u00edny pro p\u0159epravu do hotel\u016f v Soma Bay nebo pokud pot\u0159ebujete nav\u0161t\u00edvit turistick\u00e1 m\u00edsta v Egypt\u011b, objednejte si je u n\u00e1s.<\/p>\n<p>1-3 osoby (standardn\u00ed v\u016fz) = 35 USD<\/p>\n<p>4-8 osob (minibus) = 40 USD<\/p>\n<p>&nbsp;<\/p>\n<p>&nbsp;<\/p>\n<p><strong>Recenze:<\/strong><\/p>\n<p>pod\u00edvejte se na na\u0161e recenze na Google Map jako nejlep\u0161\u00ed <a href=\"https:\/\/g.page\/r\/CUeYvkngP3wkEBM\/review\">cestovn\u00ed kancel\u00e1\u0159 v Hurghad\u011b<\/a> online v <a href=\"https:\/\/hurghadalovers.com\/\">Hurghad\u011b<\/a> Egypt.<\/p>\n<p>&nbsp;<\/p>\n<p><strong>Pozn\u00e1mka:  <\/strong><\/p>\n<p>Prov\u00e1d\u00edme tak\u00e9 z\u00e1jezd s transferem z va\u0161eho hotelu v El Goua, Soma bay, Makadi bay, Sahl Hasheesh, Safaga s p\u0159\u00edplatkem = 10 $ na osobu.<\/p>\n<p>&nbsp;<\/p>\n<p><strong>Rezervace:<\/strong><\/p>\n<p>Odeslat hotel + \u010d\u00edslo pokoje + foto pas\u016f na WhatsApp: <strong>+201112596434<\/strong><\/p>\n<p>Pokud jste z Egypta Rezervace nyn\u00ed on-line a potvrdit p\u0159i p\u0159\u00edjezdu Hotel.<\/p>\n","protected":false},"excerpt":{"rendered":"<p>Private Hurghada Taxi Transfers to Luxor, Cairo | Rezervace levn\u00e9 ceny Tourist Service Transfer by Luxury Minivan and Vip Car to Marsa alam, Soma bay, EL Gouna, Makadi bay, Hurghada (HRG) Airport | Cash on site.<\/p>\n","protected":false},"featured_media":931095,"template":"","meta":{"_joinchat":[]},"product_brand":[],"product_cat":[29708],"product_tag":[],"class_list":{"0":"post-381248","1":"product","2":"type-product","3":"status-publish","4":"has-post-thumbnail","6":"product_cat-egypt-tours-cs","7":"tour_category-hurghada-excursions-cs","8":"tour_category-hurghada-to-luxor-trips-cs","10":"first","11":"instock","12":"sale","13":"shipping-taxable","14":"purchasable","15":"product-type-tour"},"yoast_head":"<!-- This site is optimized with the Yoast SEO Premium plugin v26.9 (Yoast SEO v27.2) - https:\/\/yoast.com\/product\/yoast-seo-premium-wordpress\/ -->\n<title>Soukrom\u00e9 taxi Hurghada do Luxoru, K\u00e1hiry<\/title>\n<meta name=\"description\" content=\"Private Hurghada Taxi Transfers to Luxor, Cairo | Rezervace levn\u00e9 ceny Tourist Service Transfer by Luxury Minivan and Vip Car to Marsa alam, Soma bay...\" \/>\n<meta name=\"robots\" content=\"index, follow, max-snippet:-1, max-image-preview:large, max-video-preview:-1\" \/>\n<link rel=\"canonical\" href=\"https:\/\/hurghadalovers.com\/cs\/tours\/soukrome-hurghada-taxi-prevozy\/\" \/>\n<meta property=\"og:locale\" content=\"cs_CZ\" \/>\n<meta property=\"og:type\" content=\"article\" \/>\n<meta property=\"og:title\" content=\"Soukrom\u00e9 taxislu\u017eby v Hurghad\u011b\" \/>\n<meta property=\"og:description\" content=\"Private Hurghada Taxi Transfers to Luxor, Cairo | Rezervace levn\u00e9 ceny Tourist Service Transfer by Luxury Minivan and Vip Car to Marsa alam, Soma bay...\" \/>\n<meta property=\"og:url\" content=\"https:\/\/hurghadalovers.com\/cs\/tours\/soukrome-hurghada-taxi-prevozy\/\" \/>\n<meta property=\"og:site_name\" content=\"Hurghada Excursions &amp; Day Trips | Booking Best Prices Tours\" \/>\n<meta property=\"article:publisher\" content=\"https:\/\/www.facebook.com\/Hurghadaloversegypt\" \/>\n<meta property=\"article:modified_time\" content=\"2026-02-09T18:02:32+00:00\" \/>\n<meta property=\"og:image\" content=\"https:\/\/hurghadalovers.com\/wp-content\/uploads\/2023\/08\/Private-Hurghada-Taxi-Transfers.jpeg\" \/>\n\t<meta property=\"og:image:width\" content=\"1600\" \/>\n\t<meta property=\"og:image:height\" content=\"1204\" \/>\n\t<meta property=\"og:image:type\" content=\"image\/jpeg\" \/>\n<meta name=\"twitter:card\" content=\"summary_large_image\" \/>\n<meta name=\"twitter:label1\" content=\"Cena\" \/>\n\t<meta name=\"twitter:data1\" content=\"&euro;&nbsp;20\" \/>\n\t<meta name=\"twitter:label2\" content=\"Dostupnost\" \/>\n\t<meta name=\"twitter:data2\" content=\"Skladem\" \/>\n<script type=\"application\/ld+json\" class=\"yoast-schema-graph\">{\"@context\":\"https:\/\/schema.org\",\"@graph\":[{\"@type\":[\"WebPage\",\"ItemPage\"],\"@id\":\"https:\/\/hurghadalovers.com\/cs\/tours\/soukrome-hurghada-taxi-prevozy\/\",\"url\":\"https:\/\/hurghadalovers.com\/cs\/tours\/soukrome-hurghada-taxi-prevozy\/\",\"name\":\"Soukrom\u00e9 taxi Hurghada do Luxoru, K\u00e1hiry\",\"isPartOf\":{\"@id\":\"https:\/\/hurghadalovers.com\/cs\/#website\"},\"primaryImageOfPage\":{\"@id\":\"https:\/\/hurghadalovers.com\/cs\/tours\/soukrome-hurghada-taxi-prevozy\/#primaryimage\"},\"image\":{\"@id\":\"https:\/\/hurghadalovers.com\/cs\/tours\/soukrome-hurghada-taxi-prevozy\/#primaryimage\"},\"thumbnailUrl\":\"https:\/\/hurghadalovers.com\/wp-content\/uploads\/2023\/08\/Private-Hurghada-Taxi-Transfers.jpeg\",\"datePublished\":\"2023-08-19T11:35:23+00:00\",\"dateModified\":\"2026-02-09T18:02:32+00:00\",\"description\":\"Private Hurghada Taxi Transfers to Luxor, Cairo | Rezervace levn\u00e9 ceny Tourist Service Transfer by Luxury Minivan and Vip Car to Marsa alam, Soma bay...\",\"breadcrumb\":{\"@id\":\"https:\/\/hurghadalovers.com\/cs\/tours\/soukrome-hurghada-taxi-prevozy\/#breadcrumb\"},\"inLanguage\":\"cs\",\"potentialAction\":[{\"@type\":\"ReadAction\",\"target\":[\"https:\/\/hurghadalovers.com\/cs\/tours\/soukrome-hurghada-taxi-prevozy\/\"]}]},{\"@type\":\"ImageObject\",\"inLanguage\":\"cs\",\"@id\":\"https:\/\/hurghadalovers.com\/cs\/tours\/soukrome-hurghada-taxi-prevozy\/#primaryimage\",\"url\":\"https:\/\/hurghadalovers.com\/wp-content\/uploads\/2023\/08\/Private-Hurghada-Taxi-Transfers.jpeg\",\"contentUrl\":\"https:\/\/hurghadalovers.com\/wp-content\/uploads\/2023\/08\/Private-Hurghada-Taxi-Transfers.jpeg\",\"width\":1600,\"height\":1204,\"caption\":\"Private Hurghada Taxi Transfers\"},{\"@type\":\"BreadcrumbList\",\"@id\":\"https:\/\/hurghadalovers.com\/cs\/tours\/soukrome-hurghada-taxi-prevozy\/#breadcrumb\",\"itemListElement\":[{\"@type\":\"ListItem\",\"position\":1,\"name\":\"Home\",\"item\":\"https:\/\/hurghadalovers.com\/cs\/\"},{\"@type\":\"ListItem\",\"position\":2,\"name\":\"Shop\",\"item\":\"https:\/\/hurghadalovers.com\/shop\/\"},{\"@type\":\"ListItem\",\"position\":3,\"name\":\"Soukrom\u00e9 taxislu\u017eby v Hurghad\u011b\"}]},{\"@type\":\"WebSite\",\"@id\":\"https:\/\/hurghadalovers.com\/cs\/#website\",\"url\":\"https:\/\/hurghadalovers.com\/cs\/\",\"name\":\"Hurghada Excursions & Day Trips | Booking Best Prices Tours\",\"description\":\"Hurghada Lovers - Best Tour Operator - Excursions &amp; Things to do for Family Day Trips with kids and Couples Romantic. Unique .Hidden gems\",\"publisher\":{\"@id\":\"https:\/\/hurghadalovers.com\/cs\/#organization\"},\"alternateName\":\"Hurghada Excursions\",\"potentialAction\":[{\"@type\":\"SearchAction\",\"target\":{\"@type\":\"EntryPoint\",\"urlTemplate\":\"https:\/\/hurghadalovers.com\/cs\/?s={search_term_string}\"},\"query-input\":{\"@type\":\"PropertyValueSpecification\",\"valueRequired\":true,\"valueName\":\"search_term_string\"}}],\"inLanguage\":\"cs\"},{\"@type\":[\"Organization\",\"Place\",\"TravelAgency\"],\"@id\":\"https:\/\/hurghadalovers.com\/cs\/#organization\",\"name\":\"Hurghada Excursions\",\"url\":\"https:\/\/hurghadalovers.com\/cs\/\",\"logo\":{\"@id\":\"https:\/\/hurghadalovers.com\/cs\/tours\/soukrome-hurghada-taxi-prevozy\/#local-main-organization-logo\"},\"image\":{\"@id\":\"https:\/\/hurghadalovers.com\/cs\/tours\/soukrome-hurghada-taxi-prevozy\/#local-main-organization-logo\"},\"sameAs\":[\"https:\/\/www.facebook.com\/Hurghadaloversegypt\"],\"address\":{\"@id\":\"https:\/\/hurghadalovers.com\/cs\/tours\/soukrome-hurghada-taxi-prevozy\/#local-main-place-address\"},\"telephone\":[\"00201112596434\"],\"contactPoint\":{\"@type\":\"ContactPoint\",\"telephone\":\"00201112596434\",\"email\":\"weyouface@gmail.com\"},\"openingHoursSpecification\":{\"@type\":\"OpeningHoursSpecification\",\"dayOfWeek\":[\"Monday\",\"Tuesday\",\"Wednesday\",\"Thursday\",\"Friday\",\"Saturday\",\"Sunday\"],\"opens\":\"00:00\",\"closes\":\"23:59\"},\"email\":\"weyouface@gmail.com\",\"areaServed\":\"Luxor, Hurghada, El Gouna, Aswan, Sharm El Sheikh, Giza, Alexandria, Marsa Alam, Quseir, Soma Bay, Sahl Hasheesh, Red Sea, Makadi Bay, Cairo\",\"priceRange\":\"$\",\"currenciesAccepted\":\"euro\",\"paymentAccepted\":\"cash on site\"},{\"@type\":\"PostalAddress\",\"@id\":\"https:\/\/hurghadalovers.com\/cs\/tours\/soukrome-hurghada-taxi-prevozy\/#local-main-place-address\",\"streetAddress\":\"17 Banks street, Alkawther area, top nbk bank\",\"addressLocality\":\"hurghada\",\"postalCode\":\"84511\",\"addressRegion\":\"red sea\",\"addressCountry\":\"EG\"},{\"@type\":\"ImageObject\",\"inLanguage\":\"cs\",\"@id\":\"https:\/\/hurghadalovers.com\/cs\/tours\/soukrome-hurghada-taxi-prevozy\/#local-main-organization-logo\",\"url\":\"https:\/\/hurghadalovers.com\/wp-content\/uploads\/2019\/10\/hurghada-excursions-logo.png\",\"contentUrl\":\"https:\/\/hurghadalovers.com\/wp-content\/uploads\/2019\/10\/hurghada-excursions-logo.png\",\"width\":272,\"height\":90,\"caption\":\"Hurghada Excursions\"}]}<\/script>\n<meta property=\"product:brand\" content=\"Co se d\u00e1 d\u011blat v Hurghad\u011b Egyptsk\u00e9\" \/>\n<meta property=\"product:price:amount\" content=\"20\" \/>\n<meta property=\"product:price:currency\" content=\"EUR\" \/>\n<meta property=\"og:availability\" content=\"instock\" \/>\n<meta property=\"product:availability\" content=\"instock\" \/>\n<meta property=\"product:retailer_item_id\" content=\"Transfers012024\" \/>\n<meta property=\"product:condition\" content=\"new\" \/>\n<meta name=\"geo.placename\" content=\"hurghada\" \/>\n<meta name=\"geo.region\" content=\"Egypt\" \/>\n<!-- \/ Yoast SEO Premium plugin. -->","yoast_head_json":{"title":"Soukrom\u00e9 taxi Hurghada do Luxoru, K\u00e1hiry","description":"Private Hurghada Taxi Transfers to Luxor, Cairo | Rezervace levn\u00e9 ceny Tourist Service Transfer by Luxury Minivan and Vip Car to Marsa alam, Soma bay...","robots":{"index":"index","follow":"follow","max-snippet":"max-snippet:-1","max-image-preview":"max-image-preview:large","max-video-preview":"max-video-preview:-1"},"canonical":"https:\/\/hurghadalovers.com\/cs\/tours\/soukrome-hurghada-taxi-prevozy\/","og_locale":"cs_CZ","og_type":"article","og_title":"Soukrom\u00e9 taxislu\u017eby v Hurghad\u011b","og_description":"Private Hurghada Taxi Transfers to Luxor, Cairo | Rezervace levn\u00e9 ceny Tourist Service Transfer by Luxury Minivan and Vip Car to Marsa alam, Soma bay...","og_url":"https:\/\/hurghadalovers.com\/cs\/tours\/soukrome-hurghada-taxi-prevozy\/","og_site_name":"Hurghada Excursions &amp; Day Trips | Booking Best Prices Tours","article_publisher":"https:\/\/www.facebook.com\/Hurghadaloversegypt","article_modified_time":"2026-02-09T18:02:32+00:00","og_image":[{"width":1600,"height":1204,"url":"https:\/\/hurghadalovers.com\/wp-content\/uploads\/2023\/08\/Private-Hurghada-Taxi-Transfers.jpeg","type":"image\/jpeg"}],"twitter_card":"summary_large_image","twitter_misc":{"Cena":"&euro;&nbsp;20","Dostupnost":"Skladem"},"schema":{"@context":"https:\/\/schema.org","@graph":[{"@type":["WebPage","ItemPage"],"@id":"https:\/\/hurghadalovers.com\/cs\/tours\/soukrome-hurghada-taxi-prevozy\/","url":"https:\/\/hurghadalovers.com\/cs\/tours\/soukrome-hurghada-taxi-prevozy\/","name":"Soukrom\u00e9 taxi Hurghada do Luxoru, K\u00e1hiry","isPartOf":{"@id":"https:\/\/hurghadalovers.com\/cs\/#website"},"primaryImageOfPage":{"@id":"https:\/\/hurghadalovers.com\/cs\/tours\/soukrome-hurghada-taxi-prevozy\/#primaryimage"},"image":{"@id":"https:\/\/hurghadalovers.com\/cs\/tours\/soukrome-hurghada-taxi-prevozy\/#primaryimage"},"thumbnailUrl":"https:\/\/hurghadalovers.com\/wp-content\/uploads\/2023\/08\/Private-Hurghada-Taxi-Transfers.jpeg","datePublished":"2023-08-19T11:35:23+00:00","dateModified":"2026-02-09T18:02:32+00:00","description":"Private Hurghada Taxi Transfers to Luxor, Cairo | Rezervace levn\u00e9 ceny Tourist Service Transfer by Luxury Minivan and Vip Car to Marsa alam, Soma bay...","breadcrumb":{"@id":"https:\/\/hurghadalovers.com\/cs\/tours\/soukrome-hurghada-taxi-prevozy\/#breadcrumb"},"inLanguage":"cs","potentialAction":[{"@type":"ReadAction","target":["https:\/\/hurghadalovers.com\/cs\/tours\/soukrome-hurghada-taxi-prevozy\/"]}]},{"@type":"ImageObject","inLanguage":"cs","@id":"https:\/\/hurghadalovers.com\/cs\/tours\/soukrome-hurghada-taxi-prevozy\/#primaryimage","url":"https:\/\/hurghadalovers.com\/wp-content\/uploads\/2023\/08\/Private-Hurghada-Taxi-Transfers.jpeg","contentUrl":"https:\/\/hurghadalovers.com\/wp-content\/uploads\/2023\/08\/Private-Hurghada-Taxi-Transfers.jpeg","width":1600,"height":1204,"caption":"Private Hurghada Taxi Transfers"},{"@type":"BreadcrumbList","@id":"https:\/\/hurghadalovers.com\/cs\/tours\/soukrome-hurghada-taxi-prevozy\/#breadcrumb","itemListElement":[{"@type":"ListItem","position":1,"name":"Home","item":"https:\/\/hurghadalovers.com\/cs\/"},{"@type":"ListItem","position":2,"name":"Shop","item":"https:\/\/hurghadalovers.com\/shop\/"},{"@type":"ListItem","position":3,"name":"Soukrom\u00e9 taxislu\u017eby v Hurghad\u011b"}]},{"@type":"WebSite","@id":"https:\/\/hurghadalovers.com\/cs\/#website","url":"https:\/\/hurghadalovers.com\/cs\/","name":"Hurghada Excursions & Day Trips | Booking Best Prices Tours","description":"Hurghada Lovers - Best Tour Operator - Excursions &amp; Things to do for Family Day Trips with kids and Couples Romantic. Unique .Hidden gems","publisher":{"@id":"https:\/\/hurghadalovers.com\/cs\/#organization"},"alternateName":"Hurghada Excursions","potentialAction":[{"@type":"SearchAction","target":{"@type":"EntryPoint","urlTemplate":"https:\/\/hurghadalovers.com\/cs\/?s={search_term_string}"},"query-input":{"@type":"PropertyValueSpecification","valueRequired":true,"valueName":"search_term_string"}}],"inLanguage":"cs"},{"@type":["Organization","Place","TravelAgency"],"@id":"https:\/\/hurghadalovers.com\/cs\/#organization","name":"Hurghada Excursions","url":"https:\/\/hurghadalovers.com\/cs\/","logo":{"@id":"https:\/\/hurghadalovers.com\/cs\/tours\/soukrome-hurghada-taxi-prevozy\/#local-main-organization-logo"},"image":{"@id":"https:\/\/hurghadalovers.com\/cs\/tours\/soukrome-hurghada-taxi-prevozy\/#local-main-organization-logo"},"sameAs":["https:\/\/www.facebook.com\/Hurghadaloversegypt"],"address":{"@id":"https:\/\/hurghadalovers.com\/cs\/tours\/soukrome-hurghada-taxi-prevozy\/#local-main-place-address"},"telephone":["00201112596434"],"contactPoint":{"@type":"ContactPoint","telephone":"00201112596434","email":"weyouface@gmail.com"},"openingHoursSpecification":{"@type":"OpeningHoursSpecification","dayOfWeek":["Monday","Tuesday","Wednesday","Thursday","Friday","Saturday","Sunday"],"opens":"00:00","closes":"23:59"},"email":"weyouface@gmail.com","areaServed":"Luxor, Hurghada, El Gouna, Aswan, Sharm El Sheikh, Giza, Alexandria, Marsa Alam, Quseir, Soma Bay, Sahl Hasheesh, Red Sea, Makadi Bay, Cairo","priceRange":"$","currenciesAccepted":"euro","paymentAccepted":"cash on site"},{"@type":"PostalAddress","@id":"https:\/\/hurghadalovers.com\/cs\/tours\/soukrome-hurghada-taxi-prevozy\/#local-main-place-address","streetAddress":"17 Banks street, Alkawther area, top nbk bank","addressLocality":"hurghada","postalCode":"84511","addressRegion":"red sea","addressCountry":"EG"},{"@type":"ImageObject","inLanguage":"cs","@id":"https:\/\/hurghadalovers.com\/cs\/tours\/soukrome-hurghada-taxi-prevozy\/#local-main-organization-logo","url":"https:\/\/hurghadalovers.com\/wp-content\/uploads\/2019\/10\/hurghada-excursions-logo.png","contentUrl":"https:\/\/hurghadalovers.com\/wp-content\/uploads\/2019\/10\/hurghada-excursions-logo.png","width":272,"height":90,"caption":"Hurghada Excursions"}]},"product_brand":"Co se d\u00e1 d\u011blat v Hurghad\u011b Egyptsk\u00e9","product_price_amount":"20","product_price_currency":"EUR","og_availability":"instock","product_availability":"instock","product_retailer_item_id":"Transfers012024","product_condition":"new","geo.placename":"hurghada","geo.region":"Egypt"},"_links":{"self":[{"href":"https:\/\/hurghadalovers.com\/cs\/wp-json\/wp\/v2\/product\/381248","targetHints":{"allow":["GET"]}}],"collection":[{"href":"https:\/\/hurghadalovers.com\/cs\/wp-json\/wp\/v2\/product"}],"about":[{"href":"https:\/\/hurghadalovers.com\/cs\/wp-json\/wp\/v2\/types\/product"}],"wp:featuredmedia":[{"embeddable":true,"href":"https:\/\/hurghadalovers.com\/cs\/wp-json\/wp\/v2\/media\/931095"}],"wp:attachment":[{"href":"https:\/\/hurghadalovers.com\/cs\/wp-json\/wp\/v2\/media?parent=381248"}],"wp:term":[{"taxonomy":"product_brand","embeddable":true,"href":"https:\/\/hurghadalovers.com\/cs\/wp-json\/wp\/v2\/product_brand?post=381248"},{"taxonomy":"product_cat","embeddable":true,"href":"https:\/\/hurghadalovers.com\/cs\/wp-json\/wp\/v2\/product_cat?post=381248"},{"taxonomy":"product_tag","embeddable":true,"href":"https:\/\/hurghadalovers.com\/cs\/wp-json\/wp\/v2\/product_tag?post=381248"}],"curies":[{"name":"wp","href":"https:\/\/api.w.org\/{rel}","templated":true}]}}