{"id":380072,"date":"2023-08-14T09:57:56","date_gmt":"2023-08-14T09:57:56","guid":{"rendered":"https:\/\/hurghadalovers.com\/shop\/nezarazene\/dopoledni-vylet-na-ctyrkolkach-poustni-safari-z-hurghady\/"},"modified":"2026-02-09T16:40:27","modified_gmt":"2026-02-09T16:40:27","slug":"ranni-ctverice-cyklistickych-vyletu-z-hurghady","status":"publish","type":"product","link":"https:\/\/hurghadalovers.com\/cs\/tours\/ranni-ctverice-cyklistickych-vyletu-z-hurghady\/","title":{"rendered":"Dopoledn\u00ed v\u00fdlet na \u010dty\u0159kolk\u00e1ch Pou\u0161tn\u00ed safari z Hurghady"},"content":{"rendered":"<p><strong>Dopoledn\u00ed v\u00fdlet na \u010dty\u0159kolk\u00e1ch na<\/strong> pou\u0161tn\u00ed safari z Hurghady do bedu\u00ednsk\u00e9 vesnice s proj\u00ed\u017e\u010fkou na velbloudech.<\/p>\n<p>Dobrodru\u017estv\u00ed pln\u00e9 nap\u011bt\u00ed, vzru\u0161en\u00ed,  <strong>adrenalin<\/strong>, j\u00edzda na \u010dty\u0159kolk\u00e1ch na vzd\u00e1lenost 25 km v okouzluj\u00edc\u00ed pou\u0161ti Hurghady a\u017e k&#8230;  <strong>Bedu\u00edn<\/strong>  oblast mezi n\u00e1horn\u00edmi plo\u0161inami a horami Rud\u00e9ho mo\u0159e, pak  <strong>j\u00edzda na velbloudu<\/strong>, pop\u00edjen\u00ed bedu\u00ednsk\u00e9ho \u010daje, pozn\u00e1v\u00e1n\u00ed \u017eivota bedu\u00edn\u016f a pak n\u00e1vrat do hotelu.  <strong>safari<\/strong>  stanice.<\/p>\n<p style=\"text-align: center;\"><span style=\"color: #ff6600;\">Nejlep\u0161\u00ed aktivity v Hurghad\u011b pro <span style=\"color: #993366;\"><br \/>\n  <strong>Romantick\u00e9<\/strong><br \/>\n<\/span> a <span style=\"color: #993366;\"><br \/>\n  <strong>L\u00edb\u00e1nky pro p\u00e1ry<\/strong><br \/>\n<\/span><\/span><\/p>\n<p><strong>Nejd\u016fle\u017eit\u011bj\u0161\u00ed informace:<\/strong><\/p>\n<ol>\n<li>J\u00edzda na \u010dty\u0159kolce.<\/li>\n<li>J\u00edzda na velbloudu.<\/li>\n<li>Bedu\u00ednsk\u00e1 vesnice.<\/li>\n<\/ol>\n<p><strong>Rann\u00ed v\u00fdlet na \u010dty\u0159kolk\u00e1ch Podrobnosti:<\/strong><\/p>\n<ul>\n<li>Dostupnost prohl\u00eddky: Ka\u017ed\u00fd den.<\/li>\n<li>Typ z\u00e1jezdu: Skupina: Z\u00e1jezd pro skupinu.<\/li>\n<li>\u010cas vyzvednut\u00ed: Od 08:15 hod.<\/li>\n<li>\u010cas vyzvednut\u00ed: 11:45 hod.<\/li>\n<li>Doba trv\u00e1n\u00ed: Doba trv\u00e1n\u00ed: 3 hod.<\/li>\n<\/ul>\n<p><strong>Rezervujte nyn\u00ed a zapla\u0165te pozd\u011bji:<\/strong><\/p>\n<ul>\n<li>Hotovost na m\u00edst\u011b pro pr\u016fvodce.<\/li>\n<li>Platba egyptsk\u00fdmi librami, $, \u20ac nebo \u00a3.<\/li>\n<\/ul>\n<p><strong>Storno podm\u00ednky:<\/strong><\/p>\n<ul>\n<li>Zru\u0161it a\u017e 24 hodin p\u0159edem.<\/li>\n<li>Kdy\u017e n\u011bkdo z va\u0161\u00ed rodiny zru\u0161\u00ed dopoledne, zaplat\u00ed 50 % n\u00e1klad\u016f.<\/li>\n<\/ul>\n<p><strong>Co je v cen\u011b?<\/strong><\/p>\n<ul>\n<li>Transfer z hotel\u016f v Hurghad\u011b &#8222;Hotel pick up and drop off&#8220;.<\/li>\n<li>V\u0161echny dan\u011b, vstupn\u00ed poplatky a manipula\u010dn\u00ed poplatky.<\/li>\n<li>P\u0159estupy.<\/li>\n<li>Pr\u016fvodce.<\/li>\n<li>P\u0159ilba.<\/li>\n<\/ul>\n<p><strong>V\u00fdjimky?<\/strong><\/p>\n<ul>\n<li>\u0160\u00e1tek<\/li>\n<li>Ochrann\u00e9 br\u00fdle<\/li>\n<li>Spropitn\u00e9.<\/li>\n<li>Fotografie na cestu.<\/li>\n<li>P\u0159\u00edplatky, kter\u00e9 nebyly zm\u00edn\u011bny.<\/li>\n<\/ul>\n<p><strong>Ceny rann\u00ed j\u00edzdy na \u010dty\u0159kolk\u00e1ch:<\/strong><\/p>\n<ul>\n<li><strong>Cena pro dosp\u011bl\u00e9 = <\/strong><strong>18 USD<\/strong><strong> za osobu<\/strong>.<\/li>\n<\/ul>\n<p><strong>Recenze:<\/strong><\/p>\n<p>pod\u00edvejte se na na\u0161e recenze na Google Map jako nejlep\u0161\u00ed <a href=\"https:\/\/g.page\/r\/CUeYvkngP3wkEBM\/review\">cestovn\u00ed kancel\u00e1\u0159 v Hurghad\u011b<\/a> online v <a href=\"https:\/\/hurghadalovers.com\/\">Hurghad\u011b<\/a> Egypt.<\/p>\n<p>&nbsp;<\/p>\n<p><strong>Pozn\u00e1mka:  <\/strong><\/p>\n<p>Prov\u00e1d\u00edme tak\u00e9 z\u00e1jezd s transferem z va\u0161eho hotelu v El Goua, Soma bay, Makadi bay, Sahl Hasheesh, Safaga s p\u0159\u00edplatkem = 10 $ na osobu.<\/p>\n<p>&nbsp;<\/p>\n<p><strong>Rezervace:<\/strong><\/p>\n<p>Odeslat hotel + \u010d\u00edslo pokoje + foto pas\u016f na WhatsApp: <strong>+201112596434<\/strong><\/p>\n<p>Pokud jste z Egypta Rezervace nyn\u00ed on-line a potvrdit p\u0159i p\u0159\u00edjezdu Hotel.<\/p>\n","protected":false},"excerpt":{"rendered":"<p>Dopoledn\u00ed v\u00fdlet na \u010dty\u0159kolk\u00e1ch na pou\u0161tn\u00ed safari z Hurghady do bedu\u00ednsk\u00e9 vesnice s proj\u00ed\u017e\u010fkou na velbloudech. Nejlep\u0161\u00ed aktivity v Hurghad\u011b pro romantick\u00e9 a p\u00e1rov\u00e9 l\u00edb\u00e1nky<\/p>\n","protected":false},"featured_media":932448,"template":"","meta":{"_joinchat":[]},"product_brand":[],"product_cat":[29708],"product_tag":[61276,61280,61270,61275,61279,61269,61273,61277,61272,61274,61278,61271],"class_list":{"0":"post-380072","1":"product","2":"type-product","3":"status-publish","4":"has-post-thumbnail","6":"product_cat-egypt-tours-cs","7":"product_tag-atv-hurghada-cs","8":"product_tag-beduinska-vesnice-hurghada","9":"product_tag-jeep-safari-hurghada-cs","10":"product_tag-jizda-na-ctyrkolkach-hurghada","11":"product_tag-jizda-na-velbloudech-hurghada","12":"product_tag-poustni-safari-hurghada","13":"product_tag-pozorovani-hvezd-hurghada","14":"product_tag-prohlidka-hurghady-s-buggy","15":"product_tag-safari-s-buginami-v-hurghade-cs","16":"product_tag-safari-sahara-hurghada-cs","17":"product_tag-safari-tour-hurghada-cs","18":"product_tag-super-safari-hurghada-cs","19":"tour_category-hurghada-excursions-cs","20":"tour_category-safari-hurghada-trips-cs","22":"first","23":"instock","24":"sale","25":"shipping-taxable","26":"purchasable","27":"product-type-tour"},"yoast_head":"<!-- This site is optimized with the Yoast SEO Premium plugin v26.9 (Yoast SEO v27.2) - https:\/\/yoast.com\/product\/yoast-seo-premium-wordpress\/ -->\n<title>Dopoledn\u00ed v\u00fdlet na \u010dty\u0159kolk\u00e1ch Pou\u0161tn\u00ed safari z Hurghady<\/title>\n<meta name=\"description\" content=\"Dopoledn\u00ed v\u00fdlet na \u010dty\u0159kolk\u00e1ch na pou\u0161tn\u00ed safari z Hurghady do bedu\u00ednsk\u00e9 vesnice s proj\u00ed\u017e\u010fkou na velbloudech. Nejlep\u0161\u00ed aktivity v Hurghad\u011b pro romantick\u00e9 a p\u00e1rov\u00e9 l\u00edb\u00e1nky\" \/>\n<meta name=\"robots\" content=\"index, follow, max-snippet:-1, max-image-preview:large, max-video-preview:-1\" \/>\n<link rel=\"canonical\" href=\"https:\/\/hurghadalovers.com\/cs\/tours\/ranni-ctverice-cyklistickych-vyletu-z-hurghady\/\" \/>\n<meta property=\"og:locale\" content=\"cs_CZ\" \/>\n<meta property=\"og:type\" content=\"article\" \/>\n<meta property=\"og:title\" content=\"Dopoledn\u00ed v\u00fdlet na \u010dty\u0159kolk\u00e1ch Pou\u0161tn\u00ed safari z Hurghady\" \/>\n<meta property=\"og:description\" content=\"Dopoledn\u00ed v\u00fdlet na \u010dty\u0159kolk\u00e1ch na pou\u0161tn\u00ed safari z Hurghady do bedu\u00ednsk\u00e9 vesnice s proj\u00ed\u017e\u010fkou na velbloudech. Nejlep\u0161\u00ed aktivity v Hurghad\u011b pro romantick\u00e9 a p\u00e1rov\u00e9 l\u00edb\u00e1nky\" \/>\n<meta property=\"og:url\" content=\"https:\/\/hurghadalovers.com\/cs\/tours\/ranni-ctverice-cyklistickych-vyletu-z-hurghady\/\" \/>\n<meta property=\"og:site_name\" content=\"Hurghada Excursions &amp; Day Trips | Booking Best Prices Tours\" \/>\n<meta property=\"article:publisher\" content=\"https:\/\/www.facebook.com\/Hurghadaloversegypt\" \/>\n<meta property=\"article:modified_time\" content=\"2026-02-09T16:40:27+00:00\" \/>\n<meta property=\"og:image\" content=\"https:\/\/hurghadalovers.com\/wp-content\/uploads\/2023\/08\/Hurghada-Quad-Biking-on-the-Beach-Trip.jpeg\" \/>\n\t<meta property=\"og:image:width\" content=\"1156\" \/>\n\t<meta property=\"og:image:height\" content=\"867\" \/>\n\t<meta property=\"og:image:type\" content=\"image\/jpeg\" \/>\n<meta name=\"twitter:card\" content=\"summary_large_image\" \/>\n<meta name=\"twitter:label1\" content=\"Cena\" \/>\n\t<meta name=\"twitter:data1\" content=\"&euro;&nbsp;40\" \/>\n\t<meta name=\"twitter:label2\" content=\"Dostupnost\" \/>\n\t<meta name=\"twitter:data2\" content=\"Skladem\" \/>\n<script type=\"application\/ld+json\" class=\"yoast-schema-graph\">{\"@context\":\"https:\/\/schema.org\",\"@graph\":[{\"@type\":[\"WebPage\",\"ItemPage\"],\"@id\":\"https:\/\/hurghadalovers.com\/cs\/tours\/ranni-ctverice-cyklistickych-vyletu-z-hurghady\/\",\"url\":\"https:\/\/hurghadalovers.com\/cs\/tours\/ranni-ctverice-cyklistickych-vyletu-z-hurghady\/\",\"name\":\"Dopoledn\u00ed v\u00fdlet na \u010dty\u0159kolk\u00e1ch Pou\u0161tn\u00ed safari z Hurghady\",\"isPartOf\":{\"@id\":\"https:\/\/hurghadalovers.com\/cs\/#website\"},\"primaryImageOfPage\":{\"@id\":\"https:\/\/hurghadalovers.com\/cs\/tours\/ranni-ctverice-cyklistickych-vyletu-z-hurghady\/#primaryimage\"},\"image\":{\"@id\":\"https:\/\/hurghadalovers.com\/cs\/tours\/ranni-ctverice-cyklistickych-vyletu-z-hurghady\/#primaryimage\"},\"thumbnailUrl\":\"https:\/\/hurghadalovers.com\/wp-content\/uploads\/2023\/08\/Hurghada-Quad-Biking-on-the-Beach-Trip.jpeg\",\"datePublished\":\"2023-08-14T09:57:56+00:00\",\"dateModified\":\"2026-02-09T16:40:27+00:00\",\"description\":\"Dopoledn\u00ed v\u00fdlet na \u010dty\u0159kolk\u00e1ch na pou\u0161tn\u00ed safari z Hurghady do bedu\u00ednsk\u00e9 vesnice s proj\u00ed\u017e\u010fkou na velbloudech. Nejlep\u0161\u00ed aktivity v Hurghad\u011b pro romantick\u00e9 a p\u00e1rov\u00e9 l\u00edb\u00e1nky\",\"breadcrumb\":{\"@id\":\"https:\/\/hurghadalovers.com\/cs\/tours\/ranni-ctverice-cyklistickych-vyletu-z-hurghady\/#breadcrumb\"},\"inLanguage\":\"cs\",\"potentialAction\":[{\"@type\":\"ReadAction\",\"target\":[\"https:\/\/hurghadalovers.com\/cs\/tours\/ranni-ctverice-cyklistickych-vyletu-z-hurghady\/\"]}]},{\"@type\":\"ImageObject\",\"inLanguage\":\"cs\",\"@id\":\"https:\/\/hurghadalovers.com\/cs\/tours\/ranni-ctverice-cyklistickych-vyletu-z-hurghady\/#primaryimage\",\"url\":\"https:\/\/hurghadalovers.com\/wp-content\/uploads\/2023\/08\/Hurghada-Quad-Biking-on-the-Beach-Trip.jpeg\",\"contentUrl\":\"https:\/\/hurghadalovers.com\/wp-content\/uploads\/2023\/08\/Hurghada-Quad-Biking-on-the-Beach-Trip.jpeg\",\"width\":1156,\"height\":867,\"caption\":\"Hurghada Quad Biking on the Beach Trip\"},{\"@type\":\"BreadcrumbList\",\"@id\":\"https:\/\/hurghadalovers.com\/cs\/tours\/ranni-ctverice-cyklistickych-vyletu-z-hurghady\/#breadcrumb\",\"itemListElement\":[{\"@type\":\"ListItem\",\"position\":1,\"name\":\"Home\",\"item\":\"https:\/\/hurghadalovers.com\/cs\/\"},{\"@type\":\"ListItem\",\"position\":2,\"name\":\"Shop\",\"item\":\"https:\/\/hurghadalovers.com\/shop\/\"},{\"@type\":\"ListItem\",\"position\":3,\"name\":\"Dopoledn\u00ed v\u00fdlet na \u010dty\u0159kolk\u00e1ch Pou\u0161tn\u00ed safari z Hurghady\"}]},{\"@type\":\"WebSite\",\"@id\":\"https:\/\/hurghadalovers.com\/cs\/#website\",\"url\":\"https:\/\/hurghadalovers.com\/cs\/\",\"name\":\"Hurghada Excursions & Day Trips | Booking Best Prices Tours\",\"description\":\"Hurghada Lovers - Best Tour Operator - Excursions &amp; Things to do for Family Day Trips with kids and Couples Romantic. Unique .Hidden gems\",\"publisher\":{\"@id\":\"https:\/\/hurghadalovers.com\/cs\/#organization\"},\"alternateName\":\"Hurghada Excursions\",\"potentialAction\":[{\"@type\":\"SearchAction\",\"target\":{\"@type\":\"EntryPoint\",\"urlTemplate\":\"https:\/\/hurghadalovers.com\/cs\/?s={search_term_string}\"},\"query-input\":{\"@type\":\"PropertyValueSpecification\",\"valueRequired\":true,\"valueName\":\"search_term_string\"}}],\"inLanguage\":\"cs\"},{\"@type\":[\"Organization\",\"Place\",\"TravelAgency\"],\"@id\":\"https:\/\/hurghadalovers.com\/cs\/#organization\",\"name\":\"Hurghada Excursions\",\"url\":\"https:\/\/hurghadalovers.com\/cs\/\",\"logo\":{\"@id\":\"https:\/\/hurghadalovers.com\/cs\/tours\/ranni-ctverice-cyklistickych-vyletu-z-hurghady\/#local-main-organization-logo\"},\"image\":{\"@id\":\"https:\/\/hurghadalovers.com\/cs\/tours\/ranni-ctverice-cyklistickych-vyletu-z-hurghady\/#local-main-organization-logo\"},\"sameAs\":[\"https:\/\/www.facebook.com\/Hurghadaloversegypt\"],\"address\":{\"@id\":\"https:\/\/hurghadalovers.com\/cs\/tours\/ranni-ctverice-cyklistickych-vyletu-z-hurghady\/#local-main-place-address\"},\"telephone\":[\"00201112596434\"],\"contactPoint\":{\"@type\":\"ContactPoint\",\"telephone\":\"00201112596434\",\"email\":\"weyouface@gmail.com\"},\"openingHoursSpecification\":{\"@type\":\"OpeningHoursSpecification\",\"dayOfWeek\":[\"Monday\",\"Tuesday\",\"Wednesday\",\"Thursday\",\"Friday\",\"Saturday\",\"Sunday\"],\"opens\":\"00:00\",\"closes\":\"23:59\"},\"email\":\"weyouface@gmail.com\",\"areaServed\":\"Luxor, Hurghada, El Gouna, Aswan, Sharm El Sheikh, Giza, Alexandria, Marsa Alam, Quseir, Soma Bay, Sahl Hasheesh, Red Sea, Makadi Bay, Cairo\",\"priceRange\":\"$\",\"currenciesAccepted\":\"euro\",\"paymentAccepted\":\"cash on site\"},{\"@type\":\"PostalAddress\",\"@id\":\"https:\/\/hurghadalovers.com\/cs\/tours\/ranni-ctverice-cyklistickych-vyletu-z-hurghady\/#local-main-place-address\",\"streetAddress\":\"17 Banks street, Alkawther area, top nbk bank\",\"addressLocality\":\"hurghada\",\"postalCode\":\"84511\",\"addressRegion\":\"red sea\",\"addressCountry\":\"EG\"},{\"@type\":\"ImageObject\",\"inLanguage\":\"cs\",\"@id\":\"https:\/\/hurghadalovers.com\/cs\/tours\/ranni-ctverice-cyklistickych-vyletu-z-hurghady\/#local-main-organization-logo\",\"url\":\"https:\/\/hurghadalovers.com\/wp-content\/uploads\/2019\/10\/hurghada-excursions-logo.png\",\"contentUrl\":\"https:\/\/hurghadalovers.com\/wp-content\/uploads\/2019\/10\/hurghada-excursions-logo.png\",\"width\":272,\"height\":90,\"caption\":\"Hurghada Excursions\"}]}<\/script>\n<meta property=\"product:brand\" content=\"Co se d\u00e1 d\u011blat v Hurghad\u011b Egyptsk\u00e9\" \/>\n<meta property=\"product:price:amount\" content=\"40\" \/>\n<meta property=\"product:price:currency\" content=\"EUR\" \/>\n<meta property=\"og:availability\" content=\"instock\" \/>\n<meta property=\"product:availability\" content=\"instock\" \/>\n<meta property=\"product:retailer_item_id\" content=\"Safari012024\" \/>\n<meta property=\"product:condition\" content=\"new\" \/>\n<meta name=\"geo.placename\" content=\"hurghada\" \/>\n<meta name=\"geo.region\" content=\"Egypt\" \/>\n<!-- \/ Yoast SEO Premium plugin. -->","yoast_head_json":{"title":"Dopoledn\u00ed v\u00fdlet na \u010dty\u0159kolk\u00e1ch Pou\u0161tn\u00ed safari z Hurghady","description":"Dopoledn\u00ed v\u00fdlet na \u010dty\u0159kolk\u00e1ch na pou\u0161tn\u00ed safari z Hurghady do bedu\u00ednsk\u00e9 vesnice s proj\u00ed\u017e\u010fkou na velbloudech. Nejlep\u0161\u00ed aktivity v Hurghad\u011b pro romantick\u00e9 a p\u00e1rov\u00e9 l\u00edb\u00e1nky","robots":{"index":"index","follow":"follow","max-snippet":"max-snippet:-1","max-image-preview":"max-image-preview:large","max-video-preview":"max-video-preview:-1"},"canonical":"https:\/\/hurghadalovers.com\/cs\/tours\/ranni-ctverice-cyklistickych-vyletu-z-hurghady\/","og_locale":"cs_CZ","og_type":"article","og_title":"Dopoledn\u00ed v\u00fdlet na \u010dty\u0159kolk\u00e1ch Pou\u0161tn\u00ed safari z Hurghady","og_description":"Dopoledn\u00ed v\u00fdlet na \u010dty\u0159kolk\u00e1ch na pou\u0161tn\u00ed safari z Hurghady do bedu\u00ednsk\u00e9 vesnice s proj\u00ed\u017e\u010fkou na velbloudech. Nejlep\u0161\u00ed aktivity v Hurghad\u011b pro romantick\u00e9 a p\u00e1rov\u00e9 l\u00edb\u00e1nky","og_url":"https:\/\/hurghadalovers.com\/cs\/tours\/ranni-ctverice-cyklistickych-vyletu-z-hurghady\/","og_site_name":"Hurghada Excursions &amp; Day Trips | Booking Best Prices Tours","article_publisher":"https:\/\/www.facebook.com\/Hurghadaloversegypt","article_modified_time":"2026-02-09T16:40:27+00:00","og_image":[{"width":1156,"height":867,"url":"https:\/\/hurghadalovers.com\/wp-content\/uploads\/2023\/08\/Hurghada-Quad-Biking-on-the-Beach-Trip.jpeg","type":"image\/jpeg"}],"twitter_card":"summary_large_image","twitter_misc":{"Cena":"&euro;&nbsp;40","Dostupnost":"Skladem"},"schema":{"@context":"https:\/\/schema.org","@graph":[{"@type":["WebPage","ItemPage"],"@id":"https:\/\/hurghadalovers.com\/cs\/tours\/ranni-ctverice-cyklistickych-vyletu-z-hurghady\/","url":"https:\/\/hurghadalovers.com\/cs\/tours\/ranni-ctverice-cyklistickych-vyletu-z-hurghady\/","name":"Dopoledn\u00ed v\u00fdlet na \u010dty\u0159kolk\u00e1ch Pou\u0161tn\u00ed safari z Hurghady","isPartOf":{"@id":"https:\/\/hurghadalovers.com\/cs\/#website"},"primaryImageOfPage":{"@id":"https:\/\/hurghadalovers.com\/cs\/tours\/ranni-ctverice-cyklistickych-vyletu-z-hurghady\/#primaryimage"},"image":{"@id":"https:\/\/hurghadalovers.com\/cs\/tours\/ranni-ctverice-cyklistickych-vyletu-z-hurghady\/#primaryimage"},"thumbnailUrl":"https:\/\/hurghadalovers.com\/wp-content\/uploads\/2023\/08\/Hurghada-Quad-Biking-on-the-Beach-Trip.jpeg","datePublished":"2023-08-14T09:57:56+00:00","dateModified":"2026-02-09T16:40:27+00:00","description":"Dopoledn\u00ed v\u00fdlet na \u010dty\u0159kolk\u00e1ch na pou\u0161tn\u00ed safari z Hurghady do bedu\u00ednsk\u00e9 vesnice s proj\u00ed\u017e\u010fkou na velbloudech. Nejlep\u0161\u00ed aktivity v Hurghad\u011b pro romantick\u00e9 a p\u00e1rov\u00e9 l\u00edb\u00e1nky","breadcrumb":{"@id":"https:\/\/hurghadalovers.com\/cs\/tours\/ranni-ctverice-cyklistickych-vyletu-z-hurghady\/#breadcrumb"},"inLanguage":"cs","potentialAction":[{"@type":"ReadAction","target":["https:\/\/hurghadalovers.com\/cs\/tours\/ranni-ctverice-cyklistickych-vyletu-z-hurghady\/"]}]},{"@type":"ImageObject","inLanguage":"cs","@id":"https:\/\/hurghadalovers.com\/cs\/tours\/ranni-ctverice-cyklistickych-vyletu-z-hurghady\/#primaryimage","url":"https:\/\/hurghadalovers.com\/wp-content\/uploads\/2023\/08\/Hurghada-Quad-Biking-on-the-Beach-Trip.jpeg","contentUrl":"https:\/\/hurghadalovers.com\/wp-content\/uploads\/2023\/08\/Hurghada-Quad-Biking-on-the-Beach-Trip.jpeg","width":1156,"height":867,"caption":"Hurghada Quad Biking on the Beach Trip"},{"@type":"BreadcrumbList","@id":"https:\/\/hurghadalovers.com\/cs\/tours\/ranni-ctverice-cyklistickych-vyletu-z-hurghady\/#breadcrumb","itemListElement":[{"@type":"ListItem","position":1,"name":"Home","item":"https:\/\/hurghadalovers.com\/cs\/"},{"@type":"ListItem","position":2,"name":"Shop","item":"https:\/\/hurghadalovers.com\/shop\/"},{"@type":"ListItem","position":3,"name":"Dopoledn\u00ed v\u00fdlet na \u010dty\u0159kolk\u00e1ch Pou\u0161tn\u00ed safari z Hurghady"}]},{"@type":"WebSite","@id":"https:\/\/hurghadalovers.com\/cs\/#website","url":"https:\/\/hurghadalovers.com\/cs\/","name":"Hurghada Excursions & Day Trips | Booking Best Prices Tours","description":"Hurghada Lovers - Best Tour Operator - Excursions &amp; Things to do for Family Day Trips with kids and Couples Romantic. Unique .Hidden gems","publisher":{"@id":"https:\/\/hurghadalovers.com\/cs\/#organization"},"alternateName":"Hurghada Excursions","potentialAction":[{"@type":"SearchAction","target":{"@type":"EntryPoint","urlTemplate":"https:\/\/hurghadalovers.com\/cs\/?s={search_term_string}"},"query-input":{"@type":"PropertyValueSpecification","valueRequired":true,"valueName":"search_term_string"}}],"inLanguage":"cs"},{"@type":["Organization","Place","TravelAgency"],"@id":"https:\/\/hurghadalovers.com\/cs\/#organization","name":"Hurghada Excursions","url":"https:\/\/hurghadalovers.com\/cs\/","logo":{"@id":"https:\/\/hurghadalovers.com\/cs\/tours\/ranni-ctverice-cyklistickych-vyletu-z-hurghady\/#local-main-organization-logo"},"image":{"@id":"https:\/\/hurghadalovers.com\/cs\/tours\/ranni-ctverice-cyklistickych-vyletu-z-hurghady\/#local-main-organization-logo"},"sameAs":["https:\/\/www.facebook.com\/Hurghadaloversegypt"],"address":{"@id":"https:\/\/hurghadalovers.com\/cs\/tours\/ranni-ctverice-cyklistickych-vyletu-z-hurghady\/#local-main-place-address"},"telephone":["00201112596434"],"contactPoint":{"@type":"ContactPoint","telephone":"00201112596434","email":"weyouface@gmail.com"},"openingHoursSpecification":{"@type":"OpeningHoursSpecification","dayOfWeek":["Monday","Tuesday","Wednesday","Thursday","Friday","Saturday","Sunday"],"opens":"00:00","closes":"23:59"},"email":"weyouface@gmail.com","areaServed":"Luxor, Hurghada, El Gouna, Aswan, Sharm El Sheikh, Giza, Alexandria, Marsa Alam, Quseir, Soma Bay, Sahl Hasheesh, Red Sea, Makadi Bay, Cairo","priceRange":"$","currenciesAccepted":"euro","paymentAccepted":"cash on site"},{"@type":"PostalAddress","@id":"https:\/\/hurghadalovers.com\/cs\/tours\/ranni-ctverice-cyklistickych-vyletu-z-hurghady\/#local-main-place-address","streetAddress":"17 Banks street, Alkawther area, top nbk bank","addressLocality":"hurghada","postalCode":"84511","addressRegion":"red sea","addressCountry":"EG"},{"@type":"ImageObject","inLanguage":"cs","@id":"https:\/\/hurghadalovers.com\/cs\/tours\/ranni-ctverice-cyklistickych-vyletu-z-hurghady\/#local-main-organization-logo","url":"https:\/\/hurghadalovers.com\/wp-content\/uploads\/2019\/10\/hurghada-excursions-logo.png","contentUrl":"https:\/\/hurghadalovers.com\/wp-content\/uploads\/2019\/10\/hurghada-excursions-logo.png","width":272,"height":90,"caption":"Hurghada Excursions"}]},"product_brand":"Co se d\u00e1 d\u011blat v Hurghad\u011b Egyptsk\u00e9","product_price_amount":"40","product_price_currency":"EUR","og_availability":"instock","product_availability":"instock","product_retailer_item_id":"Safari012024","product_condition":"new","geo.placename":"hurghada","geo.region":"Egypt"},"_links":{"self":[{"href":"https:\/\/hurghadalovers.com\/cs\/wp-json\/wp\/v2\/product\/380072","targetHints":{"allow":["GET"]}}],"collection":[{"href":"https:\/\/hurghadalovers.com\/cs\/wp-json\/wp\/v2\/product"}],"about":[{"href":"https:\/\/hurghadalovers.com\/cs\/wp-json\/wp\/v2\/types\/product"}],"wp:featuredmedia":[{"embeddable":true,"href":"https:\/\/hurghadalovers.com\/cs\/wp-json\/wp\/v2\/media\/932448"}],"wp:attachment":[{"href":"https:\/\/hurghadalovers.com\/cs\/wp-json\/wp\/v2\/media?parent=380072"}],"wp:term":[{"taxonomy":"product_brand","embeddable":true,"href":"https:\/\/hurghadalovers.com\/cs\/wp-json\/wp\/v2\/product_brand?post=380072"},{"taxonomy":"product_cat","embeddable":true,"href":"https:\/\/hurghadalovers.com\/cs\/wp-json\/wp\/v2\/product_cat?post=380072"},{"taxonomy":"product_tag","embeddable":true,"href":"https:\/\/hurghadalovers.com\/cs\/wp-json\/wp\/v2\/product_tag?post=380072"}],"curies":[{"name":"wp","href":"https:\/\/api.w.org\/{rel}","templated":true}]}}