{"id":379477,"date":"2023-08-12T08:38:05","date_gmt":"2023-08-12T08:45:42","guid":{"rendered":"https:\/\/hurghadalovers.com\/shop\/nezarazene\/soukromy-jednodenni-vylet-z-hurghady-do-kahiry-a-luxoru-2-dny\/"},"modified":"2026-02-07T18:25:47","modified_gmt":"2026-02-07T18:25:47","slug":"soukromy-jednodenni-vylet-z-hurgady-do-kahiry-a-luxor-2dny","status":"publish","type":"product","link":"https:\/\/hurghadalovers.com\/cs\/tours\/soukromy-jednodenni-vylet-z-hurgady-do-kahiry-a-luxor-2dny\/","title":{"rendered":"Soukrom\u00fd jednodenn\u00ed v\u00fdlet z Hurghady do K\u00e1hiry a Luxoru 2 DNY"},"content":{"rendered":"<p><strong>Soukrom\u00fd celodenn\u00ed v\u00fdlet z Hurghady<\/strong> do K\u00e1hiry a Luxoru na 2 dny se soukrom\u00fdm pr\u016fvodcem, vstupenkami a ob\u011bdem.<\/p>\n<p>Jedine\u010dn\u00fd z\u00e1jezd, p\u0159i kter\u00e9m se dozv\u00edte o tajemstv\u00edch a historii stavby <strong>pyramid<\/strong> a Velk\u00e9 <strong>sfingy<\/strong> a o skute\u010dnostech t\u00fdkaj\u00edc\u00edch se chr\u00e1m\u016f a kr\u00e1lovsk\u00fdch hrobek v <strong>Luxoru<\/strong>, a to b\u011bhem dvoudenn\u00edho z\u00e1jezdu, kter\u00fd zahrnuje v\u0161e.<\/p>\n<p>&nbsp;<\/p>\n<p><strong>Nejd\u016fle\u017eit\u011bj\u0161\u00ed informace:<\/strong><\/p>\n<ul>\n<li>Pyramidy v G\u00edze.<\/li>\n<li>Velk\u00e1 Sfinga.<\/li>\n<li>\u00dadoln\u00ed chr\u00e1m.<\/li>\n<li>Star\u00fd bazar.<\/li>\n<li>Egyptsk\u00e9 muzeum.<\/li>\n<li>Chr\u00e1m v Karnaku.<\/li>\n<li>Memnonovy kolosy.<\/li>\n<li>Hat\u0161epsutin poh\u0159ebn\u00ed chr\u00e1m.<\/li>\n<li>3 hrobky v \u00dadol\u00ed kr\u00e1l\u016f.<\/li>\n<li>Ob\u011bd v restauraci.<\/li>\n<\/ul>\n<p><strong>Soukrom\u00fd jednodenn\u00ed v\u00fdlet z Hurghady Podrobnosti:<\/strong><\/p>\n<ul>\n<li>Dostupnost prohl\u00eddky: Ka\u017ed\u00fd den.<\/li>\n<li>Typ z\u00e1jezdu: Soukrom\u00e1 j\u00edzda autem nebo minivanem.<\/li>\n<li>\u010cas vyzvednut\u00ed: Od 02:30 hod.<\/li>\n<li>\u017d\u00e1dost o hotel Z\u00edskejte sn\u00edda\u0148ovou ta\u0161ku s v\u00e1mi R\u00e1no.<\/li>\n<li>\u010cas vyzvednut\u00ed: 19:30.<\/li>\n<li>Bezbari\u00e9rov\u00fd p\u0159\u00edstup.<\/li>\n<li>Doba trv\u00e1n\u00ed: 2 dny a 1 noc.<\/li>\n<\/ul>\n<p><strong>Rezervujte nyn\u00ed a zapla\u0165te pozd\u011bji:<\/strong><\/p>\n<ul>\n<li>Hotovost na m\u00edst\u011b pro pr\u016fvodce.<\/li>\n<li>Platba egyptsk\u00fdmi librami, $, \u20ac nebo \u00a3.<\/li>\n<\/ul>\n<p><strong>Storno podm\u00ednky:<\/strong><\/p>\n<ul>\n<li>Zru\u0161it a\u017e 24 hodin p\u0159edem.<\/li>\n<li>Kdy\u017e n\u011bkdo z va\u0161\u00ed rodiny zru\u0161\u00ed dopoledne, zaplat\u00ed 50 % n\u00e1klad\u016f.<\/li>\n<\/ul>\n<p><strong>Co zahrnuje soukrom\u00fd jednodenn\u00ed v\u00fdlet z Hurghady?<\/strong><\/p>\n<ul>\n<li>Transfer z hotel\u016f v Hurghad\u011b &#8222;Hotel pick up and drop off&#8220;.<\/li>\n<li>V\u0161echny dan\u011b, vstupn\u00ed poplatky a manipula\u010dn\u00ed poplatky.<\/li>\n<li>Letenka K\u00e1hira \/ Luxor.<\/li>\n<li>P\u0159estupy.<\/li>\n<li>Pr\u016fvodce.<\/li>\n<li>Jedna noc v hotelu v Luxoru.<\/li>\n<li>N\u00e1poje.<\/li>\n<li>Ob\u011bd v restauraci.<\/li>\n<\/ul>\n<p><strong>V\u00fdjimky?<\/strong><\/p>\n<ul>\n<li>Spropitn\u00e9.<\/li>\n<li>V\u00fdlet na Felucce &#8222;Plavba lod\u00ed&#8220; Za 35 min= 10$.<\/li>\n<li>Ko\u0148sk\u00fd povoz v oblasti pyramid.<\/li>\n<li>Vstupenka do Velk\u00e9 Chufuovy pyramidy.<\/li>\n<li>P\u0159\u00edplatky, kter\u00e9 nebyly zm\u00edn\u011bny.<\/li>\n<\/ul>\n<p><strong>Soukrom\u00fd celodenn\u00ed v\u00fdlet z Hurghady Ceny:<\/strong><\/p>\n<ul>\n<li><strong>Cena pro dosp\u011bl\u00e9 = <\/strong><strong>od 510 USD<\/strong><strong> za osobu<\/strong>.<\/li>\n<li>Cena pro d\u011bti &#8222;5-12&#8220; = 50%.<\/li>\n<li>pro d\u011bti &#8222;0-5&#8220; = zdarma.<\/li>\n<\/ul>\n<p><strong>Recenze:<\/strong><\/p>\n<p>pod\u00edvejte se na na\u0161e recenze na Google Map jako nejlep\u0161\u00ed <a href=\"https:\/\/g.page\/r\/CUeYvkngP3wkEBM\/review\">cestovn\u00ed kancel\u00e1\u0159 v Hurghad\u011b<\/a> online v <a href=\"https:\/\/hurghadalovers.com\/\">Hurghad\u011b<\/a> Egypt.<\/p>\n<p>&nbsp;<\/p>\n<p><strong>Pozn\u00e1mka :  <\/strong><\/p>\n<p>Prov\u00e1d\u00edme tak\u00e9 z\u00e1jezd s transferem z va\u0161eho hotelu v El Goua, Soma bay, Makadi bay, Sahl Hasheesh, Safaga s p\u0159\u00edplatkem = 10 $ na osobu.<\/p>\n<p>&nbsp;<\/p>\n<p><strong>Rezervace:<\/strong><\/p>\n<p>Odeslat hotel + \u010d\u00edslo pokoje + foto pas\u016f na WhatsApp: <strong>+201112596434<\/strong><\/p>\n<p>Pokud jste z Egypta Rezervace nyn\u00ed on-line a potvrdit p\u0159i p\u0159\u00edjezdu Hotel.<\/p>\n","protected":false},"excerpt":{"rendered":"<p>Soukrom\u00fd celodenn\u00ed v\u00fdlet z Hurghady do K\u00e1hiry a Luxoru na 2 dny se soukrom\u00fdm pr\u016fvodcem, vstupenkami a ob\u011bdem. Jedine\u010dn\u00e1 prohl\u00eddka, p\u0159i n\u00ed\u017e odhal\u00edte tajemstv\u00ed a historii stavby pyramid&#8230;<\/p>\n","protected":false},"featured_media":379430,"template":"","meta":{"_joinchat":[]},"product_brand":[],"product_cat":[29708],"product_tag":[61248,61246,61226,61030,61038,61240,61227,52023,52007,61228,61032,61247,61225],"class_list":{"0":"post-379477","1":"product","2":"type-product","3":"status-publish","4":"has-post-thumbnail","6":"product_cat-egypt-tours-cs","7":"product_tag-aktivity-pro-deti-v-hurghade","8":"product_tag-aktivity-pro-rodiny-v-hurghade","9":"product_tag-celodenni-vylet-do-kahiry-z-hurghady","10":"product_tag-celodenni-vylet-z-hurghady-k-pyramidam","11":"product_tag-co-delat-v-hurghade","12":"product_tag-jednodenni-vylety-z-hurghady-cs","13":"product_tag-pyramidy-z-hurghady-cs","14":"product_tag-soukrome-prohlidky-kahiry","15":"product_tag-soukrome-zajezdy-do-egypta","16":"product_tag-vylet-z-hurghady-do-kahiry-cs","17":"product_tag-vylety-do-hurghady-cs","18":"product_tag-vylety-pro-deti-v-hurghade","19":"product_tag-z-hurghady-do-pyramid-cs","20":"tour_category-hurghada-excursions-cs","21":"tour_category-hurghada-to-cairo-trips-cs","23":"first","24":"instock","25":"sale","26":"shipping-taxable","27":"purchasable","28":"product-type-tour"},"yoast_head":"<!-- This site is optimized with the Yoast SEO Premium plugin v26.9 (Yoast SEO v27.2) - https:\/\/yoast.com\/product\/yoast-seo-premium-wordpress\/ -->\n<title>Soukrom\u00fd jednodenn\u00ed v\u00fdlet z Hurghady do K\u00e1hiry a Luxoru 2 DNY<\/title>\n<meta name=\"description\" content=\"Soukrom\u00fd celodenn\u00ed v\u00fdlet z Hurghady do K\u00e1hiry a Luxoru na 2 dny se soukrom\u00fdm pr\u016fvodcem, vstupenkami a ob\u011bdem. Jedine\u010dn\u00e1 prohl\u00eddka, p\u0159i n\u00ed\u017e objev\u00edte tajemstv\u00ed a historii...\" \/>\n<meta name=\"robots\" content=\"index, follow, max-snippet:-1, max-image-preview:large, max-video-preview:-1\" \/>\n<link rel=\"canonical\" href=\"https:\/\/hurghadalovers.com\/cs\/tours\/soukromy-jednodenni-vylet-z-hurgady-do-kahiry-a-luxor-2dny\/\" \/>\n<meta property=\"og:locale\" content=\"cs_CZ\" \/>\n<meta property=\"og:type\" content=\"article\" \/>\n<meta property=\"og:title\" content=\"Soukrom\u00fd jednodenn\u00ed v\u00fdlet z Hurghady do K\u00e1hiry a Luxoru 2 DNY\" \/>\n<meta property=\"og:description\" content=\"Soukrom\u00fd celodenn\u00ed v\u00fdlet z Hurghady do K\u00e1hiry a Luxoru na 2 dny se soukrom\u00fdm pr\u016fvodcem, vstupenkami a ob\u011bdem. Jedine\u010dn\u00e1 prohl\u00eddka, p\u0159i n\u00ed\u017e objev\u00edte tajemstv\u00ed a historii...\" \/>\n<meta property=\"og:url\" content=\"https:\/\/hurghadalovers.com\/cs\/tours\/soukromy-jednodenni-vylet-z-hurgady-do-kahiry-a-luxor-2dny\/\" \/>\n<meta property=\"og:site_name\" content=\"Hurghada Excursions &amp; Day Trips | Booking Best Prices Tours\" \/>\n<meta property=\"article:publisher\" content=\"https:\/\/www.facebook.com\/Hurghadaloversegypt\" \/>\n<meta property=\"article:modified_time\" content=\"2026-02-07T18:25:47+00:00\" \/>\n<meta property=\"og:image\" content=\"https:\/\/hurghadalovers.com\/wp-content\/uploads\/2023\/08\/Private-Day-Trip-from-Hurghada-to-Cairo-and-Luxor-2-DAYS.jpg\" \/>\n\t<meta property=\"og:image:width\" content=\"1500\" \/>\n\t<meta property=\"og:image:height\" content=\"404\" \/>\n\t<meta property=\"og:image:type\" content=\"image\/jpeg\" \/>\n<meta name=\"twitter:card\" content=\"summary_large_image\" \/>\n<meta name=\"twitter:label1\" content=\"Cena\" \/>\n\t<meta name=\"twitter:data1\" content=\"&euro;&nbsp;510\" \/>\n\t<meta name=\"twitter:label2\" content=\"Dostupnost\" \/>\n\t<meta name=\"twitter:data2\" content=\"Skladem\" \/>\n<script type=\"application\/ld+json\" class=\"yoast-schema-graph\">{\"@context\":\"https:\/\/schema.org\",\"@graph\":[{\"@type\":[\"WebPage\",\"ItemPage\"],\"@id\":\"https:\/\/hurghadalovers.com\/cs\/tours\/soukromy-jednodenni-vylet-z-hurgady-do-kahiry-a-luxor-2dny\/\",\"url\":\"https:\/\/hurghadalovers.com\/cs\/tours\/soukromy-jednodenni-vylet-z-hurgady-do-kahiry-a-luxor-2dny\/\",\"name\":\"Soukrom\u00fd jednodenn\u00ed v\u00fdlet z Hurghady do K\u00e1hiry a Luxoru 2 DNY\",\"isPartOf\":{\"@id\":\"https:\/\/hurghadalovers.com\/cs\/#website\"},\"primaryImageOfPage\":{\"@id\":\"https:\/\/hurghadalovers.com\/cs\/tours\/soukromy-jednodenni-vylet-z-hurgady-do-kahiry-a-luxor-2dny\/#primaryimage\"},\"image\":{\"@id\":\"https:\/\/hurghadalovers.com\/cs\/tours\/soukromy-jednodenni-vylet-z-hurgady-do-kahiry-a-luxor-2dny\/#primaryimage\"},\"thumbnailUrl\":\"https:\/\/hurghadalovers.com\/wp-content\/uploads\/2023\/08\/Private-Day-Trip-from-Hurghada-to-Cairo-and-Luxor-2-DAYS.jpg\",\"datePublished\":\"2023-08-12T08:45:42+00:00\",\"dateModified\":\"2026-02-07T18:25:47+00:00\",\"description\":\"Soukrom\u00fd celodenn\u00ed v\u00fdlet z Hurghady do K\u00e1hiry a Luxoru na 2 dny se soukrom\u00fdm pr\u016fvodcem, vstupenkami a ob\u011bdem. Jedine\u010dn\u00e1 prohl\u00eddka, p\u0159i n\u00ed\u017e objev\u00edte tajemstv\u00ed a historii...\",\"breadcrumb\":{\"@id\":\"https:\/\/hurghadalovers.com\/cs\/tours\/soukromy-jednodenni-vylet-z-hurgady-do-kahiry-a-luxor-2dny\/#breadcrumb\"},\"inLanguage\":\"cs\",\"potentialAction\":[{\"@type\":\"ReadAction\",\"target\":[\"https:\/\/hurghadalovers.com\/cs\/tours\/soukromy-jednodenni-vylet-z-hurgady-do-kahiry-a-luxor-2dny\/\"]}]},{\"@type\":\"ImageObject\",\"inLanguage\":\"cs\",\"@id\":\"https:\/\/hurghadalovers.com\/cs\/tours\/soukromy-jednodenni-vylet-z-hurgady-do-kahiry-a-luxor-2dny\/#primaryimage\",\"url\":\"https:\/\/hurghadalovers.com\/wp-content\/uploads\/2023\/08\/Private-Day-Trip-from-Hurghada-to-Cairo-and-Luxor-2-DAYS.jpg\",\"contentUrl\":\"https:\/\/hurghadalovers.com\/wp-content\/uploads\/2023\/08\/Private-Day-Trip-from-Hurghada-to-Cairo-and-Luxor-2-DAYS.jpg\",\"width\":1500,\"height\":404,\"caption\":\"Soukrom\u00fd jednodenn\u00ed v\u00fdlet z Hurghady do K\u00e1hiry a Luxoru 2 DNY\"},{\"@type\":\"BreadcrumbList\",\"@id\":\"https:\/\/hurghadalovers.com\/cs\/tours\/soukromy-jednodenni-vylet-z-hurgady-do-kahiry-a-luxor-2dny\/#breadcrumb\",\"itemListElement\":[{\"@type\":\"ListItem\",\"position\":1,\"name\":\"Home\",\"item\":\"https:\/\/hurghadalovers.com\/cs\/\"},{\"@type\":\"ListItem\",\"position\":2,\"name\":\"Shop\",\"item\":\"https:\/\/hurghadalovers.com\/shop\/\"},{\"@type\":\"ListItem\",\"position\":3,\"name\":\"Soukrom\u00fd jednodenn\u00ed v\u00fdlet z Hurghady do K\u00e1hiry a Luxoru 2 DNY\"}]},{\"@type\":\"WebSite\",\"@id\":\"https:\/\/hurghadalovers.com\/cs\/#website\",\"url\":\"https:\/\/hurghadalovers.com\/cs\/\",\"name\":\"Hurghada Excursions & Day Trips | Booking Best Prices Tours\",\"description\":\"Hurghada Lovers - Best Tour Operator - Excursions &amp; Things to do for Family Day Trips with kids and Couples Romantic. Unique .Hidden gems\",\"publisher\":{\"@id\":\"https:\/\/hurghadalovers.com\/cs\/#organization\"},\"alternateName\":\"Hurghada Excursions\",\"potentialAction\":[{\"@type\":\"SearchAction\",\"target\":{\"@type\":\"EntryPoint\",\"urlTemplate\":\"https:\/\/hurghadalovers.com\/cs\/?s={search_term_string}\"},\"query-input\":{\"@type\":\"PropertyValueSpecification\",\"valueRequired\":true,\"valueName\":\"search_term_string\"}}],\"inLanguage\":\"cs\"},{\"@type\":[\"Organization\",\"Place\",\"TravelAgency\"],\"@id\":\"https:\/\/hurghadalovers.com\/cs\/#organization\",\"name\":\"Hurghada Excursions\",\"url\":\"https:\/\/hurghadalovers.com\/cs\/\",\"logo\":{\"@id\":\"https:\/\/hurghadalovers.com\/cs\/tours\/soukromy-jednodenni-vylet-z-hurgady-do-kahiry-a-luxor-2dny\/#local-main-organization-logo\"},\"image\":{\"@id\":\"https:\/\/hurghadalovers.com\/cs\/tours\/soukromy-jednodenni-vylet-z-hurgady-do-kahiry-a-luxor-2dny\/#local-main-organization-logo\"},\"sameAs\":[\"https:\/\/www.facebook.com\/Hurghadaloversegypt\"],\"address\":{\"@id\":\"https:\/\/hurghadalovers.com\/cs\/tours\/soukromy-jednodenni-vylet-z-hurgady-do-kahiry-a-luxor-2dny\/#local-main-place-address\"},\"telephone\":[\"00201112596434\"],\"contactPoint\":{\"@type\":\"ContactPoint\",\"telephone\":\"00201112596434\",\"email\":\"weyouface@gmail.com\"},\"openingHoursSpecification\":{\"@type\":\"OpeningHoursSpecification\",\"dayOfWeek\":[\"Monday\",\"Tuesday\",\"Wednesday\",\"Thursday\",\"Friday\",\"Saturday\",\"Sunday\"],\"opens\":\"00:00\",\"closes\":\"23:59\"},\"email\":\"weyouface@gmail.com\",\"areaServed\":\"Luxor, Hurghada, El Gouna, Aswan, Sharm El Sheikh, Giza, Alexandria, Marsa Alam, Quseir, Soma Bay, Sahl Hasheesh, Red Sea, Makadi Bay, Cairo\",\"priceRange\":\"$\",\"currenciesAccepted\":\"euro\",\"paymentAccepted\":\"cash on site\"},{\"@type\":\"PostalAddress\",\"@id\":\"https:\/\/hurghadalovers.com\/cs\/tours\/soukromy-jednodenni-vylet-z-hurgady-do-kahiry-a-luxor-2dny\/#local-main-place-address\",\"streetAddress\":\"17 Banks street, Alkawther area, top nbk bank\",\"addressLocality\":\"hurghada\",\"postalCode\":\"84511\",\"addressRegion\":\"red sea\",\"addressCountry\":\"EG\"},{\"@type\":\"ImageObject\",\"inLanguage\":\"cs\",\"@id\":\"https:\/\/hurghadalovers.com\/cs\/tours\/soukromy-jednodenni-vylet-z-hurgady-do-kahiry-a-luxor-2dny\/#local-main-organization-logo\",\"url\":\"https:\/\/hurghadalovers.com\/wp-content\/uploads\/2019\/10\/hurghada-excursions-logo.png\",\"contentUrl\":\"https:\/\/hurghadalovers.com\/wp-content\/uploads\/2019\/10\/hurghada-excursions-logo.png\",\"width\":272,\"height\":90,\"caption\":\"Hurghada Excursions\"}]}<\/script>\n<meta property=\"product:brand\" content=\"Co se d\u00e1 d\u011blat v Hurghad\u011b Egyptsk\u00e9\" \/>\n<meta property=\"product:price:amount\" content=\"510\" \/>\n<meta property=\"product:price:currency\" content=\"EUR\" \/>\n<meta property=\"og:availability\" content=\"instock\" \/>\n<meta property=\"product:availability\" content=\"instock\" \/>\n<meta property=\"product:retailer_item_id\" content=\"Private22024\" \/>\n<meta property=\"product:condition\" content=\"new\" \/>\n<meta name=\"geo.placename\" content=\"hurghada\" \/>\n<meta name=\"geo.region\" content=\"Egypt\" \/>\n<!-- \/ Yoast SEO Premium plugin. -->","yoast_head_json":{"title":"Soukrom\u00fd jednodenn\u00ed v\u00fdlet z Hurghady do K\u00e1hiry a Luxoru 2 DNY","description":"Soukrom\u00fd celodenn\u00ed v\u00fdlet z Hurghady do K\u00e1hiry a Luxoru na 2 dny se soukrom\u00fdm pr\u016fvodcem, vstupenkami a ob\u011bdem. Jedine\u010dn\u00e1 prohl\u00eddka, p\u0159i n\u00ed\u017e objev\u00edte tajemstv\u00ed a historii...","robots":{"index":"index","follow":"follow","max-snippet":"max-snippet:-1","max-image-preview":"max-image-preview:large","max-video-preview":"max-video-preview:-1"},"canonical":"https:\/\/hurghadalovers.com\/cs\/tours\/soukromy-jednodenni-vylet-z-hurgady-do-kahiry-a-luxor-2dny\/","og_locale":"cs_CZ","og_type":"article","og_title":"Soukrom\u00fd jednodenn\u00ed v\u00fdlet z Hurghady do K\u00e1hiry a Luxoru 2 DNY","og_description":"Soukrom\u00fd celodenn\u00ed v\u00fdlet z Hurghady do K\u00e1hiry a Luxoru na 2 dny se soukrom\u00fdm pr\u016fvodcem, vstupenkami a ob\u011bdem. Jedine\u010dn\u00e1 prohl\u00eddka, p\u0159i n\u00ed\u017e objev\u00edte tajemstv\u00ed a historii...","og_url":"https:\/\/hurghadalovers.com\/cs\/tours\/soukromy-jednodenni-vylet-z-hurgady-do-kahiry-a-luxor-2dny\/","og_site_name":"Hurghada Excursions &amp; Day Trips | Booking Best Prices Tours","article_publisher":"https:\/\/www.facebook.com\/Hurghadaloversegypt","article_modified_time":"2026-02-07T18:25:47+00:00","og_image":[{"width":1500,"height":404,"url":"https:\/\/hurghadalovers.com\/wp-content\/uploads\/2023\/08\/Private-Day-Trip-from-Hurghada-to-Cairo-and-Luxor-2-DAYS.jpg","type":"image\/jpeg"}],"twitter_card":"summary_large_image","twitter_misc":{"Cena":"&euro;&nbsp;510","Dostupnost":"Skladem"},"schema":{"@context":"https:\/\/schema.org","@graph":[{"@type":["WebPage","ItemPage"],"@id":"https:\/\/hurghadalovers.com\/cs\/tours\/soukromy-jednodenni-vylet-z-hurgady-do-kahiry-a-luxor-2dny\/","url":"https:\/\/hurghadalovers.com\/cs\/tours\/soukromy-jednodenni-vylet-z-hurgady-do-kahiry-a-luxor-2dny\/","name":"Soukrom\u00fd jednodenn\u00ed v\u00fdlet z Hurghady do K\u00e1hiry a Luxoru 2 DNY","isPartOf":{"@id":"https:\/\/hurghadalovers.com\/cs\/#website"},"primaryImageOfPage":{"@id":"https:\/\/hurghadalovers.com\/cs\/tours\/soukromy-jednodenni-vylet-z-hurgady-do-kahiry-a-luxor-2dny\/#primaryimage"},"image":{"@id":"https:\/\/hurghadalovers.com\/cs\/tours\/soukromy-jednodenni-vylet-z-hurgady-do-kahiry-a-luxor-2dny\/#primaryimage"},"thumbnailUrl":"https:\/\/hurghadalovers.com\/wp-content\/uploads\/2023\/08\/Private-Day-Trip-from-Hurghada-to-Cairo-and-Luxor-2-DAYS.jpg","datePublished":"2023-08-12T08:45:42+00:00","dateModified":"2026-02-07T18:25:47+00:00","description":"Soukrom\u00fd celodenn\u00ed v\u00fdlet z Hurghady do K\u00e1hiry a Luxoru na 2 dny se soukrom\u00fdm pr\u016fvodcem, vstupenkami a ob\u011bdem. Jedine\u010dn\u00e1 prohl\u00eddka, p\u0159i n\u00ed\u017e objev\u00edte tajemstv\u00ed a historii...","breadcrumb":{"@id":"https:\/\/hurghadalovers.com\/cs\/tours\/soukromy-jednodenni-vylet-z-hurgady-do-kahiry-a-luxor-2dny\/#breadcrumb"},"inLanguage":"cs","potentialAction":[{"@type":"ReadAction","target":["https:\/\/hurghadalovers.com\/cs\/tours\/soukromy-jednodenni-vylet-z-hurgady-do-kahiry-a-luxor-2dny\/"]}]},{"@type":"ImageObject","inLanguage":"cs","@id":"https:\/\/hurghadalovers.com\/cs\/tours\/soukromy-jednodenni-vylet-z-hurgady-do-kahiry-a-luxor-2dny\/#primaryimage","url":"https:\/\/hurghadalovers.com\/wp-content\/uploads\/2023\/08\/Private-Day-Trip-from-Hurghada-to-Cairo-and-Luxor-2-DAYS.jpg","contentUrl":"https:\/\/hurghadalovers.com\/wp-content\/uploads\/2023\/08\/Private-Day-Trip-from-Hurghada-to-Cairo-and-Luxor-2-DAYS.jpg","width":1500,"height":404,"caption":"Soukrom\u00fd jednodenn\u00ed v\u00fdlet z Hurghady do K\u00e1hiry a Luxoru 2 DNY"},{"@type":"BreadcrumbList","@id":"https:\/\/hurghadalovers.com\/cs\/tours\/soukromy-jednodenni-vylet-z-hurgady-do-kahiry-a-luxor-2dny\/#breadcrumb","itemListElement":[{"@type":"ListItem","position":1,"name":"Home","item":"https:\/\/hurghadalovers.com\/cs\/"},{"@type":"ListItem","position":2,"name":"Shop","item":"https:\/\/hurghadalovers.com\/shop\/"},{"@type":"ListItem","position":3,"name":"Soukrom\u00fd jednodenn\u00ed v\u00fdlet z Hurghady do K\u00e1hiry a Luxoru 2 DNY"}]},{"@type":"WebSite","@id":"https:\/\/hurghadalovers.com\/cs\/#website","url":"https:\/\/hurghadalovers.com\/cs\/","name":"Hurghada Excursions & Day Trips | Booking Best Prices Tours","description":"Hurghada Lovers - Best Tour Operator - Excursions &amp; Things to do for Family Day Trips with kids and Couples Romantic. Unique .Hidden gems","publisher":{"@id":"https:\/\/hurghadalovers.com\/cs\/#organization"},"alternateName":"Hurghada Excursions","potentialAction":[{"@type":"SearchAction","target":{"@type":"EntryPoint","urlTemplate":"https:\/\/hurghadalovers.com\/cs\/?s={search_term_string}"},"query-input":{"@type":"PropertyValueSpecification","valueRequired":true,"valueName":"search_term_string"}}],"inLanguage":"cs"},{"@type":["Organization","Place","TravelAgency"],"@id":"https:\/\/hurghadalovers.com\/cs\/#organization","name":"Hurghada Excursions","url":"https:\/\/hurghadalovers.com\/cs\/","logo":{"@id":"https:\/\/hurghadalovers.com\/cs\/tours\/soukromy-jednodenni-vylet-z-hurgady-do-kahiry-a-luxor-2dny\/#local-main-organization-logo"},"image":{"@id":"https:\/\/hurghadalovers.com\/cs\/tours\/soukromy-jednodenni-vylet-z-hurgady-do-kahiry-a-luxor-2dny\/#local-main-organization-logo"},"sameAs":["https:\/\/www.facebook.com\/Hurghadaloversegypt"],"address":{"@id":"https:\/\/hurghadalovers.com\/cs\/tours\/soukromy-jednodenni-vylet-z-hurgady-do-kahiry-a-luxor-2dny\/#local-main-place-address"},"telephone":["00201112596434"],"contactPoint":{"@type":"ContactPoint","telephone":"00201112596434","email":"weyouface@gmail.com"},"openingHoursSpecification":{"@type":"OpeningHoursSpecification","dayOfWeek":["Monday","Tuesday","Wednesday","Thursday","Friday","Saturday","Sunday"],"opens":"00:00","closes":"23:59"},"email":"weyouface@gmail.com","areaServed":"Luxor, Hurghada, El Gouna, Aswan, Sharm El Sheikh, Giza, Alexandria, Marsa Alam, Quseir, Soma Bay, Sahl Hasheesh, Red Sea, Makadi Bay, Cairo","priceRange":"$","currenciesAccepted":"euro","paymentAccepted":"cash on site"},{"@type":"PostalAddress","@id":"https:\/\/hurghadalovers.com\/cs\/tours\/soukromy-jednodenni-vylet-z-hurgady-do-kahiry-a-luxor-2dny\/#local-main-place-address","streetAddress":"17 Banks street, Alkawther area, top nbk bank","addressLocality":"hurghada","postalCode":"84511","addressRegion":"red sea","addressCountry":"EG"},{"@type":"ImageObject","inLanguage":"cs","@id":"https:\/\/hurghadalovers.com\/cs\/tours\/soukromy-jednodenni-vylet-z-hurgady-do-kahiry-a-luxor-2dny\/#local-main-organization-logo","url":"https:\/\/hurghadalovers.com\/wp-content\/uploads\/2019\/10\/hurghada-excursions-logo.png","contentUrl":"https:\/\/hurghadalovers.com\/wp-content\/uploads\/2019\/10\/hurghada-excursions-logo.png","width":272,"height":90,"caption":"Hurghada Excursions"}]},"product_brand":"Co se d\u00e1 d\u011blat v Hurghad\u011b Egyptsk\u00e9","product_price_amount":"510","product_price_currency":"EUR","og_availability":"instock","product_availability":"instock","product_retailer_item_id":"Private22024","product_condition":"new","geo.placename":"hurghada","geo.region":"Egypt"},"_links":{"self":[{"href":"https:\/\/hurghadalovers.com\/cs\/wp-json\/wp\/v2\/product\/379477","targetHints":{"allow":["GET"]}}],"collection":[{"href":"https:\/\/hurghadalovers.com\/cs\/wp-json\/wp\/v2\/product"}],"about":[{"href":"https:\/\/hurghadalovers.com\/cs\/wp-json\/wp\/v2\/types\/product"}],"wp:featuredmedia":[{"embeddable":true,"href":"https:\/\/hurghadalovers.com\/cs\/wp-json\/wp\/v2\/media\/379430"}],"wp:attachment":[{"href":"https:\/\/hurghadalovers.com\/cs\/wp-json\/wp\/v2\/media?parent=379477"}],"wp:term":[{"taxonomy":"product_brand","embeddable":true,"href":"https:\/\/hurghadalovers.com\/cs\/wp-json\/wp\/v2\/product_brand?post=379477"},{"taxonomy":"product_cat","embeddable":true,"href":"https:\/\/hurghadalovers.com\/cs\/wp-json\/wp\/v2\/product_cat?post=379477"},{"taxonomy":"product_tag","embeddable":true,"href":"https:\/\/hurghadalovers.com\/cs\/wp-json\/wp\/v2\/product_tag?post=379477"}],"curies":[{"name":"wp","href":"https:\/\/api.w.org\/{rel}","templated":true}]}}