{"id":336813,"date":"2023-07-15T17:26:38","date_gmt":"2023-07-16T07:43:10","guid":{"rendered":"https:\/\/hurghadalovers.com\/shop\/nezarazene\/soukromy-rychly-clun-do-dolphin-house-z-hurghady\/"},"modified":"2026-02-09T16:58:40","modified_gmt":"2026-02-09T16:58:40","slug":"soukromy-rychlostni-clun-delfini-dum-z-hurghady","status":"publish","type":"product","link":"https:\/\/hurghadalovers.com\/cs\/tours\/soukromy-rychlostni-clun-delfini-dum-z-hurghady\/","title":{"rendered":"Soukrom\u00fd rychl\u00fd \u010dlun do Dolphin House z Hurghady"},"content":{"rendered":"<p><strong>Soukrom\u00fd rychl\u00fd \u010dlun do Dolphin House z Hurghady<\/strong><\/p>\n<p>Rezervace 4hodinov\u00e9ho pozorov\u00e1n\u00ed delf\u00edn\u016f a plav\u00e1n\u00ed s delf\u00edny + 2 m\u00edsta na \u0161norchlov\u00e1n\u00ed.<\/p>\n<h4><strong>Nejd\u016fle\u017eit\u011bj\u0161\u00ed informace:<\/strong><\/h4>\n<ul>\n<li>Rychlostn\u00ed \u010dlun.<\/li>\n<li>Soukrom\u00fd transfer.<\/li>\n<li>Vybaven\u00ed pro \u0161norchlov\u00e1n\u00ed.<\/li>\n<li>Voda, nealkoholick\u00e9 n\u00e1poje.<\/li>\n<li>M\u00edsta \u0160norchlov\u00e1n\u00ed House Reef.<\/li>\n<li>Delf\u00edn\u00ed d\u016fm a plav\u00e1n\u00ed s delf\u00edny.<\/li>\n<\/ul>\n<h4><strong>Podrobnosti:<\/strong><\/h4>\n<ul>\n<li>Dostupnost: Ka\u017ed\u00fd den.<\/li>\n<li>Bezbari\u00e9rov\u00fd p\u0159\u00edstup.<\/li>\n<li>Doba trv\u00e1n\u00ed: 04 hodiny<\/li>\n<li>\u010cas vyzvednut\u00ed z hotel\u016f v Hurghad\u011b: od 07:30 hodin nebo podle va\u0161eho p\u0159\u00e1n\u00ed.<\/li>\n<li>\u010cas vyzvednut\u00ed v hotelu Hurghada: 18:00 nebo dle va\u0161eho p\u0159\u00e1n\u00ed.<\/li>\n<\/ul>\n<h3><strong>Rezervujte nyn\u00ed a zapla\u0165te pozd\u011bji:<\/strong><\/h3>\n<p>Hotov\u011b na m\u00edst\u011b panu Tamerovi&#8220; nebo si m\u016f\u017eete domluvit sch\u016fzku v hotelu&#8220;.<\/p>\n<p>Platba v egyptsk\u00fdch libr\u00e1ch, dolarech, eurech nebo libr\u00e1ch \u0161terlink\u016f.<\/p>\n<p>&nbsp;<\/p>\n<h3><strong>Storno podm\u00ednky:<\/strong><\/h3>\n<p>Zru\u0161it a\u017e 24 hodin p\u0159edem.<\/p>\n<p>&nbsp;<\/p>\n<h4><strong>Inkluze &#8211; Co zahrnuje soukrom\u00fd rychl\u00fd \u010dlun do Dolphin House?<\/strong><\/h4>\n<ol>\n<li>Soukrom\u00fd transfer z hotel\u016f v Hurghad\u011b &#8222;Hotel pick up and drop off&#8220;.<\/li>\n<li>Pr\u016fvodce \u0161norchlov\u00e1n\u00edm.<\/li>\n<li>V\u0161echny dan\u011b, vstupn\u00ed poplatky a manipula\u010dn\u00ed poplatky.<\/li>\n<li>Miner\u00e1ln\u00ed voda + Cola + Ml\u00e9ko + K\u00e1va\/\u010caj.<\/li>\n<li>  2 -3 m\u00edsta pro \u0161norchlov\u00e1n\u00ed.<\/li>\n<li>Vybaven\u00ed pro \u0161norchlov\u00e1n\u00ed &#8222;Masky, z\u00e1chrann\u00e9 vesty a ploutve&#8220;.<\/li>\n<\/ol>\n<h4><strong>V\u00fdjimky &#8211; Pron\u00e1jem rychl\u00e9ho \u010dlunu z Hurghady v cen\u011b?<\/strong><\/h4>\n<ul>\n<li>Spropitn\u00e9 &#8222;pr\u016fvodcovsk\u00e9 spropitn\u00e9&#8220;.<\/li>\n<li>N\u00e1poje v restauraci Paradise Island Island.<\/li>\n<li>J\u00eddlo a ob\u011bd &#8220; m\u016f\u017eete p\u0159idat dal\u0161\u00ed dle libosti&#8220;<\/li>\n<li>Fotografov\u00e1n\u00ed na v\u00fdlet nebo m\u016f\u017ee zru\u0161it Fotografov\u00e1n\u00ed \u010dlov\u011bka s v\u00fdletem.<\/li>\n<li>Nab\u00edz\u00edme P\u016fj\u010dovna plavky pro \u017eeny, mu\u017ee, d\u011bti v\u0161echny velikosti&#8220; 5$ za jeden&#8220;.<\/li>\n<\/ul>\n<h3><strong>Soukrom\u00fd motorov\u00fd \u010dlun do Dolphin House z Hurghady Ceny:<\/strong><\/h3>\n<p><strong>4h = 200$<\/strong><\/p>\n<p>&nbsp;<\/p>\n","protected":false},"excerpt":{"rendered":"<p>Soukrom\u00fd rychl\u00fd \u010dlun do Dolphin House z Hurghady | Rezervace 4 hodiny pozorov\u00e1n\u00ed delf\u00edn\u016f a plav\u00e1n\u00ed s delf\u00edny + 2 m\u00edsta na \u0161norchlov\u00e1n\u00ed s transferem&#8230;<\/p>\n","protected":false},"featured_media":995802,"template":"","meta":{"_joinchat":[]},"product_brand":[],"product_cat":[29708],"product_tag":[],"class_list":{"0":"post-336813","1":"product","2":"type-product","3":"status-publish","4":"has-post-thumbnail","6":"product_cat-egypt-tours-cs","7":"tour_category-hurghada-excursions-cs","8":"tour_category-hurghada-snorkeling-trips-cs","10":"first","11":"instock","12":"sale","13":"shipping-taxable","14":"purchasable","15":"product-type-tour"},"yoast_head":"<!-- This site is optimized with the Yoast SEO Premium plugin v26.9 (Yoast SEO v27.2) - https:\/\/yoast.com\/product\/yoast-seo-premium-wordpress\/ -->\n<title>Soukrom\u00fd rychl\u00fd \u010dlun do Dolphin House z Hurghady<\/title>\n<meta name=\"description\" content=\"Soukrom\u00fd rychl\u00fd \u010dlun do Dolphin House z Hurghady | Rezervace 4 hodiny pozorov\u00e1n\u00ed delf\u00edn\u016f a plav\u00e1n\u00ed s delf\u00edny + 2 m\u00edsta na \u0161norchlov\u00e1n\u00ed s transferem...\" \/>\n<meta name=\"robots\" content=\"index, follow, max-snippet:-1, max-image-preview:large, max-video-preview:-1\" \/>\n<link rel=\"canonical\" href=\"https:\/\/hurghadalovers.com\/cs\/tours\/soukromy-rychlostni-clun-delfini-dum-z-hurghady\/\" \/>\n<meta property=\"og:locale\" content=\"cs_CZ\" \/>\n<meta property=\"og:type\" content=\"article\" \/>\n<meta property=\"og:title\" content=\"Soukrom\u00fd rychl\u00fd \u010dlun do Dolphin House z Hurghady\" \/>\n<meta property=\"og:description\" content=\"Soukrom\u00fd rychl\u00fd \u010dlun do Dolphin House z Hurghady | Rezervace 4 hodiny pozorov\u00e1n\u00ed delf\u00edn\u016f a plav\u00e1n\u00ed s delf\u00edny + 2 m\u00edsta na \u0161norchlov\u00e1n\u00ed s transferem...\" \/>\n<meta property=\"og:url\" content=\"https:\/\/hurghadalovers.com\/cs\/tours\/soukromy-rychlostni-clun-delfini-dum-z-hurghady\/\" \/>\n<meta property=\"og:site_name\" content=\"Hurghada Excursions &amp; Day Trips | Booking Best Prices Tours\" \/>\n<meta property=\"article:publisher\" content=\"https:\/\/www.facebook.com\/Hurghadaloversegypt\" \/>\n<meta property=\"article:modified_time\" content=\"2026-02-09T16:58:40+00:00\" \/>\n<meta property=\"og:image\" content=\"https:\/\/hurghadalovers.com\/wp-content\/uploads\/2023\/07\/Green-Turtles-Abu-Dabbab-Marsa-aLam.jpg\" \/>\n\t<meta property=\"og:image:width\" content=\"1111\" \/>\n\t<meta property=\"og:image:height\" content=\"940\" \/>\n\t<meta property=\"og:image:type\" content=\"image\/jpeg\" \/>\n<meta name=\"twitter:card\" content=\"summary_large_image\" \/>\n<meta name=\"twitter:label1\" content=\"Cena\" \/>\n\t<meta name=\"twitter:data1\" content=\"&euro;&nbsp;80\" \/>\n\t<meta name=\"twitter:label2\" content=\"Dostupnost\" \/>\n\t<meta name=\"twitter:data2\" content=\"Skladem\" \/>\n<script type=\"application\/ld+json\" class=\"yoast-schema-graph\">{\"@context\":\"https:\/\/schema.org\",\"@graph\":[{\"@type\":[\"WebPage\",\"ItemPage\"],\"@id\":\"https:\/\/hurghadalovers.com\/cs\/tours\/soukromy-rychlostni-clun-delfini-dum-z-hurghady\/\",\"url\":\"https:\/\/hurghadalovers.com\/cs\/tours\/soukromy-rychlostni-clun-delfini-dum-z-hurghady\/\",\"name\":\"Soukrom\u00fd rychl\u00fd \u010dlun do Dolphin House z Hurghady\",\"isPartOf\":{\"@id\":\"https:\/\/hurghadalovers.com\/cs\/#website\"},\"primaryImageOfPage\":{\"@id\":\"https:\/\/hurghadalovers.com\/cs\/tours\/soukromy-rychlostni-clun-delfini-dum-z-hurghady\/#primaryimage\"},\"image\":{\"@id\":\"https:\/\/hurghadalovers.com\/cs\/tours\/soukromy-rychlostni-clun-delfini-dum-z-hurghady\/#primaryimage\"},\"thumbnailUrl\":\"https:\/\/hurghadalovers.com\/wp-content\/uploads\/2023\/07\/Green-Turtles-Abu-Dabbab-Marsa-aLam.jpg\",\"datePublished\":\"2023-07-16T07:43:10+00:00\",\"dateModified\":\"2026-02-09T16:58:40+00:00\",\"description\":\"Soukrom\u00fd rychl\u00fd \u010dlun do Dolphin House z Hurghady | Rezervace 4 hodiny pozorov\u00e1n\u00ed delf\u00edn\u016f a plav\u00e1n\u00ed s delf\u00edny + 2 m\u00edsta na \u0161norchlov\u00e1n\u00ed s transferem...\",\"breadcrumb\":{\"@id\":\"https:\/\/hurghadalovers.com\/cs\/tours\/soukromy-rychlostni-clun-delfini-dum-z-hurghady\/#breadcrumb\"},\"inLanguage\":\"cs\",\"potentialAction\":[{\"@type\":\"ReadAction\",\"target\":[\"https:\/\/hurghadalovers.com\/cs\/tours\/soukromy-rychlostni-clun-delfini-dum-z-hurghady\/\"]}]},{\"@type\":\"ImageObject\",\"inLanguage\":\"cs\",\"@id\":\"https:\/\/hurghadalovers.com\/cs\/tours\/soukromy-rychlostni-clun-delfini-dum-z-hurghady\/#primaryimage\",\"url\":\"https:\/\/hurghadalovers.com\/wp-content\/uploads\/2023\/07\/Green-Turtles-Abu-Dabbab-Marsa-aLam.jpg\",\"contentUrl\":\"https:\/\/hurghadalovers.com\/wp-content\/uploads\/2023\/07\/Green-Turtles-Abu-Dabbab-Marsa-aLam.jpg\",\"width\":1111,\"height\":940,\"caption\":\"Green Turtles Abu Dabbab Marsa aLam\"},{\"@type\":\"BreadcrumbList\",\"@id\":\"https:\/\/hurghadalovers.com\/cs\/tours\/soukromy-rychlostni-clun-delfini-dum-z-hurghady\/#breadcrumb\",\"itemListElement\":[{\"@type\":\"ListItem\",\"position\":1,\"name\":\"Home\",\"item\":\"https:\/\/hurghadalovers.com\/cs\/\"},{\"@type\":\"ListItem\",\"position\":2,\"name\":\"Shop\",\"item\":\"https:\/\/hurghadalovers.com\/shop\/\"},{\"@type\":\"ListItem\",\"position\":3,\"name\":\"Soukrom\u00fd rychl\u00fd \u010dlun do Dolphin House z Hurghady\"}]},{\"@type\":\"WebSite\",\"@id\":\"https:\/\/hurghadalovers.com\/cs\/#website\",\"url\":\"https:\/\/hurghadalovers.com\/cs\/\",\"name\":\"Hurghada Excursions & Day Trips | Booking Best Prices Tours\",\"description\":\"Hurghada Lovers - Best Tour Operator - Excursions &amp; Things to do for Family Day Trips with kids and Couples Romantic. Unique .Hidden gems\",\"publisher\":{\"@id\":\"https:\/\/hurghadalovers.com\/cs\/#organization\"},\"alternateName\":\"Hurghada Excursions\",\"potentialAction\":[{\"@type\":\"SearchAction\",\"target\":{\"@type\":\"EntryPoint\",\"urlTemplate\":\"https:\/\/hurghadalovers.com\/cs\/?s={search_term_string}\"},\"query-input\":{\"@type\":\"PropertyValueSpecification\",\"valueRequired\":true,\"valueName\":\"search_term_string\"}}],\"inLanguage\":\"cs\"},{\"@type\":[\"Organization\",\"Place\",\"TravelAgency\"],\"@id\":\"https:\/\/hurghadalovers.com\/cs\/#organization\",\"name\":\"Hurghada Excursions\",\"url\":\"https:\/\/hurghadalovers.com\/cs\/\",\"logo\":{\"@id\":\"https:\/\/hurghadalovers.com\/cs\/tours\/soukromy-rychlostni-clun-delfini-dum-z-hurghady\/#local-main-organization-logo\"},\"image\":{\"@id\":\"https:\/\/hurghadalovers.com\/cs\/tours\/soukromy-rychlostni-clun-delfini-dum-z-hurghady\/#local-main-organization-logo\"},\"sameAs\":[\"https:\/\/www.facebook.com\/Hurghadaloversegypt\"],\"address\":{\"@id\":\"https:\/\/hurghadalovers.com\/cs\/tours\/soukromy-rychlostni-clun-delfini-dum-z-hurghady\/#local-main-place-address\"},\"telephone\":[\"00201112596434\"],\"contactPoint\":{\"@type\":\"ContactPoint\",\"telephone\":\"00201112596434\",\"email\":\"weyouface@gmail.com\"},\"openingHoursSpecification\":{\"@type\":\"OpeningHoursSpecification\",\"dayOfWeek\":[\"Monday\",\"Tuesday\",\"Wednesday\",\"Thursday\",\"Friday\",\"Saturday\",\"Sunday\"],\"opens\":\"00:00\",\"closes\":\"23:59\"},\"email\":\"weyouface@gmail.com\",\"areaServed\":\"Luxor, Hurghada, El Gouna, Aswan, Sharm El Sheikh, Giza, Alexandria, Marsa Alam, Quseir, Soma Bay, Sahl Hasheesh, Red Sea, Makadi Bay, Cairo\",\"priceRange\":\"$\",\"currenciesAccepted\":\"euro\",\"paymentAccepted\":\"cash on site\"},{\"@type\":\"PostalAddress\",\"@id\":\"https:\/\/hurghadalovers.com\/cs\/tours\/soukromy-rychlostni-clun-delfini-dum-z-hurghady\/#local-main-place-address\",\"streetAddress\":\"17 Banks street, Alkawther area, top nbk bank\",\"addressLocality\":\"hurghada\",\"postalCode\":\"84511\",\"addressRegion\":\"red sea\",\"addressCountry\":\"EG\"},{\"@type\":\"ImageObject\",\"inLanguage\":\"cs\",\"@id\":\"https:\/\/hurghadalovers.com\/cs\/tours\/soukromy-rychlostni-clun-delfini-dum-z-hurghady\/#local-main-organization-logo\",\"url\":\"https:\/\/hurghadalovers.com\/wp-content\/uploads\/2019\/10\/hurghada-excursions-logo.png\",\"contentUrl\":\"https:\/\/hurghadalovers.com\/wp-content\/uploads\/2019\/10\/hurghada-excursions-logo.png\",\"width\":272,\"height\":90,\"caption\":\"Hurghada Excursions\"}]}<\/script>\n<meta property=\"product:brand\" content=\"Co se d\u00e1 d\u011blat v Hurghad\u011b Egyptsk\u00e9\" \/>\n<meta property=\"product:price:amount\" content=\"80\" \/>\n<meta property=\"product:price:currency\" content=\"EUR\" \/>\n<meta property=\"og:availability\" content=\"instock\" \/>\n<meta property=\"product:availability\" content=\"instock\" \/>\n<meta property=\"product:retailer_item_id\" content=\"SpeedBoat9494\" \/>\n<meta property=\"product:condition\" content=\"new\" \/>\n<meta name=\"geo.placename\" content=\"hurghada\" \/>\n<meta name=\"geo.region\" content=\"Egypt\" \/>\n<!-- \/ Yoast SEO Premium plugin. -->","yoast_head_json":{"title":"Soukrom\u00fd rychl\u00fd \u010dlun do Dolphin House z Hurghady","description":"Soukrom\u00fd rychl\u00fd \u010dlun do Dolphin House z Hurghady | Rezervace 4 hodiny pozorov\u00e1n\u00ed delf\u00edn\u016f a plav\u00e1n\u00ed s delf\u00edny + 2 m\u00edsta na \u0161norchlov\u00e1n\u00ed s transferem...","robots":{"index":"index","follow":"follow","max-snippet":"max-snippet:-1","max-image-preview":"max-image-preview:large","max-video-preview":"max-video-preview:-1"},"canonical":"https:\/\/hurghadalovers.com\/cs\/tours\/soukromy-rychlostni-clun-delfini-dum-z-hurghady\/","og_locale":"cs_CZ","og_type":"article","og_title":"Soukrom\u00fd rychl\u00fd \u010dlun do Dolphin House z Hurghady","og_description":"Soukrom\u00fd rychl\u00fd \u010dlun do Dolphin House z Hurghady | Rezervace 4 hodiny pozorov\u00e1n\u00ed delf\u00edn\u016f a plav\u00e1n\u00ed s delf\u00edny + 2 m\u00edsta na \u0161norchlov\u00e1n\u00ed s transferem...","og_url":"https:\/\/hurghadalovers.com\/cs\/tours\/soukromy-rychlostni-clun-delfini-dum-z-hurghady\/","og_site_name":"Hurghada Excursions &amp; Day Trips | Booking Best Prices Tours","article_publisher":"https:\/\/www.facebook.com\/Hurghadaloversegypt","article_modified_time":"2026-02-09T16:58:40+00:00","og_image":[{"width":1111,"height":940,"url":"https:\/\/hurghadalovers.com\/wp-content\/uploads\/2023\/07\/Green-Turtles-Abu-Dabbab-Marsa-aLam.jpg","type":"image\/jpeg"}],"twitter_card":"summary_large_image","twitter_misc":{"Cena":"&euro;&nbsp;80","Dostupnost":"Skladem"},"schema":{"@context":"https:\/\/schema.org","@graph":[{"@type":["WebPage","ItemPage"],"@id":"https:\/\/hurghadalovers.com\/cs\/tours\/soukromy-rychlostni-clun-delfini-dum-z-hurghady\/","url":"https:\/\/hurghadalovers.com\/cs\/tours\/soukromy-rychlostni-clun-delfini-dum-z-hurghady\/","name":"Soukrom\u00fd rychl\u00fd \u010dlun do Dolphin House z Hurghady","isPartOf":{"@id":"https:\/\/hurghadalovers.com\/cs\/#website"},"primaryImageOfPage":{"@id":"https:\/\/hurghadalovers.com\/cs\/tours\/soukromy-rychlostni-clun-delfini-dum-z-hurghady\/#primaryimage"},"image":{"@id":"https:\/\/hurghadalovers.com\/cs\/tours\/soukromy-rychlostni-clun-delfini-dum-z-hurghady\/#primaryimage"},"thumbnailUrl":"https:\/\/hurghadalovers.com\/wp-content\/uploads\/2023\/07\/Green-Turtles-Abu-Dabbab-Marsa-aLam.jpg","datePublished":"2023-07-16T07:43:10+00:00","dateModified":"2026-02-09T16:58:40+00:00","description":"Soukrom\u00fd rychl\u00fd \u010dlun do Dolphin House z Hurghady | Rezervace 4 hodiny pozorov\u00e1n\u00ed delf\u00edn\u016f a plav\u00e1n\u00ed s delf\u00edny + 2 m\u00edsta na \u0161norchlov\u00e1n\u00ed s transferem...","breadcrumb":{"@id":"https:\/\/hurghadalovers.com\/cs\/tours\/soukromy-rychlostni-clun-delfini-dum-z-hurghady\/#breadcrumb"},"inLanguage":"cs","potentialAction":[{"@type":"ReadAction","target":["https:\/\/hurghadalovers.com\/cs\/tours\/soukromy-rychlostni-clun-delfini-dum-z-hurghady\/"]}]},{"@type":"ImageObject","inLanguage":"cs","@id":"https:\/\/hurghadalovers.com\/cs\/tours\/soukromy-rychlostni-clun-delfini-dum-z-hurghady\/#primaryimage","url":"https:\/\/hurghadalovers.com\/wp-content\/uploads\/2023\/07\/Green-Turtles-Abu-Dabbab-Marsa-aLam.jpg","contentUrl":"https:\/\/hurghadalovers.com\/wp-content\/uploads\/2023\/07\/Green-Turtles-Abu-Dabbab-Marsa-aLam.jpg","width":1111,"height":940,"caption":"Green Turtles Abu Dabbab Marsa aLam"},{"@type":"BreadcrumbList","@id":"https:\/\/hurghadalovers.com\/cs\/tours\/soukromy-rychlostni-clun-delfini-dum-z-hurghady\/#breadcrumb","itemListElement":[{"@type":"ListItem","position":1,"name":"Home","item":"https:\/\/hurghadalovers.com\/cs\/"},{"@type":"ListItem","position":2,"name":"Shop","item":"https:\/\/hurghadalovers.com\/shop\/"},{"@type":"ListItem","position":3,"name":"Soukrom\u00fd rychl\u00fd \u010dlun do Dolphin House z Hurghady"}]},{"@type":"WebSite","@id":"https:\/\/hurghadalovers.com\/cs\/#website","url":"https:\/\/hurghadalovers.com\/cs\/","name":"Hurghada Excursions & Day Trips | Booking Best Prices Tours","description":"Hurghada Lovers - Best Tour Operator - Excursions &amp; Things to do for Family Day Trips with kids and Couples Romantic. Unique .Hidden gems","publisher":{"@id":"https:\/\/hurghadalovers.com\/cs\/#organization"},"alternateName":"Hurghada Excursions","potentialAction":[{"@type":"SearchAction","target":{"@type":"EntryPoint","urlTemplate":"https:\/\/hurghadalovers.com\/cs\/?s={search_term_string}"},"query-input":{"@type":"PropertyValueSpecification","valueRequired":true,"valueName":"search_term_string"}}],"inLanguage":"cs"},{"@type":["Organization","Place","TravelAgency"],"@id":"https:\/\/hurghadalovers.com\/cs\/#organization","name":"Hurghada Excursions","url":"https:\/\/hurghadalovers.com\/cs\/","logo":{"@id":"https:\/\/hurghadalovers.com\/cs\/tours\/soukromy-rychlostni-clun-delfini-dum-z-hurghady\/#local-main-organization-logo"},"image":{"@id":"https:\/\/hurghadalovers.com\/cs\/tours\/soukromy-rychlostni-clun-delfini-dum-z-hurghady\/#local-main-organization-logo"},"sameAs":["https:\/\/www.facebook.com\/Hurghadaloversegypt"],"address":{"@id":"https:\/\/hurghadalovers.com\/cs\/tours\/soukromy-rychlostni-clun-delfini-dum-z-hurghady\/#local-main-place-address"},"telephone":["00201112596434"],"contactPoint":{"@type":"ContactPoint","telephone":"00201112596434","email":"weyouface@gmail.com"},"openingHoursSpecification":{"@type":"OpeningHoursSpecification","dayOfWeek":["Monday","Tuesday","Wednesday","Thursday","Friday","Saturday","Sunday"],"opens":"00:00","closes":"23:59"},"email":"weyouface@gmail.com","areaServed":"Luxor, Hurghada, El Gouna, Aswan, Sharm El Sheikh, Giza, Alexandria, Marsa Alam, Quseir, Soma Bay, Sahl Hasheesh, Red Sea, Makadi Bay, Cairo","priceRange":"$","currenciesAccepted":"euro","paymentAccepted":"cash on site"},{"@type":"PostalAddress","@id":"https:\/\/hurghadalovers.com\/cs\/tours\/soukromy-rychlostni-clun-delfini-dum-z-hurghady\/#local-main-place-address","streetAddress":"17 Banks street, Alkawther area, top nbk bank","addressLocality":"hurghada","postalCode":"84511","addressRegion":"red sea","addressCountry":"EG"},{"@type":"ImageObject","inLanguage":"cs","@id":"https:\/\/hurghadalovers.com\/cs\/tours\/soukromy-rychlostni-clun-delfini-dum-z-hurghady\/#local-main-organization-logo","url":"https:\/\/hurghadalovers.com\/wp-content\/uploads\/2019\/10\/hurghada-excursions-logo.png","contentUrl":"https:\/\/hurghadalovers.com\/wp-content\/uploads\/2019\/10\/hurghada-excursions-logo.png","width":272,"height":90,"caption":"Hurghada Excursions"}]},"product_brand":"Co se d\u00e1 d\u011blat v Hurghad\u011b Egyptsk\u00e9","product_price_amount":"80","product_price_currency":"EUR","og_availability":"instock","product_availability":"instock","product_retailer_item_id":"SpeedBoat9494","product_condition":"new","geo.placename":"hurghada","geo.region":"Egypt"},"_links":{"self":[{"href":"https:\/\/hurghadalovers.com\/cs\/wp-json\/wp\/v2\/product\/336813","targetHints":{"allow":["GET"]}}],"collection":[{"href":"https:\/\/hurghadalovers.com\/cs\/wp-json\/wp\/v2\/product"}],"about":[{"href":"https:\/\/hurghadalovers.com\/cs\/wp-json\/wp\/v2\/types\/product"}],"wp:featuredmedia":[{"embeddable":true,"href":"https:\/\/hurghadalovers.com\/cs\/wp-json\/wp\/v2\/media\/995802"}],"wp:attachment":[{"href":"https:\/\/hurghadalovers.com\/cs\/wp-json\/wp\/v2\/media?parent=336813"}],"wp:term":[{"taxonomy":"product_brand","embeddable":true,"href":"https:\/\/hurghadalovers.com\/cs\/wp-json\/wp\/v2\/product_brand?post=336813"},{"taxonomy":"product_cat","embeddable":true,"href":"https:\/\/hurghadalovers.com\/cs\/wp-json\/wp\/v2\/product_cat?post=336813"},{"taxonomy":"product_tag","embeddable":true,"href":"https:\/\/hurghadalovers.com\/cs\/wp-json\/wp\/v2\/product_tag?post=336813"}],"curies":[{"name":"wp","href":"https:\/\/api.w.org\/{rel}","templated":true}]}}