{"id":16275,"date":"2021-06-17T09:27:38","date_gmt":"2021-06-17T09:27:38","guid":{"rendered":"https:\/\/hurghadalovers.com\/?page_id=16275"},"modified":"2023-10-21T20:29:39","modified_gmt":"2023-10-21T20:29:39","slug":"privacy-policy-czech","status":"publish","type":"page","link":"https:\/\/hurghadalovers.com\/cs\/privacy-policy-czech\/","title":{"rendered":"Z\u00e1sady ochrany osobn\u00edch \u00fadaj\u016f"},"content":{"rendered":"<p>Z\u00e1sady ochrany osobn\u00edch \u00fadaj\u016f pro milovn\u00edky hurgahdy<\/p>\n<p>Ochrana soukrom\u00ed u\u017eivatel\u016f webu zauj\u00edm\u00e1 skv\u011bl\u00e9 m\u00edsto p\u0159i spr\u00e1v\u011b webu, co\u017e je zd\u016frazn\u011bno v podrobnostech na\u0161ich z\u00e1sad ochrany osobn\u00edch \u00fadaj\u016f.<br \/>\nV n\u00e1sleduj\u00edc\u00edch \u0159\u00e1dc\u00edch zve\u0159ej\u0148ujeme nejd\u016fle\u017eit\u011bj\u0161\u00ed podm\u00ednky z\u00e1sad ochrany osobn\u00edch \u00fadaj\u016f webu, informa\u010dn\u00ed bulletiny prost\u0159ednictv\u00edm e-mailu a dal\u0161\u00ed aplikace, kter\u00e9 spravujeme.<\/p>\n<p>Informace, kter\u00e9 shroma\u017e\u010fujeme<\/p>\n<p>Prost\u0159ednictv\u00edm slu\u017eeb nab\u00edzen\u00fdch webem shroma\u017e\u010fujeme informace, v\u010detn\u011b osobn\u00edch identifika\u010dn\u00edch \u00fadaj\u016f, a zahrnujeme typy informac\u00ed, kter\u00e9 mohou b\u00fdt shroma\u017e\u010fov\u00e1ny prost\u0159ednictv\u00edm t\u011bchto slu\u017eeb, mimo jin\u00e9: jm\u00e9no, adresa, pohlav\u00ed, e-mailov\u00e1 adresa a telefonn\u00ed \u010d\u00edslo.<br \/>\nM\u016f\u017eeme tak\u00e9 shroma\u017e\u010fovat informace o va\u0161ich osobn\u00edch nebo profesn\u00edch z\u00e1jmech a va\u0161em pou\u017eit\u00ed a n\u00e1zorech na r\u016fzn\u00e9 produkty, programy a slu\u017eby. M\u016f\u017eeme v\u00e1s nap\u0159\u00edklad po\u017e\u00e1dat, abyste uvedli svou pr\u00e1ci, dom\u00e9nu nebo z\u00e1jmy, abyste ur\u010dili, kter\u00fd obsah je pro v\u00e1s vhodn\u00fd.<br \/>\nM\u016f\u017eeme tak\u00e9 shroma\u017e\u010fovat ur\u010dit\u00e9 neosobn\u00ed informace, kdy\u017e nav\u0161t\u00edv\u00edte na\u0161e webov\u00e9 str\u00e1nky, v\u010detn\u011b typu va\u0161eho prohl\u00ed\u017ee\u010de, opera\u010dn\u00edho syst\u00e9mu, IP adresy, ID za\u0159\u00edzen\u00ed a internetu, poskytovatele bezdr\u00e1tov\u00fdch slu\u017eeb, informac\u00ed o poloze, obsahu a reklam, se kter\u00fdmi komunikujete, prohl\u00ed\u017een\u00fdch nebo k nim lze p\u0159istupovat, a lze je kombinovat s daty z jin\u00fdch zdroj\u016f.<br \/>\nOchrana osobn\u00edch \u00fadaj\u016f<br \/>\nHned na za\u010d\u00e1tku potvrzujeme, \u017ee informace, kter\u00e9 shroma\u017e\u010fujeme od u\u017eivatel\u016f, nejsou za \u017e\u00e1dn\u00fdch okolnost\u00ed opakovan\u011b pou\u017e\u00edv\u00e1ny, prod\u00e1v\u00e1ny ani poskytov\u00e1ny spole\u010dnostem, spole\u010dnostem, jednotlivc\u016fm nebo agent\u016fm bez p\u0159edchoz\u00edho upozorn\u011bn\u00ed nebo souhlasu u\u017eivatele.<br \/>\nWeb v\u0161ak nem\u016f\u017ee b\u00fdt \u010din\u011bn odpov\u011bdn\u00fdm, pokud jsou soukrom\u00e9 informace odcizeny, napadeny hackery nebo jinak z\u00edsk\u00e1ny z d\u016fvodu okolnost\u00ed mimo na\u0161i kontrolu.<br \/>\nV\u0161echny informace z\u00edskan\u00e9 webem od jeho u\u017eivatel\u016f jsou udr\u017eov\u00e1ny bezpe\u010dn\u011b a d\u016fv\u011brn\u011b, kdykoli v na\u0161\u00ed nejlep\u0161\u00ed kapacit\u011b, v\u010detn\u011b bezpe\u010dnostn\u00ed ochrany pro za\u0159\u00edzen\u00ed, kter\u00e1 uchov\u00e1vaj\u00ed informace a po\u010d\u00edta\u010dovou ochranu ve form\u011b hesel, \u0161ifrov\u00e1n\u00ed, certifikovan\u00fdch certifik\u00e1t\u016f a dal\u0161\u00edch.<br \/>\nVezm\u011bte pros\u00edm na v\u011bdom\u00ed, \u017ee pokud web zahrnuje p\u0159evod, akvizici, prodej nebo zru\u0161en\u00ed webu, m\u016f\u017ee b\u00fdt datab\u00e1ze z\u00e1kazn\u00edk\u016f, kterou vlastn\u00edme, prod\u00e1na jako celek nebo z\u010d\u00e1sti, zlikvidov\u00e1na, p\u0159evedena nebo zve\u0159ejn\u011bna jako sou\u010d\u00e1st t\u00e9to transakce nebo akce.<\/p>\n<p>Kdo sleduje informace?<\/p>\n<p>Nikdo nem\u00e1 pr\u00e1vo prohl\u00ed\u017eet informace o z\u00e1kazn\u00edc\u00edch krom\u011b:<br \/>\n\u2022 Zam\u011bstnanci t\u0159et\u00edch stran, kte\u0159\u00ed pot\u0159ebuj\u00ed p\u0159\u00edstup k server\u016fm kv\u016fli \u00fadr\u017eb\u011b nebo upgradu hardwaru nebo softwaru.<br \/>\n\u2022 Soudn\u00ed nebo bezpe\u010dnostn\u00ed agentury.<br \/>\n\u2022 Spole\u010dnosti, kter\u00e9 maj\u00ed na na\u0161ich serverech nebo jin\u00fdch za\u0159\u00edzen\u00edch v\u00fdkon slu\u017eeb, monitorovac\u00ed \u00fakoly nebo technick\u00e9 anal\u00fdzy.<br \/>\nJak pou\u017e\u00edv\u00e1me informace?<br \/>\nInformace shrom\u00e1\u017ed\u011bn\u00e9 podle z\u00e1sad ochrany osobn\u00edch \u00fadaj\u016f m\u016f\u017eeme pou\u017e\u00edt n\u00e1sleduj\u00edc\u00edmi zp\u016fsoby:<br \/>\n\u2022 Informace, kter\u00e9 poskytnete o sob\u011b nebo o ostatn\u00edch, m\u016f\u017eeme pou\u017e\u00edt ke zlep\u0161en\u00ed na\u0161eho obsahu a slu\u017eeb, reakci na dotazy ohledn\u011b nab\u00eddek a poskytnut\u00ed dal\u0161\u00edch produkt\u016f, program\u016f nebo slu\u017eeb, kter\u00e9 by mohly b\u00fdt zaj\u00edmav\u00e9.<br \/>\n\u2022 M\u016f\u017eeme shroma\u017e\u010fovat informace, kter\u00e9 dost\u00e1v\u00e1me s extern\u00edmi registry, a sd\u00edlet je s t\u0159et\u00edmi stranami, abychom je mohli pou\u017e\u00edt na\u0161\u00edm jm\u00e9nem, \u200b\u200babychom zlep\u0161ili na\u0161i schopnost nab\u00edzet produkty nebo slu\u017eby, kter\u00e9 by v\u00e1s mohly zaj\u00edmat.<br \/>\n\u2022 Tyto informace n\u011bkdy pou\u017e\u00edv\u00e1me ke komunikaci s v\u00e1mi, nap\u0159\u00edklad p\u0159i upozor\u0148ov\u00e1n\u00ed na nov\u00fd web nebo p\u0159i zm\u011bn\u011b va\u0161ich z\u00e1sad ochrany osobn\u00edch \u00fadaj\u016f.<br \/>\n\u2022 Pokud se rozhodnete zve\u0159ejnit obsah koment\u00e1\u0159e v jednom z na\u0161ich \u010dl\u00e1nk\u016f, m\u016f\u017eeme zve\u0159ejnit va\u0161e jm\u00e9no a dal\u0161\u00ed informace, kter\u00e9 jste n\u00e1m poskytli.<br \/>\n\u2022 Informace o na\u0161ich komunit\u00e1ch se pou\u017e\u00edvaj\u00ed online k poskytov\u00e1n\u00ed interaktivn\u00edho z\u00e1\u017eitku. Tyto informace pou\u017e\u00edv\u00e1me k usnadn\u011bn\u00ed \u00fa\u010dasti v t\u011bchto online komunit\u00e1ch a komunit\u00e1ch.<br \/>\n\u2022 Informace, kter\u00e9 shroma\u017e\u010fujeme, n\u011bkdy pou\u017e\u00edv\u00e1me ke zlep\u0161en\u00ed designu a obsahu na\u0161ich publikac\u00ed a webov\u00fdch str\u00e1nek a k tomu, abychom mohli p\u0159izp\u016fsobit v\u00e1\u0161 online z\u00e1\u017eitek. M\u016f\u017eeme tak\u00e9 pou\u017e\u00edt tato data; analyzovat vyu\u017eit\u00ed webu.<\/p>\n<p>Soubory cookie a dal\u0161\u00ed techniky sledov\u00e1n\u00ed<\/p>\n<p>M\u016f\u017eeme um\u00edstit \u201ecookies\u201c do va\u0161eho po\u010d\u00edta\u010de a cookies jsou mal\u00e9 textov\u00e9 soubory, kter\u00e9 ukl\u00e1d\u00e1me do va\u0161eho po\u010d\u00edta\u010de nebo za\u0159\u00edzen\u00ed k ulo\u017een\u00ed va\u0161ich preferenc\u00ed.<br \/>\nSoubory cookie samy o sob\u011b n\u00e1m ne\u0159\u00edkaj\u00ed va\u0161i e-mailovou adresu ani jin\u00e9 osobn\u00ed \u00fadaje, pokud se nerozhodnete poskytnout n\u00e1m tyto informace prost\u0159ednictv\u00edm registrace prost\u0159ednictv\u00edm jedn\u00e9 z na\u0161ich slu\u017eeb. Jakmile se rozhodnete n\u00e1m poskytnout osobn\u00ed \u00fadaje, mohou b\u00fdt tyto informace spojeny s \u00fadaji ulo\u017een\u00fdmi v souboru cookie. Soubor cookie nastavuje jedine\u010dn\u00fd digit\u00e1ln\u00ed identifik\u00e1tor pro v\u00e1\u0161 webov\u00fd prohl\u00ed\u017ee\u010d nebo za\u0159\u00edzen\u00ed a spojuje va\u0161e pou\u017e\u00edv\u00e1n\u00ed slu\u017eeb s dal\u0161\u00edmi informacemi o v\u00e1s, nap\u0159\u00edklad s informacemi o pou\u017eit\u00ed a osobn\u00edmi \u00fadaji.<br \/>\nSoubory cookie pou\u017e\u00edv\u00e1me (m\u00edstn\u00ed sd\u00edlen\u00e9 objekty, HTML5, do\u010dasn\u00e9 soubory cookie, webov\u00e9 sign\u00e1ly nebo animovan\u00e9 animace), abychom pochopili pou\u017e\u00edv\u00e1n\u00ed slu\u017eeb, vylep\u0161ili obsah a doru\u010dili reklamy, kter\u00e9 by v\u00e1s mohly zaj\u00edmat. M\u016f\u017eeme nap\u0159\u00edklad pou\u017e\u00edt soubory cookie k p\u0159izp\u016fsoben\u00ed va\u0161ich z\u00e1\u017eitek z obsahu.<br \/>\nV\u011bt\u0161ina prohl\u00ed\u017ee\u010d\u016f p\u0159ij\u00edm\u00e1 cookies automaticky. Sv\u016fj prohl\u00ed\u017ee\u010d m\u016f\u017eete nastavit tak, abyste nep\u0159ij\u00edmali soubory cookie, a ze sv\u00e9ho prohl\u00ed\u017ee\u010de m\u016f\u017eete tak\u00e9 odstranit st\u00e1vaj\u00edc\u00ed soubory cookie.<br \/>\nMo\u017en\u00e1 v\u0161ak zjist\u00edte, \u017ee n\u011bkter\u00e9 \u010d\u00e1sti webu nebudou fungovat spr\u00e1vn\u011b, pokud jste odm\u00edtli soubory cookie nebo podobn\u00e9 techniky sledov\u00e1n\u00ed, a uv\u011bdomte si, \u017ee deaktivace soubor\u016f cookie nebo podobn\u00fdch technik sledov\u00e1n\u00ed v\u00e1m m\u016f\u017ee zabr\u00e1nit v p\u0159\u00edstupu k na\u0161emu obsahu. V\u00e1\u0161 redak\u010dn\u00ed obsah v\u0161ak m\u016f\u017ee b\u00fdt blokov\u00e1n. Pokud chcete blokovat cookies, top hotely v luxor egypt.<\/p>\n","protected":false},"excerpt":{"rendered":"<p>Z\u00e1sady ochrany osobn\u00edch \u00fadaj\u016f pro milovn\u00edky hurgahdy Ochrana soukrom\u00ed u\u017eivatel\u016f webu zauj\u00edm\u00e1 skv\u011bl\u00e9 m\u00edsto p\u0159i spr\u00e1v\u011b webu, co\u017e je zd\u016frazn\u011bno v podrobnostech na\u0161ich z\u00e1sad ochrany osobn\u00edch \u00fadaj\u016f. V n\u00e1sleduj\u00edc\u00edch \u0159\u00e1dc\u00edch zve\u0159ej\u0148ujeme nejd\u016fle\u017eit\u011bj\u0161\u00ed podm\u00ednky z\u00e1sad ochrany osobn\u00edch \u00fadaj\u016f webu, informa\u010dn\u00ed bulletiny prost\u0159ednictv\u00edm e-mailu a dal\u0161\u00ed aplikace, kter\u00e9 spravujeme. Informace, kter\u00e9 shroma\u017e\u010fujeme Prost\u0159ednictv\u00edm slu\u017eeb nab\u00edzen\u00fdch webem shroma\u017e\u010fujeme informace, v\u010detn\u011b osobn\u00edch identifika\u010dn\u00edch \u00fadaj\u016f, a zahrnujeme typy informac\u00ed, kter\u00e9 mohou b\u00fdt shroma\u017e\u010fov\u00e1ny prost\u0159ednictv\u00edm t\u011bchto<\/p>\n<div class=\"padding-top text-center\"><a href=\"https:\/\/hurghadalovers.com\/cs\/privacy-policy-czech\/\" class=\"atbtn atbtn--medium atbtn--rounded atbtn--transparent\">Read more<i class=\"atbtn__icon atbtn__icon--right fa fa-long-arrow-right\"><\/i><\/a><\/div>\n","protected":false},"author":13,"featured_media":16291,"parent":0,"menu_order":0,"comment_status":"closed","ping_status":"closed","template":"","meta":{"_joinchat":[],"footnotes":""},"class_list":["post-16275","page","type-page","status-publish","has-post-thumbnail","hentry"],"yoast_head":"<!-- This site is optimized with the Yoast SEO Premium plugin v26.9 (Yoast SEO v27.2) - https:\/\/yoast.com\/product\/yoast-seo-premium-wordpress\/ -->\n<title>Z\u00e1sady ochrany osobn\u00edch \u00fadaj\u016f - Hurghada Excursions &amp; Day Trips | Booking Best Prices Tours<\/title>\n<meta name=\"robots\" content=\"index, follow, max-snippet:-1, max-image-preview:large, max-video-preview:-1\" \/>\n<link rel=\"canonical\" href=\"https:\/\/hurghadalovers.com\/cs\/privacy-policy-czech\/\" \/>\n<meta property=\"og:locale\" content=\"cs_CZ\" \/>\n<meta property=\"og:type\" content=\"article\" \/>\n<meta property=\"og:title\" content=\"Z\u00e1sady ochrany osobn\u00edch \u00fadaj\u016f\" \/>\n<meta property=\"og:description\" content=\"Z\u00e1sady ochrany osobn\u00edch \u00fadaj\u016f pro milovn\u00edky hurgahdy Ochrana soukrom\u00ed u\u017eivatel\u016f webu zauj\u00edm\u00e1 skv\u011bl\u00e9 m\u00edsto p\u0159i spr\u00e1v\u011b webu, co\u017e je zd\u016frazn\u011bno v podrobnostech na\u0161ich z\u00e1sad ochrany osobn\u00edch \u00fadaj\u016f. V n\u00e1sleduj\u00edc\u00edch \u0159\u00e1dc\u00edch zve\u0159ej\u0148ujeme nejd\u016fle\u017eit\u011bj\u0161\u00ed podm\u00ednky z\u00e1sad ochrany osobn\u00edch \u00fadaj\u016f webu, informa\u010dn\u00ed bulletiny prost\u0159ednictv\u00edm e-mailu a dal\u0161\u00ed aplikace, kter\u00e9 spravujeme. Informace, kter\u00e9 shroma\u017e\u010fujeme Prost\u0159ednictv\u00edm slu\u017eeb nab\u00edzen\u00fdch webem shroma\u017e\u010fujeme informace, v\u010detn\u011b osobn\u00edch identifika\u010dn\u00edch \u00fadaj\u016f, a zahrnujeme typy informac\u00ed, kter\u00e9 mohou b\u00fdt shroma\u017e\u010fov\u00e1ny prost\u0159ednictv\u00edm t\u011bchtoRead more\" \/>\n<meta property=\"og:url\" content=\"https:\/\/hurghadalovers.com\/cs\/privacy-policy-czech\/\" \/>\n<meta property=\"og:site_name\" content=\"Hurghada Excursions &amp; Day Trips | Booking Best Prices Tours\" \/>\n<meta property=\"article:publisher\" content=\"https:\/\/www.facebook.com\/Hurghadaloversegypt\" \/>\n<meta property=\"article:modified_time\" content=\"2023-10-21T20:29:39+00:00\" \/>\n<meta property=\"og:image\" content=\"https:\/\/hurghadalovers.com\/wp-content\/uploads\/2019\/04\/Privacy-Policy.jpg\" \/>\n\t<meta property=\"og:image:width\" content=\"777\" \/>\n\t<meta property=\"og:image:height\" content=\"523\" \/>\n\t<meta property=\"og:image:type\" content=\"image\/jpeg\" \/>\n<meta name=\"twitter:card\" content=\"summary_large_image\" \/>\n<meta name=\"twitter:label1\" content=\"Odhadovan\u00e1 doba \u010dten\u00ed\" \/>\n\t<meta name=\"twitter:data1\" content=\"4 minuty\" \/>\n<script type=\"application\/ld+json\" class=\"yoast-schema-graph\">{\"@context\":\"https:\/\/schema.org\",\"@graph\":[{\"@type\":\"WebPage\",\"@id\":\"https:\/\/hurghadalovers.com\/cs\/privacy-policy-czech\/\",\"url\":\"https:\/\/hurghadalovers.com\/cs\/privacy-policy-czech\/\",\"name\":\"Z\u00e1sady ochrany osobn\u00edch \u00fadaj\u016f - Hurghada Excursions &amp; Day Trips | Booking Best Prices Tours\",\"isPartOf\":{\"@id\":\"https:\/\/hurghadalovers.com\/cs\/#website\"},\"primaryImageOfPage\":{\"@id\":\"https:\/\/hurghadalovers.com\/cs\/privacy-policy-czech\/#primaryimage\"},\"image\":{\"@id\":\"https:\/\/hurghadalovers.com\/cs\/privacy-policy-czech\/#primaryimage\"},\"thumbnailUrl\":\"https:\/\/hurghadalovers.com\/wp-content\/uploads\/2019\/04\/Privacy-Policy.jpg\",\"datePublished\":\"2021-06-17T09:27:38+00:00\",\"dateModified\":\"2023-10-21T20:29:39+00:00\",\"breadcrumb\":{\"@id\":\"https:\/\/hurghadalovers.com\/cs\/privacy-policy-czech\/#breadcrumb\"},\"inLanguage\":\"cs\",\"potentialAction\":[{\"@type\":\"ReadAction\",\"target\":[\"https:\/\/hurghadalovers.com\/cs\/privacy-policy-czech\/\"]}]},{\"@type\":\"ImageObject\",\"inLanguage\":\"cs\",\"@id\":\"https:\/\/hurghadalovers.com\/cs\/privacy-policy-czech\/#primaryimage\",\"url\":\"https:\/\/hurghadalovers.com\/wp-content\/uploads\/2019\/04\/Privacy-Policy.jpg\",\"contentUrl\":\"https:\/\/hurghadalovers.com\/wp-content\/uploads\/2019\/04\/Privacy-Policy.jpg\",\"width\":777,\"height\":523,\"caption\":\"Privacy Policy for hurgahda lovers website\"},{\"@type\":\"BreadcrumbList\",\"@id\":\"https:\/\/hurghadalovers.com\/cs\/privacy-policy-czech\/#breadcrumb\",\"itemListElement\":[{\"@type\":\"ListItem\",\"position\":1,\"name\":\"Home\",\"item\":\"https:\/\/hurghadalovers.com\/cs\/\"},{\"@type\":\"ListItem\",\"position\":2,\"name\":\"Z\u00e1sady ochrany osobn\u00edch \u00fadaj\u016f\"}]},{\"@type\":\"WebSite\",\"@id\":\"https:\/\/hurghadalovers.com\/cs\/#website\",\"url\":\"https:\/\/hurghadalovers.com\/cs\/\",\"name\":\"Hurghada Excursions & Day Trips | Booking Best Prices Tours\",\"description\":\"Hurghada Lovers - Best Tour Operator - Excursions &amp; Things to do for Family Day Trips with kids and Couples Romantic. Unique .Hidden gems\",\"publisher\":{\"@id\":\"https:\/\/hurghadalovers.com\/cs\/#organization\"},\"alternateName\":\"Hurghada Excursions\",\"potentialAction\":[{\"@type\":\"SearchAction\",\"target\":{\"@type\":\"EntryPoint\",\"urlTemplate\":\"https:\/\/hurghadalovers.com\/cs\/?s={search_term_string}\"},\"query-input\":{\"@type\":\"PropertyValueSpecification\",\"valueRequired\":true,\"valueName\":\"search_term_string\"}}],\"inLanguage\":\"cs\"},{\"@type\":[\"Organization\",\"Place\",\"TravelAgency\"],\"@id\":\"https:\/\/hurghadalovers.com\/cs\/#organization\",\"name\":\"Hurghada Excursions\",\"url\":\"https:\/\/hurghadalovers.com\/cs\/\",\"logo\":{\"@id\":\"https:\/\/hurghadalovers.com\/cs\/privacy-policy-czech\/#local-main-organization-logo\"},\"image\":{\"@id\":\"https:\/\/hurghadalovers.com\/cs\/privacy-policy-czech\/#local-main-organization-logo\"},\"sameAs\":[\"https:\/\/www.facebook.com\/Hurghadaloversegypt\"],\"address\":{\"@id\":\"https:\/\/hurghadalovers.com\/cs\/privacy-policy-czech\/#local-main-place-address\"},\"telephone\":[\"00201112596434\"],\"contactPoint\":{\"@type\":\"ContactPoint\",\"telephone\":\"00201112596434\",\"email\":\"weyouface@gmail.com\"},\"openingHoursSpecification\":{\"@type\":\"OpeningHoursSpecification\",\"dayOfWeek\":[\"Monday\",\"Tuesday\",\"Wednesday\",\"Thursday\",\"Friday\",\"Saturday\",\"Sunday\"],\"opens\":\"00:00\",\"closes\":\"23:59\"},\"email\":\"weyouface@gmail.com\",\"areaServed\":\"Luxor, Hurghada, El Gouna, Aswan, Sharm El Sheikh, Giza, Alexandria, Marsa Alam, Quseir, Soma Bay, Sahl Hasheesh, Red Sea, Makadi Bay, Cairo\",\"priceRange\":\"$\",\"currenciesAccepted\":\"euro\",\"paymentAccepted\":\"cash on site\"},{\"@type\":\"PostalAddress\",\"@id\":\"https:\/\/hurghadalovers.com\/cs\/privacy-policy-czech\/#local-main-place-address\",\"streetAddress\":\"17 Banks street, Alkawther area, top nbk bank\",\"addressLocality\":\"hurghada\",\"postalCode\":\"84511\",\"addressRegion\":\"red sea\",\"addressCountry\":\"EG\"},{\"@type\":\"ImageObject\",\"inLanguage\":\"cs\",\"@id\":\"https:\/\/hurghadalovers.com\/cs\/privacy-policy-czech\/#local-main-organization-logo\",\"url\":\"https:\/\/hurghadalovers.com\/wp-content\/uploads\/2019\/10\/hurghada-excursions-logo.png\",\"contentUrl\":\"https:\/\/hurghadalovers.com\/wp-content\/uploads\/2019\/10\/hurghada-excursions-logo.png\",\"width\":272,\"height\":90,\"caption\":\"Hurghada Excursions\"}]}<\/script>\n<meta name=\"geo.placename\" content=\"hurghada\" \/>\n<meta name=\"geo.region\" content=\"Egypt\" \/>\n<!-- \/ Yoast SEO Premium plugin. -->","yoast_head_json":{"title":"Z\u00e1sady ochrany osobn\u00edch \u00fadaj\u016f - Hurghada Excursions &amp; Day Trips | Booking Best Prices Tours","robots":{"index":"index","follow":"follow","max-snippet":"max-snippet:-1","max-image-preview":"max-image-preview:large","max-video-preview":"max-video-preview:-1"},"canonical":"https:\/\/hurghadalovers.com\/cs\/privacy-policy-czech\/","og_locale":"cs_CZ","og_type":"article","og_title":"Z\u00e1sady ochrany osobn\u00edch \u00fadaj\u016f","og_description":"Z\u00e1sady ochrany osobn\u00edch \u00fadaj\u016f pro milovn\u00edky hurgahdy Ochrana soukrom\u00ed u\u017eivatel\u016f webu zauj\u00edm\u00e1 skv\u011bl\u00e9 m\u00edsto p\u0159i spr\u00e1v\u011b webu, co\u017e je zd\u016frazn\u011bno v podrobnostech na\u0161ich z\u00e1sad ochrany osobn\u00edch \u00fadaj\u016f. V n\u00e1sleduj\u00edc\u00edch \u0159\u00e1dc\u00edch zve\u0159ej\u0148ujeme nejd\u016fle\u017eit\u011bj\u0161\u00ed podm\u00ednky z\u00e1sad ochrany osobn\u00edch \u00fadaj\u016f webu, informa\u010dn\u00ed bulletiny prost\u0159ednictv\u00edm e-mailu a dal\u0161\u00ed aplikace, kter\u00e9 spravujeme. Informace, kter\u00e9 shroma\u017e\u010fujeme Prost\u0159ednictv\u00edm slu\u017eeb nab\u00edzen\u00fdch webem shroma\u017e\u010fujeme informace, v\u010detn\u011b osobn\u00edch identifika\u010dn\u00edch \u00fadaj\u016f, a zahrnujeme typy informac\u00ed, kter\u00e9 mohou b\u00fdt shroma\u017e\u010fov\u00e1ny prost\u0159ednictv\u00edm t\u011bchtoRead more","og_url":"https:\/\/hurghadalovers.com\/cs\/privacy-policy-czech\/","og_site_name":"Hurghada Excursions &amp; Day Trips | Booking Best Prices Tours","article_publisher":"https:\/\/www.facebook.com\/Hurghadaloversegypt","article_modified_time":"2023-10-21T20:29:39+00:00","og_image":[{"width":777,"height":523,"url":"https:\/\/hurghadalovers.com\/wp-content\/uploads\/2019\/04\/Privacy-Policy.jpg","type":"image\/jpeg"}],"twitter_card":"summary_large_image","twitter_misc":{"Odhadovan\u00e1 doba \u010dten\u00ed":"4 minuty"},"schema":{"@context":"https:\/\/schema.org","@graph":[{"@type":"WebPage","@id":"https:\/\/hurghadalovers.com\/cs\/privacy-policy-czech\/","url":"https:\/\/hurghadalovers.com\/cs\/privacy-policy-czech\/","name":"Z\u00e1sady ochrany osobn\u00edch \u00fadaj\u016f - Hurghada Excursions &amp; Day Trips | Booking Best Prices Tours","isPartOf":{"@id":"https:\/\/hurghadalovers.com\/cs\/#website"},"primaryImageOfPage":{"@id":"https:\/\/hurghadalovers.com\/cs\/privacy-policy-czech\/#primaryimage"},"image":{"@id":"https:\/\/hurghadalovers.com\/cs\/privacy-policy-czech\/#primaryimage"},"thumbnailUrl":"https:\/\/hurghadalovers.com\/wp-content\/uploads\/2019\/04\/Privacy-Policy.jpg","datePublished":"2021-06-17T09:27:38+00:00","dateModified":"2023-10-21T20:29:39+00:00","breadcrumb":{"@id":"https:\/\/hurghadalovers.com\/cs\/privacy-policy-czech\/#breadcrumb"},"inLanguage":"cs","potentialAction":[{"@type":"ReadAction","target":["https:\/\/hurghadalovers.com\/cs\/privacy-policy-czech\/"]}]},{"@type":"ImageObject","inLanguage":"cs","@id":"https:\/\/hurghadalovers.com\/cs\/privacy-policy-czech\/#primaryimage","url":"https:\/\/hurghadalovers.com\/wp-content\/uploads\/2019\/04\/Privacy-Policy.jpg","contentUrl":"https:\/\/hurghadalovers.com\/wp-content\/uploads\/2019\/04\/Privacy-Policy.jpg","width":777,"height":523,"caption":"Privacy Policy for hurgahda lovers website"},{"@type":"BreadcrumbList","@id":"https:\/\/hurghadalovers.com\/cs\/privacy-policy-czech\/#breadcrumb","itemListElement":[{"@type":"ListItem","position":1,"name":"Home","item":"https:\/\/hurghadalovers.com\/cs\/"},{"@type":"ListItem","position":2,"name":"Z\u00e1sady ochrany osobn\u00edch \u00fadaj\u016f"}]},{"@type":"WebSite","@id":"https:\/\/hurghadalovers.com\/cs\/#website","url":"https:\/\/hurghadalovers.com\/cs\/","name":"Hurghada Excursions & Day Trips | Booking Best Prices Tours","description":"Hurghada Lovers - Best Tour Operator - Excursions &amp; Things to do for Family Day Trips with kids and Couples Romantic. Unique .Hidden gems","publisher":{"@id":"https:\/\/hurghadalovers.com\/cs\/#organization"},"alternateName":"Hurghada Excursions","potentialAction":[{"@type":"SearchAction","target":{"@type":"EntryPoint","urlTemplate":"https:\/\/hurghadalovers.com\/cs\/?s={search_term_string}"},"query-input":{"@type":"PropertyValueSpecification","valueRequired":true,"valueName":"search_term_string"}}],"inLanguage":"cs"},{"@type":["Organization","Place","TravelAgency"],"@id":"https:\/\/hurghadalovers.com\/cs\/#organization","name":"Hurghada Excursions","url":"https:\/\/hurghadalovers.com\/cs\/","logo":{"@id":"https:\/\/hurghadalovers.com\/cs\/privacy-policy-czech\/#local-main-organization-logo"},"image":{"@id":"https:\/\/hurghadalovers.com\/cs\/privacy-policy-czech\/#local-main-organization-logo"},"sameAs":["https:\/\/www.facebook.com\/Hurghadaloversegypt"],"address":{"@id":"https:\/\/hurghadalovers.com\/cs\/privacy-policy-czech\/#local-main-place-address"},"telephone":["00201112596434"],"contactPoint":{"@type":"ContactPoint","telephone":"00201112596434","email":"weyouface@gmail.com"},"openingHoursSpecification":{"@type":"OpeningHoursSpecification","dayOfWeek":["Monday","Tuesday","Wednesday","Thursday","Friday","Saturday","Sunday"],"opens":"00:00","closes":"23:59"},"email":"weyouface@gmail.com","areaServed":"Luxor, Hurghada, El Gouna, Aswan, Sharm El Sheikh, Giza, Alexandria, Marsa Alam, Quseir, Soma Bay, Sahl Hasheesh, Red Sea, Makadi Bay, Cairo","priceRange":"$","currenciesAccepted":"euro","paymentAccepted":"cash on site"},{"@type":"PostalAddress","@id":"https:\/\/hurghadalovers.com\/cs\/privacy-policy-czech\/#local-main-place-address","streetAddress":"17 Banks street, Alkawther area, top nbk bank","addressLocality":"hurghada","postalCode":"84511","addressRegion":"red sea","addressCountry":"EG"},{"@type":"ImageObject","inLanguage":"cs","@id":"https:\/\/hurghadalovers.com\/cs\/privacy-policy-czech\/#local-main-organization-logo","url":"https:\/\/hurghadalovers.com\/wp-content\/uploads\/2019\/10\/hurghada-excursions-logo.png","contentUrl":"https:\/\/hurghadalovers.com\/wp-content\/uploads\/2019\/10\/hurghada-excursions-logo.png","width":272,"height":90,"caption":"Hurghada Excursions"}]},"geo.placename":"hurghada","geo.region":"Egypt"},"_links":{"self":[{"href":"https:\/\/hurghadalovers.com\/cs\/wp-json\/wp\/v2\/pages\/16275","targetHints":{"allow":["GET"]}}],"collection":[{"href":"https:\/\/hurghadalovers.com\/cs\/wp-json\/wp\/v2\/pages"}],"about":[{"href":"https:\/\/hurghadalovers.com\/cs\/wp-json\/wp\/v2\/types\/page"}],"author":[{"embeddable":true,"href":"https:\/\/hurghadalovers.com\/cs\/wp-json\/wp\/v2\/users\/13"}],"replies":[{"embeddable":true,"href":"https:\/\/hurghadalovers.com\/cs\/wp-json\/wp\/v2\/comments?post=16275"}],"version-history":[{"count":0,"href":"https:\/\/hurghadalovers.com\/cs\/wp-json\/wp\/v2\/pages\/16275\/revisions"}],"wp:featuredmedia":[{"embeddable":true,"href":"https:\/\/hurghadalovers.com\/cs\/wp-json\/wp\/v2\/media\/16291"}],"wp:attachment":[{"href":"https:\/\/hurghadalovers.com\/cs\/wp-json\/wp\/v2\/media?parent=16275"}],"curies":[{"name":"wp","href":"https:\/\/api.w.org\/{rel}","templated":true}]}}